{"id":7777,"date":"2014-03-15T08:34:38","date_gmt":"2014-03-15T08:34:38","guid":{"rendered":"https:\/\/webknjizara.hr\/?product=dama-koja-nema-srama-marija-preloznjak-jurcevic"},"modified":"2023-02-27T00:16:05","modified_gmt":"2023-02-26T23:16:05","slug":"dama-koja-nema-srama-marija-preloznjak-jurcevic","status":"publish","type":"product","link":"https:\/\/webknjizara.hr\/en\/proizvod\/dama-koja-nema-srama-marija-preloznjak-jurcevic\/","title":{"rendered":"DAMA KOJA NEMA SRAMA, Marija Prelo\u017enjak Jur\u010devi\u0107"},"content":{"rendered":"<p style=\"text-align: justify;\"><strong><br \/>Sa\u017eetak:<br \/><\/strong><br \/>ODE PONOS\u2026<\/p>\n<p style=\"text-align: justify;\">Eh \u0161to vi\u0161e nisam ona stara,<br \/>koja kad je prevarena vara,<br \/>koja zbog ni\u010deg nikad ne pati,<br \/>koja uvijek duplom mjerom vrati.<br \/>Kojoj uvrede ba\u0161 ni\u0161ta ne zna\u010de,<br \/>kojoj oko nikad ne zapla\u010de.<br \/>Ona koja nikoga ne voli,<br \/>ona koju srce nikad ne zaboli.<br \/>\u017dena koju ba\u0161 ni\u0161ta ne dira,<br \/>ona koja uvijek mo\u017ee da bira<br \/>i ne trpi onog koji ju \u017eivcira.<\/p>\n<p style=\"text-align: justify;\">A sada vi\u0161e nije tako,<br \/>sada me je povrijediti lako<br \/>i to mo\u017ee skoro svatko i zbog sitnice mi krenu suze,<br \/>tko mi sav taj ponos uze???<\/p>\n<p><strong>Bilje\u0161ka o autoru\/autorici:<br \/><\/strong><br \/>Marija Prelo\u017enjak Jur\u010devi\u0107 ro\u0111ena u Zagrebu 1986.Osnovnu \u0161kolu zavr\u0161ila u Sesvetama,srednjo\u0161kolsko obrazovanje zavr\u0161ila u srednjoj veterinarskoj \u0161koli, time stje\u010dem zvanje Veterinarskog tehni\u010dara. Potom poha\u0111am Veterinarski fakultet pri sveu\u010dili\u0161tu u Zagrebu i usporedno s redovnim obrazovanjem ,stje\u010dem novo zvanje Medicinski maser na otvorenom u\u010dili\u0161tu, zatim sam nastavila sa radom u struci. Poeziju pi\u0161em od ranog djetinjstva i \u017eivotna iskustava mi se preslikavaju u pojedinim pjesmama,kao i fiktivni uradci poezije gledani iz o\u010diju drugih osoba interpretiraju\u0107i njihov pogled na svijet. Ovo mi je prva zbirka i rezultat je dugogodi\u0161njeg truda i upornosti. Sada \u017eivim sa obitelji u Zagrebu i dalje se intenzivno bavim stvaranjem poezije tako da mo\u017eete o\u010dekivati jo\u0161 zanimljivih poema.<\/p>\n<p><strong>Klju\u010dne rije\u010di:<\/strong> Dama, srama, seks, ljubav, \u017eivot, mlada, cura, de\u010dki<\/p>\n<p style=\"text-align: justify;\"><strong>E-mail:<\/strong> <a href=\"mailto:marijapreloznjak@net.hr\">Marija Prelo\u017enjak<\/a>\u00a0<\/p>\n<p style=\"text-align: justify;\"><strong>Naslov:<\/strong> Dama koja nema srama<br \/><strong>Autor:<\/strong> Marija Prelo\u017enjak Jur\u010devi\u0107<br \/><strong>Nakladnik:<\/strong> Marija Jur\u010devi\u0107<br \/><strong>Godina izdanja:<\/strong> 2014.<br \/><strong>Tisak:<\/strong> digitalni tisak knjiga &#8211; print na zahtjev<\/p>\n","protected":false},"excerpt":{"rendered":"<p>Sa\u017eetak:ODE PONOS\u2026 Eh \u0161to vi\u0161e nisam ona stara,koja kad je prevarena vara,koja zbog ni\u010deg nikad ne pati,koja uvijek duplom mjerom vrati.Kojoj uvrede ba\u0161 ni\u0161ta ne zna\u010de,kojoj oko nikad ne zapla\u010de.Ona koja nikoga ne voli,ona koju srce nikad ne zaboli.\u017dena koju ba\u0161 ni\u0161ta ne dira,ona koja uvijek mo\u017ee da birai ne trpi onog koji ju \u017eivcira. [&hellip;]<\/p>\n","protected":false},"featured_media":7778,"comment_status":"open","ping_status":"closed","template":"","meta":{"_acf_changed":false},"product_brand":[],"product_cat":[1383,1385,1388],"product_tag":[],"class_list":{"0":"post-7777","1":"product","2":"type-product","3":"status-publish","4":"has-post-thumbnail","6":"product_cat-knjige","7":"product_cat-knjizevnost","8":"product_cat-poezija","9":"pa_autor-marija-preloznjak-jurcevic","10":"pa_nakladnik-marija-jurcevic","12":"first","13":"instock","14":"shipping-taxable","15":"purchasable","16":"product-type-simple"},"acf":[],"yoast_head":"<!-- This site is optimized with the Yoast SEO plugin v27.3 - https:\/\/yoast.com\/product\/yoast-seo-wordpress\/ -->\n<title>DAMA KOJA NEMA SRAMA, Marija Prelo\u017enjak Jur\u010devi\u0107 - Web-knji\u017eara<\/title>\n<meta name=\"robots\" content=\"index, follow, max-snippet:-1, max-image-preview:large, max-video-preview:-1\" \/>\n<link rel=\"canonical\" href=\"https:\/\/webknjizara.hr\/proizvod\/dama-koja-nema-srama-marija-preloznjak-jurcevic\/\" \/>\n<meta property=\"og:locale\" content=\"en_US\" \/>\n<meta property=\"og:type\" content=\"article\" \/>\n<meta property=\"og:title\" content=\"DAMA KOJA NEMA SRAMA, Marija Prelo\u017enjak Jur\u010devi\u0107 - Web-knji\u017eara\" \/>\n<meta property=\"og:description\" content=\"Sa\u017eetak:ODE PONOS\u2026 Eh \u0161to vi\u0161e nisam ona stara,koja kad je prevarena vara,koja zbog ni\u010deg nikad ne pati,koja uvijek duplom mjerom vrati.Kojoj uvrede ba\u0161 ni\u0161ta ne zna\u010de,kojoj oko nikad ne zapla\u010de.Ona koja nikoga ne voli,ona koju srce nikad ne zaboli.\u017dena koju ba\u0161 ni\u0161ta ne dira,ona koja uvijek mo\u017ee da birai ne trpi onog koji ju \u017eivcira. [&hellip;]\" \/>\n<meta property=\"og:url\" content=\"https:\/\/webknjizara.hr\/proizvod\/dama-koja-nema-srama-marija-preloznjak-jurcevic\/\" \/>\n<meta property=\"og:site_name\" content=\"Web-knji\u017eara\" \/>\n<meta property=\"article:modified_time\" content=\"2023-02-26T23:16:05+00:00\" \/>\n<meta property=\"og:image\" content=\"https:\/\/webknjizara.hr\/wp-content\/uploads\/nc\/images\/virtuemart\/product\/dama-koja-nema-s-5324109e2a043.jpg\" \/>\n\t<meta property=\"og:image:width\" content=\"358\" \/>\n\t<meta property=\"og:image:height\" content=\"500\" \/>\n\t<meta property=\"og:image:type\" content=\"image\/jpeg\" \/>\n<meta name=\"twitter:card\" content=\"summary_large_image\" \/>\n<meta name=\"twitter:label1\" content=\"Est. reading time\" \/>\n\t<meta name=\"twitter:data1\" content=\"1 minute\" \/>\n<script type=\"application\/ld+json\" class=\"yoast-schema-graph\">{\"@context\":\"https:\\\/\\\/schema.org\",\"@graph\":[{\"@type\":\"WebPage\",\"@id\":\"https:\\\/\\\/webknjizara.hr\\\/proizvod\\\/dama-koja-nema-srama-marija-preloznjak-jurcevic\\\/\",\"url\":\"https:\\\/\\\/webknjizara.hr\\\/proizvod\\\/dama-koja-nema-srama-marija-preloznjak-jurcevic\\\/\",\"name\":\"DAMA KOJA NEMA SRAMA, Marija Prelo\u017enjak Jur\u010devi\u0107 - Web-knji\u017eara\",\"isPartOf\":{\"@id\":\"https:\\\/\\\/webknjizara.hr\\\/#website\"},\"primaryImageOfPage\":{\"@id\":\"https:\\\/\\\/webknjizara.hr\\\/proizvod\\\/dama-koja-nema-srama-marija-preloznjak-jurcevic\\\/#primaryimage\"},\"image\":{\"@id\":\"https:\\\/\\\/webknjizara.hr\\\/proizvod\\\/dama-koja-nema-srama-marija-preloznjak-jurcevic\\\/#primaryimage\"},\"thumbnailUrl\":\"https:\\\/\\\/webknjizara.hr\\\/wp-content\\\/uploads\\\/nc\\\/images\\\/virtuemart\\\/product\\\/dama-koja-nema-s-5324109e2a043.jpg\",\"datePublished\":\"2014-03-15T08:34:38+00:00\",\"dateModified\":\"2023-02-26T23:16:05+00:00\",\"breadcrumb\":{\"@id\":\"https:\\\/\\\/webknjizara.hr\\\/proizvod\\\/dama-koja-nema-srama-marija-preloznjak-jurcevic\\\/#breadcrumb\"},\"inLanguage\":\"en-US\",\"potentialAction\":[{\"@type\":\"ReadAction\",\"target\":[\"https:\\\/\\\/webknjizara.hr\\\/proizvod\\\/dama-koja-nema-srama-marija-preloznjak-jurcevic\\\/\"]}]},{\"@type\":\"ImageObject\",\"inLanguage\":\"en-US\",\"@id\":\"https:\\\/\\\/webknjizara.hr\\\/proizvod\\\/dama-koja-nema-srama-marija-preloznjak-jurcevic\\\/#primaryimage\",\"url\":\"https:\\\/\\\/webknjizara.hr\\\/wp-content\\\/uploads\\\/nc\\\/images\\\/virtuemart\\\/product\\\/dama-koja-nema-s-5324109e2a043.jpg\",\"contentUrl\":\"https:\\\/\\\/webknjizara.hr\\\/wp-content\\\/uploads\\\/nc\\\/images\\\/virtuemart\\\/product\\\/dama-koja-nema-s-5324109e2a043.jpg\",\"width\":358,\"height\":500,\"caption\":\"DAMA KOJA NEMA SRAMA, Marija Prelo\u017enjak Jur\u010devi\u0107\"},{\"@type\":\"BreadcrumbList\",\"@id\":\"https:\\\/\\\/webknjizara.hr\\\/proizvod\\\/dama-koja-nema-srama-marija-preloznjak-jurcevic\\\/#breadcrumb\",\"itemListElement\":[{\"@type\":\"ListItem\",\"position\":1,\"name\":\"Po\u010detna stranica\",\"item\":\"https:\\\/\\\/webknjizara.hr\\\/en\\\/\"},{\"@type\":\"ListItem\",\"position\":2,\"name\":\"Shop\",\"item\":\"https:\\\/\\\/webknjizara.hr\\\/shop\\\/\"},{\"@type\":\"ListItem\",\"position\":3,\"name\":\"DAMA KOJA NEMA SRAMA, Marija Prelo\u017enjak Jur\u010devi\u0107\"}]},{\"@type\":\"WebSite\",\"@id\":\"https:\\\/\\\/webknjizara.hr\\\/#website\",\"url\":\"https:\\\/\\\/webknjizara.hr\\\/\",\"name\":\"Web Knji\u017eara\",\"description\":\"\",\"publisher\":{\"@id\":\"https:\\\/\\\/webknjizara.hr\\\/#organization\"},\"potentialAction\":[{\"@type\":\"SearchAction\",\"target\":{\"@type\":\"EntryPoint\",\"urlTemplate\":\"https:\\\/\\\/webknjizara.hr\\\/?s={search_term_string}\"},\"query-input\":{\"@type\":\"PropertyValueSpecification\",\"valueRequired\":true,\"valueName\":\"search_term_string\"}}],\"inLanguage\":\"en-US\"},{\"@type\":\"Organization\",\"@id\":\"https:\\\/\\\/webknjizara.hr\\\/#organization\",\"name\":\"REDAK D.O.O.\",\"url\":\"https:\\\/\\\/webknjizara.hr\\\/\",\"logo\":{\"@type\":\"ImageObject\",\"inLanguage\":\"en-US\",\"@id\":\"https:\\\/\\\/webknjizara.hr\\\/#\\\/schema\\\/logo\\\/image\\\/\",\"url\":\"https:\\\/\\\/webknjizara.hr\\\/wp-content\\\/uploads\\\/2023\\\/01\\\/web-knjizara-logo.webp\",\"contentUrl\":\"https:\\\/\\\/webknjizara.hr\\\/wp-content\\\/uploads\\\/2023\\\/01\\\/web-knjizara-logo.webp\",\"width\":324,\"height\":79,\"caption\":\"REDAK D.O.O.\"},\"image\":{\"@id\":\"https:\\\/\\\/webknjizara.hr\\\/#\\\/schema\\\/logo\\\/image\\\/\"}}]}<\/script>\n<!-- \/ Yoast SEO plugin. -->","yoast_head_json":{"title":"DAMA KOJA NEMA SRAMA, Marija Prelo\u017enjak Jur\u010devi\u0107 - Web-knji\u017eara","robots":{"index":"index","follow":"follow","max-snippet":"max-snippet:-1","max-image-preview":"max-image-preview:large","max-video-preview":"max-video-preview:-1"},"canonical":"https:\/\/webknjizara.hr\/proizvod\/dama-koja-nema-srama-marija-preloznjak-jurcevic\/","og_locale":"en_US","og_type":"article","og_title":"DAMA KOJA NEMA SRAMA, Marija Prelo\u017enjak Jur\u010devi\u0107 - Web-knji\u017eara","og_description":"Sa\u017eetak:ODE PONOS\u2026 Eh \u0161to vi\u0161e nisam ona stara,koja kad je prevarena vara,koja zbog ni\u010deg nikad ne pati,koja uvijek duplom mjerom vrati.Kojoj uvrede ba\u0161 ni\u0161ta ne zna\u010de,kojoj oko nikad ne zapla\u010de.Ona koja nikoga ne voli,ona koju srce nikad ne zaboli.\u017dena koju ba\u0161 ni\u0161ta ne dira,ona koja uvijek mo\u017ee da birai ne trpi onog koji ju \u017eivcira. [&hellip;]","og_url":"https:\/\/webknjizara.hr\/proizvod\/dama-koja-nema-srama-marija-preloznjak-jurcevic\/","og_site_name":"Web-knji\u017eara","article_modified_time":"2023-02-26T23:16:05+00:00","og_image":[{"width":358,"height":500,"url":"https:\/\/webknjizara.hr\/wp-content\/uploads\/nc\/images\/virtuemart\/product\/dama-koja-nema-s-5324109e2a043.jpg","type":"image\/jpeg"}],"twitter_card":"summary_large_image","twitter_misc":{"Est. reading time":"1 minute"},"schema":{"@context":"https:\/\/schema.org","@graph":[{"@type":"WebPage","@id":"https:\/\/webknjizara.hr\/proizvod\/dama-koja-nema-srama-marija-preloznjak-jurcevic\/","url":"https:\/\/webknjizara.hr\/proizvod\/dama-koja-nema-srama-marija-preloznjak-jurcevic\/","name":"DAMA KOJA NEMA SRAMA, Marija Prelo\u017enjak Jur\u010devi\u0107 - Web-knji\u017eara","isPartOf":{"@id":"https:\/\/webknjizara.hr\/#website"},"primaryImageOfPage":{"@id":"https:\/\/webknjizara.hr\/proizvod\/dama-koja-nema-srama-marija-preloznjak-jurcevic\/#primaryimage"},"image":{"@id":"https:\/\/webknjizara.hr\/proizvod\/dama-koja-nema-srama-marija-preloznjak-jurcevic\/#primaryimage"},"thumbnailUrl":"https:\/\/webknjizara.hr\/wp-content\/uploads\/nc\/images\/virtuemart\/product\/dama-koja-nema-s-5324109e2a043.jpg","datePublished":"2014-03-15T08:34:38+00:00","dateModified":"2023-02-26T23:16:05+00:00","breadcrumb":{"@id":"https:\/\/webknjizara.hr\/proizvod\/dama-koja-nema-srama-marija-preloznjak-jurcevic\/#breadcrumb"},"inLanguage":"en-US","potentialAction":[{"@type":"ReadAction","target":["https:\/\/webknjizara.hr\/proizvod\/dama-koja-nema-srama-marija-preloznjak-jurcevic\/"]}]},{"@type":"ImageObject","inLanguage":"en-US","@id":"https:\/\/webknjizara.hr\/proizvod\/dama-koja-nema-srama-marija-preloznjak-jurcevic\/#primaryimage","url":"https:\/\/webknjizara.hr\/wp-content\/uploads\/nc\/images\/virtuemart\/product\/dama-koja-nema-s-5324109e2a043.jpg","contentUrl":"https:\/\/webknjizara.hr\/wp-content\/uploads\/nc\/images\/virtuemart\/product\/dama-koja-nema-s-5324109e2a043.jpg","width":358,"height":500,"caption":"DAMA KOJA NEMA SRAMA, Marija Prelo\u017enjak Jur\u010devi\u0107"},{"@type":"BreadcrumbList","@id":"https:\/\/webknjizara.hr\/proizvod\/dama-koja-nema-srama-marija-preloznjak-jurcevic\/#breadcrumb","itemListElement":[{"@type":"ListItem","position":1,"name":"Po\u010detna stranica","item":"https:\/\/webknjizara.hr\/en\/"},{"@type":"ListItem","position":2,"name":"Shop","item":"https:\/\/webknjizara.hr\/shop\/"},{"@type":"ListItem","position":3,"name":"DAMA KOJA NEMA SRAMA, Marija Prelo\u017enjak Jur\u010devi\u0107"}]},{"@type":"WebSite","@id":"https:\/\/webknjizara.hr\/#website","url":"https:\/\/webknjizara.hr\/","name":"Web Knji\u017eara","description":"","publisher":{"@id":"https:\/\/webknjizara.hr\/#organization"},"potentialAction":[{"@type":"SearchAction","target":{"@type":"EntryPoint","urlTemplate":"https:\/\/webknjizara.hr\/?s={search_term_string}"},"query-input":{"@type":"PropertyValueSpecification","valueRequired":true,"valueName":"search_term_string"}}],"inLanguage":"en-US"},{"@type":"Organization","@id":"https:\/\/webknjizara.hr\/#organization","name":"REDAK D.O.O.","url":"https:\/\/webknjizara.hr\/","logo":{"@type":"ImageObject","inLanguage":"en-US","@id":"https:\/\/webknjizara.hr\/#\/schema\/logo\/image\/","url":"https:\/\/webknjizara.hr\/wp-content\/uploads\/2023\/01\/web-knjizara-logo.webp","contentUrl":"https:\/\/webknjizara.hr\/wp-content\/uploads\/2023\/01\/web-knjizara-logo.webp","width":324,"height":79,"caption":"REDAK D.O.O."},"image":{"@id":"https:\/\/webknjizara.hr\/#\/schema\/logo\/image\/"}}]}},"_links":{"self":[{"href":"https:\/\/webknjizara.hr\/en\/wp-json\/wp\/v2\/product\/7777","targetHints":{"allow":["GET"]}}],"collection":[{"href":"https:\/\/webknjizara.hr\/en\/wp-json\/wp\/v2\/product"}],"about":[{"href":"https:\/\/webknjizara.hr\/en\/wp-json\/wp\/v2\/types\/product"}],"replies":[{"embeddable":true,"href":"https:\/\/webknjizara.hr\/en\/wp-json\/wp\/v2\/comments?post=7777"}],"wp:featuredmedia":[{"embeddable":true,"href":"https:\/\/webknjizara.hr\/en\/wp-json\/wp\/v2\/media\/7778"}],"wp:attachment":[{"href":"https:\/\/webknjizara.hr\/en\/wp-json\/wp\/v2\/media?parent=7777"}],"wp:term":[{"taxonomy":"product_brand","embeddable":true,"href":"https:\/\/webknjizara.hr\/en\/wp-json\/wp\/v2\/product_brand?post=7777"},{"taxonomy":"product_cat","embeddable":true,"href":"https:\/\/webknjizara.hr\/en\/wp-json\/wp\/v2\/product_cat?post=7777"},{"taxonomy":"product_tag","embeddable":true,"href":"https:\/\/webknjizara.hr\/en\/wp-json\/wp\/v2\/product_tag?post=7777"}],"curies":[{"name":"wp","href":"https:\/\/api.w.org\/{rel}","templated":true}]}}