{"id":7771,"date":"2014-02-28T20:31:26","date_gmt":"2014-02-28T20:31:26","guid":{"rendered":"https:\/\/webknjizara.hr\/?product=atomsko-razdvajanje-duse-nikola-lloyder"},"modified":"2024-11-12T15:30:53","modified_gmt":"2024-11-12T14:30:53","slug":"atomsko-razdvajanje-duse-nikola-lloyder","status":"publish","type":"product","link":"https:\/\/webknjizara.hr\/en\/proizvod\/atomsko-razdvajanje-duse-nikola-lloyder\/","title":{"rendered":"ATOMSKO RAZDVAJANJE DU\u0160E, Nikola Lloyder"},"content":{"rendered":"<p style=\"text-align: justify;\"><strong><br \/>\nSa\u017eetak:<br \/>\n<\/strong><br \/>\n<strong>OVA KNJIGA NE DONOSI PRI\u010cE O TAJNAMA DA BI ONE NA KONCU TAKVE I OSTALE, VE\u0106 IH DOKIDA.<br \/>\n<\/strong><br \/>\nAutor se rukovodi uniformiranom znano\u0161\u0107u, orijentiran na europsku kulturno-znanstvenu ba\u0161tinu,zadr\u017eavaju\u0107i okvir kr\u0161\u0107anske civilizacije, pozivaju\u0107i se na postoje\u0107e zakonitosti i na\u010dela, prave\u0107i korak naprijed za razumijevanje aktualnih problema \u010dovjeka, svijeta i stvoritelja. Gotovo telegrafski, holisti\u010dki i etiolo\u0161ki ovom knjigom obja\u0161njava:<\/p>\n<ul style=\"list-style-type: circle;\">\n<li style=\"text-align: justify;\">Fenomen smrti i mogu\u0107nost njenog nadila\u017eenja, sa ciljem produljenja \u017eivota pa i onda kada se znanstveno-statisti\u010dki to smatra nemogu\u0107im itd.<\/li>\n<li style=\"text-align: justify;\">Tajnu \u017eivota, i mogu\u0107eg donora anorganskoj prirodi na stazi evolucije.<\/li>\n<li style=\"text-align: justify;\">Obja\u0161njenja za eventualnu natprirodnost, uvode\u0107i kr\u0161\u0107ansku vjersku teologiju u znanstvenu raspravu, poku\u0161avaju\u0107i oslikati stvoritelja znanstvenim poveznicama.<\/li>\n<li style=\"text-align: justify;\">Pronala\u017eenjem obja\u0161njenja za tajnu istodobnosti, skidam masku sa fenomena DEJA VU i nudim model za mogu\u0107nost mijenjanja sudbine u specifi\u010dnim situacijama; tajnu telepatije; uzrok istodobnosti kod iskustva klini\u010dke smrti, itd.<\/li>\n<li style=\"text-align: justify;\">Tuma\u010denjem inerioriziranih psihi\u010dkih mo\u0107i, otkrivaju se prirode mentalnih elemenata i previranja njihovih dominacija, omogu\u0107avaju\u0107i definiranje \u010dovjeka, \u010dime \u010ditatelj dobiva mogu\u0107nost biti vlastiti psihoanaliti\u010dar i psihoterapeut.<\/li>\n<li style=\"text-align: justify;\">Uvidom u fizikalna svojstva prostora i vremena i njihovih odnosa sa energomaterijom, otkriva: uzrok grani\u010dnoj brzini; uzrok dualne prirode; mogu\u0107i uzrok tamnoj energiji; uzro\u010dne odnose za oscilacije elektri\u010dnog i magnetskog polja, za funkcije raspada kontinuuma, itd.<\/li>\n<\/ul>\n<p style=\"text-align: justify;\">Uzimaju\u0107i u obzir interese ljubitelja popularne znanosti, autor je uvjeren, kako ovim predstavljanjem ne nudi samo reklamu koja nadilazi stvarni sadr\u017eaj. Ova sadr\u017ei energiju koja opravdava reklamu.<\/p>\n<p><strong>Bilje\u0161ka o autoru\/autorici:<\/strong><\/p>\n<p>Znanje je dijelom pohranjeno u knjigama i dio je uvijek dostupne znanstvene ba\u0161tine. Znanje mo\u017ee biti pohranjeno u memoriji pojedinca koji ga mo\u017ee primjenjivati bilo predajom bilo prakti\u010dnom primjenom, pra\u0107eno psihi\u010dkim dispozicijama, izra\u017eavaju\u0107i talente, doprinose\u0107i prosvjetiteljskom djelovanju.<br \/>\nI jedno i drugo doprinosi onoj inteligenciji koja ima \u017eara i sposobnosti u potrebi za razmi\u0161ljanjem i analizama. A za to nitko nije povla\u0161ten jer je svakom ponu\u0111eno.<br \/>\nStoga je manje zanimljivo gdje i kako je netko stjecao znanja i kojim porivima je zadobio \u017ear za intelektualnom radoznalosti. Bitne su misaono-analiti\u010dke sposobnosti pra\u0107ene empirijskim. I po svemu dani rezultati.<\/p>\n<p>Ja nisam eksperimentator jer za to nemam potrebne laboratorije, stoga se javljam kao teoreti\u010dar koji \u0107e vi\u0161e ili manje ostaviti dojam na \u010ditatelja u nadi da \u0107e ovaj rad na mnoge djelovati inspirativno doprinose\u0107i nastojanjima njihovih okupacija. Izlaganja o vlastitom trudu i veli\u010dini svoje intelektualne osobnosti, kao dodatne sugestije, dr\u017eim nepotrebnim. Karakter ove knjige zahtijeva obraniti temu. Ako sam u tome uspio, onda se \u010ditatelju otkriva i moje zvanje. Jer djela koja osoba \u010dini u tome ga i potvr\u0111uju. U protivnom bi reklama nadi\u0161la proizvod.<\/p>\n<p><strong>Klju\u010dne rije\u010di:<\/strong> Rubna podru\u010dja znanosti, produljenje \u017eivota, ezoterija<\/p>\n<p style=\"text-align: justify;\"><strong>E-mail:<\/strong> <a href=\"mailto:nikolalloyder@gmail.com\">nikolalloyder@gmail.com<\/a><\/p>\n<p style=\"text-align: justify;\"><strong>Naslov:<\/strong> Atomsko razdvajanje du\u0161e<br \/>\n<strong>Autor:<\/strong> Nikola Lloyder<br \/>\n<strong>Nakladnik:<\/strong> REDAK<br \/>\n<strong>Godina izdanja:<\/strong> 2014.<br \/>\n<strong>Tisak:<\/strong> digitalni tisak knjiga &#8211; print na zahtjev<\/p>\n","protected":false},"excerpt":{"rendered":"<p>Sa\u017eetak: OVA KNJIGA NE DONOSI PRI\u010cE O TAJNAMA DA BI ONE NA KONCU TAKVE I OSTALE, VE\u0106 IH DOKIDA. Autor se rukovodi uniformiranom znano\u0161\u0107u, orijentiran na europsku kulturno-znanstvenu ba\u0161tinu,zadr\u017eavaju\u0107i okvir kr\u0161\u0107anske civilizacije, pozivaju\u0107i se na postoje\u0107e zakonitosti i na\u010dela, prave\u0107i korak naprijed za razumijevanje aktualnih problema \u010dovjeka, svijeta i stvoritelja. Gotovo telegrafski, holisti\u010dki i etiolo\u0161ki [&hellip;]<\/p>\n","protected":false},"featured_media":7772,"comment_status":"open","ping_status":"closed","template":"","meta":{"_acf_changed":false},"product_brand":[],"product_cat":[1489],"product_tag":[],"class_list":{"0":"post-7771","1":"product","2":"type-product","3":"status-publish","4":"has-post-thumbnail","6":"product_cat-publicistika","7":"pa_autor-nikola-lloyder","8":"pa_nakladnik-redak","10":"first","11":"instock","12":"shipping-taxable","13":"purchasable","14":"product-type-simple"},"acf":[],"yoast_head":"<!-- This site is optimized with the Yoast SEO plugin v27.3 - https:\/\/yoast.com\/product\/yoast-seo-wordpress\/ -->\n<title>ATOMSKO RAZDVAJANJE DU\u0160E, Nikola Lloyder - Web-knji\u017eara<\/title>\n<meta name=\"robots\" content=\"index, follow, max-snippet:-1, max-image-preview:large, max-video-preview:-1\" \/>\n<link rel=\"canonical\" href=\"https:\/\/webknjizara.hr\/proizvod\/atomsko-razdvajanje-duse-nikola-lloyder\/\" \/>\n<meta property=\"og:locale\" content=\"en_US\" \/>\n<meta property=\"og:type\" content=\"article\" \/>\n<meta property=\"og:title\" content=\"ATOMSKO RAZDVAJANJE DU\u0160E, Nikola Lloyder - Web-knji\u017eara\" \/>\n<meta property=\"og:description\" content=\"Sa\u017eetak: OVA KNJIGA NE DONOSI PRI\u010cE O TAJNAMA DA BI ONE NA KONCU TAKVE I OSTALE, VE\u0106 IH DOKIDA. Autor se rukovodi uniformiranom znano\u0161\u0107u, orijentiran na europsku kulturno-znanstvenu ba\u0161tinu,zadr\u017eavaju\u0107i okvir kr\u0161\u0107anske civilizacije, pozivaju\u0107i se na postoje\u0107e zakonitosti i na\u010dela, prave\u0107i korak naprijed za razumijevanje aktualnih problema \u010dovjeka, svijeta i stvoritelja. Gotovo telegrafski, holisti\u010dki i etiolo\u0161ki [&hellip;]\" \/>\n<meta property=\"og:url\" content=\"https:\/\/webknjizara.hr\/proizvod\/atomsko-razdvajanje-duse-nikola-lloyder\/\" \/>\n<meta property=\"og:site_name\" content=\"Web-knji\u017eara\" \/>\n<meta property=\"article:modified_time\" content=\"2024-11-12T14:30:53+00:00\" \/>\n<meta property=\"og:image\" content=\"https:\/\/webknjizara.hr\/wp-content\/uploads\/nc\/images\/virtuemart\/product\/atomsko-razdvaja-5310f21ee1f5e.jpg\" \/>\n\t<meta property=\"og:image:width\" content=\"358\" \/>\n\t<meta property=\"og:image:height\" content=\"500\" \/>\n\t<meta property=\"og:image:type\" content=\"image\/jpeg\" \/>\n<meta name=\"twitter:card\" content=\"summary_large_image\" \/>\n<meta name=\"twitter:label1\" content=\"Est. reading time\" \/>\n\t<meta name=\"twitter:data1\" content=\"3 minutes\" \/>\n<script type=\"application\/ld+json\" class=\"yoast-schema-graph\">{\"@context\":\"https:\\\/\\\/schema.org\",\"@graph\":[{\"@type\":\"WebPage\",\"@id\":\"https:\\\/\\\/webknjizara.hr\\\/proizvod\\\/atomsko-razdvajanje-duse-nikola-lloyder\\\/\",\"url\":\"https:\\\/\\\/webknjizara.hr\\\/proizvod\\\/atomsko-razdvajanje-duse-nikola-lloyder\\\/\",\"name\":\"ATOMSKO RAZDVAJANJE DU\u0160E, Nikola Lloyder - Web-knji\u017eara\",\"isPartOf\":{\"@id\":\"https:\\\/\\\/webknjizara.hr\\\/#website\"},\"primaryImageOfPage\":{\"@id\":\"https:\\\/\\\/webknjizara.hr\\\/proizvod\\\/atomsko-razdvajanje-duse-nikola-lloyder\\\/#primaryimage\"},\"image\":{\"@id\":\"https:\\\/\\\/webknjizara.hr\\\/proizvod\\\/atomsko-razdvajanje-duse-nikola-lloyder\\\/#primaryimage\"},\"thumbnailUrl\":\"https:\\\/\\\/webknjizara.hr\\\/wp-content\\\/uploads\\\/nc\\\/images\\\/virtuemart\\\/product\\\/atomsko-razdvaja-5310f21ee1f5e.jpg\",\"datePublished\":\"2014-02-28T20:31:26+00:00\",\"dateModified\":\"2024-11-12T14:30:53+00:00\",\"breadcrumb\":{\"@id\":\"https:\\\/\\\/webknjizara.hr\\\/proizvod\\\/atomsko-razdvajanje-duse-nikola-lloyder\\\/#breadcrumb\"},\"inLanguage\":\"en-US\",\"potentialAction\":[{\"@type\":\"ReadAction\",\"target\":[\"https:\\\/\\\/webknjizara.hr\\\/proizvod\\\/atomsko-razdvajanje-duse-nikola-lloyder\\\/\"]}]},{\"@type\":\"ImageObject\",\"inLanguage\":\"en-US\",\"@id\":\"https:\\\/\\\/webknjizara.hr\\\/proizvod\\\/atomsko-razdvajanje-duse-nikola-lloyder\\\/#primaryimage\",\"url\":\"https:\\\/\\\/webknjizara.hr\\\/wp-content\\\/uploads\\\/nc\\\/images\\\/virtuemart\\\/product\\\/atomsko-razdvaja-5310f21ee1f5e.jpg\",\"contentUrl\":\"https:\\\/\\\/webknjizara.hr\\\/wp-content\\\/uploads\\\/nc\\\/images\\\/virtuemart\\\/product\\\/atomsko-razdvaja-5310f21ee1f5e.jpg\",\"width\":358,\"height\":500,\"caption\":\"ATOMSKO RAZDVAJANJE DU\u0160E, Nikola Lloyder\"},{\"@type\":\"BreadcrumbList\",\"@id\":\"https:\\\/\\\/webknjizara.hr\\\/proizvod\\\/atomsko-razdvajanje-duse-nikola-lloyder\\\/#breadcrumb\",\"itemListElement\":[{\"@type\":\"ListItem\",\"position\":1,\"name\":\"Po\u010detna stranica\",\"item\":\"https:\\\/\\\/webknjizara.hr\\\/en\\\/\"},{\"@type\":\"ListItem\",\"position\":2,\"name\":\"Shop\",\"item\":\"https:\\\/\\\/webknjizara.hr\\\/shop\\\/\"},{\"@type\":\"ListItem\",\"position\":3,\"name\":\"ATOMSKO RAZDVAJANJE DU\u0160E, Nikola Lloyder\"}]},{\"@type\":\"WebSite\",\"@id\":\"https:\\\/\\\/webknjizara.hr\\\/#website\",\"url\":\"https:\\\/\\\/webknjizara.hr\\\/\",\"name\":\"Web Knji\u017eara\",\"description\":\"\",\"publisher\":{\"@id\":\"https:\\\/\\\/webknjizara.hr\\\/#organization\"},\"potentialAction\":[{\"@type\":\"SearchAction\",\"target\":{\"@type\":\"EntryPoint\",\"urlTemplate\":\"https:\\\/\\\/webknjizara.hr\\\/?s={search_term_string}\"},\"query-input\":{\"@type\":\"PropertyValueSpecification\",\"valueRequired\":true,\"valueName\":\"search_term_string\"}}],\"inLanguage\":\"en-US\"},{\"@type\":\"Organization\",\"@id\":\"https:\\\/\\\/webknjizara.hr\\\/#organization\",\"name\":\"REDAK D.O.O.\",\"url\":\"https:\\\/\\\/webknjizara.hr\\\/\",\"logo\":{\"@type\":\"ImageObject\",\"inLanguage\":\"en-US\",\"@id\":\"https:\\\/\\\/webknjizara.hr\\\/#\\\/schema\\\/logo\\\/image\\\/\",\"url\":\"https:\\\/\\\/webknjizara.hr\\\/wp-content\\\/uploads\\\/2023\\\/01\\\/web-knjizara-logo.webp\",\"contentUrl\":\"https:\\\/\\\/webknjizara.hr\\\/wp-content\\\/uploads\\\/2023\\\/01\\\/web-knjizara-logo.webp\",\"width\":324,\"height\":79,\"caption\":\"REDAK D.O.O.\"},\"image\":{\"@id\":\"https:\\\/\\\/webknjizara.hr\\\/#\\\/schema\\\/logo\\\/image\\\/\"}}]}<\/script>\n<!-- \/ Yoast SEO plugin. -->","yoast_head_json":{"title":"ATOMSKO RAZDVAJANJE DU\u0160E, Nikola Lloyder - Web-knji\u017eara","robots":{"index":"index","follow":"follow","max-snippet":"max-snippet:-1","max-image-preview":"max-image-preview:large","max-video-preview":"max-video-preview:-1"},"canonical":"https:\/\/webknjizara.hr\/proizvod\/atomsko-razdvajanje-duse-nikola-lloyder\/","og_locale":"en_US","og_type":"article","og_title":"ATOMSKO RAZDVAJANJE DU\u0160E, Nikola Lloyder - Web-knji\u017eara","og_description":"Sa\u017eetak: OVA KNJIGA NE DONOSI PRI\u010cE O TAJNAMA DA BI ONE NA KONCU TAKVE I OSTALE, VE\u0106 IH DOKIDA. Autor se rukovodi uniformiranom znano\u0161\u0107u, orijentiran na europsku kulturno-znanstvenu ba\u0161tinu,zadr\u017eavaju\u0107i okvir kr\u0161\u0107anske civilizacije, pozivaju\u0107i se na postoje\u0107e zakonitosti i na\u010dela, prave\u0107i korak naprijed za razumijevanje aktualnih problema \u010dovjeka, svijeta i stvoritelja. Gotovo telegrafski, holisti\u010dki i etiolo\u0161ki [&hellip;]","og_url":"https:\/\/webknjizara.hr\/proizvod\/atomsko-razdvajanje-duse-nikola-lloyder\/","og_site_name":"Web-knji\u017eara","article_modified_time":"2024-11-12T14:30:53+00:00","og_image":[{"width":358,"height":500,"url":"https:\/\/webknjizara.hr\/wp-content\/uploads\/nc\/images\/virtuemart\/product\/atomsko-razdvaja-5310f21ee1f5e.jpg","type":"image\/jpeg"}],"twitter_card":"summary_large_image","twitter_misc":{"Est. reading time":"3 minutes"},"schema":{"@context":"https:\/\/schema.org","@graph":[{"@type":"WebPage","@id":"https:\/\/webknjizara.hr\/proizvod\/atomsko-razdvajanje-duse-nikola-lloyder\/","url":"https:\/\/webknjizara.hr\/proizvod\/atomsko-razdvajanje-duse-nikola-lloyder\/","name":"ATOMSKO RAZDVAJANJE DU\u0160E, Nikola Lloyder - Web-knji\u017eara","isPartOf":{"@id":"https:\/\/webknjizara.hr\/#website"},"primaryImageOfPage":{"@id":"https:\/\/webknjizara.hr\/proizvod\/atomsko-razdvajanje-duse-nikola-lloyder\/#primaryimage"},"image":{"@id":"https:\/\/webknjizara.hr\/proizvod\/atomsko-razdvajanje-duse-nikola-lloyder\/#primaryimage"},"thumbnailUrl":"https:\/\/webknjizara.hr\/wp-content\/uploads\/nc\/images\/virtuemart\/product\/atomsko-razdvaja-5310f21ee1f5e.jpg","datePublished":"2014-02-28T20:31:26+00:00","dateModified":"2024-11-12T14:30:53+00:00","breadcrumb":{"@id":"https:\/\/webknjizara.hr\/proizvod\/atomsko-razdvajanje-duse-nikola-lloyder\/#breadcrumb"},"inLanguage":"en-US","potentialAction":[{"@type":"ReadAction","target":["https:\/\/webknjizara.hr\/proizvod\/atomsko-razdvajanje-duse-nikola-lloyder\/"]}]},{"@type":"ImageObject","inLanguage":"en-US","@id":"https:\/\/webknjizara.hr\/proizvod\/atomsko-razdvajanje-duse-nikola-lloyder\/#primaryimage","url":"https:\/\/webknjizara.hr\/wp-content\/uploads\/nc\/images\/virtuemart\/product\/atomsko-razdvaja-5310f21ee1f5e.jpg","contentUrl":"https:\/\/webknjizara.hr\/wp-content\/uploads\/nc\/images\/virtuemart\/product\/atomsko-razdvaja-5310f21ee1f5e.jpg","width":358,"height":500,"caption":"ATOMSKO RAZDVAJANJE DU\u0160E, Nikola Lloyder"},{"@type":"BreadcrumbList","@id":"https:\/\/webknjizara.hr\/proizvod\/atomsko-razdvajanje-duse-nikola-lloyder\/#breadcrumb","itemListElement":[{"@type":"ListItem","position":1,"name":"Po\u010detna stranica","item":"https:\/\/webknjizara.hr\/en\/"},{"@type":"ListItem","position":2,"name":"Shop","item":"https:\/\/webknjizara.hr\/shop\/"},{"@type":"ListItem","position":3,"name":"ATOMSKO RAZDVAJANJE DU\u0160E, Nikola Lloyder"}]},{"@type":"WebSite","@id":"https:\/\/webknjizara.hr\/#website","url":"https:\/\/webknjizara.hr\/","name":"Web Knji\u017eara","description":"","publisher":{"@id":"https:\/\/webknjizara.hr\/#organization"},"potentialAction":[{"@type":"SearchAction","target":{"@type":"EntryPoint","urlTemplate":"https:\/\/webknjizara.hr\/?s={search_term_string}"},"query-input":{"@type":"PropertyValueSpecification","valueRequired":true,"valueName":"search_term_string"}}],"inLanguage":"en-US"},{"@type":"Organization","@id":"https:\/\/webknjizara.hr\/#organization","name":"REDAK D.O.O.","url":"https:\/\/webknjizara.hr\/","logo":{"@type":"ImageObject","inLanguage":"en-US","@id":"https:\/\/webknjizara.hr\/#\/schema\/logo\/image\/","url":"https:\/\/webknjizara.hr\/wp-content\/uploads\/2023\/01\/web-knjizara-logo.webp","contentUrl":"https:\/\/webknjizara.hr\/wp-content\/uploads\/2023\/01\/web-knjizara-logo.webp","width":324,"height":79,"caption":"REDAK D.O.O."},"image":{"@id":"https:\/\/webknjizara.hr\/#\/schema\/logo\/image\/"}}]}},"_links":{"self":[{"href":"https:\/\/webknjizara.hr\/en\/wp-json\/wp\/v2\/product\/7771","targetHints":{"allow":["GET"]}}],"collection":[{"href":"https:\/\/webknjizara.hr\/en\/wp-json\/wp\/v2\/product"}],"about":[{"href":"https:\/\/webknjizara.hr\/en\/wp-json\/wp\/v2\/types\/product"}],"replies":[{"embeddable":true,"href":"https:\/\/webknjizara.hr\/en\/wp-json\/wp\/v2\/comments?post=7771"}],"wp:featuredmedia":[{"embeddable":true,"href":"https:\/\/webknjizara.hr\/en\/wp-json\/wp\/v2\/media\/7772"}],"wp:attachment":[{"href":"https:\/\/webknjizara.hr\/en\/wp-json\/wp\/v2\/media?parent=7771"}],"wp:term":[{"taxonomy":"product_brand","embeddable":true,"href":"https:\/\/webknjizara.hr\/en\/wp-json\/wp\/v2\/product_brand?post=7771"},{"taxonomy":"product_cat","embeddable":true,"href":"https:\/\/webknjizara.hr\/en\/wp-json\/wp\/v2\/product_cat?post=7771"},{"taxonomy":"product_tag","embeddable":true,"href":"https:\/\/webknjizara.hr\/en\/wp-json\/wp\/v2\/product_tag?post=7771"}],"curies":[{"name":"wp","href":"https:\/\/api.w.org\/{rel}","templated":true}]}}