{"id":7767,"date":"2014-02-20T19:26:12","date_gmt":"2014-02-20T19:26:12","guid":{"rendered":"https:\/\/webknjizara.hr\/?product=kako-bi-svanulo-tvoje-svitanje-andela-vujnovic"},"modified":"2023-02-27T00:16:04","modified_gmt":"2023-02-26T23:16:04","slug":"kako-bi-svanulo-tvoje-svitanje-andela-vujnovic","status":"publish","type":"product","link":"https:\/\/webknjizara.hr\/en\/proizvod\/kako-bi-svanulo-tvoje-svitanje-andela-vujnovic\/","title":{"rendered":"KAKO BI SVANULO TVOJE SVITANJE, An\u0111ela Vujnovi\u0107"},"content":{"rendered":"<p style=\"text-align: justify;\"><strong>Sa\u017eetak:<br \/><\/strong><br \/>Kako bi svanulo tvoje svitanje, zbirka stihovana kroz \u010detiri tematske cjeline, predstavlja kvartet vizije \u017eivota u svakodnevnici i svakodnevnom vi\u0111enju onoga \u0161to je u biti \u010dovjekovoj; na\u010dini na koje bi se moglo omogu\u0107iti individui u kolektivnom i obratno, usmjeriti vlastito bi\u0107e U SMJERU LJUBAVI, kroz KOMAD, OD KRUHA, IZ OSLOBA\u0110ANJA, do IZLAZA \u2013 IZ POSTOJE\u0106EG.<\/p>\n<p><strong>Bilje\u0161ka o autorici:<\/p>\n<p><\/strong>An\u0111ela Vujnovi\u0107 \u2013 po precima od Lovri\u0107a iz Dalmacije, ro\u0111ena je mjeseca kolovoza 1973. godine u S. Palanci.<\/p>\n<p style=\"text-align: justify;\">Osnovno \u0161kolovanje,Gimnaziju i Ni\u017eu muzi\u010dku \u0161kolu zavr\u0161ila je u Biha\u0107u.<\/p>\n<p>Prva zbirka poezije, pod nazivom \u201eKad god ide\u0161 na smaknu\u0107e\u201c, tiskana je u izdava\u010dkoj ku\u0107i REDAK, Split, 2010. godine,u Splitu.<\/p>\n<p>Druga zbirka stihova, pod nazivom \u201eKako bi svanulo tvoje svitanje\u201c, tako\u0111er je tiskana u izdava\u010dkoj ku\u0107i REDAK, Split, 2014.godine, u Splitu.<\/p>\n<p>Trenuta\u010dno, An\u0111ela Vujnovi\u0107 \u017eivi i radi u Banjoj Luci. <\/p>\n<p><strong>Klju\u010dne rije\u010di:<\/strong>\u00a0SVITANJE, KAKO BI,\u00a0SVANULO, TVOJE SVITANJE<\/p>\n<p style=\"text-align: justify;\"><strong>E-mail:<\/strong> <a href=\"mailto:vujnovic.andjela@gmail.com\">An\u0111ela Vujnovi\u0107<\/a><\/p>\n<p><strong>Naslov:<\/strong> Kako bi svanulo tvoje svitanje<br \/><strong>Autor:<\/strong> An\u0111ela Vujnovi\u0107<br \/><strong>Broj stranica:<\/strong> 92<br \/><strong>Nakladnik:<\/strong> REDAK<br \/><strong>Godina izdanja:<\/strong> 2014.<br \/><strong>ISBN:<\/strong> 978-953-336-114-7<br \/><strong>Tisak:<\/strong> digitalni tisak knjiga &#8211; print na zahtjev<\/p>\n","protected":false},"excerpt":{"rendered":"<p>Sa\u017eetak:Kako bi svanulo tvoje svitanje, zbirka stihovana kroz \u010detiri tematske cjeline, predstavlja kvartet vizije \u017eivota u svakodnevnici i svakodnevnom vi\u0111enju onoga \u0161to je u biti \u010dovjekovoj; na\u010dini na koje bi se moglo omogu\u0107iti individui u kolektivnom i obratno, usmjeriti vlastito bi\u0107e U SMJERU LJUBAVI, kroz KOMAD, OD KRUHA, IZ OSLOBA\u0110ANJA, do IZLAZA \u2013 IZ POSTOJE\u0106EG. [&hellip;]<\/p>\n","protected":false},"featured_media":7768,"comment_status":"open","ping_status":"closed","template":"","meta":{"_acf_changed":false},"product_brand":[],"product_cat":[1383,1385,1388],"product_tag":[],"class_list":{"0":"post-7767","1":"product","2":"type-product","3":"status-publish","4":"has-post-thumbnail","6":"product_cat-knjige","7":"product_cat-knjizevnost","8":"product_cat-poezija","9":"pa_nakladnik-redak","11":"first","12":"instock","13":"shipping-taxable","14":"purchasable","15":"product-type-simple"},"acf":[],"yoast_head":"<!-- This site is optimized with the Yoast SEO plugin v27.3 - https:\/\/yoast.com\/product\/yoast-seo-wordpress\/ -->\n<title>KAKO BI SVANULO TVOJE SVITANJE, An\u0111ela Vujnovi\u0107 - Web-knji\u017eara<\/title>\n<meta name=\"robots\" content=\"index, follow, max-snippet:-1, max-image-preview:large, max-video-preview:-1\" \/>\n<link rel=\"canonical\" href=\"https:\/\/webknjizara.hr\/proizvod\/kako-bi-svanulo-tvoje-svitanje-andela-vujnovic\/\" \/>\n<meta property=\"og:locale\" content=\"en_US\" \/>\n<meta property=\"og:type\" content=\"article\" \/>\n<meta property=\"og:title\" content=\"KAKO BI SVANULO TVOJE SVITANJE, An\u0111ela Vujnovi\u0107 - Web-knji\u017eara\" \/>\n<meta property=\"og:description\" content=\"Sa\u017eetak:Kako bi svanulo tvoje svitanje, zbirka stihovana kroz \u010detiri tematske cjeline, predstavlja kvartet vizije \u017eivota u svakodnevnici i svakodnevnom vi\u0111enju onoga \u0161to je u biti \u010dovjekovoj; na\u010dini na koje bi se moglo omogu\u0107iti individui u kolektivnom i obratno, usmjeriti vlastito bi\u0107e U SMJERU LJUBAVI, kroz KOMAD, OD KRUHA, IZ OSLOBA\u0110ANJA, do IZLAZA \u2013 IZ POSTOJE\u0106EG. [&hellip;]\" \/>\n<meta property=\"og:url\" content=\"https:\/\/webknjizara.hr\/proizvod\/kako-bi-svanulo-tvoje-svitanje-andela-vujnovic\/\" \/>\n<meta property=\"og:site_name\" content=\"Web-knji\u017eara\" \/>\n<meta property=\"article:modified_time\" content=\"2023-02-26T23:16:04+00:00\" \/>\n<meta property=\"og:image\" content=\"https:\/\/webknjizara.hr\/wp-content\/uploads\/nc\/images\/virtuemart\/product\/kako-bi-svanulo-530656d49b820.jpg\" \/>\n\t<meta property=\"og:image:width\" content=\"358\" \/>\n\t<meta property=\"og:image:height\" content=\"500\" \/>\n\t<meta property=\"og:image:type\" content=\"image\/jpeg\" \/>\n<meta name=\"twitter:card\" content=\"summary_large_image\" \/>\n<meta name=\"twitter:label1\" content=\"Est. reading time\" \/>\n\t<meta name=\"twitter:data1\" content=\"1 minute\" \/>\n<script type=\"application\/ld+json\" class=\"yoast-schema-graph\">{\"@context\":\"https:\\\/\\\/schema.org\",\"@graph\":[{\"@type\":\"WebPage\",\"@id\":\"https:\\\/\\\/webknjizara.hr\\\/proizvod\\\/kako-bi-svanulo-tvoje-svitanje-andela-vujnovic\\\/\",\"url\":\"https:\\\/\\\/webknjizara.hr\\\/proizvod\\\/kako-bi-svanulo-tvoje-svitanje-andela-vujnovic\\\/\",\"name\":\"KAKO BI SVANULO TVOJE SVITANJE, An\u0111ela Vujnovi\u0107 - Web-knji\u017eara\",\"isPartOf\":{\"@id\":\"https:\\\/\\\/webknjizara.hr\\\/#website\"},\"primaryImageOfPage\":{\"@id\":\"https:\\\/\\\/webknjizara.hr\\\/proizvod\\\/kako-bi-svanulo-tvoje-svitanje-andela-vujnovic\\\/#primaryimage\"},\"image\":{\"@id\":\"https:\\\/\\\/webknjizara.hr\\\/proizvod\\\/kako-bi-svanulo-tvoje-svitanje-andela-vujnovic\\\/#primaryimage\"},\"thumbnailUrl\":\"https:\\\/\\\/webknjizara.hr\\\/wp-content\\\/uploads\\\/nc\\\/images\\\/virtuemart\\\/product\\\/kako-bi-svanulo-530656d49b820.jpg\",\"datePublished\":\"2014-02-20T19:26:12+00:00\",\"dateModified\":\"2023-02-26T23:16:04+00:00\",\"breadcrumb\":{\"@id\":\"https:\\\/\\\/webknjizara.hr\\\/proizvod\\\/kako-bi-svanulo-tvoje-svitanje-andela-vujnovic\\\/#breadcrumb\"},\"inLanguage\":\"en-US\",\"potentialAction\":[{\"@type\":\"ReadAction\",\"target\":[\"https:\\\/\\\/webknjizara.hr\\\/proizvod\\\/kako-bi-svanulo-tvoje-svitanje-andela-vujnovic\\\/\"]}]},{\"@type\":\"ImageObject\",\"inLanguage\":\"en-US\",\"@id\":\"https:\\\/\\\/webknjizara.hr\\\/proizvod\\\/kako-bi-svanulo-tvoje-svitanje-andela-vujnovic\\\/#primaryimage\",\"url\":\"https:\\\/\\\/webknjizara.hr\\\/wp-content\\\/uploads\\\/nc\\\/images\\\/virtuemart\\\/product\\\/kako-bi-svanulo-530656d49b820.jpg\",\"contentUrl\":\"https:\\\/\\\/webknjizara.hr\\\/wp-content\\\/uploads\\\/nc\\\/images\\\/virtuemart\\\/product\\\/kako-bi-svanulo-530656d49b820.jpg\",\"width\":358,\"height\":500,\"caption\":\"KAKO BI SVANULO TVOJE SVITANJE, An\u0111ela Vujnovi\u0107\"},{\"@type\":\"BreadcrumbList\",\"@id\":\"https:\\\/\\\/webknjizara.hr\\\/proizvod\\\/kako-bi-svanulo-tvoje-svitanje-andela-vujnovic\\\/#breadcrumb\",\"itemListElement\":[{\"@type\":\"ListItem\",\"position\":1,\"name\":\"Po\u010detna stranica\",\"item\":\"https:\\\/\\\/webknjizara.hr\\\/en\\\/\"},{\"@type\":\"ListItem\",\"position\":2,\"name\":\"Shop\",\"item\":\"https:\\\/\\\/webknjizara.hr\\\/shop\\\/\"},{\"@type\":\"ListItem\",\"position\":3,\"name\":\"KAKO BI SVANULO TVOJE SVITANJE, An\u0111ela Vujnovi\u0107\"}]},{\"@type\":\"WebSite\",\"@id\":\"https:\\\/\\\/webknjizara.hr\\\/#website\",\"url\":\"https:\\\/\\\/webknjizara.hr\\\/\",\"name\":\"Web Knji\u017eara\",\"description\":\"\",\"publisher\":{\"@id\":\"https:\\\/\\\/webknjizara.hr\\\/#organization\"},\"potentialAction\":[{\"@type\":\"SearchAction\",\"target\":{\"@type\":\"EntryPoint\",\"urlTemplate\":\"https:\\\/\\\/webknjizara.hr\\\/?s={search_term_string}\"},\"query-input\":{\"@type\":\"PropertyValueSpecification\",\"valueRequired\":true,\"valueName\":\"search_term_string\"}}],\"inLanguage\":\"en-US\"},{\"@type\":\"Organization\",\"@id\":\"https:\\\/\\\/webknjizara.hr\\\/#organization\",\"name\":\"REDAK D.O.O.\",\"url\":\"https:\\\/\\\/webknjizara.hr\\\/\",\"logo\":{\"@type\":\"ImageObject\",\"inLanguage\":\"en-US\",\"@id\":\"https:\\\/\\\/webknjizara.hr\\\/#\\\/schema\\\/logo\\\/image\\\/\",\"url\":\"https:\\\/\\\/webknjizara.hr\\\/wp-content\\\/uploads\\\/2023\\\/01\\\/web-knjizara-logo.webp\",\"contentUrl\":\"https:\\\/\\\/webknjizara.hr\\\/wp-content\\\/uploads\\\/2023\\\/01\\\/web-knjizara-logo.webp\",\"width\":324,\"height\":79,\"caption\":\"REDAK D.O.O.\"},\"image\":{\"@id\":\"https:\\\/\\\/webknjizara.hr\\\/#\\\/schema\\\/logo\\\/image\\\/\"}}]}<\/script>\n<!-- \/ Yoast SEO plugin. -->","yoast_head_json":{"title":"KAKO BI SVANULO TVOJE SVITANJE, An\u0111ela Vujnovi\u0107 - Web-knji\u017eara","robots":{"index":"index","follow":"follow","max-snippet":"max-snippet:-1","max-image-preview":"max-image-preview:large","max-video-preview":"max-video-preview:-1"},"canonical":"https:\/\/webknjizara.hr\/proizvod\/kako-bi-svanulo-tvoje-svitanje-andela-vujnovic\/","og_locale":"en_US","og_type":"article","og_title":"KAKO BI SVANULO TVOJE SVITANJE, An\u0111ela Vujnovi\u0107 - Web-knji\u017eara","og_description":"Sa\u017eetak:Kako bi svanulo tvoje svitanje, zbirka stihovana kroz \u010detiri tematske cjeline, predstavlja kvartet vizije \u017eivota u svakodnevnici i svakodnevnom vi\u0111enju onoga \u0161to je u biti \u010dovjekovoj; na\u010dini na koje bi se moglo omogu\u0107iti individui u kolektivnom i obratno, usmjeriti vlastito bi\u0107e U SMJERU LJUBAVI, kroz KOMAD, OD KRUHA, IZ OSLOBA\u0110ANJA, do IZLAZA \u2013 IZ POSTOJE\u0106EG. [&hellip;]","og_url":"https:\/\/webknjizara.hr\/proizvod\/kako-bi-svanulo-tvoje-svitanje-andela-vujnovic\/","og_site_name":"Web-knji\u017eara","article_modified_time":"2023-02-26T23:16:04+00:00","og_image":[{"width":358,"height":500,"url":"https:\/\/webknjizara.hr\/wp-content\/uploads\/nc\/images\/virtuemart\/product\/kako-bi-svanulo-530656d49b820.jpg","type":"image\/jpeg"}],"twitter_card":"summary_large_image","twitter_misc":{"Est. reading time":"1 minute"},"schema":{"@context":"https:\/\/schema.org","@graph":[{"@type":"WebPage","@id":"https:\/\/webknjizara.hr\/proizvod\/kako-bi-svanulo-tvoje-svitanje-andela-vujnovic\/","url":"https:\/\/webknjizara.hr\/proizvod\/kako-bi-svanulo-tvoje-svitanje-andela-vujnovic\/","name":"KAKO BI SVANULO TVOJE SVITANJE, An\u0111ela Vujnovi\u0107 - Web-knji\u017eara","isPartOf":{"@id":"https:\/\/webknjizara.hr\/#website"},"primaryImageOfPage":{"@id":"https:\/\/webknjizara.hr\/proizvod\/kako-bi-svanulo-tvoje-svitanje-andela-vujnovic\/#primaryimage"},"image":{"@id":"https:\/\/webknjizara.hr\/proizvod\/kako-bi-svanulo-tvoje-svitanje-andela-vujnovic\/#primaryimage"},"thumbnailUrl":"https:\/\/webknjizara.hr\/wp-content\/uploads\/nc\/images\/virtuemart\/product\/kako-bi-svanulo-530656d49b820.jpg","datePublished":"2014-02-20T19:26:12+00:00","dateModified":"2023-02-26T23:16:04+00:00","breadcrumb":{"@id":"https:\/\/webknjizara.hr\/proizvod\/kako-bi-svanulo-tvoje-svitanje-andela-vujnovic\/#breadcrumb"},"inLanguage":"en-US","potentialAction":[{"@type":"ReadAction","target":["https:\/\/webknjizara.hr\/proizvod\/kako-bi-svanulo-tvoje-svitanje-andela-vujnovic\/"]}]},{"@type":"ImageObject","inLanguage":"en-US","@id":"https:\/\/webknjizara.hr\/proizvod\/kako-bi-svanulo-tvoje-svitanje-andela-vujnovic\/#primaryimage","url":"https:\/\/webknjizara.hr\/wp-content\/uploads\/nc\/images\/virtuemart\/product\/kako-bi-svanulo-530656d49b820.jpg","contentUrl":"https:\/\/webknjizara.hr\/wp-content\/uploads\/nc\/images\/virtuemart\/product\/kako-bi-svanulo-530656d49b820.jpg","width":358,"height":500,"caption":"KAKO BI SVANULO TVOJE SVITANJE, An\u0111ela Vujnovi\u0107"},{"@type":"BreadcrumbList","@id":"https:\/\/webknjizara.hr\/proizvod\/kako-bi-svanulo-tvoje-svitanje-andela-vujnovic\/#breadcrumb","itemListElement":[{"@type":"ListItem","position":1,"name":"Po\u010detna stranica","item":"https:\/\/webknjizara.hr\/en\/"},{"@type":"ListItem","position":2,"name":"Shop","item":"https:\/\/webknjizara.hr\/shop\/"},{"@type":"ListItem","position":3,"name":"KAKO BI SVANULO TVOJE SVITANJE, An\u0111ela Vujnovi\u0107"}]},{"@type":"WebSite","@id":"https:\/\/webknjizara.hr\/#website","url":"https:\/\/webknjizara.hr\/","name":"Web Knji\u017eara","description":"","publisher":{"@id":"https:\/\/webknjizara.hr\/#organization"},"potentialAction":[{"@type":"SearchAction","target":{"@type":"EntryPoint","urlTemplate":"https:\/\/webknjizara.hr\/?s={search_term_string}"},"query-input":{"@type":"PropertyValueSpecification","valueRequired":true,"valueName":"search_term_string"}}],"inLanguage":"en-US"},{"@type":"Organization","@id":"https:\/\/webknjizara.hr\/#organization","name":"REDAK D.O.O.","url":"https:\/\/webknjizara.hr\/","logo":{"@type":"ImageObject","inLanguage":"en-US","@id":"https:\/\/webknjizara.hr\/#\/schema\/logo\/image\/","url":"https:\/\/webknjizara.hr\/wp-content\/uploads\/2023\/01\/web-knjizara-logo.webp","contentUrl":"https:\/\/webknjizara.hr\/wp-content\/uploads\/2023\/01\/web-knjizara-logo.webp","width":324,"height":79,"caption":"REDAK D.O.O."},"image":{"@id":"https:\/\/webknjizara.hr\/#\/schema\/logo\/image\/"}}]}},"_links":{"self":[{"href":"https:\/\/webknjizara.hr\/en\/wp-json\/wp\/v2\/product\/7767","targetHints":{"allow":["GET"]}}],"collection":[{"href":"https:\/\/webknjizara.hr\/en\/wp-json\/wp\/v2\/product"}],"about":[{"href":"https:\/\/webknjizara.hr\/en\/wp-json\/wp\/v2\/types\/product"}],"replies":[{"embeddable":true,"href":"https:\/\/webknjizara.hr\/en\/wp-json\/wp\/v2\/comments?post=7767"}],"wp:featuredmedia":[{"embeddable":true,"href":"https:\/\/webknjizara.hr\/en\/wp-json\/wp\/v2\/media\/7768"}],"wp:attachment":[{"href":"https:\/\/webknjizara.hr\/en\/wp-json\/wp\/v2\/media?parent=7767"}],"wp:term":[{"taxonomy":"product_brand","embeddable":true,"href":"https:\/\/webknjizara.hr\/en\/wp-json\/wp\/v2\/product_brand?post=7767"},{"taxonomy":"product_cat","embeddable":true,"href":"https:\/\/webknjizara.hr\/en\/wp-json\/wp\/v2\/product_cat?post=7767"},{"taxonomy":"product_tag","embeddable":true,"href":"https:\/\/webknjizara.hr\/en\/wp-json\/wp\/v2\/product_tag?post=7767"}],"curies":[{"name":"wp","href":"https:\/\/api.w.org\/{rel}","templated":true}]}}