{"id":7755,"date":"2014-02-10T11:46:28","date_gmt":"2014-02-10T11:46:28","guid":{"rendered":"https:\/\/webknjizara.hr\/?product=osnove-zdravstvenog-prava-j-cizmic-lj-zunic"},"modified":"2025-06-24T15:40:52","modified_gmt":"2025-06-24T13:40:52","slug":"osnove-zdravstvenog-prava-j-cizmic-lj-zunic","status":"publish","type":"product","link":"https:\/\/webknjizara.hr\/en\/proizvod\/osnove-zdravstvenog-prava-j-cizmic-lj-zunic\/","title":{"rendered":"OSNOVE ZDRAVSTVENOG PRAVA, J. \u010cizmi\u0107, Lj. \u017duni\u0107"},"content":{"rendered":"<p style=\"text-align: justify;\"><strong>Sa\u017eetak:<\/strong><\/p>\n<p style=\"text-align: justify;\">Rukopis ovog ud\u017ebenika predstavlja cjelovitu obradu nastave iz kolegija zdravstvenog prava i namijenjen je studentima svih preddiplomskih i diplomskih sveu\u010dili\u0161nih studija koji se izvode na Sveu\u010dili\u0161nom odjelu zdravstvenih studija Sveu\u010dili\u0161ta u Splitu.<\/p>\n<p style=\"text-align: justify;\">Poglavlja su strukturirana prema tematici, a iza svakog poglavlja nalaze se ispitna pitanja na koja student mora obratiti pozornost i pomo\u0107u kojih student mo\u017ee samostalno procijeniti razinu usvojenog gradiva.<\/p>\n<p style=\"text-align: justify;\">Zdravstveno pravo se posljednjih godina u novim planovima i programima sveu\u010dili\u0161nih preddiplomskih i diplomskih studija po\u010delo predavati kao samostalan predmet. Sustav obrazovanja na Sveu\u010dili\u0161tu u Splitu uvidio je va\u017enost poznavanja propisa iz zdravstvene djelatnosti za svakog zdravstvenog radnika koji se educira u ustanovama visokog obrazovanja na Sveu\u010dili\u0161tu u Splitu.<\/p>\n<p>Danas se u svakoj profesiji name\u0107e obveza poznavanja zakonskih propisa koji se neposredno i posredno ti\u010du neke struke, jer nas to \u010dini uspje\u0161nijima. Kako se zdravstveni radnici svakodnevno susre\u0107u s pitanjima zdravlja i bolesti, \u017eivota i smrti, \u017eurnosti u dono\u0161enju pravih odluka za dobrobit pacijenta, izla\u017eu se riziku ispravnog odlu\u010divanja i postupanja.<\/p>\n<p><strong>Bilje\u0161ka o autoru:<\/strong><\/p>\n<p><strong>Prof. dr. sc. Jozo \u010cizmi\u0107<\/strong> redoviti je profesor Gra\u0111anskog procesnog prava na Pravnom fakultetu Sveu\u010dili\u0161ta u Splitu. Dekan je Pravnog fakulteta Sveu\u010dili\u0161ta u Splitu i ravnatelj \u00abCentra za medicinsko pravo\u00bb na Pravnom fakultetu u Splitu.<\/p>\n<p>Autor je 14 knjiga i oko 250 znanstvenih i stru\u010dnih radova. Sudjelovao je kao referent na vi\u0161e od 60 doma\u0107ih i me\u0111unarodnih znanstvenih i stru\u010dnih skupova, te je bio voditelj i\/ili suradnik na vi\u0161e doma\u0107ih i me\u0111unarodnih znanstveno-istra\u017eiva\u010dkih projekata. Redoviti je \u010dlana Akademije pravnih znanosti Hrvatske. Bio je \u010dlan i predsjednik Sveu\u010dili\u0161nog savjeta Sveu\u010dili\u0161ta u Splitu.<\/p>\n<p><strong>Ljubica \u017duni\u0107<\/strong>, dipl. iur. naslovni je predava\u010d Sveu\u010dili\u0161nog odjela zdravstvenih studija Sveu\u010dili\u0161ta u Splitu na kojemu upravo obna\u0161a funkciju pomo\u0107nice za pravna pitanja pro\u010delnika Odjela. <\/p>\n<p>Sudjeluje u nastavi iz predmeta <em>Osnove zdravstvenog prava<\/em> za studente sveu\u010dili\u0161nih preddiplomskih studija te u nastavi iz predmeta <em>Zdravstveno pravo i Pravo pacijenta<\/em> za studente sveu\u010dili\u0161nih diplomskih studija.<\/p>\n<p>Poha\u0111ala je poslijediplomski stru\u010dni studij Medicinsko pravo na Pravnom fakultetu Sveu\u010dili\u0161ta u Splitu na kojemu uskoro brani zavr\u0161ni rad iz problematike Prava pacijenata.<\/p>\n<p>Autor je ve\u0107eg broja stru\u010dnih radova i nastavnih tekstova iz podru\u010dja medicinskog prava te aktivno sudjeluje na doma\u0107im i me\u0111unarodnim kongresima i te\u010dajevima koji se ti\u010du zdravstveno-pravne problematike.<\/p>\n<p style=\"text-align: justify;\">\n<p><strong>Klju\u010dne rije\u010di:<\/strong><\/p>\n<p style=\"text-align: justify;\">zdravstveno pravo, pacijent, medicinska dokumentacija, lije\u010dni\u010dka tajna, komore zdravstvenih radnika, eti\u010dki kodeksi zdravstvenih radnika<\/p>\n<p><strong>Link:<\/strong>\u00a0<a href=\"http:\/\/ozs.unist.hr\/\">http:\/\/ozs.unist.hr\/<\/a><\/p>\n<p style=\"text-align: justify;\"><strong>Naslov:<\/strong>\u00a0Osnove zdravstvenog prava<br \/><strong>Autor:<\/strong>\u00a0Jozo \u010cizmi\u0107, Ljubica \u017duni\u0107<br \/><strong>Nakladnik:<\/strong>\u00a0SVEU\u010cILI\u0160TE U SPLITU, Sveu\u010dili\u0161ni odjel zdravstvenih studija<br \/><strong>Tisak:<\/strong>\u00a0digitalni tisak knjiga &#8211; print na zahtjev<\/p>\n","protected":false},"excerpt":{"rendered":"<p>Sa\u017eetak: Rukopis ovog ud\u017ebenika predstavlja cjelovitu obradu nastave iz kolegija zdravstvenog prava i namijenjen je studentima svih preddiplomskih i diplomskih sveu\u010dili\u0161nih studija koji se izvode na Sveu\u010dili\u0161nom odjelu zdravstvenih studija Sveu\u010dili\u0161ta u Splitu. Poglavlja su strukturirana prema tematici, a iza svakog poglavlja nalaze se ispitna pitanja na koja student mora obratiti pozornost i pomo\u0107u kojih [&hellip;]<\/p>\n","protected":false},"featured_media":7756,"comment_status":"open","ping_status":"closed","template":"","meta":{"_acf_changed":false},"product_brand":[],"product_cat":[1540,1517],"product_tag":[],"class_list":{"0":"post-7755","1":"product","2":"type-product","3":"status-publish","4":"has-post-thumbnail","6":"product_cat-biomedicina-i-zdravstvo","7":"product_cat-strucna-literatura","8":"pa_autor-jozo-cizmic","9":"pa_autor-ljubica-zunic","10":"pa_nakladnik-sveuciliste-u-splitu-sveucilisni-odjel-zdravstvenih-studija","12":"first","13":"instock","14":"shipping-taxable","15":"purchasable","16":"product-type-simple"},"acf":[],"yoast_head":"<!-- This site is optimized with the Yoast SEO plugin v27.3 - https:\/\/yoast.com\/product\/yoast-seo-wordpress\/ -->\n<title>OSNOVE ZDRAVSTVENOG PRAVA, J. \u010cizmi\u0107, Lj. \u017duni\u0107 - Web-knji\u017eara<\/title>\n<meta name=\"robots\" content=\"index, follow, max-snippet:-1, max-image-preview:large, max-video-preview:-1\" \/>\n<link rel=\"canonical\" href=\"https:\/\/webknjizara.hr\/proizvod\/osnove-zdravstvenog-prava-j-cizmic-lj-zunic\/\" \/>\n<meta property=\"og:locale\" content=\"en_US\" \/>\n<meta property=\"og:type\" content=\"article\" \/>\n<meta property=\"og:title\" content=\"OSNOVE ZDRAVSTVENOG PRAVA, J. \u010cizmi\u0107, Lj. \u017duni\u0107 - Web-knji\u017eara\" \/>\n<meta property=\"og:description\" content=\"Sa\u017eetak: Rukopis ovog ud\u017ebenika predstavlja cjelovitu obradu nastave iz kolegija zdravstvenog prava i namijenjen je studentima svih preddiplomskih i diplomskih sveu\u010dili\u0161nih studija koji se izvode na Sveu\u010dili\u0161nom odjelu zdravstvenih studija Sveu\u010dili\u0161ta u Splitu. Poglavlja su strukturirana prema tematici, a iza svakog poglavlja nalaze se ispitna pitanja na koja student mora obratiti pozornost i pomo\u0107u kojih [&hellip;]\" \/>\n<meta property=\"og:url\" content=\"https:\/\/webknjizara.hr\/proizvod\/osnove-zdravstvenog-prava-j-cizmic-lj-zunic\/\" \/>\n<meta property=\"og:site_name\" content=\"Web-knji\u017eara\" \/>\n<meta property=\"article:modified_time\" content=\"2025-06-24T13:40:52+00:00\" \/>\n<meta property=\"og:image\" content=\"https:\/\/webknjizara.hr\/wp-content\/uploads\/nc\/images\/virtuemart\/product\/osnove-zdravstve-52f8bc1491430.jpg\" \/>\n\t<meta property=\"og:image:width\" content=\"358\" \/>\n\t<meta property=\"og:image:height\" content=\"500\" \/>\n\t<meta property=\"og:image:type\" content=\"image\/jpeg\" \/>\n<meta name=\"twitter:card\" content=\"summary_large_image\" \/>\n<meta name=\"twitter:label1\" content=\"Est. reading time\" \/>\n\t<meta name=\"twitter:data1\" content=\"2 minutes\" \/>\n<script type=\"application\/ld+json\" class=\"yoast-schema-graph\">{\"@context\":\"https:\\\/\\\/schema.org\",\"@graph\":[{\"@type\":\"WebPage\",\"@id\":\"https:\\\/\\\/webknjizara.hr\\\/proizvod\\\/osnove-zdravstvenog-prava-j-cizmic-lj-zunic\\\/\",\"url\":\"https:\\\/\\\/webknjizara.hr\\\/proizvod\\\/osnove-zdravstvenog-prava-j-cizmic-lj-zunic\\\/\",\"name\":\"OSNOVE ZDRAVSTVENOG PRAVA, J. \u010cizmi\u0107, Lj. \u017duni\u0107 - Web-knji\u017eara\",\"isPartOf\":{\"@id\":\"https:\\\/\\\/webknjizara.hr\\\/#website\"},\"primaryImageOfPage\":{\"@id\":\"https:\\\/\\\/webknjizara.hr\\\/proizvod\\\/osnove-zdravstvenog-prava-j-cizmic-lj-zunic\\\/#primaryimage\"},\"image\":{\"@id\":\"https:\\\/\\\/webknjizara.hr\\\/proizvod\\\/osnove-zdravstvenog-prava-j-cizmic-lj-zunic\\\/#primaryimage\"},\"thumbnailUrl\":\"https:\\\/\\\/webknjizara.hr\\\/wp-content\\\/uploads\\\/nc\\\/images\\\/virtuemart\\\/product\\\/osnove-zdravstve-52f8bc1491430.jpg\",\"datePublished\":\"2014-02-10T11:46:28+00:00\",\"dateModified\":\"2025-06-24T13:40:52+00:00\",\"breadcrumb\":{\"@id\":\"https:\\\/\\\/webknjizara.hr\\\/proizvod\\\/osnove-zdravstvenog-prava-j-cizmic-lj-zunic\\\/#breadcrumb\"},\"inLanguage\":\"en-US\",\"potentialAction\":[{\"@type\":\"ReadAction\",\"target\":[\"https:\\\/\\\/webknjizara.hr\\\/proizvod\\\/osnove-zdravstvenog-prava-j-cizmic-lj-zunic\\\/\"]}]},{\"@type\":\"ImageObject\",\"inLanguage\":\"en-US\",\"@id\":\"https:\\\/\\\/webknjizara.hr\\\/proizvod\\\/osnove-zdravstvenog-prava-j-cizmic-lj-zunic\\\/#primaryimage\",\"url\":\"https:\\\/\\\/webknjizara.hr\\\/wp-content\\\/uploads\\\/nc\\\/images\\\/virtuemart\\\/product\\\/osnove-zdravstve-52f8bc1491430.jpg\",\"contentUrl\":\"https:\\\/\\\/webknjizara.hr\\\/wp-content\\\/uploads\\\/nc\\\/images\\\/virtuemart\\\/product\\\/osnove-zdravstve-52f8bc1491430.jpg\",\"width\":358,\"height\":500,\"caption\":\"OSNOVE ZDRAVSTVENOG PRAVA, J. \u010cizmi\u0107, Lj. \u017duni\u0107\"},{\"@type\":\"BreadcrumbList\",\"@id\":\"https:\\\/\\\/webknjizara.hr\\\/proizvod\\\/osnove-zdravstvenog-prava-j-cizmic-lj-zunic\\\/#breadcrumb\",\"itemListElement\":[{\"@type\":\"ListItem\",\"position\":1,\"name\":\"Po\u010detna stranica\",\"item\":\"https:\\\/\\\/webknjizara.hr\\\/en\\\/\"},{\"@type\":\"ListItem\",\"position\":2,\"name\":\"Shop\",\"item\":\"https:\\\/\\\/webknjizara.hr\\\/shop\\\/\"},{\"@type\":\"ListItem\",\"position\":3,\"name\":\"OSNOVE ZDRAVSTVENOG PRAVA, J. \u010cizmi\u0107, Lj. \u017duni\u0107\"}]},{\"@type\":\"WebSite\",\"@id\":\"https:\\\/\\\/webknjizara.hr\\\/#website\",\"url\":\"https:\\\/\\\/webknjizara.hr\\\/\",\"name\":\"Web Knji\u017eara\",\"description\":\"\",\"publisher\":{\"@id\":\"https:\\\/\\\/webknjizara.hr\\\/#organization\"},\"potentialAction\":[{\"@type\":\"SearchAction\",\"target\":{\"@type\":\"EntryPoint\",\"urlTemplate\":\"https:\\\/\\\/webknjizara.hr\\\/?s={search_term_string}\"},\"query-input\":{\"@type\":\"PropertyValueSpecification\",\"valueRequired\":true,\"valueName\":\"search_term_string\"}}],\"inLanguage\":\"en-US\"},{\"@type\":\"Organization\",\"@id\":\"https:\\\/\\\/webknjizara.hr\\\/#organization\",\"name\":\"REDAK D.O.O.\",\"url\":\"https:\\\/\\\/webknjizara.hr\\\/\",\"logo\":{\"@type\":\"ImageObject\",\"inLanguage\":\"en-US\",\"@id\":\"https:\\\/\\\/webknjizara.hr\\\/#\\\/schema\\\/logo\\\/image\\\/\",\"url\":\"https:\\\/\\\/webknjizara.hr\\\/wp-content\\\/uploads\\\/2023\\\/01\\\/web-knjizara-logo.webp\",\"contentUrl\":\"https:\\\/\\\/webknjizara.hr\\\/wp-content\\\/uploads\\\/2023\\\/01\\\/web-knjizara-logo.webp\",\"width\":324,\"height\":79,\"caption\":\"REDAK D.O.O.\"},\"image\":{\"@id\":\"https:\\\/\\\/webknjizara.hr\\\/#\\\/schema\\\/logo\\\/image\\\/\"}}]}<\/script>\n<!-- \/ Yoast SEO plugin. -->","yoast_head_json":{"title":"OSNOVE ZDRAVSTVENOG PRAVA, J. \u010cizmi\u0107, Lj. \u017duni\u0107 - Web-knji\u017eara","robots":{"index":"index","follow":"follow","max-snippet":"max-snippet:-1","max-image-preview":"max-image-preview:large","max-video-preview":"max-video-preview:-1"},"canonical":"https:\/\/webknjizara.hr\/proizvod\/osnove-zdravstvenog-prava-j-cizmic-lj-zunic\/","og_locale":"en_US","og_type":"article","og_title":"OSNOVE ZDRAVSTVENOG PRAVA, J. \u010cizmi\u0107, Lj. \u017duni\u0107 - Web-knji\u017eara","og_description":"Sa\u017eetak: Rukopis ovog ud\u017ebenika predstavlja cjelovitu obradu nastave iz kolegija zdravstvenog prava i namijenjen je studentima svih preddiplomskih i diplomskih sveu\u010dili\u0161nih studija koji se izvode na Sveu\u010dili\u0161nom odjelu zdravstvenih studija Sveu\u010dili\u0161ta u Splitu. Poglavlja su strukturirana prema tematici, a iza svakog poglavlja nalaze se ispitna pitanja na koja student mora obratiti pozornost i pomo\u0107u kojih [&hellip;]","og_url":"https:\/\/webknjizara.hr\/proizvod\/osnove-zdravstvenog-prava-j-cizmic-lj-zunic\/","og_site_name":"Web-knji\u017eara","article_modified_time":"2025-06-24T13:40:52+00:00","og_image":[{"width":358,"height":500,"url":"https:\/\/webknjizara.hr\/wp-content\/uploads\/nc\/images\/virtuemart\/product\/osnove-zdravstve-52f8bc1491430.jpg","type":"image\/jpeg"}],"twitter_card":"summary_large_image","twitter_misc":{"Est. reading time":"2 minutes"},"schema":{"@context":"https:\/\/schema.org","@graph":[{"@type":"WebPage","@id":"https:\/\/webknjizara.hr\/proizvod\/osnove-zdravstvenog-prava-j-cizmic-lj-zunic\/","url":"https:\/\/webknjizara.hr\/proizvod\/osnove-zdravstvenog-prava-j-cizmic-lj-zunic\/","name":"OSNOVE ZDRAVSTVENOG PRAVA, J. \u010cizmi\u0107, Lj. \u017duni\u0107 - Web-knji\u017eara","isPartOf":{"@id":"https:\/\/webknjizara.hr\/#website"},"primaryImageOfPage":{"@id":"https:\/\/webknjizara.hr\/proizvod\/osnove-zdravstvenog-prava-j-cizmic-lj-zunic\/#primaryimage"},"image":{"@id":"https:\/\/webknjizara.hr\/proizvod\/osnove-zdravstvenog-prava-j-cizmic-lj-zunic\/#primaryimage"},"thumbnailUrl":"https:\/\/webknjizara.hr\/wp-content\/uploads\/nc\/images\/virtuemart\/product\/osnove-zdravstve-52f8bc1491430.jpg","datePublished":"2014-02-10T11:46:28+00:00","dateModified":"2025-06-24T13:40:52+00:00","breadcrumb":{"@id":"https:\/\/webknjizara.hr\/proizvod\/osnove-zdravstvenog-prava-j-cizmic-lj-zunic\/#breadcrumb"},"inLanguage":"en-US","potentialAction":[{"@type":"ReadAction","target":["https:\/\/webknjizara.hr\/proizvod\/osnove-zdravstvenog-prava-j-cizmic-lj-zunic\/"]}]},{"@type":"ImageObject","inLanguage":"en-US","@id":"https:\/\/webknjizara.hr\/proizvod\/osnove-zdravstvenog-prava-j-cizmic-lj-zunic\/#primaryimage","url":"https:\/\/webknjizara.hr\/wp-content\/uploads\/nc\/images\/virtuemart\/product\/osnove-zdravstve-52f8bc1491430.jpg","contentUrl":"https:\/\/webknjizara.hr\/wp-content\/uploads\/nc\/images\/virtuemart\/product\/osnove-zdravstve-52f8bc1491430.jpg","width":358,"height":500,"caption":"OSNOVE ZDRAVSTVENOG PRAVA, J. \u010cizmi\u0107, Lj. \u017duni\u0107"},{"@type":"BreadcrumbList","@id":"https:\/\/webknjizara.hr\/proizvod\/osnove-zdravstvenog-prava-j-cizmic-lj-zunic\/#breadcrumb","itemListElement":[{"@type":"ListItem","position":1,"name":"Po\u010detna stranica","item":"https:\/\/webknjizara.hr\/en\/"},{"@type":"ListItem","position":2,"name":"Shop","item":"https:\/\/webknjizara.hr\/shop\/"},{"@type":"ListItem","position":3,"name":"OSNOVE ZDRAVSTVENOG PRAVA, J. \u010cizmi\u0107, Lj. \u017duni\u0107"}]},{"@type":"WebSite","@id":"https:\/\/webknjizara.hr\/#website","url":"https:\/\/webknjizara.hr\/","name":"Web Knji\u017eara","description":"","publisher":{"@id":"https:\/\/webknjizara.hr\/#organization"},"potentialAction":[{"@type":"SearchAction","target":{"@type":"EntryPoint","urlTemplate":"https:\/\/webknjizara.hr\/?s={search_term_string}"},"query-input":{"@type":"PropertyValueSpecification","valueRequired":true,"valueName":"search_term_string"}}],"inLanguage":"en-US"},{"@type":"Organization","@id":"https:\/\/webknjizara.hr\/#organization","name":"REDAK D.O.O.","url":"https:\/\/webknjizara.hr\/","logo":{"@type":"ImageObject","inLanguage":"en-US","@id":"https:\/\/webknjizara.hr\/#\/schema\/logo\/image\/","url":"https:\/\/webknjizara.hr\/wp-content\/uploads\/2023\/01\/web-knjizara-logo.webp","contentUrl":"https:\/\/webknjizara.hr\/wp-content\/uploads\/2023\/01\/web-knjizara-logo.webp","width":324,"height":79,"caption":"REDAK D.O.O."},"image":{"@id":"https:\/\/webknjizara.hr\/#\/schema\/logo\/image\/"}}]}},"_links":{"self":[{"href":"https:\/\/webknjizara.hr\/en\/wp-json\/wp\/v2\/product\/7755","targetHints":{"allow":["GET"]}}],"collection":[{"href":"https:\/\/webknjizara.hr\/en\/wp-json\/wp\/v2\/product"}],"about":[{"href":"https:\/\/webknjizara.hr\/en\/wp-json\/wp\/v2\/types\/product"}],"replies":[{"embeddable":true,"href":"https:\/\/webknjizara.hr\/en\/wp-json\/wp\/v2\/comments?post=7755"}],"wp:featuredmedia":[{"embeddable":true,"href":"https:\/\/webknjizara.hr\/en\/wp-json\/wp\/v2\/media\/7756"}],"wp:attachment":[{"href":"https:\/\/webknjizara.hr\/en\/wp-json\/wp\/v2\/media?parent=7755"}],"wp:term":[{"taxonomy":"product_brand","embeddable":true,"href":"https:\/\/webknjizara.hr\/en\/wp-json\/wp\/v2\/product_brand?post=7755"},{"taxonomy":"product_cat","embeddable":true,"href":"https:\/\/webknjizara.hr\/en\/wp-json\/wp\/v2\/product_cat?post=7755"},{"taxonomy":"product_tag","embeddable":true,"href":"https:\/\/webknjizara.hr\/en\/wp-json\/wp\/v2\/product_tag?post=7755"}],"curies":[{"name":"wp","href":"https:\/\/api.w.org\/{rel}","templated":true}]}}