{"id":7753,"date":"2014-01-23T15:42:22","date_gmt":"2014-01-23T15:42:22","guid":{"rendered":"https:\/\/webknjizara.hr\/?product=komplet-zbornika-kongresa-dnoom-a-4-knjige"},"modified":"2023-02-27T00:16:03","modified_gmt":"2023-02-26T23:16:03","slug":"komplet-zbornika-kongresa-dnoom-a-4-knjige","status":"publish","type":"product","link":"https:\/\/webknjizara.hr\/en\/proizvod\/komplet-zbornika-kongresa-dnoom-a-4-knjige\/","title":{"rendered":"Komplet zbornika kongresa DNOOM-a (4 knjige)"},"content":{"rendered":"<p style=\"text-align: justify;\"><a href=\"https:\/\/webknjizara.hr\/hr\/component\/virtuemart\/?page=shop.product_details&#038;flypage=flypage.tpl&#038;category_id=10&#038;product_id=183\" target=\"_blank\" rel=\"noopener\"><strong><br \/>ZBRINJAVANJE BOLESNIKA S NAJ\u010cE\u0160\u0106IM PSIHI\u010cKIM POREME\u0106AJIMA U O.M.<\/strong><\/a><\/p>\n<p style=\"text-align: justify;\">Prvi kongres Dru\u0161tva nastavnika op\u0107e\/obiteljske medicine (DNOOM) odr\u017ean je u o\u017eujku 2010. godine, s temom Zbrinjavanje bolesnika s naj\u010de\u0161\u0107im psihi\u010dkim poreme\u0107ajima u obiteljskoj medicini. Zbornik radova tog kongresa napisan je na 203 stranice, opremljen brojnim tablicama i slikama. Sadr\u017ei 15 preglednih \u010dlanka koji obra\u0111uju teme iz podru\u010dja psihi\u010dkih poreme\u0107aja s kojima se obiteljski lije\u010dnik susre\u0107e u svom radu (depresija, anksioznost, neorganski poreme\u0107aji spavanja, somatizacijski poreme\u0107aji, anoreksija i bulimija, adolescentna kriza i mnogi drugi). <\/p>\n<p><strong><a href=\"https:\/\/webknjizara.hr\/hr\/component\/virtuemart\/?page=shop.product_details&#038;flypage=flypage.tpl&#038;category_id=10&#038;product_id=184\" target=\"_blank\" rel=\"noopener\">BOLESNIK SA \u0160E\u0106ERNOM BOLESTI U OBITELJSKOJ MEDICINI DANAS<\/a><br \/><\/strong><br \/>Drugi kongres Dru\u0161tva nastavnika op\u0107e\/obiteljske medicine (DNOOM) s me\u0111unarodnim sudjelovanjem i pod visokim pokroviteljstvom predsjednika Republike Hrvatske odr\u017ean je u o\u017eujku 2011. godine, s temom Bolesnik sa \u0161e\u0107ernom bolesti u obiteljskoj medicini danas. Ova vrlo aktualna tema u svjetlu novih Hrvatskih smjernica za lije\u010denje \u0161e\u0107erne bolesti tipa 2 obra\u0111ena je s razli\u010ditih gledi\u0161ta u Zborniku radova kongresa. Zbornik je napisan je na 253 stranice, te opremljen brojnim tablicama i slikama. Sadr\u017ei 19 preglednih \u010dlanka koji obra\u0111uju temu dijabetesa (rano otkrivanje, indikatori kvalitete skrbi za dijabeti\u010dare: lije\u010dnika prema oboljelom, proaktivni pristup prevenciji, patofiziologija, dijagnostika i lije\u010denje \u0161e\u0107erne bolesti, samozbrinjavanje, samokontrola, komplikacije itd.)<\/p>\n<p><a href=\"https:\/\/webknjizara.hr\/en\/component\/virtuemart\/?page=shop.product_details&#038;flypage=flypage.tpl&#038;category_id=10&#038;product_id=185\" target=\"_blank\" rel=\"noopener\"><strong>BOLESNICI S RESPIRATORNIM BOLESTIMA U OBITELJSKOJ MEDICINI<\/strong><\/a> <\/p>\n<p>Tre\u0107i kongres Dru\u0161tva nastavnika op\u0107e\/obiteljske medicine (DNOOM) s me\u0111unarodnim sudjelovanjem odr\u017ean je u Zagrebu u o\u017eujku 2012. godine, s temom Bolesnici s respiratornim bolestima u obiteljskoj medicini. Zbornik radova tog kongresa napisan je na 286 stranica, opremljen brojnim tablicama i slikama, te podijeljen na dva dijela. Uvodni \u010dlanak o nastavi obiteljske medicine u Sloveniji napisali su autori s Odsjeka za obiteljsku medicinu Medicinskog fakulteta u Mariboru. Prvi dio zbornika sadr\u017ei 22 pregledna \u010dlanka koji obra\u0111uju teme iz podru\u010dja respiratornih bolesti, koje su po svojoj prirodi i u\u010destalosti va\u017ean dio svakodnevnog rada obiteljskog lije\u010dnika (astma, kroni\u010dna opstruktivna plu\u0107na bolest, ka\u0161alj i zaduha, dijagnostika, lije\u010denje, rehabilitacija, uporaba antimikrobnih lijekova i mnoge druge). Autori \u010dlanaka su nastavnici sa sve \u010detiri katedre obiteljske medicine u Republici Hrvatskoj, s Medicinskih fakulteta u Zagrebu, Splitu, Rijeci i Osijeku. Drugi dio zbornika sadr\u017ei sa\u017eetke postera studenata medicinskih fakulteta u Hrvatskoj, prikazanih na 3. kongresu DNOOM-a. Me\u0111u njima, 11 je s temom respiratornih bolesti a 9 s razli\u010ditim temama iz svakodnevnog rada obiteljskog lije\u010dnika (febrilna stanja, bolesti kardiovaskularnog sustava, reumatolo\u0161ke bolesti). Zbornik je namijenjen kako studentima dodiplomske nastave kao korisno nastavno \u0161tivo, tako i obiteljskim lije\u010dnicima kao priru\u010dnik u njihovom svakodnevnom radu.<\/p>\n<p><a href=\"hr\/about-joomla?page=shop.product_details&#038;flypage=flypage.tpl&#038;category_id=31&#038;product_id=267&#038;vmcchk=1\" target=\"_blank\" rel=\"noopener\"><strong>BOLESNIK SA SR\u010cANO\u017dILNOM BOLESTI U OBITELJSKOJ MEDICINI, grupa a<\/strong><\/a> <\/p>\n<p>Kardiovaskularne (KV) bolesti va\u017ean su javnozdravstveni problem u nas i u svijetu. Vode\u0107i su uzrok morbiditeta i mortaliteta ve\u0107ine zemalja svijeta. Iako se u posljednje tri godine bilje\u017ei ohrabruju\u0107i trend smanjenja smrtnosti od KV bolesti u nas, Republika Hrvatska jo\u0161 uvijek pripada me\u0111u zemlje visokog rizika za te bolesti. Zna\u010denje tog globalnog problema prepoznalo je i Dru\u0161tvo nastavnika op\u0107e\/obiteljske medicine, uzev\u0161i KV bolesti za glavnu temu svog \u010detvrtog kongresa s me\u0111unarodnim sudjelovanjem. Kongres je odr\u017ean u o\u017eujku.2013. u Zagrebu pod nazivom Bolesnik sa sr\u010dano \u017eilnom bolesti u obiteljskoj medicini. Zbornik kongresa tiskan je na 511 stranica i opremljen brojnim dijagramima, slikama i tablicama. Prvi dio zbornika sadr\u017ei ukupno 37 preglednih \u010dlanaka autora iz zemlje i inozemstva, a drugi dio 30 sa\u017eetaka postera s razli\u010ditim temama, a koji su bili prikazani na kongresu. \u010clanci zbornika daju prikaz brojnih tematskih cjelina iz podru\u010dja kardiovaskularne medicine (KV prevencija, ukupni KV rizika, arterijska hipertenzija, dislipidemija, KV bolesti u dijabeti\u010dara, te mnoge druge) doti\u010du\u0107i tako \u010destu kazuistiku svakodnevno prisutnu u radu obiteljskih lije\u010dnika. Zbornik je namijenjen kako studentima dodiplomske nastave kao korisno nastavno \u0161tivo, tako i obiteljskim lije\u010dnicima kao vrijedan priru\u010dnik primjenjiv u njihovom svakodnevnom radu.<\/p>\n<p><strong>Bilje\u0161ka o urednici:<\/p>\n<p>Prof.dr.sc.\u00a0Biserka Bergman Markovi\u0107<\/strong>, ro\u0111ena 13.01.1952. u Zagrebu, Hrvatska. Od 1976 godine radi u Ordinaciji op\u0107e medicine. Nakon specijalizacije iz obiteljske medicine 1982, zapo\u0161ljava se Katedri za obiteljsku medicine Medicinskog fakulteta u Zagrebu. Polje u\u017eeg interesa je prevencija kardiovaskularnih bolesti. Kao predsjednik Dru\u0161tva nastavnika op\u0107e\/obiteljske medicine od 2008. godine organizirala je svake godine kongres I dvadesetak radionica na kojima poti\u010de da lije\u010dnici obiteljske medicine sudjeluju kao nastavnici u trajnoj edukaciji lije\u010dnika obiteljske medicine. Autor nekoliko desetaka znanstvenih i stru\u010dnih radova, voditelj projekta o utjecaju intervenciji lije\u010dnika obiteljske medicine na sr\u010dano \u017eilnu bolest.\u00a0<\/p>\n<p style=\"text-align: justify;\"><strong>Klju\u010dne rije\u010di:<\/strong> <br \/>obiteljska medicina, zbornik, psihi\u010dki poreme\u0107aji, \u0161e\u0107erna bolest, respiratorne bolesti, kardiovaskularne bolesti, sr\u010dano\u017eilne bolesti<\/p>\n<p><strong>Link:<\/strong> <a href=\"http:\/\/www.dnoom.org\" target=\"_blank\" rel=\"noopener\">www.dnoom.org<\/a><br \/><strong>E-mail:<\/strong>\u00a0<a href=\"mailto:bbergmanmarkovic@gmail.com\">Biserka Bergman Markovi\u0107<\/a><\/p>\n<p style=\"text-align: justify;\"><strong>Naslov:<\/strong> Komplet zbornika kongresa DNOOM-a (4 knjige)<br \/><strong>Autor:<\/strong> GRUPA AUTORA, Biserka Bergman Markovi\u0107 (ur.)<br \/><strong>Nakladnik:<\/strong> REDAK<br \/><strong>Godina izdanja:<\/strong> 2014., 2011., 2012., 2013.<br \/><strong>Tisak:<\/strong> digitalni tisak knjiga &#8211; print na zahtjev<\/p>\n","protected":false},"excerpt":{"rendered":"<p>ZBRINJAVANJE BOLESNIKA S NAJ\u010cE\u0160\u0106IM PSIHI\u010cKIM POREME\u0106AJIMA U O.M. Prvi kongres Dru\u0161tva nastavnika op\u0107e\/obiteljske medicine (DNOOM) odr\u017ean je u o\u017eujku 2010. godine, s temom Zbrinjavanje bolesnika s naj\u010de\u0161\u0107im psihi\u010dkim poreme\u0107ajima u obiteljskoj medicini. Zbornik radova tog kongresa napisan je na 203 stranice, opremljen brojnim tablicama i slikama. Sadr\u017ei 15 preglednih \u010dlanka koji obra\u0111uju teme iz podru\u010dja [&hellip;]<\/p>\n","protected":false},"featured_media":7754,"comment_status":"open","ping_status":"closed","template":"","meta":{"_acf_changed":false},"product_brand":[],"product_cat":[1540,1517],"product_tag":[],"class_list":{"0":"post-7753","1":"product","2":"type-product","3":"status-publish","4":"has-post-thumbnail","6":"product_cat-biomedicina-i-zdravstvo","7":"product_cat-strucna-literatura","8":"pa_autor-grupa-autora","9":"pa_autor-biserka-bergman-markovic-ur","10":"pa_nakladnik-redak","12":"first","13":"instock","14":"shipping-taxable","15":"purchasable","16":"product-type-simple"},"acf":[],"yoast_head":"<!-- This site is optimized with the Yoast SEO plugin v27.3 - https:\/\/yoast.com\/product\/yoast-seo-wordpress\/ -->\n<title>Komplet zbornika kongresa DNOOM-a (4 knjige) - Web-knji\u017eara<\/title>\n<meta name=\"robots\" content=\"index, follow, max-snippet:-1, max-image-preview:large, max-video-preview:-1\" \/>\n<link rel=\"canonical\" href=\"https:\/\/webknjizara.hr\/proizvod\/komplet-zbornika-kongresa-dnoom-a-4-knjige\/\" \/>\n<meta property=\"og:locale\" content=\"en_US\" \/>\n<meta property=\"og:type\" content=\"article\" \/>\n<meta property=\"og:title\" content=\"Komplet zbornika kongresa DNOOM-a (4 knjige) - Web-knji\u017eara\" \/>\n<meta property=\"og:description\" content=\"ZBRINJAVANJE BOLESNIKA S NAJ\u010cE\u0160\u0106IM PSIHI\u010cKIM POREME\u0106AJIMA U O.M. Prvi kongres Dru\u0161tva nastavnika op\u0107e\/obiteljske medicine (DNOOM) odr\u017ean je u o\u017eujku 2010. godine, s temom Zbrinjavanje bolesnika s naj\u010de\u0161\u0107im psihi\u010dkim poreme\u0107ajima u obiteljskoj medicini. Zbornik radova tog kongresa napisan je na 203 stranice, opremljen brojnim tablicama i slikama. Sadr\u017ei 15 preglednih \u010dlanka koji obra\u0111uju teme iz podru\u010dja [&hellip;]\" \/>\n<meta property=\"og:url\" content=\"https:\/\/webknjizara.hr\/proizvod\/komplet-zbornika-kongresa-dnoom-a-4-knjige\/\" \/>\n<meta property=\"og:site_name\" content=\"Web-knji\u017eara\" \/>\n<meta property=\"article:modified_time\" content=\"2023-02-26T23:16:03+00:00\" \/>\n<meta property=\"og:image\" content=\"https:\/\/webknjizara.hr\/wp-content\/uploads\/nc\/images\/virtuemart\/product\/komplet-zbornika-52e1385e36e00.jpg\" \/>\n\t<meta property=\"og:image:width\" content=\"358\" \/>\n\t<meta property=\"og:image:height\" content=\"500\" \/>\n\t<meta property=\"og:image:type\" content=\"image\/jpeg\" \/>\n<meta name=\"twitter:card\" content=\"summary_large_image\" \/>\n<meta name=\"twitter:label1\" content=\"Est. reading time\" \/>\n\t<meta name=\"twitter:data1\" content=\"4 minutes\" \/>\n<script type=\"application\/ld+json\" class=\"yoast-schema-graph\">{\"@context\":\"https:\\\/\\\/schema.org\",\"@graph\":[{\"@type\":\"WebPage\",\"@id\":\"https:\\\/\\\/webknjizara.hr\\\/proizvod\\\/komplet-zbornika-kongresa-dnoom-a-4-knjige\\\/\",\"url\":\"https:\\\/\\\/webknjizara.hr\\\/proizvod\\\/komplet-zbornika-kongresa-dnoom-a-4-knjige\\\/\",\"name\":\"Komplet zbornika kongresa DNOOM-a (4 knjige) - Web-knji\u017eara\",\"isPartOf\":{\"@id\":\"https:\\\/\\\/webknjizara.hr\\\/#website\"},\"primaryImageOfPage\":{\"@id\":\"https:\\\/\\\/webknjizara.hr\\\/proizvod\\\/komplet-zbornika-kongresa-dnoom-a-4-knjige\\\/#primaryimage\"},\"image\":{\"@id\":\"https:\\\/\\\/webknjizara.hr\\\/proizvod\\\/komplet-zbornika-kongresa-dnoom-a-4-knjige\\\/#primaryimage\"},\"thumbnailUrl\":\"https:\\\/\\\/webknjizara.hr\\\/wp-content\\\/uploads\\\/nc\\\/images\\\/virtuemart\\\/product\\\/komplet-zbornika-52e1385e36e00.jpg\",\"datePublished\":\"2014-01-23T15:42:22+00:00\",\"dateModified\":\"2023-02-26T23:16:03+00:00\",\"breadcrumb\":{\"@id\":\"https:\\\/\\\/webknjizara.hr\\\/proizvod\\\/komplet-zbornika-kongresa-dnoom-a-4-knjige\\\/#breadcrumb\"},\"inLanguage\":\"en-US\",\"potentialAction\":[{\"@type\":\"ReadAction\",\"target\":[\"https:\\\/\\\/webknjizara.hr\\\/proizvod\\\/komplet-zbornika-kongresa-dnoom-a-4-knjige\\\/\"]}]},{\"@type\":\"ImageObject\",\"inLanguage\":\"en-US\",\"@id\":\"https:\\\/\\\/webknjizara.hr\\\/proizvod\\\/komplet-zbornika-kongresa-dnoom-a-4-knjige\\\/#primaryimage\",\"url\":\"https:\\\/\\\/webknjizara.hr\\\/wp-content\\\/uploads\\\/nc\\\/images\\\/virtuemart\\\/product\\\/komplet-zbornika-52e1385e36e00.jpg\",\"contentUrl\":\"https:\\\/\\\/webknjizara.hr\\\/wp-content\\\/uploads\\\/nc\\\/images\\\/virtuemart\\\/product\\\/komplet-zbornika-52e1385e36e00.jpg\",\"width\":358,\"height\":500,\"caption\":\"Komplet zbornika kongresa DNOOM-a (4 knjige)\"},{\"@type\":\"BreadcrumbList\",\"@id\":\"https:\\\/\\\/webknjizara.hr\\\/proizvod\\\/komplet-zbornika-kongresa-dnoom-a-4-knjige\\\/#breadcrumb\",\"itemListElement\":[{\"@type\":\"ListItem\",\"position\":1,\"name\":\"Po\u010detna stranica\",\"item\":\"https:\\\/\\\/webknjizara.hr\\\/en\\\/\"},{\"@type\":\"ListItem\",\"position\":2,\"name\":\"Shop\",\"item\":\"https:\\\/\\\/webknjizara.hr\\\/shop\\\/\"},{\"@type\":\"ListItem\",\"position\":3,\"name\":\"Komplet zbornika kongresa DNOOM-a (4 knjige)\"}]},{\"@type\":\"WebSite\",\"@id\":\"https:\\\/\\\/webknjizara.hr\\\/#website\",\"url\":\"https:\\\/\\\/webknjizara.hr\\\/\",\"name\":\"Web Knji\u017eara\",\"description\":\"\",\"publisher\":{\"@id\":\"https:\\\/\\\/webknjizara.hr\\\/#organization\"},\"potentialAction\":[{\"@type\":\"SearchAction\",\"target\":{\"@type\":\"EntryPoint\",\"urlTemplate\":\"https:\\\/\\\/webknjizara.hr\\\/?s={search_term_string}\"},\"query-input\":{\"@type\":\"PropertyValueSpecification\",\"valueRequired\":true,\"valueName\":\"search_term_string\"}}],\"inLanguage\":\"en-US\"},{\"@type\":\"Organization\",\"@id\":\"https:\\\/\\\/webknjizara.hr\\\/#organization\",\"name\":\"REDAK D.O.O.\",\"url\":\"https:\\\/\\\/webknjizara.hr\\\/\",\"logo\":{\"@type\":\"ImageObject\",\"inLanguage\":\"en-US\",\"@id\":\"https:\\\/\\\/webknjizara.hr\\\/#\\\/schema\\\/logo\\\/image\\\/\",\"url\":\"https:\\\/\\\/webknjizara.hr\\\/wp-content\\\/uploads\\\/2023\\\/01\\\/web-knjizara-logo.webp\",\"contentUrl\":\"https:\\\/\\\/webknjizara.hr\\\/wp-content\\\/uploads\\\/2023\\\/01\\\/web-knjizara-logo.webp\",\"width\":324,\"height\":79,\"caption\":\"REDAK D.O.O.\"},\"image\":{\"@id\":\"https:\\\/\\\/webknjizara.hr\\\/#\\\/schema\\\/logo\\\/image\\\/\"}}]}<\/script>\n<!-- \/ Yoast SEO plugin. -->","yoast_head_json":{"title":"Komplet zbornika kongresa DNOOM-a (4 knjige) - Web-knji\u017eara","robots":{"index":"index","follow":"follow","max-snippet":"max-snippet:-1","max-image-preview":"max-image-preview:large","max-video-preview":"max-video-preview:-1"},"canonical":"https:\/\/webknjizara.hr\/proizvod\/komplet-zbornika-kongresa-dnoom-a-4-knjige\/","og_locale":"en_US","og_type":"article","og_title":"Komplet zbornika kongresa DNOOM-a (4 knjige) - Web-knji\u017eara","og_description":"ZBRINJAVANJE BOLESNIKA S NAJ\u010cE\u0160\u0106IM PSIHI\u010cKIM POREME\u0106AJIMA U O.M. Prvi kongres Dru\u0161tva nastavnika op\u0107e\/obiteljske medicine (DNOOM) odr\u017ean je u o\u017eujku 2010. godine, s temom Zbrinjavanje bolesnika s naj\u010de\u0161\u0107im psihi\u010dkim poreme\u0107ajima u obiteljskoj medicini. Zbornik radova tog kongresa napisan je na 203 stranice, opremljen brojnim tablicama i slikama. Sadr\u017ei 15 preglednih \u010dlanka koji obra\u0111uju teme iz podru\u010dja [&hellip;]","og_url":"https:\/\/webknjizara.hr\/proizvod\/komplet-zbornika-kongresa-dnoom-a-4-knjige\/","og_site_name":"Web-knji\u017eara","article_modified_time":"2023-02-26T23:16:03+00:00","og_image":[{"width":358,"height":500,"url":"https:\/\/webknjizara.hr\/wp-content\/uploads\/nc\/images\/virtuemart\/product\/komplet-zbornika-52e1385e36e00.jpg","type":"image\/jpeg"}],"twitter_card":"summary_large_image","twitter_misc":{"Est. reading time":"4 minutes"},"schema":{"@context":"https:\/\/schema.org","@graph":[{"@type":"WebPage","@id":"https:\/\/webknjizara.hr\/proizvod\/komplet-zbornika-kongresa-dnoom-a-4-knjige\/","url":"https:\/\/webknjizara.hr\/proizvod\/komplet-zbornika-kongresa-dnoom-a-4-knjige\/","name":"Komplet zbornika kongresa DNOOM-a (4 knjige) - Web-knji\u017eara","isPartOf":{"@id":"https:\/\/webknjizara.hr\/#website"},"primaryImageOfPage":{"@id":"https:\/\/webknjizara.hr\/proizvod\/komplet-zbornika-kongresa-dnoom-a-4-knjige\/#primaryimage"},"image":{"@id":"https:\/\/webknjizara.hr\/proizvod\/komplet-zbornika-kongresa-dnoom-a-4-knjige\/#primaryimage"},"thumbnailUrl":"https:\/\/webknjizara.hr\/wp-content\/uploads\/nc\/images\/virtuemart\/product\/komplet-zbornika-52e1385e36e00.jpg","datePublished":"2014-01-23T15:42:22+00:00","dateModified":"2023-02-26T23:16:03+00:00","breadcrumb":{"@id":"https:\/\/webknjizara.hr\/proizvod\/komplet-zbornika-kongresa-dnoom-a-4-knjige\/#breadcrumb"},"inLanguage":"en-US","potentialAction":[{"@type":"ReadAction","target":["https:\/\/webknjizara.hr\/proizvod\/komplet-zbornika-kongresa-dnoom-a-4-knjige\/"]}]},{"@type":"ImageObject","inLanguage":"en-US","@id":"https:\/\/webknjizara.hr\/proizvod\/komplet-zbornika-kongresa-dnoom-a-4-knjige\/#primaryimage","url":"https:\/\/webknjizara.hr\/wp-content\/uploads\/nc\/images\/virtuemart\/product\/komplet-zbornika-52e1385e36e00.jpg","contentUrl":"https:\/\/webknjizara.hr\/wp-content\/uploads\/nc\/images\/virtuemart\/product\/komplet-zbornika-52e1385e36e00.jpg","width":358,"height":500,"caption":"Komplet zbornika kongresa DNOOM-a (4 knjige)"},{"@type":"BreadcrumbList","@id":"https:\/\/webknjizara.hr\/proizvod\/komplet-zbornika-kongresa-dnoom-a-4-knjige\/#breadcrumb","itemListElement":[{"@type":"ListItem","position":1,"name":"Po\u010detna stranica","item":"https:\/\/webknjizara.hr\/en\/"},{"@type":"ListItem","position":2,"name":"Shop","item":"https:\/\/webknjizara.hr\/shop\/"},{"@type":"ListItem","position":3,"name":"Komplet zbornika kongresa DNOOM-a (4 knjige)"}]},{"@type":"WebSite","@id":"https:\/\/webknjizara.hr\/#website","url":"https:\/\/webknjizara.hr\/","name":"Web Knji\u017eara","description":"","publisher":{"@id":"https:\/\/webknjizara.hr\/#organization"},"potentialAction":[{"@type":"SearchAction","target":{"@type":"EntryPoint","urlTemplate":"https:\/\/webknjizara.hr\/?s={search_term_string}"},"query-input":{"@type":"PropertyValueSpecification","valueRequired":true,"valueName":"search_term_string"}}],"inLanguage":"en-US"},{"@type":"Organization","@id":"https:\/\/webknjizara.hr\/#organization","name":"REDAK D.O.O.","url":"https:\/\/webknjizara.hr\/","logo":{"@type":"ImageObject","inLanguage":"en-US","@id":"https:\/\/webknjizara.hr\/#\/schema\/logo\/image\/","url":"https:\/\/webknjizara.hr\/wp-content\/uploads\/2023\/01\/web-knjizara-logo.webp","contentUrl":"https:\/\/webknjizara.hr\/wp-content\/uploads\/2023\/01\/web-knjizara-logo.webp","width":324,"height":79,"caption":"REDAK D.O.O."},"image":{"@id":"https:\/\/webknjizara.hr\/#\/schema\/logo\/image\/"}}]}},"_links":{"self":[{"href":"https:\/\/webknjizara.hr\/en\/wp-json\/wp\/v2\/product\/7753","targetHints":{"allow":["GET"]}}],"collection":[{"href":"https:\/\/webknjizara.hr\/en\/wp-json\/wp\/v2\/product"}],"about":[{"href":"https:\/\/webknjizara.hr\/en\/wp-json\/wp\/v2\/types\/product"}],"replies":[{"embeddable":true,"href":"https:\/\/webknjizara.hr\/en\/wp-json\/wp\/v2\/comments?post=7753"}],"wp:featuredmedia":[{"embeddable":true,"href":"https:\/\/webknjizara.hr\/en\/wp-json\/wp\/v2\/media\/7754"}],"wp:attachment":[{"href":"https:\/\/webknjizara.hr\/en\/wp-json\/wp\/v2\/media?parent=7753"}],"wp:term":[{"taxonomy":"product_brand","embeddable":true,"href":"https:\/\/webknjizara.hr\/en\/wp-json\/wp\/v2\/product_brand?post=7753"},{"taxonomy":"product_cat","embeddable":true,"href":"https:\/\/webknjizara.hr\/en\/wp-json\/wp\/v2\/product_cat?post=7753"},{"taxonomy":"product_tag","embeddable":true,"href":"https:\/\/webknjizara.hr\/en\/wp-json\/wp\/v2\/product_tag?post=7753"}],"curies":[{"name":"wp","href":"https:\/\/api.w.org\/{rel}","templated":true}]}}