{"id":7749,"date":"2013-12-14T11:27:44","date_gmt":"2013-12-14T11:27:44","guid":{"rendered":"https:\/\/webknjizara.hr\/?product=umrezeni-snovi-marija-juracic"},"modified":"2023-02-27T00:16:03","modified_gmt":"2023-02-26T23:16:03","slug":"umrezeni-snovi-marija-juracic","status":"publish","type":"product","link":"https:\/\/webknjizara.hr\/en\/proizvod\/umrezeni-snovi-marija-juracic\/","title":{"rendered":"UMRE\u017dENI SNOVI, Marija Jura\u010di\u0107"},"content":{"rendered":"<p style=\"text-align: justify;\"><strong><br \/>Sa\u017eetak:<\/strong><\/p>\n<p><em>Zbornik pjesama Umre\u017eeni snovi \u010detrdeset autora nastao je kao rezultat natje\u010daja Portala za objavu dobre poezije O\u010daravanje. <\/em><br \/><em>Autori \u017eive i stvaraju na podru\u010dju Republike Hrvatske, Bosne i Hercegovine, Srbije i Slovenije.<\/em><\/p>\n<p><em>U Zborniku se nalaze pjesme uglavnom ljubavne i misaone tematike razli\u010ditog izri\u010daja i stila, ali sna\u017enog senzibiliteta. Prvi dio knjige sadr\u017ei pjesme pisane u rimi, a drugi dio pjesme pisane slobodnim stihom.<\/em><\/p>\n<p><em>Iako se u knjizi nalazi poezija autora koji iza sebe ve\u0107 imaju objavljene zbirke pjesama, u njoj mo\u017eete \u010ditati i pjesme autora koji ovom knjigom svoja ostvarenja prvi put predstavljaju knji\u017eevnoj javnosti.<\/em><\/p>\n<p><em>Poezija jest o\u010daravanje, a kada o\u010daranost obuzme du\u0161u pjesnika, onda vjerujem da \u0107e Umre\u017eeni snovi u svoju mre\u017eu uplesti i du\u0161u \u010ditatelja, podariti joj ne\u0161to plemenito i lijepo.<\/em><\/p>\n<p><em>&#8211; Marija Jura\u010di\u0107, prof.<\/em><\/p>\n<p style=\"text-align: justify;\"><strong>Bilje\u0161ka o urednici:<\/strong>\u00a0\u00a0<\/p>\n<p>Marija Jura\u010di\u0107, profesorica knji\u017eevnosti i njema\u010dkog jezika, otvorila je portal za objavu i analizu dobre poezije \u201eO\u010daravanje\u201c Izdala je nekoliko zbirki pjesama i dva romana.<\/p>\n<p style=\"text-align: justify;\"><strong>Klju\u010dne rije\u010di:<\/strong> <br \/>Umre\u017eeni snovi, pjesme <\/p>\n<p><strong>Link:<\/strong> <a href=\"http:\/\/www.ocaravanje.com\/\">http:\/\/www.ocaravanje.com\/<\/a><br \/><strong>E-mail:<\/strong>\u00a0<a href=\"mailto:marijajuracic@net.hr\">Marija Jura\u010di\u0107<\/a><\/p>\n<p style=\"text-align: justify;\"><strong>Naslov:<\/strong> Umre\u017eeni snovi<br \/><strong>Autor:<\/strong> Marija Jura\u010di\u0107<br \/><strong>Broj stranica:<\/strong> 144<br \/><strong>Nakladnik:<\/strong> REDAK<br \/><strong>Godina izdanja:<\/strong> 2013.<br \/><strong>ISBN:<\/strong> 978-953-336-111-6<br \/><strong>Tisak:<\/strong> digitalni tisak knjiga &#8211; print na zahtjev<\/p>\n","protected":false},"excerpt":{"rendered":"<p>Sa\u017eetak: Zbornik pjesama Umre\u017eeni snovi \u010detrdeset autora nastao je kao rezultat natje\u010daja Portala za objavu dobre poezije O\u010daravanje. Autori \u017eive i stvaraju na podru\u010dju Republike Hrvatske, Bosne i Hercegovine, Srbije i Slovenije. U Zborniku se nalaze pjesme uglavnom ljubavne i misaone tematike razli\u010ditog izri\u010daja i stila, ali sna\u017enog senzibiliteta. Prvi dio knjige sadr\u017ei pjesme pisane [&hellip;]<\/p>\n","protected":false},"featured_media":7750,"comment_status":"open","ping_status":"closed","template":"","meta":{"_acf_changed":false},"product_brand":[],"product_cat":[1383,1385,1388],"product_tag":[],"class_list":{"0":"post-7749","1":"product","2":"type-product","3":"status-publish","4":"has-post-thumbnail","6":"product_cat-knjige","7":"product_cat-knjizevnost","8":"product_cat-poezija","9":"pa_autor-grupa-autora","10":"pa_autor-marija-juracic-ur","11":"pa_nakladnik-redak","13":"first","14":"instock","15":"shipping-taxable","16":"purchasable","17":"product-type-simple"},"acf":[],"yoast_head":"<!-- This site is optimized with the Yoast SEO plugin v27.3 - https:\/\/yoast.com\/product\/yoast-seo-wordpress\/ -->\n<title>UMRE\u017dENI SNOVI, Marija Jura\u010di\u0107 - Web-knji\u017eara<\/title>\n<meta name=\"robots\" content=\"index, follow, max-snippet:-1, max-image-preview:large, max-video-preview:-1\" \/>\n<link rel=\"canonical\" href=\"https:\/\/webknjizara.hr\/proizvod\/umrezeni-snovi-marija-juracic\/\" \/>\n<meta property=\"og:locale\" content=\"en_US\" \/>\n<meta property=\"og:type\" content=\"article\" \/>\n<meta property=\"og:title\" content=\"UMRE\u017dENI SNOVI, Marija Jura\u010di\u0107 - Web-knji\u017eara\" \/>\n<meta property=\"og:description\" content=\"Sa\u017eetak: Zbornik pjesama Umre\u017eeni snovi \u010detrdeset autora nastao je kao rezultat natje\u010daja Portala za objavu dobre poezije O\u010daravanje. Autori \u017eive i stvaraju na podru\u010dju Republike Hrvatske, Bosne i Hercegovine, Srbije i Slovenije. U Zborniku se nalaze pjesme uglavnom ljubavne i misaone tematike razli\u010ditog izri\u010daja i stila, ali sna\u017enog senzibiliteta. Prvi dio knjige sadr\u017ei pjesme pisane [&hellip;]\" \/>\n<meta property=\"og:url\" content=\"https:\/\/webknjizara.hr\/proizvod\/umrezeni-snovi-marija-juracic\/\" \/>\n<meta property=\"og:site_name\" content=\"Web-knji\u017eara\" \/>\n<meta property=\"article:modified_time\" content=\"2023-02-26T23:16:03+00:00\" \/>\n<meta property=\"og:image\" content=\"https:\/\/webknjizara.hr\/wp-content\/uploads\/nc\/images\/virtuemart\/product\/umre-eni-snovi-52ac40b0894f8.jpg\" \/>\n\t<meta property=\"og:image:width\" content=\"358\" \/>\n\t<meta property=\"og:image:height\" content=\"500\" \/>\n\t<meta property=\"og:image:type\" content=\"image\/jpeg\" \/>\n<meta name=\"twitter:card\" content=\"summary_large_image\" \/>\n<meta name=\"twitter:label1\" content=\"Est. reading time\" \/>\n\t<meta name=\"twitter:data1\" content=\"1 minute\" \/>\n<script type=\"application\/ld+json\" class=\"yoast-schema-graph\">{\"@context\":\"https:\\\/\\\/schema.org\",\"@graph\":[{\"@type\":\"WebPage\",\"@id\":\"https:\\\/\\\/webknjizara.hr\\\/proizvod\\\/umrezeni-snovi-marija-juracic\\\/\",\"url\":\"https:\\\/\\\/webknjizara.hr\\\/proizvod\\\/umrezeni-snovi-marija-juracic\\\/\",\"name\":\"UMRE\u017dENI SNOVI, Marija Jura\u010di\u0107 - Web-knji\u017eara\",\"isPartOf\":{\"@id\":\"https:\\\/\\\/webknjizara.hr\\\/#website\"},\"primaryImageOfPage\":{\"@id\":\"https:\\\/\\\/webknjizara.hr\\\/proizvod\\\/umrezeni-snovi-marija-juracic\\\/#primaryimage\"},\"image\":{\"@id\":\"https:\\\/\\\/webknjizara.hr\\\/proizvod\\\/umrezeni-snovi-marija-juracic\\\/#primaryimage\"},\"thumbnailUrl\":\"https:\\\/\\\/webknjizara.hr\\\/wp-content\\\/uploads\\\/nc\\\/images\\\/virtuemart\\\/product\\\/umre-eni-snovi-52ac40b0894f8.jpg\",\"datePublished\":\"2013-12-14T11:27:44+00:00\",\"dateModified\":\"2023-02-26T23:16:03+00:00\",\"breadcrumb\":{\"@id\":\"https:\\\/\\\/webknjizara.hr\\\/proizvod\\\/umrezeni-snovi-marija-juracic\\\/#breadcrumb\"},\"inLanguage\":\"en-US\",\"potentialAction\":[{\"@type\":\"ReadAction\",\"target\":[\"https:\\\/\\\/webknjizara.hr\\\/proizvod\\\/umrezeni-snovi-marija-juracic\\\/\"]}]},{\"@type\":\"ImageObject\",\"inLanguage\":\"en-US\",\"@id\":\"https:\\\/\\\/webknjizara.hr\\\/proizvod\\\/umrezeni-snovi-marija-juracic\\\/#primaryimage\",\"url\":\"https:\\\/\\\/webknjizara.hr\\\/wp-content\\\/uploads\\\/nc\\\/images\\\/virtuemart\\\/product\\\/umre-eni-snovi-52ac40b0894f8.jpg\",\"contentUrl\":\"https:\\\/\\\/webknjizara.hr\\\/wp-content\\\/uploads\\\/nc\\\/images\\\/virtuemart\\\/product\\\/umre-eni-snovi-52ac40b0894f8.jpg\",\"width\":358,\"height\":500,\"caption\":\"UMRE\u017dENI SNOVI, Marija Jura\u010di\u0107\"},{\"@type\":\"BreadcrumbList\",\"@id\":\"https:\\\/\\\/webknjizara.hr\\\/proizvod\\\/umrezeni-snovi-marija-juracic\\\/#breadcrumb\",\"itemListElement\":[{\"@type\":\"ListItem\",\"position\":1,\"name\":\"Po\u010detna stranica\",\"item\":\"https:\\\/\\\/webknjizara.hr\\\/en\\\/\"},{\"@type\":\"ListItem\",\"position\":2,\"name\":\"Shop\",\"item\":\"https:\\\/\\\/webknjizara.hr\\\/shop\\\/\"},{\"@type\":\"ListItem\",\"position\":3,\"name\":\"UMRE\u017dENI SNOVI, Marija Jura\u010di\u0107\"}]},{\"@type\":\"WebSite\",\"@id\":\"https:\\\/\\\/webknjizara.hr\\\/#website\",\"url\":\"https:\\\/\\\/webknjizara.hr\\\/\",\"name\":\"Web Knji\u017eara\",\"description\":\"\",\"publisher\":{\"@id\":\"https:\\\/\\\/webknjizara.hr\\\/#organization\"},\"potentialAction\":[{\"@type\":\"SearchAction\",\"target\":{\"@type\":\"EntryPoint\",\"urlTemplate\":\"https:\\\/\\\/webknjizara.hr\\\/?s={search_term_string}\"},\"query-input\":{\"@type\":\"PropertyValueSpecification\",\"valueRequired\":true,\"valueName\":\"search_term_string\"}}],\"inLanguage\":\"en-US\"},{\"@type\":\"Organization\",\"@id\":\"https:\\\/\\\/webknjizara.hr\\\/#organization\",\"name\":\"REDAK D.O.O.\",\"url\":\"https:\\\/\\\/webknjizara.hr\\\/\",\"logo\":{\"@type\":\"ImageObject\",\"inLanguage\":\"en-US\",\"@id\":\"https:\\\/\\\/webknjizara.hr\\\/#\\\/schema\\\/logo\\\/image\\\/\",\"url\":\"https:\\\/\\\/webknjizara.hr\\\/wp-content\\\/uploads\\\/2023\\\/01\\\/web-knjizara-logo.webp\",\"contentUrl\":\"https:\\\/\\\/webknjizara.hr\\\/wp-content\\\/uploads\\\/2023\\\/01\\\/web-knjizara-logo.webp\",\"width\":324,\"height\":79,\"caption\":\"REDAK D.O.O.\"},\"image\":{\"@id\":\"https:\\\/\\\/webknjizara.hr\\\/#\\\/schema\\\/logo\\\/image\\\/\"}}]}<\/script>\n<!-- \/ Yoast SEO plugin. -->","yoast_head_json":{"title":"UMRE\u017dENI SNOVI, Marija Jura\u010di\u0107 - Web-knji\u017eara","robots":{"index":"index","follow":"follow","max-snippet":"max-snippet:-1","max-image-preview":"max-image-preview:large","max-video-preview":"max-video-preview:-1"},"canonical":"https:\/\/webknjizara.hr\/proizvod\/umrezeni-snovi-marija-juracic\/","og_locale":"en_US","og_type":"article","og_title":"UMRE\u017dENI SNOVI, Marija Jura\u010di\u0107 - Web-knji\u017eara","og_description":"Sa\u017eetak: Zbornik pjesama Umre\u017eeni snovi \u010detrdeset autora nastao je kao rezultat natje\u010daja Portala za objavu dobre poezije O\u010daravanje. Autori \u017eive i stvaraju na podru\u010dju Republike Hrvatske, Bosne i Hercegovine, Srbije i Slovenije. U Zborniku se nalaze pjesme uglavnom ljubavne i misaone tematike razli\u010ditog izri\u010daja i stila, ali sna\u017enog senzibiliteta. Prvi dio knjige sadr\u017ei pjesme pisane [&hellip;]","og_url":"https:\/\/webknjizara.hr\/proizvod\/umrezeni-snovi-marija-juracic\/","og_site_name":"Web-knji\u017eara","article_modified_time":"2023-02-26T23:16:03+00:00","og_image":[{"width":358,"height":500,"url":"https:\/\/webknjizara.hr\/wp-content\/uploads\/nc\/images\/virtuemart\/product\/umre-eni-snovi-52ac40b0894f8.jpg","type":"image\/jpeg"}],"twitter_card":"summary_large_image","twitter_misc":{"Est. reading time":"1 minute"},"schema":{"@context":"https:\/\/schema.org","@graph":[{"@type":"WebPage","@id":"https:\/\/webknjizara.hr\/proizvod\/umrezeni-snovi-marija-juracic\/","url":"https:\/\/webknjizara.hr\/proizvod\/umrezeni-snovi-marija-juracic\/","name":"UMRE\u017dENI SNOVI, Marija Jura\u010di\u0107 - Web-knji\u017eara","isPartOf":{"@id":"https:\/\/webknjizara.hr\/#website"},"primaryImageOfPage":{"@id":"https:\/\/webknjizara.hr\/proizvod\/umrezeni-snovi-marija-juracic\/#primaryimage"},"image":{"@id":"https:\/\/webknjizara.hr\/proizvod\/umrezeni-snovi-marija-juracic\/#primaryimage"},"thumbnailUrl":"https:\/\/webknjizara.hr\/wp-content\/uploads\/nc\/images\/virtuemart\/product\/umre-eni-snovi-52ac40b0894f8.jpg","datePublished":"2013-12-14T11:27:44+00:00","dateModified":"2023-02-26T23:16:03+00:00","breadcrumb":{"@id":"https:\/\/webknjizara.hr\/proizvod\/umrezeni-snovi-marija-juracic\/#breadcrumb"},"inLanguage":"en-US","potentialAction":[{"@type":"ReadAction","target":["https:\/\/webknjizara.hr\/proizvod\/umrezeni-snovi-marija-juracic\/"]}]},{"@type":"ImageObject","inLanguage":"en-US","@id":"https:\/\/webknjizara.hr\/proizvod\/umrezeni-snovi-marija-juracic\/#primaryimage","url":"https:\/\/webknjizara.hr\/wp-content\/uploads\/nc\/images\/virtuemart\/product\/umre-eni-snovi-52ac40b0894f8.jpg","contentUrl":"https:\/\/webknjizara.hr\/wp-content\/uploads\/nc\/images\/virtuemart\/product\/umre-eni-snovi-52ac40b0894f8.jpg","width":358,"height":500,"caption":"UMRE\u017dENI SNOVI, Marija Jura\u010di\u0107"},{"@type":"BreadcrumbList","@id":"https:\/\/webknjizara.hr\/proizvod\/umrezeni-snovi-marija-juracic\/#breadcrumb","itemListElement":[{"@type":"ListItem","position":1,"name":"Po\u010detna stranica","item":"https:\/\/webknjizara.hr\/en\/"},{"@type":"ListItem","position":2,"name":"Shop","item":"https:\/\/webknjizara.hr\/shop\/"},{"@type":"ListItem","position":3,"name":"UMRE\u017dENI SNOVI, Marija Jura\u010di\u0107"}]},{"@type":"WebSite","@id":"https:\/\/webknjizara.hr\/#website","url":"https:\/\/webknjizara.hr\/","name":"Web Knji\u017eara","description":"","publisher":{"@id":"https:\/\/webknjizara.hr\/#organization"},"potentialAction":[{"@type":"SearchAction","target":{"@type":"EntryPoint","urlTemplate":"https:\/\/webknjizara.hr\/?s={search_term_string}"},"query-input":{"@type":"PropertyValueSpecification","valueRequired":true,"valueName":"search_term_string"}}],"inLanguage":"en-US"},{"@type":"Organization","@id":"https:\/\/webknjizara.hr\/#organization","name":"REDAK D.O.O.","url":"https:\/\/webknjizara.hr\/","logo":{"@type":"ImageObject","inLanguage":"en-US","@id":"https:\/\/webknjizara.hr\/#\/schema\/logo\/image\/","url":"https:\/\/webknjizara.hr\/wp-content\/uploads\/2023\/01\/web-knjizara-logo.webp","contentUrl":"https:\/\/webknjizara.hr\/wp-content\/uploads\/2023\/01\/web-knjizara-logo.webp","width":324,"height":79,"caption":"REDAK D.O.O."},"image":{"@id":"https:\/\/webknjizara.hr\/#\/schema\/logo\/image\/"}}]}},"_links":{"self":[{"href":"https:\/\/webknjizara.hr\/en\/wp-json\/wp\/v2\/product\/7749","targetHints":{"allow":["GET"]}}],"collection":[{"href":"https:\/\/webknjizara.hr\/en\/wp-json\/wp\/v2\/product"}],"about":[{"href":"https:\/\/webknjizara.hr\/en\/wp-json\/wp\/v2\/types\/product"}],"replies":[{"embeddable":true,"href":"https:\/\/webknjizara.hr\/en\/wp-json\/wp\/v2\/comments?post=7749"}],"wp:featuredmedia":[{"embeddable":true,"href":"https:\/\/webknjizara.hr\/en\/wp-json\/wp\/v2\/media\/7750"}],"wp:attachment":[{"href":"https:\/\/webknjizara.hr\/en\/wp-json\/wp\/v2\/media?parent=7749"}],"wp:term":[{"taxonomy":"product_brand","embeddable":true,"href":"https:\/\/webknjizara.hr\/en\/wp-json\/wp\/v2\/product_brand?post=7749"},{"taxonomy":"product_cat","embeddable":true,"href":"https:\/\/webknjizara.hr\/en\/wp-json\/wp\/v2\/product_cat?post=7749"},{"taxonomy":"product_tag","embeddable":true,"href":"https:\/\/webknjizara.hr\/en\/wp-json\/wp\/v2\/product_tag?post=7749"}],"curies":[{"name":"wp","href":"https:\/\/api.w.org\/{rel}","templated":true}]}}