{"id":7747,"date":"2013-12-12T22:54:23","date_gmt":"2013-12-12T22:54:23","guid":{"rendered":"https:\/\/webknjizara.hr\/?product=od-jutra-do-sutra-boris-skific"},"modified":"2023-02-27T00:16:03","modified_gmt":"2023-02-26T23:16:03","slug":"od-jutra-do-sutra-boris-skific","status":"publish","type":"product","link":"https:\/\/webknjizara.hr\/en\/proizvod\/od-jutra-do-sutra-boris-skific\/","title":{"rendered":"OD JUTRA DO SUTRA, Boris Skifi\u0107"},"content":{"rendered":"<p style=\"text-align: justify;\"><strong>Sa\u017eetak:<\/strong><\/p>\n<p>Od jutra do sutra je zbirka od dvadeset pri\u010da koje se tematski dijele na pri\u010de Od jutra do sutra i na pri\u010de Adios amigos <\/p>\n<p><strong>Bilje\u0161ka o autoru\/autorici:<\/strong> <\/p>\n<p>Profesor hrvatskog jezika u splitskoj Drugoj gimnaziji, do sada objavljen mu roman Pri\u010da o \u010detiri \u010dempresa i zbirka pri\u010da Let leptira ili u prijevodu: ro\u0111en na otoku Zverincu kao ribar, Andrija Ribar, objavljen mu roman o Andriji Ribaru (Pri\u010da o \u010detiri \u010dempresa) i pri\u010de o leptirima (Let leptira), \u017eivi kao Boris i radi kao profesor.<\/p>\n<p><strong>Klju\u010dne rije\u010di:<\/strong> <br \/>Od jutra do sutra \u010darobnjaka op\u010dinjavanja uz pozdrav, adios amigos.<br \/><strong><br \/>Link:<\/strong> <a href=\"https:\/\/www.facebook.com\/pages\/Boris-%C5%A0kifi%C4%87\/172006726257498\">https:\/\/www.facebook.com\/pages\/Boris-%C5%A0kifi%C4%87\/172006726257498<\/a><br \/><strong>E-mail:\u00a0<\/strong><a href=\"mailto:skificboris@gmail.com\">Skifi\u0107 Boris<\/a><\/p>\n<p style=\"text-align: justify;\"><strong>Naslov:<\/strong> Od jutra do sutra<br \/><strong>Autor:<\/strong> Boris \u0160kifi\u0107<br \/><strong>Broj stranica:<\/strong> 286<br \/><strong>Nakladnik:<\/strong> REDAK<br \/><strong>Godina izdanja:<\/strong> 2013.<br \/><strong>ISBN:<\/strong> 978-953-336-112-3<br \/><strong>Tisak:<\/strong> digitalni tisak knjiga &#8211; print na zahtjev<\/p>\n","protected":false},"excerpt":{"rendered":"<p>Sa\u017eetak: Od jutra do sutra je zbirka od dvadeset pri\u010da koje se tematski dijele na pri\u010de Od jutra do sutra i na pri\u010de Adios amigos Bilje\u0161ka o autoru\/autorici: Profesor hrvatskog jezika u splitskoj Drugoj gimnaziji, do sada objavljen mu roman Pri\u010da o \u010detiri \u010dempresa i zbirka pri\u010da Let leptira ili u prijevodu: ro\u0111en na otoku [&hellip;]<\/p>\n","protected":false},"featured_media":7748,"comment_status":"open","ping_status":"closed","template":"","meta":{"_acf_changed":false},"product_brand":[],"product_cat":[1383,1385],"product_tag":[],"class_list":{"0":"post-7747","1":"product","2":"type-product","3":"status-publish","4":"has-post-thumbnail","6":"product_cat-knjige","7":"product_cat-knjizevnost","8":"pa_nakladnik-redak","10":"first","11":"instock","12":"shipping-taxable","13":"purchasable","14":"product-type-simple"},"acf":[],"yoast_head":"<!-- This site is optimized with the Yoast SEO plugin v27.3 - https:\/\/yoast.com\/product\/yoast-seo-wordpress\/ -->\n<title>OD JUTRA DO SUTRA, Boris Skifi\u0107 - Web-knji\u017eara<\/title>\n<meta name=\"robots\" content=\"index, follow, max-snippet:-1, max-image-preview:large, max-video-preview:-1\" \/>\n<link rel=\"canonical\" href=\"https:\/\/webknjizara.hr\/proizvod\/od-jutra-do-sutra-boris-skific\/\" \/>\n<meta property=\"og:locale\" content=\"en_US\" \/>\n<meta property=\"og:type\" content=\"article\" \/>\n<meta property=\"og:title\" content=\"OD JUTRA DO SUTRA, Boris Skifi\u0107 - Web-knji\u017eara\" \/>\n<meta property=\"og:description\" content=\"Sa\u017eetak: Od jutra do sutra je zbirka od dvadeset pri\u010da koje se tematski dijele na pri\u010de Od jutra do sutra i na pri\u010de Adios amigos Bilje\u0161ka o autoru\/autorici: Profesor hrvatskog jezika u splitskoj Drugoj gimnaziji, do sada objavljen mu roman Pri\u010da o \u010detiri \u010dempresa i zbirka pri\u010da Let leptira ili u prijevodu: ro\u0111en na otoku [&hellip;]\" \/>\n<meta property=\"og:url\" content=\"https:\/\/webknjizara.hr\/proizvod\/od-jutra-do-sutra-boris-skific\/\" \/>\n<meta property=\"og:site_name\" content=\"Web-knji\u017eara\" \/>\n<meta property=\"article:modified_time\" content=\"2023-02-26T23:16:03+00:00\" \/>\n<meta property=\"og:image\" content=\"https:\/\/webknjizara.hr\/wp-content\/uploads\/nc\/images\/virtuemart\/product\/od-jutra-do-sutr-52aa40009437d.jpg\" \/>\n\t<meta property=\"og:image:width\" content=\"391\" \/>\n\t<meta property=\"og:image:height\" content=\"502\" \/>\n\t<meta property=\"og:image:type\" content=\"image\/jpeg\" \/>\n<meta name=\"twitter:card\" content=\"summary_large_image\" \/>\n<meta name=\"twitter:label1\" content=\"Est. reading time\" \/>\n\t<meta name=\"twitter:data1\" content=\"1 minute\" \/>\n<script type=\"application\/ld+json\" class=\"yoast-schema-graph\">{\"@context\":\"https:\\\/\\\/schema.org\",\"@graph\":[{\"@type\":\"WebPage\",\"@id\":\"https:\\\/\\\/webknjizara.hr\\\/proizvod\\\/od-jutra-do-sutra-boris-skific\\\/\",\"url\":\"https:\\\/\\\/webknjizara.hr\\\/proizvod\\\/od-jutra-do-sutra-boris-skific\\\/\",\"name\":\"OD JUTRA DO SUTRA, Boris Skifi\u0107 - Web-knji\u017eara\",\"isPartOf\":{\"@id\":\"https:\\\/\\\/webknjizara.hr\\\/#website\"},\"primaryImageOfPage\":{\"@id\":\"https:\\\/\\\/webknjizara.hr\\\/proizvod\\\/od-jutra-do-sutra-boris-skific\\\/#primaryimage\"},\"image\":{\"@id\":\"https:\\\/\\\/webknjizara.hr\\\/proizvod\\\/od-jutra-do-sutra-boris-skific\\\/#primaryimage\"},\"thumbnailUrl\":\"https:\\\/\\\/webknjizara.hr\\\/wp-content\\\/uploads\\\/nc\\\/images\\\/virtuemart\\\/product\\\/od-jutra-do-sutr-52aa40009437d.jpg\",\"datePublished\":\"2013-12-12T22:54:23+00:00\",\"dateModified\":\"2023-02-26T23:16:03+00:00\",\"breadcrumb\":{\"@id\":\"https:\\\/\\\/webknjizara.hr\\\/proizvod\\\/od-jutra-do-sutra-boris-skific\\\/#breadcrumb\"},\"inLanguage\":\"en-US\",\"potentialAction\":[{\"@type\":\"ReadAction\",\"target\":[\"https:\\\/\\\/webknjizara.hr\\\/proizvod\\\/od-jutra-do-sutra-boris-skific\\\/\"]}]},{\"@type\":\"ImageObject\",\"inLanguage\":\"en-US\",\"@id\":\"https:\\\/\\\/webknjizara.hr\\\/proizvod\\\/od-jutra-do-sutra-boris-skific\\\/#primaryimage\",\"url\":\"https:\\\/\\\/webknjizara.hr\\\/wp-content\\\/uploads\\\/nc\\\/images\\\/virtuemart\\\/product\\\/od-jutra-do-sutr-52aa40009437d.jpg\",\"contentUrl\":\"https:\\\/\\\/webknjizara.hr\\\/wp-content\\\/uploads\\\/nc\\\/images\\\/virtuemart\\\/product\\\/od-jutra-do-sutr-52aa40009437d.jpg\",\"width\":391,\"height\":502,\"caption\":\"OD JUTRA DO SUTRA, Boris Skifi\u0107\"},{\"@type\":\"BreadcrumbList\",\"@id\":\"https:\\\/\\\/webknjizara.hr\\\/proizvod\\\/od-jutra-do-sutra-boris-skific\\\/#breadcrumb\",\"itemListElement\":[{\"@type\":\"ListItem\",\"position\":1,\"name\":\"Po\u010detna stranica\",\"item\":\"https:\\\/\\\/webknjizara.hr\\\/en\\\/\"},{\"@type\":\"ListItem\",\"position\":2,\"name\":\"Shop\",\"item\":\"https:\\\/\\\/webknjizara.hr\\\/shop\\\/\"},{\"@type\":\"ListItem\",\"position\":3,\"name\":\"OD JUTRA DO SUTRA, Boris Skifi\u0107\"}]},{\"@type\":\"WebSite\",\"@id\":\"https:\\\/\\\/webknjizara.hr\\\/#website\",\"url\":\"https:\\\/\\\/webknjizara.hr\\\/\",\"name\":\"Web Knji\u017eara\",\"description\":\"\",\"publisher\":{\"@id\":\"https:\\\/\\\/webknjizara.hr\\\/#organization\"},\"potentialAction\":[{\"@type\":\"SearchAction\",\"target\":{\"@type\":\"EntryPoint\",\"urlTemplate\":\"https:\\\/\\\/webknjizara.hr\\\/?s={search_term_string}\"},\"query-input\":{\"@type\":\"PropertyValueSpecification\",\"valueRequired\":true,\"valueName\":\"search_term_string\"}}],\"inLanguage\":\"en-US\"},{\"@type\":\"Organization\",\"@id\":\"https:\\\/\\\/webknjizara.hr\\\/#organization\",\"name\":\"REDAK D.O.O.\",\"url\":\"https:\\\/\\\/webknjizara.hr\\\/\",\"logo\":{\"@type\":\"ImageObject\",\"inLanguage\":\"en-US\",\"@id\":\"https:\\\/\\\/webknjizara.hr\\\/#\\\/schema\\\/logo\\\/image\\\/\",\"url\":\"https:\\\/\\\/webknjizara.hr\\\/wp-content\\\/uploads\\\/2023\\\/01\\\/web-knjizara-logo.webp\",\"contentUrl\":\"https:\\\/\\\/webknjizara.hr\\\/wp-content\\\/uploads\\\/2023\\\/01\\\/web-knjizara-logo.webp\",\"width\":324,\"height\":79,\"caption\":\"REDAK D.O.O.\"},\"image\":{\"@id\":\"https:\\\/\\\/webknjizara.hr\\\/#\\\/schema\\\/logo\\\/image\\\/\"}}]}<\/script>\n<!-- \/ Yoast SEO plugin. -->","yoast_head_json":{"title":"OD JUTRA DO SUTRA, Boris Skifi\u0107 - Web-knji\u017eara","robots":{"index":"index","follow":"follow","max-snippet":"max-snippet:-1","max-image-preview":"max-image-preview:large","max-video-preview":"max-video-preview:-1"},"canonical":"https:\/\/webknjizara.hr\/proizvod\/od-jutra-do-sutra-boris-skific\/","og_locale":"en_US","og_type":"article","og_title":"OD JUTRA DO SUTRA, Boris Skifi\u0107 - Web-knji\u017eara","og_description":"Sa\u017eetak: Od jutra do sutra je zbirka od dvadeset pri\u010da koje se tematski dijele na pri\u010de Od jutra do sutra i na pri\u010de Adios amigos Bilje\u0161ka o autoru\/autorici: Profesor hrvatskog jezika u splitskoj Drugoj gimnaziji, do sada objavljen mu roman Pri\u010da o \u010detiri \u010dempresa i zbirka pri\u010da Let leptira ili u prijevodu: ro\u0111en na otoku [&hellip;]","og_url":"https:\/\/webknjizara.hr\/proizvod\/od-jutra-do-sutra-boris-skific\/","og_site_name":"Web-knji\u017eara","article_modified_time":"2023-02-26T23:16:03+00:00","og_image":[{"width":391,"height":502,"url":"https:\/\/webknjizara.hr\/wp-content\/uploads\/nc\/images\/virtuemart\/product\/od-jutra-do-sutr-52aa40009437d.jpg","type":"image\/jpeg"}],"twitter_card":"summary_large_image","twitter_misc":{"Est. reading time":"1 minute"},"schema":{"@context":"https:\/\/schema.org","@graph":[{"@type":"WebPage","@id":"https:\/\/webknjizara.hr\/proizvod\/od-jutra-do-sutra-boris-skific\/","url":"https:\/\/webknjizara.hr\/proizvod\/od-jutra-do-sutra-boris-skific\/","name":"OD JUTRA DO SUTRA, Boris Skifi\u0107 - Web-knji\u017eara","isPartOf":{"@id":"https:\/\/webknjizara.hr\/#website"},"primaryImageOfPage":{"@id":"https:\/\/webknjizara.hr\/proizvod\/od-jutra-do-sutra-boris-skific\/#primaryimage"},"image":{"@id":"https:\/\/webknjizara.hr\/proizvod\/od-jutra-do-sutra-boris-skific\/#primaryimage"},"thumbnailUrl":"https:\/\/webknjizara.hr\/wp-content\/uploads\/nc\/images\/virtuemart\/product\/od-jutra-do-sutr-52aa40009437d.jpg","datePublished":"2013-12-12T22:54:23+00:00","dateModified":"2023-02-26T23:16:03+00:00","breadcrumb":{"@id":"https:\/\/webknjizara.hr\/proizvod\/od-jutra-do-sutra-boris-skific\/#breadcrumb"},"inLanguage":"en-US","potentialAction":[{"@type":"ReadAction","target":["https:\/\/webknjizara.hr\/proizvod\/od-jutra-do-sutra-boris-skific\/"]}]},{"@type":"ImageObject","inLanguage":"en-US","@id":"https:\/\/webknjizara.hr\/proizvod\/od-jutra-do-sutra-boris-skific\/#primaryimage","url":"https:\/\/webknjizara.hr\/wp-content\/uploads\/nc\/images\/virtuemart\/product\/od-jutra-do-sutr-52aa40009437d.jpg","contentUrl":"https:\/\/webknjizara.hr\/wp-content\/uploads\/nc\/images\/virtuemart\/product\/od-jutra-do-sutr-52aa40009437d.jpg","width":391,"height":502,"caption":"OD JUTRA DO SUTRA, Boris Skifi\u0107"},{"@type":"BreadcrumbList","@id":"https:\/\/webknjizara.hr\/proizvod\/od-jutra-do-sutra-boris-skific\/#breadcrumb","itemListElement":[{"@type":"ListItem","position":1,"name":"Po\u010detna stranica","item":"https:\/\/webknjizara.hr\/en\/"},{"@type":"ListItem","position":2,"name":"Shop","item":"https:\/\/webknjizara.hr\/shop\/"},{"@type":"ListItem","position":3,"name":"OD JUTRA DO SUTRA, Boris Skifi\u0107"}]},{"@type":"WebSite","@id":"https:\/\/webknjizara.hr\/#website","url":"https:\/\/webknjizara.hr\/","name":"Web Knji\u017eara","description":"","publisher":{"@id":"https:\/\/webknjizara.hr\/#organization"},"potentialAction":[{"@type":"SearchAction","target":{"@type":"EntryPoint","urlTemplate":"https:\/\/webknjizara.hr\/?s={search_term_string}"},"query-input":{"@type":"PropertyValueSpecification","valueRequired":true,"valueName":"search_term_string"}}],"inLanguage":"en-US"},{"@type":"Organization","@id":"https:\/\/webknjizara.hr\/#organization","name":"REDAK D.O.O.","url":"https:\/\/webknjizara.hr\/","logo":{"@type":"ImageObject","inLanguage":"en-US","@id":"https:\/\/webknjizara.hr\/#\/schema\/logo\/image\/","url":"https:\/\/webknjizara.hr\/wp-content\/uploads\/2023\/01\/web-knjizara-logo.webp","contentUrl":"https:\/\/webknjizara.hr\/wp-content\/uploads\/2023\/01\/web-knjizara-logo.webp","width":324,"height":79,"caption":"REDAK D.O.O."},"image":{"@id":"https:\/\/webknjizara.hr\/#\/schema\/logo\/image\/"}}]}},"_links":{"self":[{"href":"https:\/\/webknjizara.hr\/en\/wp-json\/wp\/v2\/product\/7747","targetHints":{"allow":["GET"]}}],"collection":[{"href":"https:\/\/webknjizara.hr\/en\/wp-json\/wp\/v2\/product"}],"about":[{"href":"https:\/\/webknjizara.hr\/en\/wp-json\/wp\/v2\/types\/product"}],"replies":[{"embeddable":true,"href":"https:\/\/webknjizara.hr\/en\/wp-json\/wp\/v2\/comments?post=7747"}],"wp:featuredmedia":[{"embeddable":true,"href":"https:\/\/webknjizara.hr\/en\/wp-json\/wp\/v2\/media\/7748"}],"wp:attachment":[{"href":"https:\/\/webknjizara.hr\/en\/wp-json\/wp\/v2\/media?parent=7747"}],"wp:term":[{"taxonomy":"product_brand","embeddable":true,"href":"https:\/\/webknjizara.hr\/en\/wp-json\/wp\/v2\/product_brand?post=7747"},{"taxonomy":"product_cat","embeddable":true,"href":"https:\/\/webknjizara.hr\/en\/wp-json\/wp\/v2\/product_cat?post=7747"},{"taxonomy":"product_tag","embeddable":true,"href":"https:\/\/webknjizara.hr\/en\/wp-json\/wp\/v2\/product_tag?post=7747"}],"curies":[{"name":"wp","href":"https:\/\/api.w.org\/{rel}","templated":true}]}}