{"id":7739,"date":"2013-11-21T21:52:33","date_gmt":"2013-11-21T21:52:33","guid":{"rendered":"https:\/\/webknjizara.hr\/?product=patofiziologija-endokrinopatija-%e2%80%93-odabrana-poglavlja-tina-tk"},"modified":"2023-02-27T00:16:01","modified_gmt":"2023-02-26T23:16:01","slug":"patofiziologija-endokrinopatija-odabrana-poglavlja-tina-t-k","status":"publish","type":"product","link":"https:\/\/webknjizara.hr\/en\/proizvod\/patofiziologija-endokrinopatija-odabrana-poglavlja-tina-t-k\/","title":{"rendered":"PATOFIZIOLOGIJA ENDOKRINOPATIJA \u2013 ODABRANA POGLAVLJA, Tina T.K."},"content":{"rendered":"<p style=\"text-align: justify;\"><strong><br \/>Sa\u017eetak:<br \/><\/strong><br \/>Knjiga obra\u0111uje patofiziolo\u0161ke aspekte naj\u010de\u0161\u0107ih endokrinolo\u0161kih poreme\u0107aja s posebnim osvrtom na patofiziologiju \u0161e\u0107erne bolesti i njenih komplikacija. <\/p>\n<p><strong>Bilje\u0161ka o autorici:<\/strong> <\/p>\n<p>Tina Ti\u010dinovi\u0107 Kurir je docent na Medicinskom fakultetu u Splitu gdje obna\u0161a du\u017enost pro\u010delnice Katedre za patofiziologiju. Autorica je specijalist interne medicine i subspecijalist endokrinologije i dijabetologije te radi kao lije\u010dnik specijalist na Klini\u010dkom odjelu za endokrinologiju, dijabetes i bolesti metabolizma Klini\u010dkog bolni\u010dkog centra Split. U\u017ee podru\u010dje njenog interesa su razli\u010diti endokrinolo\u0161ki i metaboli\u010dki poreme\u0107aji, posebice \u0161e\u0107erna bolest. Tako\u0111er, autor je ve\u0107eg broja znanstvenih i stru\u010dnih radova te aktivno sudjeluje na brojnim doma\u0107im i me\u0111unarodnim kongresima i te\u010dajevima iz podru\u010dja endokrinologije i dijabetologije.<\/p>\n<p><strong>Klju\u010dne rije\u010di:<\/strong> patofiziologija, endokrinolo\u0161ke bolesti, \u0161e\u0107erna bolest<\/p>\n<p><strong>E-mail: <\/strong><a href=\"mailto:tticinov@mefst.hr\">Tina Ti\u010dinovi\u0107 Kurir<\/a><\/p>\n<p style=\"text-align: justify;\"><strong>Naslov:<\/strong> Patofiziologija endokrinopatija \u2013 odabrana poglavlja<br \/><strong>Autor:<\/strong> Tina Ti\u010dinovi\u0107 Kurir<br \/><strong>Broj stranica:<\/strong> 206<br \/><strong>Nakladnik:<\/strong> REDAK<br \/><strong>Godina izdanja:<\/strong> 2013.<br \/><strong>ISBN:<\/strong> 978-953-336-105-5<br \/><strong>Tisak:<\/strong> digitalni tisak knjiga &#8211; print na zahtjev<\/p>\n","protected":false},"excerpt":{"rendered":"<p>Sa\u017eetak:Knjiga obra\u0111uje patofiziolo\u0161ke aspekte naj\u010de\u0161\u0107ih endokrinolo\u0161kih poreme\u0107aja s posebnim osvrtom na patofiziologiju \u0161e\u0107erne bolesti i njenih komplikacija. Bilje\u0161ka o autorici: Tina Ti\u010dinovi\u0107 Kurir je docent na Medicinskom fakultetu u Splitu gdje obna\u0161a du\u017enost pro\u010delnice Katedre za patofiziologiju. Autorica je specijalist interne medicine i subspecijalist endokrinologije i dijabetologije te radi kao lije\u010dnik specijalist na Klini\u010dkom odjelu [&hellip;]<\/p>\n","protected":false},"featured_media":7740,"comment_status":"open","ping_status":"closed","template":"","meta":{"_acf_changed":false},"product_brand":[],"product_cat":[1540,1517],"product_tag":[],"class_list":{"0":"post-7739","1":"product","2":"type-product","3":"status-publish","4":"has-post-thumbnail","6":"product_cat-biomedicina-i-zdravstvo","7":"product_cat-strucna-literatura","8":"pa_autor-tina-ticinovic-kurir","9":"pa_nakladnik-redak","11":"first","12":"instock","13":"shipping-taxable","14":"purchasable","15":"product-type-simple"},"acf":[],"yoast_head":"<!-- This site is optimized with the Yoast SEO plugin v27.3 - https:\/\/yoast.com\/product\/yoast-seo-wordpress\/ -->\n<title>PATOFIZIOLOGIJA ENDOKRINOPATIJA \u2013 ODABRANA POGLAVLJA, Tina T.K. - Web-knji\u017eara<\/title>\n<meta name=\"robots\" content=\"index, follow, max-snippet:-1, max-image-preview:large, max-video-preview:-1\" \/>\n<link rel=\"canonical\" href=\"https:\/\/webknjizara.hr\/proizvod\/patofiziologija-endokrinopatija-odabrana-poglavlja-tina-t-k\/\" \/>\n<meta property=\"og:locale\" content=\"en_US\" \/>\n<meta property=\"og:type\" content=\"article\" \/>\n<meta property=\"og:title\" content=\"PATOFIZIOLOGIJA ENDOKRINOPATIJA \u2013 ODABRANA POGLAVLJA, Tina T.K. - Web-knji\u017eara\" \/>\n<meta property=\"og:description\" content=\"Sa\u017eetak:Knjiga obra\u0111uje patofiziolo\u0161ke aspekte naj\u010de\u0161\u0107ih endokrinolo\u0161kih poreme\u0107aja s posebnim osvrtom na patofiziologiju \u0161e\u0107erne bolesti i njenih komplikacija. Bilje\u0161ka o autorici: Tina Ti\u010dinovi\u0107 Kurir je docent na Medicinskom fakultetu u Splitu gdje obna\u0161a du\u017enost pro\u010delnice Katedre za patofiziologiju. Autorica je specijalist interne medicine i subspecijalist endokrinologije i dijabetologije te radi kao lije\u010dnik specijalist na Klini\u010dkom odjelu [&hellip;]\" \/>\n<meta property=\"og:url\" content=\"https:\/\/webknjizara.hr\/proizvod\/patofiziologija-endokrinopatija-odabrana-poglavlja-tina-t-k\/\" \/>\n<meta property=\"og:site_name\" content=\"Web-knji\u017eara\" \/>\n<meta property=\"article:modified_time\" content=\"2023-02-26T23:16:01+00:00\" \/>\n<meta property=\"og:image\" content=\"https:\/\/webknjizara.hr\/wp-content\/uploads\/nc\/images\/virtuemart\/product\/patofiziologija-528e80a0f417f.jpg\" \/>\n\t<meta property=\"og:image:width\" content=\"492\" \/>\n\t<meta property=\"og:image:height\" content=\"707\" \/>\n\t<meta property=\"og:image:type\" content=\"image\/jpeg\" \/>\n<meta name=\"twitter:card\" content=\"summary_large_image\" \/>\n<meta name=\"twitter:label1\" content=\"Est. reading time\" \/>\n\t<meta name=\"twitter:data1\" content=\"1 minute\" \/>\n<script type=\"application\/ld+json\" class=\"yoast-schema-graph\">{\"@context\":\"https:\\\/\\\/schema.org\",\"@graph\":[{\"@type\":\"WebPage\",\"@id\":\"https:\\\/\\\/webknjizara.hr\\\/proizvod\\\/patofiziologija-endokrinopatija-odabrana-poglavlja-tina-t-k\\\/\",\"url\":\"https:\\\/\\\/webknjizara.hr\\\/proizvod\\\/patofiziologija-endokrinopatija-odabrana-poglavlja-tina-t-k\\\/\",\"name\":\"PATOFIZIOLOGIJA ENDOKRINOPATIJA \u2013 ODABRANA POGLAVLJA, Tina T.K. - Web-knji\u017eara\",\"isPartOf\":{\"@id\":\"https:\\\/\\\/webknjizara.hr\\\/#website\"},\"primaryImageOfPage\":{\"@id\":\"https:\\\/\\\/webknjizara.hr\\\/proizvod\\\/patofiziologija-endokrinopatija-odabrana-poglavlja-tina-t-k\\\/#primaryimage\"},\"image\":{\"@id\":\"https:\\\/\\\/webknjizara.hr\\\/proizvod\\\/patofiziologija-endokrinopatija-odabrana-poglavlja-tina-t-k\\\/#primaryimage\"},\"thumbnailUrl\":\"https:\\\/\\\/webknjizara.hr\\\/wp-content\\\/uploads\\\/nc\\\/images\\\/virtuemart\\\/product\\\/patofiziologija-528e80a0f417f.jpg\",\"datePublished\":\"2013-11-21T21:52:33+00:00\",\"dateModified\":\"2023-02-26T23:16:01+00:00\",\"breadcrumb\":{\"@id\":\"https:\\\/\\\/webknjizara.hr\\\/proizvod\\\/patofiziologija-endokrinopatija-odabrana-poglavlja-tina-t-k\\\/#breadcrumb\"},\"inLanguage\":\"en-US\",\"potentialAction\":[{\"@type\":\"ReadAction\",\"target\":[\"https:\\\/\\\/webknjizara.hr\\\/proizvod\\\/patofiziologija-endokrinopatija-odabrana-poglavlja-tina-t-k\\\/\"]}]},{\"@type\":\"ImageObject\",\"inLanguage\":\"en-US\",\"@id\":\"https:\\\/\\\/webknjizara.hr\\\/proizvod\\\/patofiziologija-endokrinopatija-odabrana-poglavlja-tina-t-k\\\/#primaryimage\",\"url\":\"https:\\\/\\\/webknjizara.hr\\\/wp-content\\\/uploads\\\/nc\\\/images\\\/virtuemart\\\/product\\\/patofiziologija-528e80a0f417f.jpg\",\"contentUrl\":\"https:\\\/\\\/webknjizara.hr\\\/wp-content\\\/uploads\\\/nc\\\/images\\\/virtuemart\\\/product\\\/patofiziologija-528e80a0f417f.jpg\",\"width\":492,\"height\":707,\"caption\":\"PATOFIZIOLOGIJA ENDOKRINOPATIJA \u2013 ODABRANA POGLAVLJA, Tina T.K.\"},{\"@type\":\"BreadcrumbList\",\"@id\":\"https:\\\/\\\/webknjizara.hr\\\/proizvod\\\/patofiziologija-endokrinopatija-odabrana-poglavlja-tina-t-k\\\/#breadcrumb\",\"itemListElement\":[{\"@type\":\"ListItem\",\"position\":1,\"name\":\"Po\u010detna stranica\",\"item\":\"https:\\\/\\\/webknjizara.hr\\\/en\\\/\"},{\"@type\":\"ListItem\",\"position\":2,\"name\":\"Shop\",\"item\":\"https:\\\/\\\/webknjizara.hr\\\/shop\\\/\"},{\"@type\":\"ListItem\",\"position\":3,\"name\":\"PATOFIZIOLOGIJA ENDOKRINOPATIJA \u2013 ODABRANA POGLAVLJA, Tina T.K.\"}]},{\"@type\":\"WebSite\",\"@id\":\"https:\\\/\\\/webknjizara.hr\\\/#website\",\"url\":\"https:\\\/\\\/webknjizara.hr\\\/\",\"name\":\"Web Knji\u017eara\",\"description\":\"\",\"publisher\":{\"@id\":\"https:\\\/\\\/webknjizara.hr\\\/#organization\"},\"potentialAction\":[{\"@type\":\"SearchAction\",\"target\":{\"@type\":\"EntryPoint\",\"urlTemplate\":\"https:\\\/\\\/webknjizara.hr\\\/?s={search_term_string}\"},\"query-input\":{\"@type\":\"PropertyValueSpecification\",\"valueRequired\":true,\"valueName\":\"search_term_string\"}}],\"inLanguage\":\"en-US\"},{\"@type\":\"Organization\",\"@id\":\"https:\\\/\\\/webknjizara.hr\\\/#organization\",\"name\":\"REDAK D.O.O.\",\"url\":\"https:\\\/\\\/webknjizara.hr\\\/\",\"logo\":{\"@type\":\"ImageObject\",\"inLanguage\":\"en-US\",\"@id\":\"https:\\\/\\\/webknjizara.hr\\\/#\\\/schema\\\/logo\\\/image\\\/\",\"url\":\"https:\\\/\\\/webknjizara.hr\\\/wp-content\\\/uploads\\\/2023\\\/01\\\/web-knjizara-logo.webp\",\"contentUrl\":\"https:\\\/\\\/webknjizara.hr\\\/wp-content\\\/uploads\\\/2023\\\/01\\\/web-knjizara-logo.webp\",\"width\":324,\"height\":79,\"caption\":\"REDAK D.O.O.\"},\"image\":{\"@id\":\"https:\\\/\\\/webknjizara.hr\\\/#\\\/schema\\\/logo\\\/image\\\/\"}}]}<\/script>\n<!-- \/ Yoast SEO plugin. -->","yoast_head_json":{"title":"PATOFIZIOLOGIJA ENDOKRINOPATIJA \u2013 ODABRANA POGLAVLJA, Tina T.K. - Web-knji\u017eara","robots":{"index":"index","follow":"follow","max-snippet":"max-snippet:-1","max-image-preview":"max-image-preview:large","max-video-preview":"max-video-preview:-1"},"canonical":"https:\/\/webknjizara.hr\/proizvod\/patofiziologija-endokrinopatija-odabrana-poglavlja-tina-t-k\/","og_locale":"en_US","og_type":"article","og_title":"PATOFIZIOLOGIJA ENDOKRINOPATIJA \u2013 ODABRANA POGLAVLJA, Tina T.K. - Web-knji\u017eara","og_description":"Sa\u017eetak:Knjiga obra\u0111uje patofiziolo\u0161ke aspekte naj\u010de\u0161\u0107ih endokrinolo\u0161kih poreme\u0107aja s posebnim osvrtom na patofiziologiju \u0161e\u0107erne bolesti i njenih komplikacija. Bilje\u0161ka o autorici: Tina Ti\u010dinovi\u0107 Kurir je docent na Medicinskom fakultetu u Splitu gdje obna\u0161a du\u017enost pro\u010delnice Katedre za patofiziologiju. Autorica je specijalist interne medicine i subspecijalist endokrinologije i dijabetologije te radi kao lije\u010dnik specijalist na Klini\u010dkom odjelu [&hellip;]","og_url":"https:\/\/webknjizara.hr\/proizvod\/patofiziologija-endokrinopatija-odabrana-poglavlja-tina-t-k\/","og_site_name":"Web-knji\u017eara","article_modified_time":"2023-02-26T23:16:01+00:00","og_image":[{"width":492,"height":707,"url":"https:\/\/webknjizara.hr\/wp-content\/uploads\/nc\/images\/virtuemart\/product\/patofiziologija-528e80a0f417f.jpg","type":"image\/jpeg"}],"twitter_card":"summary_large_image","twitter_misc":{"Est. reading time":"1 minute"},"schema":{"@context":"https:\/\/schema.org","@graph":[{"@type":"WebPage","@id":"https:\/\/webknjizara.hr\/proizvod\/patofiziologija-endokrinopatija-odabrana-poglavlja-tina-t-k\/","url":"https:\/\/webknjizara.hr\/proizvod\/patofiziologija-endokrinopatija-odabrana-poglavlja-tina-t-k\/","name":"PATOFIZIOLOGIJA ENDOKRINOPATIJA \u2013 ODABRANA POGLAVLJA, Tina T.K. - Web-knji\u017eara","isPartOf":{"@id":"https:\/\/webknjizara.hr\/#website"},"primaryImageOfPage":{"@id":"https:\/\/webknjizara.hr\/proizvod\/patofiziologija-endokrinopatija-odabrana-poglavlja-tina-t-k\/#primaryimage"},"image":{"@id":"https:\/\/webknjizara.hr\/proizvod\/patofiziologija-endokrinopatija-odabrana-poglavlja-tina-t-k\/#primaryimage"},"thumbnailUrl":"https:\/\/webknjizara.hr\/wp-content\/uploads\/nc\/images\/virtuemart\/product\/patofiziologija-528e80a0f417f.jpg","datePublished":"2013-11-21T21:52:33+00:00","dateModified":"2023-02-26T23:16:01+00:00","breadcrumb":{"@id":"https:\/\/webknjizara.hr\/proizvod\/patofiziologija-endokrinopatija-odabrana-poglavlja-tina-t-k\/#breadcrumb"},"inLanguage":"en-US","potentialAction":[{"@type":"ReadAction","target":["https:\/\/webknjizara.hr\/proizvod\/patofiziologija-endokrinopatija-odabrana-poglavlja-tina-t-k\/"]}]},{"@type":"ImageObject","inLanguage":"en-US","@id":"https:\/\/webknjizara.hr\/proizvod\/patofiziologija-endokrinopatija-odabrana-poglavlja-tina-t-k\/#primaryimage","url":"https:\/\/webknjizara.hr\/wp-content\/uploads\/nc\/images\/virtuemart\/product\/patofiziologija-528e80a0f417f.jpg","contentUrl":"https:\/\/webknjizara.hr\/wp-content\/uploads\/nc\/images\/virtuemart\/product\/patofiziologija-528e80a0f417f.jpg","width":492,"height":707,"caption":"PATOFIZIOLOGIJA ENDOKRINOPATIJA \u2013 ODABRANA POGLAVLJA, Tina T.K."},{"@type":"BreadcrumbList","@id":"https:\/\/webknjizara.hr\/proizvod\/patofiziologija-endokrinopatija-odabrana-poglavlja-tina-t-k\/#breadcrumb","itemListElement":[{"@type":"ListItem","position":1,"name":"Po\u010detna stranica","item":"https:\/\/webknjizara.hr\/en\/"},{"@type":"ListItem","position":2,"name":"Shop","item":"https:\/\/webknjizara.hr\/shop\/"},{"@type":"ListItem","position":3,"name":"PATOFIZIOLOGIJA ENDOKRINOPATIJA \u2013 ODABRANA POGLAVLJA, Tina T.K."}]},{"@type":"WebSite","@id":"https:\/\/webknjizara.hr\/#website","url":"https:\/\/webknjizara.hr\/","name":"Web Knji\u017eara","description":"","publisher":{"@id":"https:\/\/webknjizara.hr\/#organization"},"potentialAction":[{"@type":"SearchAction","target":{"@type":"EntryPoint","urlTemplate":"https:\/\/webknjizara.hr\/?s={search_term_string}"},"query-input":{"@type":"PropertyValueSpecification","valueRequired":true,"valueName":"search_term_string"}}],"inLanguage":"en-US"},{"@type":"Organization","@id":"https:\/\/webknjizara.hr\/#organization","name":"REDAK D.O.O.","url":"https:\/\/webknjizara.hr\/","logo":{"@type":"ImageObject","inLanguage":"en-US","@id":"https:\/\/webknjizara.hr\/#\/schema\/logo\/image\/","url":"https:\/\/webknjizara.hr\/wp-content\/uploads\/2023\/01\/web-knjizara-logo.webp","contentUrl":"https:\/\/webknjizara.hr\/wp-content\/uploads\/2023\/01\/web-knjizara-logo.webp","width":324,"height":79,"caption":"REDAK D.O.O."},"image":{"@id":"https:\/\/webknjizara.hr\/#\/schema\/logo\/image\/"}}]}},"_links":{"self":[{"href":"https:\/\/webknjizara.hr\/en\/wp-json\/wp\/v2\/product\/7739","targetHints":{"allow":["GET"]}}],"collection":[{"href":"https:\/\/webknjizara.hr\/en\/wp-json\/wp\/v2\/product"}],"about":[{"href":"https:\/\/webknjizara.hr\/en\/wp-json\/wp\/v2\/types\/product"}],"replies":[{"embeddable":true,"href":"https:\/\/webknjizara.hr\/en\/wp-json\/wp\/v2\/comments?post=7739"}],"wp:featuredmedia":[{"embeddable":true,"href":"https:\/\/webknjizara.hr\/en\/wp-json\/wp\/v2\/media\/7740"}],"wp:attachment":[{"href":"https:\/\/webknjizara.hr\/en\/wp-json\/wp\/v2\/media?parent=7739"}],"wp:term":[{"taxonomy":"product_brand","embeddable":true,"href":"https:\/\/webknjizara.hr\/en\/wp-json\/wp\/v2\/product_brand?post=7739"},{"taxonomy":"product_cat","embeddable":true,"href":"https:\/\/webknjizara.hr\/en\/wp-json\/wp\/v2\/product_cat?post=7739"},{"taxonomy":"product_tag","embeddable":true,"href":"https:\/\/webknjizara.hr\/en\/wp-json\/wp\/v2\/product_tag?post=7739"}],"curies":[{"name":"wp","href":"https:\/\/api.w.org\/{rel}","templated":true}]}}