{"id":7737,"date":"2013-11-20T21:45:12","date_gmt":"2013-11-20T21:45:12","guid":{"rendered":"https:\/\/webknjizara.hr\/?product=u-vrhu-jarbolain-der-spitze-des-mastes-zeljko-kuluz"},"modified":"2023-02-27T00:16:01","modified_gmt":"2023-02-26T23:16:01","slug":"u-vrhu-jarbola-in-der-spitze-des-mastes-zeljko-kuluz","status":"publish","type":"product","link":"https:\/\/webknjizara.hr\/en\/proizvod\/u-vrhu-jarbola-in-der-spitze-des-mastes-zeljko-kuluz\/","title":{"rendered":"U VRHU JARBOLA\/IN DER SPITZE DES MASTES, \u017deljko Kuluz"},"content":{"rendered":"<p style=\"text-align: justify;\"><strong>Sa\u017eetak:<br \/><\/strong><br \/>Pjesme na temu mora, jadranske obale, ljubavi\u2026 <\/p>\n<p><strong>Bilje\u0161ka o autoru:<\/strong> <\/p>\n<p>Ro\u0111en u Starom Gradu na Hvaru. \u0160kolovao se u Su\u0107urju, Makarskoj, Sarajevu. Radi u Gradskoj knji\u017enici u Makarskoj. Sura\u0111ivao u raznim novinama i \u010dasopisima. Glavni i odgovorni urednik i novinar Makarske rivijere 1986-1993. \u010clan redakcija i urednik razli\u010ditih izdanja.<\/p>\n<p>Pjesme i pri\u010de objavljivane u zbornicima: Zborniku Mladi hrvatski pjesnici 72 Zapre\u0161i\u0107, Makarsko primorje danas, Su\u0107uraj na otoku Hvaru-Split; raznim \u010dasopisima i novinama (u Makarskoj i Sarajevu) Makarska rivijera, Makarsko Primorje, Makarska kronika, Na\u0161i Dani, Lica, Spektar, na Radio Sarajevu..beogradskom Studentu, Lova\u010dkom vjesniku u Zagrebu, Hercegova\u010dkim novinama -Mostar, Hrvatska obzorja \u2013 Split; raznim monografijama: Zvona, Kapar, Dr fra Jure Radi\u0107 Split &#8211; Makarska, Biokovu monografijom &#8212; Zagreb; antologijama: Harfa Sarajevo, Na\u0161a veli\u010danstvena maslina Split, I nakon svega Sarajevo Sarajevo. Knjige pjesama: Jarebice, Sarajevo 1998, O smrti se ne mluvilo- Smrt se nigdje nije spominjala, Praha \u2013 Makarska 2003. i 2005. \u017divi u Makarskoj.<\/p>\n<p><strong>Klju\u010dne rije\u010di:<\/strong> <br \/>Jarebice, O smrti se ne mluvilo, Stari Grad, Gradska knji\u017enica, Makarska, Su\u0107uraj, Biokovo, ribarske krvi<\/p>\n<p><strong>E-mail:<\/strong> <a href=\"mailto:kuluz@net.hr\">\u017deljko Kuluz<\/a><\/p>\n<p style=\"text-align: justify;\"><strong>Naslov:<\/strong> U vrhu jarbola\/In der Spitze des Mastes<br \/><strong>Autor:<\/strong> \u017deljko Kuluz<br \/><strong>Broj stranica:<\/strong> 64<br \/><strong>Nakladnik:<\/strong> REDAK<br \/><strong>Godina izdanja:<\/strong> 2013.<br \/><strong>ISBN:<\/strong> 978-953-336-106-2<br \/><strong>Tisak:<\/strong> digitalni tisak knjiga &#8211; print na zahtjev<\/p>\n","protected":false},"excerpt":{"rendered":"<p>Sa\u017eetak:Pjesme na temu mora, jadranske obale, ljubavi\u2026 Bilje\u0161ka o autoru: Ro\u0111en u Starom Gradu na Hvaru. \u0160kolovao se u Su\u0107urju, Makarskoj, Sarajevu. Radi u Gradskoj knji\u017enici u Makarskoj. Sura\u0111ivao u raznim novinama i \u010dasopisima. Glavni i odgovorni urednik i novinar Makarske rivijere 1986-1993. \u010clan redakcija i urednik razli\u010ditih izdanja. Pjesme i pri\u010de objavljivane u zbornicima: [&hellip;]<\/p>\n","protected":false},"featured_media":7738,"comment_status":"open","ping_status":"closed","template":"","meta":{"_acf_changed":false},"product_brand":[],"product_cat":[1383,1385,1388],"product_tag":[],"class_list":{"0":"post-7737","1":"product","2":"type-product","3":"status-publish","4":"has-post-thumbnail","6":"product_cat-knjige","7":"product_cat-knjizevnost","8":"product_cat-poezija","9":"pa_autor-zeljko-kuluz","10":"pa_nakladnik-redak","12":"first","13":"instock","14":"shipping-taxable","15":"purchasable","16":"product-type-simple"},"acf":[],"yoast_head":"<!-- This site is optimized with the Yoast SEO plugin v27.3 - https:\/\/yoast.com\/product\/yoast-seo-wordpress\/ -->\n<title>U VRHU JARBOLA\/IN DER SPITZE DES MASTES, \u017deljko Kuluz - Web-knji\u017eara<\/title>\n<meta name=\"robots\" content=\"index, follow, max-snippet:-1, max-image-preview:large, max-video-preview:-1\" \/>\n<link rel=\"canonical\" href=\"https:\/\/webknjizara.hr\/proizvod\/u-vrhu-jarbola-in-der-spitze-des-mastes-zeljko-kuluz\/\" \/>\n<meta property=\"og:locale\" content=\"en_US\" \/>\n<meta property=\"og:type\" content=\"article\" \/>\n<meta property=\"og:title\" content=\"U VRHU JARBOLA\/IN DER SPITZE DES MASTES, \u017deljko Kuluz - Web-knji\u017eara\" \/>\n<meta property=\"og:description\" content=\"Sa\u017eetak:Pjesme na temu mora, jadranske obale, ljubavi\u2026 Bilje\u0161ka o autoru: Ro\u0111en u Starom Gradu na Hvaru. \u0160kolovao se u Su\u0107urju, Makarskoj, Sarajevu. Radi u Gradskoj knji\u017enici u Makarskoj. Sura\u0111ivao u raznim novinama i \u010dasopisima. Glavni i odgovorni urednik i novinar Makarske rivijere 1986-1993. \u010clan redakcija i urednik razli\u010ditih izdanja. Pjesme i pri\u010de objavljivane u zbornicima: [&hellip;]\" \/>\n<meta property=\"og:url\" content=\"https:\/\/webknjizara.hr\/proizvod\/u-vrhu-jarbola-in-der-spitze-des-mastes-zeljko-kuluz\/\" \/>\n<meta property=\"og:site_name\" content=\"Web-knji\u017eara\" \/>\n<meta property=\"article:modified_time\" content=\"2023-02-26T23:16:01+00:00\" \/>\n<meta property=\"og:image\" content=\"https:\/\/webknjizara.hr\/wp-content\/uploads\/nc\/images\/virtuemart\/product\/u-vrhu-jarbola-i-528d2d68c3788.jpg\" \/>\n\t<meta property=\"og:image:width\" content=\"468\" \/>\n\t<meta property=\"og:image:height\" content=\"768\" \/>\n\t<meta property=\"og:image:type\" content=\"image\/jpeg\" \/>\n<meta name=\"twitter:card\" content=\"summary_large_image\" \/>\n<meta name=\"twitter:label1\" content=\"Est. reading time\" \/>\n\t<meta name=\"twitter:data1\" content=\"1 minute\" \/>\n<script type=\"application\/ld+json\" class=\"yoast-schema-graph\">{\"@context\":\"https:\\\/\\\/schema.org\",\"@graph\":[{\"@type\":\"WebPage\",\"@id\":\"https:\\\/\\\/webknjizara.hr\\\/proizvod\\\/u-vrhu-jarbola-in-der-spitze-des-mastes-zeljko-kuluz\\\/\",\"url\":\"https:\\\/\\\/webknjizara.hr\\\/proizvod\\\/u-vrhu-jarbola-in-der-spitze-des-mastes-zeljko-kuluz\\\/\",\"name\":\"U VRHU JARBOLA\\\/IN DER SPITZE DES MASTES, \u017deljko Kuluz - Web-knji\u017eara\",\"isPartOf\":{\"@id\":\"https:\\\/\\\/webknjizara.hr\\\/#website\"},\"primaryImageOfPage\":{\"@id\":\"https:\\\/\\\/webknjizara.hr\\\/proizvod\\\/u-vrhu-jarbola-in-der-spitze-des-mastes-zeljko-kuluz\\\/#primaryimage\"},\"image\":{\"@id\":\"https:\\\/\\\/webknjizara.hr\\\/proizvod\\\/u-vrhu-jarbola-in-der-spitze-des-mastes-zeljko-kuluz\\\/#primaryimage\"},\"thumbnailUrl\":\"https:\\\/\\\/webknjizara.hr\\\/wp-content\\\/uploads\\\/nc\\\/images\\\/virtuemart\\\/product\\\/u-vrhu-jarbola-i-528d2d68c3788.jpg\",\"datePublished\":\"2013-11-20T21:45:12+00:00\",\"dateModified\":\"2023-02-26T23:16:01+00:00\",\"breadcrumb\":{\"@id\":\"https:\\\/\\\/webknjizara.hr\\\/proizvod\\\/u-vrhu-jarbola-in-der-spitze-des-mastes-zeljko-kuluz\\\/#breadcrumb\"},\"inLanguage\":\"en-US\",\"potentialAction\":[{\"@type\":\"ReadAction\",\"target\":[\"https:\\\/\\\/webknjizara.hr\\\/proizvod\\\/u-vrhu-jarbola-in-der-spitze-des-mastes-zeljko-kuluz\\\/\"]}]},{\"@type\":\"ImageObject\",\"inLanguage\":\"en-US\",\"@id\":\"https:\\\/\\\/webknjizara.hr\\\/proizvod\\\/u-vrhu-jarbola-in-der-spitze-des-mastes-zeljko-kuluz\\\/#primaryimage\",\"url\":\"https:\\\/\\\/webknjizara.hr\\\/wp-content\\\/uploads\\\/nc\\\/images\\\/virtuemart\\\/product\\\/u-vrhu-jarbola-i-528d2d68c3788.jpg\",\"contentUrl\":\"https:\\\/\\\/webknjizara.hr\\\/wp-content\\\/uploads\\\/nc\\\/images\\\/virtuemart\\\/product\\\/u-vrhu-jarbola-i-528d2d68c3788.jpg\",\"width\":468,\"height\":768,\"caption\":\"U VRHU JARBOLA\\\/IN DER SPITZE DES MASTES, \u017deljko Kuluz\"},{\"@type\":\"BreadcrumbList\",\"@id\":\"https:\\\/\\\/webknjizara.hr\\\/proizvod\\\/u-vrhu-jarbola-in-der-spitze-des-mastes-zeljko-kuluz\\\/#breadcrumb\",\"itemListElement\":[{\"@type\":\"ListItem\",\"position\":1,\"name\":\"Po\u010detna stranica\",\"item\":\"https:\\\/\\\/webknjizara.hr\\\/en\\\/\"},{\"@type\":\"ListItem\",\"position\":2,\"name\":\"Shop\",\"item\":\"https:\\\/\\\/webknjizara.hr\\\/shop\\\/\"},{\"@type\":\"ListItem\",\"position\":3,\"name\":\"U VRHU JARBOLA\\\/IN DER SPITZE DES MASTES, \u017deljko Kuluz\"}]},{\"@type\":\"WebSite\",\"@id\":\"https:\\\/\\\/webknjizara.hr\\\/#website\",\"url\":\"https:\\\/\\\/webknjizara.hr\\\/\",\"name\":\"Web Knji\u017eara\",\"description\":\"\",\"publisher\":{\"@id\":\"https:\\\/\\\/webknjizara.hr\\\/#organization\"},\"potentialAction\":[{\"@type\":\"SearchAction\",\"target\":{\"@type\":\"EntryPoint\",\"urlTemplate\":\"https:\\\/\\\/webknjizara.hr\\\/?s={search_term_string}\"},\"query-input\":{\"@type\":\"PropertyValueSpecification\",\"valueRequired\":true,\"valueName\":\"search_term_string\"}}],\"inLanguage\":\"en-US\"},{\"@type\":\"Organization\",\"@id\":\"https:\\\/\\\/webknjizara.hr\\\/#organization\",\"name\":\"REDAK D.O.O.\",\"url\":\"https:\\\/\\\/webknjizara.hr\\\/\",\"logo\":{\"@type\":\"ImageObject\",\"inLanguage\":\"en-US\",\"@id\":\"https:\\\/\\\/webknjizara.hr\\\/#\\\/schema\\\/logo\\\/image\\\/\",\"url\":\"https:\\\/\\\/webknjizara.hr\\\/wp-content\\\/uploads\\\/2023\\\/01\\\/web-knjizara-logo.webp\",\"contentUrl\":\"https:\\\/\\\/webknjizara.hr\\\/wp-content\\\/uploads\\\/2023\\\/01\\\/web-knjizara-logo.webp\",\"width\":324,\"height\":79,\"caption\":\"REDAK D.O.O.\"},\"image\":{\"@id\":\"https:\\\/\\\/webknjizara.hr\\\/#\\\/schema\\\/logo\\\/image\\\/\"}}]}<\/script>\n<!-- \/ Yoast SEO plugin. -->","yoast_head_json":{"title":"U VRHU JARBOLA\/IN DER SPITZE DES MASTES, \u017deljko Kuluz - Web-knji\u017eara","robots":{"index":"index","follow":"follow","max-snippet":"max-snippet:-1","max-image-preview":"max-image-preview:large","max-video-preview":"max-video-preview:-1"},"canonical":"https:\/\/webknjizara.hr\/proizvod\/u-vrhu-jarbola-in-der-spitze-des-mastes-zeljko-kuluz\/","og_locale":"en_US","og_type":"article","og_title":"U VRHU JARBOLA\/IN DER SPITZE DES MASTES, \u017deljko Kuluz - Web-knji\u017eara","og_description":"Sa\u017eetak:Pjesme na temu mora, jadranske obale, ljubavi\u2026 Bilje\u0161ka o autoru: Ro\u0111en u Starom Gradu na Hvaru. \u0160kolovao se u Su\u0107urju, Makarskoj, Sarajevu. Radi u Gradskoj knji\u017enici u Makarskoj. Sura\u0111ivao u raznim novinama i \u010dasopisima. Glavni i odgovorni urednik i novinar Makarske rivijere 1986-1993. \u010clan redakcija i urednik razli\u010ditih izdanja. Pjesme i pri\u010de objavljivane u zbornicima: [&hellip;]","og_url":"https:\/\/webknjizara.hr\/proizvod\/u-vrhu-jarbola-in-der-spitze-des-mastes-zeljko-kuluz\/","og_site_name":"Web-knji\u017eara","article_modified_time":"2023-02-26T23:16:01+00:00","og_image":[{"width":468,"height":768,"url":"https:\/\/webknjizara.hr\/wp-content\/uploads\/nc\/images\/virtuemart\/product\/u-vrhu-jarbola-i-528d2d68c3788.jpg","type":"image\/jpeg"}],"twitter_card":"summary_large_image","twitter_misc":{"Est. reading time":"1 minute"},"schema":{"@context":"https:\/\/schema.org","@graph":[{"@type":"WebPage","@id":"https:\/\/webknjizara.hr\/proizvod\/u-vrhu-jarbola-in-der-spitze-des-mastes-zeljko-kuluz\/","url":"https:\/\/webknjizara.hr\/proizvod\/u-vrhu-jarbola-in-der-spitze-des-mastes-zeljko-kuluz\/","name":"U VRHU JARBOLA\/IN DER SPITZE DES MASTES, \u017deljko Kuluz - Web-knji\u017eara","isPartOf":{"@id":"https:\/\/webknjizara.hr\/#website"},"primaryImageOfPage":{"@id":"https:\/\/webknjizara.hr\/proizvod\/u-vrhu-jarbola-in-der-spitze-des-mastes-zeljko-kuluz\/#primaryimage"},"image":{"@id":"https:\/\/webknjizara.hr\/proizvod\/u-vrhu-jarbola-in-der-spitze-des-mastes-zeljko-kuluz\/#primaryimage"},"thumbnailUrl":"https:\/\/webknjizara.hr\/wp-content\/uploads\/nc\/images\/virtuemart\/product\/u-vrhu-jarbola-i-528d2d68c3788.jpg","datePublished":"2013-11-20T21:45:12+00:00","dateModified":"2023-02-26T23:16:01+00:00","breadcrumb":{"@id":"https:\/\/webknjizara.hr\/proizvod\/u-vrhu-jarbola-in-der-spitze-des-mastes-zeljko-kuluz\/#breadcrumb"},"inLanguage":"en-US","potentialAction":[{"@type":"ReadAction","target":["https:\/\/webknjizara.hr\/proizvod\/u-vrhu-jarbola-in-der-spitze-des-mastes-zeljko-kuluz\/"]}]},{"@type":"ImageObject","inLanguage":"en-US","@id":"https:\/\/webknjizara.hr\/proizvod\/u-vrhu-jarbola-in-der-spitze-des-mastes-zeljko-kuluz\/#primaryimage","url":"https:\/\/webknjizara.hr\/wp-content\/uploads\/nc\/images\/virtuemart\/product\/u-vrhu-jarbola-i-528d2d68c3788.jpg","contentUrl":"https:\/\/webknjizara.hr\/wp-content\/uploads\/nc\/images\/virtuemart\/product\/u-vrhu-jarbola-i-528d2d68c3788.jpg","width":468,"height":768,"caption":"U VRHU JARBOLA\/IN DER SPITZE DES MASTES, \u017deljko Kuluz"},{"@type":"BreadcrumbList","@id":"https:\/\/webknjizara.hr\/proizvod\/u-vrhu-jarbola-in-der-spitze-des-mastes-zeljko-kuluz\/#breadcrumb","itemListElement":[{"@type":"ListItem","position":1,"name":"Po\u010detna stranica","item":"https:\/\/webknjizara.hr\/en\/"},{"@type":"ListItem","position":2,"name":"Shop","item":"https:\/\/webknjizara.hr\/shop\/"},{"@type":"ListItem","position":3,"name":"U VRHU JARBOLA\/IN DER SPITZE DES MASTES, \u017deljko Kuluz"}]},{"@type":"WebSite","@id":"https:\/\/webknjizara.hr\/#website","url":"https:\/\/webknjizara.hr\/","name":"Web Knji\u017eara","description":"","publisher":{"@id":"https:\/\/webknjizara.hr\/#organization"},"potentialAction":[{"@type":"SearchAction","target":{"@type":"EntryPoint","urlTemplate":"https:\/\/webknjizara.hr\/?s={search_term_string}"},"query-input":{"@type":"PropertyValueSpecification","valueRequired":true,"valueName":"search_term_string"}}],"inLanguage":"en-US"},{"@type":"Organization","@id":"https:\/\/webknjizara.hr\/#organization","name":"REDAK D.O.O.","url":"https:\/\/webknjizara.hr\/","logo":{"@type":"ImageObject","inLanguage":"en-US","@id":"https:\/\/webknjizara.hr\/#\/schema\/logo\/image\/","url":"https:\/\/webknjizara.hr\/wp-content\/uploads\/2023\/01\/web-knjizara-logo.webp","contentUrl":"https:\/\/webknjizara.hr\/wp-content\/uploads\/2023\/01\/web-knjizara-logo.webp","width":324,"height":79,"caption":"REDAK D.O.O."},"image":{"@id":"https:\/\/webknjizara.hr\/#\/schema\/logo\/image\/"}}]}},"_links":{"self":[{"href":"https:\/\/webknjizara.hr\/en\/wp-json\/wp\/v2\/product\/7737","targetHints":{"allow":["GET"]}}],"collection":[{"href":"https:\/\/webknjizara.hr\/en\/wp-json\/wp\/v2\/product"}],"about":[{"href":"https:\/\/webknjizara.hr\/en\/wp-json\/wp\/v2\/types\/product"}],"replies":[{"embeddable":true,"href":"https:\/\/webknjizara.hr\/en\/wp-json\/wp\/v2\/comments?post=7737"}],"wp:featuredmedia":[{"embeddable":true,"href":"https:\/\/webknjizara.hr\/en\/wp-json\/wp\/v2\/media\/7738"}],"wp:attachment":[{"href":"https:\/\/webknjizara.hr\/en\/wp-json\/wp\/v2\/media?parent=7737"}],"wp:term":[{"taxonomy":"product_brand","embeddable":true,"href":"https:\/\/webknjizara.hr\/en\/wp-json\/wp\/v2\/product_brand?post=7737"},{"taxonomy":"product_cat","embeddable":true,"href":"https:\/\/webknjizara.hr\/en\/wp-json\/wp\/v2\/product_cat?post=7737"},{"taxonomy":"product_tag","embeddable":true,"href":"https:\/\/webknjizara.hr\/en\/wp-json\/wp\/v2\/product_tag?post=7737"}],"curies":[{"name":"wp","href":"https:\/\/api.w.org\/{rel}","templated":true}]}}