{"id":7735,"date":"2013-11-19T21:15:29","date_gmt":"2013-11-19T21:15:29","guid":{"rendered":"https:\/\/webknjizara.hr\/?product=u-svjetlu-radosne-vijesti-mladen-parlov"},"modified":"2023-02-27T00:16:01","modified_gmt":"2023-02-26T23:16:01","slug":"u-svjetlu-radosne-vijesti-mladen-parlov","status":"publish","type":"product","link":"https:\/\/webknjizara.hr\/en\/proizvod\/u-svjetlu-radosne-vijesti-mladen-parlov\/","title":{"rendered":"U SVJETLU RADOSNE VIJESTI, Mladen Parlov"},"content":{"rendered":"<p style=\"text-align: justify;\"><strong><br \/>Sa\u017eetak:<br \/><\/strong><br \/>Propovijedi za nedjelje i svetkovine &#8211; ciklus A <\/p>\n<p><strong>Bilje\u0161ka o autoru\/autorici:<\/strong> <\/p>\n<p>Mladen Parlov, izvanredni profesor na Katoli\u010dkom bogoslovnom fakultetu u Splitu, nositelj katedre Povijesti kr\u0161\u0107anske literature i nauka. Autor petnaestak knjiga te vi\u0161e desetaka znanstvenih i stru\u010dnih radova s podru\u010dja teologije duhovnosti te povijesti teologije i duhovnosti.<\/p>\n<p><strong>Klju\u010dne rije\u010di:<\/strong> <br \/>Propovijedi, Isus Krist, Radosna vijest, evan\u0111elje <br \/><strong><br \/>Link:<\/strong> <a href=\"http:\/\/www.kbf-st.hr\/~mparlov\/\">http:\/\/www.kbf-st.hr\/~mparlov\/<\/a><\/p>\n<p><strong>E-mail:<\/strong>\u00a0<a href=\"mailto:mladenparlov@gmail.com\">Mladen Parlov<\/a><\/p>\n<p style=\"text-align: justify;\"><strong>Naslov:<\/strong> U svjetlu Radosne vijesti<br \/><strong>Autor:<\/strong> Mladen Parlov<br \/><strong>Broj stranica:<\/strong> 216<br \/><strong>Nakladnik:<\/strong> CRKVA U SVIJETU<br \/><strong>Godina izdanja:<\/strong> 2013.<br \/><strong>ISBN:<\/strong> 978-953-256-061-9<br \/><strong>Tisak:<\/strong> digitalni tisak knjiga &#8211; print na zahtjev<\/p>\n","protected":false},"excerpt":{"rendered":"<p>Sa\u017eetak:Propovijedi za nedjelje i svetkovine &#8211; ciklus A Bilje\u0161ka o autoru\/autorici: Mladen Parlov, izvanredni profesor na Katoli\u010dkom bogoslovnom fakultetu u Splitu, nositelj katedre Povijesti kr\u0161\u0107anske literature i nauka. Autor petnaestak knjiga te vi\u0161e desetaka znanstvenih i stru\u010dnih radova s podru\u010dja teologije duhovnosti te povijesti teologije i duhovnosti. Klju\u010dne rije\u010di: Propovijedi, Isus Krist, Radosna vijest, evan\u0111elje [&hellip;]<\/p>\n","protected":false},"featured_media":7736,"comment_status":"open","ping_status":"closed","template":"","meta":{"_acf_changed":false},"product_brand":[],"product_cat":[1489],"product_tag":[],"class_list":{"0":"post-7735","1":"product","2":"type-product","3":"status-publish","4":"has-post-thumbnail","6":"product_cat-publicistika","7":"pa_autor-mladen-parlov","8":"pa_nakladnik-crkva-u-svijetu","10":"first","11":"instock","12":"shipping-taxable","13":"purchasable","14":"product-type-simple"},"acf":[],"yoast_head":"<!-- This site is optimized with the Yoast SEO plugin v27.3 - https:\/\/yoast.com\/product\/yoast-seo-wordpress\/ -->\n<title>U SVJETLU RADOSNE VIJESTI, Mladen Parlov - Web-knji\u017eara<\/title>\n<meta name=\"robots\" content=\"index, follow, max-snippet:-1, max-image-preview:large, max-video-preview:-1\" \/>\n<link rel=\"canonical\" href=\"https:\/\/webknjizara.hr\/proizvod\/u-svjetlu-radosne-vijesti-mladen-parlov\/\" \/>\n<meta property=\"og:locale\" content=\"en_US\" \/>\n<meta property=\"og:type\" content=\"article\" \/>\n<meta property=\"og:title\" content=\"U SVJETLU RADOSNE VIJESTI, Mladen Parlov - Web-knji\u017eara\" \/>\n<meta property=\"og:description\" content=\"Sa\u017eetak:Propovijedi za nedjelje i svetkovine &#8211; ciklus A Bilje\u0161ka o autoru\/autorici: Mladen Parlov, izvanredni profesor na Katoli\u010dkom bogoslovnom fakultetu u Splitu, nositelj katedre Povijesti kr\u0161\u0107anske literature i nauka. Autor petnaestak knjiga te vi\u0161e desetaka znanstvenih i stru\u010dnih radova s podru\u010dja teologije duhovnosti te povijesti teologije i duhovnosti. Klju\u010dne rije\u010di: Propovijedi, Isus Krist, Radosna vijest, evan\u0111elje [&hellip;]\" \/>\n<meta property=\"og:url\" content=\"https:\/\/webknjizara.hr\/proizvod\/u-svjetlu-radosne-vijesti-mladen-parlov\/\" \/>\n<meta property=\"og:site_name\" content=\"Web-knji\u017eara\" \/>\n<meta property=\"article:modified_time\" content=\"2023-02-26T23:16:01+00:00\" \/>\n<meta property=\"og:image\" content=\"https:\/\/webknjizara.hr\/wp-content\/uploads\/nc\/images\/virtuemart\/product\/u-svjetlu-radosn-528bd4f173da8.jpg\" \/>\n\t<meta property=\"og:image:width\" content=\"345\" \/>\n\t<meta property=\"og:image:height\" content=\"500\" \/>\n\t<meta property=\"og:image:type\" content=\"image\/jpeg\" \/>\n<meta name=\"twitter:card\" content=\"summary_large_image\" \/>\n<meta name=\"twitter:label1\" content=\"Est. reading time\" \/>\n\t<meta name=\"twitter:data1\" content=\"1 minute\" \/>\n<script type=\"application\/ld+json\" class=\"yoast-schema-graph\">{\"@context\":\"https:\\\/\\\/schema.org\",\"@graph\":[{\"@type\":\"WebPage\",\"@id\":\"https:\\\/\\\/webknjizara.hr\\\/proizvod\\\/u-svjetlu-radosne-vijesti-mladen-parlov\\\/\",\"url\":\"https:\\\/\\\/webknjizara.hr\\\/proizvod\\\/u-svjetlu-radosne-vijesti-mladen-parlov\\\/\",\"name\":\"U SVJETLU RADOSNE VIJESTI, Mladen Parlov - Web-knji\u017eara\",\"isPartOf\":{\"@id\":\"https:\\\/\\\/webknjizara.hr\\\/#website\"},\"primaryImageOfPage\":{\"@id\":\"https:\\\/\\\/webknjizara.hr\\\/proizvod\\\/u-svjetlu-radosne-vijesti-mladen-parlov\\\/#primaryimage\"},\"image\":{\"@id\":\"https:\\\/\\\/webknjizara.hr\\\/proizvod\\\/u-svjetlu-radosne-vijesti-mladen-parlov\\\/#primaryimage\"},\"thumbnailUrl\":\"https:\\\/\\\/webknjizara.hr\\\/wp-content\\\/uploads\\\/nc\\\/images\\\/virtuemart\\\/product\\\/u-svjetlu-radosn-528bd4f173da8.jpg\",\"datePublished\":\"2013-11-19T21:15:29+00:00\",\"dateModified\":\"2023-02-26T23:16:01+00:00\",\"breadcrumb\":{\"@id\":\"https:\\\/\\\/webknjizara.hr\\\/proizvod\\\/u-svjetlu-radosne-vijesti-mladen-parlov\\\/#breadcrumb\"},\"inLanguage\":\"en-US\",\"potentialAction\":[{\"@type\":\"ReadAction\",\"target\":[\"https:\\\/\\\/webknjizara.hr\\\/proizvod\\\/u-svjetlu-radosne-vijesti-mladen-parlov\\\/\"]}]},{\"@type\":\"ImageObject\",\"inLanguage\":\"en-US\",\"@id\":\"https:\\\/\\\/webknjizara.hr\\\/proizvod\\\/u-svjetlu-radosne-vijesti-mladen-parlov\\\/#primaryimage\",\"url\":\"https:\\\/\\\/webknjizara.hr\\\/wp-content\\\/uploads\\\/nc\\\/images\\\/virtuemart\\\/product\\\/u-svjetlu-radosn-528bd4f173da8.jpg\",\"contentUrl\":\"https:\\\/\\\/webknjizara.hr\\\/wp-content\\\/uploads\\\/nc\\\/images\\\/virtuemart\\\/product\\\/u-svjetlu-radosn-528bd4f173da8.jpg\",\"width\":345,\"height\":500,\"caption\":\"U SVJETLU RADOSNE VIJESTI, Mladen Parlov\"},{\"@type\":\"BreadcrumbList\",\"@id\":\"https:\\\/\\\/webknjizara.hr\\\/proizvod\\\/u-svjetlu-radosne-vijesti-mladen-parlov\\\/#breadcrumb\",\"itemListElement\":[{\"@type\":\"ListItem\",\"position\":1,\"name\":\"Po\u010detna stranica\",\"item\":\"https:\\\/\\\/webknjizara.hr\\\/en\\\/\"},{\"@type\":\"ListItem\",\"position\":2,\"name\":\"Shop\",\"item\":\"https:\\\/\\\/webknjizara.hr\\\/shop\\\/\"},{\"@type\":\"ListItem\",\"position\":3,\"name\":\"U SVJETLU RADOSNE VIJESTI, Mladen Parlov\"}]},{\"@type\":\"WebSite\",\"@id\":\"https:\\\/\\\/webknjizara.hr\\\/#website\",\"url\":\"https:\\\/\\\/webknjizara.hr\\\/\",\"name\":\"Web Knji\u017eara\",\"description\":\"\",\"publisher\":{\"@id\":\"https:\\\/\\\/webknjizara.hr\\\/#organization\"},\"potentialAction\":[{\"@type\":\"SearchAction\",\"target\":{\"@type\":\"EntryPoint\",\"urlTemplate\":\"https:\\\/\\\/webknjizara.hr\\\/?s={search_term_string}\"},\"query-input\":{\"@type\":\"PropertyValueSpecification\",\"valueRequired\":true,\"valueName\":\"search_term_string\"}}],\"inLanguage\":\"en-US\"},{\"@type\":\"Organization\",\"@id\":\"https:\\\/\\\/webknjizara.hr\\\/#organization\",\"name\":\"REDAK D.O.O.\",\"url\":\"https:\\\/\\\/webknjizara.hr\\\/\",\"logo\":{\"@type\":\"ImageObject\",\"inLanguage\":\"en-US\",\"@id\":\"https:\\\/\\\/webknjizara.hr\\\/#\\\/schema\\\/logo\\\/image\\\/\",\"url\":\"https:\\\/\\\/webknjizara.hr\\\/wp-content\\\/uploads\\\/2023\\\/01\\\/web-knjizara-logo.webp\",\"contentUrl\":\"https:\\\/\\\/webknjizara.hr\\\/wp-content\\\/uploads\\\/2023\\\/01\\\/web-knjizara-logo.webp\",\"width\":324,\"height\":79,\"caption\":\"REDAK D.O.O.\"},\"image\":{\"@id\":\"https:\\\/\\\/webknjizara.hr\\\/#\\\/schema\\\/logo\\\/image\\\/\"}}]}<\/script>\n<!-- \/ Yoast SEO plugin. -->","yoast_head_json":{"title":"U SVJETLU RADOSNE VIJESTI, Mladen Parlov - Web-knji\u017eara","robots":{"index":"index","follow":"follow","max-snippet":"max-snippet:-1","max-image-preview":"max-image-preview:large","max-video-preview":"max-video-preview:-1"},"canonical":"https:\/\/webknjizara.hr\/proizvod\/u-svjetlu-radosne-vijesti-mladen-parlov\/","og_locale":"en_US","og_type":"article","og_title":"U SVJETLU RADOSNE VIJESTI, Mladen Parlov - Web-knji\u017eara","og_description":"Sa\u017eetak:Propovijedi za nedjelje i svetkovine &#8211; ciklus A Bilje\u0161ka o autoru\/autorici: Mladen Parlov, izvanredni profesor na Katoli\u010dkom bogoslovnom fakultetu u Splitu, nositelj katedre Povijesti kr\u0161\u0107anske literature i nauka. Autor petnaestak knjiga te vi\u0161e desetaka znanstvenih i stru\u010dnih radova s podru\u010dja teologije duhovnosti te povijesti teologije i duhovnosti. Klju\u010dne rije\u010di: Propovijedi, Isus Krist, Radosna vijest, evan\u0111elje [&hellip;]","og_url":"https:\/\/webknjizara.hr\/proizvod\/u-svjetlu-radosne-vijesti-mladen-parlov\/","og_site_name":"Web-knji\u017eara","article_modified_time":"2023-02-26T23:16:01+00:00","og_image":[{"width":345,"height":500,"url":"https:\/\/webknjizara.hr\/wp-content\/uploads\/nc\/images\/virtuemart\/product\/u-svjetlu-radosn-528bd4f173da8.jpg","type":"image\/jpeg"}],"twitter_card":"summary_large_image","twitter_misc":{"Est. reading time":"1 minute"},"schema":{"@context":"https:\/\/schema.org","@graph":[{"@type":"WebPage","@id":"https:\/\/webknjizara.hr\/proizvod\/u-svjetlu-radosne-vijesti-mladen-parlov\/","url":"https:\/\/webknjizara.hr\/proizvod\/u-svjetlu-radosne-vijesti-mladen-parlov\/","name":"U SVJETLU RADOSNE VIJESTI, Mladen Parlov - Web-knji\u017eara","isPartOf":{"@id":"https:\/\/webknjizara.hr\/#website"},"primaryImageOfPage":{"@id":"https:\/\/webknjizara.hr\/proizvod\/u-svjetlu-radosne-vijesti-mladen-parlov\/#primaryimage"},"image":{"@id":"https:\/\/webknjizara.hr\/proizvod\/u-svjetlu-radosne-vijesti-mladen-parlov\/#primaryimage"},"thumbnailUrl":"https:\/\/webknjizara.hr\/wp-content\/uploads\/nc\/images\/virtuemart\/product\/u-svjetlu-radosn-528bd4f173da8.jpg","datePublished":"2013-11-19T21:15:29+00:00","dateModified":"2023-02-26T23:16:01+00:00","breadcrumb":{"@id":"https:\/\/webknjizara.hr\/proizvod\/u-svjetlu-radosne-vijesti-mladen-parlov\/#breadcrumb"},"inLanguage":"en-US","potentialAction":[{"@type":"ReadAction","target":["https:\/\/webknjizara.hr\/proizvod\/u-svjetlu-radosne-vijesti-mladen-parlov\/"]}]},{"@type":"ImageObject","inLanguage":"en-US","@id":"https:\/\/webknjizara.hr\/proizvod\/u-svjetlu-radosne-vijesti-mladen-parlov\/#primaryimage","url":"https:\/\/webknjizara.hr\/wp-content\/uploads\/nc\/images\/virtuemart\/product\/u-svjetlu-radosn-528bd4f173da8.jpg","contentUrl":"https:\/\/webknjizara.hr\/wp-content\/uploads\/nc\/images\/virtuemart\/product\/u-svjetlu-radosn-528bd4f173da8.jpg","width":345,"height":500,"caption":"U SVJETLU RADOSNE VIJESTI, Mladen Parlov"},{"@type":"BreadcrumbList","@id":"https:\/\/webknjizara.hr\/proizvod\/u-svjetlu-radosne-vijesti-mladen-parlov\/#breadcrumb","itemListElement":[{"@type":"ListItem","position":1,"name":"Po\u010detna stranica","item":"https:\/\/webknjizara.hr\/en\/"},{"@type":"ListItem","position":2,"name":"Shop","item":"https:\/\/webknjizara.hr\/shop\/"},{"@type":"ListItem","position":3,"name":"U SVJETLU RADOSNE VIJESTI, Mladen Parlov"}]},{"@type":"WebSite","@id":"https:\/\/webknjizara.hr\/#website","url":"https:\/\/webknjizara.hr\/","name":"Web Knji\u017eara","description":"","publisher":{"@id":"https:\/\/webknjizara.hr\/#organization"},"potentialAction":[{"@type":"SearchAction","target":{"@type":"EntryPoint","urlTemplate":"https:\/\/webknjizara.hr\/?s={search_term_string}"},"query-input":{"@type":"PropertyValueSpecification","valueRequired":true,"valueName":"search_term_string"}}],"inLanguage":"en-US"},{"@type":"Organization","@id":"https:\/\/webknjizara.hr\/#organization","name":"REDAK D.O.O.","url":"https:\/\/webknjizara.hr\/","logo":{"@type":"ImageObject","inLanguage":"en-US","@id":"https:\/\/webknjizara.hr\/#\/schema\/logo\/image\/","url":"https:\/\/webknjizara.hr\/wp-content\/uploads\/2023\/01\/web-knjizara-logo.webp","contentUrl":"https:\/\/webknjizara.hr\/wp-content\/uploads\/2023\/01\/web-knjizara-logo.webp","width":324,"height":79,"caption":"REDAK D.O.O."},"image":{"@id":"https:\/\/webknjizara.hr\/#\/schema\/logo\/image\/"}}]}},"_links":{"self":[{"href":"https:\/\/webknjizara.hr\/en\/wp-json\/wp\/v2\/product\/7735","targetHints":{"allow":["GET"]}}],"collection":[{"href":"https:\/\/webknjizara.hr\/en\/wp-json\/wp\/v2\/product"}],"about":[{"href":"https:\/\/webknjizara.hr\/en\/wp-json\/wp\/v2\/types\/product"}],"replies":[{"embeddable":true,"href":"https:\/\/webknjizara.hr\/en\/wp-json\/wp\/v2\/comments?post=7735"}],"wp:featuredmedia":[{"embeddable":true,"href":"https:\/\/webknjizara.hr\/en\/wp-json\/wp\/v2\/media\/7736"}],"wp:attachment":[{"href":"https:\/\/webknjizara.hr\/en\/wp-json\/wp\/v2\/media?parent=7735"}],"wp:term":[{"taxonomy":"product_brand","embeddable":true,"href":"https:\/\/webknjizara.hr\/en\/wp-json\/wp\/v2\/product_brand?post=7735"},{"taxonomy":"product_cat","embeddable":true,"href":"https:\/\/webknjizara.hr\/en\/wp-json\/wp\/v2\/product_cat?post=7735"},{"taxonomy":"product_tag","embeddable":true,"href":"https:\/\/webknjizara.hr\/en\/wp-json\/wp\/v2\/product_tag?post=7735"}],"curies":[{"name":"wp","href":"https:\/\/api.w.org\/{rel}","templated":true}]}}