{"id":7733,"date":"2013-11-15T17:41:35","date_gmt":"2013-11-15T17:41:35","guid":{"rendered":"https:\/\/webknjizara.hr\/?product=celicni-vuk-ana-kapraljevic"},"modified":"2023-02-27T00:16:01","modified_gmt":"2023-02-26T23:16:01","slug":"celicni-vuk-ana-kapraljevic","status":"publish","type":"product","link":"https:\/\/webknjizara.hr\/en\/proizvod\/celicni-vuk-ana-kapraljevic\/","title":{"rendered":"\u010cELI\u010cNI VUK, Ana Kapraljevi\u0107"},"content":{"rendered":"<p style=\"text-align: justify;\"><strong>Sa\u017eetak:<\/strong><\/p>\n<p>&#8220;\u010celi\u010dni vuk&#8221; zbirka je poezije koja sadr\u017ei prva dva ciklusa autori\u010dine dugogodi\u0161nje spisateljske produkcije pjesama. U ovoj zbirci dvije su klju\u010dne motivacije za osjetilno poimanje stvarnosti: \u017eenska, nje\u017enija i tanko\u0107utnija, te mu\u0161ka, \u017eestoka i strastvena. Kako se obje te krajnosti oblikuju u autori\u010dinoj junakinji, tako junakinja sve vi\u0161e odrasta, sve vi\u0161e poima samu sebe, pa je ova zbirka upravo svojevrsna poeti\u010dka analiza ljubavi, ljubavnog odnosa i same nutrine ljubavnog subjekta. Istovremeno zbirka je slavljenje ljubavi prema velikodu\u0161noj prirodi, nagnu\u0107ima koja iz nje proizlaze i utapaju se u samu junakinju. <\/p>\n<p><strong>Bilje\u0161ka o autorici:<\/strong> <\/p>\n<p>Ana Kapraljevi\u0107 studirala je hrvatski i francuski jezik i knji\u017eevnost te Europske studije (ekonomiju, pravo i politike Europske unije). Diplomirala je na Filozofskom fakultetu u Zagrebu. <\/p>\n<p>Od 1997. sura\u0111uje u raznoj periodici (Republika, Kolo, Most, Vijenac, Hrvatski iseljeni\u010dki zbornik, Vjesnik, Zarez, Hrvatsko slovo, Glas koncila, Profit, Osvit (BIH)). Kao stipendistica Dru\u0161tva katoli\u010dkih novinara sura\u0111ivala je na Hrvatskom katoli\u010dkom radiju i u Informativnoj katoli\u010dkoj agenciji. Pi\u0161e i za web portal novi-zagreb.<br \/> Prevodila je konsekutivno s francuskog jezika za civilnu udrugu Kulture i granice iz Strasbourga. Predavala je francuski jezik i hrvatski jezik za strance u APLO Centru za strane jezike. <\/p>\n<p>Prevela je s francuskog jezika dvije dje\u010dje enciklopedije Larousse (Zagreba\u010dka stvarnost), II. svezak Eseja Michel de Montaignea (Demetra), Divlje doba Kettly Mars (Oksimoron). <\/p>\n<p> Sudjelovala je referatima na vi\u0161e znanstvenih skupova u Hrvatskoj i inozemstvu. Osmislila je i vodila kreativnu radionicu bajki i mitova za odrasle. <br \/>Govori francuski, engleski, njema\u010dki i ruski jezik.<\/p>\n<p style=\"text-align: justify;\"><strong>Klju\u010dne rije\u010di:<\/strong> \u010celi\u010dni, vuk, divlja, ljubav, \u017eeljezo, ljubiti, dragi, draga.<\/p>\n<p><strong>Link:<\/strong> <a href=\"http:\/\/anakapraljevic.wordpress.com\/\" style=\"text-align: justify;\"><\/a><a href=\"http:\/\/anakapraljevic.wordpress.com\/\">http:\/\/anakapraljevic.wordpress.com\/<\/a><br \/><a href=\"http:\/\/anakapraljevic.wordpress.com\/\"><br \/><\/a><a href=\"http:\/\/anakapraljevic.wordpress.com\/\"><\/a><strong>Naslov:<\/strong> \u010celi\u010dni vuk<br \/><strong>Autor:<\/strong> Ana Kapraljevi\u0107<br \/><strong>Broj stranica:<\/strong> 108<br \/><strong>Nakladnik:<\/strong> REDAK<br \/><strong>Godina izdanja:<\/strong> 2013.<br \/><strong>ISBN:<\/strong> 978-953-336-104-8<br \/><strong>Tisak:<\/strong> digitalni tisak knjiga &#8211; print na zahtjev<\/p>\n","protected":false},"excerpt":{"rendered":"<p>Sa\u017eetak: &#8220;\u010celi\u010dni vuk&#8221; zbirka je poezije koja sadr\u017ei prva dva ciklusa autori\u010dine dugogodi\u0161nje spisateljske produkcije pjesama. U ovoj zbirci dvije su klju\u010dne motivacije za osjetilno poimanje stvarnosti: \u017eenska, nje\u017enija i tanko\u0107utnija, te mu\u0161ka, \u017eestoka i strastvena. Kako se obje te krajnosti oblikuju u autori\u010dinoj junakinji, tako junakinja sve vi\u0161e odrasta, sve vi\u0161e poima samu sebe, [&hellip;]<\/p>\n","protected":false},"featured_media":7734,"comment_status":"open","ping_status":"closed","template":"","meta":{"_acf_changed":false},"product_brand":[],"product_cat":[1383,1385,1388],"product_tag":[],"class_list":{"0":"post-7733","1":"product","2":"type-product","3":"status-publish","4":"has-post-thumbnail","6":"product_cat-knjige","7":"product_cat-knjizevnost","8":"product_cat-poezija","9":"pa_nakladnik-redak","11":"first","12":"instock","13":"shipping-taxable","14":"purchasable","15":"product-type-simple"},"acf":[],"yoast_head":"<!-- This site is optimized with the Yoast SEO plugin v27.3 - https:\/\/yoast.com\/product\/yoast-seo-wordpress\/ -->\n<title>\u010cELI\u010cNI VUK, Ana Kapraljevi\u0107 - Web-knji\u017eara<\/title>\n<meta name=\"robots\" content=\"index, follow, max-snippet:-1, max-image-preview:large, max-video-preview:-1\" \/>\n<link rel=\"canonical\" href=\"https:\/\/webknjizara.hr\/proizvod\/celicni-vuk-ana-kapraljevic\/\" \/>\n<meta property=\"og:locale\" content=\"en_US\" \/>\n<meta property=\"og:type\" content=\"article\" \/>\n<meta property=\"og:title\" content=\"\u010cELI\u010cNI VUK, Ana Kapraljevi\u0107 - Web-knji\u017eara\" \/>\n<meta property=\"og:description\" content=\"Sa\u017eetak: &#8220;\u010celi\u010dni vuk&#8221; zbirka je poezije koja sadr\u017ei prva dva ciklusa autori\u010dine dugogodi\u0161nje spisateljske produkcije pjesama. U ovoj zbirci dvije su klju\u010dne motivacije za osjetilno poimanje stvarnosti: \u017eenska, nje\u017enija i tanko\u0107utnija, te mu\u0161ka, \u017eestoka i strastvena. Kako se obje te krajnosti oblikuju u autori\u010dinoj junakinji, tako junakinja sve vi\u0161e odrasta, sve vi\u0161e poima samu sebe, [&hellip;]\" \/>\n<meta property=\"og:url\" content=\"https:\/\/webknjizara.hr\/proizvod\/celicni-vuk-ana-kapraljevic\/\" \/>\n<meta property=\"og:site_name\" content=\"Web-knji\u017eara\" \/>\n<meta property=\"article:modified_time\" content=\"2023-02-26T23:16:01+00:00\" \/>\n<meta property=\"og:image\" content=\"https:\/\/webknjizara.hr\/wp-content\/uploads\/nc\/images\/virtuemart\/product\/eli-ni-vuk-a-52865ccf0f83f.jpg\" \/>\n\t<meta property=\"og:image:width\" content=\"358\" \/>\n\t<meta property=\"og:image:height\" content=\"500\" \/>\n\t<meta property=\"og:image:type\" content=\"image\/jpeg\" \/>\n<meta name=\"twitter:card\" content=\"summary_large_image\" \/>\n<meta name=\"twitter:label1\" content=\"Est. reading time\" \/>\n\t<meta name=\"twitter:data1\" content=\"2 minutes\" \/>\n<script type=\"application\/ld+json\" class=\"yoast-schema-graph\">{\"@context\":\"https:\\\/\\\/schema.org\",\"@graph\":[{\"@type\":\"WebPage\",\"@id\":\"https:\\\/\\\/webknjizara.hr\\\/proizvod\\\/celicni-vuk-ana-kapraljevic\\\/\",\"url\":\"https:\\\/\\\/webknjizara.hr\\\/proizvod\\\/celicni-vuk-ana-kapraljevic\\\/\",\"name\":\"\u010cELI\u010cNI VUK, Ana Kapraljevi\u0107 - Web-knji\u017eara\",\"isPartOf\":{\"@id\":\"https:\\\/\\\/webknjizara.hr\\\/#website\"},\"primaryImageOfPage\":{\"@id\":\"https:\\\/\\\/webknjizara.hr\\\/proizvod\\\/celicni-vuk-ana-kapraljevic\\\/#primaryimage\"},\"image\":{\"@id\":\"https:\\\/\\\/webknjizara.hr\\\/proizvod\\\/celicni-vuk-ana-kapraljevic\\\/#primaryimage\"},\"thumbnailUrl\":\"https:\\\/\\\/webknjizara.hr\\\/wp-content\\\/uploads\\\/nc\\\/images\\\/virtuemart\\\/product\\\/eli-ni-vuk-a-52865ccf0f83f.jpg\",\"datePublished\":\"2013-11-15T17:41:35+00:00\",\"dateModified\":\"2023-02-26T23:16:01+00:00\",\"breadcrumb\":{\"@id\":\"https:\\\/\\\/webknjizara.hr\\\/proizvod\\\/celicni-vuk-ana-kapraljevic\\\/#breadcrumb\"},\"inLanguage\":\"en-US\",\"potentialAction\":[{\"@type\":\"ReadAction\",\"target\":[\"https:\\\/\\\/webknjizara.hr\\\/proizvod\\\/celicni-vuk-ana-kapraljevic\\\/\"]}]},{\"@type\":\"ImageObject\",\"inLanguage\":\"en-US\",\"@id\":\"https:\\\/\\\/webknjizara.hr\\\/proizvod\\\/celicni-vuk-ana-kapraljevic\\\/#primaryimage\",\"url\":\"https:\\\/\\\/webknjizara.hr\\\/wp-content\\\/uploads\\\/nc\\\/images\\\/virtuemart\\\/product\\\/eli-ni-vuk-a-52865ccf0f83f.jpg\",\"contentUrl\":\"https:\\\/\\\/webknjizara.hr\\\/wp-content\\\/uploads\\\/nc\\\/images\\\/virtuemart\\\/product\\\/eli-ni-vuk-a-52865ccf0f83f.jpg\",\"width\":358,\"height\":500,\"caption\":\"\u010cELI\u010cNI VUK, Ana Kapraljevi\u0107\"},{\"@type\":\"BreadcrumbList\",\"@id\":\"https:\\\/\\\/webknjizara.hr\\\/proizvod\\\/celicni-vuk-ana-kapraljevic\\\/#breadcrumb\",\"itemListElement\":[{\"@type\":\"ListItem\",\"position\":1,\"name\":\"Po\u010detna stranica\",\"item\":\"https:\\\/\\\/webknjizara.hr\\\/en\\\/\"},{\"@type\":\"ListItem\",\"position\":2,\"name\":\"Shop\",\"item\":\"https:\\\/\\\/webknjizara.hr\\\/shop\\\/\"},{\"@type\":\"ListItem\",\"position\":3,\"name\":\"\u010cELI\u010cNI VUK, Ana Kapraljevi\u0107\"}]},{\"@type\":\"WebSite\",\"@id\":\"https:\\\/\\\/webknjizara.hr\\\/#website\",\"url\":\"https:\\\/\\\/webknjizara.hr\\\/\",\"name\":\"Web Knji\u017eara\",\"description\":\"\",\"publisher\":{\"@id\":\"https:\\\/\\\/webknjizara.hr\\\/#organization\"},\"potentialAction\":[{\"@type\":\"SearchAction\",\"target\":{\"@type\":\"EntryPoint\",\"urlTemplate\":\"https:\\\/\\\/webknjizara.hr\\\/?s={search_term_string}\"},\"query-input\":{\"@type\":\"PropertyValueSpecification\",\"valueRequired\":true,\"valueName\":\"search_term_string\"}}],\"inLanguage\":\"en-US\"},{\"@type\":\"Organization\",\"@id\":\"https:\\\/\\\/webknjizara.hr\\\/#organization\",\"name\":\"REDAK D.O.O.\",\"url\":\"https:\\\/\\\/webknjizara.hr\\\/\",\"logo\":{\"@type\":\"ImageObject\",\"inLanguage\":\"en-US\",\"@id\":\"https:\\\/\\\/webknjizara.hr\\\/#\\\/schema\\\/logo\\\/image\\\/\",\"url\":\"https:\\\/\\\/webknjizara.hr\\\/wp-content\\\/uploads\\\/2023\\\/01\\\/web-knjizara-logo.webp\",\"contentUrl\":\"https:\\\/\\\/webknjizara.hr\\\/wp-content\\\/uploads\\\/2023\\\/01\\\/web-knjizara-logo.webp\",\"width\":324,\"height\":79,\"caption\":\"REDAK D.O.O.\"},\"image\":{\"@id\":\"https:\\\/\\\/webknjizara.hr\\\/#\\\/schema\\\/logo\\\/image\\\/\"}}]}<\/script>\n<!-- \/ Yoast SEO plugin. -->","yoast_head_json":{"title":"\u010cELI\u010cNI VUK, Ana Kapraljevi\u0107 - Web-knji\u017eara","robots":{"index":"index","follow":"follow","max-snippet":"max-snippet:-1","max-image-preview":"max-image-preview:large","max-video-preview":"max-video-preview:-1"},"canonical":"https:\/\/webknjizara.hr\/proizvod\/celicni-vuk-ana-kapraljevic\/","og_locale":"en_US","og_type":"article","og_title":"\u010cELI\u010cNI VUK, Ana Kapraljevi\u0107 - Web-knji\u017eara","og_description":"Sa\u017eetak: &#8220;\u010celi\u010dni vuk&#8221; zbirka je poezije koja sadr\u017ei prva dva ciklusa autori\u010dine dugogodi\u0161nje spisateljske produkcije pjesama. U ovoj zbirci dvije su klju\u010dne motivacije za osjetilno poimanje stvarnosti: \u017eenska, nje\u017enija i tanko\u0107utnija, te mu\u0161ka, \u017eestoka i strastvena. Kako se obje te krajnosti oblikuju u autori\u010dinoj junakinji, tako junakinja sve vi\u0161e odrasta, sve vi\u0161e poima samu sebe, [&hellip;]","og_url":"https:\/\/webknjizara.hr\/proizvod\/celicni-vuk-ana-kapraljevic\/","og_site_name":"Web-knji\u017eara","article_modified_time":"2023-02-26T23:16:01+00:00","og_image":[{"width":358,"height":500,"url":"https:\/\/webknjizara.hr\/wp-content\/uploads\/nc\/images\/virtuemart\/product\/eli-ni-vuk-a-52865ccf0f83f.jpg","type":"image\/jpeg"}],"twitter_card":"summary_large_image","twitter_misc":{"Est. reading time":"2 minutes"},"schema":{"@context":"https:\/\/schema.org","@graph":[{"@type":"WebPage","@id":"https:\/\/webknjizara.hr\/proizvod\/celicni-vuk-ana-kapraljevic\/","url":"https:\/\/webknjizara.hr\/proizvod\/celicni-vuk-ana-kapraljevic\/","name":"\u010cELI\u010cNI VUK, Ana Kapraljevi\u0107 - Web-knji\u017eara","isPartOf":{"@id":"https:\/\/webknjizara.hr\/#website"},"primaryImageOfPage":{"@id":"https:\/\/webknjizara.hr\/proizvod\/celicni-vuk-ana-kapraljevic\/#primaryimage"},"image":{"@id":"https:\/\/webknjizara.hr\/proizvod\/celicni-vuk-ana-kapraljevic\/#primaryimage"},"thumbnailUrl":"https:\/\/webknjizara.hr\/wp-content\/uploads\/nc\/images\/virtuemart\/product\/eli-ni-vuk-a-52865ccf0f83f.jpg","datePublished":"2013-11-15T17:41:35+00:00","dateModified":"2023-02-26T23:16:01+00:00","breadcrumb":{"@id":"https:\/\/webknjizara.hr\/proizvod\/celicni-vuk-ana-kapraljevic\/#breadcrumb"},"inLanguage":"en-US","potentialAction":[{"@type":"ReadAction","target":["https:\/\/webknjizara.hr\/proizvod\/celicni-vuk-ana-kapraljevic\/"]}]},{"@type":"ImageObject","inLanguage":"en-US","@id":"https:\/\/webknjizara.hr\/proizvod\/celicni-vuk-ana-kapraljevic\/#primaryimage","url":"https:\/\/webknjizara.hr\/wp-content\/uploads\/nc\/images\/virtuemart\/product\/eli-ni-vuk-a-52865ccf0f83f.jpg","contentUrl":"https:\/\/webknjizara.hr\/wp-content\/uploads\/nc\/images\/virtuemart\/product\/eli-ni-vuk-a-52865ccf0f83f.jpg","width":358,"height":500,"caption":"\u010cELI\u010cNI VUK, Ana Kapraljevi\u0107"},{"@type":"BreadcrumbList","@id":"https:\/\/webknjizara.hr\/proizvod\/celicni-vuk-ana-kapraljevic\/#breadcrumb","itemListElement":[{"@type":"ListItem","position":1,"name":"Po\u010detna stranica","item":"https:\/\/webknjizara.hr\/en\/"},{"@type":"ListItem","position":2,"name":"Shop","item":"https:\/\/webknjizara.hr\/shop\/"},{"@type":"ListItem","position":3,"name":"\u010cELI\u010cNI VUK, Ana Kapraljevi\u0107"}]},{"@type":"WebSite","@id":"https:\/\/webknjizara.hr\/#website","url":"https:\/\/webknjizara.hr\/","name":"Web Knji\u017eara","description":"","publisher":{"@id":"https:\/\/webknjizara.hr\/#organization"},"potentialAction":[{"@type":"SearchAction","target":{"@type":"EntryPoint","urlTemplate":"https:\/\/webknjizara.hr\/?s={search_term_string}"},"query-input":{"@type":"PropertyValueSpecification","valueRequired":true,"valueName":"search_term_string"}}],"inLanguage":"en-US"},{"@type":"Organization","@id":"https:\/\/webknjizara.hr\/#organization","name":"REDAK D.O.O.","url":"https:\/\/webknjizara.hr\/","logo":{"@type":"ImageObject","inLanguage":"en-US","@id":"https:\/\/webknjizara.hr\/#\/schema\/logo\/image\/","url":"https:\/\/webknjizara.hr\/wp-content\/uploads\/2023\/01\/web-knjizara-logo.webp","contentUrl":"https:\/\/webknjizara.hr\/wp-content\/uploads\/2023\/01\/web-knjizara-logo.webp","width":324,"height":79,"caption":"REDAK D.O.O."},"image":{"@id":"https:\/\/webknjizara.hr\/#\/schema\/logo\/image\/"}}]}},"_links":{"self":[{"href":"https:\/\/webknjizara.hr\/en\/wp-json\/wp\/v2\/product\/7733","targetHints":{"allow":["GET"]}}],"collection":[{"href":"https:\/\/webknjizara.hr\/en\/wp-json\/wp\/v2\/product"}],"about":[{"href":"https:\/\/webknjizara.hr\/en\/wp-json\/wp\/v2\/types\/product"}],"replies":[{"embeddable":true,"href":"https:\/\/webknjizara.hr\/en\/wp-json\/wp\/v2\/comments?post=7733"}],"wp:featuredmedia":[{"embeddable":true,"href":"https:\/\/webknjizara.hr\/en\/wp-json\/wp\/v2\/media\/7734"}],"wp:attachment":[{"href":"https:\/\/webknjizara.hr\/en\/wp-json\/wp\/v2\/media?parent=7733"}],"wp:term":[{"taxonomy":"product_brand","embeddable":true,"href":"https:\/\/webknjizara.hr\/en\/wp-json\/wp\/v2\/product_brand?post=7733"},{"taxonomy":"product_cat","embeddable":true,"href":"https:\/\/webknjizara.hr\/en\/wp-json\/wp\/v2\/product_cat?post=7733"},{"taxonomy":"product_tag","embeddable":true,"href":"https:\/\/webknjizara.hr\/en\/wp-json\/wp\/v2\/product_tag?post=7733"}],"curies":[{"name":"wp","href":"https:\/\/api.w.org\/{rel}","templated":true}]}}