{"id":7731,"date":"2013-11-14T11:09:51","date_gmt":"2013-11-14T11:09:51","guid":{"rendered":"https:\/\/webknjizara.hr\/?product=uvod-u-radiologiju-s-jankovic-f-mihanovic"},"modified":"2023-02-27T00:16:01","modified_gmt":"2023-02-26T23:16:01","slug":"uvod-u-radiologiju-s-jankovic-f-mihanovic","status":"publish","type":"product","link":"https:\/\/webknjizara.hr\/en\/proizvod\/uvod-u-radiologiju-s-jankovic-f-mihanovic\/","title":{"rendered":"UVOD U RADIOLOGIJU, S. Jankovi\u0107, F. Mihanovi\u0107"},"content":{"rendered":"<p style=\"text-align: justify;\"><strong>Sa\u017eetak:<\/strong><\/p>\n<p>Ud\u017ebenik Uvod u radiologiju je prvijenac znanstveno-nastavne literature novog sveu\u010dili\u0161nog Odjela za zdravstvene studije Sveu\u010dili\u0161ta u Splitu. Rukopis se sastoji od\u00a012 poglavlja, od uvodnih povijesnih napomena s kratkom povijesti radiologije\/radiografije u na\u0161oj zemlji, do kontrole kvalitete i osiguranja kvalitete u radiologiji\/radiografiji, a na samom kraju je popis kori\u0161tene recentne literature. <\/p>\n<p>Rukopis ud\u017ebenika obuhva\u0107a sva bitna podru\u010dja Radiologije, na jednostavan i pregledan na\u010din, bez suvi\u0161nih detalja. Naime, svrha ovog ud\u017ebenika je da na \u0161to je mogu\u0107e jednostavniji na\u010din uvede studente radiolo\u0161ke tehnologije, na samom po\u010detku njihove edukacije, u slo\u017eenu materiju koju \u0107e izu\u010davati puno detaljnije tijekom drugih, razli\u010ditih kolegija. Odre\u0111ena poglavlja knjige svakako \u0107e dobro do\u0107i i studentima diplomskog studija Medicine i Dentalne medicine, koji \u017eele nau\u010diti ne\u0161to vi\u0161e o osnovama radiologije, radiolo\u0161kim metodama pregleda te za\u0161tite od ioniziraju\u0107eg i neioniziraju\u0107eg zra\u010denja.<\/p>\n<p style=\"text-align: justify;\"><strong>Klju\u010dne rije\u010di:<\/strong> Radiologija, Vrste zra\u010denja, Rentgenske zrake, Za\u0161tita od zra\u010denja, Radiolo\u0161ki ure\u0111aji, Receptori slike, Radiolo\u0161ke metode, Kontrastna sredstva, Kontrola kvalitete u radiologiji, Kompetencije prvostupnika radiolo\u0161ke tehnologije<\/p>\n<p><strong>Naslov:<\/strong> UVOD U RADIOLOGIJU<br \/><strong>Autor:<\/strong> Stipan Jankovi\u0107, Frane Mihanovi\u0107<br \/><strong>Nakladnik:<\/strong> SVEU\u010cILI\u0160TE U SPLITU, Sveu\u010dili\u0161ni odjel zdravstvenih studija<br \/><strong>Tisak:<\/strong> digitalni tisak knjiga &#8211; print na zahtjev<\/p>\n","protected":false},"excerpt":{"rendered":"<p>Sa\u017eetak: Ud\u017ebenik Uvod u radiologiju je prvijenac znanstveno-nastavne literature novog sveu\u010dili\u0161nog Odjela za zdravstvene studije Sveu\u010dili\u0161ta u Splitu. Rukopis se sastoji od\u00a012 poglavlja, od uvodnih povijesnih napomena s kratkom povijesti radiologije\/radiografije u na\u0161oj zemlji, do kontrole kvalitete i osiguranja kvalitete u radiologiji\/radiografiji, a na samom kraju je popis kori\u0161tene recentne literature. Rukopis ud\u017ebenika obuhva\u0107a sva [&hellip;]<\/p>\n","protected":false},"featured_media":7732,"comment_status":"open","ping_status":"closed","template":"","meta":{"_acf_changed":false},"product_brand":[],"product_cat":[1540,1517],"product_tag":[],"class_list":{"0":"post-7731","1":"product","2":"type-product","3":"status-publish","4":"has-post-thumbnail","6":"product_cat-biomedicina-i-zdravstvo","7":"product_cat-strucna-literatura","8":"pa_autor-frane-mihanovic","9":"pa_autor-stipan-jankovic","10":"pa_nakladnik-sveuciliste-u-splitu-sveucilisni-odjel-zdravstvenih-studija","12":"first","13":"instock","14":"shipping-taxable","15":"purchasable","16":"product-type-simple"},"acf":[],"yoast_head":"<!-- This site is optimized with the Yoast SEO plugin v27.3 - https:\/\/yoast.com\/product\/yoast-seo-wordpress\/ -->\n<title>UVOD U RADIOLOGIJU, S. Jankovi\u0107, F. Mihanovi\u0107 - Web-knji\u017eara<\/title>\n<meta name=\"robots\" content=\"index, follow, max-snippet:-1, max-image-preview:large, max-video-preview:-1\" \/>\n<link rel=\"canonical\" href=\"https:\/\/webknjizara.hr\/proizvod\/uvod-u-radiologiju-s-jankovic-f-mihanovic\/\" \/>\n<meta property=\"og:locale\" content=\"en_US\" \/>\n<meta property=\"og:type\" content=\"article\" \/>\n<meta property=\"og:title\" content=\"UVOD U RADIOLOGIJU, S. Jankovi\u0107, F. Mihanovi\u0107 - Web-knji\u017eara\" \/>\n<meta property=\"og:description\" content=\"Sa\u017eetak: Ud\u017ebenik Uvod u radiologiju je prvijenac znanstveno-nastavne literature novog sveu\u010dili\u0161nog Odjela za zdravstvene studije Sveu\u010dili\u0161ta u Splitu. Rukopis se sastoji od\u00a012 poglavlja, od uvodnih povijesnih napomena s kratkom povijesti radiologije\/radiografije u na\u0161oj zemlji, do kontrole kvalitete i osiguranja kvalitete u radiologiji\/radiografiji, a na samom kraju je popis kori\u0161tene recentne literature. Rukopis ud\u017ebenika obuhva\u0107a sva [&hellip;]\" \/>\n<meta property=\"og:url\" content=\"https:\/\/webknjizara.hr\/proizvod\/uvod-u-radiologiju-s-jankovic-f-mihanovic\/\" \/>\n<meta property=\"og:site_name\" content=\"Web-knji\u017eara\" \/>\n<meta property=\"article:modified_time\" content=\"2023-02-26T23:16:01+00:00\" \/>\n<meta property=\"og:image\" content=\"https:\/\/webknjizara.hr\/wp-content\/uploads\/nc\/images\/virtuemart\/product\/uvod-u-radiologi-5284af7f5ddf5.jpg\" \/>\n\t<meta property=\"og:image:width\" content=\"459\" \/>\n\t<meta property=\"og:image:height\" content=\"646\" \/>\n\t<meta property=\"og:image:type\" content=\"image\/jpeg\" \/>\n<meta name=\"twitter:card\" content=\"summary_large_image\" \/>\n<meta name=\"twitter:label1\" content=\"Est. reading time\" \/>\n\t<meta name=\"twitter:data1\" content=\"1 minute\" \/>\n<script type=\"application\/ld+json\" class=\"yoast-schema-graph\">{\"@context\":\"https:\\\/\\\/schema.org\",\"@graph\":[{\"@type\":\"WebPage\",\"@id\":\"https:\\\/\\\/webknjizara.hr\\\/proizvod\\\/uvod-u-radiologiju-s-jankovic-f-mihanovic\\\/\",\"url\":\"https:\\\/\\\/webknjizara.hr\\\/proizvod\\\/uvod-u-radiologiju-s-jankovic-f-mihanovic\\\/\",\"name\":\"UVOD U RADIOLOGIJU, S. Jankovi\u0107, F. Mihanovi\u0107 - Web-knji\u017eara\",\"isPartOf\":{\"@id\":\"https:\\\/\\\/webknjizara.hr\\\/#website\"},\"primaryImageOfPage\":{\"@id\":\"https:\\\/\\\/webknjizara.hr\\\/proizvod\\\/uvod-u-radiologiju-s-jankovic-f-mihanovic\\\/#primaryimage\"},\"image\":{\"@id\":\"https:\\\/\\\/webknjizara.hr\\\/proizvod\\\/uvod-u-radiologiju-s-jankovic-f-mihanovic\\\/#primaryimage\"},\"thumbnailUrl\":\"https:\\\/\\\/webknjizara.hr\\\/wp-content\\\/uploads\\\/nc\\\/images\\\/virtuemart\\\/product\\\/uvod-u-radiologi-5284af7f5ddf5.jpg\",\"datePublished\":\"2013-11-14T11:09:51+00:00\",\"dateModified\":\"2023-02-26T23:16:01+00:00\",\"breadcrumb\":{\"@id\":\"https:\\\/\\\/webknjizara.hr\\\/proizvod\\\/uvod-u-radiologiju-s-jankovic-f-mihanovic\\\/#breadcrumb\"},\"inLanguage\":\"en-US\",\"potentialAction\":[{\"@type\":\"ReadAction\",\"target\":[\"https:\\\/\\\/webknjizara.hr\\\/proizvod\\\/uvod-u-radiologiju-s-jankovic-f-mihanovic\\\/\"]}]},{\"@type\":\"ImageObject\",\"inLanguage\":\"en-US\",\"@id\":\"https:\\\/\\\/webknjizara.hr\\\/proizvod\\\/uvod-u-radiologiju-s-jankovic-f-mihanovic\\\/#primaryimage\",\"url\":\"https:\\\/\\\/webknjizara.hr\\\/wp-content\\\/uploads\\\/nc\\\/images\\\/virtuemart\\\/product\\\/uvod-u-radiologi-5284af7f5ddf5.jpg\",\"contentUrl\":\"https:\\\/\\\/webknjizara.hr\\\/wp-content\\\/uploads\\\/nc\\\/images\\\/virtuemart\\\/product\\\/uvod-u-radiologi-5284af7f5ddf5.jpg\",\"width\":459,\"height\":646,\"caption\":\"UVOD U RADIOLOGIJU, S. Jankovi\u0107, F. Mihanovi\u0107\"},{\"@type\":\"BreadcrumbList\",\"@id\":\"https:\\\/\\\/webknjizara.hr\\\/proizvod\\\/uvod-u-radiologiju-s-jankovic-f-mihanovic\\\/#breadcrumb\",\"itemListElement\":[{\"@type\":\"ListItem\",\"position\":1,\"name\":\"Po\u010detna stranica\",\"item\":\"https:\\\/\\\/webknjizara.hr\\\/en\\\/\"},{\"@type\":\"ListItem\",\"position\":2,\"name\":\"Shop\",\"item\":\"https:\\\/\\\/webknjizara.hr\\\/shop\\\/\"},{\"@type\":\"ListItem\",\"position\":3,\"name\":\"UVOD U RADIOLOGIJU, S. Jankovi\u0107, F. Mihanovi\u0107\"}]},{\"@type\":\"WebSite\",\"@id\":\"https:\\\/\\\/webknjizara.hr\\\/#website\",\"url\":\"https:\\\/\\\/webknjizara.hr\\\/\",\"name\":\"Web Knji\u017eara\",\"description\":\"\",\"publisher\":{\"@id\":\"https:\\\/\\\/webknjizara.hr\\\/#organization\"},\"potentialAction\":[{\"@type\":\"SearchAction\",\"target\":{\"@type\":\"EntryPoint\",\"urlTemplate\":\"https:\\\/\\\/webknjizara.hr\\\/?s={search_term_string}\"},\"query-input\":{\"@type\":\"PropertyValueSpecification\",\"valueRequired\":true,\"valueName\":\"search_term_string\"}}],\"inLanguage\":\"en-US\"},{\"@type\":\"Organization\",\"@id\":\"https:\\\/\\\/webknjizara.hr\\\/#organization\",\"name\":\"REDAK D.O.O.\",\"url\":\"https:\\\/\\\/webknjizara.hr\\\/\",\"logo\":{\"@type\":\"ImageObject\",\"inLanguage\":\"en-US\",\"@id\":\"https:\\\/\\\/webknjizara.hr\\\/#\\\/schema\\\/logo\\\/image\\\/\",\"url\":\"https:\\\/\\\/webknjizara.hr\\\/wp-content\\\/uploads\\\/2023\\\/01\\\/web-knjizara-logo.webp\",\"contentUrl\":\"https:\\\/\\\/webknjizara.hr\\\/wp-content\\\/uploads\\\/2023\\\/01\\\/web-knjizara-logo.webp\",\"width\":324,\"height\":79,\"caption\":\"REDAK D.O.O.\"},\"image\":{\"@id\":\"https:\\\/\\\/webknjizara.hr\\\/#\\\/schema\\\/logo\\\/image\\\/\"}}]}<\/script>\n<!-- \/ Yoast SEO plugin. -->","yoast_head_json":{"title":"UVOD U RADIOLOGIJU, S. Jankovi\u0107, F. Mihanovi\u0107 - Web-knji\u017eara","robots":{"index":"index","follow":"follow","max-snippet":"max-snippet:-1","max-image-preview":"max-image-preview:large","max-video-preview":"max-video-preview:-1"},"canonical":"https:\/\/webknjizara.hr\/proizvod\/uvod-u-radiologiju-s-jankovic-f-mihanovic\/","og_locale":"en_US","og_type":"article","og_title":"UVOD U RADIOLOGIJU, S. Jankovi\u0107, F. Mihanovi\u0107 - Web-knji\u017eara","og_description":"Sa\u017eetak: Ud\u017ebenik Uvod u radiologiju je prvijenac znanstveno-nastavne literature novog sveu\u010dili\u0161nog Odjela za zdravstvene studije Sveu\u010dili\u0161ta u Splitu. Rukopis se sastoji od\u00a012 poglavlja, od uvodnih povijesnih napomena s kratkom povijesti radiologije\/radiografije u na\u0161oj zemlji, do kontrole kvalitete i osiguranja kvalitete u radiologiji\/radiografiji, a na samom kraju je popis kori\u0161tene recentne literature. Rukopis ud\u017ebenika obuhva\u0107a sva [&hellip;]","og_url":"https:\/\/webknjizara.hr\/proizvod\/uvod-u-radiologiju-s-jankovic-f-mihanovic\/","og_site_name":"Web-knji\u017eara","article_modified_time":"2023-02-26T23:16:01+00:00","og_image":[{"width":459,"height":646,"url":"https:\/\/webknjizara.hr\/wp-content\/uploads\/nc\/images\/virtuemart\/product\/uvod-u-radiologi-5284af7f5ddf5.jpg","type":"image\/jpeg"}],"twitter_card":"summary_large_image","twitter_misc":{"Est. reading time":"1 minute"},"schema":{"@context":"https:\/\/schema.org","@graph":[{"@type":"WebPage","@id":"https:\/\/webknjizara.hr\/proizvod\/uvod-u-radiologiju-s-jankovic-f-mihanovic\/","url":"https:\/\/webknjizara.hr\/proizvod\/uvod-u-radiologiju-s-jankovic-f-mihanovic\/","name":"UVOD U RADIOLOGIJU, S. Jankovi\u0107, F. Mihanovi\u0107 - Web-knji\u017eara","isPartOf":{"@id":"https:\/\/webknjizara.hr\/#website"},"primaryImageOfPage":{"@id":"https:\/\/webknjizara.hr\/proizvod\/uvod-u-radiologiju-s-jankovic-f-mihanovic\/#primaryimage"},"image":{"@id":"https:\/\/webknjizara.hr\/proizvod\/uvod-u-radiologiju-s-jankovic-f-mihanovic\/#primaryimage"},"thumbnailUrl":"https:\/\/webknjizara.hr\/wp-content\/uploads\/nc\/images\/virtuemart\/product\/uvod-u-radiologi-5284af7f5ddf5.jpg","datePublished":"2013-11-14T11:09:51+00:00","dateModified":"2023-02-26T23:16:01+00:00","breadcrumb":{"@id":"https:\/\/webknjizara.hr\/proizvod\/uvod-u-radiologiju-s-jankovic-f-mihanovic\/#breadcrumb"},"inLanguage":"en-US","potentialAction":[{"@type":"ReadAction","target":["https:\/\/webknjizara.hr\/proizvod\/uvod-u-radiologiju-s-jankovic-f-mihanovic\/"]}]},{"@type":"ImageObject","inLanguage":"en-US","@id":"https:\/\/webknjizara.hr\/proizvod\/uvod-u-radiologiju-s-jankovic-f-mihanovic\/#primaryimage","url":"https:\/\/webknjizara.hr\/wp-content\/uploads\/nc\/images\/virtuemart\/product\/uvod-u-radiologi-5284af7f5ddf5.jpg","contentUrl":"https:\/\/webknjizara.hr\/wp-content\/uploads\/nc\/images\/virtuemart\/product\/uvod-u-radiologi-5284af7f5ddf5.jpg","width":459,"height":646,"caption":"UVOD U RADIOLOGIJU, S. Jankovi\u0107, F. Mihanovi\u0107"},{"@type":"BreadcrumbList","@id":"https:\/\/webknjizara.hr\/proizvod\/uvod-u-radiologiju-s-jankovic-f-mihanovic\/#breadcrumb","itemListElement":[{"@type":"ListItem","position":1,"name":"Po\u010detna stranica","item":"https:\/\/webknjizara.hr\/en\/"},{"@type":"ListItem","position":2,"name":"Shop","item":"https:\/\/webknjizara.hr\/shop\/"},{"@type":"ListItem","position":3,"name":"UVOD U RADIOLOGIJU, S. Jankovi\u0107, F. Mihanovi\u0107"}]},{"@type":"WebSite","@id":"https:\/\/webknjizara.hr\/#website","url":"https:\/\/webknjizara.hr\/","name":"Web Knji\u017eara","description":"","publisher":{"@id":"https:\/\/webknjizara.hr\/#organization"},"potentialAction":[{"@type":"SearchAction","target":{"@type":"EntryPoint","urlTemplate":"https:\/\/webknjizara.hr\/?s={search_term_string}"},"query-input":{"@type":"PropertyValueSpecification","valueRequired":true,"valueName":"search_term_string"}}],"inLanguage":"en-US"},{"@type":"Organization","@id":"https:\/\/webknjizara.hr\/#organization","name":"REDAK D.O.O.","url":"https:\/\/webknjizara.hr\/","logo":{"@type":"ImageObject","inLanguage":"en-US","@id":"https:\/\/webknjizara.hr\/#\/schema\/logo\/image\/","url":"https:\/\/webknjizara.hr\/wp-content\/uploads\/2023\/01\/web-knjizara-logo.webp","contentUrl":"https:\/\/webknjizara.hr\/wp-content\/uploads\/2023\/01\/web-knjizara-logo.webp","width":324,"height":79,"caption":"REDAK D.O.O."},"image":{"@id":"https:\/\/webknjizara.hr\/#\/schema\/logo\/image\/"}}]}},"_links":{"self":[{"href":"https:\/\/webknjizara.hr\/en\/wp-json\/wp\/v2\/product\/7731","targetHints":{"allow":["GET"]}}],"collection":[{"href":"https:\/\/webknjizara.hr\/en\/wp-json\/wp\/v2\/product"}],"about":[{"href":"https:\/\/webknjizara.hr\/en\/wp-json\/wp\/v2\/types\/product"}],"replies":[{"embeddable":true,"href":"https:\/\/webknjizara.hr\/en\/wp-json\/wp\/v2\/comments?post=7731"}],"wp:featuredmedia":[{"embeddable":true,"href":"https:\/\/webknjizara.hr\/en\/wp-json\/wp\/v2\/media\/7732"}],"wp:attachment":[{"href":"https:\/\/webknjizara.hr\/en\/wp-json\/wp\/v2\/media?parent=7731"}],"wp:term":[{"taxonomy":"product_brand","embeddable":true,"href":"https:\/\/webknjizara.hr\/en\/wp-json\/wp\/v2\/product_brand?post=7731"},{"taxonomy":"product_cat","embeddable":true,"href":"https:\/\/webknjizara.hr\/en\/wp-json\/wp\/v2\/product_cat?post=7731"},{"taxonomy":"product_tag","embeddable":true,"href":"https:\/\/webknjizara.hr\/en\/wp-json\/wp\/v2\/product_tag?post=7731"}],"curies":[{"name":"wp","href":"https:\/\/api.w.org\/{rel}","templated":true}]}}