{"id":7725,"date":"2013-11-09T18:34:17","date_gmt":"2013-11-09T18:34:17","guid":{"rendered":"https:\/\/webknjizara.hr\/?product=psihologija-stipan-jukic"},"modified":"2023-02-27T00:16:00","modified_gmt":"2023-02-26T23:16:00","slug":"psihologija-stipan-jukic","status":"publish","type":"product","link":"https:\/\/webknjizara.hr\/en\/proizvod\/psihologija-stipan-jukic\/","title":{"rendered":"PSIHOLOGIJA, Stipan Juki\u0107"},"content":{"rendered":"<p style=\"text-align: justify;\"><strong><br \/>Sa\u017eetak:<\/strong><\/p>\n<p>Ud\u017ebenik je ra\u0111en prema programu psihologije za studente prve godine u Visokoj \u0161koli za kadrovski i inspekcijski menad\u017ement u Splitu. Obra\u0111ena su sljede\u0107a podru\u010dja: Predmet i zadatci psihologije; razvoj psihologije i njene discipline; metode u psihologiji; tehnike i instrumenti u psiholo\u0161kim istra\u017eivanjima; osjeti i percepcije; pam\u0107enje; mi\u0161ljenje; u\u010denje; inteligencija; temperament i njegove karakteristike; karakter i njegove osobine; emocije, motivi i motivacija; prilago\u0111avanje li\u010dnosti; stavovi, predrasude i sukobi; faktori od kojih ovisi psihi\u010dki razvoj li\u010dnosti; razdoblja u razvitku \u010dovjeka.<\/p>\n<p><strong>Bilje\u0161ka o autoru:<\/strong> <\/p>\n<p>Stipan Juki\u0107 je ro\u0111en 30. travnja 1937. godine u Biteli\u0107u, op\u0107ina Sinj. Osnovnu \u0161kolu zavr\u0161io u Sivcu, a U\u010diteljsku \u0161kolu u Somboru. Studije pedagogije zavr\u0161io je na Filozofskom fakultetu u Beogradu. Na Univerzitetu u Beogradu zavr\u0161io magistarski studij i magistrirao na temi Pedago\u0161ki aspekti uvo\u0111enja moderne obrazovne tehnologije u nastavu pedago\u0161kih znanosti. Na istom Univerzitetu doktorira na temi Jedinstvo i zajedni\u0161tvo u sistemu odgoja i obrazovanja u SFR Jugoslaviji. Godinu dana bio je u\u010ditelj u \u0110ur\u0111inu. U U\u010diteljskoj \u0161koli u Prijedoru predavao je Didaktiku, Metodike razredne nastave i Logiku. Istovremeno radio i u Gimnaziji u Prijedoru i predavao Op\u0107u psihologiju i Logiku. Vi\u0161e godina je bio profesor u U\u010diteljskoj \u0161koli u Somboru i predavao Didaktiku, Pedagogiju, Metodologiju pedago\u0161kih istra\u017eivanja, Metodiku nastave srpsko-hrvatskog jezika, Metodiku nastave matematike, Metodiku nastave poznavanja prirode i dru\u0161tva. Dvije godine je bio savjetnik za razrednu nastavu u Me\u0111uop\u0107inskom prosvjetno-pedago\u0161kom zavodu u Somboru. U Pedago\u0161koj akademiji u Somboru biran je za profesora vi\u0161e \u0161kole i predavao Pedagogiju, Didaktiku i Metodologiju pedago\u0161kih istra\u017eivanja. Na Filozofskom fakultetu u Novom Sadu biran je za vanrednog, potom i redovnog profesora za Osnove pedago\u0161kih znanosti i Metodi\u010dke osnove odgojno \u2013 obrazovnog rada. Desetak godina je na U\u010diteljskom fakultetu u Jagodini predavao Didaktiku.<\/p>\n<p> Objavio je 10 knjiga i preko 200 stru\u010dnih i nau\u010dnih radova objavljenih u \u010dasopisima, zbornicima i drugoj pedago\u0161koj periodici. Najve\u0107i broj radova se odnosi na didakti\u010dko \u2013 metodi\u010dke i psiholo\u0161ke probleme (suvremeno obrazovanje nastavnika, inovacije u nastavi i njena modernizacija, unapre\u0111enje tehnologije u nastavi pedago\u0161kih znanosti na nastavni\u010dkim fakultetima, u\u010denje u\u010denja u nastavi, osposobljavanje u\u010denika za samostalni rad, njegovanje misaonih aktivnosti u\u010denika u nastavnom procesu i dr.). Ostali radovi se odnose na druge pedago\u0161ke probleme ( sistem odgoja i obrazovanja, reforma \u0161kolskog sistema i dr.)<br \/>Tijekom rada vi\u0161e puta je nagra\u0111ivan za uspje\u0161an rad u odgojno \u2013 obrazovnom podru\u010dju, posebno za vidan doprinos modernizaciji nastave.<\/p>\n<p style=\"text-align: justify;\"><strong>Klju\u010dne rije\u010di:<\/strong> <br \/>Psihologija, metode, opa\u017eanje, pam\u0107enje, mi\u0161ljenje, u\u010denje, inteligencija, temperament, karakter, emocije, motivi, stavovi, predrasude, frustracije, konflikti<\/p>\n<p><strong>Link:<\/strong> <a href=\"http:\/\/www.vsikmp.hr\" target=\"_blank\" rel=\"noopener\">www.vsikmp.hr<\/a><br \/><strong><br \/>E-mail:<\/strong>\u00a0<a href=\"mailto:Referada2012@vsikmp.hr\">Referada<\/a>\u00a0<\/p>\n<p><strong>Naslov:<\/strong> Psihologija<br \/><strong>Autor:<\/strong> Stipan Juki\u0107<br \/><strong>Broj stranica:<\/strong> 140<br \/><strong>Nakladnik:<\/strong> Redak<br \/><strong>Godina izdanja:<\/strong> 2013.<br \/><strong>ISBN:<\/strong> 978-953-336-084-3<br \/><strong>Tisak:<\/strong> digitalni tisak knjiga &#8211; print na zahtjev<\/p>\n","protected":false},"excerpt":{"rendered":"<p>Sa\u017eetak: Ud\u017ebenik je ra\u0111en prema programu psihologije za studente prve godine u Visokoj \u0161koli za kadrovski i inspekcijski menad\u017ement u Splitu. Obra\u0111ena su sljede\u0107a podru\u010dja: Predmet i zadatci psihologije; razvoj psihologije i njene discipline; metode u psihologiji; tehnike i instrumenti u psiholo\u0161kim istra\u017eivanjima; osjeti i percepcije; pam\u0107enje; mi\u0161ljenje; u\u010denje; inteligencija; temperament i njegove karakteristike; karakter [&hellip;]<\/p>\n","protected":false},"featured_media":7726,"comment_status":"open","ping_status":"closed","template":"","meta":{"_acf_changed":false},"product_brand":[],"product_cat":[1517],"product_tag":[],"class_list":{"0":"post-7725","1":"product","2":"type-product","3":"status-publish","4":"has-post-thumbnail","6":"product_cat-strucna-literatura","7":"pa_autor-stipan-jukic","8":"pa_nakladnik-redak","10":"first","11":"instock","12":"shipping-taxable","13":"purchasable","14":"product-type-simple"},"acf":[],"yoast_head":"<!-- This site is optimized with the Yoast SEO plugin v27.3 - https:\/\/yoast.com\/product\/yoast-seo-wordpress\/ -->\n<title>PSIHOLOGIJA, Stipan Juki\u0107 - Web-knji\u017eara<\/title>\n<meta name=\"robots\" content=\"index, follow, max-snippet:-1, max-image-preview:large, max-video-preview:-1\" \/>\n<link rel=\"canonical\" href=\"https:\/\/webknjizara.hr\/proizvod\/psihologija-stipan-jukic\/\" \/>\n<meta property=\"og:locale\" content=\"en_US\" \/>\n<meta property=\"og:type\" content=\"article\" \/>\n<meta property=\"og:title\" content=\"PSIHOLOGIJA, Stipan Juki\u0107 - Web-knji\u017eara\" \/>\n<meta property=\"og:description\" content=\"Sa\u017eetak: Ud\u017ebenik je ra\u0111en prema programu psihologije za studente prve godine u Visokoj \u0161koli za kadrovski i inspekcijski menad\u017ement u Splitu. Obra\u0111ena su sljede\u0107a podru\u010dja: Predmet i zadatci psihologije; razvoj psihologije i njene discipline; metode u psihologiji; tehnike i instrumenti u psiholo\u0161kim istra\u017eivanjima; osjeti i percepcije; pam\u0107enje; mi\u0161ljenje; u\u010denje; inteligencija; temperament i njegove karakteristike; karakter [&hellip;]\" \/>\n<meta property=\"og:url\" content=\"https:\/\/webknjizara.hr\/proizvod\/psihologija-stipan-jukic\/\" \/>\n<meta property=\"og:site_name\" content=\"Web-knji\u017eara\" \/>\n<meta property=\"article:modified_time\" content=\"2023-02-26T23:16:00+00:00\" \/>\n<meta property=\"og:image\" content=\"https:\/\/webknjizara.hr\/wp-content\/uploads\/nc\/images\/virtuemart\/product\/psihologija-sti-527e8029960f9.jpg\" \/>\n\t<meta property=\"og:image:width\" content=\"358\" \/>\n\t<meta property=\"og:image:height\" content=\"490\" \/>\n\t<meta property=\"og:image:type\" content=\"image\/jpeg\" \/>\n<meta name=\"twitter:card\" content=\"summary_large_image\" \/>\n<meta name=\"twitter:label1\" content=\"Est. reading time\" \/>\n\t<meta name=\"twitter:data1\" content=\"2 minutes\" \/>\n<script type=\"application\/ld+json\" class=\"yoast-schema-graph\">{\"@context\":\"https:\\\/\\\/schema.org\",\"@graph\":[{\"@type\":\"WebPage\",\"@id\":\"https:\\\/\\\/webknjizara.hr\\\/proizvod\\\/psihologija-stipan-jukic\\\/\",\"url\":\"https:\\\/\\\/webknjizara.hr\\\/proizvod\\\/psihologija-stipan-jukic\\\/\",\"name\":\"PSIHOLOGIJA, Stipan Juki\u0107 - Web-knji\u017eara\",\"isPartOf\":{\"@id\":\"https:\\\/\\\/webknjizara.hr\\\/#website\"},\"primaryImageOfPage\":{\"@id\":\"https:\\\/\\\/webknjizara.hr\\\/proizvod\\\/psihologija-stipan-jukic\\\/#primaryimage\"},\"image\":{\"@id\":\"https:\\\/\\\/webknjizara.hr\\\/proizvod\\\/psihologija-stipan-jukic\\\/#primaryimage\"},\"thumbnailUrl\":\"https:\\\/\\\/webknjizara.hr\\\/wp-content\\\/uploads\\\/nc\\\/images\\\/virtuemart\\\/product\\\/psihologija-sti-527e8029960f9.jpg\",\"datePublished\":\"2013-11-09T18:34:17+00:00\",\"dateModified\":\"2023-02-26T23:16:00+00:00\",\"breadcrumb\":{\"@id\":\"https:\\\/\\\/webknjizara.hr\\\/proizvod\\\/psihologija-stipan-jukic\\\/#breadcrumb\"},\"inLanguage\":\"en-US\",\"potentialAction\":[{\"@type\":\"ReadAction\",\"target\":[\"https:\\\/\\\/webknjizara.hr\\\/proizvod\\\/psihologija-stipan-jukic\\\/\"]}]},{\"@type\":\"ImageObject\",\"inLanguage\":\"en-US\",\"@id\":\"https:\\\/\\\/webknjizara.hr\\\/proizvod\\\/psihologija-stipan-jukic\\\/#primaryimage\",\"url\":\"https:\\\/\\\/webknjizara.hr\\\/wp-content\\\/uploads\\\/nc\\\/images\\\/virtuemart\\\/product\\\/psihologija-sti-527e8029960f9.jpg\",\"contentUrl\":\"https:\\\/\\\/webknjizara.hr\\\/wp-content\\\/uploads\\\/nc\\\/images\\\/virtuemart\\\/product\\\/psihologija-sti-527e8029960f9.jpg\",\"width\":358,\"height\":490,\"caption\":\"PSIHOLOGIJA, Stipan Juki\u0107\"},{\"@type\":\"BreadcrumbList\",\"@id\":\"https:\\\/\\\/webknjizara.hr\\\/proizvod\\\/psihologija-stipan-jukic\\\/#breadcrumb\",\"itemListElement\":[{\"@type\":\"ListItem\",\"position\":1,\"name\":\"Po\u010detna stranica\",\"item\":\"https:\\\/\\\/webknjizara.hr\\\/en\\\/\"},{\"@type\":\"ListItem\",\"position\":2,\"name\":\"Shop\",\"item\":\"https:\\\/\\\/webknjizara.hr\\\/shop\\\/\"},{\"@type\":\"ListItem\",\"position\":3,\"name\":\"PSIHOLOGIJA, Stipan Juki\u0107\"}]},{\"@type\":\"WebSite\",\"@id\":\"https:\\\/\\\/webknjizara.hr\\\/#website\",\"url\":\"https:\\\/\\\/webknjizara.hr\\\/\",\"name\":\"Web Knji\u017eara\",\"description\":\"\",\"publisher\":{\"@id\":\"https:\\\/\\\/webknjizara.hr\\\/#organization\"},\"potentialAction\":[{\"@type\":\"SearchAction\",\"target\":{\"@type\":\"EntryPoint\",\"urlTemplate\":\"https:\\\/\\\/webknjizara.hr\\\/?s={search_term_string}\"},\"query-input\":{\"@type\":\"PropertyValueSpecification\",\"valueRequired\":true,\"valueName\":\"search_term_string\"}}],\"inLanguage\":\"en-US\"},{\"@type\":\"Organization\",\"@id\":\"https:\\\/\\\/webknjizara.hr\\\/#organization\",\"name\":\"REDAK D.O.O.\",\"url\":\"https:\\\/\\\/webknjizara.hr\\\/\",\"logo\":{\"@type\":\"ImageObject\",\"inLanguage\":\"en-US\",\"@id\":\"https:\\\/\\\/webknjizara.hr\\\/#\\\/schema\\\/logo\\\/image\\\/\",\"url\":\"https:\\\/\\\/webknjizara.hr\\\/wp-content\\\/uploads\\\/2023\\\/01\\\/web-knjizara-logo.webp\",\"contentUrl\":\"https:\\\/\\\/webknjizara.hr\\\/wp-content\\\/uploads\\\/2023\\\/01\\\/web-knjizara-logo.webp\",\"width\":324,\"height\":79,\"caption\":\"REDAK D.O.O.\"},\"image\":{\"@id\":\"https:\\\/\\\/webknjizara.hr\\\/#\\\/schema\\\/logo\\\/image\\\/\"}}]}<\/script>\n<!-- \/ Yoast SEO plugin. -->","yoast_head_json":{"title":"PSIHOLOGIJA, Stipan Juki\u0107 - Web-knji\u017eara","robots":{"index":"index","follow":"follow","max-snippet":"max-snippet:-1","max-image-preview":"max-image-preview:large","max-video-preview":"max-video-preview:-1"},"canonical":"https:\/\/webknjizara.hr\/proizvod\/psihologija-stipan-jukic\/","og_locale":"en_US","og_type":"article","og_title":"PSIHOLOGIJA, Stipan Juki\u0107 - Web-knji\u017eara","og_description":"Sa\u017eetak: Ud\u017ebenik je ra\u0111en prema programu psihologije za studente prve godine u Visokoj \u0161koli za kadrovski i inspekcijski menad\u017ement u Splitu. Obra\u0111ena su sljede\u0107a podru\u010dja: Predmet i zadatci psihologije; razvoj psihologije i njene discipline; metode u psihologiji; tehnike i instrumenti u psiholo\u0161kim istra\u017eivanjima; osjeti i percepcije; pam\u0107enje; mi\u0161ljenje; u\u010denje; inteligencija; temperament i njegove karakteristike; karakter [&hellip;]","og_url":"https:\/\/webknjizara.hr\/proizvod\/psihologija-stipan-jukic\/","og_site_name":"Web-knji\u017eara","article_modified_time":"2023-02-26T23:16:00+00:00","og_image":[{"width":358,"height":490,"url":"https:\/\/webknjizara.hr\/wp-content\/uploads\/nc\/images\/virtuemart\/product\/psihologija-sti-527e8029960f9.jpg","type":"image\/jpeg"}],"twitter_card":"summary_large_image","twitter_misc":{"Est. reading time":"2 minutes"},"schema":{"@context":"https:\/\/schema.org","@graph":[{"@type":"WebPage","@id":"https:\/\/webknjizara.hr\/proizvod\/psihologija-stipan-jukic\/","url":"https:\/\/webknjizara.hr\/proizvod\/psihologija-stipan-jukic\/","name":"PSIHOLOGIJA, Stipan Juki\u0107 - Web-knji\u017eara","isPartOf":{"@id":"https:\/\/webknjizara.hr\/#website"},"primaryImageOfPage":{"@id":"https:\/\/webknjizara.hr\/proizvod\/psihologija-stipan-jukic\/#primaryimage"},"image":{"@id":"https:\/\/webknjizara.hr\/proizvod\/psihologija-stipan-jukic\/#primaryimage"},"thumbnailUrl":"https:\/\/webknjizara.hr\/wp-content\/uploads\/nc\/images\/virtuemart\/product\/psihologija-sti-527e8029960f9.jpg","datePublished":"2013-11-09T18:34:17+00:00","dateModified":"2023-02-26T23:16:00+00:00","breadcrumb":{"@id":"https:\/\/webknjizara.hr\/proizvod\/psihologija-stipan-jukic\/#breadcrumb"},"inLanguage":"en-US","potentialAction":[{"@type":"ReadAction","target":["https:\/\/webknjizara.hr\/proizvod\/psihologija-stipan-jukic\/"]}]},{"@type":"ImageObject","inLanguage":"en-US","@id":"https:\/\/webknjizara.hr\/proizvod\/psihologija-stipan-jukic\/#primaryimage","url":"https:\/\/webknjizara.hr\/wp-content\/uploads\/nc\/images\/virtuemart\/product\/psihologija-sti-527e8029960f9.jpg","contentUrl":"https:\/\/webknjizara.hr\/wp-content\/uploads\/nc\/images\/virtuemart\/product\/psihologija-sti-527e8029960f9.jpg","width":358,"height":490,"caption":"PSIHOLOGIJA, Stipan Juki\u0107"},{"@type":"BreadcrumbList","@id":"https:\/\/webknjizara.hr\/proizvod\/psihologija-stipan-jukic\/#breadcrumb","itemListElement":[{"@type":"ListItem","position":1,"name":"Po\u010detna stranica","item":"https:\/\/webknjizara.hr\/en\/"},{"@type":"ListItem","position":2,"name":"Shop","item":"https:\/\/webknjizara.hr\/shop\/"},{"@type":"ListItem","position":3,"name":"PSIHOLOGIJA, Stipan Juki\u0107"}]},{"@type":"WebSite","@id":"https:\/\/webknjizara.hr\/#website","url":"https:\/\/webknjizara.hr\/","name":"Web Knji\u017eara","description":"","publisher":{"@id":"https:\/\/webknjizara.hr\/#organization"},"potentialAction":[{"@type":"SearchAction","target":{"@type":"EntryPoint","urlTemplate":"https:\/\/webknjizara.hr\/?s={search_term_string}"},"query-input":{"@type":"PropertyValueSpecification","valueRequired":true,"valueName":"search_term_string"}}],"inLanguage":"en-US"},{"@type":"Organization","@id":"https:\/\/webknjizara.hr\/#organization","name":"REDAK D.O.O.","url":"https:\/\/webknjizara.hr\/","logo":{"@type":"ImageObject","inLanguage":"en-US","@id":"https:\/\/webknjizara.hr\/#\/schema\/logo\/image\/","url":"https:\/\/webknjizara.hr\/wp-content\/uploads\/2023\/01\/web-knjizara-logo.webp","contentUrl":"https:\/\/webknjizara.hr\/wp-content\/uploads\/2023\/01\/web-knjizara-logo.webp","width":324,"height":79,"caption":"REDAK D.O.O."},"image":{"@id":"https:\/\/webknjizara.hr\/#\/schema\/logo\/image\/"}}]}},"_links":{"self":[{"href":"https:\/\/webknjizara.hr\/en\/wp-json\/wp\/v2\/product\/7725","targetHints":{"allow":["GET"]}}],"collection":[{"href":"https:\/\/webknjizara.hr\/en\/wp-json\/wp\/v2\/product"}],"about":[{"href":"https:\/\/webknjizara.hr\/en\/wp-json\/wp\/v2\/types\/product"}],"replies":[{"embeddable":true,"href":"https:\/\/webknjizara.hr\/en\/wp-json\/wp\/v2\/comments?post=7725"}],"wp:featuredmedia":[{"embeddable":true,"href":"https:\/\/webknjizara.hr\/en\/wp-json\/wp\/v2\/media\/7726"}],"wp:attachment":[{"href":"https:\/\/webknjizara.hr\/en\/wp-json\/wp\/v2\/media?parent=7725"}],"wp:term":[{"taxonomy":"product_brand","embeddable":true,"href":"https:\/\/webknjizara.hr\/en\/wp-json\/wp\/v2\/product_brand?post=7725"},{"taxonomy":"product_cat","embeddable":true,"href":"https:\/\/webknjizara.hr\/en\/wp-json\/wp\/v2\/product_cat?post=7725"},{"taxonomy":"product_tag","embeddable":true,"href":"https:\/\/webknjizara.hr\/en\/wp-json\/wp\/v2\/product_tag?post=7725"}],"curies":[{"name":"wp","href":"https:\/\/api.w.org\/{rel}","templated":true}]}}