{"id":7717,"date":"2013-10-30T17:48:27","date_gmt":"2013-10-30T17:48:27","guid":{"rendered":"https:\/\/webknjizara.hr\/?product=biseri-dea-devidas"},"modified":"2023-02-27T00:16:00","modified_gmt":"2023-02-26T23:16:00","slug":"biseri-dea-devidas","status":"publish","type":"product","link":"https:\/\/webknjizara.hr\/en\/proizvod\/biseri-dea-devidas\/","title":{"rendered":"BISERI, Dea Devidas"},"content":{"rendered":"<p style=\"text-align: justify;\"><strong>Sa\u017eetak:<\/strong> <\/p>\n<p>\u201eBiseri\u201c su zbirka najljep\u0161ih pjesama nastalih od 2000. do 2013. godine koje govore o smrti i ra\u0111anju, ljubavi i strasti, u\u017eitku i askezi. <\/p>\n<p><strong>Bilje\u0161ka o autorici:<\/strong> <\/p>\n<p>Dea Devidas je diplomirala na Fakultetu politi\u010dkih znanosti u Zagrebu, a duhovno znanje prou\u010dava, u teoriji i praksi, od svoje pete godine kada je inicirana u yogu Zapada (hermetisti\u010dka znanja) i Istoka (taoisti\u010dka i vedska znanost). \u017divotu i ZaJednici slu\u017ei \u0161irenjem Znanja i Svijesti Svjetla kroz osobna savjetovanja, grupne edukacije i treninge, te popularni web-portal <a href=\"http:\/\/www.elementi.hr\">www.elementi.hr <br \/><\/a><br \/><strong>Bilje\u0161ka o uredniku:<\/strong> <\/p>\n<p>Milan Kne\u017eevi\u0107 je, po struci pravnik, a po su\u0161tini duhovni u\u010ditelj i majstor svijesti koji proteklih trideset godina radi kao terapeut, savjetnik i iscjelitelj, dijele\u0107i s ljudima svoja znanja i uvide o funkcioniranju energije, psihe i du\u0161e. <\/p>\n<p><strong>Klju\u010dne rije\u010di:<\/strong><br \/> Ljubav, energija, svjetlo, svijest, sunce, zemlja, zvijezda, smrt, strah, spoznaja, ljubav,\u00a0Blizanci, jabuke, sloboda, snovi<\/p>\n<p><strong>Link:<\/strong> <a href=\"http:\/\/www.elementi.hr\" target=\"_blank\" rel=\"noopener\">www.elementi.hr<\/a><br \/><strong>E-mail:<\/strong> <a href=\"mailto:boki2801@gmail.com\">Dea Devidas<\/a><\/p>\n<p style=\"text-align: justify;\"><strong>Naslov:<\/strong> Biseri<br \/><strong>Autor:<\/strong> Dea Devidas<br \/><strong>Broj stranica:<\/strong> 118<br \/><strong>Nakladnik:<\/strong> REDAK<br \/><strong>Godina izdanja:<\/strong> 2013.<br \/><strong>ISBN:<\/strong> 978-953-336-043-0<br \/><strong>Tisak:<\/strong> digitalni tisak knjiga &#8211; print na zahtjev<\/p>\n","protected":false},"excerpt":{"rendered":"<p>Sa\u017eetak: \u201eBiseri\u201c su zbirka najljep\u0161ih pjesama nastalih od 2000. do 2013. godine koje govore o smrti i ra\u0111anju, ljubavi i strasti, u\u017eitku i askezi. Bilje\u0161ka o autorici: Dea Devidas je diplomirala na Fakultetu politi\u010dkih znanosti u Zagrebu, a duhovno znanje prou\u010dava, u teoriji i praksi, od svoje pete godine kada je inicirana u yogu Zapada [&hellip;]<\/p>\n","protected":false},"featured_media":7718,"comment_status":"open","ping_status":"closed","template":"","meta":{"_acf_changed":false},"product_brand":[],"product_cat":[1383,1385,1388],"product_tag":[],"class_list":{"0":"post-7717","1":"product","2":"type-product","3":"status-publish","4":"has-post-thumbnail","6":"product_cat-knjige","7":"product_cat-knjizevnost","8":"product_cat-poezija","9":"pa_nakladnik-redak","11":"first","12":"instock","13":"shipping-taxable","14":"purchasable","15":"product-type-simple"},"acf":[],"yoast_head":"<!-- This site is optimized with the Yoast SEO plugin v27.3 - https:\/\/yoast.com\/product\/yoast-seo-wordpress\/ -->\n<title>BISERI, Dea Devidas - Web-knji\u017eara<\/title>\n<meta name=\"robots\" content=\"index, follow, max-snippet:-1, max-image-preview:large, max-video-preview:-1\" \/>\n<link rel=\"canonical\" href=\"https:\/\/webknjizara.hr\/proizvod\/biseri-dea-devidas\/\" \/>\n<meta property=\"og:locale\" content=\"en_US\" \/>\n<meta property=\"og:type\" content=\"article\" \/>\n<meta property=\"og:title\" content=\"BISERI, Dea Devidas - Web-knji\u017eara\" \/>\n<meta property=\"og:description\" content=\"Sa\u017eetak: \u201eBiseri\u201c su zbirka najljep\u0161ih pjesama nastalih od 2000. do 2013. godine koje govore o smrti i ra\u0111anju, ljubavi i strasti, u\u017eitku i askezi. Bilje\u0161ka o autorici: Dea Devidas je diplomirala na Fakultetu politi\u010dkih znanosti u Zagrebu, a duhovno znanje prou\u010dava, u teoriji i praksi, od svoje pete godine kada je inicirana u yogu Zapada [&hellip;]\" \/>\n<meta property=\"og:url\" content=\"https:\/\/webknjizara.hr\/proizvod\/biseri-dea-devidas\/\" \/>\n<meta property=\"og:site_name\" content=\"Web-knji\u017eara\" \/>\n<meta property=\"article:modified_time\" content=\"2023-02-26T23:16:00+00:00\" \/>\n<meta property=\"og:image\" content=\"https:\/\/webknjizara.hr\/wp-content\/uploads\/nc\/images\/virtuemart\/product\/biseri-dea-devi-5271466b03ff6.jpg\" \/>\n\t<meta property=\"og:image:width\" content=\"358\" \/>\n\t<meta property=\"og:image:height\" content=\"500\" \/>\n\t<meta property=\"og:image:type\" content=\"image\/jpeg\" \/>\n<meta name=\"twitter:card\" content=\"summary_large_image\" \/>\n<meta name=\"twitter:label1\" content=\"Est. reading time\" \/>\n\t<meta name=\"twitter:data1\" content=\"1 minute\" \/>\n<script type=\"application\/ld+json\" class=\"yoast-schema-graph\">{\"@context\":\"https:\\\/\\\/schema.org\",\"@graph\":[{\"@type\":\"WebPage\",\"@id\":\"https:\\\/\\\/webknjizara.hr\\\/proizvod\\\/biseri-dea-devidas\\\/\",\"url\":\"https:\\\/\\\/webknjizara.hr\\\/proizvod\\\/biseri-dea-devidas\\\/\",\"name\":\"BISERI, Dea Devidas - Web-knji\u017eara\",\"isPartOf\":{\"@id\":\"https:\\\/\\\/webknjizara.hr\\\/#website\"},\"primaryImageOfPage\":{\"@id\":\"https:\\\/\\\/webknjizara.hr\\\/proizvod\\\/biseri-dea-devidas\\\/#primaryimage\"},\"image\":{\"@id\":\"https:\\\/\\\/webknjizara.hr\\\/proizvod\\\/biseri-dea-devidas\\\/#primaryimage\"},\"thumbnailUrl\":\"https:\\\/\\\/webknjizara.hr\\\/wp-content\\\/uploads\\\/nc\\\/images\\\/virtuemart\\\/product\\\/biseri-dea-devi-5271466b03ff6.jpg\",\"datePublished\":\"2013-10-30T17:48:27+00:00\",\"dateModified\":\"2023-02-26T23:16:00+00:00\",\"breadcrumb\":{\"@id\":\"https:\\\/\\\/webknjizara.hr\\\/proizvod\\\/biseri-dea-devidas\\\/#breadcrumb\"},\"inLanguage\":\"en-US\",\"potentialAction\":[{\"@type\":\"ReadAction\",\"target\":[\"https:\\\/\\\/webknjizara.hr\\\/proizvod\\\/biseri-dea-devidas\\\/\"]}]},{\"@type\":\"ImageObject\",\"inLanguage\":\"en-US\",\"@id\":\"https:\\\/\\\/webknjizara.hr\\\/proizvod\\\/biseri-dea-devidas\\\/#primaryimage\",\"url\":\"https:\\\/\\\/webknjizara.hr\\\/wp-content\\\/uploads\\\/nc\\\/images\\\/virtuemart\\\/product\\\/biseri-dea-devi-5271466b03ff6.jpg\",\"contentUrl\":\"https:\\\/\\\/webknjizara.hr\\\/wp-content\\\/uploads\\\/nc\\\/images\\\/virtuemart\\\/product\\\/biseri-dea-devi-5271466b03ff6.jpg\",\"width\":358,\"height\":500,\"caption\":\"BISERI, Dea Devidas\"},{\"@type\":\"BreadcrumbList\",\"@id\":\"https:\\\/\\\/webknjizara.hr\\\/proizvod\\\/biseri-dea-devidas\\\/#breadcrumb\",\"itemListElement\":[{\"@type\":\"ListItem\",\"position\":1,\"name\":\"Po\u010detna stranica\",\"item\":\"https:\\\/\\\/webknjizara.hr\\\/en\\\/\"},{\"@type\":\"ListItem\",\"position\":2,\"name\":\"Shop\",\"item\":\"https:\\\/\\\/webknjizara.hr\\\/shop\\\/\"},{\"@type\":\"ListItem\",\"position\":3,\"name\":\"BISERI, Dea Devidas\"}]},{\"@type\":\"WebSite\",\"@id\":\"https:\\\/\\\/webknjizara.hr\\\/#website\",\"url\":\"https:\\\/\\\/webknjizara.hr\\\/\",\"name\":\"Web Knji\u017eara\",\"description\":\"\",\"publisher\":{\"@id\":\"https:\\\/\\\/webknjizara.hr\\\/#organization\"},\"potentialAction\":[{\"@type\":\"SearchAction\",\"target\":{\"@type\":\"EntryPoint\",\"urlTemplate\":\"https:\\\/\\\/webknjizara.hr\\\/?s={search_term_string}\"},\"query-input\":{\"@type\":\"PropertyValueSpecification\",\"valueRequired\":true,\"valueName\":\"search_term_string\"}}],\"inLanguage\":\"en-US\"},{\"@type\":\"Organization\",\"@id\":\"https:\\\/\\\/webknjizara.hr\\\/#organization\",\"name\":\"REDAK D.O.O.\",\"url\":\"https:\\\/\\\/webknjizara.hr\\\/\",\"logo\":{\"@type\":\"ImageObject\",\"inLanguage\":\"en-US\",\"@id\":\"https:\\\/\\\/webknjizara.hr\\\/#\\\/schema\\\/logo\\\/image\\\/\",\"url\":\"https:\\\/\\\/webknjizara.hr\\\/wp-content\\\/uploads\\\/2023\\\/01\\\/web-knjizara-logo.webp\",\"contentUrl\":\"https:\\\/\\\/webknjizara.hr\\\/wp-content\\\/uploads\\\/2023\\\/01\\\/web-knjizara-logo.webp\",\"width\":324,\"height\":79,\"caption\":\"REDAK D.O.O.\"},\"image\":{\"@id\":\"https:\\\/\\\/webknjizara.hr\\\/#\\\/schema\\\/logo\\\/image\\\/\"}}]}<\/script>\n<!-- \/ Yoast SEO plugin. -->","yoast_head_json":{"title":"BISERI, Dea Devidas - Web-knji\u017eara","robots":{"index":"index","follow":"follow","max-snippet":"max-snippet:-1","max-image-preview":"max-image-preview:large","max-video-preview":"max-video-preview:-1"},"canonical":"https:\/\/webknjizara.hr\/proizvod\/biseri-dea-devidas\/","og_locale":"en_US","og_type":"article","og_title":"BISERI, Dea Devidas - Web-knji\u017eara","og_description":"Sa\u017eetak: \u201eBiseri\u201c su zbirka najljep\u0161ih pjesama nastalih od 2000. do 2013. godine koje govore o smrti i ra\u0111anju, ljubavi i strasti, u\u017eitku i askezi. Bilje\u0161ka o autorici: Dea Devidas je diplomirala na Fakultetu politi\u010dkih znanosti u Zagrebu, a duhovno znanje prou\u010dava, u teoriji i praksi, od svoje pete godine kada je inicirana u yogu Zapada [&hellip;]","og_url":"https:\/\/webknjizara.hr\/proizvod\/biseri-dea-devidas\/","og_site_name":"Web-knji\u017eara","article_modified_time":"2023-02-26T23:16:00+00:00","og_image":[{"width":358,"height":500,"url":"https:\/\/webknjizara.hr\/wp-content\/uploads\/nc\/images\/virtuemart\/product\/biseri-dea-devi-5271466b03ff6.jpg","type":"image\/jpeg"}],"twitter_card":"summary_large_image","twitter_misc":{"Est. reading time":"1 minute"},"schema":{"@context":"https:\/\/schema.org","@graph":[{"@type":"WebPage","@id":"https:\/\/webknjizara.hr\/proizvod\/biseri-dea-devidas\/","url":"https:\/\/webknjizara.hr\/proizvod\/biseri-dea-devidas\/","name":"BISERI, Dea Devidas - Web-knji\u017eara","isPartOf":{"@id":"https:\/\/webknjizara.hr\/#website"},"primaryImageOfPage":{"@id":"https:\/\/webknjizara.hr\/proizvod\/biseri-dea-devidas\/#primaryimage"},"image":{"@id":"https:\/\/webknjizara.hr\/proizvod\/biseri-dea-devidas\/#primaryimage"},"thumbnailUrl":"https:\/\/webknjizara.hr\/wp-content\/uploads\/nc\/images\/virtuemart\/product\/biseri-dea-devi-5271466b03ff6.jpg","datePublished":"2013-10-30T17:48:27+00:00","dateModified":"2023-02-26T23:16:00+00:00","breadcrumb":{"@id":"https:\/\/webknjizara.hr\/proizvod\/biseri-dea-devidas\/#breadcrumb"},"inLanguage":"en-US","potentialAction":[{"@type":"ReadAction","target":["https:\/\/webknjizara.hr\/proizvod\/biseri-dea-devidas\/"]}]},{"@type":"ImageObject","inLanguage":"en-US","@id":"https:\/\/webknjizara.hr\/proizvod\/biseri-dea-devidas\/#primaryimage","url":"https:\/\/webknjizara.hr\/wp-content\/uploads\/nc\/images\/virtuemart\/product\/biseri-dea-devi-5271466b03ff6.jpg","contentUrl":"https:\/\/webknjizara.hr\/wp-content\/uploads\/nc\/images\/virtuemart\/product\/biseri-dea-devi-5271466b03ff6.jpg","width":358,"height":500,"caption":"BISERI, Dea Devidas"},{"@type":"BreadcrumbList","@id":"https:\/\/webknjizara.hr\/proizvod\/biseri-dea-devidas\/#breadcrumb","itemListElement":[{"@type":"ListItem","position":1,"name":"Po\u010detna stranica","item":"https:\/\/webknjizara.hr\/en\/"},{"@type":"ListItem","position":2,"name":"Shop","item":"https:\/\/webknjizara.hr\/shop\/"},{"@type":"ListItem","position":3,"name":"BISERI, Dea Devidas"}]},{"@type":"WebSite","@id":"https:\/\/webknjizara.hr\/#website","url":"https:\/\/webknjizara.hr\/","name":"Web Knji\u017eara","description":"","publisher":{"@id":"https:\/\/webknjizara.hr\/#organization"},"potentialAction":[{"@type":"SearchAction","target":{"@type":"EntryPoint","urlTemplate":"https:\/\/webknjizara.hr\/?s={search_term_string}"},"query-input":{"@type":"PropertyValueSpecification","valueRequired":true,"valueName":"search_term_string"}}],"inLanguage":"en-US"},{"@type":"Organization","@id":"https:\/\/webknjizara.hr\/#organization","name":"REDAK D.O.O.","url":"https:\/\/webknjizara.hr\/","logo":{"@type":"ImageObject","inLanguage":"en-US","@id":"https:\/\/webknjizara.hr\/#\/schema\/logo\/image\/","url":"https:\/\/webknjizara.hr\/wp-content\/uploads\/2023\/01\/web-knjizara-logo.webp","contentUrl":"https:\/\/webknjizara.hr\/wp-content\/uploads\/2023\/01\/web-knjizara-logo.webp","width":324,"height":79,"caption":"REDAK D.O.O."},"image":{"@id":"https:\/\/webknjizara.hr\/#\/schema\/logo\/image\/"}}]}},"_links":{"self":[{"href":"https:\/\/webknjizara.hr\/en\/wp-json\/wp\/v2\/product\/7717","targetHints":{"allow":["GET"]}}],"collection":[{"href":"https:\/\/webknjizara.hr\/en\/wp-json\/wp\/v2\/product"}],"about":[{"href":"https:\/\/webknjizara.hr\/en\/wp-json\/wp\/v2\/types\/product"}],"replies":[{"embeddable":true,"href":"https:\/\/webknjizara.hr\/en\/wp-json\/wp\/v2\/comments?post=7717"}],"wp:featuredmedia":[{"embeddable":true,"href":"https:\/\/webknjizara.hr\/en\/wp-json\/wp\/v2\/media\/7718"}],"wp:attachment":[{"href":"https:\/\/webknjizara.hr\/en\/wp-json\/wp\/v2\/media?parent=7717"}],"wp:term":[{"taxonomy":"product_brand","embeddable":true,"href":"https:\/\/webknjizara.hr\/en\/wp-json\/wp\/v2\/product_brand?post=7717"},{"taxonomy":"product_cat","embeddable":true,"href":"https:\/\/webknjizara.hr\/en\/wp-json\/wp\/v2\/product_cat?post=7717"},{"taxonomy":"product_tag","embeddable":true,"href":"https:\/\/webknjizara.hr\/en\/wp-json\/wp\/v2\/product_tag?post=7717"}],"curies":[{"name":"wp","href":"https:\/\/api.w.org\/{rel}","templated":true}]}}