{"id":7707,"date":"2013-10-19T18:09:56","date_gmt":"2013-10-19T18:09:56","guid":{"rendered":"https:\/\/webknjizara.hr\/?product=od-osmijeha-do-smijeha-grupa-autora"},"modified":"2023-02-27T00:15:59","modified_gmt":"2023-02-26T23:15:59","slug":"od-osmijeha-do-smijeha-grupa-autora","status":"publish","type":"product","link":"https:\/\/webknjizara.hr\/en\/proizvod\/od-osmijeha-do-smijeha-grupa-autora\/","title":{"rendered":"OD OSMIJEHA DO SMIJEHA, grupa autora"},"content":{"rendered":"<p><strong><br \/>Sa\u017eetak:<\/strong><\/p>\n<p>Zbirka natje\u010daja humoristi\u010dne kratke pri\u010de<\/p>\n<p><strong>Popis autora:<\/strong><\/p>\n<p>Petar Kli\u0161kini\u0107<br \/><strong>ZET IZ GLAVICA<\/strong><br \/>Robert A. Vrbnjak<br \/><strong>LJUBAVNE ZGODE \u010cOVJEKA BEZ IDENTITETA<\/strong><br \/>Damir Markulj<br \/><strong>KAKO SAM UGLEDAO SVOJU PRVU KOKO\u0160?<\/strong><br \/>Ru\u017eica Ga\u0161perov<br \/><strong>ZR\u0106E<\/strong><br \/>Gorana Ko\u0161ki<br \/><strong>UH&#8230;! UH&#8230;! UHO!<\/strong><br \/>Hari Ko\u010di\u0107<br \/><strong>TKO SAM JA DA TI SUDIM?<\/strong><br \/>Luca Kozina<br \/><strong>PLJA\u010cKA<\/strong><br \/>Mladen Tomi\u0107<br \/><strong>PEDALA<\/strong><br \/>\u017deljko Cvrtila<br \/><strong>(JUGO)NOSTALGI\u010cNA<\/strong><br \/>Ana Ban<br \/><strong>\u0110IHA EFEKT<\/strong><br \/>Katarina Jakeli\u0107<br \/><strong>DEJT ZA PET<\/strong><br \/>Marija Rukavina<br \/><strong>\u017dABAC KRALJEVI\u0106<\/strong><br \/>Dejan Zuber<br \/><strong>ZAREZ<\/strong><br \/>\u017deljka \u017ditkovi\u0107-Bani\u0107<br \/><strong>DVI \u0160PIJE<\/strong><br \/>Ines Balaji\u0107<br \/><strong>SEOSKE PRI\u010cE.<\/strong><br \/>Dragan Mi\u0161\u010devi\u0107<br \/><strong>DIJAGNOZA<\/strong><br \/>Matej Jack Beluhan<br \/><strong>WC PRI\u010cA<\/strong><br \/>Mirjana Juri\u0107<br \/><strong>KU\u0106NI SAVJET<\/strong><br \/>Renata Sre\u010di\u0107<br \/><strong>JEDAN SASVIM OBI\u010cAN BABINJAK.<\/strong><br \/>Ivana \u0160arac<br \/><strong>PLANINARSKO DRU\u0160TVO<\/strong><br \/>Ana Grabovac<br \/><strong>DR. FLAVIO<\/strong><br \/>Boris Buli\u0107<br \/><strong>TE\u0160TAMENTUM<\/strong><br \/>Ivan Gali\u0107<br \/><strong>DLAKA PO DLAKA &#8211; TONZURA<\/strong><br \/>Stipe Bajo<br \/><strong>LISO RULES<\/strong><\/p>\n<p><strong>E-mail:<\/strong> <a target=\"_blank\" href=\"mailto:boki2801@gmail.com\" rel=\"noopener\">grupa autora<\/a><br \/><a target=\"_blank\" href=\"mailto:boki2801@gmail.com\" rel=\"noopener\"><br \/><\/a><strong>Naslov:<\/strong> Od osmijeha do smijeha<br \/><strong>Autor:<\/strong> grupa autora<br \/><strong>Broj stranica:<\/strong> 100<br \/><strong>Nakladnik:<\/strong> REDAK<br \/><strong>Godina izdanja:<\/strong> 2013.<br \/><strong>ISBN:<\/strong> 978-953-7595-58-6<br \/><strong>Tisak:<\/strong> digitalni tisak knjiga &#8211; print na zahtjev<\/p>\n","protected":false},"excerpt":{"rendered":"<p>Sa\u017eetak: Zbirka natje\u010daja humoristi\u010dne kratke pri\u010de Popis autora: Petar Kli\u0161kini\u0107ZET IZ GLAVICARobert A. VrbnjakLJUBAVNE ZGODE \u010cOVJEKA BEZ IDENTITETADamir MarkuljKAKO SAM UGLEDAO SVOJU PRVU KOKO\u0160?Ru\u017eica Ga\u0161perovZR\u0106EGorana Ko\u0161kiUH&#8230;! UH&#8230;! UHO!Hari Ko\u010di\u0107TKO SAM JA DA TI SUDIM?Luca KozinaPLJA\u010cKAMladen Tomi\u0107PEDALA\u017deljko Cvrtila(JUGO)NOSTALGI\u010cNAAna Ban\u0110IHA EFEKTKatarina Jakeli\u0107DEJT ZA PETMarija Rukavina\u017dABAC KRALJEVI\u0106Dejan ZuberZAREZ\u017deljka \u017ditkovi\u0107-Bani\u0107DVI \u0160PIJEInes Balaji\u0107SEOSKE PRI\u010cE.Dragan Mi\u0161\u010devi\u0107DIJAGNOZAMatej Jack BeluhanWC PRI\u010cAMirjana Juri\u0107KU\u0106NI SAVJETRenata [&hellip;]<\/p>\n","protected":false},"featured_media":7708,"comment_status":"open","ping_status":"closed","template":"","meta":{"_acf_changed":false},"product_brand":[],"product_cat":[1383,1385],"product_tag":[],"class_list":{"0":"post-7707","1":"product","2":"type-product","3":"status-publish","4":"has-post-thumbnail","6":"product_cat-knjige","7":"product_cat-knjizevnost","8":"pa_autor-grupa-autora","9":"pa_nakladnik-redak","11":"first","12":"instock","13":"shipping-taxable","14":"purchasable","15":"product-type-simple"},"acf":[],"yoast_head":"<!-- This site is optimized with the Yoast SEO plugin v27.3 - https:\/\/yoast.com\/product\/yoast-seo-wordpress\/ -->\n<title>OD OSMIJEHA DO SMIJEHA, grupa autora - Web-knji\u017eara<\/title>\n<meta name=\"robots\" content=\"index, follow, max-snippet:-1, max-image-preview:large, max-video-preview:-1\" \/>\n<link rel=\"canonical\" href=\"https:\/\/webknjizara.hr\/proizvod\/od-osmijeha-do-smijeha-grupa-autora\/\" \/>\n<meta property=\"og:locale\" content=\"en_US\" \/>\n<meta property=\"og:type\" content=\"article\" \/>\n<meta property=\"og:title\" content=\"OD OSMIJEHA DO SMIJEHA, grupa autora - Web-knji\u017eara\" \/>\n<meta property=\"og:description\" content=\"Sa\u017eetak: Zbirka natje\u010daja humoristi\u010dne kratke pri\u010de Popis autora: Petar Kli\u0161kini\u0107ZET IZ GLAVICARobert A. VrbnjakLJUBAVNE ZGODE \u010cOVJEKA BEZ IDENTITETADamir MarkuljKAKO SAM UGLEDAO SVOJU PRVU KOKO\u0160?Ru\u017eica Ga\u0161perovZR\u0106EGorana Ko\u0161kiUH&#8230;! UH&#8230;! UHO!Hari Ko\u010di\u0107TKO SAM JA DA TI SUDIM?Luca KozinaPLJA\u010cKAMladen Tomi\u0107PEDALA\u017deljko Cvrtila(JUGO)NOSTALGI\u010cNAAna Ban\u0110IHA EFEKTKatarina Jakeli\u0107DEJT ZA PETMarija Rukavina\u017dABAC KRALJEVI\u0106Dejan ZuberZAREZ\u017deljka \u017ditkovi\u0107-Bani\u0107DVI \u0160PIJEInes Balaji\u0107SEOSKE PRI\u010cE.Dragan Mi\u0161\u010devi\u0107DIJAGNOZAMatej Jack BeluhanWC PRI\u010cAMirjana Juri\u0107KU\u0106NI SAVJETRenata [&hellip;]\" \/>\n<meta property=\"og:url\" content=\"https:\/\/webknjizara.hr\/proizvod\/od-osmijeha-do-smijeha-grupa-autora\/\" \/>\n<meta property=\"og:site_name\" content=\"Web-knji\u017eara\" \/>\n<meta property=\"article:modified_time\" content=\"2023-02-26T23:15:59+00:00\" \/>\n<meta property=\"og:image\" content=\"https:\/\/webknjizara.hr\/wp-content\/uploads\/nc\/images\/virtuemart\/product\/od-osmijeha-do-s-52665c7b00c4b.jpg\" \/>\n\t<meta property=\"og:image:width\" content=\"305\" \/>\n\t<meta property=\"og:image:height\" content=\"500\" \/>\n\t<meta property=\"og:image:type\" content=\"image\/jpeg\" \/>\n<meta name=\"twitter:card\" content=\"summary_large_image\" \/>\n<meta name=\"twitter:label1\" content=\"Est. reading time\" \/>\n\t<meta name=\"twitter:data1\" content=\"1 minute\" \/>\n<script type=\"application\/ld+json\" class=\"yoast-schema-graph\">{\"@context\":\"https:\\\/\\\/schema.org\",\"@graph\":[{\"@type\":\"WebPage\",\"@id\":\"https:\\\/\\\/webknjizara.hr\\\/proizvod\\\/od-osmijeha-do-smijeha-grupa-autora\\\/\",\"url\":\"https:\\\/\\\/webknjizara.hr\\\/proizvod\\\/od-osmijeha-do-smijeha-grupa-autora\\\/\",\"name\":\"OD OSMIJEHA DO SMIJEHA, grupa autora - Web-knji\u017eara\",\"isPartOf\":{\"@id\":\"https:\\\/\\\/webknjizara.hr\\\/#website\"},\"primaryImageOfPage\":{\"@id\":\"https:\\\/\\\/webknjizara.hr\\\/proizvod\\\/od-osmijeha-do-smijeha-grupa-autora\\\/#primaryimage\"},\"image\":{\"@id\":\"https:\\\/\\\/webknjizara.hr\\\/proizvod\\\/od-osmijeha-do-smijeha-grupa-autora\\\/#primaryimage\"},\"thumbnailUrl\":\"https:\\\/\\\/webknjizara.hr\\\/wp-content\\\/uploads\\\/nc\\\/images\\\/virtuemart\\\/product\\\/od-osmijeha-do-s-52665c7b00c4b.jpg\",\"datePublished\":\"2013-10-19T18:09:56+00:00\",\"dateModified\":\"2023-02-26T23:15:59+00:00\",\"breadcrumb\":{\"@id\":\"https:\\\/\\\/webknjizara.hr\\\/proizvod\\\/od-osmijeha-do-smijeha-grupa-autora\\\/#breadcrumb\"},\"inLanguage\":\"en-US\",\"potentialAction\":[{\"@type\":\"ReadAction\",\"target\":[\"https:\\\/\\\/webknjizara.hr\\\/proizvod\\\/od-osmijeha-do-smijeha-grupa-autora\\\/\"]}]},{\"@type\":\"ImageObject\",\"inLanguage\":\"en-US\",\"@id\":\"https:\\\/\\\/webknjizara.hr\\\/proizvod\\\/od-osmijeha-do-smijeha-grupa-autora\\\/#primaryimage\",\"url\":\"https:\\\/\\\/webknjizara.hr\\\/wp-content\\\/uploads\\\/nc\\\/images\\\/virtuemart\\\/product\\\/od-osmijeha-do-s-52665c7b00c4b.jpg\",\"contentUrl\":\"https:\\\/\\\/webknjizara.hr\\\/wp-content\\\/uploads\\\/nc\\\/images\\\/virtuemart\\\/product\\\/od-osmijeha-do-s-52665c7b00c4b.jpg\",\"width\":305,\"height\":500,\"caption\":\"OD OSMIJEHA DO SMIJEHA, grupa autora\"},{\"@type\":\"BreadcrumbList\",\"@id\":\"https:\\\/\\\/webknjizara.hr\\\/proizvod\\\/od-osmijeha-do-smijeha-grupa-autora\\\/#breadcrumb\",\"itemListElement\":[{\"@type\":\"ListItem\",\"position\":1,\"name\":\"Po\u010detna stranica\",\"item\":\"https:\\\/\\\/webknjizara.hr\\\/en\\\/\"},{\"@type\":\"ListItem\",\"position\":2,\"name\":\"Shop\",\"item\":\"https:\\\/\\\/webknjizara.hr\\\/shop\\\/\"},{\"@type\":\"ListItem\",\"position\":3,\"name\":\"OD OSMIJEHA DO SMIJEHA, grupa autora\"}]},{\"@type\":\"WebSite\",\"@id\":\"https:\\\/\\\/webknjizara.hr\\\/#website\",\"url\":\"https:\\\/\\\/webknjizara.hr\\\/\",\"name\":\"Web Knji\u017eara\",\"description\":\"\",\"publisher\":{\"@id\":\"https:\\\/\\\/webknjizara.hr\\\/#organization\"},\"potentialAction\":[{\"@type\":\"SearchAction\",\"target\":{\"@type\":\"EntryPoint\",\"urlTemplate\":\"https:\\\/\\\/webknjizara.hr\\\/?s={search_term_string}\"},\"query-input\":{\"@type\":\"PropertyValueSpecification\",\"valueRequired\":true,\"valueName\":\"search_term_string\"}}],\"inLanguage\":\"en-US\"},{\"@type\":\"Organization\",\"@id\":\"https:\\\/\\\/webknjizara.hr\\\/#organization\",\"name\":\"REDAK D.O.O.\",\"url\":\"https:\\\/\\\/webknjizara.hr\\\/\",\"logo\":{\"@type\":\"ImageObject\",\"inLanguage\":\"en-US\",\"@id\":\"https:\\\/\\\/webknjizara.hr\\\/#\\\/schema\\\/logo\\\/image\\\/\",\"url\":\"https:\\\/\\\/webknjizara.hr\\\/wp-content\\\/uploads\\\/2023\\\/01\\\/web-knjizara-logo.webp\",\"contentUrl\":\"https:\\\/\\\/webknjizara.hr\\\/wp-content\\\/uploads\\\/2023\\\/01\\\/web-knjizara-logo.webp\",\"width\":324,\"height\":79,\"caption\":\"REDAK D.O.O.\"},\"image\":{\"@id\":\"https:\\\/\\\/webknjizara.hr\\\/#\\\/schema\\\/logo\\\/image\\\/\"}}]}<\/script>\n<!-- \/ Yoast SEO plugin. -->","yoast_head_json":{"title":"OD OSMIJEHA DO SMIJEHA, grupa autora - Web-knji\u017eara","robots":{"index":"index","follow":"follow","max-snippet":"max-snippet:-1","max-image-preview":"max-image-preview:large","max-video-preview":"max-video-preview:-1"},"canonical":"https:\/\/webknjizara.hr\/proizvod\/od-osmijeha-do-smijeha-grupa-autora\/","og_locale":"en_US","og_type":"article","og_title":"OD OSMIJEHA DO SMIJEHA, grupa autora - Web-knji\u017eara","og_description":"Sa\u017eetak: Zbirka natje\u010daja humoristi\u010dne kratke pri\u010de Popis autora: Petar Kli\u0161kini\u0107ZET IZ GLAVICARobert A. VrbnjakLJUBAVNE ZGODE \u010cOVJEKA BEZ IDENTITETADamir MarkuljKAKO SAM UGLEDAO SVOJU PRVU KOKO\u0160?Ru\u017eica Ga\u0161perovZR\u0106EGorana Ko\u0161kiUH&#8230;! UH&#8230;! UHO!Hari Ko\u010di\u0107TKO SAM JA DA TI SUDIM?Luca KozinaPLJA\u010cKAMladen Tomi\u0107PEDALA\u017deljko Cvrtila(JUGO)NOSTALGI\u010cNAAna Ban\u0110IHA EFEKTKatarina Jakeli\u0107DEJT ZA PETMarija Rukavina\u017dABAC KRALJEVI\u0106Dejan ZuberZAREZ\u017deljka \u017ditkovi\u0107-Bani\u0107DVI \u0160PIJEInes Balaji\u0107SEOSKE PRI\u010cE.Dragan Mi\u0161\u010devi\u0107DIJAGNOZAMatej Jack BeluhanWC PRI\u010cAMirjana Juri\u0107KU\u0106NI SAVJETRenata [&hellip;]","og_url":"https:\/\/webknjizara.hr\/proizvod\/od-osmijeha-do-smijeha-grupa-autora\/","og_site_name":"Web-knji\u017eara","article_modified_time":"2023-02-26T23:15:59+00:00","og_image":[{"width":305,"height":500,"url":"https:\/\/webknjizara.hr\/wp-content\/uploads\/nc\/images\/virtuemart\/product\/od-osmijeha-do-s-52665c7b00c4b.jpg","type":"image\/jpeg"}],"twitter_card":"summary_large_image","twitter_misc":{"Est. reading time":"1 minute"},"schema":{"@context":"https:\/\/schema.org","@graph":[{"@type":"WebPage","@id":"https:\/\/webknjizara.hr\/proizvod\/od-osmijeha-do-smijeha-grupa-autora\/","url":"https:\/\/webknjizara.hr\/proizvod\/od-osmijeha-do-smijeha-grupa-autora\/","name":"OD OSMIJEHA DO SMIJEHA, grupa autora - Web-knji\u017eara","isPartOf":{"@id":"https:\/\/webknjizara.hr\/#website"},"primaryImageOfPage":{"@id":"https:\/\/webknjizara.hr\/proizvod\/od-osmijeha-do-smijeha-grupa-autora\/#primaryimage"},"image":{"@id":"https:\/\/webknjizara.hr\/proizvod\/od-osmijeha-do-smijeha-grupa-autora\/#primaryimage"},"thumbnailUrl":"https:\/\/webknjizara.hr\/wp-content\/uploads\/nc\/images\/virtuemart\/product\/od-osmijeha-do-s-52665c7b00c4b.jpg","datePublished":"2013-10-19T18:09:56+00:00","dateModified":"2023-02-26T23:15:59+00:00","breadcrumb":{"@id":"https:\/\/webknjizara.hr\/proizvod\/od-osmijeha-do-smijeha-grupa-autora\/#breadcrumb"},"inLanguage":"en-US","potentialAction":[{"@type":"ReadAction","target":["https:\/\/webknjizara.hr\/proizvod\/od-osmijeha-do-smijeha-grupa-autora\/"]}]},{"@type":"ImageObject","inLanguage":"en-US","@id":"https:\/\/webknjizara.hr\/proizvod\/od-osmijeha-do-smijeha-grupa-autora\/#primaryimage","url":"https:\/\/webknjizara.hr\/wp-content\/uploads\/nc\/images\/virtuemart\/product\/od-osmijeha-do-s-52665c7b00c4b.jpg","contentUrl":"https:\/\/webknjizara.hr\/wp-content\/uploads\/nc\/images\/virtuemart\/product\/od-osmijeha-do-s-52665c7b00c4b.jpg","width":305,"height":500,"caption":"OD OSMIJEHA DO SMIJEHA, grupa autora"},{"@type":"BreadcrumbList","@id":"https:\/\/webknjizara.hr\/proizvod\/od-osmijeha-do-smijeha-grupa-autora\/#breadcrumb","itemListElement":[{"@type":"ListItem","position":1,"name":"Po\u010detna stranica","item":"https:\/\/webknjizara.hr\/en\/"},{"@type":"ListItem","position":2,"name":"Shop","item":"https:\/\/webknjizara.hr\/shop\/"},{"@type":"ListItem","position":3,"name":"OD OSMIJEHA DO SMIJEHA, grupa autora"}]},{"@type":"WebSite","@id":"https:\/\/webknjizara.hr\/#website","url":"https:\/\/webknjizara.hr\/","name":"Web Knji\u017eara","description":"","publisher":{"@id":"https:\/\/webknjizara.hr\/#organization"},"potentialAction":[{"@type":"SearchAction","target":{"@type":"EntryPoint","urlTemplate":"https:\/\/webknjizara.hr\/?s={search_term_string}"},"query-input":{"@type":"PropertyValueSpecification","valueRequired":true,"valueName":"search_term_string"}}],"inLanguage":"en-US"},{"@type":"Organization","@id":"https:\/\/webknjizara.hr\/#organization","name":"REDAK D.O.O.","url":"https:\/\/webknjizara.hr\/","logo":{"@type":"ImageObject","inLanguage":"en-US","@id":"https:\/\/webknjizara.hr\/#\/schema\/logo\/image\/","url":"https:\/\/webknjizara.hr\/wp-content\/uploads\/2023\/01\/web-knjizara-logo.webp","contentUrl":"https:\/\/webknjizara.hr\/wp-content\/uploads\/2023\/01\/web-knjizara-logo.webp","width":324,"height":79,"caption":"REDAK D.O.O."},"image":{"@id":"https:\/\/webknjizara.hr\/#\/schema\/logo\/image\/"}}]}},"_links":{"self":[{"href":"https:\/\/webknjizara.hr\/en\/wp-json\/wp\/v2\/product\/7707","targetHints":{"allow":["GET"]}}],"collection":[{"href":"https:\/\/webknjizara.hr\/en\/wp-json\/wp\/v2\/product"}],"about":[{"href":"https:\/\/webknjizara.hr\/en\/wp-json\/wp\/v2\/types\/product"}],"replies":[{"embeddable":true,"href":"https:\/\/webknjizara.hr\/en\/wp-json\/wp\/v2\/comments?post=7707"}],"wp:featuredmedia":[{"embeddable":true,"href":"https:\/\/webknjizara.hr\/en\/wp-json\/wp\/v2\/media\/7708"}],"wp:attachment":[{"href":"https:\/\/webknjizara.hr\/en\/wp-json\/wp\/v2\/media?parent=7707"}],"wp:term":[{"taxonomy":"product_brand","embeddable":true,"href":"https:\/\/webknjizara.hr\/en\/wp-json\/wp\/v2\/product_brand?post=7707"},{"taxonomy":"product_cat","embeddable":true,"href":"https:\/\/webknjizara.hr\/en\/wp-json\/wp\/v2\/product_cat?post=7707"},{"taxonomy":"product_tag","embeddable":true,"href":"https:\/\/webknjizara.hr\/en\/wp-json\/wp\/v2\/product_tag?post=7707"}],"curies":[{"name":"wp","href":"https:\/\/api.w.org\/{rel}","templated":true}]}}