{"id":7703,"date":"2013-10-01T16:48:03","date_gmt":"2013-10-01T16:48:03","guid":{"rendered":"https:\/\/webknjizara.hr\/?product=prokletstvo-olujnog-mora-2-bruhildina-kletva-sinisa-bjelic"},"modified":"2023-02-27T00:15:58","modified_gmt":"2023-02-26T23:15:58","slug":"prokletstvo-olujnog-mora-2-bruhildina-kletva-sinisa-bjelic","status":"publish","type":"product","link":"https:\/\/webknjizara.hr\/en\/proizvod\/prokletstvo-olujnog-mora-2-bruhildina-kletva-sinisa-bjelic\/","title":{"rendered":"PROKLETSTVO OLUJNOG MORA 2: BRUHILDINA KLETVA, Sini\u0161a Bjeli\u0107"},"content":{"rendered":"<p><strong><br \/>Sa\u017eetak:<\/strong><\/p>\n<p>Dvorac Luskonty i dalje je popri\u0161te zlo\u010dina. S \u010dim se moraju suo\u010diti Patrik i Glorija? Da li \u0107e uspjeti skinuti kletvu Hrama Mr\u017enje, ili \u0107e zauvijek ostati okovan. Djevojka Bruhilda izvor je zla i osvete. \u0160krinja \u010duva tajnu. Mo\u0107 plave ru\u017ee, koju je Bruhilda dobila na dar davno prije od Grangosovog oca Koralija, presudna je. Sve to i jo\u0161 puno toga slijedi u ovom uzbudljivom nastavku: Prokletstvo Olujnog Mora 2; Bruhildina Kletva.<\/p>\n<p><strong>Bilje\u0161ka o autoru:<\/strong> <\/p>\n<p>Sini\u0161a Bjeli\u0107, ro\u0111en 23 kolovoza u Zagrebu,osnovnu \u0161kolu je poha\u0111ao u Brezovici, te nastavio svoje srednjo\u0161kolsko obrazovanje u ekonomskoj \u0161koli za zanimanje Ekonomist. Nakon njegovog prvog uspje\u0161nog djela, za sve fanove njegovog stila pisanja i tematike sti\u017ee uzbudljivi nastavak koji ste nestrpljivo \u010dekali.<\/p>\n<p><strong>Klju\u010dne rije\u010di:<\/strong> <br \/>Ljubav, snaga, mo\u0107 , duhovi, nadnarave pojave, sablast, sre\u0107a, krinka, mr\u017enja, zavist, strah, pobjeda, dvorac, sve\u0107enik, putovanje <\/p>\n<p><strong>Link:<\/strong> <a target=\"_blank\" href=\"bjelicsinisa.wix.com\/olujnomore%20\" rel=\"noopener\">bjelicsinisa.wix.com\/olujnomore <\/a><\/p>\n<p><strong>E-mail: <\/strong><a href=\"mailto:bjelic.sinisa@gmail.com\">Bjeli\u0107 Sini\u0161a<\/a><a href=\"mailto:bjelic.sinisa@gmail.com\"><\/p>\n<p><\/a><strong>Naslov:<\/strong> Prokletstvo olujnog mora 2;Bruhildina Kletva<br \/><strong>Autor:<\/strong> Sini\u0161a Bjeli\u0107<br \/><strong>Broj stranica:<\/strong> 110<br \/><strong>Nakladnik:<\/strong> REDAK<br \/><strong>Godina izdanja:<\/strong> 2013.<br \/><strong>ISBN:<\/strong> 978-953-336-074-4 (cjelina), 978-953-336-073-7 (2. dio)<br \/><strong>Tisak:<\/strong> digitalni tisak knjiga &#8211; print na zahtjev<\/p>\n","protected":false},"excerpt":{"rendered":"<p>Sa\u017eetak: Dvorac Luskonty i dalje je popri\u0161te zlo\u010dina. S \u010dim se moraju suo\u010diti Patrik i Glorija? Da li \u0107e uspjeti skinuti kletvu Hrama Mr\u017enje, ili \u0107e zauvijek ostati okovan. Djevojka Bruhilda izvor je zla i osvete. \u0160krinja \u010duva tajnu. Mo\u0107 plave ru\u017ee, koju je Bruhilda dobila na dar davno prije od Grangosovog oca Koralija, presudna [&hellip;]<\/p>\n","protected":false},"featured_media":7704,"comment_status":"open","ping_status":"closed","template":"","meta":{"_acf_changed":false},"product_brand":[],"product_cat":[1383,1385],"product_tag":[],"class_list":{"0":"post-7703","1":"product","2":"type-product","3":"status-publish","4":"has-post-thumbnail","6":"product_cat-knjige","7":"product_cat-knjizevnost","8":"pa_autor-sinisa-bjelic","9":"pa_nakladnik-redak","11":"first","12":"instock","13":"shipping-taxable","14":"purchasable","15":"product-type-simple"},"acf":[],"yoast_head":"<!-- This site is optimized with the Yoast SEO plugin v27.3 - https:\/\/yoast.com\/product\/yoast-seo-wordpress\/ -->\n<title>PROKLETSTVO OLUJNOG MORA 2: BRUHILDINA KLETVA, Sini\u0161a Bjeli\u0107 - Web-knji\u017eara<\/title>\n<meta name=\"robots\" content=\"index, follow, max-snippet:-1, max-image-preview:large, max-video-preview:-1\" \/>\n<link rel=\"canonical\" href=\"https:\/\/webknjizara.hr\/proizvod\/prokletstvo-olujnog-mora-2-bruhildina-kletva-sinisa-bjelic\/\" \/>\n<meta property=\"og:locale\" content=\"en_US\" \/>\n<meta property=\"og:type\" content=\"article\" \/>\n<meta property=\"og:title\" content=\"PROKLETSTVO OLUJNOG MORA 2: BRUHILDINA KLETVA, Sini\u0161a Bjeli\u0107 - Web-knji\u017eara\" \/>\n<meta property=\"og:description\" content=\"Sa\u017eetak: Dvorac Luskonty i dalje je popri\u0161te zlo\u010dina. S \u010dim se moraju suo\u010diti Patrik i Glorija? Da li \u0107e uspjeti skinuti kletvu Hrama Mr\u017enje, ili \u0107e zauvijek ostati okovan. Djevojka Bruhilda izvor je zla i osvete. \u0160krinja \u010duva tajnu. Mo\u0107 plave ru\u017ee, koju je Bruhilda dobila na dar davno prije od Grangosovog oca Koralija, presudna [&hellip;]\" \/>\n<meta property=\"og:url\" content=\"https:\/\/webknjizara.hr\/proizvod\/prokletstvo-olujnog-mora-2-bruhildina-kletva-sinisa-bjelic\/\" \/>\n<meta property=\"og:site_name\" content=\"Web-knji\u017eara\" \/>\n<meta property=\"article:modified_time\" content=\"2023-02-26T23:15:58+00:00\" \/>\n<meta property=\"og:image\" content=\"https:\/\/webknjizara.hr\/wp-content\/uploads\/nc\/images\/virtuemart\/product\/prokletstvo-oluj-524afcc312664.jpg\" \/>\n\t<meta property=\"og:image:width\" content=\"350\" \/>\n\t<meta property=\"og:image:height\" content=\"500\" \/>\n\t<meta property=\"og:image:type\" content=\"image\/jpeg\" \/>\n<meta name=\"twitter:card\" content=\"summary_large_image\" \/>\n<meta name=\"twitter:label1\" content=\"Est. reading time\" \/>\n\t<meta name=\"twitter:data1\" content=\"1 minute\" \/>\n<script type=\"application\/ld+json\" class=\"yoast-schema-graph\">{\"@context\":\"https:\\\/\\\/schema.org\",\"@graph\":[{\"@type\":\"WebPage\",\"@id\":\"https:\\\/\\\/webknjizara.hr\\\/proizvod\\\/prokletstvo-olujnog-mora-2-bruhildina-kletva-sinisa-bjelic\\\/\",\"url\":\"https:\\\/\\\/webknjizara.hr\\\/proizvod\\\/prokletstvo-olujnog-mora-2-bruhildina-kletva-sinisa-bjelic\\\/\",\"name\":\"PROKLETSTVO OLUJNOG MORA 2: BRUHILDINA KLETVA, Sini\u0161a Bjeli\u0107 - Web-knji\u017eara\",\"isPartOf\":{\"@id\":\"https:\\\/\\\/webknjizara.hr\\\/#website\"},\"primaryImageOfPage\":{\"@id\":\"https:\\\/\\\/webknjizara.hr\\\/proizvod\\\/prokletstvo-olujnog-mora-2-bruhildina-kletva-sinisa-bjelic\\\/#primaryimage\"},\"image\":{\"@id\":\"https:\\\/\\\/webknjizara.hr\\\/proizvod\\\/prokletstvo-olujnog-mora-2-bruhildina-kletva-sinisa-bjelic\\\/#primaryimage\"},\"thumbnailUrl\":\"https:\\\/\\\/webknjizara.hr\\\/wp-content\\\/uploads\\\/nc\\\/images\\\/virtuemart\\\/product\\\/prokletstvo-oluj-524afcc312664.jpg\",\"datePublished\":\"2013-10-01T16:48:03+00:00\",\"dateModified\":\"2023-02-26T23:15:58+00:00\",\"breadcrumb\":{\"@id\":\"https:\\\/\\\/webknjizara.hr\\\/proizvod\\\/prokletstvo-olujnog-mora-2-bruhildina-kletva-sinisa-bjelic\\\/#breadcrumb\"},\"inLanguage\":\"en-US\",\"potentialAction\":[{\"@type\":\"ReadAction\",\"target\":[\"https:\\\/\\\/webknjizara.hr\\\/proizvod\\\/prokletstvo-olujnog-mora-2-bruhildina-kletva-sinisa-bjelic\\\/\"]}]},{\"@type\":\"ImageObject\",\"inLanguage\":\"en-US\",\"@id\":\"https:\\\/\\\/webknjizara.hr\\\/proizvod\\\/prokletstvo-olujnog-mora-2-bruhildina-kletva-sinisa-bjelic\\\/#primaryimage\",\"url\":\"https:\\\/\\\/webknjizara.hr\\\/wp-content\\\/uploads\\\/nc\\\/images\\\/virtuemart\\\/product\\\/prokletstvo-oluj-524afcc312664.jpg\",\"contentUrl\":\"https:\\\/\\\/webknjizara.hr\\\/wp-content\\\/uploads\\\/nc\\\/images\\\/virtuemart\\\/product\\\/prokletstvo-oluj-524afcc312664.jpg\",\"width\":350,\"height\":500,\"caption\":\"PROKLETSTVO OLUJNOG MORA 2: BRUHILDINA KLETVA, Sini\u0161a Bjeli\u0107\"},{\"@type\":\"BreadcrumbList\",\"@id\":\"https:\\\/\\\/webknjizara.hr\\\/proizvod\\\/prokletstvo-olujnog-mora-2-bruhildina-kletva-sinisa-bjelic\\\/#breadcrumb\",\"itemListElement\":[{\"@type\":\"ListItem\",\"position\":1,\"name\":\"Po\u010detna stranica\",\"item\":\"https:\\\/\\\/webknjizara.hr\\\/en\\\/\"},{\"@type\":\"ListItem\",\"position\":2,\"name\":\"Shop\",\"item\":\"https:\\\/\\\/webknjizara.hr\\\/shop\\\/\"},{\"@type\":\"ListItem\",\"position\":3,\"name\":\"PROKLETSTVO OLUJNOG MORA 2: BRUHILDINA KLETVA, Sini\u0161a Bjeli\u0107\"}]},{\"@type\":\"WebSite\",\"@id\":\"https:\\\/\\\/webknjizara.hr\\\/#website\",\"url\":\"https:\\\/\\\/webknjizara.hr\\\/\",\"name\":\"Web Knji\u017eara\",\"description\":\"\",\"publisher\":{\"@id\":\"https:\\\/\\\/webknjizara.hr\\\/#organization\"},\"potentialAction\":[{\"@type\":\"SearchAction\",\"target\":{\"@type\":\"EntryPoint\",\"urlTemplate\":\"https:\\\/\\\/webknjizara.hr\\\/?s={search_term_string}\"},\"query-input\":{\"@type\":\"PropertyValueSpecification\",\"valueRequired\":true,\"valueName\":\"search_term_string\"}}],\"inLanguage\":\"en-US\"},{\"@type\":\"Organization\",\"@id\":\"https:\\\/\\\/webknjizara.hr\\\/#organization\",\"name\":\"REDAK D.O.O.\",\"url\":\"https:\\\/\\\/webknjizara.hr\\\/\",\"logo\":{\"@type\":\"ImageObject\",\"inLanguage\":\"en-US\",\"@id\":\"https:\\\/\\\/webknjizara.hr\\\/#\\\/schema\\\/logo\\\/image\\\/\",\"url\":\"https:\\\/\\\/webknjizara.hr\\\/wp-content\\\/uploads\\\/2023\\\/01\\\/web-knjizara-logo.webp\",\"contentUrl\":\"https:\\\/\\\/webknjizara.hr\\\/wp-content\\\/uploads\\\/2023\\\/01\\\/web-knjizara-logo.webp\",\"width\":324,\"height\":79,\"caption\":\"REDAK D.O.O.\"},\"image\":{\"@id\":\"https:\\\/\\\/webknjizara.hr\\\/#\\\/schema\\\/logo\\\/image\\\/\"}}]}<\/script>\n<!-- \/ Yoast SEO plugin. -->","yoast_head_json":{"title":"PROKLETSTVO OLUJNOG MORA 2: BRUHILDINA KLETVA, Sini\u0161a Bjeli\u0107 - Web-knji\u017eara","robots":{"index":"index","follow":"follow","max-snippet":"max-snippet:-1","max-image-preview":"max-image-preview:large","max-video-preview":"max-video-preview:-1"},"canonical":"https:\/\/webknjizara.hr\/proizvod\/prokletstvo-olujnog-mora-2-bruhildina-kletva-sinisa-bjelic\/","og_locale":"en_US","og_type":"article","og_title":"PROKLETSTVO OLUJNOG MORA 2: BRUHILDINA KLETVA, Sini\u0161a Bjeli\u0107 - Web-knji\u017eara","og_description":"Sa\u017eetak: Dvorac Luskonty i dalje je popri\u0161te zlo\u010dina. S \u010dim se moraju suo\u010diti Patrik i Glorija? Da li \u0107e uspjeti skinuti kletvu Hrama Mr\u017enje, ili \u0107e zauvijek ostati okovan. Djevojka Bruhilda izvor je zla i osvete. \u0160krinja \u010duva tajnu. Mo\u0107 plave ru\u017ee, koju je Bruhilda dobila na dar davno prije od Grangosovog oca Koralija, presudna [&hellip;]","og_url":"https:\/\/webknjizara.hr\/proizvod\/prokletstvo-olujnog-mora-2-bruhildina-kletva-sinisa-bjelic\/","og_site_name":"Web-knji\u017eara","article_modified_time":"2023-02-26T23:15:58+00:00","og_image":[{"width":350,"height":500,"url":"https:\/\/webknjizara.hr\/wp-content\/uploads\/nc\/images\/virtuemart\/product\/prokletstvo-oluj-524afcc312664.jpg","type":"image\/jpeg"}],"twitter_card":"summary_large_image","twitter_misc":{"Est. reading time":"1 minute"},"schema":{"@context":"https:\/\/schema.org","@graph":[{"@type":"WebPage","@id":"https:\/\/webknjizara.hr\/proizvod\/prokletstvo-olujnog-mora-2-bruhildina-kletva-sinisa-bjelic\/","url":"https:\/\/webknjizara.hr\/proizvod\/prokletstvo-olujnog-mora-2-bruhildina-kletva-sinisa-bjelic\/","name":"PROKLETSTVO OLUJNOG MORA 2: BRUHILDINA KLETVA, Sini\u0161a Bjeli\u0107 - Web-knji\u017eara","isPartOf":{"@id":"https:\/\/webknjizara.hr\/#website"},"primaryImageOfPage":{"@id":"https:\/\/webknjizara.hr\/proizvod\/prokletstvo-olujnog-mora-2-bruhildina-kletva-sinisa-bjelic\/#primaryimage"},"image":{"@id":"https:\/\/webknjizara.hr\/proizvod\/prokletstvo-olujnog-mora-2-bruhildina-kletva-sinisa-bjelic\/#primaryimage"},"thumbnailUrl":"https:\/\/webknjizara.hr\/wp-content\/uploads\/nc\/images\/virtuemart\/product\/prokletstvo-oluj-524afcc312664.jpg","datePublished":"2013-10-01T16:48:03+00:00","dateModified":"2023-02-26T23:15:58+00:00","breadcrumb":{"@id":"https:\/\/webknjizara.hr\/proizvod\/prokletstvo-olujnog-mora-2-bruhildina-kletva-sinisa-bjelic\/#breadcrumb"},"inLanguage":"en-US","potentialAction":[{"@type":"ReadAction","target":["https:\/\/webknjizara.hr\/proizvod\/prokletstvo-olujnog-mora-2-bruhildina-kletva-sinisa-bjelic\/"]}]},{"@type":"ImageObject","inLanguage":"en-US","@id":"https:\/\/webknjizara.hr\/proizvod\/prokletstvo-olujnog-mora-2-bruhildina-kletva-sinisa-bjelic\/#primaryimage","url":"https:\/\/webknjizara.hr\/wp-content\/uploads\/nc\/images\/virtuemart\/product\/prokletstvo-oluj-524afcc312664.jpg","contentUrl":"https:\/\/webknjizara.hr\/wp-content\/uploads\/nc\/images\/virtuemart\/product\/prokletstvo-oluj-524afcc312664.jpg","width":350,"height":500,"caption":"PROKLETSTVO OLUJNOG MORA 2: BRUHILDINA KLETVA, Sini\u0161a Bjeli\u0107"},{"@type":"BreadcrumbList","@id":"https:\/\/webknjizara.hr\/proizvod\/prokletstvo-olujnog-mora-2-bruhildina-kletva-sinisa-bjelic\/#breadcrumb","itemListElement":[{"@type":"ListItem","position":1,"name":"Po\u010detna stranica","item":"https:\/\/webknjizara.hr\/en\/"},{"@type":"ListItem","position":2,"name":"Shop","item":"https:\/\/webknjizara.hr\/shop\/"},{"@type":"ListItem","position":3,"name":"PROKLETSTVO OLUJNOG MORA 2: BRUHILDINA KLETVA, Sini\u0161a Bjeli\u0107"}]},{"@type":"WebSite","@id":"https:\/\/webknjizara.hr\/#website","url":"https:\/\/webknjizara.hr\/","name":"Web Knji\u017eara","description":"","publisher":{"@id":"https:\/\/webknjizara.hr\/#organization"},"potentialAction":[{"@type":"SearchAction","target":{"@type":"EntryPoint","urlTemplate":"https:\/\/webknjizara.hr\/?s={search_term_string}"},"query-input":{"@type":"PropertyValueSpecification","valueRequired":true,"valueName":"search_term_string"}}],"inLanguage":"en-US"},{"@type":"Organization","@id":"https:\/\/webknjizara.hr\/#organization","name":"REDAK D.O.O.","url":"https:\/\/webknjizara.hr\/","logo":{"@type":"ImageObject","inLanguage":"en-US","@id":"https:\/\/webknjizara.hr\/#\/schema\/logo\/image\/","url":"https:\/\/webknjizara.hr\/wp-content\/uploads\/2023\/01\/web-knjizara-logo.webp","contentUrl":"https:\/\/webknjizara.hr\/wp-content\/uploads\/2023\/01\/web-knjizara-logo.webp","width":324,"height":79,"caption":"REDAK D.O.O."},"image":{"@id":"https:\/\/webknjizara.hr\/#\/schema\/logo\/image\/"}}]}},"_links":{"self":[{"href":"https:\/\/webknjizara.hr\/en\/wp-json\/wp\/v2\/product\/7703","targetHints":{"allow":["GET"]}}],"collection":[{"href":"https:\/\/webknjizara.hr\/en\/wp-json\/wp\/v2\/product"}],"about":[{"href":"https:\/\/webknjizara.hr\/en\/wp-json\/wp\/v2\/types\/product"}],"replies":[{"embeddable":true,"href":"https:\/\/webknjizara.hr\/en\/wp-json\/wp\/v2\/comments?post=7703"}],"wp:featuredmedia":[{"embeddable":true,"href":"https:\/\/webknjizara.hr\/en\/wp-json\/wp\/v2\/media\/7704"}],"wp:attachment":[{"href":"https:\/\/webknjizara.hr\/en\/wp-json\/wp\/v2\/media?parent=7703"}],"wp:term":[{"taxonomy":"product_brand","embeddable":true,"href":"https:\/\/webknjizara.hr\/en\/wp-json\/wp\/v2\/product_brand?post=7703"},{"taxonomy":"product_cat","embeddable":true,"href":"https:\/\/webknjizara.hr\/en\/wp-json\/wp\/v2\/product_cat?post=7703"},{"taxonomy":"product_tag","embeddable":true,"href":"https:\/\/webknjizara.hr\/en\/wp-json\/wp\/v2\/product_tag?post=7703"}],"curies":[{"name":"wp","href":"https:\/\/api.w.org\/{rel}","templated":true}]}}