{"id":7697,"date":"2013-09-05T16:20:20","date_gmt":"2013-09-05T16:20:20","guid":{"rendered":"https:\/\/webknjizara.hr\/?product=umijece-igre-igniss"},"modified":"2023-02-27T00:15:58","modified_gmt":"2023-02-26T23:15:58","slug":"umijece-igre-igniss","status":"publish","type":"product","link":"https:\/\/webknjizara.hr\/en\/proizvod\/umijece-igre-igniss\/","title":{"rendered":"UMIJE\u0106E IGRE, Igniss"},"content":{"rendered":"<p style=\"text-align: justify;\"><strong><br \/>Sa\u017eetak:<\/p>\n<p><em>&#8220;Umije\u0107e igre&#8221;<\/em><\/strong> je dugo o\u010dekivani Ignissov uradak: potpuni vodi\u010d zavo\u0111enja za mu\u0161karce, od po\u010detka do kraja.\u00a0<\/p>\n<p><a href=\"https:\/\/webknjizara.hr\/wp-content\/uploads\/slike\/originals\/sadrzaj_1.jpg\" rel=\"gallery[1378416223] noopener\" target=\"_blank\"><img decoding=\"async\" src=\"https:\/\/webknjizara.hr\/wp-content\/uploads\/slike\/originals\/sadrzaj_1.jpg\" alt=\"alt\" \/><\/a><a href=\"https:\/\/webknjizara.hr\/wp-content\/uploads\/slike\/originals\/sadrzaj_2.jpg\" rel=\"gallery[1378416223] noopener\" target=\"_blank\"><img decoding=\"async\" src=\"https:\/\/webknjizara.hr\/wp-content\/uploads\/slike\/originals\/sadrzaj_2.jpg\" alt=\"alt\" \/><\/a><a href=\"https:\/\/webknjizara.hr\/wp-content\/uploads\/slike\/originals\/sadrzaj_3.jpg\" rel=\"gallery[1378416223] noopener\" target=\"_blank\"><img decoding=\"async\" src=\"https:\/\/webknjizara.hr\/wp-content\/uploads\/slike\/originals\/sadrzaj_3.jpg\" alt=\"alt\" \/><\/a><a href=\"https:\/\/webknjizara.hr\/wp-content\/uploads\/slike\/originals\/sadrzaj_4.jpg\" rel=\"gallery[1378416223] noopener\" target=\"_blank\"><img decoding=\"async\" src=\"https:\/\/webknjizara.hr\/wp-content\/uploads\/slike\/originals\/sadrzaj_4.jpg\" alt=\"alt\" \/><\/a><\/p>\n<p style=\"text-align: justify;\">Knjiga te\u010de poput jedne velike pri\u010de koju je vrlo lako slijediti od po\u010detka do kraja. Modularna struktura s preko 40 uokvirenih dodataka omogu\u0107ava brz i jasan pregled stvari na koje treba paziti, iznimki i neobi\u010dnih slu\u010dajeva, te izvla\u010denje korisnih stvari bez obzira na prija\u0161nju razinu iskustva i karakterne osobine pojedinca.<\/p>\n<p style=\"text-align: justify;\"><em>&#8220;Umije\u0107e igre&#8221;<\/em> nije knjiga za \u017eene, iako je autoru drago da se \u017eene educiraju o tome \u0161to mu\u0161karci moraju pro\u0107i kako bi ih osvojili, za\u0161to stvari funkcioniraju tako, te na koji na\u010din mu\u0161karci tuma\u010de neke njihove akcije.<strong><\/strong><\/p>\n<p style=\"text-align: justify;\">Iako autorov blog ima skoro pola tisu\u0107e \u010dlanaka (od \u010dega otprilike polovicu u obliku korisnih savjeta za mu\u0161karce) i lako bi sam ispunio jednu opse\u017enu monografiju, knjige &#8220;Umije\u0107e igre&#8221; NIJE KOLEKCIJA \u010cLANAKA S BLOGA.<strong> <\/strong>Knjiga se sastoji velikom ve\u0107inom od originalnog materijala pisanog tako da prilagodljivo prati prosje\u010dan tok zavo\u0111enja. Dijelovi preneseni s bloga &#8211; obra\u0111eni, modificirani, uklopljeni u ostali materijal ili kopirani ako koncept apsolutno nije bilo mogu\u0107e druk\u010dije opisati &#8211; ne \u010dine vi\u0161e od 25% knjige.<strong><\/strong><\/p>\n<p style=\"text-align: justify;\">\u0160to ka\u017eu \u010ditatelji? Evo nekih reakcija (za\u0161ti\u0107enih poput likova iz filma Reseroir Dogs):<\/p>\n<p><i><b>&#8220;Knjiga je super, kao \u0161to sam i o\u010dekivao.&#8221;<\/b> &#8211; \u010ditatelj P<\/i><\/p>\n<p><i><b>&#8220;Moram ti se pohvaliti, pratio sam uputstva iz knjige i smuvao devojku iz odma!&#8221;<\/b> &#8211; \u010citatelj &#8216;D&#8217;<\/i><strong> <\/p>\n<p>Bilje\u0161ka o autoru:<\/strong><\/p>\n<p>Igniss jo\u0161 od ljeta 2011. polarizira javnost svojim sociolo\u0161kim analizama mu\u0161ko-\u017eenskih odnosa, feminizma i popularnih mitova o ljubavi, seksu i spolovima. Unutar samo pola godine od svog po\u010detka, blog je stekao \u0161iroku prepoznatljivost na podru\u010dju biv\u0161e Jugoslavije i ra\u0161irio se najvi\u0161e osobnim preporukama onih kojima je pomogao. Podr\u0161ka stotina ljudi (oba spola!) koji su prepoznali kvalitetu savjeta i pohvalili originalnost i iskrenost bloga su najve\u0107a nagrada i ono \u0161to odr\u017eava autora u borbi protiv trollova s margina dru\u0161tva koje vrije\u0111a podizanje ti\u0161ine s ove teme. Njegove \u010dlanke prenijeli su drugi blogovi, forumi i \u010dak i neki stilski magazini. Osim igre, Igniss se bavi pisanjem fikcije, kuhanjem, plesom i origamijem, a govori 3 jezika. <\/p>\n<p><strong>Klju\u010dne rije\u010di:<\/strong><br \/>igra, zavo\u0111enje, igra\u010d, zavodnik, romantika, ljubav, seks, biv\u0161a, barenje, kuvanje, osvajanje, izlasci, komunikacija, upad, spoj, veza, brak, samopouzdanje, \u017eene, mu\u0161karci, igniss, umije\u0107e igre, igniss blog, roosh, roissy, ljubavni savjeti, poljubac <\/p>\n<p><strong>Link:<\/strong><a target=\"_blank\" href=\"http:\/\/igniss.blog.hr\" rel=\"noopener\">igniss.blog.hr<\/a><br \/><strong>E-mail:\u00a0<\/strong><a href=\"mailto:ignissblog@yahoo.com?subject=Knjiga\">Igniss<\/p>\n<p><\/a><strong>Naslov:<\/strong> Umije\u0107e Igre<br \/><strong>Autor:<\/strong> Igniss<br \/><strong>Broj stranica:<\/strong> 178<br \/><strong>Nakladnik:<\/strong> REDAK<br \/><strong>Godina izdanja:<\/strong> 2013.<br \/><strong>ISBN:<\/strong> 978-953-336-076-8<br \/><strong>Tisak:<\/strong> digitalni tisak knjiga &#8211; print na zahtjev<\/p>\n<hr \/>\n<p style=\"text-align: justify;\"><strong>Kako naru\u010diti knjigu?\u00a0<\/strong>Proces online kupovine jednako funkcionira za sve kupce, s jedinom razlikom u tome \u0161to \u0161to kupci iz inozemstva za podru\u010dje dostave moraju odabrati &#8220;Europa&#8221; ili &#8220;Ostale zemlje svijeta&#8221;, a za vrstu pla\u0107anja WSPay (kreditna kartica) ili Virmanom (bankovni transfer).<\/p>\n<p style=\"text-align: justify;\">Molimo kliknite ovdje za\u00a0<a href=\"hr\/kako-kupovati\" target=\"_blank\" rel=\"noopener\">detaljni vodi\u010d kroz proces narud\u017ebe<\/a>\u00a0ili nas\u00a0<a href=\"hr\/kontakt\" target=\"_blank\" rel=\"noopener\">kontaktirajte<\/a>\u00a0za vi\u0161e informacija.<\/p>\n","protected":false},"excerpt":{"rendered":"<p>Sa\u017eetak: &#8220;Umije\u0107e igre&#8221; je dugo o\u010dekivani Ignissov uradak: potpuni vodi\u010d zavo\u0111enja za mu\u0161karce, od po\u010detka do kraja.\u00a0 Knjiga te\u010de poput jedne velike pri\u010de koju je vrlo lako slijediti od po\u010detka do kraja. Modularna struktura s preko 40 uokvirenih dodataka omogu\u0107ava brz i jasan pregled stvari na koje treba paziti, iznimki i neobi\u010dnih slu\u010dajeva, te izvla\u010denje [&hellip;]<\/p>\n","protected":false},"featured_media":7698,"comment_status":"open","ping_status":"closed","template":"","meta":{"_acf_changed":false},"product_brand":[],"product_cat":[1517],"product_tag":[],"class_list":{"0":"post-7697","1":"product","2":"type-product","3":"status-publish","4":"has-post-thumbnail","6":"product_cat-strucna-literatura","7":"pa_autor-igniss","8":"pa_nakladnik-redak","10":"first","11":"instock","12":"shipping-taxable","13":"purchasable","14":"product-type-simple"},"acf":[],"yoast_head":"<!-- This site is optimized with the Yoast SEO plugin v27.3 - https:\/\/yoast.com\/product\/yoast-seo-wordpress\/ -->\n<title>UMIJE\u0106E IGRE, Igniss - Web-knji\u017eara<\/title>\n<meta name=\"robots\" content=\"index, follow, max-snippet:-1, max-image-preview:large, max-video-preview:-1\" \/>\n<link rel=\"canonical\" href=\"https:\/\/webknjizara.hr\/proizvod\/umijece-igre-igniss\/\" \/>\n<meta property=\"og:locale\" content=\"en_US\" \/>\n<meta property=\"og:type\" content=\"article\" \/>\n<meta property=\"og:title\" content=\"UMIJE\u0106E IGRE, Igniss - Web-knji\u017eara\" \/>\n<meta property=\"og:description\" content=\"Sa\u017eetak: &#8220;Umije\u0107e igre&#8221; je dugo o\u010dekivani Ignissov uradak: potpuni vodi\u010d zavo\u0111enja za mu\u0161karce, od po\u010detka do kraja.\u00a0 Knjiga te\u010de poput jedne velike pri\u010de koju je vrlo lako slijediti od po\u010detka do kraja. Modularna struktura s preko 40 uokvirenih dodataka omogu\u0107ava brz i jasan pregled stvari na koje treba paziti, iznimki i neobi\u010dnih slu\u010dajeva, te izvla\u010denje [&hellip;]\" \/>\n<meta property=\"og:url\" content=\"https:\/\/webknjizara.hr\/proizvod\/umijece-igre-igniss\/\" \/>\n<meta property=\"og:site_name\" content=\"Web-knji\u017eara\" \/>\n<meta property=\"article:modified_time\" content=\"2023-02-26T23:15:58+00:00\" \/>\n<meta property=\"og:image\" content=\"https:\/\/webknjizara.hr\/wp-content\/uploads\/nc\/images\/virtuemart\/product\/umije-e-igre-i-5228af44113c0.jpg\" \/>\n\t<meta property=\"og:image:width\" content=\"350\" \/>\n\t<meta property=\"og:image:height\" content=\"500\" \/>\n\t<meta property=\"og:image:type\" content=\"image\/jpeg\" \/>\n<meta name=\"twitter:card\" content=\"summary_large_image\" \/>\n<meta name=\"twitter:label1\" content=\"Est. reading time\" \/>\n\t<meta name=\"twitter:data1\" content=\"3 minutes\" \/>\n<script type=\"application\/ld+json\" class=\"yoast-schema-graph\">{\"@context\":\"https:\\\/\\\/schema.org\",\"@graph\":[{\"@type\":\"WebPage\",\"@id\":\"https:\\\/\\\/webknjizara.hr\\\/proizvod\\\/umijece-igre-igniss\\\/\",\"url\":\"https:\\\/\\\/webknjizara.hr\\\/proizvod\\\/umijece-igre-igniss\\\/\",\"name\":\"UMIJE\u0106E IGRE, Igniss - Web-knji\u017eara\",\"isPartOf\":{\"@id\":\"https:\\\/\\\/webknjizara.hr\\\/#website\"},\"primaryImageOfPage\":{\"@id\":\"https:\\\/\\\/webknjizara.hr\\\/proizvod\\\/umijece-igre-igniss\\\/#primaryimage\"},\"image\":{\"@id\":\"https:\\\/\\\/webknjizara.hr\\\/proizvod\\\/umijece-igre-igniss\\\/#primaryimage\"},\"thumbnailUrl\":\"https:\\\/\\\/webknjizara.hr\\\/wp-content\\\/uploads\\\/nc\\\/images\\\/virtuemart\\\/product\\\/umije-e-igre-i-5228af44113c0.jpg\",\"datePublished\":\"2013-09-05T16:20:20+00:00\",\"dateModified\":\"2023-02-26T23:15:58+00:00\",\"breadcrumb\":{\"@id\":\"https:\\\/\\\/webknjizara.hr\\\/proizvod\\\/umijece-igre-igniss\\\/#breadcrumb\"},\"inLanguage\":\"en-US\",\"potentialAction\":[{\"@type\":\"ReadAction\",\"target\":[\"https:\\\/\\\/webknjizara.hr\\\/proizvod\\\/umijece-igre-igniss\\\/\"]}]},{\"@type\":\"ImageObject\",\"inLanguage\":\"en-US\",\"@id\":\"https:\\\/\\\/webknjizara.hr\\\/proizvod\\\/umijece-igre-igniss\\\/#primaryimage\",\"url\":\"https:\\\/\\\/webknjizara.hr\\\/wp-content\\\/uploads\\\/nc\\\/images\\\/virtuemart\\\/product\\\/umije-e-igre-i-5228af44113c0.jpg\",\"contentUrl\":\"https:\\\/\\\/webknjizara.hr\\\/wp-content\\\/uploads\\\/nc\\\/images\\\/virtuemart\\\/product\\\/umije-e-igre-i-5228af44113c0.jpg\",\"width\":350,\"height\":500,\"caption\":\"UMIJE\u0106E IGRE, Igniss\"},{\"@type\":\"BreadcrumbList\",\"@id\":\"https:\\\/\\\/webknjizara.hr\\\/proizvod\\\/umijece-igre-igniss\\\/#breadcrumb\",\"itemListElement\":[{\"@type\":\"ListItem\",\"position\":1,\"name\":\"Po\u010detna stranica\",\"item\":\"https:\\\/\\\/webknjizara.hr\\\/en\\\/\"},{\"@type\":\"ListItem\",\"position\":2,\"name\":\"Shop\",\"item\":\"https:\\\/\\\/webknjizara.hr\\\/shop\\\/\"},{\"@type\":\"ListItem\",\"position\":3,\"name\":\"UMIJE\u0106E IGRE, Igniss\"}]},{\"@type\":\"WebSite\",\"@id\":\"https:\\\/\\\/webknjizara.hr\\\/#website\",\"url\":\"https:\\\/\\\/webknjizara.hr\\\/\",\"name\":\"Web Knji\u017eara\",\"description\":\"\",\"publisher\":{\"@id\":\"https:\\\/\\\/webknjizara.hr\\\/#organization\"},\"potentialAction\":[{\"@type\":\"SearchAction\",\"target\":{\"@type\":\"EntryPoint\",\"urlTemplate\":\"https:\\\/\\\/webknjizara.hr\\\/?s={search_term_string}\"},\"query-input\":{\"@type\":\"PropertyValueSpecification\",\"valueRequired\":true,\"valueName\":\"search_term_string\"}}],\"inLanguage\":\"en-US\"},{\"@type\":\"Organization\",\"@id\":\"https:\\\/\\\/webknjizara.hr\\\/#organization\",\"name\":\"REDAK D.O.O.\",\"url\":\"https:\\\/\\\/webknjizara.hr\\\/\",\"logo\":{\"@type\":\"ImageObject\",\"inLanguage\":\"en-US\",\"@id\":\"https:\\\/\\\/webknjizara.hr\\\/#\\\/schema\\\/logo\\\/image\\\/\",\"url\":\"https:\\\/\\\/webknjizara.hr\\\/wp-content\\\/uploads\\\/2023\\\/01\\\/web-knjizara-logo.webp\",\"contentUrl\":\"https:\\\/\\\/webknjizara.hr\\\/wp-content\\\/uploads\\\/2023\\\/01\\\/web-knjizara-logo.webp\",\"width\":324,\"height\":79,\"caption\":\"REDAK D.O.O.\"},\"image\":{\"@id\":\"https:\\\/\\\/webknjizara.hr\\\/#\\\/schema\\\/logo\\\/image\\\/\"}}]}<\/script>\n<!-- \/ Yoast SEO plugin. -->","yoast_head_json":{"title":"UMIJE\u0106E IGRE, Igniss - Web-knji\u017eara","robots":{"index":"index","follow":"follow","max-snippet":"max-snippet:-1","max-image-preview":"max-image-preview:large","max-video-preview":"max-video-preview:-1"},"canonical":"https:\/\/webknjizara.hr\/proizvod\/umijece-igre-igniss\/","og_locale":"en_US","og_type":"article","og_title":"UMIJE\u0106E IGRE, Igniss - Web-knji\u017eara","og_description":"Sa\u017eetak: &#8220;Umije\u0107e igre&#8221; je dugo o\u010dekivani Ignissov uradak: potpuni vodi\u010d zavo\u0111enja za mu\u0161karce, od po\u010detka do kraja.\u00a0 Knjiga te\u010de poput jedne velike pri\u010de koju je vrlo lako slijediti od po\u010detka do kraja. Modularna struktura s preko 40 uokvirenih dodataka omogu\u0107ava brz i jasan pregled stvari na koje treba paziti, iznimki i neobi\u010dnih slu\u010dajeva, te izvla\u010denje [&hellip;]","og_url":"https:\/\/webknjizara.hr\/proizvod\/umijece-igre-igniss\/","og_site_name":"Web-knji\u017eara","article_modified_time":"2023-02-26T23:15:58+00:00","og_image":[{"width":350,"height":500,"url":"https:\/\/webknjizara.hr\/wp-content\/uploads\/nc\/images\/virtuemart\/product\/umije-e-igre-i-5228af44113c0.jpg","type":"image\/jpeg"}],"twitter_card":"summary_large_image","twitter_misc":{"Est. reading time":"3 minutes"},"schema":{"@context":"https:\/\/schema.org","@graph":[{"@type":"WebPage","@id":"https:\/\/webknjizara.hr\/proizvod\/umijece-igre-igniss\/","url":"https:\/\/webknjizara.hr\/proizvod\/umijece-igre-igniss\/","name":"UMIJE\u0106E IGRE, Igniss - Web-knji\u017eara","isPartOf":{"@id":"https:\/\/webknjizara.hr\/#website"},"primaryImageOfPage":{"@id":"https:\/\/webknjizara.hr\/proizvod\/umijece-igre-igniss\/#primaryimage"},"image":{"@id":"https:\/\/webknjizara.hr\/proizvod\/umijece-igre-igniss\/#primaryimage"},"thumbnailUrl":"https:\/\/webknjizara.hr\/wp-content\/uploads\/nc\/images\/virtuemart\/product\/umije-e-igre-i-5228af44113c0.jpg","datePublished":"2013-09-05T16:20:20+00:00","dateModified":"2023-02-26T23:15:58+00:00","breadcrumb":{"@id":"https:\/\/webknjizara.hr\/proizvod\/umijece-igre-igniss\/#breadcrumb"},"inLanguage":"en-US","potentialAction":[{"@type":"ReadAction","target":["https:\/\/webknjizara.hr\/proizvod\/umijece-igre-igniss\/"]}]},{"@type":"ImageObject","inLanguage":"en-US","@id":"https:\/\/webknjizara.hr\/proizvod\/umijece-igre-igniss\/#primaryimage","url":"https:\/\/webknjizara.hr\/wp-content\/uploads\/nc\/images\/virtuemart\/product\/umije-e-igre-i-5228af44113c0.jpg","contentUrl":"https:\/\/webknjizara.hr\/wp-content\/uploads\/nc\/images\/virtuemart\/product\/umije-e-igre-i-5228af44113c0.jpg","width":350,"height":500,"caption":"UMIJE\u0106E IGRE, Igniss"},{"@type":"BreadcrumbList","@id":"https:\/\/webknjizara.hr\/proizvod\/umijece-igre-igniss\/#breadcrumb","itemListElement":[{"@type":"ListItem","position":1,"name":"Po\u010detna stranica","item":"https:\/\/webknjizara.hr\/en\/"},{"@type":"ListItem","position":2,"name":"Shop","item":"https:\/\/webknjizara.hr\/shop\/"},{"@type":"ListItem","position":3,"name":"UMIJE\u0106E IGRE, Igniss"}]},{"@type":"WebSite","@id":"https:\/\/webknjizara.hr\/#website","url":"https:\/\/webknjizara.hr\/","name":"Web Knji\u017eara","description":"","publisher":{"@id":"https:\/\/webknjizara.hr\/#organization"},"potentialAction":[{"@type":"SearchAction","target":{"@type":"EntryPoint","urlTemplate":"https:\/\/webknjizara.hr\/?s={search_term_string}"},"query-input":{"@type":"PropertyValueSpecification","valueRequired":true,"valueName":"search_term_string"}}],"inLanguage":"en-US"},{"@type":"Organization","@id":"https:\/\/webknjizara.hr\/#organization","name":"REDAK D.O.O.","url":"https:\/\/webknjizara.hr\/","logo":{"@type":"ImageObject","inLanguage":"en-US","@id":"https:\/\/webknjizara.hr\/#\/schema\/logo\/image\/","url":"https:\/\/webknjizara.hr\/wp-content\/uploads\/2023\/01\/web-knjizara-logo.webp","contentUrl":"https:\/\/webknjizara.hr\/wp-content\/uploads\/2023\/01\/web-knjizara-logo.webp","width":324,"height":79,"caption":"REDAK D.O.O."},"image":{"@id":"https:\/\/webknjizara.hr\/#\/schema\/logo\/image\/"}}]}},"_links":{"self":[{"href":"https:\/\/webknjizara.hr\/en\/wp-json\/wp\/v2\/product\/7697","targetHints":{"allow":["GET"]}}],"collection":[{"href":"https:\/\/webknjizara.hr\/en\/wp-json\/wp\/v2\/product"}],"about":[{"href":"https:\/\/webknjizara.hr\/en\/wp-json\/wp\/v2\/types\/product"}],"replies":[{"embeddable":true,"href":"https:\/\/webknjizara.hr\/en\/wp-json\/wp\/v2\/comments?post=7697"}],"wp:featuredmedia":[{"embeddable":true,"href":"https:\/\/webknjizara.hr\/en\/wp-json\/wp\/v2\/media\/7698"}],"wp:attachment":[{"href":"https:\/\/webknjizara.hr\/en\/wp-json\/wp\/v2\/media?parent=7697"}],"wp:term":[{"taxonomy":"product_brand","embeddable":true,"href":"https:\/\/webknjizara.hr\/en\/wp-json\/wp\/v2\/product_brand?post=7697"},{"taxonomy":"product_cat","embeddable":true,"href":"https:\/\/webknjizara.hr\/en\/wp-json\/wp\/v2\/product_cat?post=7697"},{"taxonomy":"product_tag","embeddable":true,"href":"https:\/\/webknjizara.hr\/en\/wp-json\/wp\/v2\/product_tag?post=7697"}],"curies":[{"name":"wp","href":"https:\/\/api.w.org\/{rel}","templated":true}]}}