{"id":7691,"date":"2013-09-03T19:58:34","date_gmt":"2013-09-03T19:58:34","guid":{"rendered":"https:\/\/webknjizara.hr\/?product=business-communication-skills-daniela-cecic"},"modified":"2023-02-27T00:15:57","modified_gmt":"2023-02-26T23:15:57","slug":"business-communication-skills-daniela-cecic","status":"publish","type":"product","link":"https:\/\/webknjizara.hr\/en\/proizvod\/business-communication-skills-daniela-cecic\/","title":{"rendered":"BUSINESS COMMUNICATION SKILLS, Daniela Ceci\u0107"},"content":{"rendered":"<p style=\"text-align: justify;\"><strong><br \/>Sa\u017eetak:<br \/><\/strong><br \/>Priru\u010dnik nudi 6 poglavlja o poslovnom engleskom sa \u0161tivom, vje\u017ebama i rje\u0161enjima: kako ispuniti obrazac zahtjeva za posao, napisati poslovni e-mail, pristupiti poslovnom pregovaranju, napisati \u017eivotopis i popratno pismo i dati prezentaciju. Knjiga je pisana na engleskom jeziku<\/p>\n<p><em>The book offers 6 chapters about Business English: application forms, e-mails, negotiations, CV and cover letter and presentations. It contains readings, exercises and keys. The book is written in English.<\/em><\/p>\n<p><strong>Bilje\u0161ka o autoricama:<\/strong><\/p>\n<p><strong>Daniela Cecic:<\/strong><\/p>\n<p style=\"text-align: justify;\">Profesor Engleskog jezika na Fakultetu Las Palmas de Gran Canaria, \u0160panjolska, Koordinator za British Council za IELTS u Gran Canaria i Edexcel inspector za Kanarsko otocje. Doktoralni kurs na pedago\u0161kom fakultetu Las Palmas de Gran Canaria, Master u obrazovnim napretcima, nastavi i psihopedagogiji na fakultetu Las Palmas de Gran Canaria, CELTA fakulteta Cambridge i Diploma za predavanje poslovnog engleskog London, Gospodarska komora<\/p>\n<p style=\"text-align: justify;\"><em>Part \u2013time Lecturer in English Language, Department of Modern Philology, Universidad de Las Palmas de Gran Canaria (Spain), British Council Coordinator for IELTS for Gran Canaria and Edexcel inspector for Canary Islands <\/em><br \/><em>Doctorate course at Teacher Training Faculty, Las Palmas de Gran Canaria, MA in Educational Processes, Teaching and Psychopedagogy, Las Palmas de Gran Canaria, Spain, CELTA by the University of Cambridge and Further Certificate for Teachers of Business English, London Chamber of Commerce<\/em><\/p>\n<p style=\"text-align: justify;\"><strong>Maria Esther Rodriguez Gil:<\/strong><\/p>\n<p style=\"text-align: justify;\">Profesor Engleskog jezika na Fakultetu Las Palmas de Gran Canaria, \u0161panjolska, dr.sc. za englesku filologiju Fakultet Las Palmas de Gran Canaria, Master u predavanju engleskog jezika i Master u knji\u017eevnosti Fakultet Newcastle upon Tyne<\/p>\n<p style=\"text-align: justify;\"><em>Part \u2013time Lecturer in English Language, Department of Modern Philology, Universidad de Las Palmas de Gran Canaria, PhD in English Philology, Universidad de Las Palmas de Gran Canaria, MA in the teaching of English as a foreign language, Universidad de Las Palmas de Gran Canaria, MLitt in English Language, University of Newcastle upon Tyne<\/p>\n<p><\/em><strong>Klju\u010dne rije\u010di:<\/strong> <br \/>Business, communication, skills, emails, negotiation, presentations, CV, cover letter, application forms<\/p>\n<p><strong>E-mail:<\/strong> <a href=\"mailto:dcecic@dfm.ulpgc.es\">Daniela Ceci\u0107<\/a><\/p>\n<p><strong>Naslov:<\/strong> Business communication skills<br \/><strong>Autor:<\/strong> Daniela Ceci\u0107<br \/><strong>Broj stranica:<\/strong> 140<br \/><strong>Nakladnik:<\/strong> REDAK<br \/><strong>Godina izdanja:<\/strong> 2013.<br \/><strong>ISBN:<\/strong> 978-953-336-075-1<br \/><strong>Tisak:<\/strong> digitalni tisak knjiga &#8211; print na zahtjev<\/p>\n","protected":false},"excerpt":{"rendered":"<p>Sa\u017eetak:Priru\u010dnik nudi 6 poglavlja o poslovnom engleskom sa \u0161tivom, vje\u017ebama i rje\u0161enjima: kako ispuniti obrazac zahtjeva za posao, napisati poslovni e-mail, pristupiti poslovnom pregovaranju, napisati \u017eivotopis i popratno pismo i dati prezentaciju. Knjiga je pisana na engleskom jeziku The book offers 6 chapters about Business English: application forms, e-mails, negotiations, CV and cover letter and [&hellip;]<\/p>\n","protected":false},"featured_media":7692,"comment_status":"open","ping_status":"closed","template":"","meta":{"_acf_changed":false},"product_brand":[],"product_cat":[1517],"product_tag":[],"class_list":{"0":"post-7691","1":"product","2":"type-product","3":"status-publish","4":"has-post-thumbnail","6":"product_cat-strucna-literatura","7":"pa_nakladnik-redak","9":"first","10":"instock","11":"shipping-taxable","12":"purchasable","13":"product-type-simple"},"acf":[],"yoast_head":"<!-- This site is optimized with the Yoast SEO plugin v27.3 - https:\/\/yoast.com\/product\/yoast-seo-wordpress\/ -->\n<title>BUSINESS COMMUNICATION SKILLS, Daniela Ceci\u0107 - Web-knji\u017eara<\/title>\n<meta name=\"robots\" content=\"index, follow, max-snippet:-1, max-image-preview:large, max-video-preview:-1\" \/>\n<link rel=\"canonical\" href=\"https:\/\/webknjizara.hr\/proizvod\/business-communication-skills-daniela-cecic\/\" \/>\n<meta property=\"og:locale\" content=\"en_US\" \/>\n<meta property=\"og:type\" content=\"article\" \/>\n<meta property=\"og:title\" content=\"BUSINESS COMMUNICATION SKILLS, Daniela Ceci\u0107 - Web-knji\u017eara\" \/>\n<meta property=\"og:description\" content=\"Sa\u017eetak:Priru\u010dnik nudi 6 poglavlja o poslovnom engleskom sa \u0161tivom, vje\u017ebama i rje\u0161enjima: kako ispuniti obrazac zahtjeva za posao, napisati poslovni e-mail, pristupiti poslovnom pregovaranju, napisati \u017eivotopis i popratno pismo i dati prezentaciju. Knjiga je pisana na engleskom jeziku The book offers 6 chapters about Business English: application forms, e-mails, negotiations, CV and cover letter and [&hellip;]\" \/>\n<meta property=\"og:url\" content=\"https:\/\/webknjizara.hr\/proizvod\/business-communication-skills-daniela-cecic\/\" \/>\n<meta property=\"og:site_name\" content=\"Web-knji\u017eara\" \/>\n<meta property=\"article:modified_time\" content=\"2023-02-26T23:15:57+00:00\" \/>\n<meta property=\"og:image\" content=\"https:\/\/webknjizara.hr\/wp-content\/uploads\/nc\/images\/virtuemart\/product\/business-communi-52263f6a4ae69.jpg\" \/>\n\t<meta property=\"og:image:width\" content=\"358\" \/>\n\t<meta property=\"og:image:height\" content=\"500\" \/>\n\t<meta property=\"og:image:type\" content=\"image\/jpeg\" \/>\n<meta name=\"twitter:card\" content=\"summary_large_image\" \/>\n<meta name=\"twitter:label1\" content=\"Est. reading time\" \/>\n\t<meta name=\"twitter:data1\" content=\"2 minutes\" \/>\n<script type=\"application\/ld+json\" class=\"yoast-schema-graph\">{\"@context\":\"https:\\\/\\\/schema.org\",\"@graph\":[{\"@type\":\"WebPage\",\"@id\":\"https:\\\/\\\/webknjizara.hr\\\/proizvod\\\/business-communication-skills-daniela-cecic\\\/\",\"url\":\"https:\\\/\\\/webknjizara.hr\\\/proizvod\\\/business-communication-skills-daniela-cecic\\\/\",\"name\":\"BUSINESS COMMUNICATION SKILLS, Daniela Ceci\u0107 - Web-knji\u017eara\",\"isPartOf\":{\"@id\":\"https:\\\/\\\/webknjizara.hr\\\/#website\"},\"primaryImageOfPage\":{\"@id\":\"https:\\\/\\\/webknjizara.hr\\\/proizvod\\\/business-communication-skills-daniela-cecic\\\/#primaryimage\"},\"image\":{\"@id\":\"https:\\\/\\\/webknjizara.hr\\\/proizvod\\\/business-communication-skills-daniela-cecic\\\/#primaryimage\"},\"thumbnailUrl\":\"https:\\\/\\\/webknjizara.hr\\\/wp-content\\\/uploads\\\/nc\\\/images\\\/virtuemart\\\/product\\\/business-communi-52263f6a4ae69.jpg\",\"datePublished\":\"2013-09-03T19:58:34+00:00\",\"dateModified\":\"2023-02-26T23:15:57+00:00\",\"breadcrumb\":{\"@id\":\"https:\\\/\\\/webknjizara.hr\\\/proizvod\\\/business-communication-skills-daniela-cecic\\\/#breadcrumb\"},\"inLanguage\":\"en-US\",\"potentialAction\":[{\"@type\":\"ReadAction\",\"target\":[\"https:\\\/\\\/webknjizara.hr\\\/proizvod\\\/business-communication-skills-daniela-cecic\\\/\"]}]},{\"@type\":\"ImageObject\",\"inLanguage\":\"en-US\",\"@id\":\"https:\\\/\\\/webknjizara.hr\\\/proizvod\\\/business-communication-skills-daniela-cecic\\\/#primaryimage\",\"url\":\"https:\\\/\\\/webknjizara.hr\\\/wp-content\\\/uploads\\\/nc\\\/images\\\/virtuemart\\\/product\\\/business-communi-52263f6a4ae69.jpg\",\"contentUrl\":\"https:\\\/\\\/webknjizara.hr\\\/wp-content\\\/uploads\\\/nc\\\/images\\\/virtuemart\\\/product\\\/business-communi-52263f6a4ae69.jpg\",\"width\":358,\"height\":500,\"caption\":\"BUSINESS COMMUNICATION SKILLS, Daniela Ceci\u0107\"},{\"@type\":\"BreadcrumbList\",\"@id\":\"https:\\\/\\\/webknjizara.hr\\\/proizvod\\\/business-communication-skills-daniela-cecic\\\/#breadcrumb\",\"itemListElement\":[{\"@type\":\"ListItem\",\"position\":1,\"name\":\"Po\u010detna stranica\",\"item\":\"https:\\\/\\\/webknjizara.hr\\\/en\\\/\"},{\"@type\":\"ListItem\",\"position\":2,\"name\":\"Shop\",\"item\":\"https:\\\/\\\/webknjizara.hr\\\/shop\\\/\"},{\"@type\":\"ListItem\",\"position\":3,\"name\":\"BUSINESS COMMUNICATION SKILLS, Daniela Ceci\u0107\"}]},{\"@type\":\"WebSite\",\"@id\":\"https:\\\/\\\/webknjizara.hr\\\/#website\",\"url\":\"https:\\\/\\\/webknjizara.hr\\\/\",\"name\":\"Web Knji\u017eara\",\"description\":\"\",\"publisher\":{\"@id\":\"https:\\\/\\\/webknjizara.hr\\\/#organization\"},\"potentialAction\":[{\"@type\":\"SearchAction\",\"target\":{\"@type\":\"EntryPoint\",\"urlTemplate\":\"https:\\\/\\\/webknjizara.hr\\\/?s={search_term_string}\"},\"query-input\":{\"@type\":\"PropertyValueSpecification\",\"valueRequired\":true,\"valueName\":\"search_term_string\"}}],\"inLanguage\":\"en-US\"},{\"@type\":\"Organization\",\"@id\":\"https:\\\/\\\/webknjizara.hr\\\/#organization\",\"name\":\"REDAK D.O.O.\",\"url\":\"https:\\\/\\\/webknjizara.hr\\\/\",\"logo\":{\"@type\":\"ImageObject\",\"inLanguage\":\"en-US\",\"@id\":\"https:\\\/\\\/webknjizara.hr\\\/#\\\/schema\\\/logo\\\/image\\\/\",\"url\":\"https:\\\/\\\/webknjizara.hr\\\/wp-content\\\/uploads\\\/2023\\\/01\\\/web-knjizara-logo.webp\",\"contentUrl\":\"https:\\\/\\\/webknjizara.hr\\\/wp-content\\\/uploads\\\/2023\\\/01\\\/web-knjizara-logo.webp\",\"width\":324,\"height\":79,\"caption\":\"REDAK D.O.O.\"},\"image\":{\"@id\":\"https:\\\/\\\/webknjizara.hr\\\/#\\\/schema\\\/logo\\\/image\\\/\"}}]}<\/script>\n<!-- \/ Yoast SEO plugin. -->","yoast_head_json":{"title":"BUSINESS COMMUNICATION SKILLS, Daniela Ceci\u0107 - Web-knji\u017eara","robots":{"index":"index","follow":"follow","max-snippet":"max-snippet:-1","max-image-preview":"max-image-preview:large","max-video-preview":"max-video-preview:-1"},"canonical":"https:\/\/webknjizara.hr\/proizvod\/business-communication-skills-daniela-cecic\/","og_locale":"en_US","og_type":"article","og_title":"BUSINESS COMMUNICATION SKILLS, Daniela Ceci\u0107 - Web-knji\u017eara","og_description":"Sa\u017eetak:Priru\u010dnik nudi 6 poglavlja o poslovnom engleskom sa \u0161tivom, vje\u017ebama i rje\u0161enjima: kako ispuniti obrazac zahtjeva za posao, napisati poslovni e-mail, pristupiti poslovnom pregovaranju, napisati \u017eivotopis i popratno pismo i dati prezentaciju. Knjiga je pisana na engleskom jeziku The book offers 6 chapters about Business English: application forms, e-mails, negotiations, CV and cover letter and [&hellip;]","og_url":"https:\/\/webknjizara.hr\/proizvod\/business-communication-skills-daniela-cecic\/","og_site_name":"Web-knji\u017eara","article_modified_time":"2023-02-26T23:15:57+00:00","og_image":[{"width":358,"height":500,"url":"https:\/\/webknjizara.hr\/wp-content\/uploads\/nc\/images\/virtuemart\/product\/business-communi-52263f6a4ae69.jpg","type":"image\/jpeg"}],"twitter_card":"summary_large_image","twitter_misc":{"Est. reading time":"2 minutes"},"schema":{"@context":"https:\/\/schema.org","@graph":[{"@type":"WebPage","@id":"https:\/\/webknjizara.hr\/proizvod\/business-communication-skills-daniela-cecic\/","url":"https:\/\/webknjizara.hr\/proizvod\/business-communication-skills-daniela-cecic\/","name":"BUSINESS COMMUNICATION SKILLS, Daniela Ceci\u0107 - Web-knji\u017eara","isPartOf":{"@id":"https:\/\/webknjizara.hr\/#website"},"primaryImageOfPage":{"@id":"https:\/\/webknjizara.hr\/proizvod\/business-communication-skills-daniela-cecic\/#primaryimage"},"image":{"@id":"https:\/\/webknjizara.hr\/proizvod\/business-communication-skills-daniela-cecic\/#primaryimage"},"thumbnailUrl":"https:\/\/webknjizara.hr\/wp-content\/uploads\/nc\/images\/virtuemart\/product\/business-communi-52263f6a4ae69.jpg","datePublished":"2013-09-03T19:58:34+00:00","dateModified":"2023-02-26T23:15:57+00:00","breadcrumb":{"@id":"https:\/\/webknjizara.hr\/proizvod\/business-communication-skills-daniela-cecic\/#breadcrumb"},"inLanguage":"en-US","potentialAction":[{"@type":"ReadAction","target":["https:\/\/webknjizara.hr\/proizvod\/business-communication-skills-daniela-cecic\/"]}]},{"@type":"ImageObject","inLanguage":"en-US","@id":"https:\/\/webknjizara.hr\/proizvod\/business-communication-skills-daniela-cecic\/#primaryimage","url":"https:\/\/webknjizara.hr\/wp-content\/uploads\/nc\/images\/virtuemart\/product\/business-communi-52263f6a4ae69.jpg","contentUrl":"https:\/\/webknjizara.hr\/wp-content\/uploads\/nc\/images\/virtuemart\/product\/business-communi-52263f6a4ae69.jpg","width":358,"height":500,"caption":"BUSINESS COMMUNICATION SKILLS, Daniela Ceci\u0107"},{"@type":"BreadcrumbList","@id":"https:\/\/webknjizara.hr\/proizvod\/business-communication-skills-daniela-cecic\/#breadcrumb","itemListElement":[{"@type":"ListItem","position":1,"name":"Po\u010detna stranica","item":"https:\/\/webknjizara.hr\/en\/"},{"@type":"ListItem","position":2,"name":"Shop","item":"https:\/\/webknjizara.hr\/shop\/"},{"@type":"ListItem","position":3,"name":"BUSINESS COMMUNICATION SKILLS, Daniela Ceci\u0107"}]},{"@type":"WebSite","@id":"https:\/\/webknjizara.hr\/#website","url":"https:\/\/webknjizara.hr\/","name":"Web Knji\u017eara","description":"","publisher":{"@id":"https:\/\/webknjizara.hr\/#organization"},"potentialAction":[{"@type":"SearchAction","target":{"@type":"EntryPoint","urlTemplate":"https:\/\/webknjizara.hr\/?s={search_term_string}"},"query-input":{"@type":"PropertyValueSpecification","valueRequired":true,"valueName":"search_term_string"}}],"inLanguage":"en-US"},{"@type":"Organization","@id":"https:\/\/webknjizara.hr\/#organization","name":"REDAK D.O.O.","url":"https:\/\/webknjizara.hr\/","logo":{"@type":"ImageObject","inLanguage":"en-US","@id":"https:\/\/webknjizara.hr\/#\/schema\/logo\/image\/","url":"https:\/\/webknjizara.hr\/wp-content\/uploads\/2023\/01\/web-knjizara-logo.webp","contentUrl":"https:\/\/webknjizara.hr\/wp-content\/uploads\/2023\/01\/web-knjizara-logo.webp","width":324,"height":79,"caption":"REDAK D.O.O."},"image":{"@id":"https:\/\/webknjizara.hr\/#\/schema\/logo\/image\/"}}]}},"_links":{"self":[{"href":"https:\/\/webknjizara.hr\/en\/wp-json\/wp\/v2\/product\/7691","targetHints":{"allow":["GET"]}}],"collection":[{"href":"https:\/\/webknjizara.hr\/en\/wp-json\/wp\/v2\/product"}],"about":[{"href":"https:\/\/webknjizara.hr\/en\/wp-json\/wp\/v2\/types\/product"}],"replies":[{"embeddable":true,"href":"https:\/\/webknjizara.hr\/en\/wp-json\/wp\/v2\/comments?post=7691"}],"wp:featuredmedia":[{"embeddable":true,"href":"https:\/\/webknjizara.hr\/en\/wp-json\/wp\/v2\/media\/7692"}],"wp:attachment":[{"href":"https:\/\/webknjizara.hr\/en\/wp-json\/wp\/v2\/media?parent=7691"}],"wp:term":[{"taxonomy":"product_brand","embeddable":true,"href":"https:\/\/webknjizara.hr\/en\/wp-json\/wp\/v2\/product_brand?post=7691"},{"taxonomy":"product_cat","embeddable":true,"href":"https:\/\/webknjizara.hr\/en\/wp-json\/wp\/v2\/product_cat?post=7691"},{"taxonomy":"product_tag","embeddable":true,"href":"https:\/\/webknjizara.hr\/en\/wp-json\/wp\/v2\/product_tag?post=7691"}],"curies":[{"name":"wp","href":"https:\/\/api.w.org\/{rel}","templated":true}]}}