{"id":7685,"date":"2013-08-23T09:05:06","date_gmt":"2013-08-23T09:05:06","guid":{"rendered":"https:\/\/webknjizara.hr\/?product=refleksije-aljosa-dugum"},"modified":"2023-02-27T00:15:57","modified_gmt":"2023-02-26T23:15:57","slug":"refleksije-aljosa-dugum","status":"publish","type":"product","link":"https:\/\/webknjizara.hr\/en\/proizvod\/refleksije-aljosa-dugum\/","title":{"rendered":"REFLEKSIJE, Aljo\u0161a \u0110ugum"},"content":{"rendered":"<p style=\"text-align: left;\"><strong>Sa\u017eetak:<\/strong><\/p>\n<p>Du\u0161a \u010dovjekova \u017eudi ljepotu. Optere\u0107ena genetskim kodom zaborava o vlastitom identitetu,\u00a0zarobljena u fizi\u010dkom tijelu, nejasno se sje\u0107a svoje prave naravi, nepotpuna, izlomljena izme\u0111u\u00a0jave i sna.<\/p>\n<p>Zrcali se u njoj, osjetilima upijena stvarnost, a ona, utisnuta u mrak, reflektira svjetlost.\u00a0<\/p>\n<p>Dvije strane zrcala. Uzajamne refleksije jave i sna.<\/p>\n<p>Aljo\u0161a \u0110ugum je traga\u010d. Proklet i blagoslovljen du\u0161om pjesnika, on traga za ljepotom. Njegova\u00a0prva zbirka pjesama \u201eRefleksije\u201c je tra\u017eenje stvarnosti koja se nalazi iza stvarnosti. Ili iza sna. U\u00a0zrcalnoj galeriji uma.<\/p>\n<p>Ali, \u010ditatelj se ne treba pla\u0161iti. Iako su autorove misli duboke i zrele, njegove refleksije su\u00a0jednostavne, jasne. Lako i neprimjetno uvuku nas u svijet koji intuitivno poznajemo, a koji se\u00a0odjednom otvara pred nama jasan, lijep, privla\u010dan; svijet iza zrcala.<\/p>\n<p>I taj svijet je \u017eivot. Potpuni \u017eivot u kojemu vlada sila ljubavi prema svemu \u0161to jest i \u0161to nosi\u00a0obilje\u017eje estetskog. A to estetsko je ujedno i duboko eti\u010dno. <\/p>\n<p>U poeziji Aljo\u0161e \u0110uguma zadivljuje bogatstvo motiva kojima on oslikava svega nekoliko tema;\u00a0ljubav, prolaznost, zapitanost pjesnika o svrsi i ulozi pjesni\u0161tva.<\/p>\n<p>Ljubav prema \u017eeni je duboko strastvena, ali ta se strast skriva oku povr\u0161nog \u010ditatelja, ona se tek\u00a0osjeti u emociji koju autor nastoji obuzdati, sti\u0161ati, pomalo zatajiti. Ali ona buja, rasprskava se\u00a0unutar nametnutih me\u0111a.<\/p>\n<p><em>\/Pokraj tebe\/<br \/><\/em><br \/><em>Najdra\u017ea, stisnut u mir mra\u010dnog rova<\/em><br \/><em>mogao bih pisati vje\u010dno o tebi<\/em><br \/><em>skupiti vojnike najboljih slova<\/em><br \/><em>ni Smrt me jadna pobijedila ne bi.<\/em><br \/><em>Mramor bi joj klesala pjesma ova.<\/p>\n<p>Najdra\u017ea, nek&#8217; tama svijetom vlada<\/em><br \/><em>jedno malo svjetlo u meni \u010du\u010di<\/em><br \/><em>i ja sam ga no\u0107as nazvao nada<\/em><br \/><em>jer voljeti tebe srce tek u\u010di.<\/em><br \/><em>Onako kako tvoje zbog moga strada.<\/em><\/p>\n<p>Zaljubljen u \u017eivot, pjesnik di\u0161e i ljubi prirodu, stapa se s njom uo\u010davaju\u0107i ljepotu najsitnijih detalja. On zna da sve \u0161to ona nosi ima svoje logi\u010dno mjesto u ustroju \u017eivota.<\/p>\n<p><em>\/O jablanu i panju\/<\/em><\/p>\n<p><em>Jablan krunjen zvijezdama zlatnim<\/em><br \/><em>nebo i ptice u kro\u0161nji gosti<\/em><br \/><em>panj &#8211; doma\u0107in cipelama blatnim<\/em><br \/><em>nosi ne\u010dije umorne kosti.<\/em><\/p>\n<p>Iako je \u017eivot vje\u010dan, na ovoj strani zrcala on je prolazan i njegovu prolaznost moramo prihvatiti makar tugom i na\u0107i utjehu u spekulaciji uma o besmrtnosti du\u0161e.\u00a0<\/p>\n<p><em>\/Dvije kapi ki\u0161e\/<\/em><\/p>\n<p><em>Mo\u017eda smo se i ranije sreli<\/em><br \/><em>u trudnom oblaku prije ki\u0161e<\/em><br \/><em>dvije smo kapi, makar bi htjeli<\/em><br \/><em>nekad biti manje, nekad vi\u0161e.<\/em><\/p>\n<p>Aljo\u0161a \u0110ugum \u010desto postavlja pitanje pjesni\u0161tva i njegove uloge u \u017eivotu \u010dovjeka. Odredio se\u00a0kao pjesnik tuge. Podsjetio me na Vladimira Vidri\u0107a koji je vjerovao da nema velike umjetnosti\u00a0bez velike boli. Iz boli ni\u010de ljepota.<\/p>\n<p><em>\/Nesre\u0107a u sre\u0107i\/<\/em><\/p>\n<p><em>Najte\u017ee pi\u0161em te sretne trenutke<\/em><br \/><em>takav je kroni\u010dar dramskih \u010dinova<\/em><br \/><em>prona\u0161li su u meni tihe kutke<\/em><br \/><em>kao patuljci u zemlji d\u017einova.<br \/><\/em><br \/><em>Mi se nasmije\u0161eni gledamo \u0161utke<\/em><br \/><em>kada se na\u0111emo o\u010di u o\u010di<\/em><br \/><em>ne zna zapisati sretne trenutke<\/em><br \/><em>to pero koje tinta tuge mo\u010di.<\/em><\/p>\n<p>Aljo\u0161a \u0110ugum je pjesnik zatvorene forme, sklada i ravnote\u017ee. Njegov stih nije dekorativan, on\u00a0je tako divno jednostavan, vizualno dojmljiv, njegova je melodija namijenjena finom uhu, rima\u00a0je bogata i svje\u017ea.\u00a0<\/p>\n<p>Od srca preporu\u010dujem ovu zbirku pjesama svima koji u\u017eivaju u ljepoti poetske rije\u010di.<\/p>\n<p>&#8211; Marija Jura\u010di\u0107, prof. <\/p>\n<p><strong>Bilje\u0161ka o autoru:<\/strong> <\/p>\n<p>Aljo\u0161a \u0110ugum ro\u0111en je u Plo\u010dama 1973. godine. Tu zavr\u0161ava sa svojim srednjo\u0161kolskim danima,\u00a0a nakon toga upisuje i zavr\u0161ava Fakultet elektrotehnike, strojarstva i brodogradnje u Splitu.\u00a0Danas sa svojom obitelji radi i \u017eivi u Zagrebu. Poeziju pi\u0161e od dje\u010da\u010dkih dana. Zbirka poezije\u00a0\u201eRefleksije\u201c je njegova prva objavljena zbirka. Aktivan je autor na portalu \\&#8221;O\u010daravanje\\&#8221;. <\/p>\n<p><strong>Klju\u010dne rije\u010di:<\/strong> <br \/>Pjesme, aljo\u0161a,refleksije,poezija<\/p>\n<p><strong>E-mail:<\/strong> <a href=\"mailto:aljosa.djugum@ericsson.com\">Aljo\u0161a \u0110ugum<br \/><\/a><br \/><strong>Naslov:<\/strong> Refleksije<br \/><strong>Autor:<\/strong> Aljo\u0161a \u0110ugum<br \/><strong>Broj stranica:<\/strong> 104<br \/><strong>Nakladnik:<\/strong> REDAK<br \/><strong>Godina izdanja:<\/strong> 2013.<br \/><strong>ISBN:<\/strong> 978-953-336-059-1<br \/><strong>Tisak:<\/strong> digitalni tisak knjiga &#8211; print na zahtjev<\/p>\n","protected":false},"excerpt":{"rendered":"<p>Sa\u017eetak: Du\u0161a \u010dovjekova \u017eudi ljepotu. Optere\u0107ena genetskim kodom zaborava o vlastitom identitetu,\u00a0zarobljena u fizi\u010dkom tijelu, nejasno se sje\u0107a svoje prave naravi, nepotpuna, izlomljena izme\u0111u\u00a0jave i sna. Zrcali se u njoj, osjetilima upijena stvarnost, a ona, utisnuta u mrak, reflektira svjetlost.\u00a0 Dvije strane zrcala. Uzajamne refleksije jave i sna. Aljo\u0161a \u0110ugum je traga\u010d. Proklet i blagoslovljen [&hellip;]<\/p>\n","protected":false},"featured_media":7686,"comment_status":"open","ping_status":"closed","template":"","meta":{"_acf_changed":false},"product_brand":[],"product_cat":[1383,1385,1388],"product_tag":[],"class_list":{"0":"post-7685","1":"product","2":"type-product","3":"status-publish","4":"has-post-thumbnail","6":"product_cat-knjige","7":"product_cat-knjizevnost","8":"product_cat-poezija","9":"pa_nakladnik-redak","11":"first","12":"instock","13":"shipping-taxable","14":"purchasable","15":"product-type-simple"},"acf":[],"yoast_head":"<!-- This site is optimized with the Yoast SEO plugin v27.3 - https:\/\/yoast.com\/product\/yoast-seo-wordpress\/ -->\n<title>REFLEKSIJE, Aljo\u0161a \u0110ugum - Web-knji\u017eara<\/title>\n<meta name=\"robots\" content=\"index, follow, max-snippet:-1, max-image-preview:large, max-video-preview:-1\" \/>\n<link rel=\"canonical\" href=\"https:\/\/webknjizara.hr\/proizvod\/refleksije-aljosa-dugum\/\" \/>\n<meta property=\"og:locale\" content=\"en_US\" \/>\n<meta property=\"og:type\" content=\"article\" \/>\n<meta property=\"og:title\" content=\"REFLEKSIJE, Aljo\u0161a \u0110ugum - Web-knji\u017eara\" \/>\n<meta property=\"og:description\" content=\"Sa\u017eetak: Du\u0161a \u010dovjekova \u017eudi ljepotu. Optere\u0107ena genetskim kodom zaborava o vlastitom identitetu,\u00a0zarobljena u fizi\u010dkom tijelu, nejasno se sje\u0107a svoje prave naravi, nepotpuna, izlomljena izme\u0111u\u00a0jave i sna. Zrcali se u njoj, osjetilima upijena stvarnost, a ona, utisnuta u mrak, reflektira svjetlost.\u00a0 Dvije strane zrcala. Uzajamne refleksije jave i sna. Aljo\u0161a \u0110ugum je traga\u010d. Proklet i blagoslovljen [&hellip;]\" \/>\n<meta property=\"og:url\" content=\"https:\/\/webknjizara.hr\/proizvod\/refleksije-aljosa-dugum\/\" \/>\n<meta property=\"og:site_name\" content=\"Web-knji\u017eara\" \/>\n<meta property=\"article:modified_time\" content=\"2023-02-26T23:15:57+00:00\" \/>\n<meta property=\"og:image\" content=\"https:\/\/webknjizara.hr\/wp-content\/uploads\/nc\/images\/virtuemart\/product\/refleksije-aljo-521725c277667.jpg\" \/>\n\t<meta property=\"og:image:width\" content=\"358\" \/>\n\t<meta property=\"og:image:height\" content=\"500\" \/>\n\t<meta property=\"og:image:type\" content=\"image\/jpeg\" \/>\n<meta name=\"twitter:card\" content=\"summary_large_image\" \/>\n<meta name=\"twitter:label1\" content=\"Est. reading time\" \/>\n\t<meta name=\"twitter:data1\" content=\"3 minutes\" \/>\n<script type=\"application\/ld+json\" class=\"yoast-schema-graph\">{\"@context\":\"https:\\\/\\\/schema.org\",\"@graph\":[{\"@type\":\"WebPage\",\"@id\":\"https:\\\/\\\/webknjizara.hr\\\/proizvod\\\/refleksije-aljosa-dugum\\\/\",\"url\":\"https:\\\/\\\/webknjizara.hr\\\/proizvod\\\/refleksije-aljosa-dugum\\\/\",\"name\":\"REFLEKSIJE, Aljo\u0161a \u0110ugum - Web-knji\u017eara\",\"isPartOf\":{\"@id\":\"https:\\\/\\\/webknjizara.hr\\\/#website\"},\"primaryImageOfPage\":{\"@id\":\"https:\\\/\\\/webknjizara.hr\\\/proizvod\\\/refleksije-aljosa-dugum\\\/#primaryimage\"},\"image\":{\"@id\":\"https:\\\/\\\/webknjizara.hr\\\/proizvod\\\/refleksije-aljosa-dugum\\\/#primaryimage\"},\"thumbnailUrl\":\"https:\\\/\\\/webknjizara.hr\\\/wp-content\\\/uploads\\\/nc\\\/images\\\/virtuemart\\\/product\\\/refleksije-aljo-521725c277667.jpg\",\"datePublished\":\"2013-08-23T09:05:06+00:00\",\"dateModified\":\"2023-02-26T23:15:57+00:00\",\"breadcrumb\":{\"@id\":\"https:\\\/\\\/webknjizara.hr\\\/proizvod\\\/refleksije-aljosa-dugum\\\/#breadcrumb\"},\"inLanguage\":\"en-US\",\"potentialAction\":[{\"@type\":\"ReadAction\",\"target\":[\"https:\\\/\\\/webknjizara.hr\\\/proizvod\\\/refleksije-aljosa-dugum\\\/\"]}]},{\"@type\":\"ImageObject\",\"inLanguage\":\"en-US\",\"@id\":\"https:\\\/\\\/webknjizara.hr\\\/proizvod\\\/refleksije-aljosa-dugum\\\/#primaryimage\",\"url\":\"https:\\\/\\\/webknjizara.hr\\\/wp-content\\\/uploads\\\/nc\\\/images\\\/virtuemart\\\/product\\\/refleksije-aljo-521725c277667.jpg\",\"contentUrl\":\"https:\\\/\\\/webknjizara.hr\\\/wp-content\\\/uploads\\\/nc\\\/images\\\/virtuemart\\\/product\\\/refleksije-aljo-521725c277667.jpg\",\"width\":358,\"height\":500,\"caption\":\"REFLEKSIJE, Aljo\u0161a \u0110ugum\"},{\"@type\":\"BreadcrumbList\",\"@id\":\"https:\\\/\\\/webknjizara.hr\\\/proizvod\\\/refleksije-aljosa-dugum\\\/#breadcrumb\",\"itemListElement\":[{\"@type\":\"ListItem\",\"position\":1,\"name\":\"Po\u010detna stranica\",\"item\":\"https:\\\/\\\/webknjizara.hr\\\/en\\\/\"},{\"@type\":\"ListItem\",\"position\":2,\"name\":\"Shop\",\"item\":\"https:\\\/\\\/webknjizara.hr\\\/shop\\\/\"},{\"@type\":\"ListItem\",\"position\":3,\"name\":\"REFLEKSIJE, Aljo\u0161a \u0110ugum\"}]},{\"@type\":\"WebSite\",\"@id\":\"https:\\\/\\\/webknjizara.hr\\\/#website\",\"url\":\"https:\\\/\\\/webknjizara.hr\\\/\",\"name\":\"Web Knji\u017eara\",\"description\":\"\",\"publisher\":{\"@id\":\"https:\\\/\\\/webknjizara.hr\\\/#organization\"},\"potentialAction\":[{\"@type\":\"SearchAction\",\"target\":{\"@type\":\"EntryPoint\",\"urlTemplate\":\"https:\\\/\\\/webknjizara.hr\\\/?s={search_term_string}\"},\"query-input\":{\"@type\":\"PropertyValueSpecification\",\"valueRequired\":true,\"valueName\":\"search_term_string\"}}],\"inLanguage\":\"en-US\"},{\"@type\":\"Organization\",\"@id\":\"https:\\\/\\\/webknjizara.hr\\\/#organization\",\"name\":\"REDAK D.O.O.\",\"url\":\"https:\\\/\\\/webknjizara.hr\\\/\",\"logo\":{\"@type\":\"ImageObject\",\"inLanguage\":\"en-US\",\"@id\":\"https:\\\/\\\/webknjizara.hr\\\/#\\\/schema\\\/logo\\\/image\\\/\",\"url\":\"https:\\\/\\\/webknjizara.hr\\\/wp-content\\\/uploads\\\/2023\\\/01\\\/web-knjizara-logo.webp\",\"contentUrl\":\"https:\\\/\\\/webknjizara.hr\\\/wp-content\\\/uploads\\\/2023\\\/01\\\/web-knjizara-logo.webp\",\"width\":324,\"height\":79,\"caption\":\"REDAK D.O.O.\"},\"image\":{\"@id\":\"https:\\\/\\\/webknjizara.hr\\\/#\\\/schema\\\/logo\\\/image\\\/\"}}]}<\/script>\n<!-- \/ Yoast SEO plugin. -->","yoast_head_json":{"title":"REFLEKSIJE, Aljo\u0161a \u0110ugum - Web-knji\u017eara","robots":{"index":"index","follow":"follow","max-snippet":"max-snippet:-1","max-image-preview":"max-image-preview:large","max-video-preview":"max-video-preview:-1"},"canonical":"https:\/\/webknjizara.hr\/proizvod\/refleksije-aljosa-dugum\/","og_locale":"en_US","og_type":"article","og_title":"REFLEKSIJE, Aljo\u0161a \u0110ugum - Web-knji\u017eara","og_description":"Sa\u017eetak: Du\u0161a \u010dovjekova \u017eudi ljepotu. Optere\u0107ena genetskim kodom zaborava o vlastitom identitetu,\u00a0zarobljena u fizi\u010dkom tijelu, nejasno se sje\u0107a svoje prave naravi, nepotpuna, izlomljena izme\u0111u\u00a0jave i sna. Zrcali se u njoj, osjetilima upijena stvarnost, a ona, utisnuta u mrak, reflektira svjetlost.\u00a0 Dvije strane zrcala. Uzajamne refleksije jave i sna. Aljo\u0161a \u0110ugum je traga\u010d. Proklet i blagoslovljen [&hellip;]","og_url":"https:\/\/webknjizara.hr\/proizvod\/refleksije-aljosa-dugum\/","og_site_name":"Web-knji\u017eara","article_modified_time":"2023-02-26T23:15:57+00:00","og_image":[{"width":358,"height":500,"url":"https:\/\/webknjizara.hr\/wp-content\/uploads\/nc\/images\/virtuemart\/product\/refleksije-aljo-521725c277667.jpg","type":"image\/jpeg"}],"twitter_card":"summary_large_image","twitter_misc":{"Est. reading time":"3 minutes"},"schema":{"@context":"https:\/\/schema.org","@graph":[{"@type":"WebPage","@id":"https:\/\/webknjizara.hr\/proizvod\/refleksije-aljosa-dugum\/","url":"https:\/\/webknjizara.hr\/proizvod\/refleksije-aljosa-dugum\/","name":"REFLEKSIJE, Aljo\u0161a \u0110ugum - Web-knji\u017eara","isPartOf":{"@id":"https:\/\/webknjizara.hr\/#website"},"primaryImageOfPage":{"@id":"https:\/\/webknjizara.hr\/proizvod\/refleksije-aljosa-dugum\/#primaryimage"},"image":{"@id":"https:\/\/webknjizara.hr\/proizvod\/refleksije-aljosa-dugum\/#primaryimage"},"thumbnailUrl":"https:\/\/webknjizara.hr\/wp-content\/uploads\/nc\/images\/virtuemart\/product\/refleksije-aljo-521725c277667.jpg","datePublished":"2013-08-23T09:05:06+00:00","dateModified":"2023-02-26T23:15:57+00:00","breadcrumb":{"@id":"https:\/\/webknjizara.hr\/proizvod\/refleksije-aljosa-dugum\/#breadcrumb"},"inLanguage":"en-US","potentialAction":[{"@type":"ReadAction","target":["https:\/\/webknjizara.hr\/proizvod\/refleksije-aljosa-dugum\/"]}]},{"@type":"ImageObject","inLanguage":"en-US","@id":"https:\/\/webknjizara.hr\/proizvod\/refleksije-aljosa-dugum\/#primaryimage","url":"https:\/\/webknjizara.hr\/wp-content\/uploads\/nc\/images\/virtuemart\/product\/refleksije-aljo-521725c277667.jpg","contentUrl":"https:\/\/webknjizara.hr\/wp-content\/uploads\/nc\/images\/virtuemart\/product\/refleksije-aljo-521725c277667.jpg","width":358,"height":500,"caption":"REFLEKSIJE, Aljo\u0161a \u0110ugum"},{"@type":"BreadcrumbList","@id":"https:\/\/webknjizara.hr\/proizvod\/refleksije-aljosa-dugum\/#breadcrumb","itemListElement":[{"@type":"ListItem","position":1,"name":"Po\u010detna stranica","item":"https:\/\/webknjizara.hr\/en\/"},{"@type":"ListItem","position":2,"name":"Shop","item":"https:\/\/webknjizara.hr\/shop\/"},{"@type":"ListItem","position":3,"name":"REFLEKSIJE, Aljo\u0161a \u0110ugum"}]},{"@type":"WebSite","@id":"https:\/\/webknjizara.hr\/#website","url":"https:\/\/webknjizara.hr\/","name":"Web Knji\u017eara","description":"","publisher":{"@id":"https:\/\/webknjizara.hr\/#organization"},"potentialAction":[{"@type":"SearchAction","target":{"@type":"EntryPoint","urlTemplate":"https:\/\/webknjizara.hr\/?s={search_term_string}"},"query-input":{"@type":"PropertyValueSpecification","valueRequired":true,"valueName":"search_term_string"}}],"inLanguage":"en-US"},{"@type":"Organization","@id":"https:\/\/webknjizara.hr\/#organization","name":"REDAK D.O.O.","url":"https:\/\/webknjizara.hr\/","logo":{"@type":"ImageObject","inLanguage":"en-US","@id":"https:\/\/webknjizara.hr\/#\/schema\/logo\/image\/","url":"https:\/\/webknjizara.hr\/wp-content\/uploads\/2023\/01\/web-knjizara-logo.webp","contentUrl":"https:\/\/webknjizara.hr\/wp-content\/uploads\/2023\/01\/web-knjizara-logo.webp","width":324,"height":79,"caption":"REDAK D.O.O."},"image":{"@id":"https:\/\/webknjizara.hr\/#\/schema\/logo\/image\/"}}]}},"_links":{"self":[{"href":"https:\/\/webknjizara.hr\/en\/wp-json\/wp\/v2\/product\/7685","targetHints":{"allow":["GET"]}}],"collection":[{"href":"https:\/\/webknjizara.hr\/en\/wp-json\/wp\/v2\/product"}],"about":[{"href":"https:\/\/webknjizara.hr\/en\/wp-json\/wp\/v2\/types\/product"}],"replies":[{"embeddable":true,"href":"https:\/\/webknjizara.hr\/en\/wp-json\/wp\/v2\/comments?post=7685"}],"wp:featuredmedia":[{"embeddable":true,"href":"https:\/\/webknjizara.hr\/en\/wp-json\/wp\/v2\/media\/7686"}],"wp:attachment":[{"href":"https:\/\/webknjizara.hr\/en\/wp-json\/wp\/v2\/media?parent=7685"}],"wp:term":[{"taxonomy":"product_brand","embeddable":true,"href":"https:\/\/webknjizara.hr\/en\/wp-json\/wp\/v2\/product_brand?post=7685"},{"taxonomy":"product_cat","embeddable":true,"href":"https:\/\/webknjizara.hr\/en\/wp-json\/wp\/v2\/product_cat?post=7685"},{"taxonomy":"product_tag","embeddable":true,"href":"https:\/\/webknjizara.hr\/en\/wp-json\/wp\/v2\/product_tag?post=7685"}],"curies":[{"name":"wp","href":"https:\/\/api.w.org\/{rel}","templated":true}]}}