{"id":7683,"date":"2013-08-23T05:37:40","date_gmt":"2013-08-23T05:37:40","guid":{"rendered":"https:\/\/webknjizara.hr\/?product=na-obroncima-snova-dinko-bekavac"},"modified":"2023-02-27T00:15:57","modified_gmt":"2023-02-26T23:15:57","slug":"na-obroncima-snova-dinko-bekavac","status":"publish","type":"product","link":"https:\/\/webknjizara.hr\/en\/proizvod\/na-obroncima-snova-dinko-bekavac\/","title":{"rendered":"NA OBRONCIMA SNOVA, Dinko Bekavac"},"content":{"rendered":"<p style=\"text-align: justify;\"><strong><br \/>Sa\u017eetak:<\/strong><\/p>\n<p>Knjiga je namijenjena ljubiteljima poezije koji vole slike, jer su pjesme mahom posve\u0107ene mojim slikarskim djelima, moru, i pjesme ljubavne, voljenoj supruzi.<\/p>\n<p><strong>Bilje\u0161ka o autoru:<\/strong> <\/p>\n<p>Nakon umirovljenja aktivno se bavim likovnom umjetno\u0161\u0107u iz kojih je proistekla \u017eelja da slike opi\u0161em u poeziji.\u00a0 Preokupacija mojih slika su more, vedute, portreti i balerine, te ljubav prema voljenoj supruzi su upravo pisane pjesme u mojoj drugoj knjizi \u201eNa obroncima snova\u201c.<br \/><strong><br \/>Klju\u010dne rije\u010di:<\/strong> <br \/>Oslikana poezija, pjesme o moru, ljubav \u017eene.<\/p>\n<p><strong>E-mail: <\/strong><a href=\"mailto:dinko.bekavac@optinet.hr\">Dinko Bekavac<\/a><a href=\"mailto:dinko.bekavac@optinet.hr\"><\/p>\n<p><\/a><strong>Naslov:<\/strong> Na obroncima snova<br \/><strong>Autor:<\/strong> Dinko Bekavac<br \/><strong>Broj stranica:<\/strong> 146<br \/><strong>Nakladnik:<\/strong> REDAK<br \/><strong>Godina izdanja:<\/strong> 2013.<br \/><strong>ISBN:<\/strong> 978-953-336-063-8<br \/><strong>Tisak:<\/strong> digitalni tisak knjiga &#8211; print na zahtjev<\/p>\n","protected":false},"excerpt":{"rendered":"<p>Sa\u017eetak: Knjiga je namijenjena ljubiteljima poezije koji vole slike, jer su pjesme mahom posve\u0107ene mojim slikarskim djelima, moru, i pjesme ljubavne, voljenoj supruzi. Bilje\u0161ka o autoru: Nakon umirovljenja aktivno se bavim likovnom umjetno\u0161\u0107u iz kojih je proistekla \u017eelja da slike opi\u0161em u poeziji.\u00a0 Preokupacija mojih slika su more, vedute, portreti i balerine, te ljubav prema [&hellip;]<\/p>\n","protected":false},"featured_media":7684,"comment_status":"open","ping_status":"closed","template":"","meta":{"_acf_changed":false},"product_brand":[],"product_cat":[1383,1385,1388],"product_tag":[],"class_list":{"0":"post-7683","1":"product","2":"type-product","3":"status-publish","4":"has-post-thumbnail","6":"product_cat-knjige","7":"product_cat-knjizevnost","8":"product_cat-poezija","9":"pa_autor-dinko-bekavac","10":"pa_nakladnik-redak","12":"first","13":"instock","14":"shipping-taxable","15":"purchasable","16":"product-type-simple"},"acf":[],"yoast_head":"<!-- This site is optimized with the Yoast SEO plugin v27.3 - https:\/\/yoast.com\/product\/yoast-seo-wordpress\/ -->\n<title>NA OBRONCIMA SNOVA, Dinko Bekavac - Web-knji\u017eara<\/title>\n<meta name=\"robots\" content=\"index, follow, max-snippet:-1, max-image-preview:large, max-video-preview:-1\" \/>\n<link rel=\"canonical\" href=\"https:\/\/webknjizara.hr\/proizvod\/na-obroncima-snova-dinko-bekavac\/\" \/>\n<meta property=\"og:locale\" content=\"en_US\" \/>\n<meta property=\"og:type\" content=\"article\" \/>\n<meta property=\"og:title\" content=\"NA OBRONCIMA SNOVA, Dinko Bekavac - Web-knji\u017eara\" \/>\n<meta property=\"og:description\" content=\"Sa\u017eetak: Knjiga je namijenjena ljubiteljima poezije koji vole slike, jer su pjesme mahom posve\u0107ene mojim slikarskim djelima, moru, i pjesme ljubavne, voljenoj supruzi. Bilje\u0161ka o autoru: Nakon umirovljenja aktivno se bavim likovnom umjetno\u0161\u0107u iz kojih je proistekla \u017eelja da slike opi\u0161em u poeziji.\u00a0 Preokupacija mojih slika su more, vedute, portreti i balerine, te ljubav prema [&hellip;]\" \/>\n<meta property=\"og:url\" content=\"https:\/\/webknjizara.hr\/proizvod\/na-obroncima-snova-dinko-bekavac\/\" \/>\n<meta property=\"og:site_name\" content=\"Web-knji\u017eara\" \/>\n<meta property=\"article:modified_time\" content=\"2023-02-26T23:15:57+00:00\" \/>\n<meta property=\"og:image\" content=\"https:\/\/webknjizara.hr\/wp-content\/uploads\/nc\/images\/virtuemart\/product\/na-obroncima-sno-5216f524eb844.jpg\" \/>\n\t<meta property=\"og:image:width\" content=\"358\" \/>\n\t<meta property=\"og:image:height\" content=\"500\" \/>\n\t<meta property=\"og:image:type\" content=\"image\/jpeg\" \/>\n<meta name=\"twitter:card\" content=\"summary_large_image\" \/>\n<meta name=\"twitter:label1\" content=\"Est. reading time\" \/>\n\t<meta name=\"twitter:data1\" content=\"1 minute\" \/>\n<script type=\"application\/ld+json\" class=\"yoast-schema-graph\">{\"@context\":\"https:\\\/\\\/schema.org\",\"@graph\":[{\"@type\":\"WebPage\",\"@id\":\"https:\\\/\\\/webknjizara.hr\\\/proizvod\\\/na-obroncima-snova-dinko-bekavac\\\/\",\"url\":\"https:\\\/\\\/webknjizara.hr\\\/proizvod\\\/na-obroncima-snova-dinko-bekavac\\\/\",\"name\":\"NA OBRONCIMA SNOVA, Dinko Bekavac - Web-knji\u017eara\",\"isPartOf\":{\"@id\":\"https:\\\/\\\/webknjizara.hr\\\/#website\"},\"primaryImageOfPage\":{\"@id\":\"https:\\\/\\\/webknjizara.hr\\\/proizvod\\\/na-obroncima-snova-dinko-bekavac\\\/#primaryimage\"},\"image\":{\"@id\":\"https:\\\/\\\/webknjizara.hr\\\/proizvod\\\/na-obroncima-snova-dinko-bekavac\\\/#primaryimage\"},\"thumbnailUrl\":\"https:\\\/\\\/webknjizara.hr\\\/wp-content\\\/uploads\\\/nc\\\/images\\\/virtuemart\\\/product\\\/na-obroncima-sno-5216f524eb844.jpg\",\"datePublished\":\"2013-08-23T05:37:40+00:00\",\"dateModified\":\"2023-02-26T23:15:57+00:00\",\"breadcrumb\":{\"@id\":\"https:\\\/\\\/webknjizara.hr\\\/proizvod\\\/na-obroncima-snova-dinko-bekavac\\\/#breadcrumb\"},\"inLanguage\":\"en-US\",\"potentialAction\":[{\"@type\":\"ReadAction\",\"target\":[\"https:\\\/\\\/webknjizara.hr\\\/proizvod\\\/na-obroncima-snova-dinko-bekavac\\\/\"]}]},{\"@type\":\"ImageObject\",\"inLanguage\":\"en-US\",\"@id\":\"https:\\\/\\\/webknjizara.hr\\\/proizvod\\\/na-obroncima-snova-dinko-bekavac\\\/#primaryimage\",\"url\":\"https:\\\/\\\/webknjizara.hr\\\/wp-content\\\/uploads\\\/nc\\\/images\\\/virtuemart\\\/product\\\/na-obroncima-sno-5216f524eb844.jpg\",\"contentUrl\":\"https:\\\/\\\/webknjizara.hr\\\/wp-content\\\/uploads\\\/nc\\\/images\\\/virtuemart\\\/product\\\/na-obroncima-sno-5216f524eb844.jpg\",\"width\":358,\"height\":500,\"caption\":\"NA OBRONCIMA SNOVA, Dinko Bekavac\"},{\"@type\":\"BreadcrumbList\",\"@id\":\"https:\\\/\\\/webknjizara.hr\\\/proizvod\\\/na-obroncima-snova-dinko-bekavac\\\/#breadcrumb\",\"itemListElement\":[{\"@type\":\"ListItem\",\"position\":1,\"name\":\"Po\u010detna stranica\",\"item\":\"https:\\\/\\\/webknjizara.hr\\\/en\\\/\"},{\"@type\":\"ListItem\",\"position\":2,\"name\":\"Shop\",\"item\":\"https:\\\/\\\/webknjizara.hr\\\/shop\\\/\"},{\"@type\":\"ListItem\",\"position\":3,\"name\":\"NA OBRONCIMA SNOVA, Dinko Bekavac\"}]},{\"@type\":\"WebSite\",\"@id\":\"https:\\\/\\\/webknjizara.hr\\\/#website\",\"url\":\"https:\\\/\\\/webknjizara.hr\\\/\",\"name\":\"Web Knji\u017eara\",\"description\":\"\",\"publisher\":{\"@id\":\"https:\\\/\\\/webknjizara.hr\\\/#organization\"},\"potentialAction\":[{\"@type\":\"SearchAction\",\"target\":{\"@type\":\"EntryPoint\",\"urlTemplate\":\"https:\\\/\\\/webknjizara.hr\\\/?s={search_term_string}\"},\"query-input\":{\"@type\":\"PropertyValueSpecification\",\"valueRequired\":true,\"valueName\":\"search_term_string\"}}],\"inLanguage\":\"en-US\"},{\"@type\":\"Organization\",\"@id\":\"https:\\\/\\\/webknjizara.hr\\\/#organization\",\"name\":\"REDAK D.O.O.\",\"url\":\"https:\\\/\\\/webknjizara.hr\\\/\",\"logo\":{\"@type\":\"ImageObject\",\"inLanguage\":\"en-US\",\"@id\":\"https:\\\/\\\/webknjizara.hr\\\/#\\\/schema\\\/logo\\\/image\\\/\",\"url\":\"https:\\\/\\\/webknjizara.hr\\\/wp-content\\\/uploads\\\/2023\\\/01\\\/web-knjizara-logo.webp\",\"contentUrl\":\"https:\\\/\\\/webknjizara.hr\\\/wp-content\\\/uploads\\\/2023\\\/01\\\/web-knjizara-logo.webp\",\"width\":324,\"height\":79,\"caption\":\"REDAK D.O.O.\"},\"image\":{\"@id\":\"https:\\\/\\\/webknjizara.hr\\\/#\\\/schema\\\/logo\\\/image\\\/\"}}]}<\/script>\n<!-- \/ Yoast SEO plugin. -->","yoast_head_json":{"title":"NA OBRONCIMA SNOVA, Dinko Bekavac - Web-knji\u017eara","robots":{"index":"index","follow":"follow","max-snippet":"max-snippet:-1","max-image-preview":"max-image-preview:large","max-video-preview":"max-video-preview:-1"},"canonical":"https:\/\/webknjizara.hr\/proizvod\/na-obroncima-snova-dinko-bekavac\/","og_locale":"en_US","og_type":"article","og_title":"NA OBRONCIMA SNOVA, Dinko Bekavac - Web-knji\u017eara","og_description":"Sa\u017eetak: Knjiga je namijenjena ljubiteljima poezije koji vole slike, jer su pjesme mahom posve\u0107ene mojim slikarskim djelima, moru, i pjesme ljubavne, voljenoj supruzi. Bilje\u0161ka o autoru: Nakon umirovljenja aktivno se bavim likovnom umjetno\u0161\u0107u iz kojih je proistekla \u017eelja da slike opi\u0161em u poeziji.\u00a0 Preokupacija mojih slika su more, vedute, portreti i balerine, te ljubav prema [&hellip;]","og_url":"https:\/\/webknjizara.hr\/proizvod\/na-obroncima-snova-dinko-bekavac\/","og_site_name":"Web-knji\u017eara","article_modified_time":"2023-02-26T23:15:57+00:00","og_image":[{"width":358,"height":500,"url":"https:\/\/webknjizara.hr\/wp-content\/uploads\/nc\/images\/virtuemart\/product\/na-obroncima-sno-5216f524eb844.jpg","type":"image\/jpeg"}],"twitter_card":"summary_large_image","twitter_misc":{"Est. reading time":"1 minute"},"schema":{"@context":"https:\/\/schema.org","@graph":[{"@type":"WebPage","@id":"https:\/\/webknjizara.hr\/proizvod\/na-obroncima-snova-dinko-bekavac\/","url":"https:\/\/webknjizara.hr\/proizvod\/na-obroncima-snova-dinko-bekavac\/","name":"NA OBRONCIMA SNOVA, Dinko Bekavac - Web-knji\u017eara","isPartOf":{"@id":"https:\/\/webknjizara.hr\/#website"},"primaryImageOfPage":{"@id":"https:\/\/webknjizara.hr\/proizvod\/na-obroncima-snova-dinko-bekavac\/#primaryimage"},"image":{"@id":"https:\/\/webknjizara.hr\/proizvod\/na-obroncima-snova-dinko-bekavac\/#primaryimage"},"thumbnailUrl":"https:\/\/webknjizara.hr\/wp-content\/uploads\/nc\/images\/virtuemart\/product\/na-obroncima-sno-5216f524eb844.jpg","datePublished":"2013-08-23T05:37:40+00:00","dateModified":"2023-02-26T23:15:57+00:00","breadcrumb":{"@id":"https:\/\/webknjizara.hr\/proizvod\/na-obroncima-snova-dinko-bekavac\/#breadcrumb"},"inLanguage":"en-US","potentialAction":[{"@type":"ReadAction","target":["https:\/\/webknjizara.hr\/proizvod\/na-obroncima-snova-dinko-bekavac\/"]}]},{"@type":"ImageObject","inLanguage":"en-US","@id":"https:\/\/webknjizara.hr\/proizvod\/na-obroncima-snova-dinko-bekavac\/#primaryimage","url":"https:\/\/webknjizara.hr\/wp-content\/uploads\/nc\/images\/virtuemart\/product\/na-obroncima-sno-5216f524eb844.jpg","contentUrl":"https:\/\/webknjizara.hr\/wp-content\/uploads\/nc\/images\/virtuemart\/product\/na-obroncima-sno-5216f524eb844.jpg","width":358,"height":500,"caption":"NA OBRONCIMA SNOVA, Dinko Bekavac"},{"@type":"BreadcrumbList","@id":"https:\/\/webknjizara.hr\/proizvod\/na-obroncima-snova-dinko-bekavac\/#breadcrumb","itemListElement":[{"@type":"ListItem","position":1,"name":"Po\u010detna stranica","item":"https:\/\/webknjizara.hr\/en\/"},{"@type":"ListItem","position":2,"name":"Shop","item":"https:\/\/webknjizara.hr\/shop\/"},{"@type":"ListItem","position":3,"name":"NA OBRONCIMA SNOVA, Dinko Bekavac"}]},{"@type":"WebSite","@id":"https:\/\/webknjizara.hr\/#website","url":"https:\/\/webknjizara.hr\/","name":"Web Knji\u017eara","description":"","publisher":{"@id":"https:\/\/webknjizara.hr\/#organization"},"potentialAction":[{"@type":"SearchAction","target":{"@type":"EntryPoint","urlTemplate":"https:\/\/webknjizara.hr\/?s={search_term_string}"},"query-input":{"@type":"PropertyValueSpecification","valueRequired":true,"valueName":"search_term_string"}}],"inLanguage":"en-US"},{"@type":"Organization","@id":"https:\/\/webknjizara.hr\/#organization","name":"REDAK D.O.O.","url":"https:\/\/webknjizara.hr\/","logo":{"@type":"ImageObject","inLanguage":"en-US","@id":"https:\/\/webknjizara.hr\/#\/schema\/logo\/image\/","url":"https:\/\/webknjizara.hr\/wp-content\/uploads\/2023\/01\/web-knjizara-logo.webp","contentUrl":"https:\/\/webknjizara.hr\/wp-content\/uploads\/2023\/01\/web-knjizara-logo.webp","width":324,"height":79,"caption":"REDAK D.O.O."},"image":{"@id":"https:\/\/webknjizara.hr\/#\/schema\/logo\/image\/"}}]}},"_links":{"self":[{"href":"https:\/\/webknjizara.hr\/en\/wp-json\/wp\/v2\/product\/7683","targetHints":{"allow":["GET"]}}],"collection":[{"href":"https:\/\/webknjizara.hr\/en\/wp-json\/wp\/v2\/product"}],"about":[{"href":"https:\/\/webknjizara.hr\/en\/wp-json\/wp\/v2\/types\/product"}],"replies":[{"embeddable":true,"href":"https:\/\/webknjizara.hr\/en\/wp-json\/wp\/v2\/comments?post=7683"}],"wp:featuredmedia":[{"embeddable":true,"href":"https:\/\/webknjizara.hr\/en\/wp-json\/wp\/v2\/media\/7684"}],"wp:attachment":[{"href":"https:\/\/webknjizara.hr\/en\/wp-json\/wp\/v2\/media?parent=7683"}],"wp:term":[{"taxonomy":"product_brand","embeddable":true,"href":"https:\/\/webknjizara.hr\/en\/wp-json\/wp\/v2\/product_brand?post=7683"},{"taxonomy":"product_cat","embeddable":true,"href":"https:\/\/webknjizara.hr\/en\/wp-json\/wp\/v2\/product_cat?post=7683"},{"taxonomy":"product_tag","embeddable":true,"href":"https:\/\/webknjizara.hr\/en\/wp-json\/wp\/v2\/product_tag?post=7683"}],"curies":[{"name":"wp","href":"https:\/\/api.w.org\/{rel}","templated":true}]}}