{"id":7677,"date":"2013-08-02T22:03:00","date_gmt":"2013-08-02T22:03:00","guid":{"rendered":"https:\/\/webknjizara.hr\/?product=price-iz-mog-zivota-antun-kladaric"},"modified":"2023-02-27T00:15:57","modified_gmt":"2023-02-26T23:15:57","slug":"price-iz-mog-zivota-antun-kladaric","status":"publish","type":"product","link":"https:\/\/webknjizara.hr\/en\/proizvod\/price-iz-mog-zivota-antun-kladaric\/","title":{"rendered":"PRI\u010cE IZ MOG \u017dIVOTA, Antun Kladari\u0107"},"content":{"rendered":"<p style=\"text-align: justify;\"><strong><br \/>Sa\u017eetak:<\/strong><\/p>\n<p>Knjiga je skup kratkih pri\u010da \u2013 prikaza interesantnih scena iz \u017eivota autora, od tridesetih godina dvadesetog stolje\u0107a do dana\u0161njihi dana, prate\u0107i njegove korake od seoske \u0161kole i \u017eivota na selu, preko srednje \u0161kole, drugog svjetskog rata, bogoslovije, bijega prema Blajburgu, prvog zaposlenja, obitelji, sve do mirovine. Knjiga je puna ne samo detalja koji su interesantni njegovoj obitelji nego su te pri\u010de i vrlo interesantne sli\u010dice iz \u017eivota, rada, tehnologije i dru\u0161tva tih godina.<\/p>\n<p><strong>Bilje\u0161ka o autoru :<\/strong><\/p>\n<p>Ro\u0111en 1928. godine u selu Podcrkavlje povi\u0161e Slavonskog Broda, gdje se neki Franyo Kladari\u0107 spominje ve\u0107 u popisu stanovni\u0161tva iz 1698. \u0160kolovan za strojara a u duhu radio-amater i eletkrotehni\u010dar imao je u struci istra\u017eiva\u010dkoga dara i izleta u druga podru\u010dja te puno profesionalnih uspjeha i priznanja. Privatno blag i razlo\u017ean suprug i otac dva sina, uvijek zlatnih ruku za vlastitu ku\u0107u i susjede, i nadasve odli\u010dan pripovjeda\u010d.<\/p>\n<p><strong>Klju\u010dne rije\u010di:<\/strong> <br \/>memoari, Podcrkavlje, Slavonski Brod, Selce, tvornica \u0110uro \u0110akovi\u0107 Slavonski Brod, tvornica Bratstvo Novi Travnik, tvornica Kon\u010dar Zagreb <br \/><strong><br \/>Link:<\/strong> <a href=\"http:\/\/antun.kladaric.net\">http:\/\/antun.kladaric.net<\/a><br \/><strong>E-mail:<\/strong> <a href=\"mailto:antun@kladaric.net\">Antun Kladari\u0107<\/a><\/p>\n<p><strong>Naslov:<\/strong> Pri\u010de iz mog \u017eivota<br \/><strong>Autor:<\/strong> Antun Kladari\u0107<br \/><strong>Broj stranica:<\/strong> 274<br \/><strong>Nakladnik:<\/strong> REDAK<br \/><strong>Godina izdanja:<\/strong> 2013.<br \/><strong>ISBN:<\/strong> 978-953-336-068-3<br \/><strong>Tisak:<\/strong> digitalni tisak knjiga &#8211; print na zahtjev<\/p>\n","protected":false},"excerpt":{"rendered":"<p>Sa\u017eetak: Knjiga je skup kratkih pri\u010da \u2013 prikaza interesantnih scena iz \u017eivota autora, od tridesetih godina dvadesetog stolje\u0107a do dana\u0161njihi dana, prate\u0107i njegove korake od seoske \u0161kole i \u017eivota na selu, preko srednje \u0161kole, drugog svjetskog rata, bogoslovije, bijega prema Blajburgu, prvog zaposlenja, obitelji, sve do mirovine. Knjiga je puna ne samo detalja koji su [&hellip;]<\/p>\n","protected":false},"featured_media":7678,"comment_status":"open","ping_status":"closed","template":"","meta":{"_acf_changed":false},"product_brand":[],"product_cat":[1383,1385],"product_tag":[],"class_list":{"0":"post-7677","1":"product","2":"type-product","3":"status-publish","4":"has-post-thumbnail","6":"product_cat-knjige","7":"product_cat-knjizevnost","8":"pa_nakladnik-redak","10":"first","11":"instock","12":"shipping-taxable","13":"purchasable","14":"product-type-simple"},"acf":[],"yoast_head":"<!-- This site is optimized with the Yoast SEO plugin v27.3 - https:\/\/yoast.com\/product\/yoast-seo-wordpress\/ -->\n<title>PRI\u010cE IZ MOG \u017dIVOTA, Antun Kladari\u0107 - Web-knji\u017eara<\/title>\n<meta name=\"robots\" content=\"index, follow, max-snippet:-1, max-image-preview:large, max-video-preview:-1\" \/>\n<link rel=\"canonical\" href=\"https:\/\/webknjizara.hr\/proizvod\/price-iz-mog-zivota-antun-kladaric\/\" \/>\n<meta property=\"og:locale\" content=\"en_US\" \/>\n<meta property=\"og:type\" content=\"article\" \/>\n<meta property=\"og:title\" content=\"PRI\u010cE IZ MOG \u017dIVOTA, Antun Kladari\u0107 - Web-knji\u017eara\" \/>\n<meta property=\"og:description\" content=\"Sa\u017eetak: Knjiga je skup kratkih pri\u010da \u2013 prikaza interesantnih scena iz \u017eivota autora, od tridesetih godina dvadesetog stolje\u0107a do dana\u0161njihi dana, prate\u0107i njegove korake od seoske \u0161kole i \u017eivota na selu, preko srednje \u0161kole, drugog svjetskog rata, bogoslovije, bijega prema Blajburgu, prvog zaposlenja, obitelji, sve do mirovine. Knjiga je puna ne samo detalja koji su [&hellip;]\" \/>\n<meta property=\"og:url\" content=\"https:\/\/webknjizara.hr\/proizvod\/price-iz-mog-zivota-antun-kladaric\/\" \/>\n<meta property=\"og:site_name\" content=\"Web-knji\u017eara\" \/>\n<meta property=\"article:modified_time\" content=\"2023-02-26T23:15:57+00:00\" \/>\n<meta property=\"og:image\" content=\"https:\/\/webknjizara.hr\/wp-content\/uploads\/nc\/images\/virtuemart\/product\/pri-e-iz-mog-51fc2c94d391c.jpg\" \/>\n\t<meta property=\"og:image:width\" content=\"387\" \/>\n\t<meta property=\"og:image:height\" content=\"534\" \/>\n\t<meta property=\"og:image:type\" content=\"image\/jpeg\" \/>\n<meta name=\"twitter:card\" content=\"summary_large_image\" \/>\n<meta name=\"twitter:label1\" content=\"Est. reading time\" \/>\n\t<meta name=\"twitter:data1\" content=\"1 minute\" \/>\n<script type=\"application\/ld+json\" class=\"yoast-schema-graph\">{\"@context\":\"https:\\\/\\\/schema.org\",\"@graph\":[{\"@type\":\"WebPage\",\"@id\":\"https:\\\/\\\/webknjizara.hr\\\/proizvod\\\/price-iz-mog-zivota-antun-kladaric\\\/\",\"url\":\"https:\\\/\\\/webknjizara.hr\\\/proizvod\\\/price-iz-mog-zivota-antun-kladaric\\\/\",\"name\":\"PRI\u010cE IZ MOG \u017dIVOTA, Antun Kladari\u0107 - Web-knji\u017eara\",\"isPartOf\":{\"@id\":\"https:\\\/\\\/webknjizara.hr\\\/#website\"},\"primaryImageOfPage\":{\"@id\":\"https:\\\/\\\/webknjizara.hr\\\/proizvod\\\/price-iz-mog-zivota-antun-kladaric\\\/#primaryimage\"},\"image\":{\"@id\":\"https:\\\/\\\/webknjizara.hr\\\/proizvod\\\/price-iz-mog-zivota-antun-kladaric\\\/#primaryimage\"},\"thumbnailUrl\":\"https:\\\/\\\/webknjizara.hr\\\/wp-content\\\/uploads\\\/nc\\\/images\\\/virtuemart\\\/product\\\/pri-e-iz-mog-51fc2c94d391c.jpg\",\"datePublished\":\"2013-08-02T22:03:00+00:00\",\"dateModified\":\"2023-02-26T23:15:57+00:00\",\"breadcrumb\":{\"@id\":\"https:\\\/\\\/webknjizara.hr\\\/proizvod\\\/price-iz-mog-zivota-antun-kladaric\\\/#breadcrumb\"},\"inLanguage\":\"en-US\",\"potentialAction\":[{\"@type\":\"ReadAction\",\"target\":[\"https:\\\/\\\/webknjizara.hr\\\/proizvod\\\/price-iz-mog-zivota-antun-kladaric\\\/\"]}]},{\"@type\":\"ImageObject\",\"inLanguage\":\"en-US\",\"@id\":\"https:\\\/\\\/webknjizara.hr\\\/proizvod\\\/price-iz-mog-zivota-antun-kladaric\\\/#primaryimage\",\"url\":\"https:\\\/\\\/webknjizara.hr\\\/wp-content\\\/uploads\\\/nc\\\/images\\\/virtuemart\\\/product\\\/pri-e-iz-mog-51fc2c94d391c.jpg\",\"contentUrl\":\"https:\\\/\\\/webknjizara.hr\\\/wp-content\\\/uploads\\\/nc\\\/images\\\/virtuemart\\\/product\\\/pri-e-iz-mog-51fc2c94d391c.jpg\",\"width\":387,\"height\":534,\"caption\":\"PRI\u010cE IZ MOG \u017dIVOTA, Antun Kladari\u0107\"},{\"@type\":\"BreadcrumbList\",\"@id\":\"https:\\\/\\\/webknjizara.hr\\\/proizvod\\\/price-iz-mog-zivota-antun-kladaric\\\/#breadcrumb\",\"itemListElement\":[{\"@type\":\"ListItem\",\"position\":1,\"name\":\"Po\u010detna stranica\",\"item\":\"https:\\\/\\\/webknjizara.hr\\\/en\\\/\"},{\"@type\":\"ListItem\",\"position\":2,\"name\":\"Shop\",\"item\":\"https:\\\/\\\/webknjizara.hr\\\/shop\\\/\"},{\"@type\":\"ListItem\",\"position\":3,\"name\":\"PRI\u010cE IZ MOG \u017dIVOTA, Antun Kladari\u0107\"}]},{\"@type\":\"WebSite\",\"@id\":\"https:\\\/\\\/webknjizara.hr\\\/#website\",\"url\":\"https:\\\/\\\/webknjizara.hr\\\/\",\"name\":\"Web Knji\u017eara\",\"description\":\"\",\"publisher\":{\"@id\":\"https:\\\/\\\/webknjizara.hr\\\/#organization\"},\"potentialAction\":[{\"@type\":\"SearchAction\",\"target\":{\"@type\":\"EntryPoint\",\"urlTemplate\":\"https:\\\/\\\/webknjizara.hr\\\/?s={search_term_string}\"},\"query-input\":{\"@type\":\"PropertyValueSpecification\",\"valueRequired\":true,\"valueName\":\"search_term_string\"}}],\"inLanguage\":\"en-US\"},{\"@type\":\"Organization\",\"@id\":\"https:\\\/\\\/webknjizara.hr\\\/#organization\",\"name\":\"REDAK D.O.O.\",\"url\":\"https:\\\/\\\/webknjizara.hr\\\/\",\"logo\":{\"@type\":\"ImageObject\",\"inLanguage\":\"en-US\",\"@id\":\"https:\\\/\\\/webknjizara.hr\\\/#\\\/schema\\\/logo\\\/image\\\/\",\"url\":\"https:\\\/\\\/webknjizara.hr\\\/wp-content\\\/uploads\\\/2023\\\/01\\\/web-knjizara-logo.webp\",\"contentUrl\":\"https:\\\/\\\/webknjizara.hr\\\/wp-content\\\/uploads\\\/2023\\\/01\\\/web-knjizara-logo.webp\",\"width\":324,\"height\":79,\"caption\":\"REDAK D.O.O.\"},\"image\":{\"@id\":\"https:\\\/\\\/webknjizara.hr\\\/#\\\/schema\\\/logo\\\/image\\\/\"}}]}<\/script>\n<!-- \/ Yoast SEO plugin. -->","yoast_head_json":{"title":"PRI\u010cE IZ MOG \u017dIVOTA, Antun Kladari\u0107 - Web-knji\u017eara","robots":{"index":"index","follow":"follow","max-snippet":"max-snippet:-1","max-image-preview":"max-image-preview:large","max-video-preview":"max-video-preview:-1"},"canonical":"https:\/\/webknjizara.hr\/proizvod\/price-iz-mog-zivota-antun-kladaric\/","og_locale":"en_US","og_type":"article","og_title":"PRI\u010cE IZ MOG \u017dIVOTA, Antun Kladari\u0107 - Web-knji\u017eara","og_description":"Sa\u017eetak: Knjiga je skup kratkih pri\u010da \u2013 prikaza interesantnih scena iz \u017eivota autora, od tridesetih godina dvadesetog stolje\u0107a do dana\u0161njihi dana, prate\u0107i njegove korake od seoske \u0161kole i \u017eivota na selu, preko srednje \u0161kole, drugog svjetskog rata, bogoslovije, bijega prema Blajburgu, prvog zaposlenja, obitelji, sve do mirovine. Knjiga je puna ne samo detalja koji su [&hellip;]","og_url":"https:\/\/webknjizara.hr\/proizvod\/price-iz-mog-zivota-antun-kladaric\/","og_site_name":"Web-knji\u017eara","article_modified_time":"2023-02-26T23:15:57+00:00","og_image":[{"width":387,"height":534,"url":"https:\/\/webknjizara.hr\/wp-content\/uploads\/nc\/images\/virtuemart\/product\/pri-e-iz-mog-51fc2c94d391c.jpg","type":"image\/jpeg"}],"twitter_card":"summary_large_image","twitter_misc":{"Est. reading time":"1 minute"},"schema":{"@context":"https:\/\/schema.org","@graph":[{"@type":"WebPage","@id":"https:\/\/webknjizara.hr\/proizvod\/price-iz-mog-zivota-antun-kladaric\/","url":"https:\/\/webknjizara.hr\/proizvod\/price-iz-mog-zivota-antun-kladaric\/","name":"PRI\u010cE IZ MOG \u017dIVOTA, Antun Kladari\u0107 - Web-knji\u017eara","isPartOf":{"@id":"https:\/\/webknjizara.hr\/#website"},"primaryImageOfPage":{"@id":"https:\/\/webknjizara.hr\/proizvod\/price-iz-mog-zivota-antun-kladaric\/#primaryimage"},"image":{"@id":"https:\/\/webknjizara.hr\/proizvod\/price-iz-mog-zivota-antun-kladaric\/#primaryimage"},"thumbnailUrl":"https:\/\/webknjizara.hr\/wp-content\/uploads\/nc\/images\/virtuemart\/product\/pri-e-iz-mog-51fc2c94d391c.jpg","datePublished":"2013-08-02T22:03:00+00:00","dateModified":"2023-02-26T23:15:57+00:00","breadcrumb":{"@id":"https:\/\/webknjizara.hr\/proizvod\/price-iz-mog-zivota-antun-kladaric\/#breadcrumb"},"inLanguage":"en-US","potentialAction":[{"@type":"ReadAction","target":["https:\/\/webknjizara.hr\/proizvod\/price-iz-mog-zivota-antun-kladaric\/"]}]},{"@type":"ImageObject","inLanguage":"en-US","@id":"https:\/\/webknjizara.hr\/proizvod\/price-iz-mog-zivota-antun-kladaric\/#primaryimage","url":"https:\/\/webknjizara.hr\/wp-content\/uploads\/nc\/images\/virtuemart\/product\/pri-e-iz-mog-51fc2c94d391c.jpg","contentUrl":"https:\/\/webknjizara.hr\/wp-content\/uploads\/nc\/images\/virtuemart\/product\/pri-e-iz-mog-51fc2c94d391c.jpg","width":387,"height":534,"caption":"PRI\u010cE IZ MOG \u017dIVOTA, Antun Kladari\u0107"},{"@type":"BreadcrumbList","@id":"https:\/\/webknjizara.hr\/proizvod\/price-iz-mog-zivota-antun-kladaric\/#breadcrumb","itemListElement":[{"@type":"ListItem","position":1,"name":"Po\u010detna stranica","item":"https:\/\/webknjizara.hr\/en\/"},{"@type":"ListItem","position":2,"name":"Shop","item":"https:\/\/webknjizara.hr\/shop\/"},{"@type":"ListItem","position":3,"name":"PRI\u010cE IZ MOG \u017dIVOTA, Antun Kladari\u0107"}]},{"@type":"WebSite","@id":"https:\/\/webknjizara.hr\/#website","url":"https:\/\/webknjizara.hr\/","name":"Web Knji\u017eara","description":"","publisher":{"@id":"https:\/\/webknjizara.hr\/#organization"},"potentialAction":[{"@type":"SearchAction","target":{"@type":"EntryPoint","urlTemplate":"https:\/\/webknjizara.hr\/?s={search_term_string}"},"query-input":{"@type":"PropertyValueSpecification","valueRequired":true,"valueName":"search_term_string"}}],"inLanguage":"en-US"},{"@type":"Organization","@id":"https:\/\/webknjizara.hr\/#organization","name":"REDAK D.O.O.","url":"https:\/\/webknjizara.hr\/","logo":{"@type":"ImageObject","inLanguage":"en-US","@id":"https:\/\/webknjizara.hr\/#\/schema\/logo\/image\/","url":"https:\/\/webknjizara.hr\/wp-content\/uploads\/2023\/01\/web-knjizara-logo.webp","contentUrl":"https:\/\/webknjizara.hr\/wp-content\/uploads\/2023\/01\/web-knjizara-logo.webp","width":324,"height":79,"caption":"REDAK D.O.O."},"image":{"@id":"https:\/\/webknjizara.hr\/#\/schema\/logo\/image\/"}}]}},"_links":{"self":[{"href":"https:\/\/webknjizara.hr\/en\/wp-json\/wp\/v2\/product\/7677","targetHints":{"allow":["GET"]}}],"collection":[{"href":"https:\/\/webknjizara.hr\/en\/wp-json\/wp\/v2\/product"}],"about":[{"href":"https:\/\/webknjizara.hr\/en\/wp-json\/wp\/v2\/types\/product"}],"replies":[{"embeddable":true,"href":"https:\/\/webknjizara.hr\/en\/wp-json\/wp\/v2\/comments?post=7677"}],"wp:featuredmedia":[{"embeddable":true,"href":"https:\/\/webknjizara.hr\/en\/wp-json\/wp\/v2\/media\/7678"}],"wp:attachment":[{"href":"https:\/\/webknjizara.hr\/en\/wp-json\/wp\/v2\/media?parent=7677"}],"wp:term":[{"taxonomy":"product_brand","embeddable":true,"href":"https:\/\/webknjizara.hr\/en\/wp-json\/wp\/v2\/product_brand?post=7677"},{"taxonomy":"product_cat","embeddable":true,"href":"https:\/\/webknjizara.hr\/en\/wp-json\/wp\/v2\/product_cat?post=7677"},{"taxonomy":"product_tag","embeddable":true,"href":"https:\/\/webknjizara.hr\/en\/wp-json\/wp\/v2\/product_tag?post=7677"}],"curies":[{"name":"wp","href":"https:\/\/api.w.org\/{rel}","templated":true}]}}