{"id":7667,"date":"2013-07-03T20:05:14","date_gmt":"2013-07-03T20:05:14","guid":{"rendered":"https:\/\/webknjizara.hr\/?product=bolesnik-sa-srcanozilnom-bolesti-u-obiteljskoj-medicini-grupa-a"},"modified":"2023-02-27T00:15:56","modified_gmt":"2023-02-26T23:15:56","slug":"bolesnik-sa-srcanozilnom-bolesti-u-obiteljskoj-medicini-grupa-a","status":"publish","type":"product","link":"https:\/\/webknjizara.hr\/en\/proizvod\/bolesnik-sa-srcanozilnom-bolesti-u-obiteljskoj-medicini-grupa-a\/","title":{"rendered":"BOLESNIK SA SR\u010cANO\u017dILNOM BOLESTI U OBITELJSKOJ MEDICINI, grupa a"},"content":{"rendered":"<p style=\"text-align: justify;\"><strong><br \/>Sa\u017eetak:<br \/><\/strong><br \/>Kardiovaskularne (KV) bolesti va\u017ean su javnozdravstveni problem u nas i u svijetu. Vode\u0107i su uzrok morbiditeta i mortaliteta ve\u0107ine zemalja svijeta. Iako se u posljednje tri godine bilje\u017ei ohrabruju\u0107i trend smanjenja smrtnosti od KV bolesti u nas, Republika Hrvatska jo\u0161 uvijek pripada me\u0111u zemlje visokog rizika za te bolesti.\u00a0 Zna\u010denje tog globalnog problema prepoznalo je i Dru\u0161tvo nastavnika op\u0107e\/obiteljske medicine, uzev\u0161i\u00a0 KV bolesti za glavnu temu svog \u010detvrtog kongresa\u00a0 s me\u0111unarodnim sudjelovanjem. Kongres je\u00a0 odr\u017ean u o\u017eujku.2013. u Zagrebu pod nazivom\u00a0 Bolesnik sa sr\u010dano \u017eilnom bolesti u obiteljskoj medicini. Zbornik kongresa tiskan je na 511 stranica i opremljen brojnim dijagramima, slikama i tablicama.Prvi dio zbornika\u00a0 sadr\u017ei ukupno 37 preglednih \u010dlanaka autora iz zemlje i inozemstva, a drugi dio\u00a0 30 sa\u017eetaka postera s razli\u010ditim temama, a koji su bili prikazani na kongresu. \u010clanci zbornika daju prikaz\u00a0 brojnih tematskih cjelina\u00a0 iz podru\u010dja kardiovaskularne medicine (KV prevencija, ukupni KV rizika, arterijska hip\u0161ertenzija, dislipidemija, KV bolesti u dijabeti\u010dara, te mnoge druge) doti\u010du\u0107i tako \u010destu kazuistiku svakodnevno prisutnu u radu obiteljskih lije\u010dnika. Zbornik je namijenjen kako studentima dodiplomske nastave kao korisno nastavno \u0161tivo, tako i obiteljskim lije\u010dnicima kao\u00a0 vrijedan priru\u010dnik primjenjiv u njihovom svakodnevnom\u00a0 radu.<\/p>\n<p style=\"text-align: justify;\"><strong>Bilje\u0161ka o urednici: \u00a0<\/strong>\u00a0 \u00a0<\/p>\n<p><strong>Prof.dr.sc. Biserka Bergman Markovi\u0107<\/strong>, ro\u0111ena 13.01.1952. u Zagrebu, Hrvatska. Od 1976 godine radi u Ordinaciji op\u0107e medicine. Nakon specijalizacije iz obiteljske medicine 1982, zapo\u0161ljava se Katedri za obiteljsku medicine Medicinskog fakulteta u Zagrebu. Polje u\u017eeg interesa je prevencija kardiovaskularnih bolesti. Kao predsjednik Dru\u0161tva nastavnika op\u0107e\/obiteljske medicine od 2008. godine organizirala je svake godine kongres I dvadesetak radionica na kojima poti\u010de da lije\u010dnici obiteljske medicine sudjeluju kao nastavnici u trajnoj edukaciji lije\u010dnika obiteljske medicine. Autor nekoliko desetaka znanstvenih i stru\u010dnih radova, voditelj projekta o utjecaju intervenciji lije\u010dnika obiteljske medicine na sr\u010dano \u017eilnu bolest. <br \/><strong><br \/>Klju\u010dne rije\u010di:<\/strong> obiteljska medicina, zbornik, kardiovaskularne bolesti, sr\u010dano\u017eilne bolesti<\/p>\n<p><strong>Link:<\/strong> <a target=\"_blank\" href=\"http:\/\/www.dnoom.org\" rel=\"noopener\">www.dnoom.org<\/a><\/p>\n<p><strong>Naslov:<\/strong> Bolesnik sa sr\u010dano\u017eilnom bolesti u obiteljskoj medicini<br \/><strong>Autor:<\/strong> GRUPA AUTORA, Biserka Bergman Markovi\u0107 (ur.)<br \/><strong>Broj stranica:<\/strong> 288<br \/><strong>Nakladnik:<\/strong> REDAK<br \/><strong>Godina izdanja:<\/strong> 2013.<br \/><strong>Tisak:<\/strong> digitalni tisak knjiga &#8211; print na zahtjev<\/p>\n","protected":false},"excerpt":{"rendered":"<p>Sa\u017eetak:Kardiovaskularne (KV) bolesti va\u017ean su javnozdravstveni problem u nas i u svijetu. Vode\u0107i su uzrok morbiditeta i mortaliteta ve\u0107ine zemalja svijeta. Iako se u posljednje tri godine bilje\u017ei ohrabruju\u0107i trend smanjenja smrtnosti od KV bolesti u nas, Republika Hrvatska jo\u0161 uvijek pripada me\u0111u zemlje visokog rizika za te bolesti.\u00a0 Zna\u010denje tog globalnog problema prepoznalo je [&hellip;]<\/p>\n","protected":false},"featured_media":7668,"comment_status":"open","ping_status":"closed","template":"","meta":{"_acf_changed":false},"product_brand":[],"product_cat":[1540,1517],"product_tag":[],"class_list":{"0":"post-7667","1":"product","2":"type-product","3":"status-publish","4":"has-post-thumbnail","6":"product_cat-biomedicina-i-zdravstvo","7":"product_cat-strucna-literatura","8":"pa_autor-grupa-autora","9":"pa_autor-biserka-bergman-markovic-ur","10":"pa_nakladnik-redak","12":"first","13":"instock","14":"shipping-taxable","15":"purchasable","16":"product-type-simple"},"acf":[],"yoast_head":"<!-- This site is optimized with the Yoast SEO plugin v27.3 - https:\/\/yoast.com\/product\/yoast-seo-wordpress\/ -->\n<title>BOLESNIK SA SR\u010cANO\u017dILNOM BOLESTI U OBITELJSKOJ MEDICINI, grupa a - Web-knji\u017eara<\/title>\n<meta name=\"robots\" content=\"index, follow, max-snippet:-1, max-image-preview:large, max-video-preview:-1\" \/>\n<link rel=\"canonical\" href=\"https:\/\/webknjizara.hr\/proizvod\/bolesnik-sa-srcanozilnom-bolesti-u-obiteljskoj-medicini-grupa-a\/\" \/>\n<meta property=\"og:locale\" content=\"en_US\" \/>\n<meta property=\"og:type\" content=\"article\" \/>\n<meta property=\"og:title\" content=\"BOLESNIK SA SR\u010cANO\u017dILNOM BOLESTI U OBITELJSKOJ MEDICINI, grupa a - Web-knji\u017eara\" \/>\n<meta property=\"og:description\" content=\"Sa\u017eetak:Kardiovaskularne (KV) bolesti va\u017ean su javnozdravstveni problem u nas i u svijetu. Vode\u0107i su uzrok morbiditeta i mortaliteta ve\u0107ine zemalja svijeta. Iako se u posljednje tri godine bilje\u017ei ohrabruju\u0107i trend smanjenja smrtnosti od KV bolesti u nas, Republika Hrvatska jo\u0161 uvijek pripada me\u0111u zemlje visokog rizika za te bolesti.\u00a0 Zna\u010denje tog globalnog problema prepoznalo je [&hellip;]\" \/>\n<meta property=\"og:url\" content=\"https:\/\/webknjizara.hr\/proizvod\/bolesnik-sa-srcanozilnom-bolesti-u-obiteljskoj-medicini-grupa-a\/\" \/>\n<meta property=\"og:site_name\" content=\"Web-knji\u017eara\" \/>\n<meta property=\"article:modified_time\" content=\"2023-02-26T23:15:56+00:00\" \/>\n<meta property=\"og:image\" content=\"https:\/\/webknjizara.hr\/wp-content\/uploads\/nc\/images\/virtuemart\/product\/bolesnik-sa-sr-51d483fa9cb48.jpg\" \/>\n\t<meta property=\"og:image:width\" content=\"352\" \/>\n\t<meta property=\"og:image:height\" content=\"500\" \/>\n\t<meta property=\"og:image:type\" content=\"image\/jpeg\" \/>\n<meta name=\"twitter:card\" content=\"summary_large_image\" \/>\n<meta name=\"twitter:label1\" content=\"Est. reading time\" \/>\n\t<meta name=\"twitter:data1\" content=\"2 minutes\" \/>\n<script type=\"application\/ld+json\" class=\"yoast-schema-graph\">{\"@context\":\"https:\\\/\\\/schema.org\",\"@graph\":[{\"@type\":\"WebPage\",\"@id\":\"https:\\\/\\\/webknjizara.hr\\\/proizvod\\\/bolesnik-sa-srcanozilnom-bolesti-u-obiteljskoj-medicini-grupa-a\\\/\",\"url\":\"https:\\\/\\\/webknjizara.hr\\\/proizvod\\\/bolesnik-sa-srcanozilnom-bolesti-u-obiteljskoj-medicini-grupa-a\\\/\",\"name\":\"BOLESNIK SA SR\u010cANO\u017dILNOM BOLESTI U OBITELJSKOJ MEDICINI, grupa a - Web-knji\u017eara\",\"isPartOf\":{\"@id\":\"https:\\\/\\\/webknjizara.hr\\\/#website\"},\"primaryImageOfPage\":{\"@id\":\"https:\\\/\\\/webknjizara.hr\\\/proizvod\\\/bolesnik-sa-srcanozilnom-bolesti-u-obiteljskoj-medicini-grupa-a\\\/#primaryimage\"},\"image\":{\"@id\":\"https:\\\/\\\/webknjizara.hr\\\/proizvod\\\/bolesnik-sa-srcanozilnom-bolesti-u-obiteljskoj-medicini-grupa-a\\\/#primaryimage\"},\"thumbnailUrl\":\"https:\\\/\\\/webknjizara.hr\\\/wp-content\\\/uploads\\\/nc\\\/images\\\/virtuemart\\\/product\\\/bolesnik-sa-sr-51d483fa9cb48.jpg\",\"datePublished\":\"2013-07-03T20:05:14+00:00\",\"dateModified\":\"2023-02-26T23:15:56+00:00\",\"breadcrumb\":{\"@id\":\"https:\\\/\\\/webknjizara.hr\\\/proizvod\\\/bolesnik-sa-srcanozilnom-bolesti-u-obiteljskoj-medicini-grupa-a\\\/#breadcrumb\"},\"inLanguage\":\"en-US\",\"potentialAction\":[{\"@type\":\"ReadAction\",\"target\":[\"https:\\\/\\\/webknjizara.hr\\\/proizvod\\\/bolesnik-sa-srcanozilnom-bolesti-u-obiteljskoj-medicini-grupa-a\\\/\"]}]},{\"@type\":\"ImageObject\",\"inLanguage\":\"en-US\",\"@id\":\"https:\\\/\\\/webknjizara.hr\\\/proizvod\\\/bolesnik-sa-srcanozilnom-bolesti-u-obiteljskoj-medicini-grupa-a\\\/#primaryimage\",\"url\":\"https:\\\/\\\/webknjizara.hr\\\/wp-content\\\/uploads\\\/nc\\\/images\\\/virtuemart\\\/product\\\/bolesnik-sa-sr-51d483fa9cb48.jpg\",\"contentUrl\":\"https:\\\/\\\/webknjizara.hr\\\/wp-content\\\/uploads\\\/nc\\\/images\\\/virtuemart\\\/product\\\/bolesnik-sa-sr-51d483fa9cb48.jpg\",\"width\":352,\"height\":500,\"caption\":\"BOLESNIK SA SR\u010cANO\u017dILNOM BOLESTI U OBITELJSKOJ MEDICINI, grupa a\"},{\"@type\":\"BreadcrumbList\",\"@id\":\"https:\\\/\\\/webknjizara.hr\\\/proizvod\\\/bolesnik-sa-srcanozilnom-bolesti-u-obiteljskoj-medicini-grupa-a\\\/#breadcrumb\",\"itemListElement\":[{\"@type\":\"ListItem\",\"position\":1,\"name\":\"Po\u010detna stranica\",\"item\":\"https:\\\/\\\/webknjizara.hr\\\/en\\\/\"},{\"@type\":\"ListItem\",\"position\":2,\"name\":\"Shop\",\"item\":\"https:\\\/\\\/webknjizara.hr\\\/shop\\\/\"},{\"@type\":\"ListItem\",\"position\":3,\"name\":\"BOLESNIK SA SR\u010cANO\u017dILNOM BOLESTI U OBITELJSKOJ MEDICINI, grupa a\"}]},{\"@type\":\"WebSite\",\"@id\":\"https:\\\/\\\/webknjizara.hr\\\/#website\",\"url\":\"https:\\\/\\\/webknjizara.hr\\\/\",\"name\":\"Web Knji\u017eara\",\"description\":\"\",\"publisher\":{\"@id\":\"https:\\\/\\\/webknjizara.hr\\\/#organization\"},\"potentialAction\":[{\"@type\":\"SearchAction\",\"target\":{\"@type\":\"EntryPoint\",\"urlTemplate\":\"https:\\\/\\\/webknjizara.hr\\\/?s={search_term_string}\"},\"query-input\":{\"@type\":\"PropertyValueSpecification\",\"valueRequired\":true,\"valueName\":\"search_term_string\"}}],\"inLanguage\":\"en-US\"},{\"@type\":\"Organization\",\"@id\":\"https:\\\/\\\/webknjizara.hr\\\/#organization\",\"name\":\"REDAK D.O.O.\",\"url\":\"https:\\\/\\\/webknjizara.hr\\\/\",\"logo\":{\"@type\":\"ImageObject\",\"inLanguage\":\"en-US\",\"@id\":\"https:\\\/\\\/webknjizara.hr\\\/#\\\/schema\\\/logo\\\/image\\\/\",\"url\":\"https:\\\/\\\/webknjizara.hr\\\/wp-content\\\/uploads\\\/2023\\\/01\\\/web-knjizara-logo.webp\",\"contentUrl\":\"https:\\\/\\\/webknjizara.hr\\\/wp-content\\\/uploads\\\/2023\\\/01\\\/web-knjizara-logo.webp\",\"width\":324,\"height\":79,\"caption\":\"REDAK D.O.O.\"},\"image\":{\"@id\":\"https:\\\/\\\/webknjizara.hr\\\/#\\\/schema\\\/logo\\\/image\\\/\"}}]}<\/script>\n<!-- \/ Yoast SEO plugin. -->","yoast_head_json":{"title":"BOLESNIK SA SR\u010cANO\u017dILNOM BOLESTI U OBITELJSKOJ MEDICINI, grupa a - Web-knji\u017eara","robots":{"index":"index","follow":"follow","max-snippet":"max-snippet:-1","max-image-preview":"max-image-preview:large","max-video-preview":"max-video-preview:-1"},"canonical":"https:\/\/webknjizara.hr\/proizvod\/bolesnik-sa-srcanozilnom-bolesti-u-obiteljskoj-medicini-grupa-a\/","og_locale":"en_US","og_type":"article","og_title":"BOLESNIK SA SR\u010cANO\u017dILNOM BOLESTI U OBITELJSKOJ MEDICINI, grupa a - Web-knji\u017eara","og_description":"Sa\u017eetak:Kardiovaskularne (KV) bolesti va\u017ean su javnozdravstveni problem u nas i u svijetu. Vode\u0107i su uzrok morbiditeta i mortaliteta ve\u0107ine zemalja svijeta. Iako se u posljednje tri godine bilje\u017ei ohrabruju\u0107i trend smanjenja smrtnosti od KV bolesti u nas, Republika Hrvatska jo\u0161 uvijek pripada me\u0111u zemlje visokog rizika za te bolesti.\u00a0 Zna\u010denje tog globalnog problema prepoznalo je [&hellip;]","og_url":"https:\/\/webknjizara.hr\/proizvod\/bolesnik-sa-srcanozilnom-bolesti-u-obiteljskoj-medicini-grupa-a\/","og_site_name":"Web-knji\u017eara","article_modified_time":"2023-02-26T23:15:56+00:00","og_image":[{"width":352,"height":500,"url":"https:\/\/webknjizara.hr\/wp-content\/uploads\/nc\/images\/virtuemart\/product\/bolesnik-sa-sr-51d483fa9cb48.jpg","type":"image\/jpeg"}],"twitter_card":"summary_large_image","twitter_misc":{"Est. reading time":"2 minutes"},"schema":{"@context":"https:\/\/schema.org","@graph":[{"@type":"WebPage","@id":"https:\/\/webknjizara.hr\/proizvod\/bolesnik-sa-srcanozilnom-bolesti-u-obiteljskoj-medicini-grupa-a\/","url":"https:\/\/webknjizara.hr\/proizvod\/bolesnik-sa-srcanozilnom-bolesti-u-obiteljskoj-medicini-grupa-a\/","name":"BOLESNIK SA SR\u010cANO\u017dILNOM BOLESTI U OBITELJSKOJ MEDICINI, grupa a - Web-knji\u017eara","isPartOf":{"@id":"https:\/\/webknjizara.hr\/#website"},"primaryImageOfPage":{"@id":"https:\/\/webknjizara.hr\/proizvod\/bolesnik-sa-srcanozilnom-bolesti-u-obiteljskoj-medicini-grupa-a\/#primaryimage"},"image":{"@id":"https:\/\/webknjizara.hr\/proizvod\/bolesnik-sa-srcanozilnom-bolesti-u-obiteljskoj-medicini-grupa-a\/#primaryimage"},"thumbnailUrl":"https:\/\/webknjizara.hr\/wp-content\/uploads\/nc\/images\/virtuemart\/product\/bolesnik-sa-sr-51d483fa9cb48.jpg","datePublished":"2013-07-03T20:05:14+00:00","dateModified":"2023-02-26T23:15:56+00:00","breadcrumb":{"@id":"https:\/\/webknjizara.hr\/proizvod\/bolesnik-sa-srcanozilnom-bolesti-u-obiteljskoj-medicini-grupa-a\/#breadcrumb"},"inLanguage":"en-US","potentialAction":[{"@type":"ReadAction","target":["https:\/\/webknjizara.hr\/proizvod\/bolesnik-sa-srcanozilnom-bolesti-u-obiteljskoj-medicini-grupa-a\/"]}]},{"@type":"ImageObject","inLanguage":"en-US","@id":"https:\/\/webknjizara.hr\/proizvod\/bolesnik-sa-srcanozilnom-bolesti-u-obiteljskoj-medicini-grupa-a\/#primaryimage","url":"https:\/\/webknjizara.hr\/wp-content\/uploads\/nc\/images\/virtuemart\/product\/bolesnik-sa-sr-51d483fa9cb48.jpg","contentUrl":"https:\/\/webknjizara.hr\/wp-content\/uploads\/nc\/images\/virtuemart\/product\/bolesnik-sa-sr-51d483fa9cb48.jpg","width":352,"height":500,"caption":"BOLESNIK SA SR\u010cANO\u017dILNOM BOLESTI U OBITELJSKOJ MEDICINI, grupa a"},{"@type":"BreadcrumbList","@id":"https:\/\/webknjizara.hr\/proizvod\/bolesnik-sa-srcanozilnom-bolesti-u-obiteljskoj-medicini-grupa-a\/#breadcrumb","itemListElement":[{"@type":"ListItem","position":1,"name":"Po\u010detna stranica","item":"https:\/\/webknjizara.hr\/en\/"},{"@type":"ListItem","position":2,"name":"Shop","item":"https:\/\/webknjizara.hr\/shop\/"},{"@type":"ListItem","position":3,"name":"BOLESNIK SA SR\u010cANO\u017dILNOM BOLESTI U OBITELJSKOJ MEDICINI, grupa a"}]},{"@type":"WebSite","@id":"https:\/\/webknjizara.hr\/#website","url":"https:\/\/webknjizara.hr\/","name":"Web Knji\u017eara","description":"","publisher":{"@id":"https:\/\/webknjizara.hr\/#organization"},"potentialAction":[{"@type":"SearchAction","target":{"@type":"EntryPoint","urlTemplate":"https:\/\/webknjizara.hr\/?s={search_term_string}"},"query-input":{"@type":"PropertyValueSpecification","valueRequired":true,"valueName":"search_term_string"}}],"inLanguage":"en-US"},{"@type":"Organization","@id":"https:\/\/webknjizara.hr\/#organization","name":"REDAK D.O.O.","url":"https:\/\/webknjizara.hr\/","logo":{"@type":"ImageObject","inLanguage":"en-US","@id":"https:\/\/webknjizara.hr\/#\/schema\/logo\/image\/","url":"https:\/\/webknjizara.hr\/wp-content\/uploads\/2023\/01\/web-knjizara-logo.webp","contentUrl":"https:\/\/webknjizara.hr\/wp-content\/uploads\/2023\/01\/web-knjizara-logo.webp","width":324,"height":79,"caption":"REDAK D.O.O."},"image":{"@id":"https:\/\/webknjizara.hr\/#\/schema\/logo\/image\/"}}]}},"_links":{"self":[{"href":"https:\/\/webknjizara.hr\/en\/wp-json\/wp\/v2\/product\/7667","targetHints":{"allow":["GET"]}}],"collection":[{"href":"https:\/\/webknjizara.hr\/en\/wp-json\/wp\/v2\/product"}],"about":[{"href":"https:\/\/webknjizara.hr\/en\/wp-json\/wp\/v2\/types\/product"}],"replies":[{"embeddable":true,"href":"https:\/\/webknjizara.hr\/en\/wp-json\/wp\/v2\/comments?post=7667"}],"wp:featuredmedia":[{"embeddable":true,"href":"https:\/\/webknjizara.hr\/en\/wp-json\/wp\/v2\/media\/7668"}],"wp:attachment":[{"href":"https:\/\/webknjizara.hr\/en\/wp-json\/wp\/v2\/media?parent=7667"}],"wp:term":[{"taxonomy":"product_brand","embeddable":true,"href":"https:\/\/webknjizara.hr\/en\/wp-json\/wp\/v2\/product_brand?post=7667"},{"taxonomy":"product_cat","embeddable":true,"href":"https:\/\/webknjizara.hr\/en\/wp-json\/wp\/v2\/product_cat?post=7667"},{"taxonomy":"product_tag","embeddable":true,"href":"https:\/\/webknjizara.hr\/en\/wp-json\/wp\/v2\/product_tag?post=7667"}],"curies":[{"name":"wp","href":"https:\/\/api.w.org\/{rel}","templated":true}]}}