{"id":7665,"date":"2013-05-30T19:18:21","date_gmt":"2013-05-30T19:18:21","guid":{"rendered":"https:\/\/webknjizara.hr\/?product=teorija-sustava-i-upravljanja-d-nadrljanski-m-nadrljanski"},"modified":"2023-02-27T00:15:56","modified_gmt":"2023-02-26T23:15:56","slug":"teorija-sustava-i-upravljanja-d-nadrljanski-m-nadrljanski","status":"publish","type":"product","link":"https:\/\/webknjizara.hr\/en\/proizvod\/teorija-sustava-i-upravljanja-d-nadrljanski-m-nadrljanski\/","title":{"rendered":"TEORIJA SUSTAVA I UPRAVLJANJA, \u0110. Nadrljanski, M. Nadrljanski"},"content":{"rendered":"<p style=\"text-align: justify;\"><strong>Sa\u017eetak:<\/strong><\/p>\n<p>Niska razina znanja i svijesti o prednostima koje donose sustavi upravljanja organizacijama jedan je od glavnih uzroka niske razine implementiranosti sustava upravljanja u organizacijama u Republici Hrvatskoj. Nepostojanje standardiziranih sustava upravljanja koji sadr\u017ee alate za analiziranje rizika, smanjivanje utjecaja rizika na poslovanje te mno\u0161tvo ostalih smjernica koje donose me\u0111unarodno priznati sustavi upravljanja, mogu zna\u010dajno negativno utjecati na poslovanje i \u017eivotni ciklus organizacija, bez obzira na veli\u010dinu, strukturu ili oblik vlasni\u0161tva organizacija. Globalizacija, razvoj tr\u017ei\u0161ta i pomorstva, te sve br\u017ee odvijanje poslovnih procesa u organizacijama zahtijevaju standardizaciju i normizaciju te je name\u0107u u prvi plan svake ozbiljne organizacije dana\u0161njice. U usporedbi s razvijenim gospodarstvima, razina implementiranosti standardiziranih i me\u0111unarodno priznatih sustava upravljanja kod nas je vrlo niska. Cilj ovog kolegija je pove\u0107ati svijest i znanje studenata i to onih koji \u0107e sudjelovati u radu pomorskih organizacija, a naro\u010dito onih koji \u0107e imati inspektorsku funkciju. <\/p>\n<p>Sustav upravljanja implementiran u pomorskoj organizaciji pru\u017ea radni okvir unutar kojeg se ostvaruju \u017eeljeni rezultati promatrane pomorske organizacije na efikasan i u\u010dinkovit na\u010din. Drugim rije\u010dima, sustav upravljanja je \u201ena\u010din na koji \u017eelimo da posao bude obavljan\u201c. Sustav je skup elemenata koji su me\u0111usobno povezani i koji djeluju zajedno. Sustav upravljanja je dokumentirana i testirana \u201ekorak-po-korak\u201c (eng. step by step) metoda koja je usmjerena na funkcioniranje organizacije kroz standardne prakse.<\/p>\n<p>Sustav upravljanja je sustav kojim se pomo\u0107u utvr\u0111ene politike i ciljeva organizacije ti ciljevi i ostvaruju. Cilj svake uprave je postaviti organizaciju u kojoj svatko to\u010dno zna \u0161to, tko, kada, kako i gdje treba u\u010diniti da bi se ostvario plan. Sustavi upravljanja su modeli koji upravama organizacija u tome poma\u017eu. Postoji \u0161irok spektar razli\u010ditih sustava upravljanja koji pokrivaju razna podru\u010dja djelovanja. Sustavi upravljanja u organizacijama mogu se implementirati i odr\u017eavati pojedina\u010dno, me\u0111utim sve je \u010de\u0161\u0107a primjena integriranih sustava upravljanja. Integrirani sustav upravljanja je skup dvaju ili vi\u0161e razli\u010ditih pojedina\u010dnih sustava upravljanja uklopljenih u jedan me\u0111usobno uskla\u0111en sustav upravljanja. <\/p>\n<p>Sve \u010de\u0161\u0107a implementacija integriranih sustava upravljanja u organizacije ukazuje kako organizacije prepoznaju prednosti koje donose integrirani sustavi upravljanja. Naj\u010de\u0161\u0107i primjeri implementiranih integriranih sustava upravljanja odnose se na sustave upravljanja kvalitetom, za\u0161titom okoli\u0161a, sigurno\u0161\u0107u i za\u0161titom zdravlja.<br \/>Teorija sustava je znanost koja se bavi izu\u010davanjem sustava i zakonitostima koje u njima vladaju. Nastala je iz potrebe pronala\u017eenja takvih znanstvenih i prakti\u010dnih metoda pomo\u0107u kojih bi se na znanstveni na\u010din analizirali i rje\u0161avali problemi kod kojih tradicionalne i uobi\u010dajene metode, razvijene u drugim znanstvenim podru\u010djima, ne daju zadovoljavaju\u0107e rezultate. Njezino polazi\u0161te je da u svim podru\u010djima postoje pojave koje mo\u017eemo smatrati sustavima, odnosno da u njima postoje specifi\u010dne sustavne zakonitosti \u010dije nam poznavanje omogu\u0107uje shva\u0107anje pojave same, njenog sadr\u017eaja i pona\u0161anja. Primjena tog saznanja na najrazli\u010ditijim podru\u010djima ljudske djelatnosti donosi rje\u0161avanje znanstvenih i prakti\u010dnih problema. Nastala je s ciljem stvaranja jedne op\u0107e teorije koja bi obuhva\u0107ala prou\u010davanje sustavnih fenomena, tj. svih tipi\u010dnih sustavnih svojstava i vrijedila za sve sustave, bez obzira na njihovu prirodu (interdisciplinarnost-spre\u010davanje rascjepkanosti znanosti na sve u\u017ee discipline). Ameri\u010dki biolog Ludwig von Bertalanffy1, 1954. godine osniva \u201cDru\u0161tvo za op\u0107u teoriju sustava\u201d. To se smatra osnutkom teorije sustava, tj. sustava kao znanstvene discipline. Njezin predmet su: problemi koji se ne mogu izdvojiti i izolirati iz svoje sredine i podvrgnuti kontroliranim utjecajima, problemi razli\u010ditih raznorodnih podru\u010dja ( ne mogu se potpuno sagledati sa stajali\u0161ta jedne znanstvene discipline) te oni koji se javljaju kod slo\u017eenih dinami\u010dkih sustava i ne mogu se shvatiti i analizirati s jednog stajali\u0161ta. Cilj joj je vrlo slo\u017eene i komplicirane pojave sagledati i pojednostaviti te u\u010diniti dostupnim stru\u010dnom promatranju i prakti\u010dnom rje\u0161enju.<\/p>\n<p>U ovoj knjizi obra\u0111uju se sljede\u0107i sadr\u017eaji: Op\u0107a teorija sustava,opservacijske, analiti\u010dke i sustavne metode, temeljne zna\u010dajke sustava, vrste sustava i podjela sustava, sustavni pristup, sustavna analiza, heuristika,sustavnost, metoda crne kutije, sustavne razine, simboli\u010dko i grafi\u010dko prikazivanje sustava, formalizacija strukture sustava, formalizacija pona\u0161anja sustava, vremenski odnosi u sustavu, mre\u017ene metode, modeliranje i simulacija, upravljanje sustavima, teorija kaosa, sustavna dinamika, operacijska istra\u017eivanja.<\/p>\n<p><strong>Bilje\u0161ka o autorima:<\/strong><\/p>\n<p><strong>Dr.sc. \u0110or\u0111e Nadrljanski<\/strong>, znanstveno polje: informatika i informacijske tehnologije; kolegiji: Menad\u017ement informacijskih sistema, Informacijski sistemi, Metodologija znanstvenog rada i Informatika u obrazovanju. Diplomirao je na Fakultetu strojarstva u Beogradu 1968., a magistrirao 1973. Obranio je doktorsku disertaciju u podru\u010dju kibernetike i informacijskih znanosti na Fakultetu politi\u010dkih znanosti u Beogradu 1977. 1984. je izabran za redovitog profesora u znanstvenom podru\u010dju informatika i informacijske tehnologije. Dr.sc. \u0110or\u0111e Nadrljanski ima bogat znanstveni i stru\u010dni opus; autor je 62 knjige (vi\u0161e od 300 znanstvenih radova i 70 projekata u podru\u010dju informatike). Nadzirao je 22 doktorske disertacije, 46 magistarskih radova i 15 stru\u010dnih radova te je bio mentor na oko 250 radova. Predavao je kao gostuju\u0107i profesor na redovnim i poslijediplomskim studijima informatike na fakultetima u Novom Sadu, Beogradu, Rijeci, Splitu, Zadru, Osijeku i Zagrebu.<\/p>\n<p><strong>Dr.sc. Mila Nadrljanski, Rogulji\u0107<\/strong>, izvanredni profesor, znanstveno polje: informatika i informacijske tehnologije, informacijske znanosti, grana komunikologija. Diplomirala je na Fakultetu elektrotehnike, strojarstva i brodogradnje u Splitu 1984. i obranila magistarski rad u polju Automatike 1994. 2006. je dobila akademsku titulu doktora informacijskih znanosti, grana komunikologija. U 2011 je izabrana za akademsku titulu izvanrednog profesora, podru\u010dje dru\u0161tvenih znanosti, polje informacijskih znanosti, grana komunikologija. Dr.sc. Mila Nadrljanski ima bogat znanstveni i stru\u010dni opus; autor je 20 knjiga i vi\u0161e od 100 znanstvenih i stru\u010dnih radova. Trenutno radi na Pomorskom fakultetu u Splitu.<\/p>\n<p><strong>Klju\u010dne rije\u010di:<\/strong> osnove teorije sustava, sustavne teorije, sustavna dinamika, modeliranje i simulacija, metode operacijskih istra\u017eivanja<\/p>\n<p><strong>E-mail:<\/strong> <a href=\"mailto:milamika60@yahoo.com\">Mila Nadrljanski<\/a><\/p>\n<p><strong>Naslov:<\/strong> Teorija sustava i upravljanja<br \/><strong>Autor:<\/strong> \u0110or\u0111e Nadrljanski , Mila Nadrljanski<br \/><strong>Broj stranica:<\/strong> 154<br \/><strong>Nakladnik:<\/strong> REDAK<br \/><strong>Godina izdanja:<\/strong> 2013.<br \/><strong>ISBN:<\/strong> 978-953-336-055-3<br \/><strong>Tisak:<\/strong> digitalni tisak knjiga &#8211; print na zahtjev<\/p>\n","protected":false},"excerpt":{"rendered":"<p>Sa\u017eetak: Niska razina znanja i svijesti o prednostima koje donose sustavi upravljanja organizacijama jedan je od glavnih uzroka niske razine implementiranosti sustava upravljanja u organizacijama u Republici Hrvatskoj. Nepostojanje standardiziranih sustava upravljanja koji sadr\u017ee alate za analiziranje rizika, smanjivanje utjecaja rizika na poslovanje te mno\u0161tvo ostalih smjernica koje donose me\u0111unarodno priznati sustavi upravljanja, mogu zna\u010dajno [&hellip;]<\/p>\n","protected":false},"featured_media":7666,"comment_status":"open","ping_status":"closed","template":"","meta":{"_acf_changed":false},"product_brand":[],"product_cat":[1517,1390],"product_tag":[],"class_list":{"0":"post-7665","1":"product","2":"type-product","3":"status-publish","4":"has-post-thumbnail","6":"product_cat-strucna-literatura","7":"product_cat-drustvene-znanosti","8":"pa_autor-dorde-nadrljanski","9":"pa_autor-mila-nadrljanski","10":"pa_nakladnik-redak","12":"first","13":"instock","14":"shipping-taxable","15":"purchasable","16":"product-type-simple"},"acf":[],"yoast_head":"<!-- This site is optimized with the Yoast SEO plugin v27.3 - https:\/\/yoast.com\/product\/yoast-seo-wordpress\/ -->\n<title>TEORIJA SUSTAVA I UPRAVLJANJA, \u0110. Nadrljanski, M. Nadrljanski - Web-knji\u017eara<\/title>\n<meta name=\"robots\" content=\"index, follow, max-snippet:-1, max-image-preview:large, max-video-preview:-1\" \/>\n<link rel=\"canonical\" href=\"https:\/\/webknjizara.hr\/proizvod\/teorija-sustava-i-upravljanja-d-nadrljanski-m-nadrljanski\/\" \/>\n<meta property=\"og:locale\" content=\"en_US\" \/>\n<meta property=\"og:type\" content=\"article\" \/>\n<meta property=\"og:title\" content=\"TEORIJA SUSTAVA I UPRAVLJANJA, \u0110. Nadrljanski, M. Nadrljanski - Web-knji\u017eara\" \/>\n<meta property=\"og:description\" content=\"Sa\u017eetak: Niska razina znanja i svijesti o prednostima koje donose sustavi upravljanja organizacijama jedan je od glavnih uzroka niske razine implementiranosti sustava upravljanja u organizacijama u Republici Hrvatskoj. Nepostojanje standardiziranih sustava upravljanja koji sadr\u017ee alate za analiziranje rizika, smanjivanje utjecaja rizika na poslovanje te mno\u0161tvo ostalih smjernica koje donose me\u0111unarodno priznati sustavi upravljanja, mogu zna\u010dajno [&hellip;]\" \/>\n<meta property=\"og:url\" content=\"https:\/\/webknjizara.hr\/proizvod\/teorija-sustava-i-upravljanja-d-nadrljanski-m-nadrljanski\/\" \/>\n<meta property=\"og:site_name\" content=\"Web-knji\u017eara\" \/>\n<meta property=\"article:modified_time\" content=\"2023-02-26T23:15:56+00:00\" \/>\n<meta property=\"og:image\" content=\"https:\/\/webknjizara.hr\/wp-content\/uploads\/nc\/images\/virtuemart\/product\/teorija-sustava-51a7a5fdd1852.jpg\" \/>\n\t<meta property=\"og:image:width\" content=\"358\" \/>\n\t<meta property=\"og:image:height\" content=\"487\" \/>\n\t<meta property=\"og:image:type\" content=\"image\/jpeg\" \/>\n<meta name=\"twitter:card\" content=\"summary_large_image\" \/>\n<meta name=\"twitter:label1\" content=\"Est. reading time\" \/>\n\t<meta name=\"twitter:data1\" content=\"5 minutes\" \/>\n<script type=\"application\/ld+json\" class=\"yoast-schema-graph\">{\"@context\":\"https:\\\/\\\/schema.org\",\"@graph\":[{\"@type\":\"WebPage\",\"@id\":\"https:\\\/\\\/webknjizara.hr\\\/proizvod\\\/teorija-sustava-i-upravljanja-d-nadrljanski-m-nadrljanski\\\/\",\"url\":\"https:\\\/\\\/webknjizara.hr\\\/proizvod\\\/teorija-sustava-i-upravljanja-d-nadrljanski-m-nadrljanski\\\/\",\"name\":\"TEORIJA SUSTAVA I UPRAVLJANJA, \u0110. Nadrljanski, M. Nadrljanski - Web-knji\u017eara\",\"isPartOf\":{\"@id\":\"https:\\\/\\\/webknjizara.hr\\\/#website\"},\"primaryImageOfPage\":{\"@id\":\"https:\\\/\\\/webknjizara.hr\\\/proizvod\\\/teorija-sustava-i-upravljanja-d-nadrljanski-m-nadrljanski\\\/#primaryimage\"},\"image\":{\"@id\":\"https:\\\/\\\/webknjizara.hr\\\/proizvod\\\/teorija-sustava-i-upravljanja-d-nadrljanski-m-nadrljanski\\\/#primaryimage\"},\"thumbnailUrl\":\"https:\\\/\\\/webknjizara.hr\\\/wp-content\\\/uploads\\\/nc\\\/images\\\/virtuemart\\\/product\\\/teorija-sustava-51a7a5fdd1852.jpg\",\"datePublished\":\"2013-05-30T19:18:21+00:00\",\"dateModified\":\"2023-02-26T23:15:56+00:00\",\"breadcrumb\":{\"@id\":\"https:\\\/\\\/webknjizara.hr\\\/proizvod\\\/teorija-sustava-i-upravljanja-d-nadrljanski-m-nadrljanski\\\/#breadcrumb\"},\"inLanguage\":\"en-US\",\"potentialAction\":[{\"@type\":\"ReadAction\",\"target\":[\"https:\\\/\\\/webknjizara.hr\\\/proizvod\\\/teorija-sustava-i-upravljanja-d-nadrljanski-m-nadrljanski\\\/\"]}]},{\"@type\":\"ImageObject\",\"inLanguage\":\"en-US\",\"@id\":\"https:\\\/\\\/webknjizara.hr\\\/proizvod\\\/teorija-sustava-i-upravljanja-d-nadrljanski-m-nadrljanski\\\/#primaryimage\",\"url\":\"https:\\\/\\\/webknjizara.hr\\\/wp-content\\\/uploads\\\/nc\\\/images\\\/virtuemart\\\/product\\\/teorija-sustava-51a7a5fdd1852.jpg\",\"contentUrl\":\"https:\\\/\\\/webknjizara.hr\\\/wp-content\\\/uploads\\\/nc\\\/images\\\/virtuemart\\\/product\\\/teorija-sustava-51a7a5fdd1852.jpg\",\"width\":358,\"height\":487,\"caption\":\"TEORIJA SUSTAVA I UPRAVLJANJA, \u0110. Nadrljanski, M. Nadrljanski\"},{\"@type\":\"BreadcrumbList\",\"@id\":\"https:\\\/\\\/webknjizara.hr\\\/proizvod\\\/teorija-sustava-i-upravljanja-d-nadrljanski-m-nadrljanski\\\/#breadcrumb\",\"itemListElement\":[{\"@type\":\"ListItem\",\"position\":1,\"name\":\"Po\u010detna stranica\",\"item\":\"https:\\\/\\\/webknjizara.hr\\\/en\\\/\"},{\"@type\":\"ListItem\",\"position\":2,\"name\":\"Shop\",\"item\":\"https:\\\/\\\/webknjizara.hr\\\/shop\\\/\"},{\"@type\":\"ListItem\",\"position\":3,\"name\":\"TEORIJA SUSTAVA I UPRAVLJANJA, \u0110. Nadrljanski, M. Nadrljanski\"}]},{\"@type\":\"WebSite\",\"@id\":\"https:\\\/\\\/webknjizara.hr\\\/#website\",\"url\":\"https:\\\/\\\/webknjizara.hr\\\/\",\"name\":\"Web Knji\u017eara\",\"description\":\"\",\"publisher\":{\"@id\":\"https:\\\/\\\/webknjizara.hr\\\/#organization\"},\"potentialAction\":[{\"@type\":\"SearchAction\",\"target\":{\"@type\":\"EntryPoint\",\"urlTemplate\":\"https:\\\/\\\/webknjizara.hr\\\/?s={search_term_string}\"},\"query-input\":{\"@type\":\"PropertyValueSpecification\",\"valueRequired\":true,\"valueName\":\"search_term_string\"}}],\"inLanguage\":\"en-US\"},{\"@type\":\"Organization\",\"@id\":\"https:\\\/\\\/webknjizara.hr\\\/#organization\",\"name\":\"REDAK D.O.O.\",\"url\":\"https:\\\/\\\/webknjizara.hr\\\/\",\"logo\":{\"@type\":\"ImageObject\",\"inLanguage\":\"en-US\",\"@id\":\"https:\\\/\\\/webknjizara.hr\\\/#\\\/schema\\\/logo\\\/image\\\/\",\"url\":\"https:\\\/\\\/webknjizara.hr\\\/wp-content\\\/uploads\\\/2023\\\/01\\\/web-knjizara-logo.webp\",\"contentUrl\":\"https:\\\/\\\/webknjizara.hr\\\/wp-content\\\/uploads\\\/2023\\\/01\\\/web-knjizara-logo.webp\",\"width\":324,\"height\":79,\"caption\":\"REDAK D.O.O.\"},\"image\":{\"@id\":\"https:\\\/\\\/webknjizara.hr\\\/#\\\/schema\\\/logo\\\/image\\\/\"}}]}<\/script>\n<!-- \/ Yoast SEO plugin. -->","yoast_head_json":{"title":"TEORIJA SUSTAVA I UPRAVLJANJA, \u0110. Nadrljanski, M. Nadrljanski - Web-knji\u017eara","robots":{"index":"index","follow":"follow","max-snippet":"max-snippet:-1","max-image-preview":"max-image-preview:large","max-video-preview":"max-video-preview:-1"},"canonical":"https:\/\/webknjizara.hr\/proizvod\/teorija-sustava-i-upravljanja-d-nadrljanski-m-nadrljanski\/","og_locale":"en_US","og_type":"article","og_title":"TEORIJA SUSTAVA I UPRAVLJANJA, \u0110. Nadrljanski, M. Nadrljanski - Web-knji\u017eara","og_description":"Sa\u017eetak: Niska razina znanja i svijesti o prednostima koje donose sustavi upravljanja organizacijama jedan je od glavnih uzroka niske razine implementiranosti sustava upravljanja u organizacijama u Republici Hrvatskoj. Nepostojanje standardiziranih sustava upravljanja koji sadr\u017ee alate za analiziranje rizika, smanjivanje utjecaja rizika na poslovanje te mno\u0161tvo ostalih smjernica koje donose me\u0111unarodno priznati sustavi upravljanja, mogu zna\u010dajno [&hellip;]","og_url":"https:\/\/webknjizara.hr\/proizvod\/teorija-sustava-i-upravljanja-d-nadrljanski-m-nadrljanski\/","og_site_name":"Web-knji\u017eara","article_modified_time":"2023-02-26T23:15:56+00:00","og_image":[{"width":358,"height":487,"url":"https:\/\/webknjizara.hr\/wp-content\/uploads\/nc\/images\/virtuemart\/product\/teorija-sustava-51a7a5fdd1852.jpg","type":"image\/jpeg"}],"twitter_card":"summary_large_image","twitter_misc":{"Est. reading time":"5 minutes"},"schema":{"@context":"https:\/\/schema.org","@graph":[{"@type":"WebPage","@id":"https:\/\/webknjizara.hr\/proizvod\/teorija-sustava-i-upravljanja-d-nadrljanski-m-nadrljanski\/","url":"https:\/\/webknjizara.hr\/proizvod\/teorija-sustava-i-upravljanja-d-nadrljanski-m-nadrljanski\/","name":"TEORIJA SUSTAVA I UPRAVLJANJA, \u0110. Nadrljanski, M. Nadrljanski - Web-knji\u017eara","isPartOf":{"@id":"https:\/\/webknjizara.hr\/#website"},"primaryImageOfPage":{"@id":"https:\/\/webknjizara.hr\/proizvod\/teorija-sustava-i-upravljanja-d-nadrljanski-m-nadrljanski\/#primaryimage"},"image":{"@id":"https:\/\/webknjizara.hr\/proizvod\/teorija-sustava-i-upravljanja-d-nadrljanski-m-nadrljanski\/#primaryimage"},"thumbnailUrl":"https:\/\/webknjizara.hr\/wp-content\/uploads\/nc\/images\/virtuemart\/product\/teorija-sustava-51a7a5fdd1852.jpg","datePublished":"2013-05-30T19:18:21+00:00","dateModified":"2023-02-26T23:15:56+00:00","breadcrumb":{"@id":"https:\/\/webknjizara.hr\/proizvod\/teorija-sustava-i-upravljanja-d-nadrljanski-m-nadrljanski\/#breadcrumb"},"inLanguage":"en-US","potentialAction":[{"@type":"ReadAction","target":["https:\/\/webknjizara.hr\/proizvod\/teorija-sustava-i-upravljanja-d-nadrljanski-m-nadrljanski\/"]}]},{"@type":"ImageObject","inLanguage":"en-US","@id":"https:\/\/webknjizara.hr\/proizvod\/teorija-sustava-i-upravljanja-d-nadrljanski-m-nadrljanski\/#primaryimage","url":"https:\/\/webknjizara.hr\/wp-content\/uploads\/nc\/images\/virtuemart\/product\/teorija-sustava-51a7a5fdd1852.jpg","contentUrl":"https:\/\/webknjizara.hr\/wp-content\/uploads\/nc\/images\/virtuemart\/product\/teorija-sustava-51a7a5fdd1852.jpg","width":358,"height":487,"caption":"TEORIJA SUSTAVA I UPRAVLJANJA, \u0110. Nadrljanski, M. Nadrljanski"},{"@type":"BreadcrumbList","@id":"https:\/\/webknjizara.hr\/proizvod\/teorija-sustava-i-upravljanja-d-nadrljanski-m-nadrljanski\/#breadcrumb","itemListElement":[{"@type":"ListItem","position":1,"name":"Po\u010detna stranica","item":"https:\/\/webknjizara.hr\/en\/"},{"@type":"ListItem","position":2,"name":"Shop","item":"https:\/\/webknjizara.hr\/shop\/"},{"@type":"ListItem","position":3,"name":"TEORIJA SUSTAVA I UPRAVLJANJA, \u0110. Nadrljanski, M. Nadrljanski"}]},{"@type":"WebSite","@id":"https:\/\/webknjizara.hr\/#website","url":"https:\/\/webknjizara.hr\/","name":"Web Knji\u017eara","description":"","publisher":{"@id":"https:\/\/webknjizara.hr\/#organization"},"potentialAction":[{"@type":"SearchAction","target":{"@type":"EntryPoint","urlTemplate":"https:\/\/webknjizara.hr\/?s={search_term_string}"},"query-input":{"@type":"PropertyValueSpecification","valueRequired":true,"valueName":"search_term_string"}}],"inLanguage":"en-US"},{"@type":"Organization","@id":"https:\/\/webknjizara.hr\/#organization","name":"REDAK D.O.O.","url":"https:\/\/webknjizara.hr\/","logo":{"@type":"ImageObject","inLanguage":"en-US","@id":"https:\/\/webknjizara.hr\/#\/schema\/logo\/image\/","url":"https:\/\/webknjizara.hr\/wp-content\/uploads\/2023\/01\/web-knjizara-logo.webp","contentUrl":"https:\/\/webknjizara.hr\/wp-content\/uploads\/2023\/01\/web-knjizara-logo.webp","width":324,"height":79,"caption":"REDAK D.O.O."},"image":{"@id":"https:\/\/webknjizara.hr\/#\/schema\/logo\/image\/"}}]}},"_links":{"self":[{"href":"https:\/\/webknjizara.hr\/en\/wp-json\/wp\/v2\/product\/7665","targetHints":{"allow":["GET"]}}],"collection":[{"href":"https:\/\/webknjizara.hr\/en\/wp-json\/wp\/v2\/product"}],"about":[{"href":"https:\/\/webknjizara.hr\/en\/wp-json\/wp\/v2\/types\/product"}],"replies":[{"embeddable":true,"href":"https:\/\/webknjizara.hr\/en\/wp-json\/wp\/v2\/comments?post=7665"}],"wp:featuredmedia":[{"embeddable":true,"href":"https:\/\/webknjizara.hr\/en\/wp-json\/wp\/v2\/media\/7666"}],"wp:attachment":[{"href":"https:\/\/webknjizara.hr\/en\/wp-json\/wp\/v2\/media?parent=7665"}],"wp:term":[{"taxonomy":"product_brand","embeddable":true,"href":"https:\/\/webknjizara.hr\/en\/wp-json\/wp\/v2\/product_brand?post=7665"},{"taxonomy":"product_cat","embeddable":true,"href":"https:\/\/webknjizara.hr\/en\/wp-json\/wp\/v2\/product_cat?post=7665"},{"taxonomy":"product_tag","embeddable":true,"href":"https:\/\/webknjizara.hr\/en\/wp-json\/wp\/v2\/product_tag?post=7665"}],"curies":[{"name":"wp","href":"https:\/\/api.w.org\/{rel}","templated":true}]}}