{"id":7663,"date":"2013-05-29T16:11:47","date_gmt":"2013-05-29T16:11:47","guid":{"rendered":"https:\/\/webknjizara.hr\/?product=tara-marija-juracic"},"modified":"2023-02-27T00:15:54","modified_gmt":"2023-02-26T23:15:54","slug":"tara-marija-juracic","status":"publish","type":"product","link":"https:\/\/webknjizara.hr\/en\/proizvod\/tara-marija-juracic\/","title":{"rendered":"TARA, Marija Jura\u010di\u0107"},"content":{"rendered":"<p style=\"text-align: justify;\"><strong><br \/>Sa\u017eetak:<\/strong><\/p>\n<p>Tara je pustolovni roman \u010dija se radnja odvija u neko daleko budu\u0107e vrijeme nakon velike kataklizme u kojoj je iznenada nestala ve\u0107ina \u010dovje\u010danstva. Vrijeme je to u kojem suvremena civilizacija i njezine tekovine postoje u tragovima, gube se iz svijesti ljudi i polako dolaze do one to\u010dke kada \u010dinjenice prelaze u legende.<br \/>U tom vremenu pojedine grupe ljudi nastoje uspostaviti kakav &#8211; takav dru\u0161tveni poredak u kojem bi se \u010dovjek mogao osje\u0107ati sigurnim i slobodnim.<\/p>\n<p>A vrijeme je to i nasilja, beskrupuloznih bandi koje \u017eive od plja\u010dki i ubojstava, u kojem se boravi u razru\u0161enim utvrdama, gradskim ruinama, drvenim kolibama, u zemunicama.<\/p>\n<p><em>\u010cinjenica da autorica iza sebe ima ve\u0107 \u010detiri uspje\u0161ne zbirke pjesama o\u010dito je utjecala i na njezinu prozu sastavljenu od re\u010denica koje nisu preduga\u010dke, neo\u010dekivanih zapa\u017eanja i opisa, gotovo poetskog ritma i ljepote &#8211; koji pru\u017eaju \u010ditatelju dodatno zadovoljstvo u \u010ditanju romana napisanog opu\u0161teno u \u010detrdeset i \u010detiri kra\u0107a i dinami\u010dna poglavlja &#8211; ususret ukusu suvremenog, posebno mla\u0111eg \u010ditatelja. Ne\u0107emo pretjerati ako ka\u017eemo da je hrvatska knji\u017eevnost za mlade\u017e dobila modernu, pitku i kvalitetnu pri\u010du. Ni\u0161ta u njoj nije posve novo, ali je ipak sve druk\u010dije.<\/em><\/p>\n<p><em>Mr. sc. Bo\u017eidar Pasari\u0107,. urednik<\/em><\/p>\n<p><strong>Bilje\u0161ka o autorici:<\/strong><\/p>\n<p>Marija Jura\u010di\u0107, profesorica je knji\u017eevnosti koja je do sada izdala \u010detiri zbirke poezije. Tara je njezin prvi roman pisan na na\u010din da ga mogu istovremeno \u010ditati i djed i unuk.<\/p>\n<p><strong>Klju\u010dne rije\u010di:<\/strong> Roman, Tara, proza<\/p>\n<p><strong>Link:<\/strong> <a href=\"http:\/\/julijetabek.blog.hr\/\">http:\/\/julijetabek.blog.hr\/<\/a><br \/><strong>E-mail:<\/strong> <a href=\"mailto:marijajuracic@net.hr\">Marija Jura\u010di\u0107<\/a><\/p>\n<p><strong>Naslov:<\/strong> Tara<br \/><strong>Autor:<\/strong> Marija Jura\u010di\u0107<br \/><strong>Broj stranica:<\/strong> 124<br \/><strong>Nakladnik:<\/strong> Vlastita naklada<br \/><strong>Godina izdanja: <\/strong>2013. <br \/><strong>ISBN:<\/strong> 978-953-57597-1-3<br \/><strong>Tisak:<\/strong> digitalni tisak knjiga &#8211; print na zahtjev<\/p>\n","protected":false},"excerpt":{"rendered":"<p>Sa\u017eetak: Tara je pustolovni roman \u010dija se radnja odvija u neko daleko budu\u0107e vrijeme nakon velike kataklizme u kojoj je iznenada nestala ve\u0107ina \u010dovje\u010danstva. Vrijeme je to u kojem suvremena civilizacija i njezine tekovine postoje u tragovima, gube se iz svijesti ljudi i polako dolaze do one to\u010dke kada \u010dinjenice prelaze u legende.U tom vremenu [&hellip;]<\/p>\n","protected":false},"featured_media":7664,"comment_status":"open","ping_status":"closed","template":"","meta":{"_acf_changed":false},"product_brand":[],"product_cat":[1383,1385],"product_tag":[],"class_list":{"0":"post-7663","1":"product","2":"type-product","3":"status-publish","4":"has-post-thumbnail","6":"product_cat-knjige","7":"product_cat-knjizevnost","8":"pa_autor-marija-juracic","9":"pa_nakladnik-marija-juracic","11":"first","12":"instock","13":"shipping-taxable","14":"purchasable","15":"product-type-simple"},"acf":[],"yoast_head":"<!-- This site is optimized with the Yoast SEO plugin v27.3 - https:\/\/yoast.com\/product\/yoast-seo-wordpress\/ -->\n<title>TARA, Marija Jura\u010di\u0107 - Web-knji\u017eara<\/title>\n<meta name=\"robots\" content=\"index, follow, max-snippet:-1, max-image-preview:large, max-video-preview:-1\" \/>\n<link rel=\"canonical\" href=\"https:\/\/webknjizara.hr\/proizvod\/tara-marija-juracic\/\" \/>\n<meta property=\"og:locale\" content=\"en_US\" \/>\n<meta property=\"og:type\" content=\"article\" \/>\n<meta property=\"og:title\" content=\"TARA, Marija Jura\u010di\u0107 - Web-knji\u017eara\" \/>\n<meta property=\"og:description\" content=\"Sa\u017eetak: Tara je pustolovni roman \u010dija se radnja odvija u neko daleko budu\u0107e vrijeme nakon velike kataklizme u kojoj je iznenada nestala ve\u0107ina \u010dovje\u010danstva. Vrijeme je to u kojem suvremena civilizacija i njezine tekovine postoje u tragovima, gube se iz svijesti ljudi i polako dolaze do one to\u010dke kada \u010dinjenice prelaze u legende.U tom vremenu [&hellip;]\" \/>\n<meta property=\"og:url\" content=\"https:\/\/webknjizara.hr\/proizvod\/tara-marija-juracic\/\" \/>\n<meta property=\"og:site_name\" content=\"Web-knji\u017eara\" \/>\n<meta property=\"article:modified_time\" content=\"2023-02-26T23:15:54+00:00\" \/>\n<meta property=\"og:image\" content=\"https:\/\/webknjizara.hr\/wp-content\/uploads\/nc\/images\/virtuemart\/product\/tara-marija-jur-51a628c3b28e1.jpg\" \/>\n\t<meta property=\"og:image:width\" content=\"358\" \/>\n\t<meta property=\"og:image:height\" content=\"500\" \/>\n\t<meta property=\"og:image:type\" content=\"image\/jpeg\" \/>\n<meta name=\"twitter:card\" content=\"summary_large_image\" \/>\n<meta name=\"twitter:label1\" content=\"Est. reading time\" \/>\n\t<meta name=\"twitter:data1\" content=\"1 minute\" \/>\n<script type=\"application\/ld+json\" class=\"yoast-schema-graph\">{\"@context\":\"https:\\\/\\\/schema.org\",\"@graph\":[{\"@type\":\"WebPage\",\"@id\":\"https:\\\/\\\/webknjizara.hr\\\/proizvod\\\/tara-marija-juracic\\\/\",\"url\":\"https:\\\/\\\/webknjizara.hr\\\/proizvod\\\/tara-marija-juracic\\\/\",\"name\":\"TARA, Marija Jura\u010di\u0107 - Web-knji\u017eara\",\"isPartOf\":{\"@id\":\"https:\\\/\\\/webknjizara.hr\\\/#website\"},\"primaryImageOfPage\":{\"@id\":\"https:\\\/\\\/webknjizara.hr\\\/proizvod\\\/tara-marija-juracic\\\/#primaryimage\"},\"image\":{\"@id\":\"https:\\\/\\\/webknjizara.hr\\\/proizvod\\\/tara-marija-juracic\\\/#primaryimage\"},\"thumbnailUrl\":\"https:\\\/\\\/webknjizara.hr\\\/wp-content\\\/uploads\\\/nc\\\/images\\\/virtuemart\\\/product\\\/tara-marija-jur-51a628c3b28e1.jpg\",\"datePublished\":\"2013-05-29T16:11:47+00:00\",\"dateModified\":\"2023-02-26T23:15:54+00:00\",\"breadcrumb\":{\"@id\":\"https:\\\/\\\/webknjizara.hr\\\/proizvod\\\/tara-marija-juracic\\\/#breadcrumb\"},\"inLanguage\":\"en-US\",\"potentialAction\":[{\"@type\":\"ReadAction\",\"target\":[\"https:\\\/\\\/webknjizara.hr\\\/proizvod\\\/tara-marija-juracic\\\/\"]}]},{\"@type\":\"ImageObject\",\"inLanguage\":\"en-US\",\"@id\":\"https:\\\/\\\/webknjizara.hr\\\/proizvod\\\/tara-marija-juracic\\\/#primaryimage\",\"url\":\"https:\\\/\\\/webknjizara.hr\\\/wp-content\\\/uploads\\\/nc\\\/images\\\/virtuemart\\\/product\\\/tara-marija-jur-51a628c3b28e1.jpg\",\"contentUrl\":\"https:\\\/\\\/webknjizara.hr\\\/wp-content\\\/uploads\\\/nc\\\/images\\\/virtuemart\\\/product\\\/tara-marija-jur-51a628c3b28e1.jpg\",\"width\":358,\"height\":500,\"caption\":\"TARA, Marija Jura\u010di\u0107\"},{\"@type\":\"BreadcrumbList\",\"@id\":\"https:\\\/\\\/webknjizara.hr\\\/proizvod\\\/tara-marija-juracic\\\/#breadcrumb\",\"itemListElement\":[{\"@type\":\"ListItem\",\"position\":1,\"name\":\"Po\u010detna stranica\",\"item\":\"https:\\\/\\\/webknjizara.hr\\\/en\\\/\"},{\"@type\":\"ListItem\",\"position\":2,\"name\":\"Shop\",\"item\":\"https:\\\/\\\/webknjizara.hr\\\/shop\\\/\"},{\"@type\":\"ListItem\",\"position\":3,\"name\":\"TARA, Marija Jura\u010di\u0107\"}]},{\"@type\":\"WebSite\",\"@id\":\"https:\\\/\\\/webknjizara.hr\\\/#website\",\"url\":\"https:\\\/\\\/webknjizara.hr\\\/\",\"name\":\"Web Knji\u017eara\",\"description\":\"\",\"publisher\":{\"@id\":\"https:\\\/\\\/webknjizara.hr\\\/#organization\"},\"potentialAction\":[{\"@type\":\"SearchAction\",\"target\":{\"@type\":\"EntryPoint\",\"urlTemplate\":\"https:\\\/\\\/webknjizara.hr\\\/?s={search_term_string}\"},\"query-input\":{\"@type\":\"PropertyValueSpecification\",\"valueRequired\":true,\"valueName\":\"search_term_string\"}}],\"inLanguage\":\"en-US\"},{\"@type\":\"Organization\",\"@id\":\"https:\\\/\\\/webknjizara.hr\\\/#organization\",\"name\":\"REDAK D.O.O.\",\"url\":\"https:\\\/\\\/webknjizara.hr\\\/\",\"logo\":{\"@type\":\"ImageObject\",\"inLanguage\":\"en-US\",\"@id\":\"https:\\\/\\\/webknjizara.hr\\\/#\\\/schema\\\/logo\\\/image\\\/\",\"url\":\"https:\\\/\\\/webknjizara.hr\\\/wp-content\\\/uploads\\\/2023\\\/01\\\/web-knjizara-logo.webp\",\"contentUrl\":\"https:\\\/\\\/webknjizara.hr\\\/wp-content\\\/uploads\\\/2023\\\/01\\\/web-knjizara-logo.webp\",\"width\":324,\"height\":79,\"caption\":\"REDAK D.O.O.\"},\"image\":{\"@id\":\"https:\\\/\\\/webknjizara.hr\\\/#\\\/schema\\\/logo\\\/image\\\/\"}}]}<\/script>\n<!-- \/ Yoast SEO plugin. -->","yoast_head_json":{"title":"TARA, Marija Jura\u010di\u0107 - Web-knji\u017eara","robots":{"index":"index","follow":"follow","max-snippet":"max-snippet:-1","max-image-preview":"max-image-preview:large","max-video-preview":"max-video-preview:-1"},"canonical":"https:\/\/webknjizara.hr\/proizvod\/tara-marija-juracic\/","og_locale":"en_US","og_type":"article","og_title":"TARA, Marija Jura\u010di\u0107 - Web-knji\u017eara","og_description":"Sa\u017eetak: Tara je pustolovni roman \u010dija se radnja odvija u neko daleko budu\u0107e vrijeme nakon velike kataklizme u kojoj je iznenada nestala ve\u0107ina \u010dovje\u010danstva. Vrijeme je to u kojem suvremena civilizacija i njezine tekovine postoje u tragovima, gube se iz svijesti ljudi i polako dolaze do one to\u010dke kada \u010dinjenice prelaze u legende.U tom vremenu [&hellip;]","og_url":"https:\/\/webknjizara.hr\/proizvod\/tara-marija-juracic\/","og_site_name":"Web-knji\u017eara","article_modified_time":"2023-02-26T23:15:54+00:00","og_image":[{"width":358,"height":500,"url":"https:\/\/webknjizara.hr\/wp-content\/uploads\/nc\/images\/virtuemart\/product\/tara-marija-jur-51a628c3b28e1.jpg","type":"image\/jpeg"}],"twitter_card":"summary_large_image","twitter_misc":{"Est. reading time":"1 minute"},"schema":{"@context":"https:\/\/schema.org","@graph":[{"@type":"WebPage","@id":"https:\/\/webknjizara.hr\/proizvod\/tara-marija-juracic\/","url":"https:\/\/webknjizara.hr\/proizvod\/tara-marija-juracic\/","name":"TARA, Marija Jura\u010di\u0107 - Web-knji\u017eara","isPartOf":{"@id":"https:\/\/webknjizara.hr\/#website"},"primaryImageOfPage":{"@id":"https:\/\/webknjizara.hr\/proizvod\/tara-marija-juracic\/#primaryimage"},"image":{"@id":"https:\/\/webknjizara.hr\/proizvod\/tara-marija-juracic\/#primaryimage"},"thumbnailUrl":"https:\/\/webknjizara.hr\/wp-content\/uploads\/nc\/images\/virtuemart\/product\/tara-marija-jur-51a628c3b28e1.jpg","datePublished":"2013-05-29T16:11:47+00:00","dateModified":"2023-02-26T23:15:54+00:00","breadcrumb":{"@id":"https:\/\/webknjizara.hr\/proizvod\/tara-marija-juracic\/#breadcrumb"},"inLanguage":"en-US","potentialAction":[{"@type":"ReadAction","target":["https:\/\/webknjizara.hr\/proizvod\/tara-marija-juracic\/"]}]},{"@type":"ImageObject","inLanguage":"en-US","@id":"https:\/\/webknjizara.hr\/proizvod\/tara-marija-juracic\/#primaryimage","url":"https:\/\/webknjizara.hr\/wp-content\/uploads\/nc\/images\/virtuemart\/product\/tara-marija-jur-51a628c3b28e1.jpg","contentUrl":"https:\/\/webknjizara.hr\/wp-content\/uploads\/nc\/images\/virtuemart\/product\/tara-marija-jur-51a628c3b28e1.jpg","width":358,"height":500,"caption":"TARA, Marija Jura\u010di\u0107"},{"@type":"BreadcrumbList","@id":"https:\/\/webknjizara.hr\/proizvod\/tara-marija-juracic\/#breadcrumb","itemListElement":[{"@type":"ListItem","position":1,"name":"Po\u010detna stranica","item":"https:\/\/webknjizara.hr\/en\/"},{"@type":"ListItem","position":2,"name":"Shop","item":"https:\/\/webknjizara.hr\/shop\/"},{"@type":"ListItem","position":3,"name":"TARA, Marija Jura\u010di\u0107"}]},{"@type":"WebSite","@id":"https:\/\/webknjizara.hr\/#website","url":"https:\/\/webknjizara.hr\/","name":"Web Knji\u017eara","description":"","publisher":{"@id":"https:\/\/webknjizara.hr\/#organization"},"potentialAction":[{"@type":"SearchAction","target":{"@type":"EntryPoint","urlTemplate":"https:\/\/webknjizara.hr\/?s={search_term_string}"},"query-input":{"@type":"PropertyValueSpecification","valueRequired":true,"valueName":"search_term_string"}}],"inLanguage":"en-US"},{"@type":"Organization","@id":"https:\/\/webknjizara.hr\/#organization","name":"REDAK D.O.O.","url":"https:\/\/webknjizara.hr\/","logo":{"@type":"ImageObject","inLanguage":"en-US","@id":"https:\/\/webknjizara.hr\/#\/schema\/logo\/image\/","url":"https:\/\/webknjizara.hr\/wp-content\/uploads\/2023\/01\/web-knjizara-logo.webp","contentUrl":"https:\/\/webknjizara.hr\/wp-content\/uploads\/2023\/01\/web-knjizara-logo.webp","width":324,"height":79,"caption":"REDAK D.O.O."},"image":{"@id":"https:\/\/webknjizara.hr\/#\/schema\/logo\/image\/"}}]}},"_links":{"self":[{"href":"https:\/\/webknjizara.hr\/en\/wp-json\/wp\/v2\/product\/7663","targetHints":{"allow":["GET"]}}],"collection":[{"href":"https:\/\/webknjizara.hr\/en\/wp-json\/wp\/v2\/product"}],"about":[{"href":"https:\/\/webknjizara.hr\/en\/wp-json\/wp\/v2\/types\/product"}],"replies":[{"embeddable":true,"href":"https:\/\/webknjizara.hr\/en\/wp-json\/wp\/v2\/comments?post=7663"}],"wp:featuredmedia":[{"embeddable":true,"href":"https:\/\/webknjizara.hr\/en\/wp-json\/wp\/v2\/media\/7664"}],"wp:attachment":[{"href":"https:\/\/webknjizara.hr\/en\/wp-json\/wp\/v2\/media?parent=7663"}],"wp:term":[{"taxonomy":"product_brand","embeddable":true,"href":"https:\/\/webknjizara.hr\/en\/wp-json\/wp\/v2\/product_brand?post=7663"},{"taxonomy":"product_cat","embeddable":true,"href":"https:\/\/webknjizara.hr\/en\/wp-json\/wp\/v2\/product_cat?post=7663"},{"taxonomy":"product_tag","embeddable":true,"href":"https:\/\/webknjizara.hr\/en\/wp-json\/wp\/v2\/product_tag?post=7663"}],"curies":[{"name":"wp","href":"https:\/\/api.w.org\/{rel}","templated":true}]}}