{"id":7657,"date":"2013-05-15T20:15:19","date_gmt":"2013-05-15T20:15:19","guid":{"rendered":"https:\/\/webknjizara.hr\/?product=osnove-prevencije-karijesa-i-parodontnih-bolesti"},"modified":"2023-02-27T00:15:54","modified_gmt":"2023-02-26T23:15:54","slug":"osnove-prevencije-karijesa-i-parodontnih-bolesti","status":"publish","type":"product","link":"https:\/\/webknjizara.hr\/en\/proizvod\/osnove-prevencije-karijesa-i-parodontnih-bolesti\/","title":{"rendered":"OSNOVE PREVENCIJE KARIJESA I PARODONTNIH BOLESTI"},"content":{"rendered":"<p style=\"text-align: justify;\"><strong><br \/>Sa\u017eetak:<\/strong><\/p>\n<p>Ova knjiga je osmi\u0161ljena prema nastavnim tekstovima i materiji koja se obra\u0111uje u sklopu kolegija: karijesologija, oralna higijena, parodontologija i preventivna dentalna medicina. U osnovi obra\u0111uje podru\u010dje primarne prevencije i daje osnovni uvid u prevenciju karijesa i parodontnih bolesti.Tako\u0111er zadire i u podru\u010dje sekundarne prevencije obradom terapije po\u010detne karijesne lezije, minimalno invazivnih tehnika te pe\u010datnih ispuna, \u0161to je u ovakvoj vrsti gradiva te\u0161ko izostaviti. Prikladna je za studente studija dentalne medicine te za sve one koji se bave prevencijom u dentalnoj medicini.<\/p>\n<p><strong>Bilje\u0161ka o autorima:<\/strong> <\/p>\n<p><span style=\"text-decoration: underline;\"><strong>Andrija Bo\u0161njak<\/strong><\/span> diplomirao je, magistrirao te doktorirao na Stomatolo\u0161kom fakultetu u Zagrebu (Hrvatska), gdje je i radio od 1998. do 2008. godine. Specijalisti\u010dki ispit iz parodontologije polo\u017eio je 2004. godine. Objavio je preko 90 radova, od toga 15 njih s CC i SCI prepoznatljivo\u0161\u0107u. Sudjelovao je na brojnim kongresima i te\u010dajevima trajne edukacije, prije svega kao voditelj radnih te\u010dajeva s podru\u010dja oralne higijene, parodontologije, parodontalne kirurgije i implantologije. Vi\u0161estruki je mentor diplomskih i magistarskih radova te disertacija. Od 2007. godine vlasnik je privatne tvrtke specijalizirane za pru\u017eanje usluga s podru\u010dja parodontologije i implantologije. Aktivan je u nastavi kao naslovni izvanredni profesor Parodontologije na Studiju Dentalne medicine Medicinskog fakulteta u Rijeci (od 2009. godine), naslovni izvanredni profesor Parodontologije na Studiju dentalne medicine Medicinskog fakulteta u Splitu (od 2011. godine) te voditelj predmeta s podru\u010dja dentalne implantologije na Poslijediplomskom doktorskom studiju Dentalne medicine na Stomatolo\u0161kom fakultetu Sveu\u010dili\u0161ta u Zagrebu (od 2008. godine).<\/p>\n<p><span style=\"text-decoration: underline;\"><strong>Alen Braut<\/strong><\/span> ro\u0111en je 21. srpnja 1973. u Rijeci. Diplomirao 1996. na Medicinskom fakultetu u Rijeci. Zaposlen je od 1997. godine na Katedri za bolesti zuba, Studija stomatologije, Medicinskog fakulteta Sveu\u010dili\u0161ta u Rijeci, od sije\u010dnja 2007. i na Odjelu za bolesti zuba, Stomatolo\u0161ke Poliklinike Medicinskog fakulteta Sveu\u010dili\u0161ta u Rijeci. Od studenog 2007. zaposlen je Odjelu za bolesti zuba, Klinike za stomatologiju KBC Rijeka. Poslijediplomski studij iz Biomedicine pri Medicinskom fakultetu Sveu\u010dili\u0161ta u Rijeci upisao je 1997., a u srpnju 2001. god. obranio je magistarski rad pod naslovom &#8220;Progresija bakterijske infekcije iz korijenskog kanala u okolna tkiva na modelu pse\u0107ih zuba&#8221;. Na usavr\u0161avanju je od 2000. do 2003. godine na University of Connecticut Health Center, CT, USA. Doktorsku disertaciju pod naslovom &#8220;Regeneracijska sposobnost stanica postnatalne zubne pulpe u mi\u0161a&#8221; obranio je 2006. godine. Specijalisti\u010dki ispit iz Dentalne patologije i endodoncije polo\u017eio je 2006. godine. Autor je i koautor brojnih znanstvenih i stru\u010dnih \u010dlanaka. Voditelj je kolegija Karijesologija, Elektroodontometrija i Izumi koji su unaprijedili stomatologiju, a sudjeluje u nastavi na kolegijima: restorativna stomatologija i endodoncija. Aktivno\u00a0 sudjeluje na me\u0111unarodnim i doma\u0107im kongresima te te\u010dajevima stru\u010dnog usavr\u0161avanja. \u010clan je Hrvatske komore dentalne medicine i Hrvatskog endodontskog dru\u0161tva.<\/p>\n<p><span style=\"text-decoration: underline;\"><strong>Irena Gla\u017ear<\/strong><\/span> ro\u0111ena je 08. rujna 1973. u Rijeci. Diplomirala je 1999. godine na Medicinskom fakultetu u Rijeci. Od 2000. godine zaposlena je na Katedri za oralnu medicinu i parodontologiju Medicinskog fakulteta Sveu\u010dili\u0161ta u Rijeci. Godine 2007. zaposlena je na Klinici za dentalnu medicinu Klini\u010dkog bolni\u010dkog centra Rijeka, Odjelu za oralnu medicinu.<br \/>Poslijediplomski studij iz dentalne medicine upisuje na Stomatolo\u0161kom fakultetu u Zagrebu, a zavr\u0161ava ga 2005. godine obranom magistarskog rada \u201eOsjetljivost roda Candida prema protugljivi\u010dnim lijekovima u bolesnika s oralnom kandidijazom\u201d. Godine 2010. na Medicinskom fakultetu u Rijeci brani doktorski rad naziva \u201cProcjena oralnog zdravlja \u0161ti\u0107enika ustanova za njegu starijih osoba\u201d.<br \/>Specijalizaciju iz oralne patologije zapo\u010dela je 2003. godine, a specijalisti\u010dki ispit polo\u017eila je 2007. godine.<br \/>Godine 2011. godine izabrana je u zvanje docenta na Katedri za oralnu medicinu i parodontologiju.<br \/>Autor je i koautor brojnih stru\u010dnih i znanstvenih radova. Aktivno sudjeluje na me\u0111unarodnim i doma\u0107im kongresima.<\/p>\n<p style=\"text-align: justify;\"><span style=\"text-decoration: underline;\"><strong>Sandra Hrvatin<\/strong><\/span> ro\u0111ena je 08. lipnja 1984. god. u Rijeci. Osnovnu \u0161kolu te Srednju talijansku gimnaziju zavr\u0161ila je u Rijeci. Studij Dentalne medicine na Medicinskom fakultetu Sveu\u010dili\u0161ta u Rijeci upisala je 2004.god i diplomirala 2009.god. Nakon obavljenog pripravni\u010dkog sta\u017ea u Klini\u010dkom bolni\u010dkom centru u Rijeci, u trajanju od godinu dana, 2010.god zapo\u0161ljava se na Medicinskom fakultetu u Rijeci kao asistent na katedri za Dje\u010dju stomatologiju i ortodonciju. Iste godine upisuje poslijediplomski doktorski studij \u201eBiomedicina\u201c na Medicinskom fakultetu u Rijeci. 2012.god. zapo\u010dinje specijalizaciju iz Dje\u010dje i preventivne stomatologije na Stomatolo\u0161kom fakultetu u Zagrebu, gdje upisuje i poslijediplomski specijalisti\u010dki studij.<\/p>\n<p><span style=\"text-decoration: underline;\"><strong>Miranda Muhvi\u0107 Urek<\/strong><\/span> ro\u0111ena je 09. rujna 1972. u Rijeci. Diplomirala je 1997. na Medicinskom fakultetu Sveu\u010dili\u0161ta u Rijeci, a od te iste godine zaposlena je na Katedri za stomatolo\u0161ku protetiku, Studija stomatologije, Medicinskog fakulteta Sveu\u010dili\u0161ta u Rijeci, a 2007. godine prelazi na Katedru za oralnu medicinu i parodontologiju pri istom fakultetu. Od 2007. zaposlena je i na Odjelu za oralnu medicinu Stomatolo\u0161ke Poliklinike Medicinskog fakulteta Sveu\u010dili\u0161ta u Rijeci kao specijalist oralni patolog. Od studenog 2007. zaposlena je na Odjelu za oralnu medicinu, Klinike za stomatologiju KBC Rijeka. Poslijediplomski studij iz biomedicine pri Medicinskom fakultetu Sveu\u010dili\u0161ta u Rijeci upisala je 1997., a 2002 god. obranila je magistarski rad pod naslovom \u201eUtjecaj x-zra\u010denja na submandibularnu \u017elijezdu u mi\u0161eva\u201c. Doktorsku disertaciju pod naslovom \u201eEtiopatogeneza kroni\u010dne boli \u017eva\u010dnih mi\u0161i\u0107a u bolesnika s posttraumatskim stresnim poreme\u0107ajem\u201c obranila je u 2008. godine. Godine 2009. izabrana je u zvanje docenta na Medicinskom fakultetu u Sveu\u010dili\u0161ta u Rijeci. Specijalizaciju iz oralne patologije zapo\u010dela je 2003. godine, a specijalisti\u010dki ispit je polo\u017eila je u srpnju 2007. godine. Sudjeluje u nastavi na kolegijima: Oralna medicina, Op\u0107a klini\u010dka dentalna medicina, Oralno zdravlje uvjet za op\u0107e zdravlje i Rizi\u010dni pacijenti u ordinaciji dentalne medicine. Autor je i koautor brojnih stru\u010dnih i znanstvenih radova. Aktivno sudjeluje na me\u0111unarodnim i doma\u0107im kongresima.<\/p>\n<p><span style=\"text-decoration: underline;\"><strong>Jelena Prpi\u0107<\/strong><\/span> ro\u0111ena je 21. sije\u010dnja 1977. godine u Rijeci gdje je zavr\u0161ila osnovnu \u0161kolu. Poha\u0111ala je Gimnaziju Andrije Mohorovi\u010di\u0107a, a maturirala je u Sjedinjenim ameri\u010dkim dr\u017eavama 1995. godine. Iste godine upisala je Studij stomatologije na Medicinskom fakultetu Sveu\u010dili\u0161ta u Rijeci gdje je diplomirala 2001. godine kao najbolji student zavr\u0161ne godine studija. Dobitnica je Rektorove nagrade i Signalove nagrade za najbolji studentski rad. Od 2001. godine zaposlena je na Studiju dentalne medicine Medicinskog fakulteta u Rijeci, prvo u svojstvu znanstvenog novaka, a potom asistenta i vi\u0161eg asistenta. Od 2001. do 2007. godine radila je na Katedri za bolesti zuba, dok je od 2007. zaposlena na Katedri za oralnu medicinu i parodontologiju; od 2010. godine radi i na Klinici za dentalnu medicinu Klini\u010dkog bolni\u010dkog centra u Rijeci, ambulanta za parodontologiju. Od 2010. do 2013. godine obavlja specijalizaciju iz parodontologije. Magistarski rad pod naslovom \u201eAnaliza odlaganja osteoida u prvoj fazi cijeljenja kroni\u010dnog apeksnog parodontitisa u pasa\u201c obranila je na Stomatolo\u0161kom fakultetu Sveu\u010dili\u0161ta u Zagrebu 2005. godine, a doktorski rad pod naslovom \u201eBolesti usne \u0161upljine: prevalencija i povezanost s koronarnom bolesti srca\u201c 2012. godine na Medicinskom fakultetu u Rijeci. Sudjeluje u nastavi kolegija Propedeutika i dijagnostika u dentalnoj medicini, Gerontostomatologija i Parodontologija. Suradnica je na projektu \u201cBiolo\u0161ki u\u010dinci stomatolo\u0161kih materijala\u201d financiranog od strane Ministarstva znanosti i obrazovanja Republike Hrvatske. <\/p>\n<p><span style=\"text-decoration: underline;\"><strong>Ivana \u0160\u0107iran<\/strong><\/span> ro\u0111ena je u Rijeci 29. rujna 1983 godine. Zavr\u0161ila je srednju Medicinsku \u0161kolu 2002. godine, a iste godine upisuje Studij stomatologije pri Medicinskom fakultetu u Rijeci, gdje je i diplomirala 2008.godine. Od 2010. godine zaposlena je na Katedri za oralnu medicinu i parodontologiju (kolegij Parodontologija) Studija dentalne medicine Medicinskog fakulteta Sveu\u010dili\u0161ta u Rijeci. Sudjeluje u nastavi predmeta\u00a0 Propedeutika i dijagnostika u dentalnoj medicini, a sudjelovala je u nastavi Protetike dentalne medicine te Morfologija zuba s dentalnom antropologijom.<\/p>\n<p style=\"text-align: justify;\"><strong>Bilje\u0161ka o urednicima:<\/strong><\/p>\n<p><span style=\"text-decoration: underline;\"><strong>Danko Bakar\u010di\u0107<\/strong><\/span> ro\u0111en je 04. listopada 1971. u Rijeci. Diplomirao je 1997. na Medicinskom fakultetu u Rijeci, a od te iste godine zaposlen je na Katedri za Klini\u010dku pedodonciju (kolegij Pedodoncija), Studija stomatologije Medicinskog fakulteta Sveu\u010dili\u0161ta u Rijeci. Od 2005. zaposlen je i na Odjelu za pedodonciju i osobe s posebnim potrebama Stomatolo\u0161ke Poliklinike Medicinskog fakulteta Sveu\u010dili\u0161ta u Rijeci gdje do 2007. obna\u0161a i funkciju ravnatelja. Od studenog 2007. zaposlen je Odjelu za dje\u010dju stomatologiju i osobe s posebnim potrebama, Klinike za stomatologiju KBC Rijeka gdje obna\u0161a i funkciju pro\u010delnika.<\/p>\n<p>Poslijediplomski studij iz biomedicine pri Medicinskom fakultetu<br \/>Sveu\u010dili\u0161te u Rijeci upisao je 1997., a u rujnu 2002 god. obranio je magistarski rad pod naslovom &#8220;Zdravstveno stanje usta i zubi u djece s pote\u0161ko\u0107ama u razvoju&#8221;. Doktorsku disertaciju pod naslovom &#8220;U\u010dinkovitost \u017evakanja u djece s cerebralnom paralizom&#8221; obranio je u travnju 2007. godine.<br \/>Godine 2009. izabran je u zvanje docenta Medicinskom fakultetu u Rijeci. Specijalizaciju iz pedodoncije zapo\u010deo je 2001. godine, a specijalisti\u010dki ispit je polo\u017eio je u lipnju 2004. godine. Sudjeluje u nastavi na kolegijima: Dentalna medicina dje\u010dje dobi, Preventivna dentalna medicina, Orofacijalna genetika, Uvod u stomatologiju i Stomatolo\u0161ka propedeutika te na kolegiju Preventivna dentalna medicina Studija dentalne medicine Medicinskog fakulteta u Splitu.<\/p>\n<p>\u010clan je Hrvatske komore dentalne medicine, European Academy of Paediatric dentistry, Hrvatskog pedodontskog dru\u0161tva i Hrvatskog dru\u0161tva za dentalnu traumatologiju i vr\u0161i funkciju dopredsjednika Hrvatskog dru\u0161tva za dje\u010dju i preventivnu stomatologiju.<br \/>Autor je i koautor brojnih stru\u010dnih i znanstvenih radova. Aktivno sudjeluje na me\u0111unarodnim i doma\u0107im kongresima.<\/p>\n<p><span style=\"text-decoration: underline;\"><strong>Nata\u0161a Ivan\u010di\u0107 Joki\u0107<\/strong><\/span> ro\u0111ena je 01. sije\u010dnja 1972. godine u Rijeci. Zavr\u0161ila je Centar usmjerenog obrazovanja za kadrove u zdravstvu \u00abMirko Lenac\u00bb u Rijeci i Studij stomatologije Medicinskog fakulteta u Rijeci, na kojem je diplomirala 1996. godine. Na Katedri za Klini\u010dku pedodonciju (danas Katedra za dje\u010dju stomatologiju i ortodonciju) Medicinskog fakulteta Sveu\u010dili\u0161ta u Rijeci radi od 1997. god. gdje sudjeluje u vo\u0111enju klini\u010dkih vje\u017ebi i seminara. Poslijediplomski studij iz Biomedicine upisuje pri Medicinskom fakultetu u Rijeci 1996., a u svibnju 2000. brani magistarski rad pod naslovom \u00abOzljede prednjih zuba u djece \u00bb. U listopadu 2007. obranila je disertaciju pod naslovom \u201cStrah od stomatolo\u0161kog lije\u010denja u djece s ponovljenim ozljedama zuba\u201d. Specijalisti\u010dki ispit iz pedodoncije polo\u017eila je 2005. godine na Stomatolo\u0161kom fakultetu u Zagrebu. U znanstveno zvanje docenta izabrana je 2008.godine.<\/p>\n<p>Sudjeluje u nastavi na kolegijima: Dentalna medicina dje\u010dje dobi, Preventivna dentalna medicina, Morfologija zuba s dentalnom antropologijom, Upotreba fluora u dentalnoj medicini, za i protiv. U KBC Rijeka zaposlena je na poslovima specijaliste u ordinaciji za dje\u010dju stomatologiju i osobe s posebnim potrebama. Voditelj je i suradnik u mnogim stru\u010dnim te\u010dajevima u organizaciji Hrvatske komore dentalne medicine. \u010clanica je Hrvatske komore dentalne medicine, Academicusa, European Academy of Paediatric dentistry , Hrvatskog pedodontskog dru\u0161tva i Hrvatskog dru\u0161tva za dentalnu traumatologiju. Od 2008. godine pro\u010delnica je Katedre za dje\u010dju stomatologiju i ortodonciju Studija dentalne medicine u Rijeci.<\/p>\n<p>Autor je i koautor vi\u0161e znanstvenih i stru\u010dnih radova, te poglavlja u ud\u017ebenicima. Aktivno je sudjelovala na brojnim doma\u0107im i me\u0111unarodnim znanstvenim i stru\u010dnim skupovima.<\/p>\n<p><strong>Klju\u010dne rije\u010di:<\/strong> prevencija, karijes, parodontne bolesti<br \/>\u00a0<br \/><strong>Naslov:<\/strong> OSNOVE PREVENCIJE KARIJESA I PARODONTNIH BOLESTI<br \/><strong>Urednici:<\/strong> Danko Bakar\u010di\u0107, Nata\u0161a Ivan\u010di\u0107 Joki\u0107<br \/><strong>Broj stranica:<\/strong> 206<br \/><strong>Nakladnik:<\/strong> REDAK<br \/><strong>Godina izdanja:<\/strong> 2013.<br \/><strong>ISBN:<\/strong> 978-953-336-034-8<br \/><strong>Tisak:<\/strong> digitalni tisak knjiga &#8211; print na zahtjev<\/p>\n","protected":false},"excerpt":{"rendered":"<p>Sa\u017eetak: Ova knjiga je osmi\u0161ljena prema nastavnim tekstovima i materiji koja se obra\u0111uje u sklopu kolegija: karijesologija, oralna higijena, parodontologija i preventivna dentalna medicina. U osnovi obra\u0111uje podru\u010dje primarne prevencije i daje osnovni uvid u prevenciju karijesa i parodontnih bolesti.Tako\u0111er zadire i u podru\u010dje sekundarne prevencije obradom terapije po\u010detne karijesne lezije, minimalno invazivnih tehnika te [&hellip;]<\/p>\n","protected":false},"featured_media":7658,"comment_status":"open","ping_status":"closed","template":"","meta":{"_acf_changed":false},"product_brand":[],"product_cat":[1540,1517],"product_tag":[],"class_list":{"0":"post-7657","1":"product","2":"type-product","3":"status-publish","4":"has-post-thumbnail","6":"product_cat-biomedicina-i-zdravstvo","7":"product_cat-strucna-literatura","8":"pa_nakladnik-redak","10":"first","11":"instock","12":"shipping-taxable","13":"purchasable","14":"product-type-simple"},"acf":[],"yoast_head":"<!-- This site is optimized with the Yoast SEO plugin v27.3 - https:\/\/yoast.com\/product\/yoast-seo-wordpress\/ -->\n<title>OSNOVE PREVENCIJE KARIJESA I PARODONTNIH BOLESTI - Web-knji\u017eara<\/title>\n<meta name=\"robots\" content=\"index, follow, max-snippet:-1, max-image-preview:large, max-video-preview:-1\" \/>\n<link rel=\"canonical\" href=\"https:\/\/webknjizara.hr\/proizvod\/osnove-prevencije-karijesa-i-parodontnih-bolesti\/\" \/>\n<meta property=\"og:locale\" content=\"en_US\" \/>\n<meta property=\"og:type\" content=\"article\" \/>\n<meta property=\"og:title\" content=\"OSNOVE PREVENCIJE KARIJESA I PARODONTNIH BOLESTI - Web-knji\u017eara\" \/>\n<meta property=\"og:description\" content=\"Sa\u017eetak: Ova knjiga je osmi\u0161ljena prema nastavnim tekstovima i materiji koja se obra\u0111uje u sklopu kolegija: karijesologija, oralna higijena, parodontologija i preventivna dentalna medicina. U osnovi obra\u0111uje podru\u010dje primarne prevencije i daje osnovni uvid u prevenciju karijesa i parodontnih bolesti.Tako\u0111er zadire i u podru\u010dje sekundarne prevencije obradom terapije po\u010detne karijesne lezije, minimalno invazivnih tehnika te [&hellip;]\" \/>\n<meta property=\"og:url\" content=\"https:\/\/webknjizara.hr\/proizvod\/osnove-prevencije-karijesa-i-parodontnih-bolesti\/\" \/>\n<meta property=\"og:site_name\" content=\"Web-knji\u017eara\" \/>\n<meta property=\"article:modified_time\" content=\"2023-02-26T23:15:54+00:00\" \/>\n<meta property=\"og:image\" content=\"https:\/\/webknjizara.hr\/wp-content\/uploads\/nc\/images\/virtuemart\/product\/osnove-prevencij-5193ecd7ea755-scaled.jpg\" \/>\n\t<meta property=\"og:image:width\" content=\"1808\" \/>\n\t<meta property=\"og:image:height\" content=\"2560\" \/>\n\t<meta property=\"og:image:type\" content=\"image\/jpeg\" \/>\n<meta name=\"twitter:card\" content=\"summary_large_image\" \/>\n<meta name=\"twitter:label1\" content=\"Est. reading time\" \/>\n\t<meta name=\"twitter:data1\" content=\"9 minutes\" \/>\n<script type=\"application\/ld+json\" class=\"yoast-schema-graph\">{\"@context\":\"https:\\\/\\\/schema.org\",\"@graph\":[{\"@type\":\"WebPage\",\"@id\":\"https:\\\/\\\/webknjizara.hr\\\/proizvod\\\/osnove-prevencije-karijesa-i-parodontnih-bolesti\\\/\",\"url\":\"https:\\\/\\\/webknjizara.hr\\\/proizvod\\\/osnove-prevencije-karijesa-i-parodontnih-bolesti\\\/\",\"name\":\"OSNOVE PREVENCIJE KARIJESA I PARODONTNIH BOLESTI - Web-knji\u017eara\",\"isPartOf\":{\"@id\":\"https:\\\/\\\/webknjizara.hr\\\/#website\"},\"primaryImageOfPage\":{\"@id\":\"https:\\\/\\\/webknjizara.hr\\\/proizvod\\\/osnove-prevencije-karijesa-i-parodontnih-bolesti\\\/#primaryimage\"},\"image\":{\"@id\":\"https:\\\/\\\/webknjizara.hr\\\/proizvod\\\/osnove-prevencije-karijesa-i-parodontnih-bolesti\\\/#primaryimage\"},\"thumbnailUrl\":\"https:\\\/\\\/webknjizara.hr\\\/wp-content\\\/uploads\\\/nc\\\/images\\\/virtuemart\\\/product\\\/osnove-prevencij-5193ecd7ea755-scaled.jpg\",\"datePublished\":\"2013-05-15T20:15:19+00:00\",\"dateModified\":\"2023-02-26T23:15:54+00:00\",\"breadcrumb\":{\"@id\":\"https:\\\/\\\/webknjizara.hr\\\/proizvod\\\/osnove-prevencije-karijesa-i-parodontnih-bolesti\\\/#breadcrumb\"},\"inLanguage\":\"en-US\",\"potentialAction\":[{\"@type\":\"ReadAction\",\"target\":[\"https:\\\/\\\/webknjizara.hr\\\/proizvod\\\/osnove-prevencije-karijesa-i-parodontnih-bolesti\\\/\"]}]},{\"@type\":\"ImageObject\",\"inLanguage\":\"en-US\",\"@id\":\"https:\\\/\\\/webknjizara.hr\\\/proizvod\\\/osnove-prevencije-karijesa-i-parodontnih-bolesti\\\/#primaryimage\",\"url\":\"https:\\\/\\\/webknjizara.hr\\\/wp-content\\\/uploads\\\/nc\\\/images\\\/virtuemart\\\/product\\\/osnove-prevencij-5193ecd7ea755-scaled.jpg\",\"contentUrl\":\"https:\\\/\\\/webknjizara.hr\\\/wp-content\\\/uploads\\\/nc\\\/images\\\/virtuemart\\\/product\\\/osnove-prevencij-5193ecd7ea755-scaled.jpg\",\"width\":1808,\"height\":2560,\"caption\":\"OSNOVE PREVENCIJE KARIJESA I PARODONTNIH BOLESTI\"},{\"@type\":\"BreadcrumbList\",\"@id\":\"https:\\\/\\\/webknjizara.hr\\\/proizvod\\\/osnove-prevencije-karijesa-i-parodontnih-bolesti\\\/#breadcrumb\",\"itemListElement\":[{\"@type\":\"ListItem\",\"position\":1,\"name\":\"Po\u010detna stranica\",\"item\":\"https:\\\/\\\/webknjizara.hr\\\/en\\\/\"},{\"@type\":\"ListItem\",\"position\":2,\"name\":\"Shop\",\"item\":\"https:\\\/\\\/webknjizara.hr\\\/shop\\\/\"},{\"@type\":\"ListItem\",\"position\":3,\"name\":\"OSNOVE PREVENCIJE KARIJESA I PARODONTNIH BOLESTI\"}]},{\"@type\":\"WebSite\",\"@id\":\"https:\\\/\\\/webknjizara.hr\\\/#website\",\"url\":\"https:\\\/\\\/webknjizara.hr\\\/\",\"name\":\"Web Knji\u017eara\",\"description\":\"\",\"publisher\":{\"@id\":\"https:\\\/\\\/webknjizara.hr\\\/#organization\"},\"potentialAction\":[{\"@type\":\"SearchAction\",\"target\":{\"@type\":\"EntryPoint\",\"urlTemplate\":\"https:\\\/\\\/webknjizara.hr\\\/?s={search_term_string}\"},\"query-input\":{\"@type\":\"PropertyValueSpecification\",\"valueRequired\":true,\"valueName\":\"search_term_string\"}}],\"inLanguage\":\"en-US\"},{\"@type\":\"Organization\",\"@id\":\"https:\\\/\\\/webknjizara.hr\\\/#organization\",\"name\":\"REDAK D.O.O.\",\"url\":\"https:\\\/\\\/webknjizara.hr\\\/\",\"logo\":{\"@type\":\"ImageObject\",\"inLanguage\":\"en-US\",\"@id\":\"https:\\\/\\\/webknjizara.hr\\\/#\\\/schema\\\/logo\\\/image\\\/\",\"url\":\"https:\\\/\\\/webknjizara.hr\\\/wp-content\\\/uploads\\\/2023\\\/01\\\/web-knjizara-logo.webp\",\"contentUrl\":\"https:\\\/\\\/webknjizara.hr\\\/wp-content\\\/uploads\\\/2023\\\/01\\\/web-knjizara-logo.webp\",\"width\":324,\"height\":79,\"caption\":\"REDAK D.O.O.\"},\"image\":{\"@id\":\"https:\\\/\\\/webknjizara.hr\\\/#\\\/schema\\\/logo\\\/image\\\/\"}}]}<\/script>\n<!-- \/ Yoast SEO plugin. -->","yoast_head_json":{"title":"OSNOVE PREVENCIJE KARIJESA I PARODONTNIH BOLESTI - Web-knji\u017eara","robots":{"index":"index","follow":"follow","max-snippet":"max-snippet:-1","max-image-preview":"max-image-preview:large","max-video-preview":"max-video-preview:-1"},"canonical":"https:\/\/webknjizara.hr\/proizvod\/osnove-prevencije-karijesa-i-parodontnih-bolesti\/","og_locale":"en_US","og_type":"article","og_title":"OSNOVE PREVENCIJE KARIJESA I PARODONTNIH BOLESTI - Web-knji\u017eara","og_description":"Sa\u017eetak: Ova knjiga je osmi\u0161ljena prema nastavnim tekstovima i materiji koja se obra\u0111uje u sklopu kolegija: karijesologija, oralna higijena, parodontologija i preventivna dentalna medicina. U osnovi obra\u0111uje podru\u010dje primarne prevencije i daje osnovni uvid u prevenciju karijesa i parodontnih bolesti.Tako\u0111er zadire i u podru\u010dje sekundarne prevencije obradom terapije po\u010detne karijesne lezije, minimalno invazivnih tehnika te [&hellip;]","og_url":"https:\/\/webknjizara.hr\/proizvod\/osnove-prevencije-karijesa-i-parodontnih-bolesti\/","og_site_name":"Web-knji\u017eara","article_modified_time":"2023-02-26T23:15:54+00:00","og_image":[{"width":1808,"height":2560,"url":"https:\/\/webknjizara.hr\/wp-content\/uploads\/nc\/images\/virtuemart\/product\/osnove-prevencij-5193ecd7ea755-scaled.jpg","type":"image\/jpeg"}],"twitter_card":"summary_large_image","twitter_misc":{"Est. reading time":"9 minutes"},"schema":{"@context":"https:\/\/schema.org","@graph":[{"@type":"WebPage","@id":"https:\/\/webknjizara.hr\/proizvod\/osnove-prevencije-karijesa-i-parodontnih-bolesti\/","url":"https:\/\/webknjizara.hr\/proizvod\/osnove-prevencije-karijesa-i-parodontnih-bolesti\/","name":"OSNOVE PREVENCIJE KARIJESA I PARODONTNIH BOLESTI - Web-knji\u017eara","isPartOf":{"@id":"https:\/\/webknjizara.hr\/#website"},"primaryImageOfPage":{"@id":"https:\/\/webknjizara.hr\/proizvod\/osnove-prevencije-karijesa-i-parodontnih-bolesti\/#primaryimage"},"image":{"@id":"https:\/\/webknjizara.hr\/proizvod\/osnove-prevencije-karijesa-i-parodontnih-bolesti\/#primaryimage"},"thumbnailUrl":"https:\/\/webknjizara.hr\/wp-content\/uploads\/nc\/images\/virtuemart\/product\/osnove-prevencij-5193ecd7ea755-scaled.jpg","datePublished":"2013-05-15T20:15:19+00:00","dateModified":"2023-02-26T23:15:54+00:00","breadcrumb":{"@id":"https:\/\/webknjizara.hr\/proizvod\/osnove-prevencije-karijesa-i-parodontnih-bolesti\/#breadcrumb"},"inLanguage":"en-US","potentialAction":[{"@type":"ReadAction","target":["https:\/\/webknjizara.hr\/proizvod\/osnove-prevencije-karijesa-i-parodontnih-bolesti\/"]}]},{"@type":"ImageObject","inLanguage":"en-US","@id":"https:\/\/webknjizara.hr\/proizvod\/osnove-prevencije-karijesa-i-parodontnih-bolesti\/#primaryimage","url":"https:\/\/webknjizara.hr\/wp-content\/uploads\/nc\/images\/virtuemart\/product\/osnove-prevencij-5193ecd7ea755-scaled.jpg","contentUrl":"https:\/\/webknjizara.hr\/wp-content\/uploads\/nc\/images\/virtuemart\/product\/osnove-prevencij-5193ecd7ea755-scaled.jpg","width":1808,"height":2560,"caption":"OSNOVE PREVENCIJE KARIJESA I PARODONTNIH BOLESTI"},{"@type":"BreadcrumbList","@id":"https:\/\/webknjizara.hr\/proizvod\/osnove-prevencije-karijesa-i-parodontnih-bolesti\/#breadcrumb","itemListElement":[{"@type":"ListItem","position":1,"name":"Po\u010detna stranica","item":"https:\/\/webknjizara.hr\/en\/"},{"@type":"ListItem","position":2,"name":"Shop","item":"https:\/\/webknjizara.hr\/shop\/"},{"@type":"ListItem","position":3,"name":"OSNOVE PREVENCIJE KARIJESA I PARODONTNIH BOLESTI"}]},{"@type":"WebSite","@id":"https:\/\/webknjizara.hr\/#website","url":"https:\/\/webknjizara.hr\/","name":"Web Knji\u017eara","description":"","publisher":{"@id":"https:\/\/webknjizara.hr\/#organization"},"potentialAction":[{"@type":"SearchAction","target":{"@type":"EntryPoint","urlTemplate":"https:\/\/webknjizara.hr\/?s={search_term_string}"},"query-input":{"@type":"PropertyValueSpecification","valueRequired":true,"valueName":"search_term_string"}}],"inLanguage":"en-US"},{"@type":"Organization","@id":"https:\/\/webknjizara.hr\/#organization","name":"REDAK D.O.O.","url":"https:\/\/webknjizara.hr\/","logo":{"@type":"ImageObject","inLanguage":"en-US","@id":"https:\/\/webknjizara.hr\/#\/schema\/logo\/image\/","url":"https:\/\/webknjizara.hr\/wp-content\/uploads\/2023\/01\/web-knjizara-logo.webp","contentUrl":"https:\/\/webknjizara.hr\/wp-content\/uploads\/2023\/01\/web-knjizara-logo.webp","width":324,"height":79,"caption":"REDAK D.O.O."},"image":{"@id":"https:\/\/webknjizara.hr\/#\/schema\/logo\/image\/"}}]}},"_links":{"self":[{"href":"https:\/\/webknjizara.hr\/en\/wp-json\/wp\/v2\/product\/7657","targetHints":{"allow":["GET"]}}],"collection":[{"href":"https:\/\/webknjizara.hr\/en\/wp-json\/wp\/v2\/product"}],"about":[{"href":"https:\/\/webknjizara.hr\/en\/wp-json\/wp\/v2\/types\/product"}],"replies":[{"embeddable":true,"href":"https:\/\/webknjizara.hr\/en\/wp-json\/wp\/v2\/comments?post=7657"}],"wp:featuredmedia":[{"embeddable":true,"href":"https:\/\/webknjizara.hr\/en\/wp-json\/wp\/v2\/media\/7658"}],"wp:attachment":[{"href":"https:\/\/webknjizara.hr\/en\/wp-json\/wp\/v2\/media?parent=7657"}],"wp:term":[{"taxonomy":"product_brand","embeddable":true,"href":"https:\/\/webknjizara.hr\/en\/wp-json\/wp\/v2\/product_brand?post=7657"},{"taxonomy":"product_cat","embeddable":true,"href":"https:\/\/webknjizara.hr\/en\/wp-json\/wp\/v2\/product_cat?post=7657"},{"taxonomy":"product_tag","embeddable":true,"href":"https:\/\/webknjizara.hr\/en\/wp-json\/wp\/v2\/product_tag?post=7657"}],"curies":[{"name":"wp","href":"https:\/\/api.w.org\/{rel}","templated":true}]}}