{"id":7651,"date":"2013-05-09T20:18:41","date_gmt":"2013-05-09T20:18:41","guid":{"rendered":"https:\/\/webknjizara.hr\/?product=odgovor-violeta-ivsek"},"modified":"2023-02-27T00:15:54","modified_gmt":"2023-02-26T23:15:54","slug":"odgovor-violeta-ivsek","status":"publish","type":"product","link":"https:\/\/webknjizara.hr\/en\/proizvod\/odgovor-violeta-ivsek\/","title":{"rendered":"ODGOVOR, Violeta Iv\u0161ek"},"content":{"rendered":"<p style=\"text-align: justify;\"><strong><br \/>Sa\u017eetak:<\/strong><\/p>\n<p>Ruka mi je odjednom imala potrebu slijediti osjetila i podra\u017eaje, redom onako kako su pristizali. Oslobo\u0111ena svih predrasuda jesam li kompetentna ili ne, jednostavno sam imala potrebu odgovoriti \u010dovjeku na njegova pitanja. Dogodilo mi se to tijekom \u010ditanja knjige \u201eZahir\u201c, napisao Paulo Coelho. Bio je to razgovor i susret dviju du\u0161a na jednoj drugoj razini svijesti.<\/p>\n<p><strong>Bilje\u0161ka o autoru\/autorici:<\/strong> <\/p>\n<p>Autorica Violeta Iv\u0161ek smatra da je ovim djelom ujedno predstavila i sebe.<br \/>Sad bih trebala napisati ono kao gdje sam i kada ro\u0111ena, koliko mi je godina, gdje \u017eivim, koju sam \u0161kolu zavr\u0161ila, \u010dime se bavim, sklonost i&#8230;<br \/>Ja ka\u017eem vje\u010dno sam bi\u0107e, ro\u0111eno u ljudskom tijelu \u017eene, k\u0107eri, supruge, majke, bake, sestre, tete, rodice, prijateljice (neki bi mi rekli neprijateljice), sasvim sam obi\u010dna (za sebe) ili sasvim neobi\u010dna (za druge, mo\u017eda). Svjesna sam, mi\u0161ljenja da je lijepo s drugima podijeliti ste\u010dena znanja i spoznaje, ljubav bo\u017eanskog bi\u0107a, po\u0161tovanje i blagoslov.<br \/>\u017divim \u017eivot svega svijeta, pa mi se \u010dini prikladnim stoga sebe izraziti Swamijevim rije\u010dima:<\/p>\n<p style=\"text-align: justify;\"><em>\u201eNa mjestu jedne jedinstvene svijesti, \u010dovjek neznanja vidi mno\u0161tvo imena i formi&#8230;\u201c<\/em><br \/><em>\u201eProbudit \u0107u se u pravo vrijeme, na pravome mjestu i zapo\u010det \u0107u bolji \u017eivot na najbolji na\u010din. Probudit \u0107u se u najboljem stanju svijesti i kad se pojavi besani san, prebivat \u0107u u njemu budna&#8230;\u201c<\/em><\/p>\n<p><strong>Klju\u010dne rije\u010di:<\/strong> <\/p>\n<p>Odgovor, Paulo Coelho, Violeta Iv\u0161ek, duhovnost, bioenergija, \u017eivot, Zahir, Marlo Morgan,Tihi zov Australije, Jane Cobbald, Viktor Schauberger &#8211; \u017divot u u\u010denju od prirode, Vladimir Megre, Zvonki cedar ruski \u2013 Anastazija, Alma Daniel, Andrew Ramer, Timothy Wyllie, Zamolite svoje an\u0111ele, Neale Donald Walsch, Razgovori s Bogom, Michael Newton, Putovanje du\u0161a, Swami Brahmajnanananda, Yoga budnog sanjanja i astralna projekcija, Zdenko Doman\u010di\u0107, Neslu\u0107ene sposobnosti \u010dovjeka, William Glasser, Teorija izbora-Nova psihologija osobne slobode<\/p>\n<p style=\"text-align: justify;\"><strong>E-mail:<\/strong> <a href=\"mailto:violeta.ivsek@gmail.com\">Violeta Iv\u0161ek<\/a><\/p>\n<p style=\"text-align: justify;\"><strong>Naslov:<\/strong> Odgovor<br \/><strong>Autor:<\/strong> Violeta Iv\u0161ek<br \/><strong>Broj stranica:<\/strong> 160<br \/><strong>Nakladnik:<\/strong> REDAK<br \/><strong>Godina izdanja:<\/strong> 2013.<br \/><strong>ISBN:<\/strong> 978-953-336-052-2<br \/><strong>Tisak:<\/strong> digitalni tisak knjiga &#8211; print na zahtjev<\/p>\n","protected":false},"excerpt":{"rendered":"<p>Sa\u017eetak: Ruka mi je odjednom imala potrebu slijediti osjetila i podra\u017eaje, redom onako kako su pristizali. Oslobo\u0111ena svih predrasuda jesam li kompetentna ili ne, jednostavno sam imala potrebu odgovoriti \u010dovjeku na njegova pitanja. Dogodilo mi se to tijekom \u010ditanja knjige \u201eZahir\u201c, napisao Paulo Coelho. Bio je to razgovor i susret dviju du\u0161a na jednoj drugoj [&hellip;]<\/p>\n","protected":false},"featured_media":7652,"comment_status":"open","ping_status":"closed","template":"","meta":{"_acf_changed":false},"product_brand":[],"product_cat":[1489],"product_tag":[],"class_list":{"0":"post-7651","1":"product","2":"type-product","3":"status-publish","4":"has-post-thumbnail","6":"product_cat-publicistika","7":"pa_autor-violeta-ivsek","8":"pa_nakladnik-redak","10":"first","11":"instock","12":"shipping-taxable","13":"purchasable","14":"product-type-simple"},"acf":[],"yoast_head":"<!-- This site is optimized with the Yoast SEO plugin v27.3 - https:\/\/yoast.com\/product\/yoast-seo-wordpress\/ -->\n<title>ODGOVOR, Violeta Iv\u0161ek - Web-knji\u017eara<\/title>\n<meta name=\"robots\" content=\"index, follow, max-snippet:-1, max-image-preview:large, max-video-preview:-1\" \/>\n<link rel=\"canonical\" href=\"https:\/\/webknjizara.hr\/proizvod\/odgovor-violeta-ivsek\/\" \/>\n<meta property=\"og:locale\" content=\"en_US\" \/>\n<meta property=\"og:type\" content=\"article\" \/>\n<meta property=\"og:title\" content=\"ODGOVOR, Violeta Iv\u0161ek - Web-knji\u017eara\" \/>\n<meta property=\"og:description\" content=\"Sa\u017eetak: Ruka mi je odjednom imala potrebu slijediti osjetila i podra\u017eaje, redom onako kako su pristizali. Oslobo\u0111ena svih predrasuda jesam li kompetentna ili ne, jednostavno sam imala potrebu odgovoriti \u010dovjeku na njegova pitanja. Dogodilo mi se to tijekom \u010ditanja knjige \u201eZahir\u201c, napisao Paulo Coelho. Bio je to razgovor i susret dviju du\u0161a na jednoj drugoj [&hellip;]\" \/>\n<meta property=\"og:url\" content=\"https:\/\/webknjizara.hr\/proizvod\/odgovor-violeta-ivsek\/\" \/>\n<meta property=\"og:site_name\" content=\"Web-knji\u017eara\" \/>\n<meta property=\"article:modified_time\" content=\"2023-02-26T23:15:54+00:00\" \/>\n<meta property=\"og:image\" content=\"https:\/\/webknjizara.hr\/wp-content\/uploads\/nc\/images\/virtuemart\/product\/odgovor-violeta-518c04a1e1229.jpg\" \/>\n\t<meta property=\"og:image:width\" content=\"358\" \/>\n\t<meta property=\"og:image:height\" content=\"500\" \/>\n\t<meta property=\"og:image:type\" content=\"image\/jpeg\" \/>\n<meta name=\"twitter:card\" content=\"summary_large_image\" \/>\n<meta name=\"twitter:label1\" content=\"Est. reading time\" \/>\n\t<meta name=\"twitter:data1\" content=\"2 minutes\" \/>\n<script type=\"application\/ld+json\" class=\"yoast-schema-graph\">{\"@context\":\"https:\\\/\\\/schema.org\",\"@graph\":[{\"@type\":\"WebPage\",\"@id\":\"https:\\\/\\\/webknjizara.hr\\\/proizvod\\\/odgovor-violeta-ivsek\\\/\",\"url\":\"https:\\\/\\\/webknjizara.hr\\\/proizvod\\\/odgovor-violeta-ivsek\\\/\",\"name\":\"ODGOVOR, Violeta Iv\u0161ek - Web-knji\u017eara\",\"isPartOf\":{\"@id\":\"https:\\\/\\\/webknjizara.hr\\\/#website\"},\"primaryImageOfPage\":{\"@id\":\"https:\\\/\\\/webknjizara.hr\\\/proizvod\\\/odgovor-violeta-ivsek\\\/#primaryimage\"},\"image\":{\"@id\":\"https:\\\/\\\/webknjizara.hr\\\/proizvod\\\/odgovor-violeta-ivsek\\\/#primaryimage\"},\"thumbnailUrl\":\"https:\\\/\\\/webknjizara.hr\\\/wp-content\\\/uploads\\\/nc\\\/images\\\/virtuemart\\\/product\\\/odgovor-violeta-518c04a1e1229.jpg\",\"datePublished\":\"2013-05-09T20:18:41+00:00\",\"dateModified\":\"2023-02-26T23:15:54+00:00\",\"breadcrumb\":{\"@id\":\"https:\\\/\\\/webknjizara.hr\\\/proizvod\\\/odgovor-violeta-ivsek\\\/#breadcrumb\"},\"inLanguage\":\"en-US\",\"potentialAction\":[{\"@type\":\"ReadAction\",\"target\":[\"https:\\\/\\\/webknjizara.hr\\\/proizvod\\\/odgovor-violeta-ivsek\\\/\"]}]},{\"@type\":\"ImageObject\",\"inLanguage\":\"en-US\",\"@id\":\"https:\\\/\\\/webknjizara.hr\\\/proizvod\\\/odgovor-violeta-ivsek\\\/#primaryimage\",\"url\":\"https:\\\/\\\/webknjizara.hr\\\/wp-content\\\/uploads\\\/nc\\\/images\\\/virtuemart\\\/product\\\/odgovor-violeta-518c04a1e1229.jpg\",\"contentUrl\":\"https:\\\/\\\/webknjizara.hr\\\/wp-content\\\/uploads\\\/nc\\\/images\\\/virtuemart\\\/product\\\/odgovor-violeta-518c04a1e1229.jpg\",\"width\":358,\"height\":500,\"caption\":\"ODGOVOR, Violeta Iv\u0161ek\"},{\"@type\":\"BreadcrumbList\",\"@id\":\"https:\\\/\\\/webknjizara.hr\\\/proizvod\\\/odgovor-violeta-ivsek\\\/#breadcrumb\",\"itemListElement\":[{\"@type\":\"ListItem\",\"position\":1,\"name\":\"Po\u010detna stranica\",\"item\":\"https:\\\/\\\/webknjizara.hr\\\/en\\\/\"},{\"@type\":\"ListItem\",\"position\":2,\"name\":\"Shop\",\"item\":\"https:\\\/\\\/webknjizara.hr\\\/shop\\\/\"},{\"@type\":\"ListItem\",\"position\":3,\"name\":\"ODGOVOR, Violeta Iv\u0161ek\"}]},{\"@type\":\"WebSite\",\"@id\":\"https:\\\/\\\/webknjizara.hr\\\/#website\",\"url\":\"https:\\\/\\\/webknjizara.hr\\\/\",\"name\":\"Web Knji\u017eara\",\"description\":\"\",\"publisher\":{\"@id\":\"https:\\\/\\\/webknjizara.hr\\\/#organization\"},\"potentialAction\":[{\"@type\":\"SearchAction\",\"target\":{\"@type\":\"EntryPoint\",\"urlTemplate\":\"https:\\\/\\\/webknjizara.hr\\\/?s={search_term_string}\"},\"query-input\":{\"@type\":\"PropertyValueSpecification\",\"valueRequired\":true,\"valueName\":\"search_term_string\"}}],\"inLanguage\":\"en-US\"},{\"@type\":\"Organization\",\"@id\":\"https:\\\/\\\/webknjizara.hr\\\/#organization\",\"name\":\"REDAK D.O.O.\",\"url\":\"https:\\\/\\\/webknjizara.hr\\\/\",\"logo\":{\"@type\":\"ImageObject\",\"inLanguage\":\"en-US\",\"@id\":\"https:\\\/\\\/webknjizara.hr\\\/#\\\/schema\\\/logo\\\/image\\\/\",\"url\":\"https:\\\/\\\/webknjizara.hr\\\/wp-content\\\/uploads\\\/2023\\\/01\\\/web-knjizara-logo.webp\",\"contentUrl\":\"https:\\\/\\\/webknjizara.hr\\\/wp-content\\\/uploads\\\/2023\\\/01\\\/web-knjizara-logo.webp\",\"width\":324,\"height\":79,\"caption\":\"REDAK D.O.O.\"},\"image\":{\"@id\":\"https:\\\/\\\/webknjizara.hr\\\/#\\\/schema\\\/logo\\\/image\\\/\"}}]}<\/script>\n<!-- \/ Yoast SEO plugin. -->","yoast_head_json":{"title":"ODGOVOR, Violeta Iv\u0161ek - Web-knji\u017eara","robots":{"index":"index","follow":"follow","max-snippet":"max-snippet:-1","max-image-preview":"max-image-preview:large","max-video-preview":"max-video-preview:-1"},"canonical":"https:\/\/webknjizara.hr\/proizvod\/odgovor-violeta-ivsek\/","og_locale":"en_US","og_type":"article","og_title":"ODGOVOR, Violeta Iv\u0161ek - Web-knji\u017eara","og_description":"Sa\u017eetak: Ruka mi je odjednom imala potrebu slijediti osjetila i podra\u017eaje, redom onako kako su pristizali. Oslobo\u0111ena svih predrasuda jesam li kompetentna ili ne, jednostavno sam imala potrebu odgovoriti \u010dovjeku na njegova pitanja. Dogodilo mi se to tijekom \u010ditanja knjige \u201eZahir\u201c, napisao Paulo Coelho. Bio je to razgovor i susret dviju du\u0161a na jednoj drugoj [&hellip;]","og_url":"https:\/\/webknjizara.hr\/proizvod\/odgovor-violeta-ivsek\/","og_site_name":"Web-knji\u017eara","article_modified_time":"2023-02-26T23:15:54+00:00","og_image":[{"width":358,"height":500,"url":"https:\/\/webknjizara.hr\/wp-content\/uploads\/nc\/images\/virtuemart\/product\/odgovor-violeta-518c04a1e1229.jpg","type":"image\/jpeg"}],"twitter_card":"summary_large_image","twitter_misc":{"Est. reading time":"2 minutes"},"schema":{"@context":"https:\/\/schema.org","@graph":[{"@type":"WebPage","@id":"https:\/\/webknjizara.hr\/proizvod\/odgovor-violeta-ivsek\/","url":"https:\/\/webknjizara.hr\/proizvod\/odgovor-violeta-ivsek\/","name":"ODGOVOR, Violeta Iv\u0161ek - Web-knji\u017eara","isPartOf":{"@id":"https:\/\/webknjizara.hr\/#website"},"primaryImageOfPage":{"@id":"https:\/\/webknjizara.hr\/proizvod\/odgovor-violeta-ivsek\/#primaryimage"},"image":{"@id":"https:\/\/webknjizara.hr\/proizvod\/odgovor-violeta-ivsek\/#primaryimage"},"thumbnailUrl":"https:\/\/webknjizara.hr\/wp-content\/uploads\/nc\/images\/virtuemart\/product\/odgovor-violeta-518c04a1e1229.jpg","datePublished":"2013-05-09T20:18:41+00:00","dateModified":"2023-02-26T23:15:54+00:00","breadcrumb":{"@id":"https:\/\/webknjizara.hr\/proizvod\/odgovor-violeta-ivsek\/#breadcrumb"},"inLanguage":"en-US","potentialAction":[{"@type":"ReadAction","target":["https:\/\/webknjizara.hr\/proizvod\/odgovor-violeta-ivsek\/"]}]},{"@type":"ImageObject","inLanguage":"en-US","@id":"https:\/\/webknjizara.hr\/proizvod\/odgovor-violeta-ivsek\/#primaryimage","url":"https:\/\/webknjizara.hr\/wp-content\/uploads\/nc\/images\/virtuemart\/product\/odgovor-violeta-518c04a1e1229.jpg","contentUrl":"https:\/\/webknjizara.hr\/wp-content\/uploads\/nc\/images\/virtuemart\/product\/odgovor-violeta-518c04a1e1229.jpg","width":358,"height":500,"caption":"ODGOVOR, Violeta Iv\u0161ek"},{"@type":"BreadcrumbList","@id":"https:\/\/webknjizara.hr\/proizvod\/odgovor-violeta-ivsek\/#breadcrumb","itemListElement":[{"@type":"ListItem","position":1,"name":"Po\u010detna stranica","item":"https:\/\/webknjizara.hr\/en\/"},{"@type":"ListItem","position":2,"name":"Shop","item":"https:\/\/webknjizara.hr\/shop\/"},{"@type":"ListItem","position":3,"name":"ODGOVOR, Violeta Iv\u0161ek"}]},{"@type":"WebSite","@id":"https:\/\/webknjizara.hr\/#website","url":"https:\/\/webknjizara.hr\/","name":"Web Knji\u017eara","description":"","publisher":{"@id":"https:\/\/webknjizara.hr\/#organization"},"potentialAction":[{"@type":"SearchAction","target":{"@type":"EntryPoint","urlTemplate":"https:\/\/webknjizara.hr\/?s={search_term_string}"},"query-input":{"@type":"PropertyValueSpecification","valueRequired":true,"valueName":"search_term_string"}}],"inLanguage":"en-US"},{"@type":"Organization","@id":"https:\/\/webknjizara.hr\/#organization","name":"REDAK D.O.O.","url":"https:\/\/webknjizara.hr\/","logo":{"@type":"ImageObject","inLanguage":"en-US","@id":"https:\/\/webknjizara.hr\/#\/schema\/logo\/image\/","url":"https:\/\/webknjizara.hr\/wp-content\/uploads\/2023\/01\/web-knjizara-logo.webp","contentUrl":"https:\/\/webknjizara.hr\/wp-content\/uploads\/2023\/01\/web-knjizara-logo.webp","width":324,"height":79,"caption":"REDAK D.O.O."},"image":{"@id":"https:\/\/webknjizara.hr\/#\/schema\/logo\/image\/"}}]}},"_links":{"self":[{"href":"https:\/\/webknjizara.hr\/en\/wp-json\/wp\/v2\/product\/7651","targetHints":{"allow":["GET"]}}],"collection":[{"href":"https:\/\/webknjizara.hr\/en\/wp-json\/wp\/v2\/product"}],"about":[{"href":"https:\/\/webknjizara.hr\/en\/wp-json\/wp\/v2\/types\/product"}],"replies":[{"embeddable":true,"href":"https:\/\/webknjizara.hr\/en\/wp-json\/wp\/v2\/comments?post=7651"}],"wp:featuredmedia":[{"embeddable":true,"href":"https:\/\/webknjizara.hr\/en\/wp-json\/wp\/v2\/media\/7652"}],"wp:attachment":[{"href":"https:\/\/webknjizara.hr\/en\/wp-json\/wp\/v2\/media?parent=7651"}],"wp:term":[{"taxonomy":"product_brand","embeddable":true,"href":"https:\/\/webknjizara.hr\/en\/wp-json\/wp\/v2\/product_brand?post=7651"},{"taxonomy":"product_cat","embeddable":true,"href":"https:\/\/webknjizara.hr\/en\/wp-json\/wp\/v2\/product_cat?post=7651"},{"taxonomy":"product_tag","embeddable":true,"href":"https:\/\/webknjizara.hr\/en\/wp-json\/wp\/v2\/product_tag?post=7651"}],"curies":[{"name":"wp","href":"https:\/\/api.w.org\/{rel}","templated":true}]}}