{"id":7647,"date":"2013-05-07T19:22:40","date_gmt":"2013-05-07T19:22:40","guid":{"rendered":"https:\/\/webknjizara.hr\/?product=kajkavsko-narjecje-u-nastavi-hrv-jezika-tturza-bogdan"},"modified":"2023-02-27T00:15:54","modified_gmt":"2023-02-26T23:15:54","slug":"kajkavsko-narjecje-u-nastavi-hrv-jezika-t-turza-bogdan","status":"publish","type":"product","link":"https:\/\/webknjizara.hr\/en\/proizvod\/kajkavsko-narjecje-u-nastavi-hrv-jezika-t-turza-bogdan\/","title":{"rendered":"KAJKAVSKO NARJE\u010cJE U NASTAVI HRV. JEZIKA, T.Turza-Bogdan"},"content":{"rendered":"<p style=\"text-align: justify;\"><strong>Sa\u017eetak:<\/strong><\/p>\n<p>Knjiga <em>Kajkavsko narje\u010dje u nastavi Hrvatskoga jezika, Prilozi za osnovno\u0161kolsku nastavu<\/em>, znanstvena je monografija o kajkavskome narje\u010dju i knji\u017eevnosti u nastavi. U njoj je predstavljeno istra\u017eivanje recepcije toga narje\u010dja me\u0111u svim dionicima nastavnoga procesa: u\u010denicima i nastavnicima. Kvantitativno i kvalitativno su analizirane osobitosti u\u010deni\u010dke i nastavni\u010dke recepcije. Spoznaje o osobitostima recepcije kajkavskoga narje\u010dja podijeljene su u dvije skupine: govornu i negovornu.\u00a0 Kajkavsko se narje\u010dje stavlja u kontekst suvremenih nastavnih teorija te afirmira otvoreni komunikacijski metodi\u010dki pristup ponu\u0111enim nastavnim sadr\u017eajima. Pristupa mu se u odnosu na kontrastivno usvajanje standardnoga jezika, jezi\u010dno izra\u017eavanje i upoznavanje s kajkavskim knji\u017eevnim djelima u nastavi. Pokazuje se da je pristup jednome narje\u010dju mogu\u0107e primijeniti i na sva ostala narje\u010dja u nastavi.<\/p>\n<p>U knjizi se nalaze primjeri iz kajkavske knji\u017eevnosti, jezika i jezi\u010dnoga izra\u017eavanja te predla\u017eu metodi\u010dke mogu\u0107nosti rada u svim nastavnim podru\u010djima predmeta Hrvatski jezik. Namijenjena je u\u010diteljima razredne nastave, profesorima hrvatskoga jezika i studentima nastavni\u010dkih fakulteta.<\/p>\n<p style=\"text-align: justify;\"><strong>Bilje\u0161ka o autorici:<\/strong> <\/p>\n<p>Tamara Turza-Bogdan docentica je na U\u010diteljskome fakultetu Sveu\u010dili\u0161ta u Zagrebu \u2013 Odsjek u \u010cakovcu. Nositeljica je kolegija iz metodika hrvatskoga jezika i knji\u017eevnosti na u\u010diteljskome i odgojiteljskome studiju. U kajkavskoj ina\u010dici modula Hrvatski jezik osmislila je i uvela kolegij Metodika kajkavskoga narje\u010dja i knji\u017eevnosti. Suautorica je \u010ditanki i metodi\u010dkih priru\u010dnika iz predmeta Hrvatski jezik za 2, 3. i 4. razred osnovne \u0161kole. Prou\u010dava kajkavsku knji\u017eevnost i narje\u010dje u nastavi, utjecaj idioma u razvijanju komunikacijske kompetencije djeteta, metodologiju u\u010denja standardnoga jezika pomo\u0107u idioma te usvajanje hrvatskoga kao nematerinskoga jezika. Sudjeluje kao istra\u017eiva\u010d u dva nacionalna znanstvena projekta.<\/p>\n<p><strong>Klju\u010dne rije\u010di:<\/strong>\u00a0 kajkavsko narje\u010dje, kajkavska knji\u017eevnost, nastava Hrvatskoga jezika, osnovna \u0161kola<\/p>\n<p><strong>E-mail:<\/strong> <a target=\"_blank\" href=\"mailto:tamara.turzabogdan@gmail.com\" rel=\"noopener\">Tamara Turza-Bogdan<\/a><\/p>\n<p><strong>Naslov:<\/strong> Kajkavsko narje\u010dje u nastavi Hrvatskoga jezika, Prilozi za osnovno\u0161kolsku nastavu<br \/><strong>Autor:<\/strong> Tamara Turza-Bogdan<br \/><strong>Broj stranica:<\/strong> 210<br \/><strong>Nakladnik:<\/strong> MATICA HRVATSKA OGRANAK \u010cAKOVEC<br \/><strong>Godina izdanja:<\/strong> 2013.<br \/><strong>ISBN:<\/strong> 978-953-6138-47-0<br \/><strong>Tisak:<\/strong> digitalni tisak knjiga &#8211; print na zahtjev<\/p>\n","protected":false},"excerpt":{"rendered":"<p>Sa\u017eetak: Knjiga Kajkavsko narje\u010dje u nastavi Hrvatskoga jezika, Prilozi za osnovno\u0161kolsku nastavu, znanstvena je monografija o kajkavskome narje\u010dju i knji\u017eevnosti u nastavi. U njoj je predstavljeno istra\u017eivanje recepcije toga narje\u010dja me\u0111u svim dionicima nastavnoga procesa: u\u010denicima i nastavnicima. Kvantitativno i kvalitativno su analizirane osobitosti u\u010deni\u010dke i nastavni\u010dke recepcije. Spoznaje o osobitostima recepcije kajkavskoga narje\u010dja podijeljene [&hellip;]<\/p>\n","protected":false},"featured_media":7648,"comment_status":"open","ping_status":"closed","template":"","meta":{"_acf_changed":false},"product_brand":[],"product_cat":[1399,1517,1395],"product_tag":[],"class_list":{"0":"post-7647","1":"product","2":"type-product","3":"status-publish","4":"has-post-thumbnail","6":"product_cat-filologija","7":"product_cat-strucna-literatura","8":"product_cat-humanisticke-znanosti","9":"pa_autor-tamara-turza-bogdan","10":"pa_nakladnik-matica-hrvatska-ogranak-cakovec","12":"first","13":"instock","14":"shipping-taxable","15":"purchasable","16":"product-type-simple"},"acf":[],"yoast_head":"<!-- This site is optimized with the Yoast SEO plugin v27.3 - https:\/\/yoast.com\/product\/yoast-seo-wordpress\/ -->\n<title>KAJKAVSKO NARJE\u010cJE U NASTAVI HRV. JEZIKA, T.Turza-Bogdan - Web-knji\u017eara<\/title>\n<meta name=\"robots\" content=\"index, follow, max-snippet:-1, max-image-preview:large, max-video-preview:-1\" \/>\n<link rel=\"canonical\" href=\"https:\/\/webknjizara.hr\/proizvod\/kajkavsko-narjecje-u-nastavi-hrv-jezika-t-turza-bogdan\/\" \/>\n<meta property=\"og:locale\" content=\"en_US\" \/>\n<meta property=\"og:type\" content=\"article\" \/>\n<meta property=\"og:title\" content=\"KAJKAVSKO NARJE\u010cJE U NASTAVI HRV. JEZIKA, T.Turza-Bogdan - Web-knji\u017eara\" \/>\n<meta property=\"og:description\" content=\"Sa\u017eetak: Knjiga Kajkavsko narje\u010dje u nastavi Hrvatskoga jezika, Prilozi za osnovno\u0161kolsku nastavu, znanstvena je monografija o kajkavskome narje\u010dju i knji\u017eevnosti u nastavi. U njoj je predstavljeno istra\u017eivanje recepcije toga narje\u010dja me\u0111u svim dionicima nastavnoga procesa: u\u010denicima i nastavnicima. Kvantitativno i kvalitativno su analizirane osobitosti u\u010deni\u010dke i nastavni\u010dke recepcije. Spoznaje o osobitostima recepcije kajkavskoga narje\u010dja podijeljene [&hellip;]\" \/>\n<meta property=\"og:url\" content=\"https:\/\/webknjizara.hr\/proizvod\/kajkavsko-narjecje-u-nastavi-hrv-jezika-t-turza-bogdan\/\" \/>\n<meta property=\"og:site_name\" content=\"Web-knji\u017eara\" \/>\n<meta property=\"article:modified_time\" content=\"2023-02-26T23:15:54+00:00\" \/>\n<meta property=\"og:image\" content=\"https:\/\/webknjizara.hr\/wp-content\/uploads\/nc\/images\/virtuemart\/product\/kajkavsko-narje-518954800925a.jpg\" \/>\n\t<meta property=\"og:image:width\" content=\"453\" \/>\n\t<meta property=\"og:image:height\" content=\"637\" \/>\n\t<meta property=\"og:image:type\" content=\"image\/jpeg\" \/>\n<meta name=\"twitter:card\" content=\"summary_large_image\" \/>\n<meta name=\"twitter:label1\" content=\"Est. reading time\" \/>\n\t<meta name=\"twitter:data1\" content=\"2 minutes\" \/>\n<script type=\"application\/ld+json\" class=\"yoast-schema-graph\">{\"@context\":\"https:\\\/\\\/schema.org\",\"@graph\":[{\"@type\":\"WebPage\",\"@id\":\"https:\\\/\\\/webknjizara.hr\\\/proizvod\\\/kajkavsko-narjecje-u-nastavi-hrv-jezika-t-turza-bogdan\\\/\",\"url\":\"https:\\\/\\\/webknjizara.hr\\\/proizvod\\\/kajkavsko-narjecje-u-nastavi-hrv-jezika-t-turza-bogdan\\\/\",\"name\":\"KAJKAVSKO NARJE\u010cJE U NASTAVI HRV. JEZIKA, T.Turza-Bogdan - Web-knji\u017eara\",\"isPartOf\":{\"@id\":\"https:\\\/\\\/webknjizara.hr\\\/#website\"},\"primaryImageOfPage\":{\"@id\":\"https:\\\/\\\/webknjizara.hr\\\/proizvod\\\/kajkavsko-narjecje-u-nastavi-hrv-jezika-t-turza-bogdan\\\/#primaryimage\"},\"image\":{\"@id\":\"https:\\\/\\\/webknjizara.hr\\\/proizvod\\\/kajkavsko-narjecje-u-nastavi-hrv-jezika-t-turza-bogdan\\\/#primaryimage\"},\"thumbnailUrl\":\"https:\\\/\\\/webknjizara.hr\\\/wp-content\\\/uploads\\\/nc\\\/images\\\/virtuemart\\\/product\\\/kajkavsko-narje-518954800925a.jpg\",\"datePublished\":\"2013-05-07T19:22:40+00:00\",\"dateModified\":\"2023-02-26T23:15:54+00:00\",\"breadcrumb\":{\"@id\":\"https:\\\/\\\/webknjizara.hr\\\/proizvod\\\/kajkavsko-narjecje-u-nastavi-hrv-jezika-t-turza-bogdan\\\/#breadcrumb\"},\"inLanguage\":\"en-US\",\"potentialAction\":[{\"@type\":\"ReadAction\",\"target\":[\"https:\\\/\\\/webknjizara.hr\\\/proizvod\\\/kajkavsko-narjecje-u-nastavi-hrv-jezika-t-turza-bogdan\\\/\"]}]},{\"@type\":\"ImageObject\",\"inLanguage\":\"en-US\",\"@id\":\"https:\\\/\\\/webknjizara.hr\\\/proizvod\\\/kajkavsko-narjecje-u-nastavi-hrv-jezika-t-turza-bogdan\\\/#primaryimage\",\"url\":\"https:\\\/\\\/webknjizara.hr\\\/wp-content\\\/uploads\\\/nc\\\/images\\\/virtuemart\\\/product\\\/kajkavsko-narje-518954800925a.jpg\",\"contentUrl\":\"https:\\\/\\\/webknjizara.hr\\\/wp-content\\\/uploads\\\/nc\\\/images\\\/virtuemart\\\/product\\\/kajkavsko-narje-518954800925a.jpg\",\"width\":453,\"height\":637,\"caption\":\"KAJKAVSKO NARJE\u010cJE U NASTAVI HRV. JEZIKA, T.Turza-Bogdan\"},{\"@type\":\"BreadcrumbList\",\"@id\":\"https:\\\/\\\/webknjizara.hr\\\/proizvod\\\/kajkavsko-narjecje-u-nastavi-hrv-jezika-t-turza-bogdan\\\/#breadcrumb\",\"itemListElement\":[{\"@type\":\"ListItem\",\"position\":1,\"name\":\"Po\u010detna stranica\",\"item\":\"https:\\\/\\\/webknjizara.hr\\\/en\\\/\"},{\"@type\":\"ListItem\",\"position\":2,\"name\":\"Shop\",\"item\":\"https:\\\/\\\/webknjizara.hr\\\/shop\\\/\"},{\"@type\":\"ListItem\",\"position\":3,\"name\":\"KAJKAVSKO NARJE\u010cJE U NASTAVI HRV. JEZIKA, T.Turza-Bogdan\"}]},{\"@type\":\"WebSite\",\"@id\":\"https:\\\/\\\/webknjizara.hr\\\/#website\",\"url\":\"https:\\\/\\\/webknjizara.hr\\\/\",\"name\":\"Web Knji\u017eara\",\"description\":\"\",\"publisher\":{\"@id\":\"https:\\\/\\\/webknjizara.hr\\\/#organization\"},\"potentialAction\":[{\"@type\":\"SearchAction\",\"target\":{\"@type\":\"EntryPoint\",\"urlTemplate\":\"https:\\\/\\\/webknjizara.hr\\\/?s={search_term_string}\"},\"query-input\":{\"@type\":\"PropertyValueSpecification\",\"valueRequired\":true,\"valueName\":\"search_term_string\"}}],\"inLanguage\":\"en-US\"},{\"@type\":\"Organization\",\"@id\":\"https:\\\/\\\/webknjizara.hr\\\/#organization\",\"name\":\"REDAK D.O.O.\",\"url\":\"https:\\\/\\\/webknjizara.hr\\\/\",\"logo\":{\"@type\":\"ImageObject\",\"inLanguage\":\"en-US\",\"@id\":\"https:\\\/\\\/webknjizara.hr\\\/#\\\/schema\\\/logo\\\/image\\\/\",\"url\":\"https:\\\/\\\/webknjizara.hr\\\/wp-content\\\/uploads\\\/2023\\\/01\\\/web-knjizara-logo.webp\",\"contentUrl\":\"https:\\\/\\\/webknjizara.hr\\\/wp-content\\\/uploads\\\/2023\\\/01\\\/web-knjizara-logo.webp\",\"width\":324,\"height\":79,\"caption\":\"REDAK D.O.O.\"},\"image\":{\"@id\":\"https:\\\/\\\/webknjizara.hr\\\/#\\\/schema\\\/logo\\\/image\\\/\"}}]}<\/script>\n<!-- \/ Yoast SEO plugin. -->","yoast_head_json":{"title":"KAJKAVSKO NARJE\u010cJE U NASTAVI HRV. JEZIKA, T.Turza-Bogdan - Web-knji\u017eara","robots":{"index":"index","follow":"follow","max-snippet":"max-snippet:-1","max-image-preview":"max-image-preview:large","max-video-preview":"max-video-preview:-1"},"canonical":"https:\/\/webknjizara.hr\/proizvod\/kajkavsko-narjecje-u-nastavi-hrv-jezika-t-turza-bogdan\/","og_locale":"en_US","og_type":"article","og_title":"KAJKAVSKO NARJE\u010cJE U NASTAVI HRV. JEZIKA, T.Turza-Bogdan - Web-knji\u017eara","og_description":"Sa\u017eetak: Knjiga Kajkavsko narje\u010dje u nastavi Hrvatskoga jezika, Prilozi za osnovno\u0161kolsku nastavu, znanstvena je monografija o kajkavskome narje\u010dju i knji\u017eevnosti u nastavi. U njoj je predstavljeno istra\u017eivanje recepcije toga narje\u010dja me\u0111u svim dionicima nastavnoga procesa: u\u010denicima i nastavnicima. Kvantitativno i kvalitativno su analizirane osobitosti u\u010deni\u010dke i nastavni\u010dke recepcije. Spoznaje o osobitostima recepcije kajkavskoga narje\u010dja podijeljene [&hellip;]","og_url":"https:\/\/webknjizara.hr\/proizvod\/kajkavsko-narjecje-u-nastavi-hrv-jezika-t-turza-bogdan\/","og_site_name":"Web-knji\u017eara","article_modified_time":"2023-02-26T23:15:54+00:00","og_image":[{"width":453,"height":637,"url":"https:\/\/webknjizara.hr\/wp-content\/uploads\/nc\/images\/virtuemart\/product\/kajkavsko-narje-518954800925a.jpg","type":"image\/jpeg"}],"twitter_card":"summary_large_image","twitter_misc":{"Est. reading time":"2 minutes"},"schema":{"@context":"https:\/\/schema.org","@graph":[{"@type":"WebPage","@id":"https:\/\/webknjizara.hr\/proizvod\/kajkavsko-narjecje-u-nastavi-hrv-jezika-t-turza-bogdan\/","url":"https:\/\/webknjizara.hr\/proizvod\/kajkavsko-narjecje-u-nastavi-hrv-jezika-t-turza-bogdan\/","name":"KAJKAVSKO NARJE\u010cJE U NASTAVI HRV. JEZIKA, T.Turza-Bogdan - Web-knji\u017eara","isPartOf":{"@id":"https:\/\/webknjizara.hr\/#website"},"primaryImageOfPage":{"@id":"https:\/\/webknjizara.hr\/proizvod\/kajkavsko-narjecje-u-nastavi-hrv-jezika-t-turza-bogdan\/#primaryimage"},"image":{"@id":"https:\/\/webknjizara.hr\/proizvod\/kajkavsko-narjecje-u-nastavi-hrv-jezika-t-turza-bogdan\/#primaryimage"},"thumbnailUrl":"https:\/\/webknjizara.hr\/wp-content\/uploads\/nc\/images\/virtuemart\/product\/kajkavsko-narje-518954800925a.jpg","datePublished":"2013-05-07T19:22:40+00:00","dateModified":"2023-02-26T23:15:54+00:00","breadcrumb":{"@id":"https:\/\/webknjizara.hr\/proizvod\/kajkavsko-narjecje-u-nastavi-hrv-jezika-t-turza-bogdan\/#breadcrumb"},"inLanguage":"en-US","potentialAction":[{"@type":"ReadAction","target":["https:\/\/webknjizara.hr\/proizvod\/kajkavsko-narjecje-u-nastavi-hrv-jezika-t-turza-bogdan\/"]}]},{"@type":"ImageObject","inLanguage":"en-US","@id":"https:\/\/webknjizara.hr\/proizvod\/kajkavsko-narjecje-u-nastavi-hrv-jezika-t-turza-bogdan\/#primaryimage","url":"https:\/\/webknjizara.hr\/wp-content\/uploads\/nc\/images\/virtuemart\/product\/kajkavsko-narje-518954800925a.jpg","contentUrl":"https:\/\/webknjizara.hr\/wp-content\/uploads\/nc\/images\/virtuemart\/product\/kajkavsko-narje-518954800925a.jpg","width":453,"height":637,"caption":"KAJKAVSKO NARJE\u010cJE U NASTAVI HRV. JEZIKA, T.Turza-Bogdan"},{"@type":"BreadcrumbList","@id":"https:\/\/webknjizara.hr\/proizvod\/kajkavsko-narjecje-u-nastavi-hrv-jezika-t-turza-bogdan\/#breadcrumb","itemListElement":[{"@type":"ListItem","position":1,"name":"Po\u010detna stranica","item":"https:\/\/webknjizara.hr\/en\/"},{"@type":"ListItem","position":2,"name":"Shop","item":"https:\/\/webknjizara.hr\/shop\/"},{"@type":"ListItem","position":3,"name":"KAJKAVSKO NARJE\u010cJE U NASTAVI HRV. JEZIKA, T.Turza-Bogdan"}]},{"@type":"WebSite","@id":"https:\/\/webknjizara.hr\/#website","url":"https:\/\/webknjizara.hr\/","name":"Web Knji\u017eara","description":"","publisher":{"@id":"https:\/\/webknjizara.hr\/#organization"},"potentialAction":[{"@type":"SearchAction","target":{"@type":"EntryPoint","urlTemplate":"https:\/\/webknjizara.hr\/?s={search_term_string}"},"query-input":{"@type":"PropertyValueSpecification","valueRequired":true,"valueName":"search_term_string"}}],"inLanguage":"en-US"},{"@type":"Organization","@id":"https:\/\/webknjizara.hr\/#organization","name":"REDAK D.O.O.","url":"https:\/\/webknjizara.hr\/","logo":{"@type":"ImageObject","inLanguage":"en-US","@id":"https:\/\/webknjizara.hr\/#\/schema\/logo\/image\/","url":"https:\/\/webknjizara.hr\/wp-content\/uploads\/2023\/01\/web-knjizara-logo.webp","contentUrl":"https:\/\/webknjizara.hr\/wp-content\/uploads\/2023\/01\/web-knjizara-logo.webp","width":324,"height":79,"caption":"REDAK D.O.O."},"image":{"@id":"https:\/\/webknjizara.hr\/#\/schema\/logo\/image\/"}}]}},"_links":{"self":[{"href":"https:\/\/webknjizara.hr\/en\/wp-json\/wp\/v2\/product\/7647","targetHints":{"allow":["GET"]}}],"collection":[{"href":"https:\/\/webknjizara.hr\/en\/wp-json\/wp\/v2\/product"}],"about":[{"href":"https:\/\/webknjizara.hr\/en\/wp-json\/wp\/v2\/types\/product"}],"replies":[{"embeddable":true,"href":"https:\/\/webknjizara.hr\/en\/wp-json\/wp\/v2\/comments?post=7647"}],"wp:featuredmedia":[{"embeddable":true,"href":"https:\/\/webknjizara.hr\/en\/wp-json\/wp\/v2\/media\/7648"}],"wp:attachment":[{"href":"https:\/\/webknjizara.hr\/en\/wp-json\/wp\/v2\/media?parent=7647"}],"wp:term":[{"taxonomy":"product_brand","embeddable":true,"href":"https:\/\/webknjizara.hr\/en\/wp-json\/wp\/v2\/product_brand?post=7647"},{"taxonomy":"product_cat","embeddable":true,"href":"https:\/\/webknjizara.hr\/en\/wp-json\/wp\/v2\/product_cat?post=7647"},{"taxonomy":"product_tag","embeddable":true,"href":"https:\/\/webknjizara.hr\/en\/wp-json\/wp\/v2\/product_tag?post=7647"}],"curies":[{"name":"wp","href":"https:\/\/api.w.org\/{rel}","templated":true}]}}