{"id":7645,"date":"2013-05-03T18:44:03","date_gmt":"2013-05-03T18:44:03","guid":{"rendered":"https:\/\/webknjizara.hr\/?product=elektrotehnicki-materijali-i-tehnologije-milutin-kapov"},"modified":"2025-06-24T15:44:29","modified_gmt":"2025-06-24T13:44:29","slug":"elektrotehnicki-materijali-i-tehnologije-milutin-kapov","status":"publish","type":"product","link":"https:\/\/webknjizara.hr\/en\/proizvod\/elektrotehnicki-materijali-i-tehnologije-milutin-kapov\/","title":{"rendered":"ELEKTROTEHNI\u010cKI MATERIJALI I TEHNOLOGIJE, Milutin Kapov"},"content":{"rendered":"<p style=\"text-align: justify;\"><strong><br \/>Sa\u017eetak:<\/strong><\/p>\n<p>Gradivo obuhva\u0107eno u skripti \u201eElektrotehni\u010dki materijali i tehnologije\u201c uskla\u0111eno je s nastavnim programom predmeta \u201eElektrotehni\u010dki materijali i tehnologije\u201c koji slu\u0161aju studenti prve godine stru\u010dnog studija Elektrotehnika i studenti druge godine preddiplomskog studija Elektrotehnika i informacijska tehnologija na FESB-u. Sadr\u017eaj skripte obra\u0111uje temeljna znanja o veoma \u0161irokom i zna\u010dajnom podru\u010dju materijala i tehnologija koja se upotrebljavaju u elektrotehnici. Kako je skripta pisana za studente elektrotehnike podrobnije je obra\u0111ena mikroelektroni\u010dka tehnologija.<\/p>\n<p><strong>Bilje\u0161ka o autoru\/autorici:<\/strong><\/p>\n<p>Autor je izvanredni profesor na Fakultetu elektrotehnike, strojarstva i brodogradnje u Splitu. Nositelj je kolegija \u201eElektrotehni\u010dki materijali i tehnologije\u201c na stru\u010dnom i preddiplomskom studiju, \u201eLokalne i pristupne mre\u017ee\u201c na diplomskom studiju te \u201e\u0160irokopojasne pristupne tehnologije\u201c na poslijediplomskom doktorskom studiju. Autorovo znanstveno istra\u017eivanje usmjereno je na podru\u010dje telekomunikacija posebice na \u0161irokopojasne pristupne tehnologije.<\/p>\n<p><strong>Klju\u010dne rije\u010di:<\/strong><br \/>Elektrotehni\u010dki materijali, tehnologije<\/p>\n<p><strong>E-mail:<\/strong> <a href=\"mailto:Milutin.Kapov@fesb.hr\">Milutin Kapov<\/a><\/p>\n<p><strong>Naslov:<\/strong> Elektrotehni\u010dki materijali i tehnologije<br \/><strong>Autor:<\/strong> Milutin Kapov<br \/><strong>Broj stranica:<\/strong> 180<br \/><strong>Nakladnik:<\/strong> FESB<br \/><strong>Godina izdanja:<\/strong> 2013.<br \/><strong>ISBN:<\/strong> 953-6114-75-5<br \/><strong>Tisak:<\/strong> digitalni tisak knjiga &#8211; print na zahtjev<\/p>\n<div style=\"position: absolute; left: -40px; top: -25px; width: 1px; height: 1px; overflow: hidden; text-align: justify;\" class=\"mcePaste\" id=\"_mcePaste\">\n<p>  Normal<br \/>\n  0<\/p>\n<p>  21<\/p>\n<p>  false<br \/>\n  false<br \/>\n  false<\/p>\n<p>  HR<br \/>\n  X-NONE<br \/>\n  X-NONE<\/p>\n<p class=\"MsoNoSpacing\"><span style=\"font-family: 'Arial','sans-serif'; mso-ansi-language: HR; mso-no-proof: yes;\">ELEKTROTEHNI\u010cKI MATERIJALI I TEHNOLOGIJE<\/span><span style=\"font-family: 'Arial','sans-serif'; mso-ansi-language: HR;\"><\/span><\/p>\n<\/div>\n","protected":false},"excerpt":{"rendered":"<p>Sa\u017eetak: Gradivo obuhva\u0107eno u skripti \u201eElektrotehni\u010dki materijali i tehnologije\u201c uskla\u0111eno je s nastavnim programom predmeta \u201eElektrotehni\u010dki materijali i tehnologije\u201c koji slu\u0161aju studenti prve godine stru\u010dnog studija Elektrotehnika i studenti druge godine preddiplomskog studija Elektrotehnika i informacijska tehnologija na FESB-u. Sadr\u017eaj skripte obra\u0111uje temeljna znanja o veoma \u0161irokom i zna\u010dajnom podru\u010dju materijala i tehnologija koja se [&hellip;]<\/p>\n","protected":false},"featured_media":7646,"comment_status":"open","ping_status":"closed","template":"","meta":{"_acf_changed":false},"product_brand":[],"product_cat":[1517],"product_tag":[],"class_list":{"0":"post-7645","1":"product","2":"type-product","3":"status-publish","4":"has-post-thumbnail","6":"product_cat-strucna-literatura","7":"pa_autor-milutin-kapov","8":"pa_nakladnik-fesb","10":"first","11":"instock","12":"shipping-taxable","13":"purchasable","14":"product-type-simple"},"acf":[],"yoast_head":"<!-- This site is optimized with the Yoast SEO plugin v27.3 - https:\/\/yoast.com\/product\/yoast-seo-wordpress\/ -->\n<title>ELEKTROTEHNI\u010cKI MATERIJALI I TEHNOLOGIJE, Milutin Kapov - Web-knji\u017eara<\/title>\n<meta name=\"robots\" content=\"index, follow, max-snippet:-1, max-image-preview:large, max-video-preview:-1\" \/>\n<link rel=\"canonical\" href=\"https:\/\/webknjizara.hr\/proizvod\/elektrotehnicki-materijali-i-tehnologije-milutin-kapov\/\" \/>\n<meta property=\"og:locale\" content=\"en_US\" \/>\n<meta property=\"og:type\" content=\"article\" \/>\n<meta property=\"og:title\" content=\"ELEKTROTEHNI\u010cKI MATERIJALI I TEHNOLOGIJE, Milutin Kapov - Web-knji\u017eara\" \/>\n<meta property=\"og:description\" content=\"Sa\u017eetak: Gradivo obuhva\u0107eno u skripti \u201eElektrotehni\u010dki materijali i tehnologije\u201c uskla\u0111eno je s nastavnim programom predmeta \u201eElektrotehni\u010dki materijali i tehnologije\u201c koji slu\u0161aju studenti prve godine stru\u010dnog studija Elektrotehnika i studenti druge godine preddiplomskog studija Elektrotehnika i informacijska tehnologija na FESB-u. Sadr\u017eaj skripte obra\u0111uje temeljna znanja o veoma \u0161irokom i zna\u010dajnom podru\u010dju materijala i tehnologija koja se [&hellip;]\" \/>\n<meta property=\"og:url\" content=\"https:\/\/webknjizara.hr\/proizvod\/elektrotehnicki-materijali-i-tehnologije-milutin-kapov\/\" \/>\n<meta property=\"og:site_name\" content=\"Web-knji\u017eara\" \/>\n<meta property=\"article:modified_time\" content=\"2025-06-24T13:44:29+00:00\" \/>\n<meta property=\"og:image\" content=\"https:\/\/webknjizara.hr\/wp-content\/uploads\/nc\/images\/virtuemart\/product\/elektrotehni-ki-51840573899c9.jpg\" \/>\n\t<meta property=\"og:image:width\" content=\"579\" \/>\n\t<meta property=\"og:image:height\" content=\"821\" \/>\n\t<meta property=\"og:image:type\" content=\"image\/jpeg\" \/>\n<meta name=\"twitter:card\" content=\"summary_large_image\" \/>\n<meta name=\"twitter:label1\" content=\"Est. reading time\" \/>\n\t<meta name=\"twitter:data1\" content=\"1 minute\" \/>\n<script type=\"application\/ld+json\" class=\"yoast-schema-graph\">{\"@context\":\"https:\\\/\\\/schema.org\",\"@graph\":[{\"@type\":\"WebPage\",\"@id\":\"https:\\\/\\\/webknjizara.hr\\\/proizvod\\\/elektrotehnicki-materijali-i-tehnologije-milutin-kapov\\\/\",\"url\":\"https:\\\/\\\/webknjizara.hr\\\/proizvod\\\/elektrotehnicki-materijali-i-tehnologije-milutin-kapov\\\/\",\"name\":\"ELEKTROTEHNI\u010cKI MATERIJALI I TEHNOLOGIJE, Milutin Kapov - Web-knji\u017eara\",\"isPartOf\":{\"@id\":\"https:\\\/\\\/webknjizara.hr\\\/#website\"},\"primaryImageOfPage\":{\"@id\":\"https:\\\/\\\/webknjizara.hr\\\/proizvod\\\/elektrotehnicki-materijali-i-tehnologije-milutin-kapov\\\/#primaryimage\"},\"image\":{\"@id\":\"https:\\\/\\\/webknjizara.hr\\\/proizvod\\\/elektrotehnicki-materijali-i-tehnologije-milutin-kapov\\\/#primaryimage\"},\"thumbnailUrl\":\"https:\\\/\\\/webknjizara.hr\\\/wp-content\\\/uploads\\\/nc\\\/images\\\/virtuemart\\\/product\\\/elektrotehni-ki-51840573899c9.jpg\",\"datePublished\":\"2013-05-03T18:44:03+00:00\",\"dateModified\":\"2025-06-24T13:44:29+00:00\",\"breadcrumb\":{\"@id\":\"https:\\\/\\\/webknjizara.hr\\\/proizvod\\\/elektrotehnicki-materijali-i-tehnologije-milutin-kapov\\\/#breadcrumb\"},\"inLanguage\":\"en-US\",\"potentialAction\":[{\"@type\":\"ReadAction\",\"target\":[\"https:\\\/\\\/webknjizara.hr\\\/proizvod\\\/elektrotehnicki-materijali-i-tehnologije-milutin-kapov\\\/\"]}]},{\"@type\":\"ImageObject\",\"inLanguage\":\"en-US\",\"@id\":\"https:\\\/\\\/webknjizara.hr\\\/proizvod\\\/elektrotehnicki-materijali-i-tehnologije-milutin-kapov\\\/#primaryimage\",\"url\":\"https:\\\/\\\/webknjizara.hr\\\/wp-content\\\/uploads\\\/nc\\\/images\\\/virtuemart\\\/product\\\/elektrotehni-ki-51840573899c9.jpg\",\"contentUrl\":\"https:\\\/\\\/webknjizara.hr\\\/wp-content\\\/uploads\\\/nc\\\/images\\\/virtuemart\\\/product\\\/elektrotehni-ki-51840573899c9.jpg\",\"width\":579,\"height\":821,\"caption\":\"ELEKTROTEHNI\u010cKI MATERIJALI I TEHNOLOGIJE, Milutin Kapov\"},{\"@type\":\"BreadcrumbList\",\"@id\":\"https:\\\/\\\/webknjizara.hr\\\/proizvod\\\/elektrotehnicki-materijali-i-tehnologije-milutin-kapov\\\/#breadcrumb\",\"itemListElement\":[{\"@type\":\"ListItem\",\"position\":1,\"name\":\"Po\u010detna stranica\",\"item\":\"https:\\\/\\\/webknjizara.hr\\\/en\\\/\"},{\"@type\":\"ListItem\",\"position\":2,\"name\":\"Shop\",\"item\":\"https:\\\/\\\/webknjizara.hr\\\/shop\\\/\"},{\"@type\":\"ListItem\",\"position\":3,\"name\":\"ELEKTROTEHNI\u010cKI MATERIJALI I TEHNOLOGIJE, Milutin Kapov\"}]},{\"@type\":\"WebSite\",\"@id\":\"https:\\\/\\\/webknjizara.hr\\\/#website\",\"url\":\"https:\\\/\\\/webknjizara.hr\\\/\",\"name\":\"Web Knji\u017eara\",\"description\":\"\",\"publisher\":{\"@id\":\"https:\\\/\\\/webknjizara.hr\\\/#organization\"},\"potentialAction\":[{\"@type\":\"SearchAction\",\"target\":{\"@type\":\"EntryPoint\",\"urlTemplate\":\"https:\\\/\\\/webknjizara.hr\\\/?s={search_term_string}\"},\"query-input\":{\"@type\":\"PropertyValueSpecification\",\"valueRequired\":true,\"valueName\":\"search_term_string\"}}],\"inLanguage\":\"en-US\"},{\"@type\":\"Organization\",\"@id\":\"https:\\\/\\\/webknjizara.hr\\\/#organization\",\"name\":\"REDAK D.O.O.\",\"url\":\"https:\\\/\\\/webknjizara.hr\\\/\",\"logo\":{\"@type\":\"ImageObject\",\"inLanguage\":\"en-US\",\"@id\":\"https:\\\/\\\/webknjizara.hr\\\/#\\\/schema\\\/logo\\\/image\\\/\",\"url\":\"https:\\\/\\\/webknjizara.hr\\\/wp-content\\\/uploads\\\/2023\\\/01\\\/web-knjizara-logo.webp\",\"contentUrl\":\"https:\\\/\\\/webknjizara.hr\\\/wp-content\\\/uploads\\\/2023\\\/01\\\/web-knjizara-logo.webp\",\"width\":324,\"height\":79,\"caption\":\"REDAK D.O.O.\"},\"image\":{\"@id\":\"https:\\\/\\\/webknjizara.hr\\\/#\\\/schema\\\/logo\\\/image\\\/\"}}]}<\/script>\n<!-- \/ Yoast SEO plugin. -->","yoast_head_json":{"title":"ELEKTROTEHNI\u010cKI MATERIJALI I TEHNOLOGIJE, Milutin Kapov - Web-knji\u017eara","robots":{"index":"index","follow":"follow","max-snippet":"max-snippet:-1","max-image-preview":"max-image-preview:large","max-video-preview":"max-video-preview:-1"},"canonical":"https:\/\/webknjizara.hr\/proizvod\/elektrotehnicki-materijali-i-tehnologije-milutin-kapov\/","og_locale":"en_US","og_type":"article","og_title":"ELEKTROTEHNI\u010cKI MATERIJALI I TEHNOLOGIJE, Milutin Kapov - Web-knji\u017eara","og_description":"Sa\u017eetak: Gradivo obuhva\u0107eno u skripti \u201eElektrotehni\u010dki materijali i tehnologije\u201c uskla\u0111eno je s nastavnim programom predmeta \u201eElektrotehni\u010dki materijali i tehnologije\u201c koji slu\u0161aju studenti prve godine stru\u010dnog studija Elektrotehnika i studenti druge godine preddiplomskog studija Elektrotehnika i informacijska tehnologija na FESB-u. Sadr\u017eaj skripte obra\u0111uje temeljna znanja o veoma \u0161irokom i zna\u010dajnom podru\u010dju materijala i tehnologija koja se [&hellip;]","og_url":"https:\/\/webknjizara.hr\/proizvod\/elektrotehnicki-materijali-i-tehnologije-milutin-kapov\/","og_site_name":"Web-knji\u017eara","article_modified_time":"2025-06-24T13:44:29+00:00","og_image":[{"width":579,"height":821,"url":"https:\/\/webknjizara.hr\/wp-content\/uploads\/nc\/images\/virtuemart\/product\/elektrotehni-ki-51840573899c9.jpg","type":"image\/jpeg"}],"twitter_card":"summary_large_image","twitter_misc":{"Est. reading time":"1 minute"},"schema":{"@context":"https:\/\/schema.org","@graph":[{"@type":"WebPage","@id":"https:\/\/webknjizara.hr\/proizvod\/elektrotehnicki-materijali-i-tehnologije-milutin-kapov\/","url":"https:\/\/webknjizara.hr\/proizvod\/elektrotehnicki-materijali-i-tehnologije-milutin-kapov\/","name":"ELEKTROTEHNI\u010cKI MATERIJALI I TEHNOLOGIJE, Milutin Kapov - Web-knji\u017eara","isPartOf":{"@id":"https:\/\/webknjizara.hr\/#website"},"primaryImageOfPage":{"@id":"https:\/\/webknjizara.hr\/proizvod\/elektrotehnicki-materijali-i-tehnologije-milutin-kapov\/#primaryimage"},"image":{"@id":"https:\/\/webknjizara.hr\/proizvod\/elektrotehnicki-materijali-i-tehnologije-milutin-kapov\/#primaryimage"},"thumbnailUrl":"https:\/\/webknjizara.hr\/wp-content\/uploads\/nc\/images\/virtuemart\/product\/elektrotehni-ki-51840573899c9.jpg","datePublished":"2013-05-03T18:44:03+00:00","dateModified":"2025-06-24T13:44:29+00:00","breadcrumb":{"@id":"https:\/\/webknjizara.hr\/proizvod\/elektrotehnicki-materijali-i-tehnologije-milutin-kapov\/#breadcrumb"},"inLanguage":"en-US","potentialAction":[{"@type":"ReadAction","target":["https:\/\/webknjizara.hr\/proizvod\/elektrotehnicki-materijali-i-tehnologije-milutin-kapov\/"]}]},{"@type":"ImageObject","inLanguage":"en-US","@id":"https:\/\/webknjizara.hr\/proizvod\/elektrotehnicki-materijali-i-tehnologije-milutin-kapov\/#primaryimage","url":"https:\/\/webknjizara.hr\/wp-content\/uploads\/nc\/images\/virtuemart\/product\/elektrotehni-ki-51840573899c9.jpg","contentUrl":"https:\/\/webknjizara.hr\/wp-content\/uploads\/nc\/images\/virtuemart\/product\/elektrotehni-ki-51840573899c9.jpg","width":579,"height":821,"caption":"ELEKTROTEHNI\u010cKI MATERIJALI I TEHNOLOGIJE, Milutin Kapov"},{"@type":"BreadcrumbList","@id":"https:\/\/webknjizara.hr\/proizvod\/elektrotehnicki-materijali-i-tehnologije-milutin-kapov\/#breadcrumb","itemListElement":[{"@type":"ListItem","position":1,"name":"Po\u010detna stranica","item":"https:\/\/webknjizara.hr\/en\/"},{"@type":"ListItem","position":2,"name":"Shop","item":"https:\/\/webknjizara.hr\/shop\/"},{"@type":"ListItem","position":3,"name":"ELEKTROTEHNI\u010cKI MATERIJALI I TEHNOLOGIJE, Milutin Kapov"}]},{"@type":"WebSite","@id":"https:\/\/webknjizara.hr\/#website","url":"https:\/\/webknjizara.hr\/","name":"Web Knji\u017eara","description":"","publisher":{"@id":"https:\/\/webknjizara.hr\/#organization"},"potentialAction":[{"@type":"SearchAction","target":{"@type":"EntryPoint","urlTemplate":"https:\/\/webknjizara.hr\/?s={search_term_string}"},"query-input":{"@type":"PropertyValueSpecification","valueRequired":true,"valueName":"search_term_string"}}],"inLanguage":"en-US"},{"@type":"Organization","@id":"https:\/\/webknjizara.hr\/#organization","name":"REDAK D.O.O.","url":"https:\/\/webknjizara.hr\/","logo":{"@type":"ImageObject","inLanguage":"en-US","@id":"https:\/\/webknjizara.hr\/#\/schema\/logo\/image\/","url":"https:\/\/webknjizara.hr\/wp-content\/uploads\/2023\/01\/web-knjizara-logo.webp","contentUrl":"https:\/\/webknjizara.hr\/wp-content\/uploads\/2023\/01\/web-knjizara-logo.webp","width":324,"height":79,"caption":"REDAK D.O.O."},"image":{"@id":"https:\/\/webknjizara.hr\/#\/schema\/logo\/image\/"}}]}},"_links":{"self":[{"href":"https:\/\/webknjizara.hr\/en\/wp-json\/wp\/v2\/product\/7645","targetHints":{"allow":["GET"]}}],"collection":[{"href":"https:\/\/webknjizara.hr\/en\/wp-json\/wp\/v2\/product"}],"about":[{"href":"https:\/\/webknjizara.hr\/en\/wp-json\/wp\/v2\/types\/product"}],"replies":[{"embeddable":true,"href":"https:\/\/webknjizara.hr\/en\/wp-json\/wp\/v2\/comments?post=7645"}],"wp:featuredmedia":[{"embeddable":true,"href":"https:\/\/webknjizara.hr\/en\/wp-json\/wp\/v2\/media\/7646"}],"wp:attachment":[{"href":"https:\/\/webknjizara.hr\/en\/wp-json\/wp\/v2\/media?parent=7645"}],"wp:term":[{"taxonomy":"product_brand","embeddable":true,"href":"https:\/\/webknjizara.hr\/en\/wp-json\/wp\/v2\/product_brand?post=7645"},{"taxonomy":"product_cat","embeddable":true,"href":"https:\/\/webknjizara.hr\/en\/wp-json\/wp\/v2\/product_cat?post=7645"},{"taxonomy":"product_tag","embeddable":true,"href":"https:\/\/webknjizara.hr\/en\/wp-json\/wp\/v2\/product_tag?post=7645"}],"curies":[{"name":"wp","href":"https:\/\/api.w.org\/{rel}","templated":true}]}}