{"id":7635,"date":"2013-04-19T18:53:42","date_gmt":"2013-04-19T18:53:42","guid":{"rendered":"https:\/\/webknjizara.hr\/?product=kako-brzo-i-lako-uciti-i-pamtiti-carmen-pezic-maligec"},"modified":"2025-06-24T15:32:25","modified_gmt":"2025-06-24T13:32:25","slug":"kako-brzo-i-lako-uciti-i-pamtiti-carmen-pezic-maligec","status":"publish","type":"product","link":"https:\/\/webknjizara.hr\/en\/proizvod\/kako-brzo-i-lako-uciti-i-pamtiti-carmen-pezic-maligec\/","title":{"rendered":"KAKO BRZO I LAKO U\u010cITI I PAMTITI, Carmen Pezi\u0107 Maligec"},"content":{"rendered":"<p style=\"text-align: justify;\"><strong><br \/>Sa\u017eetak:<\/strong><\/p>\n<p>Ne da vam se u\u010diti? Te\u0161ko vam je? Jeste li znali da koristite manje od 1 % svojega mozga?<br \/>Znate li da zbog krivog pristupa\u00a0 u\u010denju i pritiska od\u00a0 u\u010denja dolazi do poreme\u0107aja u <br \/>organizmu i do bolesti ?<br \/>U knjizi mo\u017eete saznati kako iskoristiti ostatak svoga mozga, kako probuditi svoj mozak. <br \/>Otkrijte tehnike stvorene za uspjeh te postanite sretnija i uspje\u0161nija osoba. <br \/>Svi imamo sposobnosti za uspje\u0161no u\u010denje: ova \u0107e vam knjiga to omogu\u0107iti jer svi imamo<br \/>onoliko sposobnosti koliko to \u017eelimo. Svatko mo\u017ee nau\u010diti u\u010diti! Dobra vijest je da ne postoji <br \/>lo\u0161e pam\u0107enje. Upravo se u ovoj knjizi navode lagane tehnike s pomo\u0107u kojih svi mo\u017eemo<br \/>usavr\u0161iti svoje pam\u0107enje.<\/p>\n<p style=\"text-align: justify;\">U knjizi \u0107ete na\u0107i mnogo vje\u017eba, tehnika i metoda:<br \/>-kako potaknuti rad mozga<br \/>-kako u trenutku uspostaviti ravnote\u017eu u sebi<br \/>-kako ukloniti uzroke nepravilnoga u\u010denja <br \/>-kako pamtiti, a da pritom ne zaboravljate nau\u010deno gradivo<br \/>-kako razvijati umne sposobnosti \u00a0<br \/>-kako se postaviti prema u\u010denju i sebi \u00a0<br \/>-kako ostvariti svoje ciljeve<br \/>-kako polagati ispite s lako\u0107om<br \/>-kako imati vi\u0161e slobodnog vremena<br \/>-kako razviti samopo\u0161tovanje <br \/>-kako se motivirati, koncentrirati <br \/>-kako se osloboditi stresa , straha i ostalih osje\u0107aja koji vas blokiraju u uspje\u0161nome u\u010denju<br \/>&#8211; i jo\u0161 mnogo toga.<\/p>\n<p style=\"text-align: justify;\">Nakon provo\u0111enja vje\u017ebi koje \u0107ete na\u0107i u ovoj knjizi, u\u010dit \u0107ete br\u017ee, bolje i\u00a0 s razumijevanjem<br \/>te dr\u017eati svoj mozak u top formi. Imati ovu knjigu, zna\u010di omogu\u0107iti sebi znatno lak\u0161e obrazovanje.<br \/>\u017delite li da\u00a0 u\u010denje\u00a0 donosi zadovoljstvo i radost, obavezno je nabavite.<\/p>\n<p>Svi smo mi ro\u0111eni da u\u010dimo, stje\u010demo razli\u010dita znanja i iskustva. Netko na tome \u017eivotnom<br \/>putu napreduje sporije, a neko br\u017ee. Nije bitna brzina, nego volja, zacrtani cilj i upornost. <br \/>Ostvarite ono \u0161to \u017eelite. Zato trebate biti sigurni u sebe, a za to vam treba znanje, a znanje se<br \/>stje\u010de u\u010denjem. Znanje je najve\u0107e bogatstvo koje vam nitko ne mo\u017ee oduzeti. Pristup je jednostavan, <br \/>a rezultati koje \u0107ete ostvariti, bit \u0107e izvanredni. Preuzmite nadzor nad sobom i \u017eivotom. <br \/>Otkrijte genija u sebi! <br \/>Obrazovanje nije u\u010denje \u010dinjenica, nego trening uma da misli.<br \/>Albert Einstein<\/p>\n<p style=\"text-align: justify;\"><strong>Bilje\u0161ka o autorici:<\/strong><\/p>\n<p>Carmen Pezi\u0107 Maligec ro\u0111ena je u Zagrebu. \u017divi i radi u Velikoj Gorici. Udana je i majka dvoje djece. Diplomirala je na Tekstilno-tehnolo\u0161kom fakultetu u Zagrebu. Tijekom godina rada na sebi zavr\u0161ila je za theta u\u010ditelja, instruktora i terapeuta theta healing tehnike energetskog iscjeljivanja. <br \/>Otvorila je svoj Centar za vitalizaciju zdravlja \u201eMISLI\u201c u Velikoj Gorici, zatim u Sesvetama i u gradu Krku.<br \/>U svojim centrima za vitalizaciju zdravlja \u201eMisli\u201c odr\u017eava radionice za djecu i odrasle na temu Upoznavanja i usmjeravanja sebe, zatim te\u010dajeve za<br \/>Brzo i lako u\u010denje i pam\u0107enje, te\u010dajeve Theta healing tehnike energetskog iscjeljivanja te nudi energetske theta tretmane. U\u017eiva u svome radu prvenstveno<br \/>zato \u0161to usmjerava djecu i odrasle da prihvate sebe, spoznaju svoje sposobnosti i vrijednosti, u\u017eivaju u \u017eivotu i ostvare svoje snove. <br \/>U slobodno vrijeme crta, slika, dizajnira i pi\u0161e.<\/p>\n<p style=\"text-align: justify;\"><strong>O knjizi<\/strong><\/p>\n<p><em>Nisam vi\u0161e u\u010denica u doslovnom smislu. Sasvim sam odrasla, ali ono \u0161to me u knjizi g\u0111e Carmen Pezi\u0107 Maligec osvojilo, probudilo, usre\u0107ilo, spoznaja je koju sam naslu\u0107ivala, ali je nikada nisam osvijestila, a to je da smo mi ljudska bi\u0107a, Zemljani, zapravo nedjeljiv dio svemira, da smo mi sami po sebi sve, da imamo sve, da mo\u017eemo sve\u00a0 jer nam je dano sve. \u010cesto \u017eivimo pod pritiskom dru\u0161tvenih shema, nesretni, bespomo\u0107ni, dezorijentirani. A, sve je stvar na\u0161ega izbora jer mi mo\u017eemo \u0161to ho\u0107emo. Treba krenuti u\u010diti, treba znati jer sve je tu u nama samima, treba od\u0161krinuti vrata svoga uma, onoga na\u0161ega dijela koji nas \u010dini mo\u0107nima. Upravo knjiga sasvim jednostavna naslova Kako brzo i lako u\u010diti i pamtiti nudi nam izbor, poti\u010de nas na cilj da otvorimo ta koraljna vrata iza kojih nas \u010deka rasko\u0161 vlastita uma: \u010deka nas sve, sve \u0161to mo\u017eemo zamisliti ili htjeti.<\/em><\/p>\n<p style=\"text-align: justify;\"><em>U Splitu 11. velja\u010de 2013., Sonja Krvavica, prof.<\/em><\/p>\n<p style=\"text-align: justify;\"><strong>Klju\u010dne rije\u010di:<\/strong> Kako u\u010diti, kako pamtiti,\u00a0 u\u010denje,\u00a0 pam\u0107enje, fokusiranost, koncentracija, strah od u\u010denja\/ ispita, motivacija, uspjeh, samopouzdanje, usmjeravanje, odgovornost<\/p>\n<p style=\"text-align: justify;\"><strong>E-mail:<\/strong> <a href=\"mailto:thetacentar@gmail.com\">Theta centar<\/a><\/p>\n<p style=\"text-align: justify;\"><strong>Naslov:<\/strong> Kako brzo i lako u\u010diti i pamtiti<br \/><strong>Autor:<\/strong> Carmen Pezi\u0107 Maligec<br \/><strong>Broj stranica:<\/strong> 166<br \/><strong>Nakladnik:<\/strong> REDAK<br \/><strong>Godina izdanja<\/strong>: 2013.<br \/><strong>ISBN:<\/strong> 978-953-336-041-6<br \/><strong>Tisak:<\/strong> digitalni tisak knjiga &#8211; print na zahtjev<\/p>\n","protected":false},"excerpt":{"rendered":"<p>Sa\u017eetak: Ne da vam se u\u010diti? Te\u0161ko vam je? Jeste li znali da koristite manje od 1 % svojega mozga?Znate li da zbog krivog pristupa\u00a0 u\u010denju i pritiska od\u00a0 u\u010denja dolazi do poreme\u0107aja u organizmu i do bolesti ?U knjizi mo\u017eete saznati kako iskoristiti ostatak svoga mozga, kako probuditi svoj mozak. Otkrijte tehnike stvorene za [&hellip;]<\/p>\n","protected":false},"featured_media":7636,"comment_status":"open","ping_status":"closed","template":"","meta":{"_acf_changed":false},"product_brand":[],"product_cat":[1517],"product_tag":[],"class_list":{"0":"post-7635","1":"product","2":"type-product","3":"status-publish","4":"has-post-thumbnail","6":"product_cat-strucna-literatura","7":"pa_nakladnik-redak","9":"first","10":"instock","11":"shipping-taxable","12":"purchasable","13":"product-type-simple"},"acf":[],"yoast_head":"<!-- This site is optimized with the Yoast SEO plugin v27.3 - https:\/\/yoast.com\/product\/yoast-seo-wordpress\/ -->\n<title>KAKO BRZO I LAKO U\u010cITI I PAMTITI, Carmen Pezi\u0107 Maligec - Web-knji\u017eara<\/title>\n<meta name=\"robots\" content=\"index, follow, max-snippet:-1, max-image-preview:large, max-video-preview:-1\" \/>\n<link rel=\"canonical\" href=\"https:\/\/webknjizara.hr\/proizvod\/kako-brzo-i-lako-uciti-i-pamtiti-carmen-pezic-maligec\/\" \/>\n<meta property=\"og:locale\" content=\"en_US\" \/>\n<meta property=\"og:type\" content=\"article\" \/>\n<meta property=\"og:title\" content=\"KAKO BRZO I LAKO U\u010cITI I PAMTITI, Carmen Pezi\u0107 Maligec - Web-knji\u017eara\" \/>\n<meta property=\"og:description\" content=\"Sa\u017eetak: Ne da vam se u\u010diti? Te\u0161ko vam je? Jeste li znali da koristite manje od 1 % svojega mozga?Znate li da zbog krivog pristupa\u00a0 u\u010denju i pritiska od\u00a0 u\u010denja dolazi do poreme\u0107aja u organizmu i do bolesti ?U knjizi mo\u017eete saznati kako iskoristiti ostatak svoga mozga, kako probuditi svoj mozak. Otkrijte tehnike stvorene za [&hellip;]\" \/>\n<meta property=\"og:url\" content=\"https:\/\/webknjizara.hr\/proizvod\/kako-brzo-i-lako-uciti-i-pamtiti-carmen-pezic-maligec\/\" \/>\n<meta property=\"og:site_name\" content=\"Web-knji\u017eara\" \/>\n<meta property=\"article:modified_time\" content=\"2025-06-24T13:32:25+00:00\" \/>\n<meta property=\"og:image\" content=\"https:\/\/webknjizara.hr\/wp-content\/uploads\/nc\/images\/virtuemart\/product\/kako-brzo-i-lako-517192b652767-scaled.jpg\" \/>\n\t<meta property=\"og:image:width\" content=\"1706\" \/>\n\t<meta property=\"og:image:height\" content=\"2560\" \/>\n\t<meta property=\"og:image:type\" content=\"image\/jpeg\" \/>\n<meta name=\"twitter:card\" content=\"summary_large_image\" \/>\n<meta name=\"twitter:label1\" content=\"Est. reading time\" \/>\n\t<meta name=\"twitter:data1\" content=\"4 minutes\" \/>\n<script type=\"application\/ld+json\" class=\"yoast-schema-graph\">{\"@context\":\"https:\\\/\\\/schema.org\",\"@graph\":[{\"@type\":\"WebPage\",\"@id\":\"https:\\\/\\\/webknjizara.hr\\\/proizvod\\\/kako-brzo-i-lako-uciti-i-pamtiti-carmen-pezic-maligec\\\/\",\"url\":\"https:\\\/\\\/webknjizara.hr\\\/proizvod\\\/kako-brzo-i-lako-uciti-i-pamtiti-carmen-pezic-maligec\\\/\",\"name\":\"KAKO BRZO I LAKO U\u010cITI I PAMTITI, Carmen Pezi\u0107 Maligec - Web-knji\u017eara\",\"isPartOf\":{\"@id\":\"https:\\\/\\\/webknjizara.hr\\\/#website\"},\"primaryImageOfPage\":{\"@id\":\"https:\\\/\\\/webknjizara.hr\\\/proizvod\\\/kako-brzo-i-lako-uciti-i-pamtiti-carmen-pezic-maligec\\\/#primaryimage\"},\"image\":{\"@id\":\"https:\\\/\\\/webknjizara.hr\\\/proizvod\\\/kako-brzo-i-lako-uciti-i-pamtiti-carmen-pezic-maligec\\\/#primaryimage\"},\"thumbnailUrl\":\"https:\\\/\\\/webknjizara.hr\\\/wp-content\\\/uploads\\\/nc\\\/images\\\/virtuemart\\\/product\\\/kako-brzo-i-lako-517192b652767-scaled.jpg\",\"datePublished\":\"2013-04-19T18:53:42+00:00\",\"dateModified\":\"2025-06-24T13:32:25+00:00\",\"breadcrumb\":{\"@id\":\"https:\\\/\\\/webknjizara.hr\\\/proizvod\\\/kako-brzo-i-lako-uciti-i-pamtiti-carmen-pezic-maligec\\\/#breadcrumb\"},\"inLanguage\":\"en-US\",\"potentialAction\":[{\"@type\":\"ReadAction\",\"target\":[\"https:\\\/\\\/webknjizara.hr\\\/proizvod\\\/kako-brzo-i-lako-uciti-i-pamtiti-carmen-pezic-maligec\\\/\"]}]},{\"@type\":\"ImageObject\",\"inLanguage\":\"en-US\",\"@id\":\"https:\\\/\\\/webknjizara.hr\\\/proizvod\\\/kako-brzo-i-lako-uciti-i-pamtiti-carmen-pezic-maligec\\\/#primaryimage\",\"url\":\"https:\\\/\\\/webknjizara.hr\\\/wp-content\\\/uploads\\\/nc\\\/images\\\/virtuemart\\\/product\\\/kako-brzo-i-lako-517192b652767-scaled.jpg\",\"contentUrl\":\"https:\\\/\\\/webknjizara.hr\\\/wp-content\\\/uploads\\\/nc\\\/images\\\/virtuemart\\\/product\\\/kako-brzo-i-lako-517192b652767-scaled.jpg\",\"width\":1706,\"height\":2560,\"caption\":\"KAKO BRZO I LAKO U\u010cITI I PAMTITI, Carmen Pezi\u0107 Maligec\"},{\"@type\":\"BreadcrumbList\",\"@id\":\"https:\\\/\\\/webknjizara.hr\\\/proizvod\\\/kako-brzo-i-lako-uciti-i-pamtiti-carmen-pezic-maligec\\\/#breadcrumb\",\"itemListElement\":[{\"@type\":\"ListItem\",\"position\":1,\"name\":\"Po\u010detna stranica\",\"item\":\"https:\\\/\\\/webknjizara.hr\\\/en\\\/\"},{\"@type\":\"ListItem\",\"position\":2,\"name\":\"Shop\",\"item\":\"https:\\\/\\\/webknjizara.hr\\\/shop\\\/\"},{\"@type\":\"ListItem\",\"position\":3,\"name\":\"KAKO BRZO I LAKO U\u010cITI I PAMTITI, Carmen Pezi\u0107 Maligec\"}]},{\"@type\":\"WebSite\",\"@id\":\"https:\\\/\\\/webknjizara.hr\\\/#website\",\"url\":\"https:\\\/\\\/webknjizara.hr\\\/\",\"name\":\"Web Knji\u017eara\",\"description\":\"\",\"publisher\":{\"@id\":\"https:\\\/\\\/webknjizara.hr\\\/#organization\"},\"potentialAction\":[{\"@type\":\"SearchAction\",\"target\":{\"@type\":\"EntryPoint\",\"urlTemplate\":\"https:\\\/\\\/webknjizara.hr\\\/?s={search_term_string}\"},\"query-input\":{\"@type\":\"PropertyValueSpecification\",\"valueRequired\":true,\"valueName\":\"search_term_string\"}}],\"inLanguage\":\"en-US\"},{\"@type\":\"Organization\",\"@id\":\"https:\\\/\\\/webknjizara.hr\\\/#organization\",\"name\":\"REDAK D.O.O.\",\"url\":\"https:\\\/\\\/webknjizara.hr\\\/\",\"logo\":{\"@type\":\"ImageObject\",\"inLanguage\":\"en-US\",\"@id\":\"https:\\\/\\\/webknjizara.hr\\\/#\\\/schema\\\/logo\\\/image\\\/\",\"url\":\"https:\\\/\\\/webknjizara.hr\\\/wp-content\\\/uploads\\\/2023\\\/01\\\/web-knjizara-logo.webp\",\"contentUrl\":\"https:\\\/\\\/webknjizara.hr\\\/wp-content\\\/uploads\\\/2023\\\/01\\\/web-knjizara-logo.webp\",\"width\":324,\"height\":79,\"caption\":\"REDAK D.O.O.\"},\"image\":{\"@id\":\"https:\\\/\\\/webknjizara.hr\\\/#\\\/schema\\\/logo\\\/image\\\/\"}}]}<\/script>\n<!-- \/ Yoast SEO plugin. -->","yoast_head_json":{"title":"KAKO BRZO I LAKO U\u010cITI I PAMTITI, Carmen Pezi\u0107 Maligec - Web-knji\u017eara","robots":{"index":"index","follow":"follow","max-snippet":"max-snippet:-1","max-image-preview":"max-image-preview:large","max-video-preview":"max-video-preview:-1"},"canonical":"https:\/\/webknjizara.hr\/proizvod\/kako-brzo-i-lako-uciti-i-pamtiti-carmen-pezic-maligec\/","og_locale":"en_US","og_type":"article","og_title":"KAKO BRZO I LAKO U\u010cITI I PAMTITI, Carmen Pezi\u0107 Maligec - Web-knji\u017eara","og_description":"Sa\u017eetak: Ne da vam se u\u010diti? Te\u0161ko vam je? Jeste li znali da koristite manje od 1 % svojega mozga?Znate li da zbog krivog pristupa\u00a0 u\u010denju i pritiska od\u00a0 u\u010denja dolazi do poreme\u0107aja u organizmu i do bolesti ?U knjizi mo\u017eete saznati kako iskoristiti ostatak svoga mozga, kako probuditi svoj mozak. Otkrijte tehnike stvorene za [&hellip;]","og_url":"https:\/\/webknjizara.hr\/proizvod\/kako-brzo-i-lako-uciti-i-pamtiti-carmen-pezic-maligec\/","og_site_name":"Web-knji\u017eara","article_modified_time":"2025-06-24T13:32:25+00:00","og_image":[{"width":1706,"height":2560,"url":"https:\/\/webknjizara.hr\/wp-content\/uploads\/nc\/images\/virtuemart\/product\/kako-brzo-i-lako-517192b652767-scaled.jpg","type":"image\/jpeg"}],"twitter_card":"summary_large_image","twitter_misc":{"Est. reading time":"4 minutes"},"schema":{"@context":"https:\/\/schema.org","@graph":[{"@type":"WebPage","@id":"https:\/\/webknjizara.hr\/proizvod\/kako-brzo-i-lako-uciti-i-pamtiti-carmen-pezic-maligec\/","url":"https:\/\/webknjizara.hr\/proizvod\/kako-brzo-i-lako-uciti-i-pamtiti-carmen-pezic-maligec\/","name":"KAKO BRZO I LAKO U\u010cITI I PAMTITI, Carmen Pezi\u0107 Maligec - Web-knji\u017eara","isPartOf":{"@id":"https:\/\/webknjizara.hr\/#website"},"primaryImageOfPage":{"@id":"https:\/\/webknjizara.hr\/proizvod\/kako-brzo-i-lako-uciti-i-pamtiti-carmen-pezic-maligec\/#primaryimage"},"image":{"@id":"https:\/\/webknjizara.hr\/proizvod\/kako-brzo-i-lako-uciti-i-pamtiti-carmen-pezic-maligec\/#primaryimage"},"thumbnailUrl":"https:\/\/webknjizara.hr\/wp-content\/uploads\/nc\/images\/virtuemart\/product\/kako-brzo-i-lako-517192b652767-scaled.jpg","datePublished":"2013-04-19T18:53:42+00:00","dateModified":"2025-06-24T13:32:25+00:00","breadcrumb":{"@id":"https:\/\/webknjizara.hr\/proizvod\/kako-brzo-i-lako-uciti-i-pamtiti-carmen-pezic-maligec\/#breadcrumb"},"inLanguage":"en-US","potentialAction":[{"@type":"ReadAction","target":["https:\/\/webknjizara.hr\/proizvod\/kako-brzo-i-lako-uciti-i-pamtiti-carmen-pezic-maligec\/"]}]},{"@type":"ImageObject","inLanguage":"en-US","@id":"https:\/\/webknjizara.hr\/proizvod\/kako-brzo-i-lako-uciti-i-pamtiti-carmen-pezic-maligec\/#primaryimage","url":"https:\/\/webknjizara.hr\/wp-content\/uploads\/nc\/images\/virtuemart\/product\/kako-brzo-i-lako-517192b652767-scaled.jpg","contentUrl":"https:\/\/webknjizara.hr\/wp-content\/uploads\/nc\/images\/virtuemart\/product\/kako-brzo-i-lako-517192b652767-scaled.jpg","width":1706,"height":2560,"caption":"KAKO BRZO I LAKO U\u010cITI I PAMTITI, Carmen Pezi\u0107 Maligec"},{"@type":"BreadcrumbList","@id":"https:\/\/webknjizara.hr\/proizvod\/kako-brzo-i-lako-uciti-i-pamtiti-carmen-pezic-maligec\/#breadcrumb","itemListElement":[{"@type":"ListItem","position":1,"name":"Po\u010detna stranica","item":"https:\/\/webknjizara.hr\/en\/"},{"@type":"ListItem","position":2,"name":"Shop","item":"https:\/\/webknjizara.hr\/shop\/"},{"@type":"ListItem","position":3,"name":"KAKO BRZO I LAKO U\u010cITI I PAMTITI, Carmen Pezi\u0107 Maligec"}]},{"@type":"WebSite","@id":"https:\/\/webknjizara.hr\/#website","url":"https:\/\/webknjizara.hr\/","name":"Web Knji\u017eara","description":"","publisher":{"@id":"https:\/\/webknjizara.hr\/#organization"},"potentialAction":[{"@type":"SearchAction","target":{"@type":"EntryPoint","urlTemplate":"https:\/\/webknjizara.hr\/?s={search_term_string}"},"query-input":{"@type":"PropertyValueSpecification","valueRequired":true,"valueName":"search_term_string"}}],"inLanguage":"en-US"},{"@type":"Organization","@id":"https:\/\/webknjizara.hr\/#organization","name":"REDAK D.O.O.","url":"https:\/\/webknjizara.hr\/","logo":{"@type":"ImageObject","inLanguage":"en-US","@id":"https:\/\/webknjizara.hr\/#\/schema\/logo\/image\/","url":"https:\/\/webknjizara.hr\/wp-content\/uploads\/2023\/01\/web-knjizara-logo.webp","contentUrl":"https:\/\/webknjizara.hr\/wp-content\/uploads\/2023\/01\/web-knjizara-logo.webp","width":324,"height":79,"caption":"REDAK D.O.O."},"image":{"@id":"https:\/\/webknjizara.hr\/#\/schema\/logo\/image\/"}}]}},"_links":{"self":[{"href":"https:\/\/webknjizara.hr\/en\/wp-json\/wp\/v2\/product\/7635","targetHints":{"allow":["GET"]}}],"collection":[{"href":"https:\/\/webknjizara.hr\/en\/wp-json\/wp\/v2\/product"}],"about":[{"href":"https:\/\/webknjizara.hr\/en\/wp-json\/wp\/v2\/types\/product"}],"replies":[{"embeddable":true,"href":"https:\/\/webknjizara.hr\/en\/wp-json\/wp\/v2\/comments?post=7635"}],"wp:featuredmedia":[{"embeddable":true,"href":"https:\/\/webknjizara.hr\/en\/wp-json\/wp\/v2\/media\/7636"}],"wp:attachment":[{"href":"https:\/\/webknjizara.hr\/en\/wp-json\/wp\/v2\/media?parent=7635"}],"wp:term":[{"taxonomy":"product_brand","embeddable":true,"href":"https:\/\/webknjizara.hr\/en\/wp-json\/wp\/v2\/product_brand?post=7635"},{"taxonomy":"product_cat","embeddable":true,"href":"https:\/\/webknjizara.hr\/en\/wp-json\/wp\/v2\/product_cat?post=7635"},{"taxonomy":"product_tag","embeddable":true,"href":"https:\/\/webknjizara.hr\/en\/wp-json\/wp\/v2\/product_tag?post=7635"}],"curies":[{"name":"wp","href":"https:\/\/api.w.org\/{rel}","templated":true}]}}