{"id":7627,"date":"2013-04-01T12:35:26","date_gmt":"2013-04-01T12:35:26","guid":{"rendered":"https:\/\/webknjizara.hr\/?product=neovisnost-sredisnje-banke-i-monetarna-stabilnost-damir-piplica"},"modified":"2023-02-27T00:15:53","modified_gmt":"2023-02-26T23:15:53","slug":"neovisnost-sredisnje-banke-i-monetarna-stabilnost-damir-piplica","status":"publish","type":"product","link":"https:\/\/webknjizara.hr\/en\/proizvod\/neovisnost-sredisnje-banke-i-monetarna-stabilnost-damir-piplica\/","title":{"rendered":"NEOVISNOST SREDI\u0160NJE BANKE I MONETARNA STABILNOST, Damir Piplica"},"content":{"rendered":"<p><strong><br \/>Sa\u017eetak:<\/strong><\/p>\n<p>Autor je najprije opisao razvoj ideje o neovisnosti sredi\u0161nje banke te nazna\u010dio problem, ciljeve i metode svog istra\u017eivanja, a potom je analizirao na\u010dine institucionalnog ostvarivanja monetarne stabilnosti te dao detaljan prikaz teorijskih doprinosa i rezultata empirijskih istra\u017eivanja vezanih uz ulogu sredi\u0161nje banke i njezin utjecaj na monetarnu stabilnost. Kori\u0161tenjem prezentiranog koncepta i analiti\u010dkog instrumentarija za mjerenje legalne i stvarne neovisnosti sredi\u0161nje banke, dr.sc. Damir Piplica je potom prikazao tijek reforme sredi\u0161njeg bankarstva u tranzicijskim zemljama te neovisnost njihovih sredi\u0161njih banaka i s njima vezanu monetarnu stabilnost u razli\u010ditim fazama tranzicije. Nadalje, autor je posebno opisao tijek reforme sredi\u0161njeg bankarstva u Hrvatskoj, podijeliv\u0161i ga na nekoliko karakteristi\u010dnih faza, koje detaljno analizira. U posljednjem dijelu knjige, autor je sistematizirao rezultate svojih analiza i istaknuo klju\u010dne zaklju\u010dke vezane uz ulogu sredi\u0161nje banke do danas, s projekcijom njezine uloge u budu\u0107nosti, nagla\u0161avaju\u0107i va\u017enost monetarne stabilnosti.<\/p>\n<p><strong>Bilje\u0161ka o autoru:<\/strong><\/p>\n<p>Dr.sc. Damir Piplica je ro\u0111en 04. lipnja 1960. god. u Splitu, o\u017eenjen je i otac dvoje djece. U rodnom gradu je ujedno zavr\u0161io osnovnu i srednju \u0161kolu, Ekonomski fakultet, poslijediplomski znanstveni studij te obranio doktorsku disertaciju na istom fakultetu. Diplomirao je 1983.god. na temu uvozne zavisnosti biv\u0161e SFRJ primjenom input-output modela, magistrirao je 2001. god. istra\u017euju\u0107i probleme hrvatskog financijskog sustava, a doktorirao 2009. god. s temom nezavisnosti sredi\u0161nje banke. Autor je gotovo tri desetlje\u0107a zaposlen u MUP-u RH pri \u010demu je imao prilike obavljati vrlo slo\u017eena istra\u017eivanja koja se odnose na nezakonite transakcije hrvatskih poduze\u0107a, a koja su povezana s razli\u010ditim oblicima njihovih akvizicija, pretvorbe i privatizacije, trgovine vrijednosnim papirima i dr. Nerijetko je ustvrdio da su prakti\u010dna iskustva vrlo \u010desto bila ispred pravilne implementacije novih zakonskih rje\u0161enja temeljena na dostignutim spoznajama razvijenih zapadnih zemalja i njihovih postavljenih standarda kojima te\u017eimo. Krivudavost gospodarskih tijekova je vrlo usko povezana upravo s neu\u010dinkovito\u0161\u0107u financijskog sustava kao i nezakonito\u0161\u0107u. Tijekom svog profesionalnog rada dr.sc. Damir Piplica je sudjelovao na vi\u0161e stru\u010dnih seminara i znanstvenih skupova na temu financijskih istraga, sprje\u010davanja pranja novca, pretvorbe dru\u0161tvenih poduze\u0107a kao i njihove privatizacije, nezakonitosti u financijskim transakcijama i sl. Tako\u0111er je objavio i vi\u0161e radova na me\u0111unarodnim znanstvenim konferencijama kao i znanstvenim \u010dasopisima. Predava\u010d je kolegija \u201eMe\u0111unarodna ekonomija\u201c u organizaciji Odjela za stru\u010dne studije Sveu\u010dili\u0161ta u Splitu.<\/p>\n<p><strong>Klju\u010dne rije\u010di:<\/strong> Neovisnost sredi\u0161nje banke, monetarna stabilnost<\/p>\n<p><strong>E-mail:<\/strong> <a href=\"mailto:damir.piplica@gmail.com\">Damir Piplica<br \/><\/a> <br \/><strong>Naslov:<\/strong> Neovisnost sredi\u0161nje banke i monetarna stabilnost<br \/><strong>Autor:<\/strong> Damir Piplica<br \/><strong>Broj stranica:<\/strong> 304<br \/><strong>Nakladnik:<\/strong> REDAK<br \/><strong>Godina izdanja:<\/strong> 2013.<br \/><strong>ISBN:<\/strong> 978-953-336-039-3<br \/><strong>Tisak:<\/strong> digitalni tisak knjiga &#8211; print na zahtjev<\/p>\n","protected":false},"excerpt":{"rendered":"<p>Sa\u017eetak: Autor je najprije opisao razvoj ideje o neovisnosti sredi\u0161nje banke te nazna\u010dio problem, ciljeve i metode svog istra\u017eivanja, a potom je analizirao na\u010dine institucionalnog ostvarivanja monetarne stabilnosti te dao detaljan prikaz teorijskih doprinosa i rezultata empirijskih istra\u017eivanja vezanih uz ulogu sredi\u0161nje banke i njezin utjecaj na monetarnu stabilnost. Kori\u0161tenjem prezentiranog koncepta i analiti\u010dkog instrumentarija [&hellip;]<\/p>\n","protected":false},"featured_media":7628,"comment_status":"open","ping_status":"closed","template":"","meta":{"_acf_changed":false},"product_brand":[],"product_cat":[1517],"product_tag":[],"class_list":{"0":"post-7627","1":"product","2":"type-product","3":"status-publish","4":"has-post-thumbnail","6":"product_cat-strucna-literatura","7":"pa_nakladnik-redak","9":"first","10":"instock","11":"shipping-taxable","12":"purchasable","13":"product-type-simple"},"acf":[],"yoast_head":"<!-- This site is optimized with the Yoast SEO plugin v27.3 - https:\/\/yoast.com\/product\/yoast-seo-wordpress\/ -->\n<title>NEOVISNOST SREDI\u0160NJE BANKE I MONETARNA STABILNOST, Damir Piplica - Web-knji\u017eara<\/title>\n<meta name=\"robots\" content=\"index, follow, max-snippet:-1, max-image-preview:large, max-video-preview:-1\" \/>\n<link rel=\"canonical\" href=\"https:\/\/webknjizara.hr\/proizvod\/neovisnost-sredisnje-banke-i-monetarna-stabilnost-damir-piplica\/\" \/>\n<meta property=\"og:locale\" content=\"en_US\" \/>\n<meta property=\"og:type\" content=\"article\" \/>\n<meta property=\"og:title\" content=\"NEOVISNOST SREDI\u0160NJE BANKE I MONETARNA STABILNOST, Damir Piplica - Web-knji\u017eara\" \/>\n<meta property=\"og:description\" content=\"Sa\u017eetak: Autor je najprije opisao razvoj ideje o neovisnosti sredi\u0161nje banke te nazna\u010dio problem, ciljeve i metode svog istra\u017eivanja, a potom je analizirao na\u010dine institucionalnog ostvarivanja monetarne stabilnosti te dao detaljan prikaz teorijskih doprinosa i rezultata empirijskih istra\u017eivanja vezanih uz ulogu sredi\u0161nje banke i njezin utjecaj na monetarnu stabilnost. Kori\u0161tenjem prezentiranog koncepta i analiti\u010dkog instrumentarija [&hellip;]\" \/>\n<meta property=\"og:url\" content=\"https:\/\/webknjizara.hr\/proizvod\/neovisnost-sredisnje-banke-i-monetarna-stabilnost-damir-piplica\/\" \/>\n<meta property=\"og:site_name\" content=\"Web-knji\u017eara\" \/>\n<meta property=\"article:modified_time\" content=\"2023-02-26T23:15:53+00:00\" \/>\n<meta property=\"og:image\" content=\"https:\/\/webknjizara.hr\/wp-content\/uploads\/nc\/images\/virtuemart\/product\/neovisnost-sredi-51597f0e1898d.jpg\" \/>\n\t<meta property=\"og:image:width\" content=\"571\" \/>\n\t<meta property=\"og:image:height\" content=\"800\" \/>\n\t<meta property=\"og:image:type\" content=\"image\/jpeg\" \/>\n<meta name=\"twitter:card\" content=\"summary_large_image\" \/>\n<meta name=\"twitter:label1\" content=\"Est. reading time\" \/>\n\t<meta name=\"twitter:data1\" content=\"2 minutes\" \/>\n<script type=\"application\/ld+json\" class=\"yoast-schema-graph\">{\"@context\":\"https:\\\/\\\/schema.org\",\"@graph\":[{\"@type\":\"WebPage\",\"@id\":\"https:\\\/\\\/webknjizara.hr\\\/proizvod\\\/neovisnost-sredisnje-banke-i-monetarna-stabilnost-damir-piplica\\\/\",\"url\":\"https:\\\/\\\/webknjizara.hr\\\/proizvod\\\/neovisnost-sredisnje-banke-i-monetarna-stabilnost-damir-piplica\\\/\",\"name\":\"NEOVISNOST SREDI\u0160NJE BANKE I MONETARNA STABILNOST, Damir Piplica - Web-knji\u017eara\",\"isPartOf\":{\"@id\":\"https:\\\/\\\/webknjizara.hr\\\/#website\"},\"primaryImageOfPage\":{\"@id\":\"https:\\\/\\\/webknjizara.hr\\\/proizvod\\\/neovisnost-sredisnje-banke-i-monetarna-stabilnost-damir-piplica\\\/#primaryimage\"},\"image\":{\"@id\":\"https:\\\/\\\/webknjizara.hr\\\/proizvod\\\/neovisnost-sredisnje-banke-i-monetarna-stabilnost-damir-piplica\\\/#primaryimage\"},\"thumbnailUrl\":\"https:\\\/\\\/webknjizara.hr\\\/wp-content\\\/uploads\\\/nc\\\/images\\\/virtuemart\\\/product\\\/neovisnost-sredi-51597f0e1898d.jpg\",\"datePublished\":\"2013-04-01T12:35:26+00:00\",\"dateModified\":\"2023-02-26T23:15:53+00:00\",\"breadcrumb\":{\"@id\":\"https:\\\/\\\/webknjizara.hr\\\/proizvod\\\/neovisnost-sredisnje-banke-i-monetarna-stabilnost-damir-piplica\\\/#breadcrumb\"},\"inLanguage\":\"en-US\",\"potentialAction\":[{\"@type\":\"ReadAction\",\"target\":[\"https:\\\/\\\/webknjizara.hr\\\/proizvod\\\/neovisnost-sredisnje-banke-i-monetarna-stabilnost-damir-piplica\\\/\"]}]},{\"@type\":\"ImageObject\",\"inLanguage\":\"en-US\",\"@id\":\"https:\\\/\\\/webknjizara.hr\\\/proizvod\\\/neovisnost-sredisnje-banke-i-monetarna-stabilnost-damir-piplica\\\/#primaryimage\",\"url\":\"https:\\\/\\\/webknjizara.hr\\\/wp-content\\\/uploads\\\/nc\\\/images\\\/virtuemart\\\/product\\\/neovisnost-sredi-51597f0e1898d.jpg\",\"contentUrl\":\"https:\\\/\\\/webknjizara.hr\\\/wp-content\\\/uploads\\\/nc\\\/images\\\/virtuemart\\\/product\\\/neovisnost-sredi-51597f0e1898d.jpg\",\"width\":571,\"height\":800,\"caption\":\"NEOVISNOST SREDI\u0160NJE BANKE I MONETARNA STABILNOST, Damir Piplica\"},{\"@type\":\"BreadcrumbList\",\"@id\":\"https:\\\/\\\/webknjizara.hr\\\/proizvod\\\/neovisnost-sredisnje-banke-i-monetarna-stabilnost-damir-piplica\\\/#breadcrumb\",\"itemListElement\":[{\"@type\":\"ListItem\",\"position\":1,\"name\":\"Po\u010detna stranica\",\"item\":\"https:\\\/\\\/webknjizara.hr\\\/en\\\/\"},{\"@type\":\"ListItem\",\"position\":2,\"name\":\"Shop\",\"item\":\"https:\\\/\\\/webknjizara.hr\\\/shop\\\/\"},{\"@type\":\"ListItem\",\"position\":3,\"name\":\"NEOVISNOST SREDI\u0160NJE BANKE I MONETARNA STABILNOST, Damir Piplica\"}]},{\"@type\":\"WebSite\",\"@id\":\"https:\\\/\\\/webknjizara.hr\\\/#website\",\"url\":\"https:\\\/\\\/webknjizara.hr\\\/\",\"name\":\"Web Knji\u017eara\",\"description\":\"\",\"publisher\":{\"@id\":\"https:\\\/\\\/webknjizara.hr\\\/#organization\"},\"potentialAction\":[{\"@type\":\"SearchAction\",\"target\":{\"@type\":\"EntryPoint\",\"urlTemplate\":\"https:\\\/\\\/webknjizara.hr\\\/?s={search_term_string}\"},\"query-input\":{\"@type\":\"PropertyValueSpecification\",\"valueRequired\":true,\"valueName\":\"search_term_string\"}}],\"inLanguage\":\"en-US\"},{\"@type\":\"Organization\",\"@id\":\"https:\\\/\\\/webknjizara.hr\\\/#organization\",\"name\":\"REDAK D.O.O.\",\"url\":\"https:\\\/\\\/webknjizara.hr\\\/\",\"logo\":{\"@type\":\"ImageObject\",\"inLanguage\":\"en-US\",\"@id\":\"https:\\\/\\\/webknjizara.hr\\\/#\\\/schema\\\/logo\\\/image\\\/\",\"url\":\"https:\\\/\\\/webknjizara.hr\\\/wp-content\\\/uploads\\\/2023\\\/01\\\/web-knjizara-logo.webp\",\"contentUrl\":\"https:\\\/\\\/webknjizara.hr\\\/wp-content\\\/uploads\\\/2023\\\/01\\\/web-knjizara-logo.webp\",\"width\":324,\"height\":79,\"caption\":\"REDAK D.O.O.\"},\"image\":{\"@id\":\"https:\\\/\\\/webknjizara.hr\\\/#\\\/schema\\\/logo\\\/image\\\/\"}}]}<\/script>\n<!-- \/ Yoast SEO plugin. -->","yoast_head_json":{"title":"NEOVISNOST SREDI\u0160NJE BANKE I MONETARNA STABILNOST, Damir Piplica - Web-knji\u017eara","robots":{"index":"index","follow":"follow","max-snippet":"max-snippet:-1","max-image-preview":"max-image-preview:large","max-video-preview":"max-video-preview:-1"},"canonical":"https:\/\/webknjizara.hr\/proizvod\/neovisnost-sredisnje-banke-i-monetarna-stabilnost-damir-piplica\/","og_locale":"en_US","og_type":"article","og_title":"NEOVISNOST SREDI\u0160NJE BANKE I MONETARNA STABILNOST, Damir Piplica - Web-knji\u017eara","og_description":"Sa\u017eetak: Autor je najprije opisao razvoj ideje o neovisnosti sredi\u0161nje banke te nazna\u010dio problem, ciljeve i metode svog istra\u017eivanja, a potom je analizirao na\u010dine institucionalnog ostvarivanja monetarne stabilnosti te dao detaljan prikaz teorijskih doprinosa i rezultata empirijskih istra\u017eivanja vezanih uz ulogu sredi\u0161nje banke i njezin utjecaj na monetarnu stabilnost. Kori\u0161tenjem prezentiranog koncepta i analiti\u010dkog instrumentarija [&hellip;]","og_url":"https:\/\/webknjizara.hr\/proizvod\/neovisnost-sredisnje-banke-i-monetarna-stabilnost-damir-piplica\/","og_site_name":"Web-knji\u017eara","article_modified_time":"2023-02-26T23:15:53+00:00","og_image":[{"width":571,"height":800,"url":"https:\/\/webknjizara.hr\/wp-content\/uploads\/nc\/images\/virtuemart\/product\/neovisnost-sredi-51597f0e1898d.jpg","type":"image\/jpeg"}],"twitter_card":"summary_large_image","twitter_misc":{"Est. reading time":"2 minutes"},"schema":{"@context":"https:\/\/schema.org","@graph":[{"@type":"WebPage","@id":"https:\/\/webknjizara.hr\/proizvod\/neovisnost-sredisnje-banke-i-monetarna-stabilnost-damir-piplica\/","url":"https:\/\/webknjizara.hr\/proizvod\/neovisnost-sredisnje-banke-i-monetarna-stabilnost-damir-piplica\/","name":"NEOVISNOST SREDI\u0160NJE BANKE I MONETARNA STABILNOST, Damir Piplica - Web-knji\u017eara","isPartOf":{"@id":"https:\/\/webknjizara.hr\/#website"},"primaryImageOfPage":{"@id":"https:\/\/webknjizara.hr\/proizvod\/neovisnost-sredisnje-banke-i-monetarna-stabilnost-damir-piplica\/#primaryimage"},"image":{"@id":"https:\/\/webknjizara.hr\/proizvod\/neovisnost-sredisnje-banke-i-monetarna-stabilnost-damir-piplica\/#primaryimage"},"thumbnailUrl":"https:\/\/webknjizara.hr\/wp-content\/uploads\/nc\/images\/virtuemart\/product\/neovisnost-sredi-51597f0e1898d.jpg","datePublished":"2013-04-01T12:35:26+00:00","dateModified":"2023-02-26T23:15:53+00:00","breadcrumb":{"@id":"https:\/\/webknjizara.hr\/proizvod\/neovisnost-sredisnje-banke-i-monetarna-stabilnost-damir-piplica\/#breadcrumb"},"inLanguage":"en-US","potentialAction":[{"@type":"ReadAction","target":["https:\/\/webknjizara.hr\/proizvod\/neovisnost-sredisnje-banke-i-monetarna-stabilnost-damir-piplica\/"]}]},{"@type":"ImageObject","inLanguage":"en-US","@id":"https:\/\/webknjizara.hr\/proizvod\/neovisnost-sredisnje-banke-i-monetarna-stabilnost-damir-piplica\/#primaryimage","url":"https:\/\/webknjizara.hr\/wp-content\/uploads\/nc\/images\/virtuemart\/product\/neovisnost-sredi-51597f0e1898d.jpg","contentUrl":"https:\/\/webknjizara.hr\/wp-content\/uploads\/nc\/images\/virtuemart\/product\/neovisnost-sredi-51597f0e1898d.jpg","width":571,"height":800,"caption":"NEOVISNOST SREDI\u0160NJE BANKE I MONETARNA STABILNOST, Damir Piplica"},{"@type":"BreadcrumbList","@id":"https:\/\/webknjizara.hr\/proizvod\/neovisnost-sredisnje-banke-i-monetarna-stabilnost-damir-piplica\/#breadcrumb","itemListElement":[{"@type":"ListItem","position":1,"name":"Po\u010detna stranica","item":"https:\/\/webknjizara.hr\/en\/"},{"@type":"ListItem","position":2,"name":"Shop","item":"https:\/\/webknjizara.hr\/shop\/"},{"@type":"ListItem","position":3,"name":"NEOVISNOST SREDI\u0160NJE BANKE I MONETARNA STABILNOST, Damir Piplica"}]},{"@type":"WebSite","@id":"https:\/\/webknjizara.hr\/#website","url":"https:\/\/webknjizara.hr\/","name":"Web Knji\u017eara","description":"","publisher":{"@id":"https:\/\/webknjizara.hr\/#organization"},"potentialAction":[{"@type":"SearchAction","target":{"@type":"EntryPoint","urlTemplate":"https:\/\/webknjizara.hr\/?s={search_term_string}"},"query-input":{"@type":"PropertyValueSpecification","valueRequired":true,"valueName":"search_term_string"}}],"inLanguage":"en-US"},{"@type":"Organization","@id":"https:\/\/webknjizara.hr\/#organization","name":"REDAK D.O.O.","url":"https:\/\/webknjizara.hr\/","logo":{"@type":"ImageObject","inLanguage":"en-US","@id":"https:\/\/webknjizara.hr\/#\/schema\/logo\/image\/","url":"https:\/\/webknjizara.hr\/wp-content\/uploads\/2023\/01\/web-knjizara-logo.webp","contentUrl":"https:\/\/webknjizara.hr\/wp-content\/uploads\/2023\/01\/web-knjizara-logo.webp","width":324,"height":79,"caption":"REDAK D.O.O."},"image":{"@id":"https:\/\/webknjizara.hr\/#\/schema\/logo\/image\/"}}]}},"_links":{"self":[{"href":"https:\/\/webknjizara.hr\/en\/wp-json\/wp\/v2\/product\/7627","targetHints":{"allow":["GET"]}}],"collection":[{"href":"https:\/\/webknjizara.hr\/en\/wp-json\/wp\/v2\/product"}],"about":[{"href":"https:\/\/webknjizara.hr\/en\/wp-json\/wp\/v2\/types\/product"}],"replies":[{"embeddable":true,"href":"https:\/\/webknjizara.hr\/en\/wp-json\/wp\/v2\/comments?post=7627"}],"wp:featuredmedia":[{"embeddable":true,"href":"https:\/\/webknjizara.hr\/en\/wp-json\/wp\/v2\/media\/7628"}],"wp:attachment":[{"href":"https:\/\/webknjizara.hr\/en\/wp-json\/wp\/v2\/media?parent=7627"}],"wp:term":[{"taxonomy":"product_brand","embeddable":true,"href":"https:\/\/webknjizara.hr\/en\/wp-json\/wp\/v2\/product_brand?post=7627"},{"taxonomy":"product_cat","embeddable":true,"href":"https:\/\/webknjizara.hr\/en\/wp-json\/wp\/v2\/product_cat?post=7627"},{"taxonomy":"product_tag","embeddable":true,"href":"https:\/\/webknjizara.hr\/en\/wp-json\/wp\/v2\/product_tag?post=7627"}],"curies":[{"name":"wp","href":"https:\/\/api.w.org\/{rel}","templated":true}]}}