{"id":7625,"date":"2013-03-20T16:47:11","date_gmt":"2013-03-20T16:47:11","guid":{"rendered":"https:\/\/webknjizara.hr\/?product=leksikon-gastronomije-i-podrumarstva-igor-pl-zivanovic"},"modified":"2025-02-25T13:35:41","modified_gmt":"2025-02-25T12:35:41","slug":"leksikon-gastronomije-i-podrumarstva-igor-pl-zivanovic","status":"publish","type":"product","link":"https:\/\/webknjizara.hr\/en\/proizvod\/leksikon-gastronomije-i-podrumarstva-igor-pl-zivanovic\/","title":{"rendered":"LEKSIKON GASTRONOMIJE I PODRUMARSTVA, Igor pl. \u017divanovi\u0107"},"content":{"rendered":"<p style=\"text-align: justify;\"><strong><br \/>\nSa\u017eetak:<\/strong><\/p>\n<p style=\"text-align: justify;\">Kuhanje i pijenje su kreativni \u010dinovi: izbor jela, sastavljanje razli\u010ditih \u017eive\u017enih namirnica, njihova priprema, komponiranje sljedova, uskla\u0111ivanje jela s odgovaraju\u0107im pi\u0107em, a ne treba zaboraviti ni ukra\u0161avanje tanjura i stola.<\/p>\n<p>Kuhanje je i kult: jednostrani potezi industrije gotovih i polugotovih proizvoda koji uglavnom \u0161tede novac i vrijeme pripadnika potro\u0161a\u010dkog dru\u0161tva stvorili su zna\u010dajan broj ljudi koji se tom istom dru\u0161tvu opiru kreativno\u0161\u0107u i individualno\u0161\u0107u, ba\u0161 u kuhinji i za trpezom.<\/p>\n<p>Takvim kreativcima je prijeko potreban ovakav leksikon, koji nam predstavlja 7000 pojmova, dijalektalnih naziva, lokalizama i prijevoda osnovnih pojmova i naziva nekih jela na francuski, njema\u010dki, engleski, talijanski i latinski, a vrlo \u010desto i na neke druge jezike, ovisno o podrijetlu biljke ili jela (turski, gr\u010dki, \u0161panjolski, portugalski, slovenski,&#8230;). Obja\u0161njava i daje osnovne informacije, a ponekad i povijesnu pri\u010du o \u017eive\u017enim\u00a0 namirnicama, \u017eitaricama, vo\u0107u i povr\u0107u, o raznom mesu, morskim i slatkovodnim ribama, \u0161koljkama i rakovima, o za\u010dinima, va\u017enim kemijskim spojevima koji su bitni za \u017eivot, o vitaminima, nekim E-brojevima&#8230;<\/p>\n<p>Prikazuju se i osnovni recepti (bez mjera), kao i sastavi svjetski poznatih jela. Upoznaje nas s tajnama iz svijeta pi\u0107a a posebice vina. Opisuje sorte gro\u017e\u0111a i sastave najpoznatijih koktela.<\/p>\n<p style=\"text-align: justify;\"><strong>Bilje\u0161ka o autoru:<\/strong><\/p>\n<p style=\"text-align: justify;\">Ro\u0111en 1955. u Opatiji. Povremeno \u017eivi i radi u Starome Gradu.<\/p>\n<p style=\"text-align: justify;\"><strong>Klju\u010dne rije\u010di:<\/strong> Gastronomija, enologija, kulinarstvo, podrumarstvo, recepti, jela, pi\u0107a, hrana, leksikon<\/p>\n<p><strong>E-mail:<\/strong> <a href=\"mailto:wollxyz@aol.com\">Igor pl. \u017divanovi\u0107<\/a><\/p>\n<p style=\"text-align: justify;\"><strong>Naslov:<\/strong> Leksikon gastronomije i podrumarstva<br \/>\n<strong>Autor:<\/strong> Igor pl. \u017divanovi\u0107<br \/>\n<strong>Broj stranica:<\/strong> 384<br \/>\n<strong>Nakladnik:<\/strong> REDAK<br \/>\n<strong>Godina izdanja:<\/strong> 2013.<br \/>\n<strong>ISBN:<\/strong> 978-953-336-040-9<br \/>\n<strong>Tisak:<\/strong> digitalni tisak knjiga &#8211; print na zahtjev<\/p>\n","protected":false},"excerpt":{"rendered":"<p>Sa\u017eetak: Kuhanje i pijenje su kreativni \u010dinovi: izbor jela, sastavljanje razli\u010ditih \u017eive\u017enih namirnica, njihova priprema, komponiranje sljedova, uskla\u0111ivanje jela s odgovaraju\u0107im pi\u0107em, a ne treba zaboraviti ni ukra\u0161avanje tanjura i stola. Kuhanje je i kult: jednostrani potezi industrije gotovih i polugotovih proizvoda koji uglavnom \u0161tede novac i vrijeme pripadnika potro\u0161a\u010dkog dru\u0161tva stvorili su zna\u010dajan broj [&hellip;]<\/p>\n","protected":false},"featured_media":7626,"comment_status":"open","ping_status":"closed","template":"","meta":{"_acf_changed":false},"product_brand":[],"product_cat":[1517],"product_tag":[],"class_list":{"0":"post-7625","1":"product","2":"type-product","3":"status-publish","4":"has-post-thumbnail","6":"product_cat-strucna-literatura","7":"pa_autor-igor-pl-zivanovic","8":"pa_nakladnik-redak","10":"first","11":"instock","12":"shipping-taxable","13":"purchasable","14":"product-type-simple"},"acf":[],"yoast_head":"<!-- This site is optimized with the Yoast SEO plugin v27.3 - https:\/\/yoast.com\/product\/yoast-seo-wordpress\/ -->\n<title>LEKSIKON GASTRONOMIJE I PODRUMARSTVA, Igor pl. \u017divanovi\u0107 - Web-knji\u017eara<\/title>\n<meta name=\"robots\" content=\"index, follow, max-snippet:-1, max-image-preview:large, max-video-preview:-1\" \/>\n<link rel=\"canonical\" href=\"https:\/\/webknjizara.hr\/proizvod\/leksikon-gastronomije-i-podrumarstva-igor-pl-zivanovic\/\" \/>\n<meta property=\"og:locale\" content=\"en_US\" \/>\n<meta property=\"og:type\" content=\"article\" \/>\n<meta property=\"og:title\" content=\"LEKSIKON GASTRONOMIJE I PODRUMARSTVA, Igor pl. \u017divanovi\u0107 - Web-knji\u017eara\" \/>\n<meta property=\"og:description\" content=\"Sa\u017eetak: Kuhanje i pijenje su kreativni \u010dinovi: izbor jela, sastavljanje razli\u010ditih \u017eive\u017enih namirnica, njihova priprema, komponiranje sljedova, uskla\u0111ivanje jela s odgovaraju\u0107im pi\u0107em, a ne treba zaboraviti ni ukra\u0161avanje tanjura i stola. Kuhanje je i kult: jednostrani potezi industrije gotovih i polugotovih proizvoda koji uglavnom \u0161tede novac i vrijeme pripadnika potro\u0161a\u010dkog dru\u0161tva stvorili su zna\u010dajan broj [&hellip;]\" \/>\n<meta property=\"og:url\" content=\"https:\/\/webknjizara.hr\/proizvod\/leksikon-gastronomije-i-podrumarstva-igor-pl-zivanovic\/\" \/>\n<meta property=\"og:site_name\" content=\"Web-knji\u017eara\" \/>\n<meta property=\"article:modified_time\" content=\"2025-02-25T12:35:41+00:00\" \/>\n<meta property=\"og:image\" content=\"https:\/\/webknjizara.hr\/wp-content\/uploads\/nc\/images\/virtuemart\/product\/leksikon-gastron-5149e80fde262.jpg\" \/>\n\t<meta property=\"og:image:width\" content=\"358\" \/>\n\t<meta property=\"og:image:height\" content=\"500\" \/>\n\t<meta property=\"og:image:type\" content=\"image\/jpeg\" \/>\n<meta name=\"twitter:card\" content=\"summary_large_image\" \/>\n<meta name=\"twitter:label1\" content=\"Est. reading time\" \/>\n\t<meta name=\"twitter:data1\" content=\"2 minutes\" \/>\n<script type=\"application\/ld+json\" class=\"yoast-schema-graph\">{\"@context\":\"https:\\\/\\\/schema.org\",\"@graph\":[{\"@type\":\"WebPage\",\"@id\":\"https:\\\/\\\/webknjizara.hr\\\/proizvod\\\/leksikon-gastronomije-i-podrumarstva-igor-pl-zivanovic\\\/\",\"url\":\"https:\\\/\\\/webknjizara.hr\\\/proizvod\\\/leksikon-gastronomije-i-podrumarstva-igor-pl-zivanovic\\\/\",\"name\":\"LEKSIKON GASTRONOMIJE I PODRUMARSTVA, Igor pl. \u017divanovi\u0107 - Web-knji\u017eara\",\"isPartOf\":{\"@id\":\"https:\\\/\\\/webknjizara.hr\\\/#website\"},\"primaryImageOfPage\":{\"@id\":\"https:\\\/\\\/webknjizara.hr\\\/proizvod\\\/leksikon-gastronomije-i-podrumarstva-igor-pl-zivanovic\\\/#primaryimage\"},\"image\":{\"@id\":\"https:\\\/\\\/webknjizara.hr\\\/proizvod\\\/leksikon-gastronomije-i-podrumarstva-igor-pl-zivanovic\\\/#primaryimage\"},\"thumbnailUrl\":\"https:\\\/\\\/webknjizara.hr\\\/wp-content\\\/uploads\\\/nc\\\/images\\\/virtuemart\\\/product\\\/leksikon-gastron-5149e80fde262.jpg\",\"datePublished\":\"2013-03-20T16:47:11+00:00\",\"dateModified\":\"2025-02-25T12:35:41+00:00\",\"breadcrumb\":{\"@id\":\"https:\\\/\\\/webknjizara.hr\\\/proizvod\\\/leksikon-gastronomije-i-podrumarstva-igor-pl-zivanovic\\\/#breadcrumb\"},\"inLanguage\":\"en-US\",\"potentialAction\":[{\"@type\":\"ReadAction\",\"target\":[\"https:\\\/\\\/webknjizara.hr\\\/proizvod\\\/leksikon-gastronomije-i-podrumarstva-igor-pl-zivanovic\\\/\"]}]},{\"@type\":\"ImageObject\",\"inLanguage\":\"en-US\",\"@id\":\"https:\\\/\\\/webknjizara.hr\\\/proizvod\\\/leksikon-gastronomije-i-podrumarstva-igor-pl-zivanovic\\\/#primaryimage\",\"url\":\"https:\\\/\\\/webknjizara.hr\\\/wp-content\\\/uploads\\\/nc\\\/images\\\/virtuemart\\\/product\\\/leksikon-gastron-5149e80fde262.jpg\",\"contentUrl\":\"https:\\\/\\\/webknjizara.hr\\\/wp-content\\\/uploads\\\/nc\\\/images\\\/virtuemart\\\/product\\\/leksikon-gastron-5149e80fde262.jpg\",\"width\":358,\"height\":500,\"caption\":\"LEKSIKON GASTRONOMIJE I PODRUMARSTVA, Igor pl. \u017divanovi\u0107\"},{\"@type\":\"BreadcrumbList\",\"@id\":\"https:\\\/\\\/webknjizara.hr\\\/proizvod\\\/leksikon-gastronomije-i-podrumarstva-igor-pl-zivanovic\\\/#breadcrumb\",\"itemListElement\":[{\"@type\":\"ListItem\",\"position\":1,\"name\":\"Po\u010detna stranica\",\"item\":\"https:\\\/\\\/webknjizara.hr\\\/en\\\/\"},{\"@type\":\"ListItem\",\"position\":2,\"name\":\"Shop\",\"item\":\"https:\\\/\\\/webknjizara.hr\\\/shop\\\/\"},{\"@type\":\"ListItem\",\"position\":3,\"name\":\"LEKSIKON GASTRONOMIJE I PODRUMARSTVA, Igor pl. \u017divanovi\u0107\"}]},{\"@type\":\"WebSite\",\"@id\":\"https:\\\/\\\/webknjizara.hr\\\/#website\",\"url\":\"https:\\\/\\\/webknjizara.hr\\\/\",\"name\":\"Web Knji\u017eara\",\"description\":\"\",\"publisher\":{\"@id\":\"https:\\\/\\\/webknjizara.hr\\\/#organization\"},\"potentialAction\":[{\"@type\":\"SearchAction\",\"target\":{\"@type\":\"EntryPoint\",\"urlTemplate\":\"https:\\\/\\\/webknjizara.hr\\\/?s={search_term_string}\"},\"query-input\":{\"@type\":\"PropertyValueSpecification\",\"valueRequired\":true,\"valueName\":\"search_term_string\"}}],\"inLanguage\":\"en-US\"},{\"@type\":\"Organization\",\"@id\":\"https:\\\/\\\/webknjizara.hr\\\/#organization\",\"name\":\"REDAK D.O.O.\",\"url\":\"https:\\\/\\\/webknjizara.hr\\\/\",\"logo\":{\"@type\":\"ImageObject\",\"inLanguage\":\"en-US\",\"@id\":\"https:\\\/\\\/webknjizara.hr\\\/#\\\/schema\\\/logo\\\/image\\\/\",\"url\":\"https:\\\/\\\/webknjizara.hr\\\/wp-content\\\/uploads\\\/2023\\\/01\\\/web-knjizara-logo.webp\",\"contentUrl\":\"https:\\\/\\\/webknjizara.hr\\\/wp-content\\\/uploads\\\/2023\\\/01\\\/web-knjizara-logo.webp\",\"width\":324,\"height\":79,\"caption\":\"REDAK D.O.O.\"},\"image\":{\"@id\":\"https:\\\/\\\/webknjizara.hr\\\/#\\\/schema\\\/logo\\\/image\\\/\"}}]}<\/script>\n<!-- \/ Yoast SEO plugin. -->","yoast_head_json":{"title":"LEKSIKON GASTRONOMIJE I PODRUMARSTVA, Igor pl. \u017divanovi\u0107 - Web-knji\u017eara","robots":{"index":"index","follow":"follow","max-snippet":"max-snippet:-1","max-image-preview":"max-image-preview:large","max-video-preview":"max-video-preview:-1"},"canonical":"https:\/\/webknjizara.hr\/proizvod\/leksikon-gastronomije-i-podrumarstva-igor-pl-zivanovic\/","og_locale":"en_US","og_type":"article","og_title":"LEKSIKON GASTRONOMIJE I PODRUMARSTVA, Igor pl. \u017divanovi\u0107 - Web-knji\u017eara","og_description":"Sa\u017eetak: Kuhanje i pijenje su kreativni \u010dinovi: izbor jela, sastavljanje razli\u010ditih \u017eive\u017enih namirnica, njihova priprema, komponiranje sljedova, uskla\u0111ivanje jela s odgovaraju\u0107im pi\u0107em, a ne treba zaboraviti ni ukra\u0161avanje tanjura i stola. Kuhanje je i kult: jednostrani potezi industrije gotovih i polugotovih proizvoda koji uglavnom \u0161tede novac i vrijeme pripadnika potro\u0161a\u010dkog dru\u0161tva stvorili su zna\u010dajan broj [&hellip;]","og_url":"https:\/\/webknjizara.hr\/proizvod\/leksikon-gastronomije-i-podrumarstva-igor-pl-zivanovic\/","og_site_name":"Web-knji\u017eara","article_modified_time":"2025-02-25T12:35:41+00:00","og_image":[{"width":358,"height":500,"url":"https:\/\/webknjizara.hr\/wp-content\/uploads\/nc\/images\/virtuemart\/product\/leksikon-gastron-5149e80fde262.jpg","type":"image\/jpeg"}],"twitter_card":"summary_large_image","twitter_misc":{"Est. reading time":"2 minutes"},"schema":{"@context":"https:\/\/schema.org","@graph":[{"@type":"WebPage","@id":"https:\/\/webknjizara.hr\/proizvod\/leksikon-gastronomije-i-podrumarstva-igor-pl-zivanovic\/","url":"https:\/\/webknjizara.hr\/proizvod\/leksikon-gastronomije-i-podrumarstva-igor-pl-zivanovic\/","name":"LEKSIKON GASTRONOMIJE I PODRUMARSTVA, Igor pl. \u017divanovi\u0107 - Web-knji\u017eara","isPartOf":{"@id":"https:\/\/webknjizara.hr\/#website"},"primaryImageOfPage":{"@id":"https:\/\/webknjizara.hr\/proizvod\/leksikon-gastronomije-i-podrumarstva-igor-pl-zivanovic\/#primaryimage"},"image":{"@id":"https:\/\/webknjizara.hr\/proizvod\/leksikon-gastronomije-i-podrumarstva-igor-pl-zivanovic\/#primaryimage"},"thumbnailUrl":"https:\/\/webknjizara.hr\/wp-content\/uploads\/nc\/images\/virtuemart\/product\/leksikon-gastron-5149e80fde262.jpg","datePublished":"2013-03-20T16:47:11+00:00","dateModified":"2025-02-25T12:35:41+00:00","breadcrumb":{"@id":"https:\/\/webknjizara.hr\/proizvod\/leksikon-gastronomije-i-podrumarstva-igor-pl-zivanovic\/#breadcrumb"},"inLanguage":"en-US","potentialAction":[{"@type":"ReadAction","target":["https:\/\/webknjizara.hr\/proizvod\/leksikon-gastronomije-i-podrumarstva-igor-pl-zivanovic\/"]}]},{"@type":"ImageObject","inLanguage":"en-US","@id":"https:\/\/webknjizara.hr\/proizvod\/leksikon-gastronomije-i-podrumarstva-igor-pl-zivanovic\/#primaryimage","url":"https:\/\/webknjizara.hr\/wp-content\/uploads\/nc\/images\/virtuemart\/product\/leksikon-gastron-5149e80fde262.jpg","contentUrl":"https:\/\/webknjizara.hr\/wp-content\/uploads\/nc\/images\/virtuemart\/product\/leksikon-gastron-5149e80fde262.jpg","width":358,"height":500,"caption":"LEKSIKON GASTRONOMIJE I PODRUMARSTVA, Igor pl. \u017divanovi\u0107"},{"@type":"BreadcrumbList","@id":"https:\/\/webknjizara.hr\/proizvod\/leksikon-gastronomije-i-podrumarstva-igor-pl-zivanovic\/#breadcrumb","itemListElement":[{"@type":"ListItem","position":1,"name":"Po\u010detna stranica","item":"https:\/\/webknjizara.hr\/en\/"},{"@type":"ListItem","position":2,"name":"Shop","item":"https:\/\/webknjizara.hr\/shop\/"},{"@type":"ListItem","position":3,"name":"LEKSIKON GASTRONOMIJE I PODRUMARSTVA, Igor pl. \u017divanovi\u0107"}]},{"@type":"WebSite","@id":"https:\/\/webknjizara.hr\/#website","url":"https:\/\/webknjizara.hr\/","name":"Web Knji\u017eara","description":"","publisher":{"@id":"https:\/\/webknjizara.hr\/#organization"},"potentialAction":[{"@type":"SearchAction","target":{"@type":"EntryPoint","urlTemplate":"https:\/\/webknjizara.hr\/?s={search_term_string}"},"query-input":{"@type":"PropertyValueSpecification","valueRequired":true,"valueName":"search_term_string"}}],"inLanguage":"en-US"},{"@type":"Organization","@id":"https:\/\/webknjizara.hr\/#organization","name":"REDAK D.O.O.","url":"https:\/\/webknjizara.hr\/","logo":{"@type":"ImageObject","inLanguage":"en-US","@id":"https:\/\/webknjizara.hr\/#\/schema\/logo\/image\/","url":"https:\/\/webknjizara.hr\/wp-content\/uploads\/2023\/01\/web-knjizara-logo.webp","contentUrl":"https:\/\/webknjizara.hr\/wp-content\/uploads\/2023\/01\/web-knjizara-logo.webp","width":324,"height":79,"caption":"REDAK D.O.O."},"image":{"@id":"https:\/\/webknjizara.hr\/#\/schema\/logo\/image\/"}}]}},"_links":{"self":[{"href":"https:\/\/webknjizara.hr\/en\/wp-json\/wp\/v2\/product\/7625","targetHints":{"allow":["GET"]}}],"collection":[{"href":"https:\/\/webknjizara.hr\/en\/wp-json\/wp\/v2\/product"}],"about":[{"href":"https:\/\/webknjizara.hr\/en\/wp-json\/wp\/v2\/types\/product"}],"replies":[{"embeddable":true,"href":"https:\/\/webknjizara.hr\/en\/wp-json\/wp\/v2\/comments?post=7625"}],"wp:featuredmedia":[{"embeddable":true,"href":"https:\/\/webknjizara.hr\/en\/wp-json\/wp\/v2\/media\/7626"}],"wp:attachment":[{"href":"https:\/\/webknjizara.hr\/en\/wp-json\/wp\/v2\/media?parent=7625"}],"wp:term":[{"taxonomy":"product_brand","embeddable":true,"href":"https:\/\/webknjizara.hr\/en\/wp-json\/wp\/v2\/product_brand?post=7625"},{"taxonomy":"product_cat","embeddable":true,"href":"https:\/\/webknjizara.hr\/en\/wp-json\/wp\/v2\/product_cat?post=7625"},{"taxonomy":"product_tag","embeddable":true,"href":"https:\/\/webknjizara.hr\/en\/wp-json\/wp\/v2\/product_tag?post=7625"}],"curies":[{"name":"wp","href":"https:\/\/api.w.org\/{rel}","templated":true}]}}