{"id":7621,"date":"2013-03-15T18:13:29","date_gmt":"2013-03-15T18:13:29","guid":{"rendered":"https:\/\/webknjizara.hr\/?product=mjesto-mojih-sjecanja-nela-bokan"},"modified":"2023-02-27T00:15:51","modified_gmt":"2023-02-26T23:15:51","slug":"mjesto-mojih-sjecanja-nela-bokan","status":"publish","type":"product","link":"https:\/\/webknjizara.hr\/en\/proizvod\/mjesto-mojih-sjecanja-nela-bokan\/","title":{"rendered":"MJESTO MOJIH SJE\u0106ANJA, Nela Bokan"},"content":{"rendered":"<p style=\"text-align: justify;\"><strong><br \/>Sa\u017eetak:<\/strong><\/p>\n<p>Ovo je pri\u010da bez kraja, pro\u017eeta snovima, ispunjena likovima bez imena. Glavni junak, neobuzdani buntovni mladi\u0107 nakon \u0161to su ih nasilno odvojili kre\u0107e u borbu za ozdravljenje svoje majke. Nesposoban da prona\u0111e ljubav, umije\u0161an u vrtlog strasti zabranjene \u017eene uporno \u017eeli prona\u0107i mir. No to mu ba\u0161 i ne polazi za rukom.\u00a0 U nemogu\u0107nosti da se pomiri s istinom koju mu obitelj pru\u017ea, op\u010dinjen uznemiruju\u0107im snovima i vjerom da maj\u010dina depresija krije dublje korijene sla\u017ee slagalicu svojega \u017eivota. A gdje su u svemu tome jabuke?<\/p>\n<p><strong>Bilje\u0161ka o autoru\/autorici:<\/strong> <\/p>\n<p>Antonela Bokan ro\u0111ena je 28.01.1992 godine u \u0160ibeniku. Svoje djetinjstvo provodi u Betini na otoku Murteru, a nakon zavr\u0161ene srednje \u0161kole u \u0160ibeniku seli u Zadar, gdje trenutno poha\u0111a tre\u0107u godinu studija Informacijskih znanosti. Odmalena je pokazivala velik interes za pisanjem kako proze tako i poezije, a ovo je njezin prvi objavljeni roman.<\/p>\n<p><strong>Klju\u010dne rije\u010di:<\/strong> <br \/>Blizanci, jabuke, sloboda, snovi<\/p>\n<p><strong>E-mail:<\/strong> <a href=\"mailto:boki2801@gmail.com?subject=Knjiga\">Nela Bokan<br \/><\/a> <br \/><strong>Naslov:<\/strong> Mjesto mojih sje\u0107anja<br \/><strong>Autor:<\/strong> Nela Bokan<br \/><strong>Broj stranica:<\/strong> 240<br \/><strong>Nakladnik:<\/strong> REDAK<br \/><strong>Godina izdanja:<\/strong> 2013.<br \/><strong>ISBN:<\/strong> 978-953-336-024-9<br \/><strong>Tisak:<\/strong> digitalni tisak knjiga &#8211; print na zahtjev<\/p>\n","protected":false},"excerpt":{"rendered":"<p>Sa\u017eetak: Ovo je pri\u010da bez kraja, pro\u017eeta snovima, ispunjena likovima bez imena. Glavni junak, neobuzdani buntovni mladi\u0107 nakon \u0161to su ih nasilno odvojili kre\u0107e u borbu za ozdravljenje svoje majke. Nesposoban da prona\u0111e ljubav, umije\u0161an u vrtlog strasti zabranjene \u017eene uporno \u017eeli prona\u0107i mir. No to mu ba\u0161 i ne polazi za rukom.\u00a0 U nemogu\u0107nosti [&hellip;]<\/p>\n","protected":false},"featured_media":7622,"comment_status":"open","ping_status":"closed","template":"","meta":{"_acf_changed":false},"product_brand":[],"product_cat":[1383,1385],"product_tag":[],"class_list":{"0":"post-7621","1":"product","2":"type-product","3":"status-publish","4":"has-post-thumbnail","6":"product_cat-knjige","7":"product_cat-knjizevnost","8":"pa_autor-nela-bokan","9":"pa_nakladnik-redak","11":"first","12":"instock","13":"shipping-taxable","14":"purchasable","15":"product-type-simple"},"acf":[],"yoast_head":"<!-- This site is optimized with the Yoast SEO plugin v27.3 - https:\/\/yoast.com\/product\/yoast-seo-wordpress\/ -->\n<title>MJESTO MOJIH SJE\u0106ANJA, Nela Bokan - Web-knji\u017eara<\/title>\n<meta name=\"robots\" content=\"index, follow, max-snippet:-1, max-image-preview:large, max-video-preview:-1\" \/>\n<link rel=\"canonical\" href=\"https:\/\/webknjizara.hr\/proizvod\/mjesto-mojih-sjecanja-nela-bokan\/\" \/>\n<meta property=\"og:locale\" content=\"en_US\" \/>\n<meta property=\"og:type\" content=\"article\" \/>\n<meta property=\"og:title\" content=\"MJESTO MOJIH SJE\u0106ANJA, Nela Bokan - Web-knji\u017eara\" \/>\n<meta property=\"og:description\" content=\"Sa\u017eetak: Ovo je pri\u010da bez kraja, pro\u017eeta snovima, ispunjena likovima bez imena. Glavni junak, neobuzdani buntovni mladi\u0107 nakon \u0161to su ih nasilno odvojili kre\u0107e u borbu za ozdravljenje svoje majke. Nesposoban da prona\u0111e ljubav, umije\u0161an u vrtlog strasti zabranjene \u017eene uporno \u017eeli prona\u0107i mir. No to mu ba\u0161 i ne polazi za rukom.\u00a0 U nemogu\u0107nosti [&hellip;]\" \/>\n<meta property=\"og:url\" content=\"https:\/\/webknjizara.hr\/proizvod\/mjesto-mojih-sjecanja-nela-bokan\/\" \/>\n<meta property=\"og:site_name\" content=\"Web-knji\u017eara\" \/>\n<meta property=\"article:modified_time\" content=\"2023-02-26T23:15:51+00:00\" \/>\n<meta property=\"og:image\" content=\"https:\/\/webknjizara.hr\/wp-content\/uploads\/nc\/images\/virtuemart\/product\/mjesto-mojih-sje-514364c90ab3f.jpg\" \/>\n\t<meta property=\"og:image:width\" content=\"306\" \/>\n\t<meta property=\"og:image:height\" content=\"500\" \/>\n\t<meta property=\"og:image:type\" content=\"image\/jpeg\" \/>\n<meta name=\"twitter:card\" content=\"summary_large_image\" \/>\n<meta name=\"twitter:label1\" content=\"Est. reading time\" \/>\n\t<meta name=\"twitter:data1\" content=\"1 minute\" \/>\n<script type=\"application\/ld+json\" class=\"yoast-schema-graph\">{\"@context\":\"https:\\\/\\\/schema.org\",\"@graph\":[{\"@type\":\"WebPage\",\"@id\":\"https:\\\/\\\/webknjizara.hr\\\/proizvod\\\/mjesto-mojih-sjecanja-nela-bokan\\\/\",\"url\":\"https:\\\/\\\/webknjizara.hr\\\/proizvod\\\/mjesto-mojih-sjecanja-nela-bokan\\\/\",\"name\":\"MJESTO MOJIH SJE\u0106ANJA, Nela Bokan - Web-knji\u017eara\",\"isPartOf\":{\"@id\":\"https:\\\/\\\/webknjizara.hr\\\/#website\"},\"primaryImageOfPage\":{\"@id\":\"https:\\\/\\\/webknjizara.hr\\\/proizvod\\\/mjesto-mojih-sjecanja-nela-bokan\\\/#primaryimage\"},\"image\":{\"@id\":\"https:\\\/\\\/webknjizara.hr\\\/proizvod\\\/mjesto-mojih-sjecanja-nela-bokan\\\/#primaryimage\"},\"thumbnailUrl\":\"https:\\\/\\\/webknjizara.hr\\\/wp-content\\\/uploads\\\/nc\\\/images\\\/virtuemart\\\/product\\\/mjesto-mojih-sje-514364c90ab3f.jpg\",\"datePublished\":\"2013-03-15T18:13:29+00:00\",\"dateModified\":\"2023-02-26T23:15:51+00:00\",\"breadcrumb\":{\"@id\":\"https:\\\/\\\/webknjizara.hr\\\/proizvod\\\/mjesto-mojih-sjecanja-nela-bokan\\\/#breadcrumb\"},\"inLanguage\":\"en-US\",\"potentialAction\":[{\"@type\":\"ReadAction\",\"target\":[\"https:\\\/\\\/webknjizara.hr\\\/proizvod\\\/mjesto-mojih-sjecanja-nela-bokan\\\/\"]}]},{\"@type\":\"ImageObject\",\"inLanguage\":\"en-US\",\"@id\":\"https:\\\/\\\/webknjizara.hr\\\/proizvod\\\/mjesto-mojih-sjecanja-nela-bokan\\\/#primaryimage\",\"url\":\"https:\\\/\\\/webknjizara.hr\\\/wp-content\\\/uploads\\\/nc\\\/images\\\/virtuemart\\\/product\\\/mjesto-mojih-sje-514364c90ab3f.jpg\",\"contentUrl\":\"https:\\\/\\\/webknjizara.hr\\\/wp-content\\\/uploads\\\/nc\\\/images\\\/virtuemart\\\/product\\\/mjesto-mojih-sje-514364c90ab3f.jpg\",\"width\":306,\"height\":500,\"caption\":\"MJESTO MOJIH SJE\u0106ANJA, Nela Bokan\"},{\"@type\":\"BreadcrumbList\",\"@id\":\"https:\\\/\\\/webknjizara.hr\\\/proizvod\\\/mjesto-mojih-sjecanja-nela-bokan\\\/#breadcrumb\",\"itemListElement\":[{\"@type\":\"ListItem\",\"position\":1,\"name\":\"Po\u010detna stranica\",\"item\":\"https:\\\/\\\/webknjizara.hr\\\/en\\\/\"},{\"@type\":\"ListItem\",\"position\":2,\"name\":\"Shop\",\"item\":\"https:\\\/\\\/webknjizara.hr\\\/shop\\\/\"},{\"@type\":\"ListItem\",\"position\":3,\"name\":\"MJESTO MOJIH SJE\u0106ANJA, Nela Bokan\"}]},{\"@type\":\"WebSite\",\"@id\":\"https:\\\/\\\/webknjizara.hr\\\/#website\",\"url\":\"https:\\\/\\\/webknjizara.hr\\\/\",\"name\":\"Web Knji\u017eara\",\"description\":\"\",\"publisher\":{\"@id\":\"https:\\\/\\\/webknjizara.hr\\\/#organization\"},\"potentialAction\":[{\"@type\":\"SearchAction\",\"target\":{\"@type\":\"EntryPoint\",\"urlTemplate\":\"https:\\\/\\\/webknjizara.hr\\\/?s={search_term_string}\"},\"query-input\":{\"@type\":\"PropertyValueSpecification\",\"valueRequired\":true,\"valueName\":\"search_term_string\"}}],\"inLanguage\":\"en-US\"},{\"@type\":\"Organization\",\"@id\":\"https:\\\/\\\/webknjizara.hr\\\/#organization\",\"name\":\"REDAK D.O.O.\",\"url\":\"https:\\\/\\\/webknjizara.hr\\\/\",\"logo\":{\"@type\":\"ImageObject\",\"inLanguage\":\"en-US\",\"@id\":\"https:\\\/\\\/webknjizara.hr\\\/#\\\/schema\\\/logo\\\/image\\\/\",\"url\":\"https:\\\/\\\/webknjizara.hr\\\/wp-content\\\/uploads\\\/2023\\\/01\\\/web-knjizara-logo.webp\",\"contentUrl\":\"https:\\\/\\\/webknjizara.hr\\\/wp-content\\\/uploads\\\/2023\\\/01\\\/web-knjizara-logo.webp\",\"width\":324,\"height\":79,\"caption\":\"REDAK D.O.O.\"},\"image\":{\"@id\":\"https:\\\/\\\/webknjizara.hr\\\/#\\\/schema\\\/logo\\\/image\\\/\"}}]}<\/script>\n<!-- \/ Yoast SEO plugin. -->","yoast_head_json":{"title":"MJESTO MOJIH SJE\u0106ANJA, Nela Bokan - Web-knji\u017eara","robots":{"index":"index","follow":"follow","max-snippet":"max-snippet:-1","max-image-preview":"max-image-preview:large","max-video-preview":"max-video-preview:-1"},"canonical":"https:\/\/webknjizara.hr\/proizvod\/mjesto-mojih-sjecanja-nela-bokan\/","og_locale":"en_US","og_type":"article","og_title":"MJESTO MOJIH SJE\u0106ANJA, Nela Bokan - Web-knji\u017eara","og_description":"Sa\u017eetak: Ovo je pri\u010da bez kraja, pro\u017eeta snovima, ispunjena likovima bez imena. Glavni junak, neobuzdani buntovni mladi\u0107 nakon \u0161to su ih nasilno odvojili kre\u0107e u borbu za ozdravljenje svoje majke. Nesposoban da prona\u0111e ljubav, umije\u0161an u vrtlog strasti zabranjene \u017eene uporno \u017eeli prona\u0107i mir. No to mu ba\u0161 i ne polazi za rukom.\u00a0 U nemogu\u0107nosti [&hellip;]","og_url":"https:\/\/webknjizara.hr\/proizvod\/mjesto-mojih-sjecanja-nela-bokan\/","og_site_name":"Web-knji\u017eara","article_modified_time":"2023-02-26T23:15:51+00:00","og_image":[{"width":306,"height":500,"url":"https:\/\/webknjizara.hr\/wp-content\/uploads\/nc\/images\/virtuemart\/product\/mjesto-mojih-sje-514364c90ab3f.jpg","type":"image\/jpeg"}],"twitter_card":"summary_large_image","twitter_misc":{"Est. reading time":"1 minute"},"schema":{"@context":"https:\/\/schema.org","@graph":[{"@type":"WebPage","@id":"https:\/\/webknjizara.hr\/proizvod\/mjesto-mojih-sjecanja-nela-bokan\/","url":"https:\/\/webknjizara.hr\/proizvod\/mjesto-mojih-sjecanja-nela-bokan\/","name":"MJESTO MOJIH SJE\u0106ANJA, Nela Bokan - Web-knji\u017eara","isPartOf":{"@id":"https:\/\/webknjizara.hr\/#website"},"primaryImageOfPage":{"@id":"https:\/\/webknjizara.hr\/proizvod\/mjesto-mojih-sjecanja-nela-bokan\/#primaryimage"},"image":{"@id":"https:\/\/webknjizara.hr\/proizvod\/mjesto-mojih-sjecanja-nela-bokan\/#primaryimage"},"thumbnailUrl":"https:\/\/webknjizara.hr\/wp-content\/uploads\/nc\/images\/virtuemart\/product\/mjesto-mojih-sje-514364c90ab3f.jpg","datePublished":"2013-03-15T18:13:29+00:00","dateModified":"2023-02-26T23:15:51+00:00","breadcrumb":{"@id":"https:\/\/webknjizara.hr\/proizvod\/mjesto-mojih-sjecanja-nela-bokan\/#breadcrumb"},"inLanguage":"en-US","potentialAction":[{"@type":"ReadAction","target":["https:\/\/webknjizara.hr\/proizvod\/mjesto-mojih-sjecanja-nela-bokan\/"]}]},{"@type":"ImageObject","inLanguage":"en-US","@id":"https:\/\/webknjizara.hr\/proizvod\/mjesto-mojih-sjecanja-nela-bokan\/#primaryimage","url":"https:\/\/webknjizara.hr\/wp-content\/uploads\/nc\/images\/virtuemart\/product\/mjesto-mojih-sje-514364c90ab3f.jpg","contentUrl":"https:\/\/webknjizara.hr\/wp-content\/uploads\/nc\/images\/virtuemart\/product\/mjesto-mojih-sje-514364c90ab3f.jpg","width":306,"height":500,"caption":"MJESTO MOJIH SJE\u0106ANJA, Nela Bokan"},{"@type":"BreadcrumbList","@id":"https:\/\/webknjizara.hr\/proizvod\/mjesto-mojih-sjecanja-nela-bokan\/#breadcrumb","itemListElement":[{"@type":"ListItem","position":1,"name":"Po\u010detna stranica","item":"https:\/\/webknjizara.hr\/en\/"},{"@type":"ListItem","position":2,"name":"Shop","item":"https:\/\/webknjizara.hr\/shop\/"},{"@type":"ListItem","position":3,"name":"MJESTO MOJIH SJE\u0106ANJA, Nela Bokan"}]},{"@type":"WebSite","@id":"https:\/\/webknjizara.hr\/#website","url":"https:\/\/webknjizara.hr\/","name":"Web Knji\u017eara","description":"","publisher":{"@id":"https:\/\/webknjizara.hr\/#organization"},"potentialAction":[{"@type":"SearchAction","target":{"@type":"EntryPoint","urlTemplate":"https:\/\/webknjizara.hr\/?s={search_term_string}"},"query-input":{"@type":"PropertyValueSpecification","valueRequired":true,"valueName":"search_term_string"}}],"inLanguage":"en-US"},{"@type":"Organization","@id":"https:\/\/webknjizara.hr\/#organization","name":"REDAK D.O.O.","url":"https:\/\/webknjizara.hr\/","logo":{"@type":"ImageObject","inLanguage":"en-US","@id":"https:\/\/webknjizara.hr\/#\/schema\/logo\/image\/","url":"https:\/\/webknjizara.hr\/wp-content\/uploads\/2023\/01\/web-knjizara-logo.webp","contentUrl":"https:\/\/webknjizara.hr\/wp-content\/uploads\/2023\/01\/web-knjizara-logo.webp","width":324,"height":79,"caption":"REDAK D.O.O."},"image":{"@id":"https:\/\/webknjizara.hr\/#\/schema\/logo\/image\/"}}]}},"_links":{"self":[{"href":"https:\/\/webknjizara.hr\/en\/wp-json\/wp\/v2\/product\/7621","targetHints":{"allow":["GET"]}}],"collection":[{"href":"https:\/\/webknjizara.hr\/en\/wp-json\/wp\/v2\/product"}],"about":[{"href":"https:\/\/webknjizara.hr\/en\/wp-json\/wp\/v2\/types\/product"}],"replies":[{"embeddable":true,"href":"https:\/\/webknjizara.hr\/en\/wp-json\/wp\/v2\/comments?post=7621"}],"wp:featuredmedia":[{"embeddable":true,"href":"https:\/\/webknjizara.hr\/en\/wp-json\/wp\/v2\/media\/7622"}],"wp:attachment":[{"href":"https:\/\/webknjizara.hr\/en\/wp-json\/wp\/v2\/media?parent=7621"}],"wp:term":[{"taxonomy":"product_brand","embeddable":true,"href":"https:\/\/webknjizara.hr\/en\/wp-json\/wp\/v2\/product_brand?post=7621"},{"taxonomy":"product_cat","embeddable":true,"href":"https:\/\/webknjizara.hr\/en\/wp-json\/wp\/v2\/product_cat?post=7621"},{"taxonomy":"product_tag","embeddable":true,"href":"https:\/\/webknjizara.hr\/en\/wp-json\/wp\/v2\/product_tag?post=7621"}],"curies":[{"name":"wp","href":"https:\/\/api.w.org\/{rel}","templated":true}]}}