{"id":7617,"date":"2013-03-04T14:47:11","date_gmt":"2013-03-04T14:47:11","guid":{"rendered":"https:\/\/webknjizara.hr\/?product=gospodarski-kriminalitet-u-republici-hrvatskoj-ante-orlovic"},"modified":"2025-02-21T11:11:33","modified_gmt":"2025-02-21T10:11:33","slug":"gospodarski-kriminalitet-u-republici-hrvatskoj-ante-orlovic","status":"publish","type":"product","link":"https:\/\/webknjizara.hr\/en\/proizvod\/gospodarski-kriminalitet-u-republici-hrvatskoj-ante-orlovic\/","title":{"rendered":"GOSPODARSKI KRIMINALITET U REPUBLICI HRVATSKOJ, Ante Orlovi\u0107"},"content":{"rendered":"<p style=\"text-align: justify;\"><strong><br \/>Sa\u017eetak:<\/strong><\/p>\n<p style=\"text-align: justify;\">Monografija je nastala kao rezultat <em>teorijskog i empirijskog<\/em> istra\u017eivanja gospodarskog kriminaliteta provedenih u sklopu izrade doktorske disertacije pod naslovom <em>Tranzicijske okolnosti gospodarskog kriminaliteta u Republici Hrvatskoj<\/em> \u2013 obranjene\u00a0 u srpnju 2012. godine na Ekonomskom fakultetu u Osijeku.<\/p>\n<p style=\"text-align: justify;\">U sklopu teorijskog istra\u017eivanja, u cilju spoznavanja dru\u0161tvenog konteksta gospodarskog kriminaliteta u Republici Hrvatskoj, opisana su na\u0161a dva tranzicijska desetlje\u0107a s esencijalnim modalitetima gospodarskog kriminaliteta kojima su nazna\u010dena razdoblja obilje\u017eena. Rije\u010d je o <em>postjugoslavenskom tranzicijskom desetlje\u0107u<\/em> (1990-e) kojem &#8221;pripada&#8221; <em>pretvorbeno-privatizacijski kriminalitet i ratno profiterstvo<\/em>, te o <em>eurointegracijskom tranzicijskom desetlje\u0107u<\/em> (2000-te) kojem &#8221;pripada&#8221; korupcija <em>(politi\u010dka, sistemska)<\/em>.<\/p>\n<p style=\"text-align: justify;\">U nastavku rada, sveobuhvatno je opisan <em>gospodarski kriminalitet<\/em> kroz sve relevantne dimenzije koje ga karakteriziraju kao dru\u0161tvenu pojavu, a to su <em>definicija, fenomenologija, etiologija i konzekvencije.<\/em> Taj dio rada je &#8221;dijagnosti\u010dki&#8221; u smislu prikaza stanja istra\u017eivane problematike \u0161to je preduvjet svih njezinih daljnjih razmatranja. Nakon ovoga dijela, u nastavku je tako\u0111er sveobuhvatno, barem na na\u010delnoj razini, opisan sustav aktivnosti <em>dr\u017eavnog (dru\u0161tvenog) suprotstavljanja<\/em> gospodarskom kriminalitetu, koji \u010dine <em>prevencija, represija (detekcija, istra\u017eivanje, procesuiranje, sankcija) i sanacija.<\/em> U ovom smislu rad doprinosi razumijevanju uloge dr\u017eave (dru\u0161tva) u sprje\u010davanju i suzbijanju gospodarskog kriminaliteta, \u0161to je va\u017eno na strategijskoj, ali i na operativnoj razini u smislu usmjeravanja, koordiniranja i upravljanja svim aktivnostima iz opusa antikriminalnog djelovanja dru\u0161tvene zajednice, koje se mogu poduzeti protiv predmetne negativne dru\u0161tvene pojave.<\/p>\n<p style=\"text-align: justify;\">U sklopu empirijskog istra\u017eivanja, uz pomo\u0107 anketnog upitnika, ispitana su i opisana <em>mi\u0161ljenja i stavovi (percepcija) hrvatskih gra\u0111ana<\/em> o pojedinim aspektima gospodarskog kriminaliteta. Pitanja su kreirana u kontekstu <em>\u0161est hipoteza<\/em> postavljenih u svezi s gospodarskim kriminalitetom, koje su se odnosile na okolnosti njegova nastajanja, istra\u017eivanja i suzbijanja u Republici Hrvatskoj. Ispitivanjem je obuhva\u0107eno ukupno 2519 ispitanika iz \u010detiriju relevantnih dru\u0161tvenih skupina (stratuma) \u2013 <em>gospodarski subjekti, dr\u017eavni slu\u017ebenici, osu\u0111enici-zatvorenici, studenti (oec-iur-crim)<\/em>. Pri obradi rezultata ispitivanja kori\u0161ten je statisti\u010dki softverski paket SPSS (Statistical Package for the Social Sciences) namijenjen statisti\u010dkoj obradi podataka u istra\u017eivanjima iz podru\u010dja dru\u0161tvenih znanosti. Relevantnost i brojnost ispitanika doprinose zna\u010dajnosti njihovih stavova i mi\u0161ljenja u svezi s gospodarskim kriminalitetom, a zaklju\u010dci dobiveni statisti\u010dkom analizom odgovora ispitanika mogu i trebaju biti smjernice daljnjim teorijsko-empirijskim istra\u017eivanjima ove problematike. Tako\u0111er, spoznaje dobivene provedenim anketnim ispitivanjem mogle bi biti primijenjene u praksi i to u smislu unaprje\u0111enja dru\u0161tvenog suprotstavljanja gospodarskom kriminalitetu, u aktivnostima njegova sprje\u010davanja i suzbijanja.<\/p>\n<p style=\"text-align: justify;\">Tijekom istra\u017eivanja ostvarena je i &#8221;dodatna&#8221; vrijednost ovog rada u smislu detektiranja i opisivanja <em>ekonomske, sociolo\u0161ke, pravne, kriminolo\u0161ke i kriminalisti\u010dke<\/em> dimenzije gospodarskog kriminaliteta u Republici Hrvatskoj.<\/p>\n<p style=\"text-align: justify;\">Monografija je primarno namijenjena studentima kriminalistike na Visokoj policijskoj \u0161koli u Zagrebu, studentima Sveu\u010dili\u0161nog odjela za forenzi\u010dne znanosti u Splitu, modul Financijsko-ra\u010dunovodstvena forenzika, studentima ostalih fakulteta \u010dijim programima je imanentna ili komplementarna problematika gospodarskog kriminaliteta, zatim policijskim slu\u017ebenicima kriminalisti\u010dke policije \u2013 primarno onima iz linije rada gospodarskog kriminaliteta i korupcije, slu\u017ebenicima iz drugih tijela kaznenog progona, te svima ostalima koji se bave ili pokazuju interes za problematikom gospodarskog kriminaliteta (slu\u017ebenicima nadle\u017enih dr\u017eavnih institucija, djelatnicima slu\u017ebi sigurnosti u javnom i privatnom sektoru, odvjetnicima, zaposlenicima obrazovnih ustanova, gospodarstvenicima i drugima).<\/p>\n<p style=\"text-align: justify;\"><strong><br \/>Bilje\u0161ka o autoru<\/strong><\/p>\n<p style=\"text-align: justify;\"><strong>Ante Orlovi\u0107<\/strong>, ro\u0111en u Osijeku 1970. god. <strong>Obrazovanje<\/strong>: <em>ekonomist<\/em> (1993.) i <em>diplomirani ekonomist<\/em> (1996.) Ekonomski fakultet u Osijeku; <em>kriminalist<\/em> (1993.) i <em>diplomirani kriminalist<\/em> (1995.) Fakultet kriminalisti\u010dkih znanosti u Zagrebu; <em>magistar dru\u0161tvenih znanosti<\/em> \u2013 polje ekonomija (1998.) Ekonomski fakultet u Zagrebu; <em>doktor dru\u0161tvenih znanosti<\/em> \u2013 polje ekonomija (2012.) Ekonomski fakultet u Osijeku. <strong>Radno iskustvo:<\/strong> djelatnik Ministarstva unutarnjih poslova Republike Hrvatske (1996.-2013.). Radio na poslovima suzbijanja gospodarskog kriminaliteta kao <em>kriminalisti\u010dki slu\u017ebenik<\/em> (1996.-2000.), <em>vo\u0111a grupe<\/em> (2000.-2004.), <em>na\u010delnik Odjela gospodarskog kriminaliteta<\/em>, Policijska uprava zagreba\u010dka (2004.-2006.) te <em>na\u010delnik Odjela gospodarskog kriminaliteta i korupcije<\/em>, MUP RH \u2013 sjedi\u0161te, Ravnateljstvo policije (2006.-2009.). U razdoblju 2009.-2013. radi na Policijskoj akademiji, Visokoj policijskoj \u0161koli u Zagrebu, na radnom mjestu <em>Vi\u0161i predava\u010d<\/em>.<\/p>\n<p style=\"text-align: justify;\"><strong>Nastavne aktivnosti i izbori u zvanja:<\/strong> Sveu\u010dili\u0161te u Splitu, Sveu\u010dili\u0161ni studijski centar za stru\u010dne studije, Nastavni centar Zagreb (2001.-2007.) izabran u zvanje <em>Asistent visoke \u0161kole<\/em> u polju ekonomija, za predmet Marketing malog poduzetni\u0161tva (2002.); Visoka poslovna \u0161kola Libertas u Zagrebu (2005.-2008.) izabran u zvanje <em>Predava\u010d<\/em> u polju ekonomija, za predmet Osnove marketinga (2005.); Policijska akademija, Visoka policijska \u0161kola u Zagrebu (2007.-2013.) izabran u zvanje <em>Vi\u0161i predava\u010d<\/em> u polju sigurnosne i obrambene znanosti (2009.) te u zvanje <em>Predava\u010d<\/em> u znanstvenom polju ekonomija, grana organizacija i menad\u017ement (2011.); Sveu\u010dili\u0161te u Splitu, Sveu\u010dili\u0161ni studijski centar za forenzi\u010dne znanosti (2010.-2013.) izabran u zvanje <em>Vi\u0161i predava\u010d<\/em> u polju sigurnosne i obrambene znanosti na Katedri za sigurnost i nacionalnu sigurnost (2012.).<\/p>\n<p style=\"text-align: justify;\"><strong>Ostali relevantni podatci:<\/strong> Objavio vi\u0161e stru\u010dnih i znanstvenih radova iz podru\u010dja gospodarskog kriminaliteta i korupcije, dru\u0161tvenog (neprofitnog) marketinga te organizacije i menad\u017ementa.<\/p>\n<p style=\"text-align: justify;\"><strong>Klju\u010dne rije\u010di:<\/strong> tranzicijske okolnosti u RH, postjugoslavensko tranzicijsko desetlje\u0107e (1990-e), eurointegracijsko tranzicijsko desetlje\u0107e (2000-te); gospodarski kriminalitet \u2013 definicija, fenomenologija, etiologija, konzekvencije, prevencija, represija (detekcija, istra\u017eivanje, procesuiranje, sankcija), sanacija; gospodarski kriminalitet \u2013 veliko empirijsko istra\u017eivanje (2519 ispitanika, 4 stratuma, 6 hipoteza); pretvorbeno-privatizacijski kriminalitet, ratno profiterstvo, korupcija, pranje novca, siva ekonomija, fiskalne prijevare, lihvarski ugovori, javne nabave, intelektualno vlasni\u0161tvo, tr\u017ei\u0161no natjecanje, zlouporabe, prijevare, krivotvorenja, podmi\u0107ivanja<\/p>\n<p><strong>Link:<\/strong> <a target=\"_blank\" href=\"http:\/\/www.policija.hr\/6676.aspx\" rel=\"noopener\">Visoka policijska \u0161kola<\/a><br \/><strong>E-mail:<\/strong> <a href=\"mailto:aorlovic@fkz.hr\">Ante Orlovi\u0107<\/a>, <a href=\"mailto:orlovic.ante@gmail.com\">Ante Orlovi\u0107 2<\/a><\/p>\n<p style=\"text-align: justify;\"><strong>Naslov:<\/strong> Gospodarski kriminalitet u Republici Hrvatskoj<br \/><strong>Autor:<\/strong> Ante Orlovi\u0107<br \/><strong>Broj stranica:<\/strong> 754<br \/><strong>Nakladnik:<\/strong> REDAK<br \/><strong>Godina izdanja:<\/strong> 2013.<br \/><strong>ISBN:<\/strong> 978-953-336-035-5<br \/><strong>Tisak:<\/strong> digitalni tisak knjiga &#8211; print na zahtjev<\/p>\n","protected":false},"excerpt":{"rendered":"<p>Sa\u017eetak: Monografija je nastala kao rezultat teorijskog i empirijskog istra\u017eivanja gospodarskog kriminaliteta provedenih u sklopu izrade doktorske disertacije pod naslovom Tranzicijske okolnosti gospodarskog kriminaliteta u Republici Hrvatskoj \u2013 obranjene\u00a0 u srpnju 2012. godine na Ekonomskom fakultetu u Osijeku. U sklopu teorijskog istra\u017eivanja, u cilju spoznavanja dru\u0161tvenog konteksta gospodarskog kriminaliteta u Republici Hrvatskoj, opisana su na\u0161a [&hellip;]<\/p>\n","protected":false},"featured_media":7618,"comment_status":"open","ping_status":"closed","template":"","meta":{"_acf_changed":false},"product_brand":[],"product_cat":[1517],"product_tag":[],"class_list":{"0":"post-7617","1":"product","2":"type-product","3":"status-publish","4":"has-post-thumbnail","6":"product_cat-strucna-literatura","7":"pa_nakladnik-redak","9":"first","10":"instock","11":"shipping-taxable","12":"purchasable","13":"product-type-simple"},"acf":[],"yoast_head":"<!-- This site is optimized with the Yoast SEO plugin v27.3 - https:\/\/yoast.com\/product\/yoast-seo-wordpress\/ -->\n<title>GOSPODARSKI KRIMINALITET U REPUBLICI HRVATSKOJ, Ante Orlovi\u0107 - Web-knji\u017eara<\/title>\n<meta name=\"robots\" content=\"index, follow, max-snippet:-1, max-image-preview:large, max-video-preview:-1\" \/>\n<link rel=\"canonical\" href=\"https:\/\/webknjizara.hr\/proizvod\/gospodarski-kriminalitet-u-republici-hrvatskoj-ante-orlovic\/\" \/>\n<meta property=\"og:locale\" content=\"en_US\" \/>\n<meta property=\"og:type\" content=\"article\" \/>\n<meta property=\"og:title\" content=\"GOSPODARSKI KRIMINALITET U REPUBLICI HRVATSKOJ, Ante Orlovi\u0107 - Web-knji\u017eara\" \/>\n<meta property=\"og:description\" content=\"Sa\u017eetak: Monografija je nastala kao rezultat teorijskog i empirijskog istra\u017eivanja gospodarskog kriminaliteta provedenih u sklopu izrade doktorske disertacije pod naslovom Tranzicijske okolnosti gospodarskog kriminaliteta u Republici Hrvatskoj \u2013 obranjene\u00a0 u srpnju 2012. godine na Ekonomskom fakultetu u Osijeku. U sklopu teorijskog istra\u017eivanja, u cilju spoznavanja dru\u0161tvenog konteksta gospodarskog kriminaliteta u Republici Hrvatskoj, opisana su na\u0161a [&hellip;]\" \/>\n<meta property=\"og:url\" content=\"https:\/\/webknjizara.hr\/proizvod\/gospodarski-kriminalitet-u-republici-hrvatskoj-ante-orlovic\/\" \/>\n<meta property=\"og:site_name\" content=\"Web-knji\u017eara\" \/>\n<meta property=\"article:modified_time\" content=\"2025-02-21T10:11:33+00:00\" \/>\n<meta property=\"og:image\" content=\"https:\/\/webknjizara.hr\/wp-content\/uploads\/nc\/images\/virtuemart\/product\/gospodarski-krim-5134b3efb291d.jpg\" \/>\n\t<meta property=\"og:image:width\" content=\"358\" \/>\n\t<meta property=\"og:image:height\" content=\"500\" \/>\n\t<meta property=\"og:image:type\" content=\"image\/jpeg\" \/>\n<meta name=\"twitter:card\" content=\"summary_large_image\" \/>\n<meta name=\"twitter:label1\" content=\"Est. reading time\" \/>\n\t<meta name=\"twitter:data1\" content=\"5 minutes\" \/>\n<script type=\"application\/ld+json\" class=\"yoast-schema-graph\">{\"@context\":\"https:\\\/\\\/schema.org\",\"@graph\":[{\"@type\":\"WebPage\",\"@id\":\"https:\\\/\\\/webknjizara.hr\\\/proizvod\\\/gospodarski-kriminalitet-u-republici-hrvatskoj-ante-orlovic\\\/\",\"url\":\"https:\\\/\\\/webknjizara.hr\\\/proizvod\\\/gospodarski-kriminalitet-u-republici-hrvatskoj-ante-orlovic\\\/\",\"name\":\"GOSPODARSKI KRIMINALITET U REPUBLICI HRVATSKOJ, Ante Orlovi\u0107 - Web-knji\u017eara\",\"isPartOf\":{\"@id\":\"https:\\\/\\\/webknjizara.hr\\\/#website\"},\"primaryImageOfPage\":{\"@id\":\"https:\\\/\\\/webknjizara.hr\\\/proizvod\\\/gospodarski-kriminalitet-u-republici-hrvatskoj-ante-orlovic\\\/#primaryimage\"},\"image\":{\"@id\":\"https:\\\/\\\/webknjizara.hr\\\/proizvod\\\/gospodarski-kriminalitet-u-republici-hrvatskoj-ante-orlovic\\\/#primaryimage\"},\"thumbnailUrl\":\"https:\\\/\\\/webknjizara.hr\\\/wp-content\\\/uploads\\\/nc\\\/images\\\/virtuemart\\\/product\\\/gospodarski-krim-5134b3efb291d.jpg\",\"datePublished\":\"2013-03-04T14:47:11+00:00\",\"dateModified\":\"2025-02-21T10:11:33+00:00\",\"breadcrumb\":{\"@id\":\"https:\\\/\\\/webknjizara.hr\\\/proizvod\\\/gospodarski-kriminalitet-u-republici-hrvatskoj-ante-orlovic\\\/#breadcrumb\"},\"inLanguage\":\"en-US\",\"potentialAction\":[{\"@type\":\"ReadAction\",\"target\":[\"https:\\\/\\\/webknjizara.hr\\\/proizvod\\\/gospodarski-kriminalitet-u-republici-hrvatskoj-ante-orlovic\\\/\"]}]},{\"@type\":\"ImageObject\",\"inLanguage\":\"en-US\",\"@id\":\"https:\\\/\\\/webknjizara.hr\\\/proizvod\\\/gospodarski-kriminalitet-u-republici-hrvatskoj-ante-orlovic\\\/#primaryimage\",\"url\":\"https:\\\/\\\/webknjizara.hr\\\/wp-content\\\/uploads\\\/nc\\\/images\\\/virtuemart\\\/product\\\/gospodarski-krim-5134b3efb291d.jpg\",\"contentUrl\":\"https:\\\/\\\/webknjizara.hr\\\/wp-content\\\/uploads\\\/nc\\\/images\\\/virtuemart\\\/product\\\/gospodarski-krim-5134b3efb291d.jpg\",\"width\":358,\"height\":500,\"caption\":\"GOSPODARSKI KRIMINALITET U REPUBLICI HRVATSKOJ, Ante Orlovi\u0107\"},{\"@type\":\"BreadcrumbList\",\"@id\":\"https:\\\/\\\/webknjizara.hr\\\/proizvod\\\/gospodarski-kriminalitet-u-republici-hrvatskoj-ante-orlovic\\\/#breadcrumb\",\"itemListElement\":[{\"@type\":\"ListItem\",\"position\":1,\"name\":\"Po\u010detna stranica\",\"item\":\"https:\\\/\\\/webknjizara.hr\\\/en\\\/\"},{\"@type\":\"ListItem\",\"position\":2,\"name\":\"Shop\",\"item\":\"https:\\\/\\\/webknjizara.hr\\\/shop\\\/\"},{\"@type\":\"ListItem\",\"position\":3,\"name\":\"GOSPODARSKI KRIMINALITET U REPUBLICI HRVATSKOJ, Ante Orlovi\u0107\"}]},{\"@type\":\"WebSite\",\"@id\":\"https:\\\/\\\/webknjizara.hr\\\/#website\",\"url\":\"https:\\\/\\\/webknjizara.hr\\\/\",\"name\":\"Web Knji\u017eara\",\"description\":\"\",\"publisher\":{\"@id\":\"https:\\\/\\\/webknjizara.hr\\\/#organization\"},\"potentialAction\":[{\"@type\":\"SearchAction\",\"target\":{\"@type\":\"EntryPoint\",\"urlTemplate\":\"https:\\\/\\\/webknjizara.hr\\\/?s={search_term_string}\"},\"query-input\":{\"@type\":\"PropertyValueSpecification\",\"valueRequired\":true,\"valueName\":\"search_term_string\"}}],\"inLanguage\":\"en-US\"},{\"@type\":\"Organization\",\"@id\":\"https:\\\/\\\/webknjizara.hr\\\/#organization\",\"name\":\"REDAK D.O.O.\",\"url\":\"https:\\\/\\\/webknjizara.hr\\\/\",\"logo\":{\"@type\":\"ImageObject\",\"inLanguage\":\"en-US\",\"@id\":\"https:\\\/\\\/webknjizara.hr\\\/#\\\/schema\\\/logo\\\/image\\\/\",\"url\":\"https:\\\/\\\/webknjizara.hr\\\/wp-content\\\/uploads\\\/2023\\\/01\\\/web-knjizara-logo.webp\",\"contentUrl\":\"https:\\\/\\\/webknjizara.hr\\\/wp-content\\\/uploads\\\/2023\\\/01\\\/web-knjizara-logo.webp\",\"width\":324,\"height\":79,\"caption\":\"REDAK D.O.O.\"},\"image\":{\"@id\":\"https:\\\/\\\/webknjizara.hr\\\/#\\\/schema\\\/logo\\\/image\\\/\"}}]}<\/script>\n<!-- \/ Yoast SEO plugin. -->","yoast_head_json":{"title":"GOSPODARSKI KRIMINALITET U REPUBLICI HRVATSKOJ, Ante Orlovi\u0107 - Web-knji\u017eara","robots":{"index":"index","follow":"follow","max-snippet":"max-snippet:-1","max-image-preview":"max-image-preview:large","max-video-preview":"max-video-preview:-1"},"canonical":"https:\/\/webknjizara.hr\/proizvod\/gospodarski-kriminalitet-u-republici-hrvatskoj-ante-orlovic\/","og_locale":"en_US","og_type":"article","og_title":"GOSPODARSKI KRIMINALITET U REPUBLICI HRVATSKOJ, Ante Orlovi\u0107 - Web-knji\u017eara","og_description":"Sa\u017eetak: Monografija je nastala kao rezultat teorijskog i empirijskog istra\u017eivanja gospodarskog kriminaliteta provedenih u sklopu izrade doktorske disertacije pod naslovom Tranzicijske okolnosti gospodarskog kriminaliteta u Republici Hrvatskoj \u2013 obranjene\u00a0 u srpnju 2012. godine na Ekonomskom fakultetu u Osijeku. U sklopu teorijskog istra\u017eivanja, u cilju spoznavanja dru\u0161tvenog konteksta gospodarskog kriminaliteta u Republici Hrvatskoj, opisana su na\u0161a [&hellip;]","og_url":"https:\/\/webknjizara.hr\/proizvod\/gospodarski-kriminalitet-u-republici-hrvatskoj-ante-orlovic\/","og_site_name":"Web-knji\u017eara","article_modified_time":"2025-02-21T10:11:33+00:00","og_image":[{"width":358,"height":500,"url":"https:\/\/webknjizara.hr\/wp-content\/uploads\/nc\/images\/virtuemart\/product\/gospodarski-krim-5134b3efb291d.jpg","type":"image\/jpeg"}],"twitter_card":"summary_large_image","twitter_misc":{"Est. reading time":"5 minutes"},"schema":{"@context":"https:\/\/schema.org","@graph":[{"@type":"WebPage","@id":"https:\/\/webknjizara.hr\/proizvod\/gospodarski-kriminalitet-u-republici-hrvatskoj-ante-orlovic\/","url":"https:\/\/webknjizara.hr\/proizvod\/gospodarski-kriminalitet-u-republici-hrvatskoj-ante-orlovic\/","name":"GOSPODARSKI KRIMINALITET U REPUBLICI HRVATSKOJ, Ante Orlovi\u0107 - Web-knji\u017eara","isPartOf":{"@id":"https:\/\/webknjizara.hr\/#website"},"primaryImageOfPage":{"@id":"https:\/\/webknjizara.hr\/proizvod\/gospodarski-kriminalitet-u-republici-hrvatskoj-ante-orlovic\/#primaryimage"},"image":{"@id":"https:\/\/webknjizara.hr\/proizvod\/gospodarski-kriminalitet-u-republici-hrvatskoj-ante-orlovic\/#primaryimage"},"thumbnailUrl":"https:\/\/webknjizara.hr\/wp-content\/uploads\/nc\/images\/virtuemart\/product\/gospodarski-krim-5134b3efb291d.jpg","datePublished":"2013-03-04T14:47:11+00:00","dateModified":"2025-02-21T10:11:33+00:00","breadcrumb":{"@id":"https:\/\/webknjizara.hr\/proizvod\/gospodarski-kriminalitet-u-republici-hrvatskoj-ante-orlovic\/#breadcrumb"},"inLanguage":"en-US","potentialAction":[{"@type":"ReadAction","target":["https:\/\/webknjizara.hr\/proizvod\/gospodarski-kriminalitet-u-republici-hrvatskoj-ante-orlovic\/"]}]},{"@type":"ImageObject","inLanguage":"en-US","@id":"https:\/\/webknjizara.hr\/proizvod\/gospodarski-kriminalitet-u-republici-hrvatskoj-ante-orlovic\/#primaryimage","url":"https:\/\/webknjizara.hr\/wp-content\/uploads\/nc\/images\/virtuemart\/product\/gospodarski-krim-5134b3efb291d.jpg","contentUrl":"https:\/\/webknjizara.hr\/wp-content\/uploads\/nc\/images\/virtuemart\/product\/gospodarski-krim-5134b3efb291d.jpg","width":358,"height":500,"caption":"GOSPODARSKI KRIMINALITET U REPUBLICI HRVATSKOJ, Ante Orlovi\u0107"},{"@type":"BreadcrumbList","@id":"https:\/\/webknjizara.hr\/proizvod\/gospodarski-kriminalitet-u-republici-hrvatskoj-ante-orlovic\/#breadcrumb","itemListElement":[{"@type":"ListItem","position":1,"name":"Po\u010detna stranica","item":"https:\/\/webknjizara.hr\/en\/"},{"@type":"ListItem","position":2,"name":"Shop","item":"https:\/\/webknjizara.hr\/shop\/"},{"@type":"ListItem","position":3,"name":"GOSPODARSKI KRIMINALITET U REPUBLICI HRVATSKOJ, Ante Orlovi\u0107"}]},{"@type":"WebSite","@id":"https:\/\/webknjizara.hr\/#website","url":"https:\/\/webknjizara.hr\/","name":"Web Knji\u017eara","description":"","publisher":{"@id":"https:\/\/webknjizara.hr\/#organization"},"potentialAction":[{"@type":"SearchAction","target":{"@type":"EntryPoint","urlTemplate":"https:\/\/webknjizara.hr\/?s={search_term_string}"},"query-input":{"@type":"PropertyValueSpecification","valueRequired":true,"valueName":"search_term_string"}}],"inLanguage":"en-US"},{"@type":"Organization","@id":"https:\/\/webknjizara.hr\/#organization","name":"REDAK D.O.O.","url":"https:\/\/webknjizara.hr\/","logo":{"@type":"ImageObject","inLanguage":"en-US","@id":"https:\/\/webknjizara.hr\/#\/schema\/logo\/image\/","url":"https:\/\/webknjizara.hr\/wp-content\/uploads\/2023\/01\/web-knjizara-logo.webp","contentUrl":"https:\/\/webknjizara.hr\/wp-content\/uploads\/2023\/01\/web-knjizara-logo.webp","width":324,"height":79,"caption":"REDAK D.O.O."},"image":{"@id":"https:\/\/webknjizara.hr\/#\/schema\/logo\/image\/"}}]}},"_links":{"self":[{"href":"https:\/\/webknjizara.hr\/en\/wp-json\/wp\/v2\/product\/7617","targetHints":{"allow":["GET"]}}],"collection":[{"href":"https:\/\/webknjizara.hr\/en\/wp-json\/wp\/v2\/product"}],"about":[{"href":"https:\/\/webknjizara.hr\/en\/wp-json\/wp\/v2\/types\/product"}],"replies":[{"embeddable":true,"href":"https:\/\/webknjizara.hr\/en\/wp-json\/wp\/v2\/comments?post=7617"}],"wp:featuredmedia":[{"embeddable":true,"href":"https:\/\/webknjizara.hr\/en\/wp-json\/wp\/v2\/media\/7618"}],"wp:attachment":[{"href":"https:\/\/webknjizara.hr\/en\/wp-json\/wp\/v2\/media?parent=7617"}],"wp:term":[{"taxonomy":"product_brand","embeddable":true,"href":"https:\/\/webknjizara.hr\/en\/wp-json\/wp\/v2\/product_brand?post=7617"},{"taxonomy":"product_cat","embeddable":true,"href":"https:\/\/webknjizara.hr\/en\/wp-json\/wp\/v2\/product_cat?post=7617"},{"taxonomy":"product_tag","embeddable":true,"href":"https:\/\/webknjizara.hr\/en\/wp-json\/wp\/v2\/product_tag?post=7617"}],"curies":[{"name":"wp","href":"https:\/\/api.w.org\/{rel}","templated":true}]}}