{"id":7609,"date":"2013-02-22T16:38:16","date_gmt":"2013-02-22T16:38:16","guid":{"rendered":"https:\/\/webknjizara.hr\/?product=dnevnik-tajna-dr-mazena-isic"},"modified":"2023-02-27T00:15:50","modified_gmt":"2023-02-26T23:15:50","slug":"dnevnik-tajna-dr-mazena-isic","status":"publish","type":"product","link":"https:\/\/webknjizara.hr\/en\/proizvod\/dnevnik-tajna-dr-mazena-isic\/","title":{"rendered":"DNEVNIK * TAJNA *, Dr. Mazena Isic"},"content":{"rendered":"<p style=\"text-align: justify;\"><strong><br \/>Sa\u017eetak:<\/strong><\/p>\n<p>Nakon 10 godina razdvojenosti Tara poku\u0161ava obnoviti vezu s Mikijem putem SMS &#8211; ova, MMS &#8211; ova i slanjem po\u0161tanskih po\u0161iljki na njegovu ku\u0107nu adresu.<\/p>\n<p>Ho\u0107e li \u0107e u tome uspjeti ljubavlju vo\u0111ena?! <\/p>\n<p>\u017delite li spoj duha, du\u0161e i tijela na jednom mjestu, svakako pro\u010ditajte Dnevnik * Tajna *<\/p>\n<p style=\"text-align: justify;\"><strong>Bilje\u0161ka o autoru\/autorici:<\/strong> <\/p>\n<p>Autorica je profesor TZK. u mirovini. Ro\u0111ena i \u017eivi u Virovitici od 1966.<\/p>\n<p>Dnevnik * Tajna * je njeno 1. djelo, a u pripremi je i nastavak te knjige.<\/p>\n<p>Rije\u010di autorice:&#8221;Ono \u0161to je u nama mora ugledati svjetlo dana ili se pretvara u tamu koja nas truje iznutra<\/p>\n<p><strong>Klju\u010dne rije\u010di:<\/strong> <br \/>Volim te, pusa, neka bude Mi\u0161ko, tajna, bezuslovna ljubav, agape<br \/>\u00a0<br \/><strong>Naslov:<\/strong> Dnevnik * Tajna *<br \/><strong>Autor:<\/strong> Dr. Mazena Isic<br \/><strong>Broj stranica:<\/strong> 286<br \/><strong>Nakladnik:<\/strong> REDAK<br \/><strong>Godina izdanja:<\/strong> 2013.<br \/><strong>ISBN:<\/strong> 978-953-336-032-4<br \/><strong>Tisak:<\/strong> digitalni tisak knjiga &#8211; print na zahtjev<\/p>\n","protected":false},"excerpt":{"rendered":"<p>Sa\u017eetak: Nakon 10 godina razdvojenosti Tara poku\u0161ava obnoviti vezu s Mikijem putem SMS &#8211; ova, MMS &#8211; ova i slanjem po\u0161tanskih po\u0161iljki na njegovu ku\u0107nu adresu. Ho\u0107e li \u0107e u tome uspjeti ljubavlju vo\u0111ena?! \u017delite li spoj duha, du\u0161e i tijela na jednom mjestu, svakako pro\u010ditajte Dnevnik * Tajna * Bilje\u0161ka o autoru\/autorici: Autorica je [&hellip;]<\/p>\n","protected":false},"featured_media":7610,"comment_status":"open","ping_status":"closed","template":"","meta":{"_acf_changed":false},"product_brand":[],"product_cat":[1383,1385],"product_tag":[],"class_list":{"0":"post-7609","1":"product","2":"type-product","3":"status-publish","4":"has-post-thumbnail","6":"product_cat-knjige","7":"product_cat-knjizevnost","8":"pa_autor-dr-mazena-isic","9":"pa_nakladnik-redak","11":"first","12":"instock","13":"shipping-taxable","14":"purchasable","15":"product-type-simple"},"acf":[],"yoast_head":"<!-- This site is optimized with the Yoast SEO plugin v27.3 - https:\/\/yoast.com\/product\/yoast-seo-wordpress\/ -->\n<title>DNEVNIK * TAJNA *, Dr. Mazena Isic - Web-knji\u017eara<\/title>\n<meta name=\"robots\" content=\"index, follow, max-snippet:-1, max-image-preview:large, max-video-preview:-1\" \/>\n<link rel=\"canonical\" href=\"https:\/\/webknjizara.hr\/proizvod\/dnevnik-tajna-dr-mazena-isic\/\" \/>\n<meta property=\"og:locale\" content=\"en_US\" \/>\n<meta property=\"og:type\" content=\"article\" \/>\n<meta property=\"og:title\" content=\"DNEVNIK * TAJNA *, Dr. Mazena Isic - Web-knji\u017eara\" \/>\n<meta property=\"og:description\" content=\"Sa\u017eetak: Nakon 10 godina razdvojenosti Tara poku\u0161ava obnoviti vezu s Mikijem putem SMS &#8211; ova, MMS &#8211; ova i slanjem po\u0161tanskih po\u0161iljki na njegovu ku\u0107nu adresu. Ho\u0107e li \u0107e u tome uspjeti ljubavlju vo\u0111ena?! \u017delite li spoj duha, du\u0161e i tijela na jednom mjestu, svakako pro\u010ditajte Dnevnik * Tajna * Bilje\u0161ka o autoru\/autorici: Autorica je [&hellip;]\" \/>\n<meta property=\"og:url\" content=\"https:\/\/webknjizara.hr\/proizvod\/dnevnik-tajna-dr-mazena-isic\/\" \/>\n<meta property=\"og:site_name\" content=\"Web-knji\u017eara\" \/>\n<meta property=\"article:modified_time\" content=\"2023-02-26T23:15:50+00:00\" \/>\n<meta property=\"og:image\" content=\"https:\/\/webknjizara.hr\/wp-content\/uploads\/nc\/images\/virtuemart\/product\/dnevnik-tajna-51279ef809a87.jpg\" \/>\n\t<meta property=\"og:image:width\" content=\"1743\" \/>\n\t<meta property=\"og:image:height\" content=\"2516\" \/>\n\t<meta property=\"og:image:type\" content=\"image\/jpeg\" \/>\n<meta name=\"twitter:card\" content=\"summary_large_image\" \/>\n<meta name=\"twitter:label1\" content=\"Est. reading time\" \/>\n\t<meta name=\"twitter:data1\" content=\"1 minute\" \/>\n<script type=\"application\/ld+json\" class=\"yoast-schema-graph\">{\"@context\":\"https:\\\/\\\/schema.org\",\"@graph\":[{\"@type\":\"WebPage\",\"@id\":\"https:\\\/\\\/webknjizara.hr\\\/proizvod\\\/dnevnik-tajna-dr-mazena-isic\\\/\",\"url\":\"https:\\\/\\\/webknjizara.hr\\\/proizvod\\\/dnevnik-tajna-dr-mazena-isic\\\/\",\"name\":\"DNEVNIK * TAJNA *, Dr. Mazena Isic - Web-knji\u017eara\",\"isPartOf\":{\"@id\":\"https:\\\/\\\/webknjizara.hr\\\/#website\"},\"primaryImageOfPage\":{\"@id\":\"https:\\\/\\\/webknjizara.hr\\\/proizvod\\\/dnevnik-tajna-dr-mazena-isic\\\/#primaryimage\"},\"image\":{\"@id\":\"https:\\\/\\\/webknjizara.hr\\\/proizvod\\\/dnevnik-tajna-dr-mazena-isic\\\/#primaryimage\"},\"thumbnailUrl\":\"https:\\\/\\\/webknjizara.hr\\\/wp-content\\\/uploads\\\/nc\\\/images\\\/virtuemart\\\/product\\\/dnevnik-tajna-51279ef809a87.jpg\",\"datePublished\":\"2013-02-22T16:38:16+00:00\",\"dateModified\":\"2023-02-26T23:15:50+00:00\",\"breadcrumb\":{\"@id\":\"https:\\\/\\\/webknjizara.hr\\\/proizvod\\\/dnevnik-tajna-dr-mazena-isic\\\/#breadcrumb\"},\"inLanguage\":\"en-US\",\"potentialAction\":[{\"@type\":\"ReadAction\",\"target\":[\"https:\\\/\\\/webknjizara.hr\\\/proizvod\\\/dnevnik-tajna-dr-mazena-isic\\\/\"]}]},{\"@type\":\"ImageObject\",\"inLanguage\":\"en-US\",\"@id\":\"https:\\\/\\\/webknjizara.hr\\\/proizvod\\\/dnevnik-tajna-dr-mazena-isic\\\/#primaryimage\",\"url\":\"https:\\\/\\\/webknjizara.hr\\\/wp-content\\\/uploads\\\/nc\\\/images\\\/virtuemart\\\/product\\\/dnevnik-tajna-51279ef809a87.jpg\",\"contentUrl\":\"https:\\\/\\\/webknjizara.hr\\\/wp-content\\\/uploads\\\/nc\\\/images\\\/virtuemart\\\/product\\\/dnevnik-tajna-51279ef809a87.jpg\",\"width\":1743,\"height\":2516,\"caption\":\"DNEVNIK * TAJNA *, Dr. Mazena Isic\"},{\"@type\":\"BreadcrumbList\",\"@id\":\"https:\\\/\\\/webknjizara.hr\\\/proizvod\\\/dnevnik-tajna-dr-mazena-isic\\\/#breadcrumb\",\"itemListElement\":[{\"@type\":\"ListItem\",\"position\":1,\"name\":\"Po\u010detna stranica\",\"item\":\"https:\\\/\\\/webknjizara.hr\\\/en\\\/\"},{\"@type\":\"ListItem\",\"position\":2,\"name\":\"Shop\",\"item\":\"https:\\\/\\\/webknjizara.hr\\\/shop\\\/\"},{\"@type\":\"ListItem\",\"position\":3,\"name\":\"DNEVNIK * TAJNA *, Dr. Mazena Isic\"}]},{\"@type\":\"WebSite\",\"@id\":\"https:\\\/\\\/webknjizara.hr\\\/#website\",\"url\":\"https:\\\/\\\/webknjizara.hr\\\/\",\"name\":\"Web Knji\u017eara\",\"description\":\"\",\"publisher\":{\"@id\":\"https:\\\/\\\/webknjizara.hr\\\/#organization\"},\"potentialAction\":[{\"@type\":\"SearchAction\",\"target\":{\"@type\":\"EntryPoint\",\"urlTemplate\":\"https:\\\/\\\/webknjizara.hr\\\/?s={search_term_string}\"},\"query-input\":{\"@type\":\"PropertyValueSpecification\",\"valueRequired\":true,\"valueName\":\"search_term_string\"}}],\"inLanguage\":\"en-US\"},{\"@type\":\"Organization\",\"@id\":\"https:\\\/\\\/webknjizara.hr\\\/#organization\",\"name\":\"REDAK D.O.O.\",\"url\":\"https:\\\/\\\/webknjizara.hr\\\/\",\"logo\":{\"@type\":\"ImageObject\",\"inLanguage\":\"en-US\",\"@id\":\"https:\\\/\\\/webknjizara.hr\\\/#\\\/schema\\\/logo\\\/image\\\/\",\"url\":\"https:\\\/\\\/webknjizara.hr\\\/wp-content\\\/uploads\\\/2023\\\/01\\\/web-knjizara-logo.webp\",\"contentUrl\":\"https:\\\/\\\/webknjizara.hr\\\/wp-content\\\/uploads\\\/2023\\\/01\\\/web-knjizara-logo.webp\",\"width\":324,\"height\":79,\"caption\":\"REDAK D.O.O.\"},\"image\":{\"@id\":\"https:\\\/\\\/webknjizara.hr\\\/#\\\/schema\\\/logo\\\/image\\\/\"}}]}<\/script>\n<!-- \/ Yoast SEO plugin. -->","yoast_head_json":{"title":"DNEVNIK * TAJNA *, Dr. Mazena Isic - Web-knji\u017eara","robots":{"index":"index","follow":"follow","max-snippet":"max-snippet:-1","max-image-preview":"max-image-preview:large","max-video-preview":"max-video-preview:-1"},"canonical":"https:\/\/webknjizara.hr\/proizvod\/dnevnik-tajna-dr-mazena-isic\/","og_locale":"en_US","og_type":"article","og_title":"DNEVNIK * TAJNA *, Dr. Mazena Isic - Web-knji\u017eara","og_description":"Sa\u017eetak: Nakon 10 godina razdvojenosti Tara poku\u0161ava obnoviti vezu s Mikijem putem SMS &#8211; ova, MMS &#8211; ova i slanjem po\u0161tanskih po\u0161iljki na njegovu ku\u0107nu adresu. Ho\u0107e li \u0107e u tome uspjeti ljubavlju vo\u0111ena?! \u017delite li spoj duha, du\u0161e i tijela na jednom mjestu, svakako pro\u010ditajte Dnevnik * Tajna * Bilje\u0161ka o autoru\/autorici: Autorica je [&hellip;]","og_url":"https:\/\/webknjizara.hr\/proizvod\/dnevnik-tajna-dr-mazena-isic\/","og_site_name":"Web-knji\u017eara","article_modified_time":"2023-02-26T23:15:50+00:00","og_image":[{"width":1743,"height":2516,"url":"https:\/\/webknjizara.hr\/wp-content\/uploads\/nc\/images\/virtuemart\/product\/dnevnik-tajna-51279ef809a87.jpg","type":"image\/jpeg"}],"twitter_card":"summary_large_image","twitter_misc":{"Est. reading time":"1 minute"},"schema":{"@context":"https:\/\/schema.org","@graph":[{"@type":"WebPage","@id":"https:\/\/webknjizara.hr\/proizvod\/dnevnik-tajna-dr-mazena-isic\/","url":"https:\/\/webknjizara.hr\/proizvod\/dnevnik-tajna-dr-mazena-isic\/","name":"DNEVNIK * TAJNA *, Dr. Mazena Isic - Web-knji\u017eara","isPartOf":{"@id":"https:\/\/webknjizara.hr\/#website"},"primaryImageOfPage":{"@id":"https:\/\/webknjizara.hr\/proizvod\/dnevnik-tajna-dr-mazena-isic\/#primaryimage"},"image":{"@id":"https:\/\/webknjizara.hr\/proizvod\/dnevnik-tajna-dr-mazena-isic\/#primaryimage"},"thumbnailUrl":"https:\/\/webknjizara.hr\/wp-content\/uploads\/nc\/images\/virtuemart\/product\/dnevnik-tajna-51279ef809a87.jpg","datePublished":"2013-02-22T16:38:16+00:00","dateModified":"2023-02-26T23:15:50+00:00","breadcrumb":{"@id":"https:\/\/webknjizara.hr\/proizvod\/dnevnik-tajna-dr-mazena-isic\/#breadcrumb"},"inLanguage":"en-US","potentialAction":[{"@type":"ReadAction","target":["https:\/\/webknjizara.hr\/proizvod\/dnevnik-tajna-dr-mazena-isic\/"]}]},{"@type":"ImageObject","inLanguage":"en-US","@id":"https:\/\/webknjizara.hr\/proizvod\/dnevnik-tajna-dr-mazena-isic\/#primaryimage","url":"https:\/\/webknjizara.hr\/wp-content\/uploads\/nc\/images\/virtuemart\/product\/dnevnik-tajna-51279ef809a87.jpg","contentUrl":"https:\/\/webknjizara.hr\/wp-content\/uploads\/nc\/images\/virtuemart\/product\/dnevnik-tajna-51279ef809a87.jpg","width":1743,"height":2516,"caption":"DNEVNIK * TAJNA *, Dr. Mazena Isic"},{"@type":"BreadcrumbList","@id":"https:\/\/webknjizara.hr\/proizvod\/dnevnik-tajna-dr-mazena-isic\/#breadcrumb","itemListElement":[{"@type":"ListItem","position":1,"name":"Po\u010detna stranica","item":"https:\/\/webknjizara.hr\/en\/"},{"@type":"ListItem","position":2,"name":"Shop","item":"https:\/\/webknjizara.hr\/shop\/"},{"@type":"ListItem","position":3,"name":"DNEVNIK * TAJNA *, Dr. Mazena Isic"}]},{"@type":"WebSite","@id":"https:\/\/webknjizara.hr\/#website","url":"https:\/\/webknjizara.hr\/","name":"Web Knji\u017eara","description":"","publisher":{"@id":"https:\/\/webknjizara.hr\/#organization"},"potentialAction":[{"@type":"SearchAction","target":{"@type":"EntryPoint","urlTemplate":"https:\/\/webknjizara.hr\/?s={search_term_string}"},"query-input":{"@type":"PropertyValueSpecification","valueRequired":true,"valueName":"search_term_string"}}],"inLanguage":"en-US"},{"@type":"Organization","@id":"https:\/\/webknjizara.hr\/#organization","name":"REDAK D.O.O.","url":"https:\/\/webknjizara.hr\/","logo":{"@type":"ImageObject","inLanguage":"en-US","@id":"https:\/\/webknjizara.hr\/#\/schema\/logo\/image\/","url":"https:\/\/webknjizara.hr\/wp-content\/uploads\/2023\/01\/web-knjizara-logo.webp","contentUrl":"https:\/\/webknjizara.hr\/wp-content\/uploads\/2023\/01\/web-knjizara-logo.webp","width":324,"height":79,"caption":"REDAK D.O.O."},"image":{"@id":"https:\/\/webknjizara.hr\/#\/schema\/logo\/image\/"}}]}},"_links":{"self":[{"href":"https:\/\/webknjizara.hr\/en\/wp-json\/wp\/v2\/product\/7609","targetHints":{"allow":["GET"]}}],"collection":[{"href":"https:\/\/webknjizara.hr\/en\/wp-json\/wp\/v2\/product"}],"about":[{"href":"https:\/\/webknjizara.hr\/en\/wp-json\/wp\/v2\/types\/product"}],"replies":[{"embeddable":true,"href":"https:\/\/webknjizara.hr\/en\/wp-json\/wp\/v2\/comments?post=7609"}],"wp:featuredmedia":[{"embeddable":true,"href":"https:\/\/webknjizara.hr\/en\/wp-json\/wp\/v2\/media\/7610"}],"wp:attachment":[{"href":"https:\/\/webknjizara.hr\/en\/wp-json\/wp\/v2\/media?parent=7609"}],"wp:term":[{"taxonomy":"product_brand","embeddable":true,"href":"https:\/\/webknjizara.hr\/en\/wp-json\/wp\/v2\/product_brand?post=7609"},{"taxonomy":"product_cat","embeddable":true,"href":"https:\/\/webknjizara.hr\/en\/wp-json\/wp\/v2\/product_cat?post=7609"},{"taxonomy":"product_tag","embeddable":true,"href":"https:\/\/webknjizara.hr\/en\/wp-json\/wp\/v2\/product_tag?post=7609"}],"curies":[{"name":"wp","href":"https:\/\/api.w.org\/{rel}","templated":true}]}}