{"id":7601,"date":"2013-01-25T17:23:58","date_gmt":"2013-01-25T17:23:58","guid":{"rendered":"https:\/\/webknjizara.hr\/?product=kosinj-%e2%80%93-izvoriste-hrvatske-tiskane-rijeci-ivan-mance"},"modified":"2023-02-27T00:15:50","modified_gmt":"2023-02-26T23:15:50","slug":"kosinj-izvoriste-hrvatske-tiskane-rijeci-ivan-mance","status":"publish","type":"product","link":"https:\/\/webknjizara.hr\/en\/proizvod\/kosinj-izvoriste-hrvatske-tiskane-rijeci-ivan-mance\/","title":{"rendered":"KOSINJ \u2013 IZVORI\u0160TE HRVATSKE TISKANE RIJE\u010cI, Ivan Mance"},"content":{"rendered":"<div style=\"text-align: justify;\"><strong>Sa\u017eetak:<\/strong><\/p>\n<p>Kao podsjetnik na 530. obljetnicu prve tiskane knjige u Hrvata, Misala po zakonu rimskog dvora, 22. 02. 1483. (Editio princeps\/Prvotisak) u knjizi se obra\u0111uje problematika prve hrvatske tiskare za koju se pretpostavlja da je egzistirala upravo u Kosinju.<\/p>\n<p>Knjiga je podijeljena u dva dijela. Prvi dio obra\u0111uje Zvonimira Kulund\u017ei\u0107a i njegov znanstveni rad o Prvotisku te nastavno analizu i znanstvenu utemeljenost kosinjske teze i drugih teza o mjestu tiskanja Prvotiska. Drugi dio donosi do sad najopse\u017eniju kartografsku analizu Kosinja i kosinjskog kraja (u kontekstu tiskare), a gdje se obra\u0111uje pojavnost Kosinja na geografskim kartama od 16. st. do po\u010detka 20. st. Autor prona\u0161ao je i obradio Kosinj kroz ukupno 84 geografske karte, gdje je detektirao toponim Kosinj u 15 razli\u010ditih oblika, a \u0161to je svakako zna\u010dajan povijesni izvor pojavnosti Kosinja na starim geografskim kartama. \u0160to ta pojavnost Kosinja govori u kontekstu kosinjske tiskare, ostaje za pro\u010ditati u knjizi.<\/p>\n<p><strong>Bilje\u0161ka o autoru: <\/strong><\/p>\n<p>mr. sc. Ivan Mance, diplomirao 2005.god. na Visokoj \u0161koli za sigurnost u Zagrebu. Magistrirao 2011. god. na poslijediplomskom znanstvenom studiju Sveu\u010dili\u0161ta u Zagrebu, Fakultet organizacije i informatike u Vara\u017edinu, znanstveno podru\u010dje dru\u0161tvenih znanosti, znanstveno polje informacijske i komunikacijske znanosti.<\/p>\n<p>Ima vi\u0161egodi\u0161nje iskustvo na poslovima vo\u0111enja integralne sigurnosti, a stru\u010dni i znanstveni interes pronalazi i u istra\u017eivanju inkunabulistike te povijesti Like. 2015. godine dobio je\u00a0Dr\u017eavno priznanje za postignu\u0107a u za\u0161titi \u017eivota i zdravlja radnika na radu te unaprje\u0111enje sustava za\u0161tite na radu u Republici Hrvatskoj. Autor je i koautor 18 radova (dvije autorske knjige, jedna uredni\u010dka knjiga, osam znanstvenih te sedam stru\u010dnih radova).\u00a0<\/p><\/div>\n<div style=\"text-align: justify;\"><strong>Klju\u010dne rije\u010di: <\/strong>Kosinj, Misal 1483., Brevijar 1491., inkunabule, editio princeps, prvotisak, prva \u0161tamparija, prva tiskara, kartografija<\/p>\n<p><strong>Linkovi:<\/strong> <br \/><a href=\"https:\/\/tkojetko.irb.hr\/znanstvenikDetalji.php?sifznan=20516\" target=\"_blank\" rel=\"noopener noreferrer\">https:\/\/tkojetko.irb.hr\/znanstvenikDetalji.php?sifznan=20516<\/a><br \/><a href=\"http:\/\/bib.irb.hr\/lista-radova?autor=331516\" target=\"_blank\" rel=\"nofollow noopener noreferrer\">http:\/\/bib.irb.hr\/lista-radova?autor=331516<\/a>\u00a0<br \/><a href=\"https:\/\/www.facebook.com\/Kosinj.Izvoriste.Hrvatske.Tiskane.Rijeci\" target=\"_blank\" rel=\"noopener noreferrer\">Kosinj &#8211; Izvori\u0161te hrvatske tiskane rije\u010di<\/a><\/div>\n<div style=\"text-align: justify;\">\n<div class=\"MsoNormal\" style=\"mso-margin-top-alt: auto;\"><span style=\"font-size: 10pt;\"><a href=\"https:\/\/www.facebook.com\/redak.webknjizara\/photos\/a.187865557895660.57109.130088757006674\/1024263507589190\/?type=1&amp;theater\">\u00a0<\/a><\/span><\/div>\n<p><strong>E-mail:<\/strong> <a href=\"mailto:kosinj@gmail.com?subject=Kosinj\" target=\"_blank\" rel=\"noopener noreferrer\">Ivan Mance<\/a><\/p>\n<p><strong>Naslov:<\/strong> Kosinj \u2013 Izvori\u0161te hrvatske tiskane rije\u010di<br \/><strong>Autor: <\/strong>Ivan Mance<br \/><strong>Broj stranica:<\/strong> 222<br \/><strong>Nakladnik:<\/strong> REDAK<br \/><strong>Godina izdanja: <\/strong>2013.<br \/><strong>ISBN: <\/strong>978-953-336-028-7<br \/><strong>Tisak:<\/strong> digitalni tisak knjiga &#8211; print na zahtjev<\/div>\n<div style=\"text-align: justify;\">\u00a0<\/div>\n<div style=\"text-align: justify;\"><strong>Promocija:<\/strong> <a href=\"https:\/\/www.facebook.com\/photo.php?fbid=759240244091519&amp;set=a.187865557895660.57109.130088757006674&amp;type=1&amp;theater\" target=\"_blank\" rel=\"noopener noreferrer\">23. studenog 2013., Pu\u010dko otvoreno u\u010dili\u0161te &#8220;dr. Ante Star\u010devi\u0107&#8221;, Gospi\u0107, Ulica dr. Franje Tu\u0111mana 5, 18h<\/a><br \/><strong>Promocija:<\/strong> <a href=\"https:\/\/www.facebook.com\/redak.webknjizara\/photos\/a.187865557895660.57109.130088757006674\/1024263507589190\/?type=1&amp;theater\" target=\"_blank\" rel=\"noopener noreferrer\">30. sije\u010dnja 2015., Gradska knji\u017enica i \u010ditaonica, Po\u017eega, Ulica Antuna Kani\u017eli\u0107a 1, 17h<\/a><\/div>\n","protected":false},"excerpt":{"rendered":"<p>Sa\u017eetak: Kao podsjetnik na 530. obljetnicu prve tiskane knjige u Hrvata, Misala po zakonu rimskog dvora, 22. 02. 1483. (Editio princeps\/Prvotisak) u knjizi se obra\u0111uje problematika prve hrvatske tiskare za koju se pretpostavlja da je egzistirala upravo u Kosinju. Knjiga je podijeljena u dva dijela. Prvi dio obra\u0111uje Zvonimira Kulund\u017ei\u0107a i njegov znanstveni rad o [&hellip;]<\/p>\n","protected":false},"featured_media":7602,"comment_status":"open","ping_status":"closed","template":"","meta":{"_acf_changed":false},"product_brand":[],"product_cat":[1539],"product_tag":[],"class_list":{"0":"post-7601","1":"product","2":"type-product","3":"status-publish","4":"has-post-thumbnail","6":"product_cat-sveucilisni-udzbenici-i-prirucnici","7":"pa_autor-ivan-mance","8":"pa_nakladnik-redak","10":"first","11":"instock","12":"shipping-taxable","13":"purchasable","14":"product-type-simple"},"acf":[],"yoast_head":"<!-- This site is optimized with the Yoast SEO plugin v27.3 - https:\/\/yoast.com\/product\/yoast-seo-wordpress\/ -->\n<title>KOSINJ \u2013 IZVORI\u0160TE HRVATSKE TISKANE RIJE\u010cI, Ivan Mance - Web-knji\u017eara<\/title>\n<meta name=\"robots\" content=\"index, follow, max-snippet:-1, max-image-preview:large, max-video-preview:-1\" \/>\n<link rel=\"canonical\" href=\"https:\/\/webknjizara.hr\/proizvod\/kosinj-izvoriste-hrvatske-tiskane-rijeci-ivan-mance\/\" \/>\n<meta property=\"og:locale\" content=\"en_US\" \/>\n<meta property=\"og:type\" content=\"article\" \/>\n<meta property=\"og:title\" content=\"KOSINJ \u2013 IZVORI\u0160TE HRVATSKE TISKANE RIJE\u010cI, Ivan Mance - Web-knji\u017eara\" \/>\n<meta property=\"og:description\" content=\"Sa\u017eetak: Kao podsjetnik na 530. obljetnicu prve tiskane knjige u Hrvata, Misala po zakonu rimskog dvora, 22. 02. 1483. (Editio princeps\/Prvotisak) u knjizi se obra\u0111uje problematika prve hrvatske tiskare za koju se pretpostavlja da je egzistirala upravo u Kosinju. Knjiga je podijeljena u dva dijela. Prvi dio obra\u0111uje Zvonimira Kulund\u017ei\u0107a i njegov znanstveni rad o [&hellip;]\" \/>\n<meta property=\"og:url\" content=\"https:\/\/webknjizara.hr\/proizvod\/kosinj-izvoriste-hrvatske-tiskane-rijeci-ivan-mance\/\" \/>\n<meta property=\"og:site_name\" content=\"Web-knji\u017eara\" \/>\n<meta property=\"article:modified_time\" content=\"2023-02-26T23:15:50+00:00\" \/>\n<meta property=\"og:image\" content=\"https:\/\/webknjizara.hr\/wp-content\/uploads\/nc\/images\/virtuemart\/product\/kosinj-izvor-5102bfae86808-scaled.jpg\" \/>\n\t<meta property=\"og:image:width\" content=\"1793\" \/>\n\t<meta property=\"og:image:height\" content=\"2560\" \/>\n\t<meta property=\"og:image:type\" content=\"image\/jpeg\" \/>\n<meta name=\"twitter:card\" content=\"summary_large_image\" \/>\n<meta name=\"twitter:label1\" content=\"Est. reading time\" \/>\n\t<meta name=\"twitter:data1\" content=\"2 minutes\" \/>\n<script type=\"application\/ld+json\" class=\"yoast-schema-graph\">{\"@context\":\"https:\\\/\\\/schema.org\",\"@graph\":[{\"@type\":\"WebPage\",\"@id\":\"https:\\\/\\\/webknjizara.hr\\\/proizvod\\\/kosinj-izvoriste-hrvatske-tiskane-rijeci-ivan-mance\\\/\",\"url\":\"https:\\\/\\\/webknjizara.hr\\\/proizvod\\\/kosinj-izvoriste-hrvatske-tiskane-rijeci-ivan-mance\\\/\",\"name\":\"KOSINJ \u2013 IZVORI\u0160TE HRVATSKE TISKANE RIJE\u010cI, Ivan Mance - Web-knji\u017eara\",\"isPartOf\":{\"@id\":\"https:\\\/\\\/webknjizara.hr\\\/#website\"},\"primaryImageOfPage\":{\"@id\":\"https:\\\/\\\/webknjizara.hr\\\/proizvod\\\/kosinj-izvoriste-hrvatske-tiskane-rijeci-ivan-mance\\\/#primaryimage\"},\"image\":{\"@id\":\"https:\\\/\\\/webknjizara.hr\\\/proizvod\\\/kosinj-izvoriste-hrvatske-tiskane-rijeci-ivan-mance\\\/#primaryimage\"},\"thumbnailUrl\":\"https:\\\/\\\/webknjizara.hr\\\/wp-content\\\/uploads\\\/nc\\\/images\\\/virtuemart\\\/product\\\/kosinj-izvor-5102bfae86808-scaled.jpg\",\"datePublished\":\"2013-01-25T17:23:58+00:00\",\"dateModified\":\"2023-02-26T23:15:50+00:00\",\"breadcrumb\":{\"@id\":\"https:\\\/\\\/webknjizara.hr\\\/proizvod\\\/kosinj-izvoriste-hrvatske-tiskane-rijeci-ivan-mance\\\/#breadcrumb\"},\"inLanguage\":\"en-US\",\"potentialAction\":[{\"@type\":\"ReadAction\",\"target\":[\"https:\\\/\\\/webknjizara.hr\\\/proizvod\\\/kosinj-izvoriste-hrvatske-tiskane-rijeci-ivan-mance\\\/\"]}]},{\"@type\":\"ImageObject\",\"inLanguage\":\"en-US\",\"@id\":\"https:\\\/\\\/webknjizara.hr\\\/proizvod\\\/kosinj-izvoriste-hrvatske-tiskane-rijeci-ivan-mance\\\/#primaryimage\",\"url\":\"https:\\\/\\\/webknjizara.hr\\\/wp-content\\\/uploads\\\/nc\\\/images\\\/virtuemart\\\/product\\\/kosinj-izvor-5102bfae86808-scaled.jpg\",\"contentUrl\":\"https:\\\/\\\/webknjizara.hr\\\/wp-content\\\/uploads\\\/nc\\\/images\\\/virtuemart\\\/product\\\/kosinj-izvor-5102bfae86808-scaled.jpg\",\"width\":1793,\"height\":2560,\"caption\":\"KOSINJ \u2013 IZVORI\u0160TE HRVATSKE TISKANE RIJE\u010cI, Ivan Mance\"},{\"@type\":\"BreadcrumbList\",\"@id\":\"https:\\\/\\\/webknjizara.hr\\\/proizvod\\\/kosinj-izvoriste-hrvatske-tiskane-rijeci-ivan-mance\\\/#breadcrumb\",\"itemListElement\":[{\"@type\":\"ListItem\",\"position\":1,\"name\":\"Po\u010detna stranica\",\"item\":\"https:\\\/\\\/webknjizara.hr\\\/en\\\/\"},{\"@type\":\"ListItem\",\"position\":2,\"name\":\"Shop\",\"item\":\"https:\\\/\\\/webknjizara.hr\\\/shop\\\/\"},{\"@type\":\"ListItem\",\"position\":3,\"name\":\"KOSINJ \u2013 IZVORI\u0160TE HRVATSKE TISKANE RIJE\u010cI, Ivan Mance\"}]},{\"@type\":\"WebSite\",\"@id\":\"https:\\\/\\\/webknjizara.hr\\\/#website\",\"url\":\"https:\\\/\\\/webknjizara.hr\\\/\",\"name\":\"Web Knji\u017eara\",\"description\":\"\",\"publisher\":{\"@id\":\"https:\\\/\\\/webknjizara.hr\\\/#organization\"},\"potentialAction\":[{\"@type\":\"SearchAction\",\"target\":{\"@type\":\"EntryPoint\",\"urlTemplate\":\"https:\\\/\\\/webknjizara.hr\\\/?s={search_term_string}\"},\"query-input\":{\"@type\":\"PropertyValueSpecification\",\"valueRequired\":true,\"valueName\":\"search_term_string\"}}],\"inLanguage\":\"en-US\"},{\"@type\":\"Organization\",\"@id\":\"https:\\\/\\\/webknjizara.hr\\\/#organization\",\"name\":\"REDAK D.O.O.\",\"url\":\"https:\\\/\\\/webknjizara.hr\\\/\",\"logo\":{\"@type\":\"ImageObject\",\"inLanguage\":\"en-US\",\"@id\":\"https:\\\/\\\/webknjizara.hr\\\/#\\\/schema\\\/logo\\\/image\\\/\",\"url\":\"https:\\\/\\\/webknjizara.hr\\\/wp-content\\\/uploads\\\/2023\\\/01\\\/web-knjizara-logo.webp\",\"contentUrl\":\"https:\\\/\\\/webknjizara.hr\\\/wp-content\\\/uploads\\\/2023\\\/01\\\/web-knjizara-logo.webp\",\"width\":324,\"height\":79,\"caption\":\"REDAK D.O.O.\"},\"image\":{\"@id\":\"https:\\\/\\\/webknjizara.hr\\\/#\\\/schema\\\/logo\\\/image\\\/\"}}]}<\/script>\n<!-- \/ Yoast SEO plugin. -->","yoast_head_json":{"title":"KOSINJ \u2013 IZVORI\u0160TE HRVATSKE TISKANE RIJE\u010cI, Ivan Mance - Web-knji\u017eara","robots":{"index":"index","follow":"follow","max-snippet":"max-snippet:-1","max-image-preview":"max-image-preview:large","max-video-preview":"max-video-preview:-1"},"canonical":"https:\/\/webknjizara.hr\/proizvod\/kosinj-izvoriste-hrvatske-tiskane-rijeci-ivan-mance\/","og_locale":"en_US","og_type":"article","og_title":"KOSINJ \u2013 IZVORI\u0160TE HRVATSKE TISKANE RIJE\u010cI, Ivan Mance - Web-knji\u017eara","og_description":"Sa\u017eetak: Kao podsjetnik na 530. obljetnicu prve tiskane knjige u Hrvata, Misala po zakonu rimskog dvora, 22. 02. 1483. (Editio princeps\/Prvotisak) u knjizi se obra\u0111uje problematika prve hrvatske tiskare za koju se pretpostavlja da je egzistirala upravo u Kosinju. Knjiga je podijeljena u dva dijela. Prvi dio obra\u0111uje Zvonimira Kulund\u017ei\u0107a i njegov znanstveni rad o [&hellip;]","og_url":"https:\/\/webknjizara.hr\/proizvod\/kosinj-izvoriste-hrvatske-tiskane-rijeci-ivan-mance\/","og_site_name":"Web-knji\u017eara","article_modified_time":"2023-02-26T23:15:50+00:00","og_image":[{"width":1793,"height":2560,"url":"https:\/\/webknjizara.hr\/wp-content\/uploads\/nc\/images\/virtuemart\/product\/kosinj-izvor-5102bfae86808-scaled.jpg","type":"image\/jpeg"}],"twitter_card":"summary_large_image","twitter_misc":{"Est. reading time":"2 minutes"},"schema":{"@context":"https:\/\/schema.org","@graph":[{"@type":"WebPage","@id":"https:\/\/webknjizara.hr\/proizvod\/kosinj-izvoriste-hrvatske-tiskane-rijeci-ivan-mance\/","url":"https:\/\/webknjizara.hr\/proizvod\/kosinj-izvoriste-hrvatske-tiskane-rijeci-ivan-mance\/","name":"KOSINJ \u2013 IZVORI\u0160TE HRVATSKE TISKANE RIJE\u010cI, Ivan Mance - Web-knji\u017eara","isPartOf":{"@id":"https:\/\/webknjizara.hr\/#website"},"primaryImageOfPage":{"@id":"https:\/\/webknjizara.hr\/proizvod\/kosinj-izvoriste-hrvatske-tiskane-rijeci-ivan-mance\/#primaryimage"},"image":{"@id":"https:\/\/webknjizara.hr\/proizvod\/kosinj-izvoriste-hrvatske-tiskane-rijeci-ivan-mance\/#primaryimage"},"thumbnailUrl":"https:\/\/webknjizara.hr\/wp-content\/uploads\/nc\/images\/virtuemart\/product\/kosinj-izvor-5102bfae86808-scaled.jpg","datePublished":"2013-01-25T17:23:58+00:00","dateModified":"2023-02-26T23:15:50+00:00","breadcrumb":{"@id":"https:\/\/webknjizara.hr\/proizvod\/kosinj-izvoriste-hrvatske-tiskane-rijeci-ivan-mance\/#breadcrumb"},"inLanguage":"en-US","potentialAction":[{"@type":"ReadAction","target":["https:\/\/webknjizara.hr\/proizvod\/kosinj-izvoriste-hrvatske-tiskane-rijeci-ivan-mance\/"]}]},{"@type":"ImageObject","inLanguage":"en-US","@id":"https:\/\/webknjizara.hr\/proizvod\/kosinj-izvoriste-hrvatske-tiskane-rijeci-ivan-mance\/#primaryimage","url":"https:\/\/webknjizara.hr\/wp-content\/uploads\/nc\/images\/virtuemart\/product\/kosinj-izvor-5102bfae86808-scaled.jpg","contentUrl":"https:\/\/webknjizara.hr\/wp-content\/uploads\/nc\/images\/virtuemart\/product\/kosinj-izvor-5102bfae86808-scaled.jpg","width":1793,"height":2560,"caption":"KOSINJ \u2013 IZVORI\u0160TE HRVATSKE TISKANE RIJE\u010cI, Ivan Mance"},{"@type":"BreadcrumbList","@id":"https:\/\/webknjizara.hr\/proizvod\/kosinj-izvoriste-hrvatske-tiskane-rijeci-ivan-mance\/#breadcrumb","itemListElement":[{"@type":"ListItem","position":1,"name":"Po\u010detna stranica","item":"https:\/\/webknjizara.hr\/en\/"},{"@type":"ListItem","position":2,"name":"Shop","item":"https:\/\/webknjizara.hr\/shop\/"},{"@type":"ListItem","position":3,"name":"KOSINJ \u2013 IZVORI\u0160TE HRVATSKE TISKANE RIJE\u010cI, Ivan Mance"}]},{"@type":"WebSite","@id":"https:\/\/webknjizara.hr\/#website","url":"https:\/\/webknjizara.hr\/","name":"Web Knji\u017eara","description":"","publisher":{"@id":"https:\/\/webknjizara.hr\/#organization"},"potentialAction":[{"@type":"SearchAction","target":{"@type":"EntryPoint","urlTemplate":"https:\/\/webknjizara.hr\/?s={search_term_string}"},"query-input":{"@type":"PropertyValueSpecification","valueRequired":true,"valueName":"search_term_string"}}],"inLanguage":"en-US"},{"@type":"Organization","@id":"https:\/\/webknjizara.hr\/#organization","name":"REDAK D.O.O.","url":"https:\/\/webknjizara.hr\/","logo":{"@type":"ImageObject","inLanguage":"en-US","@id":"https:\/\/webknjizara.hr\/#\/schema\/logo\/image\/","url":"https:\/\/webknjizara.hr\/wp-content\/uploads\/2023\/01\/web-knjizara-logo.webp","contentUrl":"https:\/\/webknjizara.hr\/wp-content\/uploads\/2023\/01\/web-knjizara-logo.webp","width":324,"height":79,"caption":"REDAK D.O.O."},"image":{"@id":"https:\/\/webknjizara.hr\/#\/schema\/logo\/image\/"}}]}},"_links":{"self":[{"href":"https:\/\/webknjizara.hr\/en\/wp-json\/wp\/v2\/product\/7601","targetHints":{"allow":["GET"]}}],"collection":[{"href":"https:\/\/webknjizara.hr\/en\/wp-json\/wp\/v2\/product"}],"about":[{"href":"https:\/\/webknjizara.hr\/en\/wp-json\/wp\/v2\/types\/product"}],"replies":[{"embeddable":true,"href":"https:\/\/webknjizara.hr\/en\/wp-json\/wp\/v2\/comments?post=7601"}],"wp:featuredmedia":[{"embeddable":true,"href":"https:\/\/webknjizara.hr\/en\/wp-json\/wp\/v2\/media\/7602"}],"wp:attachment":[{"href":"https:\/\/webknjizara.hr\/en\/wp-json\/wp\/v2\/media?parent=7601"}],"wp:term":[{"taxonomy":"product_brand","embeddable":true,"href":"https:\/\/webknjizara.hr\/en\/wp-json\/wp\/v2\/product_brand?post=7601"},{"taxonomy":"product_cat","embeddable":true,"href":"https:\/\/webknjizara.hr\/en\/wp-json\/wp\/v2\/product_cat?post=7601"},{"taxonomy":"product_tag","embeddable":true,"href":"https:\/\/webknjizara.hr\/en\/wp-json\/wp\/v2\/product_tag?post=7601"}],"curies":[{"name":"wp","href":"https:\/\/api.w.org\/{rel}","templated":true}]}}