{"id":7597,"date":"2013-01-14T20:29:33","date_gmt":"2013-01-14T20:29:33","guid":{"rendered":"https:\/\/webknjizara.hr\/?product=informacijsko-komunikacijski-sistemi-i-tehnologije"},"modified":"2023-02-27T00:15:50","modified_gmt":"2023-02-26T23:15:50","slug":"informacijsko-komunikacijski-sistemi-i-tehnologije","status":"publish","type":"product","link":"https:\/\/webknjizara.hr\/en\/proizvod\/informacijsko-komunikacijski-sistemi-i-tehnologije\/","title":{"rendered":"INFORMACIJSKO-KOMUNIKACIJSKI SISTEMI I TEHNOLOGIJE"},"content":{"rendered":"<div style=\"text-align: justify;\"><strong><br \/>Sa\u017eetak:<\/strong><\/p>\n<p>Knjiga upoznaje studente sa suvremenim teorijskim i prakti\u010dnim aspektima upravlja\u010dkih informacijskih sistema i informacijskim tehnologijama. Informacijski sistem utje\u010de na menad\u017ement pomorske organizacije realizacijom jedne od osnovnih funkcija informacijskog sistema, a to je da osoblju i menad\u017eerima, snabdijevaju\u0107i ih potrebnim informacijama, omogu\u0107i efikasno istra\u017eivanje procesa i uvid u pona\u0161anje pomorske organizacije, tako da se mogu efikasnije i efektivnije koristiti svojim vje\u0161tinama izvr\u0161enja zadataka, planiranja, organiziranja, vo\u0111enja i kontroliranja, kako bi postigli po\u017eeljan razvoj, rast i prosperitet organizacije. Namijenjena je studentima Visoke \u0161kole za inspekcijski i kadrovski menad\u017ement u Splitu.<\/p>\n<p>The book introduces students to contemporary theoretical and practical aspects of management information systems and information technologies. Information system affects the management of a maritime organization by implementing one of the basic functions of the information system, and that is to provide relevant information to staff and managers, thereby enabling an effective research of the processes and an insight into the behavior of the maritime organization, so that the skills of executing tasks, planning, organization, management and control can be efficiently and effectively used in order to achieve a desirable development, growth and prosperity of the organization. The book is intended for students of the University College of Inspection and Personnel Management in Maritime Affairs in Split.<\/p>\n<p>Information systems, data organization, BSP studies, structural system analysis, information system of a company in the Internet environment.<\/p>\n<p><strong>Bilje\u0161ka o autorima:<\/strong><\/p>\n<p><strong>Ph.D. Djordje Nadrljanski<\/strong>, scientific field: Computer Science and Information Technology, courses: Management Information Systems, Information Systems, Methodology of Scientific Research and IT in Education. He graduated from technical school and completed his university studies in 1968.\u00a0 He got his master&#8217;s degree at The Faculty of Mechanical Engineering in Belgrade in 1973. He defended his PhD thesis in Cybernetics and Information Science at the Faculty of Political Sciences in Belgrade in 1977. He was elected full professor in the scientific field of Computer Science and Information Technology in 1984. Ph.D. Djordje Nadrljanski has a rich scientific and professional work, being the author of 62 books (more than 300 scientific papers and 70 projects in the field of Computer Science). He supervised 22 doctoral dissertations, 46 master&#8217;s theses and 15 specialized papers and was a mentor for about 250 theses. He has lectured as a visiting professor at the regular and postgraduate studies in Computer Science at the faculties of Novi Sad, Belgrade, Rijeka, Split, Zadar, Osijek and Zagreb.<\/p>\n<p><strong>Dr.sc. \u0110or\u0111e Nadrljanski<\/strong>, znanstveno polje: informatika i informacijske tehnologije; kolegiji: Menad\u017ement informacijskih sistema, Informacijski sistemi, Metodologija znanstvenog rada i Informatika u obrazovanju. Diplomirao je na Fakultetu strojarstva u Beogradu 1968., a magistrirao 1973. Obranio je doktorsku disertaciju u podru\u010dju kibernetike i informacijskih znanosti na Fakultetu politi\u010dkih znanosti u Beogradu 1977. 1984. je izabran za redovitog profesora u znanstvenom podru\u010dju informatika i informacijske tehnologije. Dr.sc. \u0110or\u0111e Nadrljanski ima bogat znanstveni i stru\u010dni opus; autor je 62 knjige (vi\u0161e od 300 znanstvenih radova i 70 projekata u podru\u010dju informatike). Nadzirao je 22 doktorske disertacije, 46 magistarskih radova i 15 stru\u010dnih radova te je bio mentor na oko 250 radova. Predavao je kao gostuju\u0107i profesor na redovnim i poslijediplomskim studijima informatike na fakultetima u Novom Sadu, Beogradu, Rijeci, Splitu, Zadru, Osijeku i Zagrebu.<\/p>\n<p><strong>PhD Mila Nadrljanski, Rogulji\u0107<\/strong>, an associate professor; scientific field: Computer Science and Information Technology; Information Science \u2013 Communications. Graduated from the Faculty of Electrical Engineering, Mechanical Engineering and Naval Architecture in Split in 1984 and defended her MA thesis in the course of Automatics in 1994. In 2006 she earned an academic title of a Doctor of Information Science in the field of Communications. In 2011 she was elected to the academic title at the position of associate professor, the area of Social Sciences, the field of Information Science, a branch of Communication Studies. Ph.D. Mila Nadrljanski has a rich scientific and professional work, being the author of 20 books and more than 100 scientific papers.<\/p>\n<p><strong>Dr.sc. Mila Nadrljanski, Rogulji\u0107<\/strong>, izvanredni profesor, znanstveno polje: informatika i informacijske tehnologije, informacijske znanosti, grana komunikologija. Diplomirala je na Fakultetu elektrotehnike, strojarstva i brodogradnje u Splitu 1984. i obranila magistarski rad u polju Automatike 1994. 2006. je dobila akademsku titulu doktora informacijskih znanosti, grana komunikologija. U 2011 je izabrana za akademsku titulu izvanrednog profesora, podru\u010dje dru\u0161tvenih znanosti, polje informacijskih znanosti, grana komunikologija. Dr.sc. Mila Nadrljanski ima bogat znanstveni i stru\u010dni opus; autor je 20 knjiga i vi\u0161e od 100 znanstvenih i stru\u010dnih radova. Trenutno radi na Pomorskom fakultetu u Splitu.<\/p>\n<p><strong>Klju\u010dne rije\u010di: <\/strong><br \/>Informacijski sistemi, organizacija podataka, BSP studija, strukturna sistemska analiza, informacijski sistem tvrtke u internet okru\u017eenju.<br \/>Information systems, data organization, BSP studies, structural system analysis, information system of a company in the Internet environment<\/p>\n<p><strong>E-mail: <\/strong><a href=\"mailto:milamika60@yahoo.com?subject=Informacijsko-komunikacijski%20sustavi\">Mila Nadrljanski<\/a><\/p>\n<p><strong>Naslov:<\/strong> INFORMACIJSKO-KOMUNIKACIJSKI SISTEMI I TEHNOLOGIJE<br \/><strong>Autor: <\/strong>Mila Nadrljanski, \u0110or\u0111e Nadrljanski<br \/><strong>Broj stranica:<\/strong> 186<br \/><strong>Nakladnik:<\/strong> REDAK<br \/><strong>Godina izdanja:<\/strong> 2012.<br \/><strong>ISBN:<\/strong> 978-953-336-021-8<br \/><strong>Tisak:<\/strong> digitalni tisak knjiga &#8211; print na zahtjev<\/div>\n","protected":false},"excerpt":{"rendered":"<p>Sa\u017eetak: Knjiga upoznaje studente sa suvremenim teorijskim i prakti\u010dnim aspektima upravlja\u010dkih informacijskih sistema i informacijskim tehnologijama. Informacijski sistem utje\u010de na menad\u017ement pomorske organizacije realizacijom jedne od osnovnih funkcija informacijskog sistema, a to je da osoblju i menad\u017eerima, snabdijevaju\u0107i ih potrebnim informacijama, omogu\u0107i efikasno istra\u017eivanje procesa i uvid u pona\u0161anje pomorske organizacije, tako da se mogu [&hellip;]<\/p>\n","protected":false},"featured_media":7598,"comment_status":"open","ping_status":"closed","template":"","meta":{"_acf_changed":false},"product_brand":[],"product_cat":[1517,1390],"product_tag":[],"class_list":{"0":"post-7597","1":"product","2":"type-product","3":"status-publish","4":"has-post-thumbnail","6":"product_cat-strucna-literatura","7":"product_cat-drustvene-znanosti","8":"pa_autor-u-obradi","9":"pa_nakladnik-redak","11":"first","12":"instock","13":"shipping-taxable","14":"purchasable","15":"product-type-simple"},"acf":[],"yoast_head":"<!-- This site is optimized with the Yoast SEO plugin v27.3 - https:\/\/yoast.com\/product\/yoast-seo-wordpress\/ -->\n<title>INFORMACIJSKO-KOMUNIKACIJSKI SISTEMI I TEHNOLOGIJE - Web-knji\u017eara<\/title>\n<meta name=\"robots\" content=\"index, follow, max-snippet:-1, max-image-preview:large, max-video-preview:-1\" \/>\n<link rel=\"canonical\" href=\"https:\/\/webknjizara.hr\/proizvod\/informacijsko-komunikacijski-sistemi-i-tehnologije\/\" \/>\n<meta property=\"og:locale\" content=\"en_US\" \/>\n<meta property=\"og:type\" content=\"article\" \/>\n<meta property=\"og:title\" content=\"INFORMACIJSKO-KOMUNIKACIJSKI SISTEMI I TEHNOLOGIJE - Web-knji\u017eara\" \/>\n<meta property=\"og:description\" content=\"Sa\u017eetak: Knjiga upoznaje studente sa suvremenim teorijskim i prakti\u010dnim aspektima upravlja\u010dkih informacijskih sistema i informacijskim tehnologijama. Informacijski sistem utje\u010de na menad\u017ement pomorske organizacije realizacijom jedne od osnovnih funkcija informacijskog sistema, a to je da osoblju i menad\u017eerima, snabdijevaju\u0107i ih potrebnim informacijama, omogu\u0107i efikasno istra\u017eivanje procesa i uvid u pona\u0161anje pomorske organizacije, tako da se mogu [&hellip;]\" \/>\n<meta property=\"og:url\" content=\"https:\/\/webknjizara.hr\/proizvod\/informacijsko-komunikacijski-sistemi-i-tehnologije\/\" \/>\n<meta property=\"og:site_name\" content=\"Web-knji\u017eara\" \/>\n<meta property=\"article:modified_time\" content=\"2023-02-26T23:15:50+00:00\" \/>\n<meta property=\"og:image\" content=\"https:\/\/webknjizara.hr\/wp-content\/uploads\/nc\/images\/virtuemart\/product\/informacijsko-ko-50f46aad68a5a.jpg\" \/>\n\t<meta property=\"og:image:width\" content=\"452\" \/>\n\t<meta property=\"og:image:height\" content=\"623\" \/>\n\t<meta property=\"og:image:type\" content=\"image\/jpeg\" \/>\n<meta name=\"twitter:card\" content=\"summary_large_image\" \/>\n<meta name=\"twitter:label1\" content=\"Est. reading time\" \/>\n\t<meta name=\"twitter:data1\" content=\"4 minutes\" \/>\n<script type=\"application\/ld+json\" class=\"yoast-schema-graph\">{\"@context\":\"https:\\\/\\\/schema.org\",\"@graph\":[{\"@type\":\"WebPage\",\"@id\":\"https:\\\/\\\/webknjizara.hr\\\/proizvod\\\/informacijsko-komunikacijski-sistemi-i-tehnologije\\\/\",\"url\":\"https:\\\/\\\/webknjizara.hr\\\/proizvod\\\/informacijsko-komunikacijski-sistemi-i-tehnologije\\\/\",\"name\":\"INFORMACIJSKO-KOMUNIKACIJSKI SISTEMI I TEHNOLOGIJE - Web-knji\u017eara\",\"isPartOf\":{\"@id\":\"https:\\\/\\\/webknjizara.hr\\\/#website\"},\"primaryImageOfPage\":{\"@id\":\"https:\\\/\\\/webknjizara.hr\\\/proizvod\\\/informacijsko-komunikacijski-sistemi-i-tehnologije\\\/#primaryimage\"},\"image\":{\"@id\":\"https:\\\/\\\/webknjizara.hr\\\/proizvod\\\/informacijsko-komunikacijski-sistemi-i-tehnologije\\\/#primaryimage\"},\"thumbnailUrl\":\"https:\\\/\\\/webknjizara.hr\\\/wp-content\\\/uploads\\\/nc\\\/images\\\/virtuemart\\\/product\\\/informacijsko-ko-50f46aad68a5a.jpg\",\"datePublished\":\"2013-01-14T20:29:33+00:00\",\"dateModified\":\"2023-02-26T23:15:50+00:00\",\"breadcrumb\":{\"@id\":\"https:\\\/\\\/webknjizara.hr\\\/proizvod\\\/informacijsko-komunikacijski-sistemi-i-tehnologije\\\/#breadcrumb\"},\"inLanguage\":\"en-US\",\"potentialAction\":[{\"@type\":\"ReadAction\",\"target\":[\"https:\\\/\\\/webknjizara.hr\\\/proizvod\\\/informacijsko-komunikacijski-sistemi-i-tehnologije\\\/\"]}]},{\"@type\":\"ImageObject\",\"inLanguage\":\"en-US\",\"@id\":\"https:\\\/\\\/webknjizara.hr\\\/proizvod\\\/informacijsko-komunikacijski-sistemi-i-tehnologije\\\/#primaryimage\",\"url\":\"https:\\\/\\\/webknjizara.hr\\\/wp-content\\\/uploads\\\/nc\\\/images\\\/virtuemart\\\/product\\\/informacijsko-ko-50f46aad68a5a.jpg\",\"contentUrl\":\"https:\\\/\\\/webknjizara.hr\\\/wp-content\\\/uploads\\\/nc\\\/images\\\/virtuemart\\\/product\\\/informacijsko-ko-50f46aad68a5a.jpg\",\"width\":452,\"height\":623,\"caption\":\"INFORMACIJSKO-KOMUNIKACIJSKI SISTEMI I TEHNOLOGIJE\"},{\"@type\":\"BreadcrumbList\",\"@id\":\"https:\\\/\\\/webknjizara.hr\\\/proizvod\\\/informacijsko-komunikacijski-sistemi-i-tehnologije\\\/#breadcrumb\",\"itemListElement\":[{\"@type\":\"ListItem\",\"position\":1,\"name\":\"Po\u010detna stranica\",\"item\":\"https:\\\/\\\/webknjizara.hr\\\/en\\\/\"},{\"@type\":\"ListItem\",\"position\":2,\"name\":\"Shop\",\"item\":\"https:\\\/\\\/webknjizara.hr\\\/shop\\\/\"},{\"@type\":\"ListItem\",\"position\":3,\"name\":\"INFORMACIJSKO-KOMUNIKACIJSKI SISTEMI I TEHNOLOGIJE\"}]},{\"@type\":\"WebSite\",\"@id\":\"https:\\\/\\\/webknjizara.hr\\\/#website\",\"url\":\"https:\\\/\\\/webknjizara.hr\\\/\",\"name\":\"Web Knji\u017eara\",\"description\":\"\",\"publisher\":{\"@id\":\"https:\\\/\\\/webknjizara.hr\\\/#organization\"},\"potentialAction\":[{\"@type\":\"SearchAction\",\"target\":{\"@type\":\"EntryPoint\",\"urlTemplate\":\"https:\\\/\\\/webknjizara.hr\\\/?s={search_term_string}\"},\"query-input\":{\"@type\":\"PropertyValueSpecification\",\"valueRequired\":true,\"valueName\":\"search_term_string\"}}],\"inLanguage\":\"en-US\"},{\"@type\":\"Organization\",\"@id\":\"https:\\\/\\\/webknjizara.hr\\\/#organization\",\"name\":\"REDAK D.O.O.\",\"url\":\"https:\\\/\\\/webknjizara.hr\\\/\",\"logo\":{\"@type\":\"ImageObject\",\"inLanguage\":\"en-US\",\"@id\":\"https:\\\/\\\/webknjizara.hr\\\/#\\\/schema\\\/logo\\\/image\\\/\",\"url\":\"https:\\\/\\\/webknjizara.hr\\\/wp-content\\\/uploads\\\/2023\\\/01\\\/web-knjizara-logo.webp\",\"contentUrl\":\"https:\\\/\\\/webknjizara.hr\\\/wp-content\\\/uploads\\\/2023\\\/01\\\/web-knjizara-logo.webp\",\"width\":324,\"height\":79,\"caption\":\"REDAK D.O.O.\"},\"image\":{\"@id\":\"https:\\\/\\\/webknjizara.hr\\\/#\\\/schema\\\/logo\\\/image\\\/\"}}]}<\/script>\n<!-- \/ Yoast SEO plugin. -->","yoast_head_json":{"title":"INFORMACIJSKO-KOMUNIKACIJSKI SISTEMI I TEHNOLOGIJE - Web-knji\u017eara","robots":{"index":"index","follow":"follow","max-snippet":"max-snippet:-1","max-image-preview":"max-image-preview:large","max-video-preview":"max-video-preview:-1"},"canonical":"https:\/\/webknjizara.hr\/proizvod\/informacijsko-komunikacijski-sistemi-i-tehnologije\/","og_locale":"en_US","og_type":"article","og_title":"INFORMACIJSKO-KOMUNIKACIJSKI SISTEMI I TEHNOLOGIJE - Web-knji\u017eara","og_description":"Sa\u017eetak: Knjiga upoznaje studente sa suvremenim teorijskim i prakti\u010dnim aspektima upravlja\u010dkih informacijskih sistema i informacijskim tehnologijama. Informacijski sistem utje\u010de na menad\u017ement pomorske organizacije realizacijom jedne od osnovnih funkcija informacijskog sistema, a to je da osoblju i menad\u017eerima, snabdijevaju\u0107i ih potrebnim informacijama, omogu\u0107i efikasno istra\u017eivanje procesa i uvid u pona\u0161anje pomorske organizacije, tako da se mogu [&hellip;]","og_url":"https:\/\/webknjizara.hr\/proizvod\/informacijsko-komunikacijski-sistemi-i-tehnologije\/","og_site_name":"Web-knji\u017eara","article_modified_time":"2023-02-26T23:15:50+00:00","og_image":[{"width":452,"height":623,"url":"https:\/\/webknjizara.hr\/wp-content\/uploads\/nc\/images\/virtuemart\/product\/informacijsko-ko-50f46aad68a5a.jpg","type":"image\/jpeg"}],"twitter_card":"summary_large_image","twitter_misc":{"Est. reading time":"4 minutes"},"schema":{"@context":"https:\/\/schema.org","@graph":[{"@type":"WebPage","@id":"https:\/\/webknjizara.hr\/proizvod\/informacijsko-komunikacijski-sistemi-i-tehnologije\/","url":"https:\/\/webknjizara.hr\/proizvod\/informacijsko-komunikacijski-sistemi-i-tehnologije\/","name":"INFORMACIJSKO-KOMUNIKACIJSKI SISTEMI I TEHNOLOGIJE - Web-knji\u017eara","isPartOf":{"@id":"https:\/\/webknjizara.hr\/#website"},"primaryImageOfPage":{"@id":"https:\/\/webknjizara.hr\/proizvod\/informacijsko-komunikacijski-sistemi-i-tehnologije\/#primaryimage"},"image":{"@id":"https:\/\/webknjizara.hr\/proizvod\/informacijsko-komunikacijski-sistemi-i-tehnologije\/#primaryimage"},"thumbnailUrl":"https:\/\/webknjizara.hr\/wp-content\/uploads\/nc\/images\/virtuemart\/product\/informacijsko-ko-50f46aad68a5a.jpg","datePublished":"2013-01-14T20:29:33+00:00","dateModified":"2023-02-26T23:15:50+00:00","breadcrumb":{"@id":"https:\/\/webknjizara.hr\/proizvod\/informacijsko-komunikacijski-sistemi-i-tehnologije\/#breadcrumb"},"inLanguage":"en-US","potentialAction":[{"@type":"ReadAction","target":["https:\/\/webknjizara.hr\/proizvod\/informacijsko-komunikacijski-sistemi-i-tehnologije\/"]}]},{"@type":"ImageObject","inLanguage":"en-US","@id":"https:\/\/webknjizara.hr\/proizvod\/informacijsko-komunikacijski-sistemi-i-tehnologije\/#primaryimage","url":"https:\/\/webknjizara.hr\/wp-content\/uploads\/nc\/images\/virtuemart\/product\/informacijsko-ko-50f46aad68a5a.jpg","contentUrl":"https:\/\/webknjizara.hr\/wp-content\/uploads\/nc\/images\/virtuemart\/product\/informacijsko-ko-50f46aad68a5a.jpg","width":452,"height":623,"caption":"INFORMACIJSKO-KOMUNIKACIJSKI SISTEMI I TEHNOLOGIJE"},{"@type":"BreadcrumbList","@id":"https:\/\/webknjizara.hr\/proizvod\/informacijsko-komunikacijski-sistemi-i-tehnologije\/#breadcrumb","itemListElement":[{"@type":"ListItem","position":1,"name":"Po\u010detna stranica","item":"https:\/\/webknjizara.hr\/en\/"},{"@type":"ListItem","position":2,"name":"Shop","item":"https:\/\/webknjizara.hr\/shop\/"},{"@type":"ListItem","position":3,"name":"INFORMACIJSKO-KOMUNIKACIJSKI SISTEMI I TEHNOLOGIJE"}]},{"@type":"WebSite","@id":"https:\/\/webknjizara.hr\/#website","url":"https:\/\/webknjizara.hr\/","name":"Web Knji\u017eara","description":"","publisher":{"@id":"https:\/\/webknjizara.hr\/#organization"},"potentialAction":[{"@type":"SearchAction","target":{"@type":"EntryPoint","urlTemplate":"https:\/\/webknjizara.hr\/?s={search_term_string}"},"query-input":{"@type":"PropertyValueSpecification","valueRequired":true,"valueName":"search_term_string"}}],"inLanguage":"en-US"},{"@type":"Organization","@id":"https:\/\/webknjizara.hr\/#organization","name":"REDAK D.O.O.","url":"https:\/\/webknjizara.hr\/","logo":{"@type":"ImageObject","inLanguage":"en-US","@id":"https:\/\/webknjizara.hr\/#\/schema\/logo\/image\/","url":"https:\/\/webknjizara.hr\/wp-content\/uploads\/2023\/01\/web-knjizara-logo.webp","contentUrl":"https:\/\/webknjizara.hr\/wp-content\/uploads\/2023\/01\/web-knjizara-logo.webp","width":324,"height":79,"caption":"REDAK D.O.O."},"image":{"@id":"https:\/\/webknjizara.hr\/#\/schema\/logo\/image\/"}}]}},"_links":{"self":[{"href":"https:\/\/webknjizara.hr\/en\/wp-json\/wp\/v2\/product\/7597","targetHints":{"allow":["GET"]}}],"collection":[{"href":"https:\/\/webknjizara.hr\/en\/wp-json\/wp\/v2\/product"}],"about":[{"href":"https:\/\/webknjizara.hr\/en\/wp-json\/wp\/v2\/types\/product"}],"replies":[{"embeddable":true,"href":"https:\/\/webknjizara.hr\/en\/wp-json\/wp\/v2\/comments?post=7597"}],"wp:featuredmedia":[{"embeddable":true,"href":"https:\/\/webknjizara.hr\/en\/wp-json\/wp\/v2\/media\/7598"}],"wp:attachment":[{"href":"https:\/\/webknjizara.hr\/en\/wp-json\/wp\/v2\/media?parent=7597"}],"wp:term":[{"taxonomy":"product_brand","embeddable":true,"href":"https:\/\/webknjizara.hr\/en\/wp-json\/wp\/v2\/product_brand?post=7597"},{"taxonomy":"product_cat","embeddable":true,"href":"https:\/\/webknjizara.hr\/en\/wp-json\/wp\/v2\/product_cat?post=7597"},{"taxonomy":"product_tag","embeddable":true,"href":"https:\/\/webknjizara.hr\/en\/wp-json\/wp\/v2\/product_tag?post=7597"}],"curies":[{"name":"wp","href":"https:\/\/api.w.org\/{rel}","templated":true}]}}