{"id":7595,"date":"2013-01-13T17:45:42","date_gmt":"2013-01-13T17:45:42","guid":{"rendered":"https:\/\/webknjizara.hr\/?product=informatika-mila-nadrljanski-dorde-nadrljanski"},"modified":"2023-02-27T00:15:50","modified_gmt":"2023-02-26T23:15:50","slug":"informatika-mila-nadrljanski-dorde-nadrljanski","status":"publish","type":"product","link":"https:\/\/webknjizara.hr\/en\/proizvod\/informatika-mila-nadrljanski-dorde-nadrljanski\/","title":{"rendered":"INFORMATIKA, Mila Nadrljanski, \u0110or\u0111e Nadrljanski"},"content":{"rendered":"<div style=\"text-align: justify;\"><strong><br \/>Sa\u017eetak:<\/strong><\/p>\n<p>Knjiga obuhva\u0107a osnovne pojmove informatike i princip rada elekroni\u010dkog ra\u010dunala. Namijenjena je studentima Pomorskog fakulteta u Splitu i Visoke \u0161kole za inspekcijski i kadrovski menad\u017ement u Splitu. U knjizi je prikazan razvoj ra\u010dunala kroz povijest, matemati\u010dke osnove, kodiranje, logi\u010dka algebra, algoritmi, programiranje te osnove rada u MS Wordu, Excelu i Power Pointu. Naglasak je na prakti\u010dnom radu na ra\u010dunalu. The book covers the basic concepts of computer science and working principle of the computer. It is intended for students of the Faculty of Maritime Studies in Split and of the University College of Inspection and Personnel Management in Maritime Affairs in Split. The book gives a historical overview of the development of computers and presents the basics of mathematics, encoding, Boolean algebra, algorithms, programming, and the basics of working in MS Word, Excel and Power Point. The emphasis is on practical work on the computer.<\/p>\n<p><strong>Bilje\u0161ka o autorima: <\/strong><\/p>\n<p><strong>Ph.D. Djordje Nadrljanski,<\/strong> scientific field: Computer Science and Information Technology, courses: Management Information Systems, Information Systems, Methodology of Scientific Research and IT in Education. He graduated from technical school and completed his university studies in 1968.\u00a0 He got his master&#8217;s degree at The Faculty of Mechanical Engineering in Belgrade in 1973. He defended his PhD thesis in Cybernetics and Information Science at the Faculty of Political Sciences in Belgrade in 1977. He was elected full professor in the scientific field of Computer Science and Information Technology in 1984. Ph.D. Djordje Nadrljanski has a rich scientific and professional work, being the author of 62 books (more than 300 scientific papers and 70 projects in the field of Computer Science). He supervised 22 doctoral dissertations, 46 master&#8217;s theses and 15 specialized papers and was a mentor for about 250 theses. He has lectured as a visiting professor at the regular and postgraduate studies in Computer Science at the faculties of Novi Sad, Belgrade, Rijeka, Split, Zadar, Osijek and Zagreb.<\/p>\n<p><strong>Dr.sc. \u0110or\u0111e Nadrljanski<\/strong>, znanstveno polje: informatika i informacijske tehnologije; kolegiji: Menad\u017ement informacijskih sistema, Informacijski sistemi, Metodologija znanstvenog rada i Informatika u obrazovanju. Diplomirao je na Fakultetu strojarstva u Beogradu 1968., a magistrirao 1973. Obranio je doktorsku disertaciju u podru\u010dju kibernetike i informacijskih znanosti na Fakultetu politi\u010dkih znanosti u Beogradu 1977. 1984. je izabran za redovitog profesora u znanstvenom podru\u010dju informatika i informacijske tehnologije. Dr.sc. \u0110or\u0111e Nadrljanski ima bogat znanstveni i stru\u010dni opus; autor je 62 knjige (vi\u0161e od 300 znanstvenih radova i 70 projekata u podru\u010dju informatike). Nadzirao je 22 doktorske disertacije, 46 magistarskih radova i 15 stru\u010dnih radova te je bio mentor na oko 250 radova. Predavao je kao gostuju\u0107i profesor na redovnim i poslijediplomskim studijima informatike na fakultetima u Novom Sadu, Beogradu, Rijeci, Splitu, Zadru, Osijeku i Zagrebu.<\/p>\n<p><strong>PhD Mila Nadrljanski, Rogulji\u0107<\/strong>, an associate professor; scientific field: Computer Science and Information Technology; Information Science \u2013 Communications. Graduated from the Faculty of Electrical Engineering, Mechanical Engineering and Naval Architecture in Split in 1984 and defended her MA thesis in the course of Automatics in 1994. In 2006 she earned an academic title of a Doctor of Information Science in the field of Communications. In 2011 she was elected to the academic title at the position of associate professor, the area of Social Sciences, the field of Information Science, a branch of Communication Studies. Ph.D. Mila Nadrljanski has a rich scientific and professional work, being the author of 20 books and more than 100 scientific papers.<\/p>\n<p><strong>Dr.sc. Mila Nadrljanski, Rogulji\u0107<\/strong>, izvanredni profesor, znanstveno polje: informatika i informacijske tehnologije, informacijske znanosti, grana komunikologija. Diplomirala je na Fakultetu elektrotehnike, strojarstva i brodogradnje u Splitu 1984. i obranila magistarski rad u polju Automatike 1994. 2006. je dobila akademsku titulu doktora informacijskih znanosti, grana komunikologija. U 2011 je izabrana za akademsku titulu izvanrednog profesora, podru\u010dje dru\u0161tvenih znanosti, polje informacijskih znanosti, grana komunikologija. Dr.sc. Mila Nadrljanski ima bogat znanstveni i stru\u010dni opus; autor je 20 knjiga i vi\u0161e od 100 znanstvenih i stru\u010dnih radova. Trenutno radi na Pomorskom fakultetu u Splitu.<\/p>\n<p><strong>Klju\u010dne rije\u010di: <\/strong><br \/>informatika, ra\u010dunalo, multimedija, programiranje, MS Word, MS Excel, MS Power Point<br \/>computer science, computer, multimedia, programming, MS Word, MS Excel, MS Power Point<\/p>\n<p><strong>E-mail: <\/strong><a href=\"mailto:milamika60@yahoo.com?subject=Informatika\">Mila Nadrljanski<\/a><\/p>\n<p><strong>Naslov:<\/strong> Informatika<br \/><strong>Autor:<\/strong> Mila Nadrljanski, \u0110or\u0111e Nadrljanski<br \/><strong>Broj stranica:<\/strong> 208<br \/><strong>Nakladnik:<\/strong> REDAK<br \/><strong>Godina izdanja:<\/strong> 2012.<br \/><strong>ISBN:<\/strong> 978-953-336-015-7<br \/><strong>Tisak:<\/strong> digitalni tisak knjiga &#8211; print na zahtjev<\/div>\n","protected":false},"excerpt":{"rendered":"<p>Sa\u017eetak: Knjiga obuhva\u0107a osnovne pojmove informatike i princip rada elekroni\u010dkog ra\u010dunala. Namijenjena je studentima Pomorskog fakulteta u Splitu i Visoke \u0161kole za inspekcijski i kadrovski menad\u017ement u Splitu. U knjizi je prikazan razvoj ra\u010dunala kroz povijest, matemati\u010dke osnove, kodiranje, logi\u010dka algebra, algoritmi, programiranje te osnove rada u MS Wordu, Excelu i Power Pointu. Naglasak je [&hellip;]<\/p>\n","protected":false},"featured_media":7596,"comment_status":"open","ping_status":"closed","template":"","meta":{"_acf_changed":false},"product_brand":[],"product_cat":[1517,1390],"product_tag":[],"class_list":{"0":"post-7595","1":"product","2":"type-product","3":"status-publish","4":"has-post-thumbnail","6":"product_cat-strucna-literatura","7":"product_cat-drustvene-znanosti","8":"pa_autor-dorde-nadrljanski","9":"pa_autor-mila-nadrljanski","10":"pa_nakladnik-redak","12":"first","13":"instock","14":"shipping-taxable","15":"purchasable","16":"product-type-simple"},"acf":[],"yoast_head":"<!-- This site is optimized with the Yoast SEO plugin v27.3 - https:\/\/yoast.com\/product\/yoast-seo-wordpress\/ -->\n<title>INFORMATIKA, Mila Nadrljanski, \u0110or\u0111e Nadrljanski - Web-knji\u017eara<\/title>\n<meta name=\"robots\" content=\"index, follow, max-snippet:-1, max-image-preview:large, max-video-preview:-1\" \/>\n<link rel=\"canonical\" href=\"https:\/\/webknjizara.hr\/proizvod\/informatika-mila-nadrljanski-dorde-nadrljanski\/\" \/>\n<meta property=\"og:locale\" content=\"en_US\" \/>\n<meta property=\"og:type\" content=\"article\" \/>\n<meta property=\"og:title\" content=\"INFORMATIKA, Mila Nadrljanski, \u0110or\u0111e Nadrljanski - Web-knji\u017eara\" \/>\n<meta property=\"og:description\" content=\"Sa\u017eetak: Knjiga obuhva\u0107a osnovne pojmove informatike i princip rada elekroni\u010dkog ra\u010dunala. Namijenjena je studentima Pomorskog fakulteta u Splitu i Visoke \u0161kole za inspekcijski i kadrovski menad\u017ement u Splitu. U knjizi je prikazan razvoj ra\u010dunala kroz povijest, matemati\u010dke osnove, kodiranje, logi\u010dka algebra, algoritmi, programiranje te osnove rada u MS Wordu, Excelu i Power Pointu. Naglasak je [&hellip;]\" \/>\n<meta property=\"og:url\" content=\"https:\/\/webknjizara.hr\/proizvod\/informatika-mila-nadrljanski-dorde-nadrljanski\/\" \/>\n<meta property=\"og:site_name\" content=\"Web-knji\u017eara\" \/>\n<meta property=\"article:modified_time\" content=\"2023-02-26T23:15:50+00:00\" \/>\n<meta property=\"og:image\" content=\"https:\/\/webknjizara.hr\/wp-content\/uploads\/nc\/images\/virtuemart\/product\/informatika-mil-50f2f2c633bce.jpg\" \/>\n\t<meta property=\"og:image:width\" content=\"579\" \/>\n\t<meta property=\"og:image:height\" content=\"800\" \/>\n\t<meta property=\"og:image:type\" content=\"image\/jpeg\" \/>\n<meta name=\"twitter:card\" content=\"summary_large_image\" \/>\n<meta name=\"twitter:label1\" content=\"Est. reading time\" \/>\n\t<meta name=\"twitter:data1\" content=\"4 minutes\" \/>\n<script type=\"application\/ld+json\" class=\"yoast-schema-graph\">{\"@context\":\"https:\\\/\\\/schema.org\",\"@graph\":[{\"@type\":\"WebPage\",\"@id\":\"https:\\\/\\\/webknjizara.hr\\\/proizvod\\\/informatika-mila-nadrljanski-dorde-nadrljanski\\\/\",\"url\":\"https:\\\/\\\/webknjizara.hr\\\/proizvod\\\/informatika-mila-nadrljanski-dorde-nadrljanski\\\/\",\"name\":\"INFORMATIKA, Mila Nadrljanski, \u0110or\u0111e Nadrljanski - Web-knji\u017eara\",\"isPartOf\":{\"@id\":\"https:\\\/\\\/webknjizara.hr\\\/#website\"},\"primaryImageOfPage\":{\"@id\":\"https:\\\/\\\/webknjizara.hr\\\/proizvod\\\/informatika-mila-nadrljanski-dorde-nadrljanski\\\/#primaryimage\"},\"image\":{\"@id\":\"https:\\\/\\\/webknjizara.hr\\\/proizvod\\\/informatika-mila-nadrljanski-dorde-nadrljanski\\\/#primaryimage\"},\"thumbnailUrl\":\"https:\\\/\\\/webknjizara.hr\\\/wp-content\\\/uploads\\\/nc\\\/images\\\/virtuemart\\\/product\\\/informatika-mil-50f2f2c633bce.jpg\",\"datePublished\":\"2013-01-13T17:45:42+00:00\",\"dateModified\":\"2023-02-26T23:15:50+00:00\",\"breadcrumb\":{\"@id\":\"https:\\\/\\\/webknjizara.hr\\\/proizvod\\\/informatika-mila-nadrljanski-dorde-nadrljanski\\\/#breadcrumb\"},\"inLanguage\":\"en-US\",\"potentialAction\":[{\"@type\":\"ReadAction\",\"target\":[\"https:\\\/\\\/webknjizara.hr\\\/proizvod\\\/informatika-mila-nadrljanski-dorde-nadrljanski\\\/\"]}]},{\"@type\":\"ImageObject\",\"inLanguage\":\"en-US\",\"@id\":\"https:\\\/\\\/webknjizara.hr\\\/proizvod\\\/informatika-mila-nadrljanski-dorde-nadrljanski\\\/#primaryimage\",\"url\":\"https:\\\/\\\/webknjizara.hr\\\/wp-content\\\/uploads\\\/nc\\\/images\\\/virtuemart\\\/product\\\/informatika-mil-50f2f2c633bce.jpg\",\"contentUrl\":\"https:\\\/\\\/webknjizara.hr\\\/wp-content\\\/uploads\\\/nc\\\/images\\\/virtuemart\\\/product\\\/informatika-mil-50f2f2c633bce.jpg\",\"width\":579,\"height\":800,\"caption\":\"INFORMATIKA, Mila Nadrljanski, \u0110or\u0111e Nadrljanski\"},{\"@type\":\"BreadcrumbList\",\"@id\":\"https:\\\/\\\/webknjizara.hr\\\/proizvod\\\/informatika-mila-nadrljanski-dorde-nadrljanski\\\/#breadcrumb\",\"itemListElement\":[{\"@type\":\"ListItem\",\"position\":1,\"name\":\"Po\u010detna stranica\",\"item\":\"https:\\\/\\\/webknjizara.hr\\\/en\\\/\"},{\"@type\":\"ListItem\",\"position\":2,\"name\":\"Shop\",\"item\":\"https:\\\/\\\/webknjizara.hr\\\/shop\\\/\"},{\"@type\":\"ListItem\",\"position\":3,\"name\":\"INFORMATIKA, Mila Nadrljanski, \u0110or\u0111e Nadrljanski\"}]},{\"@type\":\"WebSite\",\"@id\":\"https:\\\/\\\/webknjizara.hr\\\/#website\",\"url\":\"https:\\\/\\\/webknjizara.hr\\\/\",\"name\":\"Web Knji\u017eara\",\"description\":\"\",\"publisher\":{\"@id\":\"https:\\\/\\\/webknjizara.hr\\\/#organization\"},\"potentialAction\":[{\"@type\":\"SearchAction\",\"target\":{\"@type\":\"EntryPoint\",\"urlTemplate\":\"https:\\\/\\\/webknjizara.hr\\\/?s={search_term_string}\"},\"query-input\":{\"@type\":\"PropertyValueSpecification\",\"valueRequired\":true,\"valueName\":\"search_term_string\"}}],\"inLanguage\":\"en-US\"},{\"@type\":\"Organization\",\"@id\":\"https:\\\/\\\/webknjizara.hr\\\/#organization\",\"name\":\"REDAK D.O.O.\",\"url\":\"https:\\\/\\\/webknjizara.hr\\\/\",\"logo\":{\"@type\":\"ImageObject\",\"inLanguage\":\"en-US\",\"@id\":\"https:\\\/\\\/webknjizara.hr\\\/#\\\/schema\\\/logo\\\/image\\\/\",\"url\":\"https:\\\/\\\/webknjizara.hr\\\/wp-content\\\/uploads\\\/2023\\\/01\\\/web-knjizara-logo.webp\",\"contentUrl\":\"https:\\\/\\\/webknjizara.hr\\\/wp-content\\\/uploads\\\/2023\\\/01\\\/web-knjizara-logo.webp\",\"width\":324,\"height\":79,\"caption\":\"REDAK D.O.O.\"},\"image\":{\"@id\":\"https:\\\/\\\/webknjizara.hr\\\/#\\\/schema\\\/logo\\\/image\\\/\"}}]}<\/script>\n<!-- \/ Yoast SEO plugin. -->","yoast_head_json":{"title":"INFORMATIKA, Mila Nadrljanski, \u0110or\u0111e Nadrljanski - Web-knji\u017eara","robots":{"index":"index","follow":"follow","max-snippet":"max-snippet:-1","max-image-preview":"max-image-preview:large","max-video-preview":"max-video-preview:-1"},"canonical":"https:\/\/webknjizara.hr\/proizvod\/informatika-mila-nadrljanski-dorde-nadrljanski\/","og_locale":"en_US","og_type":"article","og_title":"INFORMATIKA, Mila Nadrljanski, \u0110or\u0111e Nadrljanski - Web-knji\u017eara","og_description":"Sa\u017eetak: Knjiga obuhva\u0107a osnovne pojmove informatike i princip rada elekroni\u010dkog ra\u010dunala. Namijenjena je studentima Pomorskog fakulteta u Splitu i Visoke \u0161kole za inspekcijski i kadrovski menad\u017ement u Splitu. U knjizi je prikazan razvoj ra\u010dunala kroz povijest, matemati\u010dke osnove, kodiranje, logi\u010dka algebra, algoritmi, programiranje te osnove rada u MS Wordu, Excelu i Power Pointu. Naglasak je [&hellip;]","og_url":"https:\/\/webknjizara.hr\/proizvod\/informatika-mila-nadrljanski-dorde-nadrljanski\/","og_site_name":"Web-knji\u017eara","article_modified_time":"2023-02-26T23:15:50+00:00","og_image":[{"width":579,"height":800,"url":"https:\/\/webknjizara.hr\/wp-content\/uploads\/nc\/images\/virtuemart\/product\/informatika-mil-50f2f2c633bce.jpg","type":"image\/jpeg"}],"twitter_card":"summary_large_image","twitter_misc":{"Est. reading time":"4 minutes"},"schema":{"@context":"https:\/\/schema.org","@graph":[{"@type":"WebPage","@id":"https:\/\/webknjizara.hr\/proizvod\/informatika-mila-nadrljanski-dorde-nadrljanski\/","url":"https:\/\/webknjizara.hr\/proizvod\/informatika-mila-nadrljanski-dorde-nadrljanski\/","name":"INFORMATIKA, Mila Nadrljanski, \u0110or\u0111e Nadrljanski - Web-knji\u017eara","isPartOf":{"@id":"https:\/\/webknjizara.hr\/#website"},"primaryImageOfPage":{"@id":"https:\/\/webknjizara.hr\/proizvod\/informatika-mila-nadrljanski-dorde-nadrljanski\/#primaryimage"},"image":{"@id":"https:\/\/webknjizara.hr\/proizvod\/informatika-mila-nadrljanski-dorde-nadrljanski\/#primaryimage"},"thumbnailUrl":"https:\/\/webknjizara.hr\/wp-content\/uploads\/nc\/images\/virtuemart\/product\/informatika-mil-50f2f2c633bce.jpg","datePublished":"2013-01-13T17:45:42+00:00","dateModified":"2023-02-26T23:15:50+00:00","breadcrumb":{"@id":"https:\/\/webknjizara.hr\/proizvod\/informatika-mila-nadrljanski-dorde-nadrljanski\/#breadcrumb"},"inLanguage":"en-US","potentialAction":[{"@type":"ReadAction","target":["https:\/\/webknjizara.hr\/proizvod\/informatika-mila-nadrljanski-dorde-nadrljanski\/"]}]},{"@type":"ImageObject","inLanguage":"en-US","@id":"https:\/\/webknjizara.hr\/proizvod\/informatika-mila-nadrljanski-dorde-nadrljanski\/#primaryimage","url":"https:\/\/webknjizara.hr\/wp-content\/uploads\/nc\/images\/virtuemart\/product\/informatika-mil-50f2f2c633bce.jpg","contentUrl":"https:\/\/webknjizara.hr\/wp-content\/uploads\/nc\/images\/virtuemart\/product\/informatika-mil-50f2f2c633bce.jpg","width":579,"height":800,"caption":"INFORMATIKA, Mila Nadrljanski, \u0110or\u0111e Nadrljanski"},{"@type":"BreadcrumbList","@id":"https:\/\/webknjizara.hr\/proizvod\/informatika-mila-nadrljanski-dorde-nadrljanski\/#breadcrumb","itemListElement":[{"@type":"ListItem","position":1,"name":"Po\u010detna stranica","item":"https:\/\/webknjizara.hr\/en\/"},{"@type":"ListItem","position":2,"name":"Shop","item":"https:\/\/webknjizara.hr\/shop\/"},{"@type":"ListItem","position":3,"name":"INFORMATIKA, Mila Nadrljanski, \u0110or\u0111e Nadrljanski"}]},{"@type":"WebSite","@id":"https:\/\/webknjizara.hr\/#website","url":"https:\/\/webknjizara.hr\/","name":"Web Knji\u017eara","description":"","publisher":{"@id":"https:\/\/webknjizara.hr\/#organization"},"potentialAction":[{"@type":"SearchAction","target":{"@type":"EntryPoint","urlTemplate":"https:\/\/webknjizara.hr\/?s={search_term_string}"},"query-input":{"@type":"PropertyValueSpecification","valueRequired":true,"valueName":"search_term_string"}}],"inLanguage":"en-US"},{"@type":"Organization","@id":"https:\/\/webknjizara.hr\/#organization","name":"REDAK D.O.O.","url":"https:\/\/webknjizara.hr\/","logo":{"@type":"ImageObject","inLanguage":"en-US","@id":"https:\/\/webknjizara.hr\/#\/schema\/logo\/image\/","url":"https:\/\/webknjizara.hr\/wp-content\/uploads\/2023\/01\/web-knjizara-logo.webp","contentUrl":"https:\/\/webknjizara.hr\/wp-content\/uploads\/2023\/01\/web-knjizara-logo.webp","width":324,"height":79,"caption":"REDAK D.O.O."},"image":{"@id":"https:\/\/webknjizara.hr\/#\/schema\/logo\/image\/"}}]}},"_links":{"self":[{"href":"https:\/\/webknjizara.hr\/en\/wp-json\/wp\/v2\/product\/7595","targetHints":{"allow":["GET"]}}],"collection":[{"href":"https:\/\/webknjizara.hr\/en\/wp-json\/wp\/v2\/product"}],"about":[{"href":"https:\/\/webknjizara.hr\/en\/wp-json\/wp\/v2\/types\/product"}],"replies":[{"embeddable":true,"href":"https:\/\/webknjizara.hr\/en\/wp-json\/wp\/v2\/comments?post=7595"}],"wp:featuredmedia":[{"embeddable":true,"href":"https:\/\/webknjizara.hr\/en\/wp-json\/wp\/v2\/media\/7596"}],"wp:attachment":[{"href":"https:\/\/webknjizara.hr\/en\/wp-json\/wp\/v2\/media?parent=7595"}],"wp:term":[{"taxonomy":"product_brand","embeddable":true,"href":"https:\/\/webknjizara.hr\/en\/wp-json\/wp\/v2\/product_brand?post=7595"},{"taxonomy":"product_cat","embeddable":true,"href":"https:\/\/webknjizara.hr\/en\/wp-json\/wp\/v2\/product_cat?post=7595"},{"taxonomy":"product_tag","embeddable":true,"href":"https:\/\/webknjizara.hr\/en\/wp-json\/wp\/v2\/product_tag?post=7595"}],"curies":[{"name":"wp","href":"https:\/\/api.w.org\/{rel}","templated":true}]}}