{"id":7591,"date":"2013-01-11T18:08:19","date_gmt":"2013-01-11T18:08:19","guid":{"rendered":"https:\/\/webknjizara.hr\/?product=hercegovina-izabrane-pjesme-ab-simic"},"modified":"2023-02-27T00:15:49","modified_gmt":"2023-02-26T23:15:49","slug":"hercegovina-izabrane-pjesme-a-b-simic","status":"publish","type":"product","link":"https:\/\/webknjizara.hr\/en\/proizvod\/hercegovina-izabrane-pjesme-a-b-simic\/","title":{"rendered":"HERCEGOVINA (izabrane pjesme), A.B. \u0160imi\u0107"},"content":{"rendered":"<p><strong><br \/><\/strong><\/p>\n<div style=\"text-align: justify;\"><strong>Sa\u017eetak:<\/strong><\/p>\n<p><em>Predgovor (Mila Pand\u017ei\u0107). Izabrane pjesme Antuna Branka \u0160imi\u0107a: Na ku\u0107nom pragu, \u017deteoci, U krilu proljetne no\u0107i, Glas iz daljine, Ah, evo opet&#8230;, No\u0107 na jezeru, Ivanje, Himnos, Susret, S na\u0161ih njiva, Ljetni nocturno, Pod ljetnim suncem, \u010camac, Smilje, Pono\u0107, Pjesma jeseni, Hosana, Pogledi, Pod jablanima, Kosci, Le clair de lune, Chanson triste, Nedjelja, Lutanje, Kukuruzi, Mjeseca srpnja, Blagoslov \u017eita, Vrtovi u dolu, Svietlo jutro, Sevdalinke, Plavokosi suton itd. Rje\u010dnik manje poznatih rije\u010di. Mila Pand\u017ei\u0107: Hercegovina u pjesmama Antuna Branka \u0160imi\u0107a (pogovor).<\/em><\/p>\n<p><strong>Bilje\u0161ka o autoru: <\/strong><br \/>Antun Branko \u0160imi\u0107 je ro\u0111en 18. studenoga 1898. u Drinovcima. Umro je u Zagrebu 2. svibnja 1925. Jedan je od najve\u0107ih hrvatskih pjesnika svih vremena. Njegovu zbirku pjesama <em>Preobra\u017eenja<\/em> suvremeni povjesni\u010dari knji\u017eevnosti i knji\u017eevni kriti\u010dari smatraju neprijeporno najboljom hrvatskom pjesni\u010dkom knjigom u 20. stolje\u0107u. Stekao je pjesni\u010dku slavu diljem Svijeta.<\/p>\n<p><strong>Bilje\u0161ka o urednici: <\/strong><br \/>Mila Pand\u017ei\u0107 je profesorica hrvatskoga jezika i knji\u017eevnosti i engleskoga jezika i knji\u017eevnosti. Studij je zavr\u0161ila na Filozofskom fakultetu u Zagrebu. Na Sveu\u010dili\u0161tu u Zadru priprema doktorski rad o pjesni\u0161tvu Antuna Branka \u0160imi\u0107a.<\/p>\n<p><strong>Klju\u010dne rije\u010di: <\/strong>Antun Branko \u0160imi\u0107, Hercegovina, hrvatsko pjesni\u0161tvo. <\/p>\n<p><strong>E-mail:<\/strong><a href=\"mailto:pandzicmila@yahoo.com?subject=Hercegovina\">Mila Pand\u017ei\u0107<\/a><\/p>\n<p><strong>Naslov:<\/strong> Hercegovina (izabrane pjesme)<br \/><strong>Autor:<\/strong> Antun Branko \u0160imi\u0107<br \/><strong>Broj stranica:<\/strong> 86<br \/><strong>Nakladnik:<\/strong> REDAK<br \/><strong>Godina izdanja:<\/strong> 2012.<br \/><strong>ISBN:<\/strong> 978-953-336-023-2<br \/><strong>Tisak:<\/strong> digitalni tisak knjiga &#8211; print na zahtjev<\/div>\n","protected":false},"excerpt":{"rendered":"<p>Sa\u017eetak: Predgovor (Mila Pand\u017ei\u0107). Izabrane pjesme Antuna Branka \u0160imi\u0107a: Na ku\u0107nom pragu, \u017deteoci, U krilu proljetne no\u0107i, Glas iz daljine, Ah, evo opet&#8230;, No\u0107 na jezeru, Ivanje, Himnos, Susret, S na\u0161ih njiva, Ljetni nocturno, Pod ljetnim suncem, \u010camac, Smilje, Pono\u0107, Pjesma jeseni, Hosana, Pogledi, Pod jablanima, Kosci, Le clair de lune, Chanson triste, Nedjelja, Lutanje, [&hellip;]<\/p>\n","protected":false},"featured_media":7592,"comment_status":"open","ping_status":"closed","template":"","meta":{"_acf_changed":false},"product_brand":[],"product_cat":[1383,1385,1388],"product_tag":[],"class_list":{"0":"post-7591","1":"product","2":"type-product","3":"status-publish","4":"has-post-thumbnail","6":"product_cat-knjige","7":"product_cat-knjizevnost","8":"product_cat-poezija","9":"pa_nakladnik-redak","11":"first","12":"instock","13":"shipping-taxable","14":"purchasable","15":"product-type-simple"},"acf":[],"yoast_head":"<!-- This site is optimized with the Yoast SEO plugin v27.3 - https:\/\/yoast.com\/product\/yoast-seo-wordpress\/ -->\n<title>HERCEGOVINA (izabrane pjesme), A.B. \u0160imi\u0107 - Web-knji\u017eara<\/title>\n<meta name=\"robots\" content=\"index, follow, max-snippet:-1, max-image-preview:large, max-video-preview:-1\" \/>\n<link rel=\"canonical\" href=\"https:\/\/webknjizara.hr\/proizvod\/hercegovina-izabrane-pjesme-a-b-simic\/\" \/>\n<meta property=\"og:locale\" content=\"en_US\" \/>\n<meta property=\"og:type\" content=\"article\" \/>\n<meta property=\"og:title\" content=\"HERCEGOVINA (izabrane pjesme), A.B. \u0160imi\u0107 - Web-knji\u017eara\" \/>\n<meta property=\"og:description\" content=\"Sa\u017eetak: Predgovor (Mila Pand\u017ei\u0107). Izabrane pjesme Antuna Branka \u0160imi\u0107a: Na ku\u0107nom pragu, \u017deteoci, U krilu proljetne no\u0107i, Glas iz daljine, Ah, evo opet&#8230;, No\u0107 na jezeru, Ivanje, Himnos, Susret, S na\u0161ih njiva, Ljetni nocturno, Pod ljetnim suncem, \u010camac, Smilje, Pono\u0107, Pjesma jeseni, Hosana, Pogledi, Pod jablanima, Kosci, Le clair de lune, Chanson triste, Nedjelja, Lutanje, [&hellip;]\" \/>\n<meta property=\"og:url\" content=\"https:\/\/webknjizara.hr\/proizvod\/hercegovina-izabrane-pjesme-a-b-simic\/\" \/>\n<meta property=\"og:site_name\" content=\"Web-knji\u017eara\" \/>\n<meta property=\"article:modified_time\" content=\"2023-02-26T23:15:49+00:00\" \/>\n<meta property=\"og:image\" content=\"https:\/\/webknjizara.hr\/wp-content\/uploads\/nc\/images\/virtuemart\/product\/hercegovina-iza-50f056f14cee4.jpg\" \/>\n\t<meta property=\"og:image:width\" content=\"565\" \/>\n\t<meta property=\"og:image:height\" content=\"800\" \/>\n\t<meta property=\"og:image:type\" content=\"image\/jpeg\" \/>\n<meta name=\"twitter:card\" content=\"summary_large_image\" \/>\n<meta name=\"twitter:label1\" content=\"Est. reading time\" \/>\n\t<meta name=\"twitter:data1\" content=\"1 minute\" \/>\n<script type=\"application\/ld+json\" class=\"yoast-schema-graph\">{\"@context\":\"https:\\\/\\\/schema.org\",\"@graph\":[{\"@type\":\"WebPage\",\"@id\":\"https:\\\/\\\/webknjizara.hr\\\/proizvod\\\/hercegovina-izabrane-pjesme-a-b-simic\\\/\",\"url\":\"https:\\\/\\\/webknjizara.hr\\\/proizvod\\\/hercegovina-izabrane-pjesme-a-b-simic\\\/\",\"name\":\"HERCEGOVINA (izabrane pjesme), A.B. \u0160imi\u0107 - Web-knji\u017eara\",\"isPartOf\":{\"@id\":\"https:\\\/\\\/webknjizara.hr\\\/#website\"},\"primaryImageOfPage\":{\"@id\":\"https:\\\/\\\/webknjizara.hr\\\/proizvod\\\/hercegovina-izabrane-pjesme-a-b-simic\\\/#primaryimage\"},\"image\":{\"@id\":\"https:\\\/\\\/webknjizara.hr\\\/proizvod\\\/hercegovina-izabrane-pjesme-a-b-simic\\\/#primaryimage\"},\"thumbnailUrl\":\"https:\\\/\\\/webknjizara.hr\\\/wp-content\\\/uploads\\\/nc\\\/images\\\/virtuemart\\\/product\\\/hercegovina-iza-50f056f14cee4.jpg\",\"datePublished\":\"2013-01-11T18:08:19+00:00\",\"dateModified\":\"2023-02-26T23:15:49+00:00\",\"breadcrumb\":{\"@id\":\"https:\\\/\\\/webknjizara.hr\\\/proizvod\\\/hercegovina-izabrane-pjesme-a-b-simic\\\/#breadcrumb\"},\"inLanguage\":\"en-US\",\"potentialAction\":[{\"@type\":\"ReadAction\",\"target\":[\"https:\\\/\\\/webknjizara.hr\\\/proizvod\\\/hercegovina-izabrane-pjesme-a-b-simic\\\/\"]}]},{\"@type\":\"ImageObject\",\"inLanguage\":\"en-US\",\"@id\":\"https:\\\/\\\/webknjizara.hr\\\/proizvod\\\/hercegovina-izabrane-pjesme-a-b-simic\\\/#primaryimage\",\"url\":\"https:\\\/\\\/webknjizara.hr\\\/wp-content\\\/uploads\\\/nc\\\/images\\\/virtuemart\\\/product\\\/hercegovina-iza-50f056f14cee4.jpg\",\"contentUrl\":\"https:\\\/\\\/webknjizara.hr\\\/wp-content\\\/uploads\\\/nc\\\/images\\\/virtuemart\\\/product\\\/hercegovina-iza-50f056f14cee4.jpg\",\"width\":565,\"height\":800,\"caption\":\"HERCEGOVINA (izabrane pjesme), A.B. \u0160imi\u0107\"},{\"@type\":\"BreadcrumbList\",\"@id\":\"https:\\\/\\\/webknjizara.hr\\\/proizvod\\\/hercegovina-izabrane-pjesme-a-b-simic\\\/#breadcrumb\",\"itemListElement\":[{\"@type\":\"ListItem\",\"position\":1,\"name\":\"Po\u010detna stranica\",\"item\":\"https:\\\/\\\/webknjizara.hr\\\/en\\\/\"},{\"@type\":\"ListItem\",\"position\":2,\"name\":\"Shop\",\"item\":\"https:\\\/\\\/webknjizara.hr\\\/shop\\\/\"},{\"@type\":\"ListItem\",\"position\":3,\"name\":\"HERCEGOVINA (izabrane pjesme), A.B. \u0160imi\u0107\"}]},{\"@type\":\"WebSite\",\"@id\":\"https:\\\/\\\/webknjizara.hr\\\/#website\",\"url\":\"https:\\\/\\\/webknjizara.hr\\\/\",\"name\":\"Web Knji\u017eara\",\"description\":\"\",\"publisher\":{\"@id\":\"https:\\\/\\\/webknjizara.hr\\\/#organization\"},\"potentialAction\":[{\"@type\":\"SearchAction\",\"target\":{\"@type\":\"EntryPoint\",\"urlTemplate\":\"https:\\\/\\\/webknjizara.hr\\\/?s={search_term_string}\"},\"query-input\":{\"@type\":\"PropertyValueSpecification\",\"valueRequired\":true,\"valueName\":\"search_term_string\"}}],\"inLanguage\":\"en-US\"},{\"@type\":\"Organization\",\"@id\":\"https:\\\/\\\/webknjizara.hr\\\/#organization\",\"name\":\"REDAK D.O.O.\",\"url\":\"https:\\\/\\\/webknjizara.hr\\\/\",\"logo\":{\"@type\":\"ImageObject\",\"inLanguage\":\"en-US\",\"@id\":\"https:\\\/\\\/webknjizara.hr\\\/#\\\/schema\\\/logo\\\/image\\\/\",\"url\":\"https:\\\/\\\/webknjizara.hr\\\/wp-content\\\/uploads\\\/2023\\\/01\\\/web-knjizara-logo.webp\",\"contentUrl\":\"https:\\\/\\\/webknjizara.hr\\\/wp-content\\\/uploads\\\/2023\\\/01\\\/web-knjizara-logo.webp\",\"width\":324,\"height\":79,\"caption\":\"REDAK D.O.O.\"},\"image\":{\"@id\":\"https:\\\/\\\/webknjizara.hr\\\/#\\\/schema\\\/logo\\\/image\\\/\"}}]}<\/script>\n<!-- \/ Yoast SEO plugin. -->","yoast_head_json":{"title":"HERCEGOVINA (izabrane pjesme), A.B. \u0160imi\u0107 - Web-knji\u017eara","robots":{"index":"index","follow":"follow","max-snippet":"max-snippet:-1","max-image-preview":"max-image-preview:large","max-video-preview":"max-video-preview:-1"},"canonical":"https:\/\/webknjizara.hr\/proizvod\/hercegovina-izabrane-pjesme-a-b-simic\/","og_locale":"en_US","og_type":"article","og_title":"HERCEGOVINA (izabrane pjesme), A.B. \u0160imi\u0107 - Web-knji\u017eara","og_description":"Sa\u017eetak: Predgovor (Mila Pand\u017ei\u0107). Izabrane pjesme Antuna Branka \u0160imi\u0107a: Na ku\u0107nom pragu, \u017deteoci, U krilu proljetne no\u0107i, Glas iz daljine, Ah, evo opet&#8230;, No\u0107 na jezeru, Ivanje, Himnos, Susret, S na\u0161ih njiva, Ljetni nocturno, Pod ljetnim suncem, \u010camac, Smilje, Pono\u0107, Pjesma jeseni, Hosana, Pogledi, Pod jablanima, Kosci, Le clair de lune, Chanson triste, Nedjelja, Lutanje, [&hellip;]","og_url":"https:\/\/webknjizara.hr\/proizvod\/hercegovina-izabrane-pjesme-a-b-simic\/","og_site_name":"Web-knji\u017eara","article_modified_time":"2023-02-26T23:15:49+00:00","og_image":[{"width":565,"height":800,"url":"https:\/\/webknjizara.hr\/wp-content\/uploads\/nc\/images\/virtuemart\/product\/hercegovina-iza-50f056f14cee4.jpg","type":"image\/jpeg"}],"twitter_card":"summary_large_image","twitter_misc":{"Est. reading time":"1 minute"},"schema":{"@context":"https:\/\/schema.org","@graph":[{"@type":"WebPage","@id":"https:\/\/webknjizara.hr\/proizvod\/hercegovina-izabrane-pjesme-a-b-simic\/","url":"https:\/\/webknjizara.hr\/proizvod\/hercegovina-izabrane-pjesme-a-b-simic\/","name":"HERCEGOVINA (izabrane pjesme), A.B. \u0160imi\u0107 - Web-knji\u017eara","isPartOf":{"@id":"https:\/\/webknjizara.hr\/#website"},"primaryImageOfPage":{"@id":"https:\/\/webknjizara.hr\/proizvod\/hercegovina-izabrane-pjesme-a-b-simic\/#primaryimage"},"image":{"@id":"https:\/\/webknjizara.hr\/proizvod\/hercegovina-izabrane-pjesme-a-b-simic\/#primaryimage"},"thumbnailUrl":"https:\/\/webknjizara.hr\/wp-content\/uploads\/nc\/images\/virtuemart\/product\/hercegovina-iza-50f056f14cee4.jpg","datePublished":"2013-01-11T18:08:19+00:00","dateModified":"2023-02-26T23:15:49+00:00","breadcrumb":{"@id":"https:\/\/webknjizara.hr\/proizvod\/hercegovina-izabrane-pjesme-a-b-simic\/#breadcrumb"},"inLanguage":"en-US","potentialAction":[{"@type":"ReadAction","target":["https:\/\/webknjizara.hr\/proizvod\/hercegovina-izabrane-pjesme-a-b-simic\/"]}]},{"@type":"ImageObject","inLanguage":"en-US","@id":"https:\/\/webknjizara.hr\/proizvod\/hercegovina-izabrane-pjesme-a-b-simic\/#primaryimage","url":"https:\/\/webknjizara.hr\/wp-content\/uploads\/nc\/images\/virtuemart\/product\/hercegovina-iza-50f056f14cee4.jpg","contentUrl":"https:\/\/webknjizara.hr\/wp-content\/uploads\/nc\/images\/virtuemart\/product\/hercegovina-iza-50f056f14cee4.jpg","width":565,"height":800,"caption":"HERCEGOVINA (izabrane pjesme), A.B. \u0160imi\u0107"},{"@type":"BreadcrumbList","@id":"https:\/\/webknjizara.hr\/proizvod\/hercegovina-izabrane-pjesme-a-b-simic\/#breadcrumb","itemListElement":[{"@type":"ListItem","position":1,"name":"Po\u010detna stranica","item":"https:\/\/webknjizara.hr\/en\/"},{"@type":"ListItem","position":2,"name":"Shop","item":"https:\/\/webknjizara.hr\/shop\/"},{"@type":"ListItem","position":3,"name":"HERCEGOVINA (izabrane pjesme), A.B. \u0160imi\u0107"}]},{"@type":"WebSite","@id":"https:\/\/webknjizara.hr\/#website","url":"https:\/\/webknjizara.hr\/","name":"Web Knji\u017eara","description":"","publisher":{"@id":"https:\/\/webknjizara.hr\/#organization"},"potentialAction":[{"@type":"SearchAction","target":{"@type":"EntryPoint","urlTemplate":"https:\/\/webknjizara.hr\/?s={search_term_string}"},"query-input":{"@type":"PropertyValueSpecification","valueRequired":true,"valueName":"search_term_string"}}],"inLanguage":"en-US"},{"@type":"Organization","@id":"https:\/\/webknjizara.hr\/#organization","name":"REDAK D.O.O.","url":"https:\/\/webknjizara.hr\/","logo":{"@type":"ImageObject","inLanguage":"en-US","@id":"https:\/\/webknjizara.hr\/#\/schema\/logo\/image\/","url":"https:\/\/webknjizara.hr\/wp-content\/uploads\/2023\/01\/web-knjizara-logo.webp","contentUrl":"https:\/\/webknjizara.hr\/wp-content\/uploads\/2023\/01\/web-knjizara-logo.webp","width":324,"height":79,"caption":"REDAK D.O.O."},"image":{"@id":"https:\/\/webknjizara.hr\/#\/schema\/logo\/image\/"}}]}},"_links":{"self":[{"href":"https:\/\/webknjizara.hr\/en\/wp-json\/wp\/v2\/product\/7591","targetHints":{"allow":["GET"]}}],"collection":[{"href":"https:\/\/webknjizara.hr\/en\/wp-json\/wp\/v2\/product"}],"about":[{"href":"https:\/\/webknjizara.hr\/en\/wp-json\/wp\/v2\/types\/product"}],"replies":[{"embeddable":true,"href":"https:\/\/webknjizara.hr\/en\/wp-json\/wp\/v2\/comments?post=7591"}],"wp:featuredmedia":[{"embeddable":true,"href":"https:\/\/webknjizara.hr\/en\/wp-json\/wp\/v2\/media\/7592"}],"wp:attachment":[{"href":"https:\/\/webknjizara.hr\/en\/wp-json\/wp\/v2\/media?parent=7591"}],"wp:term":[{"taxonomy":"product_brand","embeddable":true,"href":"https:\/\/webknjizara.hr\/en\/wp-json\/wp\/v2\/product_brand?post=7591"},{"taxonomy":"product_cat","embeddable":true,"href":"https:\/\/webknjizara.hr\/en\/wp-json\/wp\/v2\/product_cat?post=7591"},{"taxonomy":"product_tag","embeddable":true,"href":"https:\/\/webknjizara.hr\/en\/wp-json\/wp\/v2\/product_tag?post=7591"}],"curies":[{"name":"wp","href":"https:\/\/api.w.org\/{rel}","templated":true}]}}