{"id":7589,"date":"2012-12-19T18:25:48","date_gmt":"2012-12-19T18:25:48","guid":{"rendered":"https:\/\/webknjizara.hr\/?product=blagdanska-duhovna-misao-godina-a-covjek-nadasve-16"},"modified":"2023-02-27T00:15:49","modified_gmt":"2023-02-26T23:15:49","slug":"blagdanska-duhovna-misao-godina-a-covjek-nadasve-16","status":"publish","type":"product","link":"https:\/\/webknjizara.hr\/en\/proizvod\/blagdanska-duhovna-misao-godina-a-covjek-nadasve-16\/","title":{"rendered":"BLAGDANSKA DUHOVNA MISAO: Godina A &#8211; \u010covjek nadasve 16"},"content":{"rendered":"<p><\/p>\n<div style=\"text-align: justify;\"><strong>Sa\u017eetak:<\/strong><\/p>\n<p>Knjiga sadr\u017ei propovijedi iz razli\u010ditih kalendarskih godina ali sve su u okviru liturgijske godine A. Zapo\u010dinje prvom nedjeljom Do\u0161a\u0161\u0107a i zavr\u0161ava blagdanom Krista Kralja.\u00a0 <\/p>\n<p><strong>Bilje\u0161ka o autoru:<\/strong><\/p>\n<p>Ivan Grubi\u0161i\u0107 ro\u0111en je 20. lipnja 1936. u Dicmu. Maturirao je 1956. na Biskupskoj klasi\u010dnoj gimnaziji u Splitu. Diplomirao je 1962. na Bogoslovnom katoli\u010dkom fakultetu u Zagrebu, a 1982. na Filozofskom fakultetu u Zadru, sociologiju i filozofiju. Doktorirao je 1995. na Filozofskom fakultetu u Zagrebu s temom Religiozno pona\u0161anje katolika u Dalmaciji sredinom 80-ih i vrednovanje toga pona\u0161anja. Inicijator je i jedan od utemeljitelja Hrvatske akademske udruge Split-\u010dovjek nadasve, pokreta\u010d je i voditelj tribina Suvremeno dru\u0161tvo i duhovnost i Znanost i dru\u0161tvo. Autor je 16 knjiga i urednik \u010detiri zbornika. Pokreta\u010d je i odgovorni urednik \u010dasopisa Dijalog. Predavao je na Institutu za katehetizaciju pri Katoli\u010dkom bogoslovnom fakultetu u Zagrebu, na Teolo\u0161ko-katehetskom institutu u Splitu, na Hrvatskim studijima u Zagrebu te na Pomorskom fakultetu u Splitu. Grubi\u0161i\u0107 je dobitnik dr\u017eavne nagrade za promid\u017ebu i popularizaciju znanosti, godi\u0161nje nagrade grada Splita, nagrade \u201eVelimir Terzi\u0107\u201c za promid\u017ebu demokracije u Hrvatskoj te nagrade Slobodne Dalmacije za \u017eivotno djelo. 2007. godine predsjednik Mesi\u0107 ga je odlikovao Redom Danice hrvatske s likom Marka Maruli\u0107a, za osobite zasluge u kulturi.\u00a0 2011. godine izabran je za nezavisnog zastupnika u Hrvatski sabor.<\/p>\n<p><strong>Klju\u010dne rije\u010di:<\/strong> liturgijska godina A, duhovna misao, propovijedi<\/p>\n<p><strong>Link:<\/strong><a target=\"_blank\" href=\"http:\/\/www.sgeh.org\" rel=\"noopener\">www.sgeh.org<\/a><\/p>\n<p><strong>Naslov:<\/strong> Blagdanska duhovna misao: Godina A \u2013 \u010covjek nadasve 16<br \/><strong>Autor:<\/strong> Ivan Grubi\u0161i\u0107<br \/><strong>Broj stranica:<\/strong> 244<br \/><strong>Nakladnik:<\/strong> HRVATSKA AKADEMSKA UDRUGA SPLIT &#8211; \u010cOVJEK NADASVE<br \/><strong>Godina izdanja:<\/strong> 2012.<br \/><strong>ISBN:<\/strong> 978-953-7550-14-1<br \/><strong>Tisak:<\/strong> digitalni tisak knjiga &#8211; print na zahtjev<\/div>\n","protected":false},"excerpt":{"rendered":"<p>Sa\u017eetak: Knjiga sadr\u017ei propovijedi iz razli\u010ditih kalendarskih godina ali sve su u okviru liturgijske godine A. Zapo\u010dinje prvom nedjeljom Do\u0161a\u0161\u0107a i zavr\u0161ava blagdanom Krista Kralja.\u00a0 Bilje\u0161ka o autoru: Ivan Grubi\u0161i\u0107 ro\u0111en je 20. lipnja 1936. u Dicmu. Maturirao je 1956. na Biskupskoj klasi\u010dnoj gimnaziji u Splitu. Diplomirao je 1962. na Bogoslovnom katoli\u010dkom fakultetu u Zagrebu, [&hellip;]<\/p>\n","protected":false},"featured_media":7590,"comment_status":"open","ping_status":"closed","template":"","meta":{"_acf_changed":false},"product_brand":[],"product_cat":[1489],"product_tag":[],"class_list":{"0":"post-7589","1":"product","2":"type-product","3":"status-publish","4":"has-post-thumbnail","6":"product_cat-publicistika","7":"pa_autor-ivan-grubisic","8":"pa_nakladnik-hrvatska-akademska-udruga-split-covjek-nadasve","10":"first","11":"instock","12":"shipping-taxable","13":"purchasable","14":"product-type-simple"},"acf":[],"yoast_head":"<!-- This site is optimized with the Yoast SEO plugin v27.3 - https:\/\/yoast.com\/product\/yoast-seo-wordpress\/ -->\n<title>BLAGDANSKA DUHOVNA MISAO: Godina A - \u010covjek nadasve 16 - Web-knji\u017eara<\/title>\n<meta name=\"robots\" content=\"index, follow, max-snippet:-1, max-image-preview:large, max-video-preview:-1\" \/>\n<link rel=\"canonical\" href=\"https:\/\/webknjizara.hr\/proizvod\/blagdanska-duhovna-misao-godina-a-covjek-nadasve-16\/\" \/>\n<meta property=\"og:locale\" content=\"en_US\" \/>\n<meta property=\"og:type\" content=\"article\" \/>\n<meta property=\"og:title\" content=\"BLAGDANSKA DUHOVNA MISAO: Godina A - \u010covjek nadasve 16 - Web-knji\u017eara\" \/>\n<meta property=\"og:description\" content=\"Sa\u017eetak: Knjiga sadr\u017ei propovijedi iz razli\u010ditih kalendarskih godina ali sve su u okviru liturgijske godine A. Zapo\u010dinje prvom nedjeljom Do\u0161a\u0161\u0107a i zavr\u0161ava blagdanom Krista Kralja.\u00a0 Bilje\u0161ka o autoru: Ivan Grubi\u0161i\u0107 ro\u0111en je 20. lipnja 1936. u Dicmu. Maturirao je 1956. na Biskupskoj klasi\u010dnoj gimnaziji u Splitu. Diplomirao je 1962. na Bogoslovnom katoli\u010dkom fakultetu u Zagrebu, [&hellip;]\" \/>\n<meta property=\"og:url\" content=\"https:\/\/webknjizara.hr\/proizvod\/blagdanska-duhovna-misao-godina-a-covjek-nadasve-16\/\" \/>\n<meta property=\"og:site_name\" content=\"Web-knji\u017eara\" \/>\n<meta property=\"article:modified_time\" content=\"2023-02-26T23:15:49+00:00\" \/>\n<meta property=\"og:image\" content=\"https:\/\/webknjizara.hr\/wp-content\/uploads\/nc\/images\/virtuemart\/product\/blagdanska-duhov-50d206ac1aa96.jpg\" \/>\n\t<meta property=\"og:image:width\" content=\"443\" \/>\n\t<meta property=\"og:image:height\" content=\"800\" \/>\n\t<meta property=\"og:image:type\" content=\"image\/jpeg\" \/>\n<meta name=\"twitter:card\" content=\"summary_large_image\" \/>\n<meta name=\"twitter:label1\" content=\"Est. reading time\" \/>\n\t<meta name=\"twitter:data1\" content=\"1 minute\" \/>\n<script type=\"application\/ld+json\" class=\"yoast-schema-graph\">{\"@context\":\"https:\\\/\\\/schema.org\",\"@graph\":[{\"@type\":\"WebPage\",\"@id\":\"https:\\\/\\\/webknjizara.hr\\\/proizvod\\\/blagdanska-duhovna-misao-godina-a-covjek-nadasve-16\\\/\",\"url\":\"https:\\\/\\\/webknjizara.hr\\\/proizvod\\\/blagdanska-duhovna-misao-godina-a-covjek-nadasve-16\\\/\",\"name\":\"BLAGDANSKA DUHOVNA MISAO: Godina A - \u010covjek nadasve 16 - Web-knji\u017eara\",\"isPartOf\":{\"@id\":\"https:\\\/\\\/webknjizara.hr\\\/#website\"},\"primaryImageOfPage\":{\"@id\":\"https:\\\/\\\/webknjizara.hr\\\/proizvod\\\/blagdanska-duhovna-misao-godina-a-covjek-nadasve-16\\\/#primaryimage\"},\"image\":{\"@id\":\"https:\\\/\\\/webknjizara.hr\\\/proizvod\\\/blagdanska-duhovna-misao-godina-a-covjek-nadasve-16\\\/#primaryimage\"},\"thumbnailUrl\":\"https:\\\/\\\/webknjizara.hr\\\/wp-content\\\/uploads\\\/nc\\\/images\\\/virtuemart\\\/product\\\/blagdanska-duhov-50d206ac1aa96.jpg\",\"datePublished\":\"2012-12-19T18:25:48+00:00\",\"dateModified\":\"2023-02-26T23:15:49+00:00\",\"breadcrumb\":{\"@id\":\"https:\\\/\\\/webknjizara.hr\\\/proizvod\\\/blagdanska-duhovna-misao-godina-a-covjek-nadasve-16\\\/#breadcrumb\"},\"inLanguage\":\"en-US\",\"potentialAction\":[{\"@type\":\"ReadAction\",\"target\":[\"https:\\\/\\\/webknjizara.hr\\\/proizvod\\\/blagdanska-duhovna-misao-godina-a-covjek-nadasve-16\\\/\"]}]},{\"@type\":\"ImageObject\",\"inLanguage\":\"en-US\",\"@id\":\"https:\\\/\\\/webknjizara.hr\\\/proizvod\\\/blagdanska-duhovna-misao-godina-a-covjek-nadasve-16\\\/#primaryimage\",\"url\":\"https:\\\/\\\/webknjizara.hr\\\/wp-content\\\/uploads\\\/nc\\\/images\\\/virtuemart\\\/product\\\/blagdanska-duhov-50d206ac1aa96.jpg\",\"contentUrl\":\"https:\\\/\\\/webknjizara.hr\\\/wp-content\\\/uploads\\\/nc\\\/images\\\/virtuemart\\\/product\\\/blagdanska-duhov-50d206ac1aa96.jpg\",\"width\":443,\"height\":800,\"caption\":\"BLAGDANSKA DUHOVNA MISAO: Godina A - \u010covjek nadasve 16\"},{\"@type\":\"BreadcrumbList\",\"@id\":\"https:\\\/\\\/webknjizara.hr\\\/proizvod\\\/blagdanska-duhovna-misao-godina-a-covjek-nadasve-16\\\/#breadcrumb\",\"itemListElement\":[{\"@type\":\"ListItem\",\"position\":1,\"name\":\"Po\u010detna stranica\",\"item\":\"https:\\\/\\\/webknjizara.hr\\\/en\\\/\"},{\"@type\":\"ListItem\",\"position\":2,\"name\":\"Shop\",\"item\":\"https:\\\/\\\/webknjizara.hr\\\/shop\\\/\"},{\"@type\":\"ListItem\",\"position\":3,\"name\":\"BLAGDANSKA DUHOVNA MISAO: Godina A &#8211; \u010covjek nadasve 16\"}]},{\"@type\":\"WebSite\",\"@id\":\"https:\\\/\\\/webknjizara.hr\\\/#website\",\"url\":\"https:\\\/\\\/webknjizara.hr\\\/\",\"name\":\"Web Knji\u017eara\",\"description\":\"\",\"publisher\":{\"@id\":\"https:\\\/\\\/webknjizara.hr\\\/#organization\"},\"potentialAction\":[{\"@type\":\"SearchAction\",\"target\":{\"@type\":\"EntryPoint\",\"urlTemplate\":\"https:\\\/\\\/webknjizara.hr\\\/?s={search_term_string}\"},\"query-input\":{\"@type\":\"PropertyValueSpecification\",\"valueRequired\":true,\"valueName\":\"search_term_string\"}}],\"inLanguage\":\"en-US\"},{\"@type\":\"Organization\",\"@id\":\"https:\\\/\\\/webknjizara.hr\\\/#organization\",\"name\":\"REDAK D.O.O.\",\"url\":\"https:\\\/\\\/webknjizara.hr\\\/\",\"logo\":{\"@type\":\"ImageObject\",\"inLanguage\":\"en-US\",\"@id\":\"https:\\\/\\\/webknjizara.hr\\\/#\\\/schema\\\/logo\\\/image\\\/\",\"url\":\"https:\\\/\\\/webknjizara.hr\\\/wp-content\\\/uploads\\\/2023\\\/01\\\/web-knjizara-logo.webp\",\"contentUrl\":\"https:\\\/\\\/webknjizara.hr\\\/wp-content\\\/uploads\\\/2023\\\/01\\\/web-knjizara-logo.webp\",\"width\":324,\"height\":79,\"caption\":\"REDAK D.O.O.\"},\"image\":{\"@id\":\"https:\\\/\\\/webknjizara.hr\\\/#\\\/schema\\\/logo\\\/image\\\/\"}}]}<\/script>\n<!-- \/ Yoast SEO plugin. -->","yoast_head_json":{"title":"BLAGDANSKA DUHOVNA MISAO: Godina A - \u010covjek nadasve 16 - Web-knji\u017eara","robots":{"index":"index","follow":"follow","max-snippet":"max-snippet:-1","max-image-preview":"max-image-preview:large","max-video-preview":"max-video-preview:-1"},"canonical":"https:\/\/webknjizara.hr\/proizvod\/blagdanska-duhovna-misao-godina-a-covjek-nadasve-16\/","og_locale":"en_US","og_type":"article","og_title":"BLAGDANSKA DUHOVNA MISAO: Godina A - \u010covjek nadasve 16 - Web-knji\u017eara","og_description":"Sa\u017eetak: Knjiga sadr\u017ei propovijedi iz razli\u010ditih kalendarskih godina ali sve su u okviru liturgijske godine A. Zapo\u010dinje prvom nedjeljom Do\u0161a\u0161\u0107a i zavr\u0161ava blagdanom Krista Kralja.\u00a0 Bilje\u0161ka o autoru: Ivan Grubi\u0161i\u0107 ro\u0111en je 20. lipnja 1936. u Dicmu. Maturirao je 1956. na Biskupskoj klasi\u010dnoj gimnaziji u Splitu. Diplomirao je 1962. na Bogoslovnom katoli\u010dkom fakultetu u Zagrebu, [&hellip;]","og_url":"https:\/\/webknjizara.hr\/proizvod\/blagdanska-duhovna-misao-godina-a-covjek-nadasve-16\/","og_site_name":"Web-knji\u017eara","article_modified_time":"2023-02-26T23:15:49+00:00","og_image":[{"width":443,"height":800,"url":"https:\/\/webknjizara.hr\/wp-content\/uploads\/nc\/images\/virtuemart\/product\/blagdanska-duhov-50d206ac1aa96.jpg","type":"image\/jpeg"}],"twitter_card":"summary_large_image","twitter_misc":{"Est. reading time":"1 minute"},"schema":{"@context":"https:\/\/schema.org","@graph":[{"@type":"WebPage","@id":"https:\/\/webknjizara.hr\/proizvod\/blagdanska-duhovna-misao-godina-a-covjek-nadasve-16\/","url":"https:\/\/webknjizara.hr\/proizvod\/blagdanska-duhovna-misao-godina-a-covjek-nadasve-16\/","name":"BLAGDANSKA DUHOVNA MISAO: Godina A - \u010covjek nadasve 16 - Web-knji\u017eara","isPartOf":{"@id":"https:\/\/webknjizara.hr\/#website"},"primaryImageOfPage":{"@id":"https:\/\/webknjizara.hr\/proizvod\/blagdanska-duhovna-misao-godina-a-covjek-nadasve-16\/#primaryimage"},"image":{"@id":"https:\/\/webknjizara.hr\/proizvod\/blagdanska-duhovna-misao-godina-a-covjek-nadasve-16\/#primaryimage"},"thumbnailUrl":"https:\/\/webknjizara.hr\/wp-content\/uploads\/nc\/images\/virtuemart\/product\/blagdanska-duhov-50d206ac1aa96.jpg","datePublished":"2012-12-19T18:25:48+00:00","dateModified":"2023-02-26T23:15:49+00:00","breadcrumb":{"@id":"https:\/\/webknjizara.hr\/proizvod\/blagdanska-duhovna-misao-godina-a-covjek-nadasve-16\/#breadcrumb"},"inLanguage":"en-US","potentialAction":[{"@type":"ReadAction","target":["https:\/\/webknjizara.hr\/proizvod\/blagdanska-duhovna-misao-godina-a-covjek-nadasve-16\/"]}]},{"@type":"ImageObject","inLanguage":"en-US","@id":"https:\/\/webknjizara.hr\/proizvod\/blagdanska-duhovna-misao-godina-a-covjek-nadasve-16\/#primaryimage","url":"https:\/\/webknjizara.hr\/wp-content\/uploads\/nc\/images\/virtuemart\/product\/blagdanska-duhov-50d206ac1aa96.jpg","contentUrl":"https:\/\/webknjizara.hr\/wp-content\/uploads\/nc\/images\/virtuemart\/product\/blagdanska-duhov-50d206ac1aa96.jpg","width":443,"height":800,"caption":"BLAGDANSKA DUHOVNA MISAO: Godina A - \u010covjek nadasve 16"},{"@type":"BreadcrumbList","@id":"https:\/\/webknjizara.hr\/proizvod\/blagdanska-duhovna-misao-godina-a-covjek-nadasve-16\/#breadcrumb","itemListElement":[{"@type":"ListItem","position":1,"name":"Po\u010detna stranica","item":"https:\/\/webknjizara.hr\/en\/"},{"@type":"ListItem","position":2,"name":"Shop","item":"https:\/\/webknjizara.hr\/shop\/"},{"@type":"ListItem","position":3,"name":"BLAGDANSKA DUHOVNA MISAO: Godina A &#8211; \u010covjek nadasve 16"}]},{"@type":"WebSite","@id":"https:\/\/webknjizara.hr\/#website","url":"https:\/\/webknjizara.hr\/","name":"Web Knji\u017eara","description":"","publisher":{"@id":"https:\/\/webknjizara.hr\/#organization"},"potentialAction":[{"@type":"SearchAction","target":{"@type":"EntryPoint","urlTemplate":"https:\/\/webknjizara.hr\/?s={search_term_string}"},"query-input":{"@type":"PropertyValueSpecification","valueRequired":true,"valueName":"search_term_string"}}],"inLanguage":"en-US"},{"@type":"Organization","@id":"https:\/\/webknjizara.hr\/#organization","name":"REDAK D.O.O.","url":"https:\/\/webknjizara.hr\/","logo":{"@type":"ImageObject","inLanguage":"en-US","@id":"https:\/\/webknjizara.hr\/#\/schema\/logo\/image\/","url":"https:\/\/webknjizara.hr\/wp-content\/uploads\/2023\/01\/web-knjizara-logo.webp","contentUrl":"https:\/\/webknjizara.hr\/wp-content\/uploads\/2023\/01\/web-knjizara-logo.webp","width":324,"height":79,"caption":"REDAK D.O.O."},"image":{"@id":"https:\/\/webknjizara.hr\/#\/schema\/logo\/image\/"}}]}},"_links":{"self":[{"href":"https:\/\/webknjizara.hr\/en\/wp-json\/wp\/v2\/product\/7589","targetHints":{"allow":["GET"]}}],"collection":[{"href":"https:\/\/webknjizara.hr\/en\/wp-json\/wp\/v2\/product"}],"about":[{"href":"https:\/\/webknjizara.hr\/en\/wp-json\/wp\/v2\/types\/product"}],"replies":[{"embeddable":true,"href":"https:\/\/webknjizara.hr\/en\/wp-json\/wp\/v2\/comments?post=7589"}],"wp:featuredmedia":[{"embeddable":true,"href":"https:\/\/webknjizara.hr\/en\/wp-json\/wp\/v2\/media\/7590"}],"wp:attachment":[{"href":"https:\/\/webknjizara.hr\/en\/wp-json\/wp\/v2\/media?parent=7589"}],"wp:term":[{"taxonomy":"product_brand","embeddable":true,"href":"https:\/\/webknjizara.hr\/en\/wp-json\/wp\/v2\/product_brand?post=7589"},{"taxonomy":"product_cat","embeddable":true,"href":"https:\/\/webknjizara.hr\/en\/wp-json\/wp\/v2\/product_cat?post=7589"},{"taxonomy":"product_tag","embeddable":true,"href":"https:\/\/webknjizara.hr\/en\/wp-json\/wp\/v2\/product_tag?post=7589"}],"curies":[{"name":"wp","href":"https:\/\/api.w.org\/{rel}","templated":true}]}}