{"id":7587,"date":"2012-12-17T19:31:09","date_gmt":"2012-12-17T19:31:09","guid":{"rendered":"https:\/\/webknjizara.hr\/?product=razlozi-za-prekid-nikola-slamic"},"modified":"2023-02-27T00:15:49","modified_gmt":"2023-02-26T23:15:49","slug":"razlozi-za-prekid-nikola-slamic","status":"publish","type":"product","link":"https:\/\/webknjizara.hr\/en\/proizvod\/razlozi-za-prekid-nikola-slamic\/","title":{"rendered":"RAZLOZI ZA PREKID, Nikola Slami\u0107"},"content":{"rendered":"<p><strong>Sa\u017eetak:<\/strong><\/p>\n<p>Iako je sve krenulo kao interna \u0161ala na popularnoj dru\u0161tvenoj mre\u017ei, razlozi za prekid zavr\u0161ili su ukori\u010deni u ovoj knjizi. Zbirka je to ironi\u010dnih ideja koje predstavljaju nepodno\u0161ljive navike i osobine &#8220;boljih&#8221; polovica. <br \/>Nevjera, tre\u0107a osoba, razila\u017eenje u mi\u0161ljenjima o esencijalnim pitanjima razlozi su za prekid koji su \u201eopjevani\u201c nebrojeno puta, no \u0161to je sa svakodnevnim sitnicama koje isto tako mogu sru\u0161iti idealnu sliku partnera? Ova nevelika kolekcija duhovitih situacija donosi upravo takve razloge i ve\u0107inu bi \u010ditatelja trebala nasmijati, a neki \u0107e mo\u017eda i prona\u0107i razloge njihovih neuspjelih (biv\u0161ih) veza.<\/p>\n<p><strong>Bilje\u0161ka o autoru: <\/strong><\/p>\n<p>Ro\u0111en 12.08. 1987 u Splitu. Zavr\u0161io Op\u0107u gimnaziju u Splitu te se seli u Zagreb, gdje zavr\u0161ava Menad\u017ement tr\u017ei\u0161nih komunikacija. \u017divi i radi u Splitu kao urednik portala www.splitculture.hr<\/p>\n<p><strong>Klju\u010dne rije\u010di:<\/strong> ljubav, prekid veze, knjiga,<\/p>\n<p><strong>E-mail:<\/strong> <a href=\"mailto:nikola@splitculture.hr\">Nikola Slami\u0107<\/a><\/p>\n<p><strong>Naslov:<\/strong> Razlozi za prekid<br \/><strong>Autor:<\/strong> Nikola Slami\u0107<br \/><strong>Broj stranica:<\/strong> 56<br \/><strong>Nakladnik:<\/strong> REDAK<br \/><strong>Godina izdanja:<\/strong> 2012.<br \/><strong>ISBN:<\/strong> 978-953-336-022-5<br \/><strong>Tisak:<\/strong> digitalni tisak knjiga &#8211; print na zahtjev<\/p>\n","protected":false},"excerpt":{"rendered":"<p>Sa\u017eetak: Iako je sve krenulo kao interna \u0161ala na popularnoj dru\u0161tvenoj mre\u017ei, razlozi za prekid zavr\u0161ili su ukori\u010deni u ovoj knjizi. Zbirka je to ironi\u010dnih ideja koje predstavljaju nepodno\u0161ljive navike i osobine &#8220;boljih&#8221; polovica. Nevjera, tre\u0107a osoba, razila\u017eenje u mi\u0161ljenjima o esencijalnim pitanjima razlozi su za prekid koji su \u201eopjevani\u201c nebrojeno puta, no \u0161to je [&hellip;]<\/p>\n","protected":false},"featured_media":7588,"comment_status":"open","ping_status":"closed","template":"","meta":{"_acf_changed":false},"product_brand":[],"product_cat":[1517],"product_tag":[],"class_list":{"0":"post-7587","1":"product","2":"type-product","3":"status-publish","4":"has-post-thumbnail","6":"product_cat-strucna-literatura","7":"pa_autor-nikola-slamic","8":"pa_nakladnik-redak","10":"first","11":"instock","12":"shipping-taxable","13":"purchasable","14":"product-type-simple"},"acf":[],"yoast_head":"<!-- This site is optimized with the Yoast SEO plugin v27.3 - https:\/\/yoast.com\/product\/yoast-seo-wordpress\/ -->\n<title>RAZLOZI ZA PREKID, Nikola Slami\u0107 - Web-knji\u017eara<\/title>\n<meta name=\"robots\" content=\"index, follow, max-snippet:-1, max-image-preview:large, max-video-preview:-1\" \/>\n<link rel=\"canonical\" href=\"https:\/\/webknjizara.hr\/proizvod\/razlozi-za-prekid-nikola-slamic\/\" \/>\n<meta property=\"og:locale\" content=\"en_US\" \/>\n<meta property=\"og:type\" content=\"article\" \/>\n<meta property=\"og:title\" content=\"RAZLOZI ZA PREKID, Nikola Slami\u0107 - Web-knji\u017eara\" \/>\n<meta property=\"og:description\" content=\"Sa\u017eetak: Iako je sve krenulo kao interna \u0161ala na popularnoj dru\u0161tvenoj mre\u017ei, razlozi za prekid zavr\u0161ili su ukori\u010deni u ovoj knjizi. Zbirka je to ironi\u010dnih ideja koje predstavljaju nepodno\u0161ljive navike i osobine &#8220;boljih&#8221; polovica. Nevjera, tre\u0107a osoba, razila\u017eenje u mi\u0161ljenjima o esencijalnim pitanjima razlozi su za prekid koji su \u201eopjevani\u201c nebrojeno puta, no \u0161to je [&hellip;]\" \/>\n<meta property=\"og:url\" content=\"https:\/\/webknjizara.hr\/proizvod\/razlozi-za-prekid-nikola-slamic\/\" \/>\n<meta property=\"og:site_name\" content=\"Web-knji\u017eara\" \/>\n<meta property=\"article:modified_time\" content=\"2023-02-26T23:15:49+00:00\" \/>\n<meta property=\"og:image\" content=\"https:\/\/webknjizara.hr\/wp-content\/uploads\/nc\/images\/virtuemart\/product\/razlozi-za-preki-50cf72fda3bc0.jpg\" \/>\n\t<meta property=\"og:image:width\" content=\"298\" \/>\n\t<meta property=\"og:image:height\" content=\"418\" \/>\n\t<meta property=\"og:image:type\" content=\"image\/jpeg\" \/>\n<meta name=\"twitter:card\" content=\"summary_large_image\" \/>\n<meta name=\"twitter:label1\" content=\"Est. reading time\" \/>\n\t<meta name=\"twitter:data1\" content=\"1 minute\" \/>\n<script type=\"application\/ld+json\" class=\"yoast-schema-graph\">{\"@context\":\"https:\\\/\\\/schema.org\",\"@graph\":[{\"@type\":\"WebPage\",\"@id\":\"https:\\\/\\\/webknjizara.hr\\\/proizvod\\\/razlozi-za-prekid-nikola-slamic\\\/\",\"url\":\"https:\\\/\\\/webknjizara.hr\\\/proizvod\\\/razlozi-za-prekid-nikola-slamic\\\/\",\"name\":\"RAZLOZI ZA PREKID, Nikola Slami\u0107 - Web-knji\u017eara\",\"isPartOf\":{\"@id\":\"https:\\\/\\\/webknjizara.hr\\\/#website\"},\"primaryImageOfPage\":{\"@id\":\"https:\\\/\\\/webknjizara.hr\\\/proizvod\\\/razlozi-za-prekid-nikola-slamic\\\/#primaryimage\"},\"image\":{\"@id\":\"https:\\\/\\\/webknjizara.hr\\\/proizvod\\\/razlozi-za-prekid-nikola-slamic\\\/#primaryimage\"},\"thumbnailUrl\":\"https:\\\/\\\/webknjizara.hr\\\/wp-content\\\/uploads\\\/nc\\\/images\\\/virtuemart\\\/product\\\/razlozi-za-preki-50cf72fda3bc0.jpg\",\"datePublished\":\"2012-12-17T19:31:09+00:00\",\"dateModified\":\"2023-02-26T23:15:49+00:00\",\"breadcrumb\":{\"@id\":\"https:\\\/\\\/webknjizara.hr\\\/proizvod\\\/razlozi-za-prekid-nikola-slamic\\\/#breadcrumb\"},\"inLanguage\":\"en-US\",\"potentialAction\":[{\"@type\":\"ReadAction\",\"target\":[\"https:\\\/\\\/webknjizara.hr\\\/proizvod\\\/razlozi-za-prekid-nikola-slamic\\\/\"]}]},{\"@type\":\"ImageObject\",\"inLanguage\":\"en-US\",\"@id\":\"https:\\\/\\\/webknjizara.hr\\\/proizvod\\\/razlozi-za-prekid-nikola-slamic\\\/#primaryimage\",\"url\":\"https:\\\/\\\/webknjizara.hr\\\/wp-content\\\/uploads\\\/nc\\\/images\\\/virtuemart\\\/product\\\/razlozi-za-preki-50cf72fda3bc0.jpg\",\"contentUrl\":\"https:\\\/\\\/webknjizara.hr\\\/wp-content\\\/uploads\\\/nc\\\/images\\\/virtuemart\\\/product\\\/razlozi-za-preki-50cf72fda3bc0.jpg\",\"width\":298,\"height\":418,\"caption\":\"RAZLOZI ZA PREKID, Nikola Slami\u0107\"},{\"@type\":\"BreadcrumbList\",\"@id\":\"https:\\\/\\\/webknjizara.hr\\\/proizvod\\\/razlozi-za-prekid-nikola-slamic\\\/#breadcrumb\",\"itemListElement\":[{\"@type\":\"ListItem\",\"position\":1,\"name\":\"Po\u010detna stranica\",\"item\":\"https:\\\/\\\/webknjizara.hr\\\/en\\\/\"},{\"@type\":\"ListItem\",\"position\":2,\"name\":\"Shop\",\"item\":\"https:\\\/\\\/webknjizara.hr\\\/shop\\\/\"},{\"@type\":\"ListItem\",\"position\":3,\"name\":\"RAZLOZI ZA PREKID, Nikola Slami\u0107\"}]},{\"@type\":\"WebSite\",\"@id\":\"https:\\\/\\\/webknjizara.hr\\\/#website\",\"url\":\"https:\\\/\\\/webknjizara.hr\\\/\",\"name\":\"Web Knji\u017eara\",\"description\":\"\",\"publisher\":{\"@id\":\"https:\\\/\\\/webknjizara.hr\\\/#organization\"},\"potentialAction\":[{\"@type\":\"SearchAction\",\"target\":{\"@type\":\"EntryPoint\",\"urlTemplate\":\"https:\\\/\\\/webknjizara.hr\\\/?s={search_term_string}\"},\"query-input\":{\"@type\":\"PropertyValueSpecification\",\"valueRequired\":true,\"valueName\":\"search_term_string\"}}],\"inLanguage\":\"en-US\"},{\"@type\":\"Organization\",\"@id\":\"https:\\\/\\\/webknjizara.hr\\\/#organization\",\"name\":\"REDAK D.O.O.\",\"url\":\"https:\\\/\\\/webknjizara.hr\\\/\",\"logo\":{\"@type\":\"ImageObject\",\"inLanguage\":\"en-US\",\"@id\":\"https:\\\/\\\/webknjizara.hr\\\/#\\\/schema\\\/logo\\\/image\\\/\",\"url\":\"https:\\\/\\\/webknjizara.hr\\\/wp-content\\\/uploads\\\/2023\\\/01\\\/web-knjizara-logo.webp\",\"contentUrl\":\"https:\\\/\\\/webknjizara.hr\\\/wp-content\\\/uploads\\\/2023\\\/01\\\/web-knjizara-logo.webp\",\"width\":324,\"height\":79,\"caption\":\"REDAK D.O.O.\"},\"image\":{\"@id\":\"https:\\\/\\\/webknjizara.hr\\\/#\\\/schema\\\/logo\\\/image\\\/\"}}]}<\/script>\n<!-- \/ Yoast SEO plugin. -->","yoast_head_json":{"title":"RAZLOZI ZA PREKID, Nikola Slami\u0107 - Web-knji\u017eara","robots":{"index":"index","follow":"follow","max-snippet":"max-snippet:-1","max-image-preview":"max-image-preview:large","max-video-preview":"max-video-preview:-1"},"canonical":"https:\/\/webknjizara.hr\/proizvod\/razlozi-za-prekid-nikola-slamic\/","og_locale":"en_US","og_type":"article","og_title":"RAZLOZI ZA PREKID, Nikola Slami\u0107 - Web-knji\u017eara","og_description":"Sa\u017eetak: Iako je sve krenulo kao interna \u0161ala na popularnoj dru\u0161tvenoj mre\u017ei, razlozi za prekid zavr\u0161ili su ukori\u010deni u ovoj knjizi. Zbirka je to ironi\u010dnih ideja koje predstavljaju nepodno\u0161ljive navike i osobine &#8220;boljih&#8221; polovica. Nevjera, tre\u0107a osoba, razila\u017eenje u mi\u0161ljenjima o esencijalnim pitanjima razlozi su za prekid koji su \u201eopjevani\u201c nebrojeno puta, no \u0161to je [&hellip;]","og_url":"https:\/\/webknjizara.hr\/proizvod\/razlozi-za-prekid-nikola-slamic\/","og_site_name":"Web-knji\u017eara","article_modified_time":"2023-02-26T23:15:49+00:00","og_image":[{"width":298,"height":418,"url":"https:\/\/webknjizara.hr\/wp-content\/uploads\/nc\/images\/virtuemart\/product\/razlozi-za-preki-50cf72fda3bc0.jpg","type":"image\/jpeg"}],"twitter_card":"summary_large_image","twitter_misc":{"Est. reading time":"1 minute"},"schema":{"@context":"https:\/\/schema.org","@graph":[{"@type":"WebPage","@id":"https:\/\/webknjizara.hr\/proizvod\/razlozi-za-prekid-nikola-slamic\/","url":"https:\/\/webknjizara.hr\/proizvod\/razlozi-za-prekid-nikola-slamic\/","name":"RAZLOZI ZA PREKID, Nikola Slami\u0107 - Web-knji\u017eara","isPartOf":{"@id":"https:\/\/webknjizara.hr\/#website"},"primaryImageOfPage":{"@id":"https:\/\/webknjizara.hr\/proizvod\/razlozi-za-prekid-nikola-slamic\/#primaryimage"},"image":{"@id":"https:\/\/webknjizara.hr\/proizvod\/razlozi-za-prekid-nikola-slamic\/#primaryimage"},"thumbnailUrl":"https:\/\/webknjizara.hr\/wp-content\/uploads\/nc\/images\/virtuemart\/product\/razlozi-za-preki-50cf72fda3bc0.jpg","datePublished":"2012-12-17T19:31:09+00:00","dateModified":"2023-02-26T23:15:49+00:00","breadcrumb":{"@id":"https:\/\/webknjizara.hr\/proizvod\/razlozi-za-prekid-nikola-slamic\/#breadcrumb"},"inLanguage":"en-US","potentialAction":[{"@type":"ReadAction","target":["https:\/\/webknjizara.hr\/proizvod\/razlozi-za-prekid-nikola-slamic\/"]}]},{"@type":"ImageObject","inLanguage":"en-US","@id":"https:\/\/webknjizara.hr\/proizvod\/razlozi-za-prekid-nikola-slamic\/#primaryimage","url":"https:\/\/webknjizara.hr\/wp-content\/uploads\/nc\/images\/virtuemart\/product\/razlozi-za-preki-50cf72fda3bc0.jpg","contentUrl":"https:\/\/webknjizara.hr\/wp-content\/uploads\/nc\/images\/virtuemart\/product\/razlozi-za-preki-50cf72fda3bc0.jpg","width":298,"height":418,"caption":"RAZLOZI ZA PREKID, Nikola Slami\u0107"},{"@type":"BreadcrumbList","@id":"https:\/\/webknjizara.hr\/proizvod\/razlozi-za-prekid-nikola-slamic\/#breadcrumb","itemListElement":[{"@type":"ListItem","position":1,"name":"Po\u010detna stranica","item":"https:\/\/webknjizara.hr\/en\/"},{"@type":"ListItem","position":2,"name":"Shop","item":"https:\/\/webknjizara.hr\/shop\/"},{"@type":"ListItem","position":3,"name":"RAZLOZI ZA PREKID, Nikola Slami\u0107"}]},{"@type":"WebSite","@id":"https:\/\/webknjizara.hr\/#website","url":"https:\/\/webknjizara.hr\/","name":"Web Knji\u017eara","description":"","publisher":{"@id":"https:\/\/webknjizara.hr\/#organization"},"potentialAction":[{"@type":"SearchAction","target":{"@type":"EntryPoint","urlTemplate":"https:\/\/webknjizara.hr\/?s={search_term_string}"},"query-input":{"@type":"PropertyValueSpecification","valueRequired":true,"valueName":"search_term_string"}}],"inLanguage":"en-US"},{"@type":"Organization","@id":"https:\/\/webknjizara.hr\/#organization","name":"REDAK D.O.O.","url":"https:\/\/webknjizara.hr\/","logo":{"@type":"ImageObject","inLanguage":"en-US","@id":"https:\/\/webknjizara.hr\/#\/schema\/logo\/image\/","url":"https:\/\/webknjizara.hr\/wp-content\/uploads\/2023\/01\/web-knjizara-logo.webp","contentUrl":"https:\/\/webknjizara.hr\/wp-content\/uploads\/2023\/01\/web-knjizara-logo.webp","width":324,"height":79,"caption":"REDAK D.O.O."},"image":{"@id":"https:\/\/webknjizara.hr\/#\/schema\/logo\/image\/"}}]}},"_links":{"self":[{"href":"https:\/\/webknjizara.hr\/en\/wp-json\/wp\/v2\/product\/7587","targetHints":{"allow":["GET"]}}],"collection":[{"href":"https:\/\/webknjizara.hr\/en\/wp-json\/wp\/v2\/product"}],"about":[{"href":"https:\/\/webknjizara.hr\/en\/wp-json\/wp\/v2\/types\/product"}],"replies":[{"embeddable":true,"href":"https:\/\/webknjizara.hr\/en\/wp-json\/wp\/v2\/comments?post=7587"}],"wp:featuredmedia":[{"embeddable":true,"href":"https:\/\/webknjizara.hr\/en\/wp-json\/wp\/v2\/media\/7588"}],"wp:attachment":[{"href":"https:\/\/webknjizara.hr\/en\/wp-json\/wp\/v2\/media?parent=7587"}],"wp:term":[{"taxonomy":"product_brand","embeddable":true,"href":"https:\/\/webknjizara.hr\/en\/wp-json\/wp\/v2\/product_brand?post=7587"},{"taxonomy":"product_cat","embeddable":true,"href":"https:\/\/webknjizara.hr\/en\/wp-json\/wp\/v2\/product_cat?post=7587"},{"taxonomy":"product_tag","embeddable":true,"href":"https:\/\/webknjizara.hr\/en\/wp-json\/wp\/v2\/product_tag?post=7587"}],"curies":[{"name":"wp","href":"https:\/\/api.w.org\/{rel}","templated":true}]}}