{"id":7581,"date":"2012-12-14T21:56:15","date_gmt":"2012-12-14T21:56:15","guid":{"rendered":"https:\/\/webknjizara.hr\/?product=bijeda-sjaj-ljubav-i-tragedija-jakov-sosic"},"modified":"2023-02-27T00:15:48","modified_gmt":"2023-02-26T23:15:48","slug":"bijeda-sjaj-ljubav-i-tragedija-jakov-sosic","status":"publish","type":"product","link":"https:\/\/webknjizara.hr\/en\/proizvod\/bijeda-sjaj-ljubav-i-tragedija-jakov-sosic\/","title":{"rendered":"BIJEDA, SJAJ, LJUBAV I TRAGEDIJA, Jakov \u0160o\u0161i\u0107"},"content":{"rendered":"<p><\/p>\n<div style=\"text-align: justify;\"><strong>Sa\u017eetak:<\/strong><\/p>\n<p>Uvod u ovu pri\u010du koja ka\u017ee kako je po\u010delo u malom mistu koje je bilo i previ\u0161e siroma\u0161no. Njegovi mje\u0161tani \u017eivili su u bijedi sa te\u0161kim radom na \u0161krtoj zemlji koja slabo ploda daje, jedna obitelj mu\u017e, \u017eena, troje djece bez izgleda da se \u0161koluje prisiljene da po\u0161alju stariju \u0107er koja je volila u\u010dit odlazi u grad kod jedne porodice da slu\u017ei i da \u010duva malenu curicu i \u010disti ku\u0107u ali joj propada nada da bi u\u010dila. Ali joj se otvara \u0161ansa da postane bogata i bez \u0161kole i da bi tako pomogla brata i sestru sve to posti\u017ee uz \u017ertvu svoje mladosti koja \u0107e jo\u0161 mlada do\u017eivit tragediju i izgubit nadu u ljubav koju vi\u0161e nikada ne\u0107e mo\u0107 podijelit sa voljenim. Pa to je prava tragedija koja se rijetkima doga\u0111a. Ali se njoj dogodilo da tuguje do kraja \u017eivota. <\/p>\n<p>Ova pri\u010da kazat \u0107e jedan doga\u0111aj koji se dogodija u jednom malom mjestu do tada ne\u010duveni slu\u010daj na takovi na\u010din da se dogodi zato \u017eelim u ovoj pri\u010di kazati \u0161to se sve doga\u0111alo i kako se je odigralo nekome na \u017ealost dok drugome na sre\u0107u.<\/p>\n<p><strong>Klju\u010dne rije\u010di:<\/strong> Jakov \u0160o\u0161i\u0107, Bijeda, sjaj, ljubav i tragedija<\/p>\n<p><strong>Naslov:<\/strong> Bijeda, sjaj, ljubav i tragedija<br \/><strong>Autor:<\/strong> Jakov \u0160o\u0161i\u0107<br \/><strong>Broj stranica:<\/strong> 172<br \/><strong>Nakladnik:<\/strong> REDAK<br \/><strong>Godina izdanja:<\/strong> 2012.<br \/><strong>ISBN:<\/strong> 978-953-336-020-1<br \/><strong>Tisak: <\/strong>digitalni tisak knjiga &#8211; print na zahtjev<\/div>\n","protected":false},"excerpt":{"rendered":"<p>Sa\u017eetak: Uvod u ovu pri\u010du koja ka\u017ee kako je po\u010delo u malom mistu koje je bilo i previ\u0161e siroma\u0161no. Njegovi mje\u0161tani \u017eivili su u bijedi sa te\u0161kim radom na \u0161krtoj zemlji koja slabo ploda daje, jedna obitelj mu\u017e, \u017eena, troje djece bez izgleda da se \u0161koluje prisiljene da po\u0161alju stariju \u0107er koja je volila u\u010dit [&hellip;]<\/p>\n","protected":false},"featured_media":7582,"comment_status":"open","ping_status":"closed","template":"","meta":{"_acf_changed":false},"product_brand":[],"product_cat":[1383,1385,1388],"product_tag":[],"class_list":{"0":"post-7581","1":"product","2":"type-product","3":"status-publish","4":"has-post-thumbnail","6":"product_cat-knjige","7":"product_cat-knjizevnost","8":"product_cat-poezija","9":"pa_autor-jakov-sosic","10":"pa_nakladnik-redak","12":"first","13":"instock","14":"shipping-taxable","15":"purchasable","16":"product-type-simple"},"acf":[],"yoast_head":"<!-- This site is optimized with the Yoast SEO plugin v27.3 - https:\/\/yoast.com\/product\/yoast-seo-wordpress\/ -->\n<title>BIJEDA, SJAJ, LJUBAV I TRAGEDIJA, Jakov \u0160o\u0161i\u0107 - Web-knji\u017eara<\/title>\n<meta name=\"robots\" content=\"index, follow, max-snippet:-1, max-image-preview:large, max-video-preview:-1\" \/>\n<link rel=\"canonical\" href=\"https:\/\/webknjizara.hr\/proizvod\/bijeda-sjaj-ljubav-i-tragedija-jakov-sosic\/\" \/>\n<meta property=\"og:locale\" content=\"en_US\" \/>\n<meta property=\"og:type\" content=\"article\" \/>\n<meta property=\"og:title\" content=\"BIJEDA, SJAJ, LJUBAV I TRAGEDIJA, Jakov \u0160o\u0161i\u0107 - Web-knji\u017eara\" \/>\n<meta property=\"og:description\" content=\"Sa\u017eetak: Uvod u ovu pri\u010du koja ka\u017ee kako je po\u010delo u malom mistu koje je bilo i previ\u0161e siroma\u0161no. Njegovi mje\u0161tani \u017eivili su u bijedi sa te\u0161kim radom na \u0161krtoj zemlji koja slabo ploda daje, jedna obitelj mu\u017e, \u017eena, troje djece bez izgleda da se \u0161koluje prisiljene da po\u0161alju stariju \u0107er koja je volila u\u010dit [&hellip;]\" \/>\n<meta property=\"og:url\" content=\"https:\/\/webknjizara.hr\/proizvod\/bijeda-sjaj-ljubav-i-tragedija-jakov-sosic\/\" \/>\n<meta property=\"og:site_name\" content=\"Web-knji\u017eara\" \/>\n<meta property=\"article:modified_time\" content=\"2023-02-26T23:15:48+00:00\" \/>\n<meta property=\"og:image\" content=\"https:\/\/webknjizara.hr\/wp-content\/uploads\/nc\/images\/virtuemart\/product\/bijeda-sjaj-lj-50cba07f3bee3.jpg\" \/>\n\t<meta property=\"og:image:width\" content=\"419\" \/>\n\t<meta property=\"og:image:height\" content=\"598\" \/>\n\t<meta property=\"og:image:type\" content=\"image\/jpeg\" \/>\n<meta name=\"twitter:card\" content=\"summary_large_image\" \/>\n<meta name=\"twitter:label1\" content=\"Est. reading time\" \/>\n\t<meta name=\"twitter:data1\" content=\"1 minute\" \/>\n<script type=\"application\/ld+json\" class=\"yoast-schema-graph\">{\"@context\":\"https:\\\/\\\/schema.org\",\"@graph\":[{\"@type\":\"WebPage\",\"@id\":\"https:\\\/\\\/webknjizara.hr\\\/proizvod\\\/bijeda-sjaj-ljubav-i-tragedija-jakov-sosic\\\/\",\"url\":\"https:\\\/\\\/webknjizara.hr\\\/proizvod\\\/bijeda-sjaj-ljubav-i-tragedija-jakov-sosic\\\/\",\"name\":\"BIJEDA, SJAJ, LJUBAV I TRAGEDIJA, Jakov \u0160o\u0161i\u0107 - Web-knji\u017eara\",\"isPartOf\":{\"@id\":\"https:\\\/\\\/webknjizara.hr\\\/#website\"},\"primaryImageOfPage\":{\"@id\":\"https:\\\/\\\/webknjizara.hr\\\/proizvod\\\/bijeda-sjaj-ljubav-i-tragedija-jakov-sosic\\\/#primaryimage\"},\"image\":{\"@id\":\"https:\\\/\\\/webknjizara.hr\\\/proizvod\\\/bijeda-sjaj-ljubav-i-tragedija-jakov-sosic\\\/#primaryimage\"},\"thumbnailUrl\":\"https:\\\/\\\/webknjizara.hr\\\/wp-content\\\/uploads\\\/nc\\\/images\\\/virtuemart\\\/product\\\/bijeda-sjaj-lj-50cba07f3bee3.jpg\",\"datePublished\":\"2012-12-14T21:56:15+00:00\",\"dateModified\":\"2023-02-26T23:15:48+00:00\",\"breadcrumb\":{\"@id\":\"https:\\\/\\\/webknjizara.hr\\\/proizvod\\\/bijeda-sjaj-ljubav-i-tragedija-jakov-sosic\\\/#breadcrumb\"},\"inLanguage\":\"en-US\",\"potentialAction\":[{\"@type\":\"ReadAction\",\"target\":[\"https:\\\/\\\/webknjizara.hr\\\/proizvod\\\/bijeda-sjaj-ljubav-i-tragedija-jakov-sosic\\\/\"]}]},{\"@type\":\"ImageObject\",\"inLanguage\":\"en-US\",\"@id\":\"https:\\\/\\\/webknjizara.hr\\\/proizvod\\\/bijeda-sjaj-ljubav-i-tragedija-jakov-sosic\\\/#primaryimage\",\"url\":\"https:\\\/\\\/webknjizara.hr\\\/wp-content\\\/uploads\\\/nc\\\/images\\\/virtuemart\\\/product\\\/bijeda-sjaj-lj-50cba07f3bee3.jpg\",\"contentUrl\":\"https:\\\/\\\/webknjizara.hr\\\/wp-content\\\/uploads\\\/nc\\\/images\\\/virtuemart\\\/product\\\/bijeda-sjaj-lj-50cba07f3bee3.jpg\",\"width\":419,\"height\":598,\"caption\":\"BIJEDA, SJAJ, LJUBAV I TRAGEDIJA, Jakov \u0160o\u0161i\u0107\"},{\"@type\":\"BreadcrumbList\",\"@id\":\"https:\\\/\\\/webknjizara.hr\\\/proizvod\\\/bijeda-sjaj-ljubav-i-tragedija-jakov-sosic\\\/#breadcrumb\",\"itemListElement\":[{\"@type\":\"ListItem\",\"position\":1,\"name\":\"Po\u010detna stranica\",\"item\":\"https:\\\/\\\/webknjizara.hr\\\/en\\\/\"},{\"@type\":\"ListItem\",\"position\":2,\"name\":\"Shop\",\"item\":\"https:\\\/\\\/webknjizara.hr\\\/shop\\\/\"},{\"@type\":\"ListItem\",\"position\":3,\"name\":\"BIJEDA, SJAJ, LJUBAV I TRAGEDIJA, Jakov \u0160o\u0161i\u0107\"}]},{\"@type\":\"WebSite\",\"@id\":\"https:\\\/\\\/webknjizara.hr\\\/#website\",\"url\":\"https:\\\/\\\/webknjizara.hr\\\/\",\"name\":\"Web Knji\u017eara\",\"description\":\"\",\"publisher\":{\"@id\":\"https:\\\/\\\/webknjizara.hr\\\/#organization\"},\"potentialAction\":[{\"@type\":\"SearchAction\",\"target\":{\"@type\":\"EntryPoint\",\"urlTemplate\":\"https:\\\/\\\/webknjizara.hr\\\/?s={search_term_string}\"},\"query-input\":{\"@type\":\"PropertyValueSpecification\",\"valueRequired\":true,\"valueName\":\"search_term_string\"}}],\"inLanguage\":\"en-US\"},{\"@type\":\"Organization\",\"@id\":\"https:\\\/\\\/webknjizara.hr\\\/#organization\",\"name\":\"REDAK D.O.O.\",\"url\":\"https:\\\/\\\/webknjizara.hr\\\/\",\"logo\":{\"@type\":\"ImageObject\",\"inLanguage\":\"en-US\",\"@id\":\"https:\\\/\\\/webknjizara.hr\\\/#\\\/schema\\\/logo\\\/image\\\/\",\"url\":\"https:\\\/\\\/webknjizara.hr\\\/wp-content\\\/uploads\\\/2023\\\/01\\\/web-knjizara-logo.webp\",\"contentUrl\":\"https:\\\/\\\/webknjizara.hr\\\/wp-content\\\/uploads\\\/2023\\\/01\\\/web-knjizara-logo.webp\",\"width\":324,\"height\":79,\"caption\":\"REDAK D.O.O.\"},\"image\":{\"@id\":\"https:\\\/\\\/webknjizara.hr\\\/#\\\/schema\\\/logo\\\/image\\\/\"}}]}<\/script>\n<!-- \/ Yoast SEO plugin. -->","yoast_head_json":{"title":"BIJEDA, SJAJ, LJUBAV I TRAGEDIJA, Jakov \u0160o\u0161i\u0107 - Web-knji\u017eara","robots":{"index":"index","follow":"follow","max-snippet":"max-snippet:-1","max-image-preview":"max-image-preview:large","max-video-preview":"max-video-preview:-1"},"canonical":"https:\/\/webknjizara.hr\/proizvod\/bijeda-sjaj-ljubav-i-tragedija-jakov-sosic\/","og_locale":"en_US","og_type":"article","og_title":"BIJEDA, SJAJ, LJUBAV I TRAGEDIJA, Jakov \u0160o\u0161i\u0107 - Web-knji\u017eara","og_description":"Sa\u017eetak: Uvod u ovu pri\u010du koja ka\u017ee kako je po\u010delo u malom mistu koje je bilo i previ\u0161e siroma\u0161no. Njegovi mje\u0161tani \u017eivili su u bijedi sa te\u0161kim radom na \u0161krtoj zemlji koja slabo ploda daje, jedna obitelj mu\u017e, \u017eena, troje djece bez izgleda da se \u0161koluje prisiljene da po\u0161alju stariju \u0107er koja je volila u\u010dit [&hellip;]","og_url":"https:\/\/webknjizara.hr\/proizvod\/bijeda-sjaj-ljubav-i-tragedija-jakov-sosic\/","og_site_name":"Web-knji\u017eara","article_modified_time":"2023-02-26T23:15:48+00:00","og_image":[{"width":419,"height":598,"url":"https:\/\/webknjizara.hr\/wp-content\/uploads\/nc\/images\/virtuemart\/product\/bijeda-sjaj-lj-50cba07f3bee3.jpg","type":"image\/jpeg"}],"twitter_card":"summary_large_image","twitter_misc":{"Est. reading time":"1 minute"},"schema":{"@context":"https:\/\/schema.org","@graph":[{"@type":"WebPage","@id":"https:\/\/webknjizara.hr\/proizvod\/bijeda-sjaj-ljubav-i-tragedija-jakov-sosic\/","url":"https:\/\/webknjizara.hr\/proizvod\/bijeda-sjaj-ljubav-i-tragedija-jakov-sosic\/","name":"BIJEDA, SJAJ, LJUBAV I TRAGEDIJA, Jakov \u0160o\u0161i\u0107 - Web-knji\u017eara","isPartOf":{"@id":"https:\/\/webknjizara.hr\/#website"},"primaryImageOfPage":{"@id":"https:\/\/webknjizara.hr\/proizvod\/bijeda-sjaj-ljubav-i-tragedija-jakov-sosic\/#primaryimage"},"image":{"@id":"https:\/\/webknjizara.hr\/proizvod\/bijeda-sjaj-ljubav-i-tragedija-jakov-sosic\/#primaryimage"},"thumbnailUrl":"https:\/\/webknjizara.hr\/wp-content\/uploads\/nc\/images\/virtuemart\/product\/bijeda-sjaj-lj-50cba07f3bee3.jpg","datePublished":"2012-12-14T21:56:15+00:00","dateModified":"2023-02-26T23:15:48+00:00","breadcrumb":{"@id":"https:\/\/webknjizara.hr\/proizvod\/bijeda-sjaj-ljubav-i-tragedija-jakov-sosic\/#breadcrumb"},"inLanguage":"en-US","potentialAction":[{"@type":"ReadAction","target":["https:\/\/webknjizara.hr\/proizvod\/bijeda-sjaj-ljubav-i-tragedija-jakov-sosic\/"]}]},{"@type":"ImageObject","inLanguage":"en-US","@id":"https:\/\/webknjizara.hr\/proizvod\/bijeda-sjaj-ljubav-i-tragedija-jakov-sosic\/#primaryimage","url":"https:\/\/webknjizara.hr\/wp-content\/uploads\/nc\/images\/virtuemart\/product\/bijeda-sjaj-lj-50cba07f3bee3.jpg","contentUrl":"https:\/\/webknjizara.hr\/wp-content\/uploads\/nc\/images\/virtuemart\/product\/bijeda-sjaj-lj-50cba07f3bee3.jpg","width":419,"height":598,"caption":"BIJEDA, SJAJ, LJUBAV I TRAGEDIJA, Jakov \u0160o\u0161i\u0107"},{"@type":"BreadcrumbList","@id":"https:\/\/webknjizara.hr\/proizvod\/bijeda-sjaj-ljubav-i-tragedija-jakov-sosic\/#breadcrumb","itemListElement":[{"@type":"ListItem","position":1,"name":"Po\u010detna stranica","item":"https:\/\/webknjizara.hr\/en\/"},{"@type":"ListItem","position":2,"name":"Shop","item":"https:\/\/webknjizara.hr\/shop\/"},{"@type":"ListItem","position":3,"name":"BIJEDA, SJAJ, LJUBAV I TRAGEDIJA, Jakov \u0160o\u0161i\u0107"}]},{"@type":"WebSite","@id":"https:\/\/webknjizara.hr\/#website","url":"https:\/\/webknjizara.hr\/","name":"Web Knji\u017eara","description":"","publisher":{"@id":"https:\/\/webknjizara.hr\/#organization"},"potentialAction":[{"@type":"SearchAction","target":{"@type":"EntryPoint","urlTemplate":"https:\/\/webknjizara.hr\/?s={search_term_string}"},"query-input":{"@type":"PropertyValueSpecification","valueRequired":true,"valueName":"search_term_string"}}],"inLanguage":"en-US"},{"@type":"Organization","@id":"https:\/\/webknjizara.hr\/#organization","name":"REDAK D.O.O.","url":"https:\/\/webknjizara.hr\/","logo":{"@type":"ImageObject","inLanguage":"en-US","@id":"https:\/\/webknjizara.hr\/#\/schema\/logo\/image\/","url":"https:\/\/webknjizara.hr\/wp-content\/uploads\/2023\/01\/web-knjizara-logo.webp","contentUrl":"https:\/\/webknjizara.hr\/wp-content\/uploads\/2023\/01\/web-knjizara-logo.webp","width":324,"height":79,"caption":"REDAK D.O.O."},"image":{"@id":"https:\/\/webknjizara.hr\/#\/schema\/logo\/image\/"}}]}},"_links":{"self":[{"href":"https:\/\/webknjizara.hr\/en\/wp-json\/wp\/v2\/product\/7581","targetHints":{"allow":["GET"]}}],"collection":[{"href":"https:\/\/webknjizara.hr\/en\/wp-json\/wp\/v2\/product"}],"about":[{"href":"https:\/\/webknjizara.hr\/en\/wp-json\/wp\/v2\/types\/product"}],"replies":[{"embeddable":true,"href":"https:\/\/webknjizara.hr\/en\/wp-json\/wp\/v2\/comments?post=7581"}],"wp:featuredmedia":[{"embeddable":true,"href":"https:\/\/webknjizara.hr\/en\/wp-json\/wp\/v2\/media\/7582"}],"wp:attachment":[{"href":"https:\/\/webknjizara.hr\/en\/wp-json\/wp\/v2\/media?parent=7581"}],"wp:term":[{"taxonomy":"product_brand","embeddable":true,"href":"https:\/\/webknjizara.hr\/en\/wp-json\/wp\/v2\/product_brand?post=7581"},{"taxonomy":"product_cat","embeddable":true,"href":"https:\/\/webknjizara.hr\/en\/wp-json\/wp\/v2\/product_cat?post=7581"},{"taxonomy":"product_tag","embeddable":true,"href":"https:\/\/webknjizara.hr\/en\/wp-json\/wp\/v2\/product_tag?post=7581"}],"curies":[{"name":"wp","href":"https:\/\/api.w.org\/{rel}","templated":true}]}}