{"id":7573,"date":"2012-12-02T19:38:43","date_gmt":"2012-12-02T19:38:43","guid":{"rendered":"https:\/\/webknjizara.hr\/?product=moja-skola-kreativnog-pisanja-ana-grabovac"},"modified":"2023-12-11T08:06:47","modified_gmt":"2023-12-11T07:06:47","slug":"moja-skola-kreativnog-pisanja-ana-grabovac","status":"publish","type":"product","link":"https:\/\/webknjizara.hr\/en\/proizvod\/moja-skola-kreativnog-pisanja-ana-grabovac\/","title":{"rendered":"MOJA \u0160KOLA KREATIVNOG PISANJA, Ana Grabovac"},"content":{"rendered":"<p><strong>\u00a0<\/strong><\/p>\n<div style=\"text-align: justify;\">\n<p><strong>Sa\u017eetak:<\/strong><\/p>\n<p>Jedna obavijest na lokalnoj radio stanici, po\u010detkom jeseni pro\u0161le godine, pokrenula je moju, davno zatomljenu, potrebu.<br \/>\nI izmijenila moj na\u010din razmi\u0161ljanja sljede\u0107ih \u0161est mjeseci.<br \/>\nObavijest se, naime, odnosila na otvaranje \u0161kole \u201ekreativnog pisanja\u201c u Gradskoj knji\u017enici Marka Maruli\u0107a. Gospo\u0111a Ingrid Poljani\u0107 (voditeljica programa kulturnih aktivnosti u GKMM) informirala je slu\u0161atelje o otvaranju i programu te \u0161kole.<br \/>\nMogu je poha\u0111ati svi oni \u017eeljni pisanja. Iz \u010diste potrebe da svoje misli slo\u017ee u re\u010denice i napisane pri\u010de puste u \u201e\u017eivot\u201c. Ta mogu\u0107nost neformalnog kreativnog pisanja sasvim je okupirala moje misli.<br \/>\nI \u017eeljno sam htjela u tu \u0161kolu. Oduvijek je pisanje bilo moja velika potreba. U pro\u0161lom vremenu mi je \u010desto pomagalo promijeniti nenaklonjene mi trenutke, ispuniti osamu, umanjiti zaboravljenost\u2026<br \/>\nRije\u010di slo\u017eene od vokala i konsonanata \u0161to su u re\u010denicama stvarale pri\u010du, smirivale su moje vrijeme. I osje\u0107ala sam se dobro.<br \/>\nKrenula sam tragom obavijesti. Poslala davno napisani tekst (ve\u0107 dugo ni\u0161ta nisam bila napisala) kao upisnicu. I bila primljena.<br \/>\nNa prvom \u0161kolskom satu prozivke i upoznavanja, osje\u0107ala sam uzbu\u0111enje. Gotovo isto onom davno, kad sam vo\u0111ena rukom roditelja bila na prozivci 1. razreda osnovne \u0161kole. Mlada profesorica Irena Delonga prisnim, neformalnim razgovorom (punog pr\u0161te\u0107ih konsonanata lokalnog govora) u jednoj le\u017eernoj atmosferi, upoznala nas je s radom i na\u0161im obavezama u \u0161koli \u201ekreativnog pisanja\u201c \u010diji smo \u0111aci upravo postali.<br \/>\nVelika grupa budu\u0107ih \u201eliterata\u201c (razli\u010ditog zvanja, zanimanja i godina) bila je spremna za poduku. Tako je zapo\u010dela moja \u0161kola, a meni se otvorila \u201ePandorina kutija\u201c puna samo dobrih darova. Poslije toliko vremena nepisanja bilo je pravo umije\u0107e zapo\u010deti pisati i napisati prvu pri\u010du.<br \/>\nMoram priznati da sam se prili\u010dno namu\u010dila.<br \/>\n\u010cak htjela i odustati od ove moje potrebe, osobito kada sam \u010dula, na prvim satovima pri\u010de \u0161to su napisali moje kolege. \u010cinilo mi se kako me naprosto \u201epresko\u010dilo vrijeme\u201c. No potreba je bila o\u010dito ja\u010da od eventualne neuspje\u0161nosti. Bila sam uporna. Redovita na svim satovima. Napisala sam svaki doma\u0107i rad i trudila se da svaka moja pri\u010da ispuni okvir zadane teme. Sve moje pro\u010ditane pri\u010de komentirali su, uz moju profesoricu, i moje kolege.<br \/>\nSugestije su bile iskrene, kolegijalne i u dobroj namjeri. Prihva\u0107ala sam ih nastoje\u0107i sljede\u0107u pri\u010du napisati bolje. \u0160kola \u201ekreativnog pisanja\u201c mi je zaista pru\u017eila puno sretnih trenutaka.<br \/>\nOmogu\u0107ila je mojim rije\u010dima putovanje bez zadr\u0161ke, a mojim pri\u010dama \u017dIVOTNOST.<\/p>\n<p><strong>Bilje\u0161ka o autorici: <\/strong><\/p>\n<p>Sada ve\u0107 vreme\u0161na ku\u0107anica s neiskori\u0161tenom diplomom hrvatskog jezika i knji\u017eevnosti, jer nikada nisam uspjela biti u radnom odnosu, a time ni ste\u0107i mirovinu.<br \/>\nOduvijek sam voljela rije\u010di i slu\u017ee\u0107i se njima slagati misli, tekstove, pri\u010de.<br \/>\nPosebne \u017eivotne okolnosti uobli\u010dile su moj \u017eivot u neuobi\u010dajeni okvir. Pratila sam, naime, supruga pomorca trideset i ne\u0161to godina plove\u0107i plavim putovima po svijetu.<br \/>\nU \u010destim trenucima osame ili zaboravljenosti pomagale su mi rije\u010di kojima sam oblikovala misli i praznila se od emocija. Pi\u0161u\u0107i brodski dnevnik, koji u mnogobrojnim bilje\u017enicama \u010deka objavljivanje.<br \/>\n\u0160kola kreativnog pisanja pomogla mi je, da u ovim ozbiljnim godinama, ponovno otkrijem rije\u010di i oblikujem ih u misli, tekstove, pri\u010de.<br \/>\nNa toj otkrivenoj radosti istinski zahvaljujem mojoj izuzetnoj profesorici Ireni Delonga.<\/p>\n<p><strong>Klju\u010dne rije\u010di:<\/strong> Ana Grabovac, Moja \u0161kola kreativnog pisanja, Gradska knji\u017enica Marka Maruli\u0107a.<\/p>\n<p><strong>Naslov:<\/strong> Moja \u0161kola kreativnog pisanja<br \/>\n<strong>Autor:<\/strong> Ana Grabovac<br \/>\n<strong>Broj stranica:<\/strong> 158<br \/>\n<strong>Nakladnik:<\/strong> REDAK<br \/>\n<strong>Godina izdanja:<\/strong> 2012.<br \/>\n<strong>ISBN:<\/strong> 978-953-336-019-5<br \/>\n<strong>Tisak:<\/strong> digitalni tisak knjiga &#8211; print na zahtjev<\/p>\n<\/div>\n","protected":false},"excerpt":{"rendered":"<p>\u00a0 Sa\u017eetak: Jedna obavijest na lokalnoj radio stanici, po\u010detkom jeseni pro\u0161le godine, pokrenula je moju, davno zatomljenu, potrebu. I izmijenila moj na\u010din razmi\u0161ljanja sljede\u0107ih \u0161est mjeseci. Obavijest se, naime, odnosila na otvaranje \u0161kole \u201ekreativnog pisanja\u201c u Gradskoj knji\u017enici Marka Maruli\u0107a. Gospo\u0111a Ingrid Poljani\u0107 (voditeljica programa kulturnih aktivnosti u GKMM) informirala je slu\u0161atelje o otvaranju i [&hellip;]<\/p>\n","protected":false},"featured_media":7574,"comment_status":"open","ping_status":"closed","template":"","meta":{"_acf_changed":false},"product_brand":[],"product_cat":[1517],"product_tag":[],"class_list":{"0":"post-7573","1":"product","2":"type-product","3":"status-publish","4":"has-post-thumbnail","6":"product_cat-strucna-literatura","7":"pa_autor-ana-grabovac","8":"pa_nakladnik-redak","10":"first","11":"instock","12":"shipping-taxable","13":"purchasable","14":"product-type-simple"},"acf":[],"yoast_head":"<!-- This site is optimized with the Yoast SEO plugin v27.3 - https:\/\/yoast.com\/product\/yoast-seo-wordpress\/ -->\n<title>MOJA \u0160KOLA KREATIVNOG PISANJA, Ana Grabovac - Web-knji\u017eara<\/title>\n<meta name=\"robots\" content=\"index, follow, max-snippet:-1, max-image-preview:large, max-video-preview:-1\" \/>\n<link rel=\"canonical\" href=\"https:\/\/webknjizara.hr\/proizvod\/moja-skola-kreativnog-pisanja-ana-grabovac\/\" \/>\n<meta property=\"og:locale\" content=\"en_US\" \/>\n<meta property=\"og:type\" content=\"article\" \/>\n<meta property=\"og:title\" content=\"MOJA \u0160KOLA KREATIVNOG PISANJA, Ana Grabovac - Web-knji\u017eara\" \/>\n<meta property=\"og:description\" content=\"\u00a0 Sa\u017eetak: Jedna obavijest na lokalnoj radio stanici, po\u010detkom jeseni pro\u0161le godine, pokrenula je moju, davno zatomljenu, potrebu. I izmijenila moj na\u010din razmi\u0161ljanja sljede\u0107ih \u0161est mjeseci. Obavijest se, naime, odnosila na otvaranje \u0161kole \u201ekreativnog pisanja\u201c u Gradskoj knji\u017enici Marka Maruli\u0107a. Gospo\u0111a Ingrid Poljani\u0107 (voditeljica programa kulturnih aktivnosti u GKMM) informirala je slu\u0161atelje o otvaranju i [&hellip;]\" \/>\n<meta property=\"og:url\" content=\"https:\/\/webknjizara.hr\/proizvod\/moja-skola-kreativnog-pisanja-ana-grabovac\/\" \/>\n<meta property=\"og:site_name\" content=\"Web-knji\u017eara\" \/>\n<meta property=\"article:modified_time\" content=\"2023-12-11T07:06:47+00:00\" \/>\n<meta property=\"og:image\" content=\"https:\/\/webknjizara.hr\/wp-content\/uploads\/nc\/images\/virtuemart\/product\/moja-kola-krea-50bbae435ad92.jpg\" \/>\n\t<meta property=\"og:image:width\" content=\"354\" \/>\n\t<meta property=\"og:image:height\" content=\"581\" \/>\n\t<meta property=\"og:image:type\" content=\"image\/jpeg\" \/>\n<meta name=\"twitter:card\" content=\"summary_large_image\" \/>\n<meta name=\"twitter:label1\" content=\"Est. reading time\" \/>\n\t<meta name=\"twitter:data1\" content=\"3 minutes\" \/>\n<script type=\"application\/ld+json\" class=\"yoast-schema-graph\">{\"@context\":\"https:\\\/\\\/schema.org\",\"@graph\":[{\"@type\":\"WebPage\",\"@id\":\"https:\\\/\\\/webknjizara.hr\\\/proizvod\\\/moja-skola-kreativnog-pisanja-ana-grabovac\\\/\",\"url\":\"https:\\\/\\\/webknjizara.hr\\\/proizvod\\\/moja-skola-kreativnog-pisanja-ana-grabovac\\\/\",\"name\":\"MOJA \u0160KOLA KREATIVNOG PISANJA, Ana Grabovac - Web-knji\u017eara\",\"isPartOf\":{\"@id\":\"https:\\\/\\\/webknjizara.hr\\\/#website\"},\"primaryImageOfPage\":{\"@id\":\"https:\\\/\\\/webknjizara.hr\\\/proizvod\\\/moja-skola-kreativnog-pisanja-ana-grabovac\\\/#primaryimage\"},\"image\":{\"@id\":\"https:\\\/\\\/webknjizara.hr\\\/proizvod\\\/moja-skola-kreativnog-pisanja-ana-grabovac\\\/#primaryimage\"},\"thumbnailUrl\":\"https:\\\/\\\/webknjizara.hr\\\/wp-content\\\/uploads\\\/nc\\\/images\\\/virtuemart\\\/product\\\/moja-kola-krea-50bbae435ad92.jpg\",\"datePublished\":\"2012-12-02T19:38:43+00:00\",\"dateModified\":\"2023-12-11T07:06:47+00:00\",\"breadcrumb\":{\"@id\":\"https:\\\/\\\/webknjizara.hr\\\/proizvod\\\/moja-skola-kreativnog-pisanja-ana-grabovac\\\/#breadcrumb\"},\"inLanguage\":\"en-US\",\"potentialAction\":[{\"@type\":\"ReadAction\",\"target\":[\"https:\\\/\\\/webknjizara.hr\\\/proizvod\\\/moja-skola-kreativnog-pisanja-ana-grabovac\\\/\"]}]},{\"@type\":\"ImageObject\",\"inLanguage\":\"en-US\",\"@id\":\"https:\\\/\\\/webknjizara.hr\\\/proizvod\\\/moja-skola-kreativnog-pisanja-ana-grabovac\\\/#primaryimage\",\"url\":\"https:\\\/\\\/webknjizara.hr\\\/wp-content\\\/uploads\\\/nc\\\/images\\\/virtuemart\\\/product\\\/moja-kola-krea-50bbae435ad92.jpg\",\"contentUrl\":\"https:\\\/\\\/webknjizara.hr\\\/wp-content\\\/uploads\\\/nc\\\/images\\\/virtuemart\\\/product\\\/moja-kola-krea-50bbae435ad92.jpg\",\"width\":354,\"height\":581,\"caption\":\"MOJA \u0160KOLA KREATIVNOG PISANJA, Ana Grabovac\"},{\"@type\":\"BreadcrumbList\",\"@id\":\"https:\\\/\\\/webknjizara.hr\\\/proizvod\\\/moja-skola-kreativnog-pisanja-ana-grabovac\\\/#breadcrumb\",\"itemListElement\":[{\"@type\":\"ListItem\",\"position\":1,\"name\":\"Po\u010detna stranica\",\"item\":\"https:\\\/\\\/webknjizara.hr\\\/en\\\/\"},{\"@type\":\"ListItem\",\"position\":2,\"name\":\"Shop\",\"item\":\"https:\\\/\\\/webknjizara.hr\\\/shop\\\/\"},{\"@type\":\"ListItem\",\"position\":3,\"name\":\"MOJA \u0160KOLA KREATIVNOG PISANJA, Ana Grabovac\"}]},{\"@type\":\"WebSite\",\"@id\":\"https:\\\/\\\/webknjizara.hr\\\/#website\",\"url\":\"https:\\\/\\\/webknjizara.hr\\\/\",\"name\":\"Web Knji\u017eara\",\"description\":\"\",\"publisher\":{\"@id\":\"https:\\\/\\\/webknjizara.hr\\\/#organization\"},\"potentialAction\":[{\"@type\":\"SearchAction\",\"target\":{\"@type\":\"EntryPoint\",\"urlTemplate\":\"https:\\\/\\\/webknjizara.hr\\\/?s={search_term_string}\"},\"query-input\":{\"@type\":\"PropertyValueSpecification\",\"valueRequired\":true,\"valueName\":\"search_term_string\"}}],\"inLanguage\":\"en-US\"},{\"@type\":\"Organization\",\"@id\":\"https:\\\/\\\/webknjizara.hr\\\/#organization\",\"name\":\"REDAK D.O.O.\",\"url\":\"https:\\\/\\\/webknjizara.hr\\\/\",\"logo\":{\"@type\":\"ImageObject\",\"inLanguage\":\"en-US\",\"@id\":\"https:\\\/\\\/webknjizara.hr\\\/#\\\/schema\\\/logo\\\/image\\\/\",\"url\":\"https:\\\/\\\/webknjizara.hr\\\/wp-content\\\/uploads\\\/2023\\\/01\\\/web-knjizara-logo.webp\",\"contentUrl\":\"https:\\\/\\\/webknjizara.hr\\\/wp-content\\\/uploads\\\/2023\\\/01\\\/web-knjizara-logo.webp\",\"width\":324,\"height\":79,\"caption\":\"REDAK D.O.O.\"},\"image\":{\"@id\":\"https:\\\/\\\/webknjizara.hr\\\/#\\\/schema\\\/logo\\\/image\\\/\"}}]}<\/script>\n<!-- \/ Yoast SEO plugin. -->","yoast_head_json":{"title":"MOJA \u0160KOLA KREATIVNOG PISANJA, Ana Grabovac - Web-knji\u017eara","robots":{"index":"index","follow":"follow","max-snippet":"max-snippet:-1","max-image-preview":"max-image-preview:large","max-video-preview":"max-video-preview:-1"},"canonical":"https:\/\/webknjizara.hr\/proizvod\/moja-skola-kreativnog-pisanja-ana-grabovac\/","og_locale":"en_US","og_type":"article","og_title":"MOJA \u0160KOLA KREATIVNOG PISANJA, Ana Grabovac - Web-knji\u017eara","og_description":"\u00a0 Sa\u017eetak: Jedna obavijest na lokalnoj radio stanici, po\u010detkom jeseni pro\u0161le godine, pokrenula je moju, davno zatomljenu, potrebu. I izmijenila moj na\u010din razmi\u0161ljanja sljede\u0107ih \u0161est mjeseci. Obavijest se, naime, odnosila na otvaranje \u0161kole \u201ekreativnog pisanja\u201c u Gradskoj knji\u017enici Marka Maruli\u0107a. Gospo\u0111a Ingrid Poljani\u0107 (voditeljica programa kulturnih aktivnosti u GKMM) informirala je slu\u0161atelje o otvaranju i [&hellip;]","og_url":"https:\/\/webknjizara.hr\/proizvod\/moja-skola-kreativnog-pisanja-ana-grabovac\/","og_site_name":"Web-knji\u017eara","article_modified_time":"2023-12-11T07:06:47+00:00","og_image":[{"width":354,"height":581,"url":"https:\/\/webknjizara.hr\/wp-content\/uploads\/nc\/images\/virtuemart\/product\/moja-kola-krea-50bbae435ad92.jpg","type":"image\/jpeg"}],"twitter_card":"summary_large_image","twitter_misc":{"Est. reading time":"3 minutes"},"schema":{"@context":"https:\/\/schema.org","@graph":[{"@type":"WebPage","@id":"https:\/\/webknjizara.hr\/proizvod\/moja-skola-kreativnog-pisanja-ana-grabovac\/","url":"https:\/\/webknjizara.hr\/proizvod\/moja-skola-kreativnog-pisanja-ana-grabovac\/","name":"MOJA \u0160KOLA KREATIVNOG PISANJA, Ana Grabovac - Web-knji\u017eara","isPartOf":{"@id":"https:\/\/webknjizara.hr\/#website"},"primaryImageOfPage":{"@id":"https:\/\/webknjizara.hr\/proizvod\/moja-skola-kreativnog-pisanja-ana-grabovac\/#primaryimage"},"image":{"@id":"https:\/\/webknjizara.hr\/proizvod\/moja-skola-kreativnog-pisanja-ana-grabovac\/#primaryimage"},"thumbnailUrl":"https:\/\/webknjizara.hr\/wp-content\/uploads\/nc\/images\/virtuemart\/product\/moja-kola-krea-50bbae435ad92.jpg","datePublished":"2012-12-02T19:38:43+00:00","dateModified":"2023-12-11T07:06:47+00:00","breadcrumb":{"@id":"https:\/\/webknjizara.hr\/proizvod\/moja-skola-kreativnog-pisanja-ana-grabovac\/#breadcrumb"},"inLanguage":"en-US","potentialAction":[{"@type":"ReadAction","target":["https:\/\/webknjizara.hr\/proizvod\/moja-skola-kreativnog-pisanja-ana-grabovac\/"]}]},{"@type":"ImageObject","inLanguage":"en-US","@id":"https:\/\/webknjizara.hr\/proizvod\/moja-skola-kreativnog-pisanja-ana-grabovac\/#primaryimage","url":"https:\/\/webknjizara.hr\/wp-content\/uploads\/nc\/images\/virtuemart\/product\/moja-kola-krea-50bbae435ad92.jpg","contentUrl":"https:\/\/webknjizara.hr\/wp-content\/uploads\/nc\/images\/virtuemart\/product\/moja-kola-krea-50bbae435ad92.jpg","width":354,"height":581,"caption":"MOJA \u0160KOLA KREATIVNOG PISANJA, Ana Grabovac"},{"@type":"BreadcrumbList","@id":"https:\/\/webknjizara.hr\/proizvod\/moja-skola-kreativnog-pisanja-ana-grabovac\/#breadcrumb","itemListElement":[{"@type":"ListItem","position":1,"name":"Po\u010detna stranica","item":"https:\/\/webknjizara.hr\/en\/"},{"@type":"ListItem","position":2,"name":"Shop","item":"https:\/\/webknjizara.hr\/shop\/"},{"@type":"ListItem","position":3,"name":"MOJA \u0160KOLA KREATIVNOG PISANJA, Ana Grabovac"}]},{"@type":"WebSite","@id":"https:\/\/webknjizara.hr\/#website","url":"https:\/\/webknjizara.hr\/","name":"Web Knji\u017eara","description":"","publisher":{"@id":"https:\/\/webknjizara.hr\/#organization"},"potentialAction":[{"@type":"SearchAction","target":{"@type":"EntryPoint","urlTemplate":"https:\/\/webknjizara.hr\/?s={search_term_string}"},"query-input":{"@type":"PropertyValueSpecification","valueRequired":true,"valueName":"search_term_string"}}],"inLanguage":"en-US"},{"@type":"Organization","@id":"https:\/\/webknjizara.hr\/#organization","name":"REDAK D.O.O.","url":"https:\/\/webknjizara.hr\/","logo":{"@type":"ImageObject","inLanguage":"en-US","@id":"https:\/\/webknjizara.hr\/#\/schema\/logo\/image\/","url":"https:\/\/webknjizara.hr\/wp-content\/uploads\/2023\/01\/web-knjizara-logo.webp","contentUrl":"https:\/\/webknjizara.hr\/wp-content\/uploads\/2023\/01\/web-knjizara-logo.webp","width":324,"height":79,"caption":"REDAK D.O.O."},"image":{"@id":"https:\/\/webknjizara.hr\/#\/schema\/logo\/image\/"}}]}},"_links":{"self":[{"href":"https:\/\/webknjizara.hr\/en\/wp-json\/wp\/v2\/product\/7573","targetHints":{"allow":["GET"]}}],"collection":[{"href":"https:\/\/webknjizara.hr\/en\/wp-json\/wp\/v2\/product"}],"about":[{"href":"https:\/\/webknjizara.hr\/en\/wp-json\/wp\/v2\/types\/product"}],"replies":[{"embeddable":true,"href":"https:\/\/webknjizara.hr\/en\/wp-json\/wp\/v2\/comments?post=7573"}],"wp:featuredmedia":[{"embeddable":true,"href":"https:\/\/webknjizara.hr\/en\/wp-json\/wp\/v2\/media\/7574"}],"wp:attachment":[{"href":"https:\/\/webknjizara.hr\/en\/wp-json\/wp\/v2\/media?parent=7573"}],"wp:term":[{"taxonomy":"product_brand","embeddable":true,"href":"https:\/\/webknjizara.hr\/en\/wp-json\/wp\/v2\/product_brand?post=7573"},{"taxonomy":"product_cat","embeddable":true,"href":"https:\/\/webknjizara.hr\/en\/wp-json\/wp\/v2\/product_cat?post=7573"},{"taxonomy":"product_tag","embeddable":true,"href":"https:\/\/webknjizara.hr\/en\/wp-json\/wp\/v2\/product_tag?post=7573"}],"curies":[{"name":"wp","href":"https:\/\/api.w.org\/{rel}","templated":true}]}}