{"id":7571,"date":"2012-11-20T17:45:40","date_gmt":"2012-11-20T17:45:40","guid":{"rendered":"https:\/\/webknjizara.hr\/?product=hrvatska-kronika-iz-pariza-stjepan-lapenda"},"modified":"2025-08-12T09:52:33","modified_gmt":"2025-08-12T07:52:33","slug":"hrvatska-kronika-iz-pariza-stjepan-lapenda","status":"publish","type":"product","link":"https:\/\/webknjizara.hr\/en\/proizvod\/hrvatska-kronika-iz-pariza-stjepan-lapenda\/","title":{"rendered":"HRVATSKA KRONIKA IZ PARIZA, Stjepan Lapenda"},"content":{"rendered":"<div style=\"text-align: justify;\"><\/div>\n<div style=\"text-align: justify;\"><strong>Sa\u017eetak:<\/strong><\/p>\n<p>Autor je obradio sve \u010dlanke, osvrte i komentare uz nu\u017ene primjedbe, dopune ispravke\u00a0 (ukupno 668) koje je objavljivao pari\u0161ki Le Monde u razdoblju 1990.-1995. godine koji su se odnosili na politi\u010dke i ratne doga\u0111aje u Hrvatskoj. \u010clanci su obra\u0111enu kronolo\u0161kim redom u obliku sa\u017eetaka na hrvatskom jeziku. Tako\u0111er je dan povijesni prikaz Le Mondea i nazna\u010dena je metodologija u izradi rukopisa.<\/p>\n<p><strong>Bilje\u0161ka o autoru: <\/strong><\/p>\n<p>Sveu\u010dili\u0161ni profesor u mirovini, doktor filolo\u0161kih i knji\u017eevnih znanosti, autor mnogih znanstvenih i stru\u010dnih radova, monografija i sveu\u010dili\u0161nih ud\u017ebenika, biv\u0161i hrvatski diplomat, predavao u inozemstvu, nositelj visokih inozemnih odli\u010dja.<\/p>\n<p>Izdava\u010di su: <br \/>Hrvatski memorijalno-dokumentacijski centar Domovinskog rata &#8211; Zagreb i Hrvatsko-francuska udruga &#8211; Alliance fran\u00e7aise de Split.<\/p>\n<p><strong>Klju\u010dne rije\u010di:<\/strong> Domovinski rat, strani ratni dopisnici, svjetski mediji i Domovinski rat, Le Monde i Domovinski rat<\/p>\n<p><strong>E-mail: <\/strong><a href=\"mailto:lapenda@efst.hr\">Stjepan Lapenda<\/a><\/p>\n<p><strong>Naslov:<\/strong> Hrvatska kronika iz Pariza<br \/><strong>Autor:<\/strong> Stjepan Lapenda<br \/><strong>Broj stranica:<\/strong> 198<br \/><strong>Nakladnik:<\/strong> HRVATSKO-FRANCUSKA UDRUGA ALLIANCE FRAN\u00c7AISE DE SPLIT<br \/><strong>Godina izdanja:<\/strong> 2012.<br \/><strong>ISBN:<\/strong> 978-953-7439-46-0<br \/><strong>Tisak:<\/strong> digitalni tisak knjiga &#8211; print na zahtjev<\/div>\n","protected":false},"excerpt":{"rendered":"<p>Sa\u017eetak: Autor je obradio sve \u010dlanke, osvrte i komentare uz nu\u017ene primjedbe, dopune ispravke\u00a0 (ukupno 668) koje je objavljivao pari\u0161ki Le Monde u razdoblju 1990.-1995. godine koji su se odnosili na politi\u010dke i ratne doga\u0111aje u Hrvatskoj. \u010clanci su obra\u0111enu kronolo\u0161kim redom u obliku sa\u017eetaka na hrvatskom jeziku. Tako\u0111er je dan povijesni prikaz Le Mondea [&hellip;]<\/p>\n","protected":false},"featured_media":7572,"comment_status":"open","ping_status":"closed","template":"","meta":{"_acf_changed":false},"product_brand":[],"product_cat":[1510],"product_tag":[],"class_list":{"0":"post-7571","1":"product","2":"type-product","3":"status-publish","4":"has-post-thumbnail","6":"product_cat-nekategorizirane","7":"pa_autor-u-obradi","8":"pa_nakladnik-unos-u-tijeku","10":"first","11":"instock","12":"shipping-taxable","13":"purchasable","14":"product-type-simple"},"acf":[],"yoast_head":"<!-- This site is optimized with the Yoast SEO plugin v27.3 - https:\/\/yoast.com\/product\/yoast-seo-wordpress\/ -->\n<title>HRVATSKA KRONIKA IZ PARIZA, Stjepan Lapenda - Web-knji\u017eara<\/title>\n<meta name=\"robots\" content=\"index, follow, max-snippet:-1, max-image-preview:large, max-video-preview:-1\" \/>\n<link rel=\"canonical\" href=\"https:\/\/webknjizara.hr\/proizvod\/hrvatska-kronika-iz-pariza-stjepan-lapenda\/\" \/>\n<meta property=\"og:locale\" content=\"en_US\" \/>\n<meta property=\"og:type\" content=\"article\" \/>\n<meta property=\"og:title\" content=\"HRVATSKA KRONIKA IZ PARIZA, Stjepan Lapenda - Web-knji\u017eara\" \/>\n<meta property=\"og:description\" content=\"Sa\u017eetak: Autor je obradio sve \u010dlanke, osvrte i komentare uz nu\u017ene primjedbe, dopune ispravke\u00a0 (ukupno 668) koje je objavljivao pari\u0161ki Le Monde u razdoblju 1990.-1995. godine koji su se odnosili na politi\u010dke i ratne doga\u0111aje u Hrvatskoj. \u010clanci su obra\u0111enu kronolo\u0161kim redom u obliku sa\u017eetaka na hrvatskom jeziku. Tako\u0111er je dan povijesni prikaz Le Mondea [&hellip;]\" \/>\n<meta property=\"og:url\" content=\"https:\/\/webknjizara.hr\/proizvod\/hrvatska-kronika-iz-pariza-stjepan-lapenda\/\" \/>\n<meta property=\"og:site_name\" content=\"Web-knji\u017eara\" \/>\n<meta property=\"article:modified_time\" content=\"2025-08-12T07:52:33+00:00\" \/>\n<meta property=\"og:image\" content=\"https:\/\/webknjizara.hr\/wp-content\/uploads\/nc\/images\/virtuemart\/product\/hrvatska-kronika-50abc1c4e517a.jpg\" \/>\n\t<meta property=\"og:image:width\" content=\"376\" \/>\n\t<meta property=\"og:image:height\" content=\"500\" \/>\n\t<meta property=\"og:image:type\" content=\"image\/jpeg\" \/>\n<meta name=\"twitter:card\" content=\"summary_large_image\" \/>\n<meta name=\"twitter:label1\" content=\"Est. reading time\" \/>\n\t<meta name=\"twitter:data1\" content=\"1 minute\" \/>\n<script type=\"application\/ld+json\" class=\"yoast-schema-graph\">{\"@context\":\"https:\\\/\\\/schema.org\",\"@graph\":[{\"@type\":\"WebPage\",\"@id\":\"https:\\\/\\\/webknjizara.hr\\\/proizvod\\\/hrvatska-kronika-iz-pariza-stjepan-lapenda\\\/\",\"url\":\"https:\\\/\\\/webknjizara.hr\\\/proizvod\\\/hrvatska-kronika-iz-pariza-stjepan-lapenda\\\/\",\"name\":\"HRVATSKA KRONIKA IZ PARIZA, Stjepan Lapenda - Web-knji\u017eara\",\"isPartOf\":{\"@id\":\"https:\\\/\\\/webknjizara.hr\\\/#website\"},\"primaryImageOfPage\":{\"@id\":\"https:\\\/\\\/webknjizara.hr\\\/proizvod\\\/hrvatska-kronika-iz-pariza-stjepan-lapenda\\\/#primaryimage\"},\"image\":{\"@id\":\"https:\\\/\\\/webknjizara.hr\\\/proizvod\\\/hrvatska-kronika-iz-pariza-stjepan-lapenda\\\/#primaryimage\"},\"thumbnailUrl\":\"https:\\\/\\\/webknjizara.hr\\\/wp-content\\\/uploads\\\/nc\\\/images\\\/virtuemart\\\/product\\\/hrvatska-kronika-50abc1c4e517a.jpg\",\"datePublished\":\"2012-11-20T17:45:40+00:00\",\"dateModified\":\"2025-08-12T07:52:33+00:00\",\"breadcrumb\":{\"@id\":\"https:\\\/\\\/webknjizara.hr\\\/proizvod\\\/hrvatska-kronika-iz-pariza-stjepan-lapenda\\\/#breadcrumb\"},\"inLanguage\":\"en-US\",\"potentialAction\":[{\"@type\":\"ReadAction\",\"target\":[\"https:\\\/\\\/webknjizara.hr\\\/proizvod\\\/hrvatska-kronika-iz-pariza-stjepan-lapenda\\\/\"]}]},{\"@type\":\"ImageObject\",\"inLanguage\":\"en-US\",\"@id\":\"https:\\\/\\\/webknjizara.hr\\\/proizvod\\\/hrvatska-kronika-iz-pariza-stjepan-lapenda\\\/#primaryimage\",\"url\":\"https:\\\/\\\/webknjizara.hr\\\/wp-content\\\/uploads\\\/nc\\\/images\\\/virtuemart\\\/product\\\/hrvatska-kronika-50abc1c4e517a.jpg\",\"contentUrl\":\"https:\\\/\\\/webknjizara.hr\\\/wp-content\\\/uploads\\\/nc\\\/images\\\/virtuemart\\\/product\\\/hrvatska-kronika-50abc1c4e517a.jpg\",\"width\":376,\"height\":500,\"caption\":\"HRVATSKA KRONIKA IZ PARIZA, Stjepan Lapenda\"},{\"@type\":\"BreadcrumbList\",\"@id\":\"https:\\\/\\\/webknjizara.hr\\\/proizvod\\\/hrvatska-kronika-iz-pariza-stjepan-lapenda\\\/#breadcrumb\",\"itemListElement\":[{\"@type\":\"ListItem\",\"position\":1,\"name\":\"Po\u010detna stranica\",\"item\":\"https:\\\/\\\/webknjizara.hr\\\/en\\\/\"},{\"@type\":\"ListItem\",\"position\":2,\"name\":\"Shop\",\"item\":\"https:\\\/\\\/webknjizara.hr\\\/shop\\\/\"},{\"@type\":\"ListItem\",\"position\":3,\"name\":\"HRVATSKA KRONIKA IZ PARIZA, Stjepan Lapenda\"}]},{\"@type\":\"WebSite\",\"@id\":\"https:\\\/\\\/webknjizara.hr\\\/#website\",\"url\":\"https:\\\/\\\/webknjizara.hr\\\/\",\"name\":\"Web Knji\u017eara\",\"description\":\"\",\"publisher\":{\"@id\":\"https:\\\/\\\/webknjizara.hr\\\/#organization\"},\"potentialAction\":[{\"@type\":\"SearchAction\",\"target\":{\"@type\":\"EntryPoint\",\"urlTemplate\":\"https:\\\/\\\/webknjizara.hr\\\/?s={search_term_string}\"},\"query-input\":{\"@type\":\"PropertyValueSpecification\",\"valueRequired\":true,\"valueName\":\"search_term_string\"}}],\"inLanguage\":\"en-US\"},{\"@type\":\"Organization\",\"@id\":\"https:\\\/\\\/webknjizara.hr\\\/#organization\",\"name\":\"REDAK D.O.O.\",\"url\":\"https:\\\/\\\/webknjizara.hr\\\/\",\"logo\":{\"@type\":\"ImageObject\",\"inLanguage\":\"en-US\",\"@id\":\"https:\\\/\\\/webknjizara.hr\\\/#\\\/schema\\\/logo\\\/image\\\/\",\"url\":\"https:\\\/\\\/webknjizara.hr\\\/wp-content\\\/uploads\\\/2023\\\/01\\\/web-knjizara-logo.webp\",\"contentUrl\":\"https:\\\/\\\/webknjizara.hr\\\/wp-content\\\/uploads\\\/2023\\\/01\\\/web-knjizara-logo.webp\",\"width\":324,\"height\":79,\"caption\":\"REDAK D.O.O.\"},\"image\":{\"@id\":\"https:\\\/\\\/webknjizara.hr\\\/#\\\/schema\\\/logo\\\/image\\\/\"}}]}<\/script>\n<!-- \/ Yoast SEO plugin. -->","yoast_head_json":{"title":"HRVATSKA KRONIKA IZ PARIZA, Stjepan Lapenda - Web-knji\u017eara","robots":{"index":"index","follow":"follow","max-snippet":"max-snippet:-1","max-image-preview":"max-image-preview:large","max-video-preview":"max-video-preview:-1"},"canonical":"https:\/\/webknjizara.hr\/proizvod\/hrvatska-kronika-iz-pariza-stjepan-lapenda\/","og_locale":"en_US","og_type":"article","og_title":"HRVATSKA KRONIKA IZ PARIZA, Stjepan Lapenda - Web-knji\u017eara","og_description":"Sa\u017eetak: Autor je obradio sve \u010dlanke, osvrte i komentare uz nu\u017ene primjedbe, dopune ispravke\u00a0 (ukupno 668) koje je objavljivao pari\u0161ki Le Monde u razdoblju 1990.-1995. godine koji su se odnosili na politi\u010dke i ratne doga\u0111aje u Hrvatskoj. \u010clanci su obra\u0111enu kronolo\u0161kim redom u obliku sa\u017eetaka na hrvatskom jeziku. Tako\u0111er je dan povijesni prikaz Le Mondea [&hellip;]","og_url":"https:\/\/webknjizara.hr\/proizvod\/hrvatska-kronika-iz-pariza-stjepan-lapenda\/","og_site_name":"Web-knji\u017eara","article_modified_time":"2025-08-12T07:52:33+00:00","og_image":[{"width":376,"height":500,"url":"https:\/\/webknjizara.hr\/wp-content\/uploads\/nc\/images\/virtuemart\/product\/hrvatska-kronika-50abc1c4e517a.jpg","type":"image\/jpeg"}],"twitter_card":"summary_large_image","twitter_misc":{"Est. reading time":"1 minute"},"schema":{"@context":"https:\/\/schema.org","@graph":[{"@type":"WebPage","@id":"https:\/\/webknjizara.hr\/proizvod\/hrvatska-kronika-iz-pariza-stjepan-lapenda\/","url":"https:\/\/webknjizara.hr\/proizvod\/hrvatska-kronika-iz-pariza-stjepan-lapenda\/","name":"HRVATSKA KRONIKA IZ PARIZA, Stjepan Lapenda - Web-knji\u017eara","isPartOf":{"@id":"https:\/\/webknjizara.hr\/#website"},"primaryImageOfPage":{"@id":"https:\/\/webknjizara.hr\/proizvod\/hrvatska-kronika-iz-pariza-stjepan-lapenda\/#primaryimage"},"image":{"@id":"https:\/\/webknjizara.hr\/proizvod\/hrvatska-kronika-iz-pariza-stjepan-lapenda\/#primaryimage"},"thumbnailUrl":"https:\/\/webknjizara.hr\/wp-content\/uploads\/nc\/images\/virtuemart\/product\/hrvatska-kronika-50abc1c4e517a.jpg","datePublished":"2012-11-20T17:45:40+00:00","dateModified":"2025-08-12T07:52:33+00:00","breadcrumb":{"@id":"https:\/\/webknjizara.hr\/proizvod\/hrvatska-kronika-iz-pariza-stjepan-lapenda\/#breadcrumb"},"inLanguage":"en-US","potentialAction":[{"@type":"ReadAction","target":["https:\/\/webknjizara.hr\/proizvod\/hrvatska-kronika-iz-pariza-stjepan-lapenda\/"]}]},{"@type":"ImageObject","inLanguage":"en-US","@id":"https:\/\/webknjizara.hr\/proizvod\/hrvatska-kronika-iz-pariza-stjepan-lapenda\/#primaryimage","url":"https:\/\/webknjizara.hr\/wp-content\/uploads\/nc\/images\/virtuemart\/product\/hrvatska-kronika-50abc1c4e517a.jpg","contentUrl":"https:\/\/webknjizara.hr\/wp-content\/uploads\/nc\/images\/virtuemart\/product\/hrvatska-kronika-50abc1c4e517a.jpg","width":376,"height":500,"caption":"HRVATSKA KRONIKA IZ PARIZA, Stjepan Lapenda"},{"@type":"BreadcrumbList","@id":"https:\/\/webknjizara.hr\/proizvod\/hrvatska-kronika-iz-pariza-stjepan-lapenda\/#breadcrumb","itemListElement":[{"@type":"ListItem","position":1,"name":"Po\u010detna stranica","item":"https:\/\/webknjizara.hr\/en\/"},{"@type":"ListItem","position":2,"name":"Shop","item":"https:\/\/webknjizara.hr\/shop\/"},{"@type":"ListItem","position":3,"name":"HRVATSKA KRONIKA IZ PARIZA, Stjepan Lapenda"}]},{"@type":"WebSite","@id":"https:\/\/webknjizara.hr\/#website","url":"https:\/\/webknjizara.hr\/","name":"Web Knji\u017eara","description":"","publisher":{"@id":"https:\/\/webknjizara.hr\/#organization"},"potentialAction":[{"@type":"SearchAction","target":{"@type":"EntryPoint","urlTemplate":"https:\/\/webknjizara.hr\/?s={search_term_string}"},"query-input":{"@type":"PropertyValueSpecification","valueRequired":true,"valueName":"search_term_string"}}],"inLanguage":"en-US"},{"@type":"Organization","@id":"https:\/\/webknjizara.hr\/#organization","name":"REDAK D.O.O.","url":"https:\/\/webknjizara.hr\/","logo":{"@type":"ImageObject","inLanguage":"en-US","@id":"https:\/\/webknjizara.hr\/#\/schema\/logo\/image\/","url":"https:\/\/webknjizara.hr\/wp-content\/uploads\/2023\/01\/web-knjizara-logo.webp","contentUrl":"https:\/\/webknjizara.hr\/wp-content\/uploads\/2023\/01\/web-knjizara-logo.webp","width":324,"height":79,"caption":"REDAK D.O.O."},"image":{"@id":"https:\/\/webknjizara.hr\/#\/schema\/logo\/image\/"}}]}},"_links":{"self":[{"href":"https:\/\/webknjizara.hr\/en\/wp-json\/wp\/v2\/product\/7571","targetHints":{"allow":["GET"]}}],"collection":[{"href":"https:\/\/webknjizara.hr\/en\/wp-json\/wp\/v2\/product"}],"about":[{"href":"https:\/\/webknjizara.hr\/en\/wp-json\/wp\/v2\/types\/product"}],"replies":[{"embeddable":true,"href":"https:\/\/webknjizara.hr\/en\/wp-json\/wp\/v2\/comments?post=7571"}],"wp:featuredmedia":[{"embeddable":true,"href":"https:\/\/webknjizara.hr\/en\/wp-json\/wp\/v2\/media\/7572"}],"wp:attachment":[{"href":"https:\/\/webknjizara.hr\/en\/wp-json\/wp\/v2\/media?parent=7571"}],"wp:term":[{"taxonomy":"product_brand","embeddable":true,"href":"https:\/\/webknjizara.hr\/en\/wp-json\/wp\/v2\/product_brand?post=7571"},{"taxonomy":"product_cat","embeddable":true,"href":"https:\/\/webknjizara.hr\/en\/wp-json\/wp\/v2\/product_cat?post=7571"},{"taxonomy":"product_tag","embeddable":true,"href":"https:\/\/webknjizara.hr\/en\/wp-json\/wp\/v2\/product_tag?post=7571"}],"curies":[{"name":"wp","href":"https:\/\/api.w.org\/{rel}","templated":true}]}}