{"id":7565,"date":"2012-11-12T14:39:19","date_gmt":"2012-11-12T14:39:19","guid":{"rendered":"https:\/\/webknjizara.hr\/?product=biograjski-momenti-pisma-na-pismu-tomislav-braco-kazija"},"modified":"2023-02-27T00:15:47","modified_gmt":"2023-02-26T23:15:47","slug":"biograjski-momenti-pisma-na-pismu-tomislav-braco-kazija","status":"publish","type":"product","link":"https:\/\/webknjizara.hr\/en\/proizvod\/biograjski-momenti-pisma-na-pismu-tomislav-braco-kazija\/","title":{"rendered":"BIOGRAJSKI MOMENTI; PISMA NA PISMU, Tomislav Braco Kazija"},"content":{"rendered":"<div style=\"text-align: justify;\"><\/div>\n<div style=\"text-align: justify;\"><strong>Sa\u017eetak:<\/strong><\/p>\n<p>U knjizi \u201cBiograd u \u0161ali i anegdoti\u201d, pod naslovom \u201cBiogradski govor\u201d, pisao sam o nestajanju osnovnih karakteristika biogradske \u010dakav\u0161tine, ali isto tako i ikav\u0161tine. Ovom zgodom pro\u0161irit \u0107u \u201ctemu\u201d na onaj dio koji govori o potrebi o\u010duvanja govorne ba\u0161tine Biograda, ali i otoka koji mu gravitiraju (Vrgada, Pa\u0161man). <\/p>\n<p>U navedenom prilogu konstatirao sam da je govor \u017eivo tkivo koje je, prema tome, podlo\u017eno promjenama. Promjene su se doga\u0111ale mnogo br\u017ee i drasti\u010dnije na obalnom pojasu nego na otocima. To je razumljivo obzirom na utjecaje koji su tu dolazili neposrednije nego li na prili\u010dno izolirane otoke (crkva, \u0161kola, privreda, turizam, mediji\u2026). Na obalnom pojasu \u010dakav\u0161tina je posve is\u010dezla. Na\u017ealost to se doga\u0111a (ubrzano) i na otocima. <br \/>U Vrgadi i Pa\u0161manu \u010dakavica se jo\u0161 koliko-toliko odr\u017eala. Postavlja se pitanje: postoji li mogu\u0107nost spasiti ono \u0161to se jo\u0161 spasiti da \u2013 na otocima \u010dakavicu, a na kopnu (Biogradu) ikavicu, sa karakteristi\u010dnim idiomima u lokalizmu biogradskog svakodnevnog govora?- Ako netko to (jo\u0161) mo\u017ee, onda su to prvenstveno \u2013 pjesnici. \u0160to prije to bolje.<\/p>\n<p><em>Ti se siti materini\u2019 ri\u010di, <\/em><br \/><em>bi\u017e od tu\u0111i\u2019 ka\u2019 od crnog vraga, <\/em><br \/><em>nek ti tvoja uvik bude draga, <\/em><br \/><em>s njom se slu\u017ei i s njome se di\u010di<\/em><\/p>\n<p>Kad je rije\u010d o otocima, ohrabruje \u010dinjenica da je tamo vi\u0161e pjesnika, mahom starije generacije, koji vode brigu (pi\u0161u) o svom \u010dakavskom jeziku (govoru), o ba\u0161tini predaka, a na na\u010din \u0161to oslu\u0161kuju, bilje\u017ee i sla\u017eu u stihove, dr\u017ee\u0107i se one \u201c\u0161to nije notirano, izgubi se, u vitar\u201d\u2026 Na\u017ealost, oni mla\u0111i kao da nemaju svijest i afinitet o potrebi za\u0161tite materinjeg govora, ni onda kad posjeduju onu pjesni\u010dku \u017eicu, pa radije pi\u0161u na knji\u017eevnom jeziku. Treba se potruditi i po\u0107i do starijih ljudi, do konobe, do zjoga, \u0161kvera, ribara\u2026 Tu treba bilje\u017eiti one rije\u010di koje nisu u\u010dili ili \u010ditali, a koje se mogu \u010duti jo\u0161 samo na tim mjestima. <br \/>To posebno vrijedi za u\u017ee podru\u010dje oko Biograda. Dok je na otocima vi\u0161e pjesnika kojima je li(je)pa doma\u0107a ri(je)\u010d u srcu (posebno na Ugljanu), u Biogradu, na\u017ealost, osim pone\u0161to od moje malenkosti, ne mogu spomeniti nekog drugog pjesnika. Istina, pjesme uspje\u0161no pi\u0161u gospo\u0111a Rajka Maslovari\u0107 i gospo\u0111a Jelica Farka\u0161, ali njihovi stihovi nisu pisani biogradskom ikav\u0161tinom, \u0161to je i razumljivo obzirom da u djetinjstvu nisu slu\u0161ale govor ljudi ovog podneblja. Ispri\u010davam se ako sam nehoti\u010dno i neupu\u0107en koga izostavio. <\/p>\n<p>\u0160to bi trebalo u\u010diniti?. U \u0161irem smislu trebalo bi u \u0161kolske ud\u017ebenike ubaciti po koji tekst pjesme ili proze pisan \u010dakav\u0161tinom, odnosno ikav\u0161tinom; a u u\u017eem \u2013 organizirati po \u0161kolama susrete (satove) s pjesnicima. Isto tako, organizirati knji\u017eevno-poetske ve\u010deri pri U\u010dili\u0161tima ili u nekom drugom prostoru. <br \/>Bojim se da \u201codgovorni\u201d nemaju sluha za tako ne\u0161to, posebno u ovakvom (ne)vremenu, u kojem lijepa rije\u010d (lipa ri\u010d) nema materijalnu vrijednost(!), pa \u0107e tako i ova moja \u201cbesida\u201d biti ba\u010dena u vitar\u2026 ili po onoj \u2013 u jedno uho u\u0161lo, iz drugog iza\u0161lo. Jednako brzo koliko je bilo i \u010ditanje ovog teksta\u2026 <\/p>\n<p><strong>Bilje\u0161ka o autoru: <\/strong><\/p>\n<p>Tomislav Kazija, glazbenik je po vokaciji jer je radni vijek, mahom, proveo u statusu violiniste opernog orkestra HNK u Splitu. No njegov curriculm vitae jasno pokazuje da je rije\u010d o atipi\u010dnoj osobi, vje\u010dnom istra\u017eiva\u010du radoznalih manira, koji, u toj opsesiji, neumorno i predano traga za ne\u010dim nepoznatim. <br \/>Operna ili simfonijska literatura je svojom dore\u010denosti, u reproduktivnom pogledu, ograni\u010davala njegovu kreativnost, stoga je povremeno naprosto bje\u017eao u neka druga podru\u010dja. Bavio se glazbenom pedagogijom, predavaju\u0107i na Glazbenoj \u0161koli u Splitu i Sinju, ujedno je vodio puha\u010dki orkestar u Sinju, te pjeva\u010dke zborove u Sinju i Splitu. <br \/>Bavio se razli\u010ditim \u0161portovima, no u \u0161portskom strelja\u0161tvu oti\u0161ao je najdalje (bio je prvak onda\u0161nje dr\u017eave). Upra\u017enjavao je lov i \u0161portski ribolov. Od 1988. prestaje s lovom te postaje istaknuti \u010dlan dru\u0161tva za za\u0161titu \u017eivotinja. <br \/>Zanima ga jo\u0161 i slikarstvo, te \u0161iroko podru\u010dje inovacija&#8230;<br \/>Poeziju pi\u0161e od 1964. godine, no &#8211; kako i sam ka\u017ee \u2013 &#8220;na refule&#8221;. Napisao je preko 1000 pjesama, razli\u010ditih po vrsti i obliku, &#8211; od dje\u010djih, ljubavnih pa do, recimo, ratnih i domoljubnih, s tim da su ove nastale tijekom ratnih godina i \u010dine zbir od oko 200 naslova. Tomislav je \u010dasnik i dozapovjednik &#8220;Art-garde HV&#8221; (od osnutka 1991.).<\/p>\n<p>Dobar dio njegovih pjesama tiskan je u razli\u010ditim \u010dasopisima, mnoge su \u010ditane po brojnim priredbama i na boji\u0161nici (gdje su \u010desto i nastajale), te na dvije autorove ve\u010deri poezije (Split, Biograd).<br \/>Li\u0161ene patetike, fraziranja, \u010diste u svojoj jednostavnosti, neposredne ali i &#8220;plasti\u010dne&#8221; i slojevite u izri\u010daju, ove pjesme \u010ditatelju se doimaju kao da spontano izviru iz same du\u0161e&#8230; <br \/>\u010citatelji \u0107e, u mnogima, otkriti i one glazbene zakonitosti, te \u0107e osjetiti i onu \u010disto violinsku melodijsku liniju, kao lagani povjetarac koji leluja prostorom&#8230; Jednako tome \u2013 i snagu poruke (da ne zaboravimo). <\/p>\n<p>Na kraju spomenimo da je Tomislav ro\u0111en u Pako\u0161tanima 1934. godine. Dje\u010da\u0161tvo je proveo u Biogradu, zatim i Rijeci, a mladost i zrelo \u017eivotno razdoblje u Splitu. U Rijeci je poha\u0111ao Vojno muzi\u010dko u\u010dili\u0161te (1948 &#8211;\u00a0 1952.), no ve\u0107 1955. skida vojnu odoru i u Splitu upisuje srednju muzi\u010dku \u0161kolu (odsjek violine) koju zavr\u0161ava 1960. godine, a nakon toga i vi\u0161u pedago\u0161ku akademiju (diplomirao 1964.) na odsjeku hrvatski jezik s knji\u017eevno\u0161\u0107u &#8211;\u00a0 glazba; nakon toga studira i na Pravnom i na Filozofskom fakultetu, gdje zavr\u0161ava po dva semestra.<\/p>\n<p><strong>Klju\u010dne rije\u010di:<\/strong> Tomislav Braco Kazija, Biograjski momenti, Pisma na pismu.<\/p>\n<p><strong>Napomena:<\/strong> Ovo izdanje sastavljeno je od dvije knjige \u2013 <a target=\"_blank\" href=\"index.php?page=shop.product_details&#038;category_id=5&#038;flypage=flypage.tpl&#038;product_id=216&#038;vmcchk=1&#038;option=com_virtuemart&#038;Itemid=28\" rel=\"noopener\">Pisma na pismu<\/a> i Biograjski momenti.<\/p>\n<p><strong>Naslov:<\/strong> Biograjski momenti; Pisma na pismu<br \/><strong>Autor:<\/strong> Tomislav Braco Kazija<br \/><strong>Broj stranica:<\/strong> 224<br \/><strong>Nakladnik:<\/strong> REDAK<br \/><strong>Godina izdanja:<\/strong> 2012.<br \/><strong>ISBN:<\/strong> 978-953-7595-95-1<br \/><strong>Tisak:<\/strong> digitalni tisak knjiga &#8211; print na zahtjev<\/div>\n","protected":false},"excerpt":{"rendered":"<p>Sa\u017eetak: U knjizi \u201cBiograd u \u0161ali i anegdoti\u201d, pod naslovom \u201cBiogradski govor\u201d, pisao sam o nestajanju osnovnih karakteristika biogradske \u010dakav\u0161tine, ali isto tako i ikav\u0161tine. Ovom zgodom pro\u0161irit \u0107u \u201ctemu\u201d na onaj dio koji govori o potrebi o\u010duvanja govorne ba\u0161tine Biograda, ali i otoka koji mu gravitiraju (Vrgada, Pa\u0161man). U navedenom prilogu konstatirao sam da [&hellip;]<\/p>\n","protected":false},"featured_media":7566,"comment_status":"open","ping_status":"closed","template":"","meta":{"_acf_changed":false},"product_brand":[],"product_cat":[1383,1385,1388],"product_tag":[],"class_list":{"0":"post-7565","1":"product","2":"type-product","3":"status-publish","4":"has-post-thumbnail","6":"product_cat-knjige","7":"product_cat-knjizevnost","8":"product_cat-poezija","9":"pa_autor-tomislav-kazija","10":"pa_nakladnik-redak","12":"first","13":"instock","14":"shipping-taxable","15":"purchasable","16":"product-type-simple"},"acf":[],"yoast_head":"<!-- This site is optimized with the Yoast SEO plugin v27.3 - https:\/\/yoast.com\/product\/yoast-seo-wordpress\/ -->\n<title>BIOGRAJSKI MOMENTI; PISMA NA PISMU, Tomislav Braco Kazija - Web-knji\u017eara<\/title>\n<meta name=\"robots\" content=\"index, follow, max-snippet:-1, max-image-preview:large, max-video-preview:-1\" \/>\n<link rel=\"canonical\" href=\"https:\/\/webknjizara.hr\/proizvod\/biograjski-momenti-pisma-na-pismu-tomislav-braco-kazija\/\" \/>\n<meta property=\"og:locale\" content=\"en_US\" \/>\n<meta property=\"og:type\" content=\"article\" \/>\n<meta property=\"og:title\" content=\"BIOGRAJSKI MOMENTI; PISMA NA PISMU, Tomislav Braco Kazija - Web-knji\u017eara\" \/>\n<meta property=\"og:description\" content=\"Sa\u017eetak: U knjizi \u201cBiograd u \u0161ali i anegdoti\u201d, pod naslovom \u201cBiogradski govor\u201d, pisao sam o nestajanju osnovnih karakteristika biogradske \u010dakav\u0161tine, ali isto tako i ikav\u0161tine. Ovom zgodom pro\u0161irit \u0107u \u201ctemu\u201d na onaj dio koji govori o potrebi o\u010duvanja govorne ba\u0161tine Biograda, ali i otoka koji mu gravitiraju (Vrgada, Pa\u0161man). U navedenom prilogu konstatirao sam da [&hellip;]\" \/>\n<meta property=\"og:url\" content=\"https:\/\/webknjizara.hr\/proizvod\/biograjski-momenti-pisma-na-pismu-tomislav-braco-kazija\/\" \/>\n<meta property=\"og:site_name\" content=\"Web-knji\u017eara\" \/>\n<meta property=\"article:modified_time\" content=\"2023-02-26T23:15:47+00:00\" \/>\n<meta property=\"og:image\" content=\"https:\/\/webknjizara.hr\/wp-content\/uploads\/nc\/images\/virtuemart\/product\/biograjski-momen-50a10a1773a02.jpg\" \/>\n\t<meta property=\"og:image:width\" content=\"354\" \/>\n\t<meta property=\"og:image:height\" content=\"500\" \/>\n\t<meta property=\"og:image:type\" content=\"image\/jpeg\" \/>\n<meta name=\"twitter:card\" content=\"summary_large_image\" \/>\n<meta name=\"twitter:label1\" content=\"Est. reading time\" \/>\n\t<meta name=\"twitter:data1\" content=\"5 minutes\" \/>\n<script type=\"application\/ld+json\" class=\"yoast-schema-graph\">{\"@context\":\"https:\\\/\\\/schema.org\",\"@graph\":[{\"@type\":\"WebPage\",\"@id\":\"https:\\\/\\\/webknjizara.hr\\\/proizvod\\\/biograjski-momenti-pisma-na-pismu-tomislav-braco-kazija\\\/\",\"url\":\"https:\\\/\\\/webknjizara.hr\\\/proizvod\\\/biograjski-momenti-pisma-na-pismu-tomislav-braco-kazija\\\/\",\"name\":\"BIOGRAJSKI MOMENTI; PISMA NA PISMU, Tomislav Braco Kazija - Web-knji\u017eara\",\"isPartOf\":{\"@id\":\"https:\\\/\\\/webknjizara.hr\\\/#website\"},\"primaryImageOfPage\":{\"@id\":\"https:\\\/\\\/webknjizara.hr\\\/proizvod\\\/biograjski-momenti-pisma-na-pismu-tomislav-braco-kazija\\\/#primaryimage\"},\"image\":{\"@id\":\"https:\\\/\\\/webknjizara.hr\\\/proizvod\\\/biograjski-momenti-pisma-na-pismu-tomislav-braco-kazija\\\/#primaryimage\"},\"thumbnailUrl\":\"https:\\\/\\\/webknjizara.hr\\\/wp-content\\\/uploads\\\/nc\\\/images\\\/virtuemart\\\/product\\\/biograjski-momen-50a10a1773a02.jpg\",\"datePublished\":\"2012-11-12T14:39:19+00:00\",\"dateModified\":\"2023-02-26T23:15:47+00:00\",\"breadcrumb\":{\"@id\":\"https:\\\/\\\/webknjizara.hr\\\/proizvod\\\/biograjski-momenti-pisma-na-pismu-tomislav-braco-kazija\\\/#breadcrumb\"},\"inLanguage\":\"en-US\",\"potentialAction\":[{\"@type\":\"ReadAction\",\"target\":[\"https:\\\/\\\/webknjizara.hr\\\/proizvod\\\/biograjski-momenti-pisma-na-pismu-tomislav-braco-kazija\\\/\"]}]},{\"@type\":\"ImageObject\",\"inLanguage\":\"en-US\",\"@id\":\"https:\\\/\\\/webknjizara.hr\\\/proizvod\\\/biograjski-momenti-pisma-na-pismu-tomislav-braco-kazija\\\/#primaryimage\",\"url\":\"https:\\\/\\\/webknjizara.hr\\\/wp-content\\\/uploads\\\/nc\\\/images\\\/virtuemart\\\/product\\\/biograjski-momen-50a10a1773a02.jpg\",\"contentUrl\":\"https:\\\/\\\/webknjizara.hr\\\/wp-content\\\/uploads\\\/nc\\\/images\\\/virtuemart\\\/product\\\/biograjski-momen-50a10a1773a02.jpg\",\"width\":354,\"height\":500,\"caption\":\"BIOGRAJSKI MOMENTI; PISMA NA PISMU, Tomislav Braco Kazija\"},{\"@type\":\"BreadcrumbList\",\"@id\":\"https:\\\/\\\/webknjizara.hr\\\/proizvod\\\/biograjski-momenti-pisma-na-pismu-tomislav-braco-kazija\\\/#breadcrumb\",\"itemListElement\":[{\"@type\":\"ListItem\",\"position\":1,\"name\":\"Po\u010detna stranica\",\"item\":\"https:\\\/\\\/webknjizara.hr\\\/en\\\/\"},{\"@type\":\"ListItem\",\"position\":2,\"name\":\"Shop\",\"item\":\"https:\\\/\\\/webknjizara.hr\\\/shop\\\/\"},{\"@type\":\"ListItem\",\"position\":3,\"name\":\"BIOGRAJSKI MOMENTI; PISMA NA PISMU, Tomislav Braco Kazija\"}]},{\"@type\":\"WebSite\",\"@id\":\"https:\\\/\\\/webknjizara.hr\\\/#website\",\"url\":\"https:\\\/\\\/webknjizara.hr\\\/\",\"name\":\"Web Knji\u017eara\",\"description\":\"\",\"publisher\":{\"@id\":\"https:\\\/\\\/webknjizara.hr\\\/#organization\"},\"potentialAction\":[{\"@type\":\"SearchAction\",\"target\":{\"@type\":\"EntryPoint\",\"urlTemplate\":\"https:\\\/\\\/webknjizara.hr\\\/?s={search_term_string}\"},\"query-input\":{\"@type\":\"PropertyValueSpecification\",\"valueRequired\":true,\"valueName\":\"search_term_string\"}}],\"inLanguage\":\"en-US\"},{\"@type\":\"Organization\",\"@id\":\"https:\\\/\\\/webknjizara.hr\\\/#organization\",\"name\":\"REDAK D.O.O.\",\"url\":\"https:\\\/\\\/webknjizara.hr\\\/\",\"logo\":{\"@type\":\"ImageObject\",\"inLanguage\":\"en-US\",\"@id\":\"https:\\\/\\\/webknjizara.hr\\\/#\\\/schema\\\/logo\\\/image\\\/\",\"url\":\"https:\\\/\\\/webknjizara.hr\\\/wp-content\\\/uploads\\\/2023\\\/01\\\/web-knjizara-logo.webp\",\"contentUrl\":\"https:\\\/\\\/webknjizara.hr\\\/wp-content\\\/uploads\\\/2023\\\/01\\\/web-knjizara-logo.webp\",\"width\":324,\"height\":79,\"caption\":\"REDAK D.O.O.\"},\"image\":{\"@id\":\"https:\\\/\\\/webknjizara.hr\\\/#\\\/schema\\\/logo\\\/image\\\/\"}}]}<\/script>\n<!-- \/ Yoast SEO plugin. -->","yoast_head_json":{"title":"BIOGRAJSKI MOMENTI; PISMA NA PISMU, Tomislav Braco Kazija - Web-knji\u017eara","robots":{"index":"index","follow":"follow","max-snippet":"max-snippet:-1","max-image-preview":"max-image-preview:large","max-video-preview":"max-video-preview:-1"},"canonical":"https:\/\/webknjizara.hr\/proizvod\/biograjski-momenti-pisma-na-pismu-tomislav-braco-kazija\/","og_locale":"en_US","og_type":"article","og_title":"BIOGRAJSKI MOMENTI; PISMA NA PISMU, Tomislav Braco Kazija - Web-knji\u017eara","og_description":"Sa\u017eetak: U knjizi \u201cBiograd u \u0161ali i anegdoti\u201d, pod naslovom \u201cBiogradski govor\u201d, pisao sam o nestajanju osnovnih karakteristika biogradske \u010dakav\u0161tine, ali isto tako i ikav\u0161tine. Ovom zgodom pro\u0161irit \u0107u \u201ctemu\u201d na onaj dio koji govori o potrebi o\u010duvanja govorne ba\u0161tine Biograda, ali i otoka koji mu gravitiraju (Vrgada, Pa\u0161man). U navedenom prilogu konstatirao sam da [&hellip;]","og_url":"https:\/\/webknjizara.hr\/proizvod\/biograjski-momenti-pisma-na-pismu-tomislav-braco-kazija\/","og_site_name":"Web-knji\u017eara","article_modified_time":"2023-02-26T23:15:47+00:00","og_image":[{"width":354,"height":500,"url":"https:\/\/webknjizara.hr\/wp-content\/uploads\/nc\/images\/virtuemart\/product\/biograjski-momen-50a10a1773a02.jpg","type":"image\/jpeg"}],"twitter_card":"summary_large_image","twitter_misc":{"Est. reading time":"5 minutes"},"schema":{"@context":"https:\/\/schema.org","@graph":[{"@type":"WebPage","@id":"https:\/\/webknjizara.hr\/proizvod\/biograjski-momenti-pisma-na-pismu-tomislav-braco-kazija\/","url":"https:\/\/webknjizara.hr\/proizvod\/biograjski-momenti-pisma-na-pismu-tomislav-braco-kazija\/","name":"BIOGRAJSKI MOMENTI; PISMA NA PISMU, Tomislav Braco Kazija - Web-knji\u017eara","isPartOf":{"@id":"https:\/\/webknjizara.hr\/#website"},"primaryImageOfPage":{"@id":"https:\/\/webknjizara.hr\/proizvod\/biograjski-momenti-pisma-na-pismu-tomislav-braco-kazija\/#primaryimage"},"image":{"@id":"https:\/\/webknjizara.hr\/proizvod\/biograjski-momenti-pisma-na-pismu-tomislav-braco-kazija\/#primaryimage"},"thumbnailUrl":"https:\/\/webknjizara.hr\/wp-content\/uploads\/nc\/images\/virtuemart\/product\/biograjski-momen-50a10a1773a02.jpg","datePublished":"2012-11-12T14:39:19+00:00","dateModified":"2023-02-26T23:15:47+00:00","breadcrumb":{"@id":"https:\/\/webknjizara.hr\/proizvod\/biograjski-momenti-pisma-na-pismu-tomislav-braco-kazija\/#breadcrumb"},"inLanguage":"en-US","potentialAction":[{"@type":"ReadAction","target":["https:\/\/webknjizara.hr\/proizvod\/biograjski-momenti-pisma-na-pismu-tomislav-braco-kazija\/"]}]},{"@type":"ImageObject","inLanguage":"en-US","@id":"https:\/\/webknjizara.hr\/proizvod\/biograjski-momenti-pisma-na-pismu-tomislav-braco-kazija\/#primaryimage","url":"https:\/\/webknjizara.hr\/wp-content\/uploads\/nc\/images\/virtuemart\/product\/biograjski-momen-50a10a1773a02.jpg","contentUrl":"https:\/\/webknjizara.hr\/wp-content\/uploads\/nc\/images\/virtuemart\/product\/biograjski-momen-50a10a1773a02.jpg","width":354,"height":500,"caption":"BIOGRAJSKI MOMENTI; PISMA NA PISMU, Tomislav Braco Kazija"},{"@type":"BreadcrumbList","@id":"https:\/\/webknjizara.hr\/proizvod\/biograjski-momenti-pisma-na-pismu-tomislav-braco-kazija\/#breadcrumb","itemListElement":[{"@type":"ListItem","position":1,"name":"Po\u010detna stranica","item":"https:\/\/webknjizara.hr\/en\/"},{"@type":"ListItem","position":2,"name":"Shop","item":"https:\/\/webknjizara.hr\/shop\/"},{"@type":"ListItem","position":3,"name":"BIOGRAJSKI MOMENTI; PISMA NA PISMU, Tomislav Braco Kazija"}]},{"@type":"WebSite","@id":"https:\/\/webknjizara.hr\/#website","url":"https:\/\/webknjizara.hr\/","name":"Web Knji\u017eara","description":"","publisher":{"@id":"https:\/\/webknjizara.hr\/#organization"},"potentialAction":[{"@type":"SearchAction","target":{"@type":"EntryPoint","urlTemplate":"https:\/\/webknjizara.hr\/?s={search_term_string}"},"query-input":{"@type":"PropertyValueSpecification","valueRequired":true,"valueName":"search_term_string"}}],"inLanguage":"en-US"},{"@type":"Organization","@id":"https:\/\/webknjizara.hr\/#organization","name":"REDAK D.O.O.","url":"https:\/\/webknjizara.hr\/","logo":{"@type":"ImageObject","inLanguage":"en-US","@id":"https:\/\/webknjizara.hr\/#\/schema\/logo\/image\/","url":"https:\/\/webknjizara.hr\/wp-content\/uploads\/2023\/01\/web-knjizara-logo.webp","contentUrl":"https:\/\/webknjizara.hr\/wp-content\/uploads\/2023\/01\/web-knjizara-logo.webp","width":324,"height":79,"caption":"REDAK D.O.O."},"image":{"@id":"https:\/\/webknjizara.hr\/#\/schema\/logo\/image\/"}}]}},"_links":{"self":[{"href":"https:\/\/webknjizara.hr\/en\/wp-json\/wp\/v2\/product\/7565","targetHints":{"allow":["GET"]}}],"collection":[{"href":"https:\/\/webknjizara.hr\/en\/wp-json\/wp\/v2\/product"}],"about":[{"href":"https:\/\/webknjizara.hr\/en\/wp-json\/wp\/v2\/types\/product"}],"replies":[{"embeddable":true,"href":"https:\/\/webknjizara.hr\/en\/wp-json\/wp\/v2\/comments?post=7565"}],"wp:featuredmedia":[{"embeddable":true,"href":"https:\/\/webknjizara.hr\/en\/wp-json\/wp\/v2\/media\/7566"}],"wp:attachment":[{"href":"https:\/\/webknjizara.hr\/en\/wp-json\/wp\/v2\/media?parent=7565"}],"wp:term":[{"taxonomy":"product_brand","embeddable":true,"href":"https:\/\/webknjizara.hr\/en\/wp-json\/wp\/v2\/product_brand?post=7565"},{"taxonomy":"product_cat","embeddable":true,"href":"https:\/\/webknjizara.hr\/en\/wp-json\/wp\/v2\/product_cat?post=7565"},{"taxonomy":"product_tag","embeddable":true,"href":"https:\/\/webknjizara.hr\/en\/wp-json\/wp\/v2\/product_tag?post=7565"}],"curies":[{"name":"wp","href":"https:\/\/api.w.org\/{rel}","templated":true}]}}