{"id":7561,"date":"2012-10-29T18:27:57","date_gmt":"2012-10-29T18:27:57","guid":{"rendered":"https:\/\/webknjizara.hr\/?product=o039rinn-luka-maric"},"modified":"2023-02-27T00:15:47","modified_gmt":"2023-02-26T23:15:47","slug":"o-rinn-luka-maric","status":"publish","type":"product","link":"https:\/\/webknjizara.hr\/en\/proizvod\/o-rinn-luka-maric\/","title":{"rendered":"O&#039;RINN, Luka Mari\u0107"},"content":{"rendered":"<div style=\"text-align: justify;\"><\/div>\n<div style=\"text-align: justify;\"><strong>SA\u017dETAK: <\/p>\n<p><\/strong>Pri ro\u0111enju, Alen O&#8217;Rinn na par trenutaka umire, no na \u010dudo svih, budi se bez traga da mu je i\u0161ta bilo. Nakon toga \u017eivot mu je pun te\u0161kih, ponekad i neobja\u0161njivih doga\u0111aja. Smrt strica, rastava braka roditelja, odlazak sestre te grubo pona\u0161anje njegova oca samo su neki od njih. No sve se mijenja kada upoznaje ljubav svog \u017eivota &#8211; osobu s kojom uspijeva zaboraviti sve svoje muke, no sre\u0107a ga ne prati dugo, jer uskoro saznaje da mu se \u017eivotu bli\u017ei kraj&#8230; No na njegovu sre\u0107u, umjesto da umre, pada u komu te se stvara na neobja\u0161njivom mjestu za koje nikada nije mogao ni zamisliti da postoji!<br \/><strong><br \/>BILJE\u0160KA O AUTORU: <\/p>\n<p><\/strong>Luka Mari\u0107 ro\u0111en je 30. prosinca 1991. godine u Splitu. Poha\u0111ao je Osnovnu \u0161kolu Brda, nakon koje se upisuje u \u0160kolu za dizajn, grafiku i odr\u017eivu gradnju, gdje maturira na smjeru Grafi\u010dkog tehni\u010dara. Nakon zavr\u0161ene srednje \u0161kole, do\u0161kolovava se u \u0161koli Ivora &#8211; IT and management, za Web dizajnera.<br \/>Pisanjem se po\u010deo baviti u srednjoj \u0161koli. Od malih nogu fasciniran svemirom i nepoznatim svjetovima, ovom pri\u010dom odlu\u010duje postati dio njih.<\/p>\n<p><strong>Klju\u010dne rije\u010di: <\/strong>O&#8217;Rinn, Mari\u0107, Luka, Po\u010detak, Unuk, Prva, Dvojnik, Alen, Leo, Eduard, Andrea, Cameron, Svemir, Planet, Znanstvena, Fantastika, Zemlja, Prava, Nastavci, Promjene<\/p>\n<p><strong>E-mail:<\/strong><a href=\"mailto:lukamar991@gmail.com\">Luka Mari\u0107<\/a><\/p>\n<p><strong>Naslov:<\/strong> O&#8217;Rinn<br \/><strong>Autor:<\/strong> Luka Mari\u0107<br \/><strong>Broj stranica: <\/strong>238<br \/><strong>Nakladnik:<\/strong> REDAK<br \/><strong>Godina izdanja:<\/strong> 2012.<br \/><strong>ISBN:<\/strong> 978-953-336-013-3<br \/><strong>Tisak:<\/strong> digitalni tisak knjiga &#8211; print na zahtjev<\/div>\n","protected":false},"excerpt":{"rendered":"<p>SA\u017dETAK: Pri ro\u0111enju, Alen O&#8217;Rinn na par trenutaka umire, no na \u010dudo svih, budi se bez traga da mu je i\u0161ta bilo. Nakon toga \u017eivot mu je pun te\u0161kih, ponekad i neobja\u0161njivih doga\u0111aja. Smrt strica, rastava braka roditelja, odlazak sestre te grubo pona\u0161anje njegova oca samo su neki od njih. No sve se mijenja kada [&hellip;]<\/p>\n","protected":false},"featured_media":7562,"comment_status":"open","ping_status":"closed","template":"","meta":{"_acf_changed":false},"product_brand":[],"product_cat":[1383,1385],"product_tag":[],"class_list":{"0":"post-7561","1":"product","2":"type-product","3":"status-publish","4":"has-post-thumbnail","6":"product_cat-knjige","7":"product_cat-knjizevnost","8":"pa_autor-luka-maric","9":"pa_nakladnik-redak","11":"first","12":"instock","13":"shipping-taxable","14":"purchasable","15":"product-type-simple"},"acf":[],"yoast_head":"<!-- This site is optimized with the Yoast SEO plugin v27.3 - https:\/\/yoast.com\/product\/yoast-seo-wordpress\/ -->\n<title>O&#039;RINN, Luka Mari\u0107 - Web-knji\u017eara<\/title>\n<meta name=\"robots\" content=\"index, follow, max-snippet:-1, max-image-preview:large, max-video-preview:-1\" \/>\n<link rel=\"canonical\" href=\"https:\/\/webknjizara.hr\/proizvod\/o-rinn-luka-maric\/\" \/>\n<meta property=\"og:locale\" content=\"en_US\" \/>\n<meta property=\"og:type\" content=\"article\" \/>\n<meta property=\"og:title\" content=\"O&#039;RINN, Luka Mari\u0107 - Web-knji\u017eara\" \/>\n<meta property=\"og:description\" content=\"SA\u017dETAK: Pri ro\u0111enju, Alen O&#8217;Rinn na par trenutaka umire, no na \u010dudo svih, budi se bez traga da mu je i\u0161ta bilo. Nakon toga \u017eivot mu je pun te\u0161kih, ponekad i neobja\u0161njivih doga\u0111aja. Smrt strica, rastava braka roditelja, odlazak sestre te grubo pona\u0161anje njegova oca samo su neki od njih. No sve se mijenja kada [&hellip;]\" \/>\n<meta property=\"og:url\" content=\"https:\/\/webknjizara.hr\/proizvod\/o-rinn-luka-maric\/\" \/>\n<meta property=\"og:site_name\" content=\"Web-knji\u017eara\" \/>\n<meta property=\"article:modified_time\" content=\"2023-02-26T23:15:47+00:00\" \/>\n<meta property=\"og:image\" content=\"https:\/\/webknjizara.hr\/wp-content\/uploads\/nc\/images\/virtuemart\/product\/o-rinn-luka-mar-508ecaad26add.jpg\" \/>\n\t<meta property=\"og:image:width\" content=\"333\" \/>\n\t<meta property=\"og:image:height\" content=\"500\" \/>\n\t<meta property=\"og:image:type\" content=\"image\/jpeg\" \/>\n<meta name=\"twitter:card\" content=\"summary_large_image\" \/>\n<meta name=\"twitter:label1\" content=\"Est. reading time\" \/>\n\t<meta name=\"twitter:data1\" content=\"1 minute\" \/>\n<script type=\"application\/ld+json\" class=\"yoast-schema-graph\">{\"@context\":\"https:\\\/\\\/schema.org\",\"@graph\":[{\"@type\":\"WebPage\",\"@id\":\"https:\\\/\\\/webknjizara.hr\\\/proizvod\\\/o-rinn-luka-maric\\\/\",\"url\":\"https:\\\/\\\/webknjizara.hr\\\/proizvod\\\/o-rinn-luka-maric\\\/\",\"name\":\"O&#039;RINN, Luka Mari\u0107 - Web-knji\u017eara\",\"isPartOf\":{\"@id\":\"https:\\\/\\\/webknjizara.hr\\\/#website\"},\"primaryImageOfPage\":{\"@id\":\"https:\\\/\\\/webknjizara.hr\\\/proizvod\\\/o-rinn-luka-maric\\\/#primaryimage\"},\"image\":{\"@id\":\"https:\\\/\\\/webknjizara.hr\\\/proizvod\\\/o-rinn-luka-maric\\\/#primaryimage\"},\"thumbnailUrl\":\"https:\\\/\\\/webknjizara.hr\\\/wp-content\\\/uploads\\\/nc\\\/images\\\/virtuemart\\\/product\\\/o-rinn-luka-mar-508ecaad26add.jpg\",\"datePublished\":\"2012-10-29T18:27:57+00:00\",\"dateModified\":\"2023-02-26T23:15:47+00:00\",\"breadcrumb\":{\"@id\":\"https:\\\/\\\/webknjizara.hr\\\/proizvod\\\/o-rinn-luka-maric\\\/#breadcrumb\"},\"inLanguage\":\"en-US\",\"potentialAction\":[{\"@type\":\"ReadAction\",\"target\":[\"https:\\\/\\\/webknjizara.hr\\\/proizvod\\\/o-rinn-luka-maric\\\/\"]}]},{\"@type\":\"ImageObject\",\"inLanguage\":\"en-US\",\"@id\":\"https:\\\/\\\/webknjizara.hr\\\/proizvod\\\/o-rinn-luka-maric\\\/#primaryimage\",\"url\":\"https:\\\/\\\/webknjizara.hr\\\/wp-content\\\/uploads\\\/nc\\\/images\\\/virtuemart\\\/product\\\/o-rinn-luka-mar-508ecaad26add.jpg\",\"contentUrl\":\"https:\\\/\\\/webknjizara.hr\\\/wp-content\\\/uploads\\\/nc\\\/images\\\/virtuemart\\\/product\\\/o-rinn-luka-mar-508ecaad26add.jpg\",\"width\":333,\"height\":500,\"caption\":\"O'RINN, Luka Mari\u0107\"},{\"@type\":\"BreadcrumbList\",\"@id\":\"https:\\\/\\\/webknjizara.hr\\\/proizvod\\\/o-rinn-luka-maric\\\/#breadcrumb\",\"itemListElement\":[{\"@type\":\"ListItem\",\"position\":1,\"name\":\"Po\u010detna stranica\",\"item\":\"https:\\\/\\\/webknjizara.hr\\\/en\\\/\"},{\"@type\":\"ListItem\",\"position\":2,\"name\":\"Shop\",\"item\":\"https:\\\/\\\/webknjizara.hr\\\/shop\\\/\"},{\"@type\":\"ListItem\",\"position\":3,\"name\":\"O&#039;RINN, Luka Mari\u0107\"}]},{\"@type\":\"WebSite\",\"@id\":\"https:\\\/\\\/webknjizara.hr\\\/#website\",\"url\":\"https:\\\/\\\/webknjizara.hr\\\/\",\"name\":\"Web Knji\u017eara\",\"description\":\"\",\"publisher\":{\"@id\":\"https:\\\/\\\/webknjizara.hr\\\/#organization\"},\"potentialAction\":[{\"@type\":\"SearchAction\",\"target\":{\"@type\":\"EntryPoint\",\"urlTemplate\":\"https:\\\/\\\/webknjizara.hr\\\/?s={search_term_string}\"},\"query-input\":{\"@type\":\"PropertyValueSpecification\",\"valueRequired\":true,\"valueName\":\"search_term_string\"}}],\"inLanguage\":\"en-US\"},{\"@type\":\"Organization\",\"@id\":\"https:\\\/\\\/webknjizara.hr\\\/#organization\",\"name\":\"REDAK D.O.O.\",\"url\":\"https:\\\/\\\/webknjizara.hr\\\/\",\"logo\":{\"@type\":\"ImageObject\",\"inLanguage\":\"en-US\",\"@id\":\"https:\\\/\\\/webknjizara.hr\\\/#\\\/schema\\\/logo\\\/image\\\/\",\"url\":\"https:\\\/\\\/webknjizara.hr\\\/wp-content\\\/uploads\\\/2023\\\/01\\\/web-knjizara-logo.webp\",\"contentUrl\":\"https:\\\/\\\/webknjizara.hr\\\/wp-content\\\/uploads\\\/2023\\\/01\\\/web-knjizara-logo.webp\",\"width\":324,\"height\":79,\"caption\":\"REDAK D.O.O.\"},\"image\":{\"@id\":\"https:\\\/\\\/webknjizara.hr\\\/#\\\/schema\\\/logo\\\/image\\\/\"}}]}<\/script>\n<!-- \/ Yoast SEO plugin. -->","yoast_head_json":{"title":"O&#039;RINN, Luka Mari\u0107 - Web-knji\u017eara","robots":{"index":"index","follow":"follow","max-snippet":"max-snippet:-1","max-image-preview":"max-image-preview:large","max-video-preview":"max-video-preview:-1"},"canonical":"https:\/\/webknjizara.hr\/proizvod\/o-rinn-luka-maric\/","og_locale":"en_US","og_type":"article","og_title":"O&#039;RINN, Luka Mari\u0107 - Web-knji\u017eara","og_description":"SA\u017dETAK: Pri ro\u0111enju, Alen O&#8217;Rinn na par trenutaka umire, no na \u010dudo svih, budi se bez traga da mu je i\u0161ta bilo. Nakon toga \u017eivot mu je pun te\u0161kih, ponekad i neobja\u0161njivih doga\u0111aja. Smrt strica, rastava braka roditelja, odlazak sestre te grubo pona\u0161anje njegova oca samo su neki od njih. No sve se mijenja kada [&hellip;]","og_url":"https:\/\/webknjizara.hr\/proizvod\/o-rinn-luka-maric\/","og_site_name":"Web-knji\u017eara","article_modified_time":"2023-02-26T23:15:47+00:00","og_image":[{"width":333,"height":500,"url":"https:\/\/webknjizara.hr\/wp-content\/uploads\/nc\/images\/virtuemart\/product\/o-rinn-luka-mar-508ecaad26add.jpg","type":"image\/jpeg"}],"twitter_card":"summary_large_image","twitter_misc":{"Est. reading time":"1 minute"},"schema":{"@context":"https:\/\/schema.org","@graph":[{"@type":"WebPage","@id":"https:\/\/webknjizara.hr\/proizvod\/o-rinn-luka-maric\/","url":"https:\/\/webknjizara.hr\/proizvod\/o-rinn-luka-maric\/","name":"O&#039;RINN, Luka Mari\u0107 - Web-knji\u017eara","isPartOf":{"@id":"https:\/\/webknjizara.hr\/#website"},"primaryImageOfPage":{"@id":"https:\/\/webknjizara.hr\/proizvod\/o-rinn-luka-maric\/#primaryimage"},"image":{"@id":"https:\/\/webknjizara.hr\/proizvod\/o-rinn-luka-maric\/#primaryimage"},"thumbnailUrl":"https:\/\/webknjizara.hr\/wp-content\/uploads\/nc\/images\/virtuemart\/product\/o-rinn-luka-mar-508ecaad26add.jpg","datePublished":"2012-10-29T18:27:57+00:00","dateModified":"2023-02-26T23:15:47+00:00","breadcrumb":{"@id":"https:\/\/webknjizara.hr\/proizvod\/o-rinn-luka-maric\/#breadcrumb"},"inLanguage":"en-US","potentialAction":[{"@type":"ReadAction","target":["https:\/\/webknjizara.hr\/proizvod\/o-rinn-luka-maric\/"]}]},{"@type":"ImageObject","inLanguage":"en-US","@id":"https:\/\/webknjizara.hr\/proizvod\/o-rinn-luka-maric\/#primaryimage","url":"https:\/\/webknjizara.hr\/wp-content\/uploads\/nc\/images\/virtuemart\/product\/o-rinn-luka-mar-508ecaad26add.jpg","contentUrl":"https:\/\/webknjizara.hr\/wp-content\/uploads\/nc\/images\/virtuemart\/product\/o-rinn-luka-mar-508ecaad26add.jpg","width":333,"height":500,"caption":"O'RINN, Luka Mari\u0107"},{"@type":"BreadcrumbList","@id":"https:\/\/webknjizara.hr\/proizvod\/o-rinn-luka-maric\/#breadcrumb","itemListElement":[{"@type":"ListItem","position":1,"name":"Po\u010detna stranica","item":"https:\/\/webknjizara.hr\/en\/"},{"@type":"ListItem","position":2,"name":"Shop","item":"https:\/\/webknjizara.hr\/shop\/"},{"@type":"ListItem","position":3,"name":"O&#039;RINN, Luka Mari\u0107"}]},{"@type":"WebSite","@id":"https:\/\/webknjizara.hr\/#website","url":"https:\/\/webknjizara.hr\/","name":"Web Knji\u017eara","description":"","publisher":{"@id":"https:\/\/webknjizara.hr\/#organization"},"potentialAction":[{"@type":"SearchAction","target":{"@type":"EntryPoint","urlTemplate":"https:\/\/webknjizara.hr\/?s={search_term_string}"},"query-input":{"@type":"PropertyValueSpecification","valueRequired":true,"valueName":"search_term_string"}}],"inLanguage":"en-US"},{"@type":"Organization","@id":"https:\/\/webknjizara.hr\/#organization","name":"REDAK D.O.O.","url":"https:\/\/webknjizara.hr\/","logo":{"@type":"ImageObject","inLanguage":"en-US","@id":"https:\/\/webknjizara.hr\/#\/schema\/logo\/image\/","url":"https:\/\/webknjizara.hr\/wp-content\/uploads\/2023\/01\/web-knjizara-logo.webp","contentUrl":"https:\/\/webknjizara.hr\/wp-content\/uploads\/2023\/01\/web-knjizara-logo.webp","width":324,"height":79,"caption":"REDAK D.O.O."},"image":{"@id":"https:\/\/webknjizara.hr\/#\/schema\/logo\/image\/"}}]}},"_links":{"self":[{"href":"https:\/\/webknjizara.hr\/en\/wp-json\/wp\/v2\/product\/7561","targetHints":{"allow":["GET"]}}],"collection":[{"href":"https:\/\/webknjizara.hr\/en\/wp-json\/wp\/v2\/product"}],"about":[{"href":"https:\/\/webknjizara.hr\/en\/wp-json\/wp\/v2\/types\/product"}],"replies":[{"embeddable":true,"href":"https:\/\/webknjizara.hr\/en\/wp-json\/wp\/v2\/comments?post=7561"}],"wp:featuredmedia":[{"embeddable":true,"href":"https:\/\/webknjizara.hr\/en\/wp-json\/wp\/v2\/media\/7562"}],"wp:attachment":[{"href":"https:\/\/webknjizara.hr\/en\/wp-json\/wp\/v2\/media?parent=7561"}],"wp:term":[{"taxonomy":"product_brand","embeddable":true,"href":"https:\/\/webknjizara.hr\/en\/wp-json\/wp\/v2\/product_brand?post=7561"},{"taxonomy":"product_cat","embeddable":true,"href":"https:\/\/webknjizara.hr\/en\/wp-json\/wp\/v2\/product_cat?post=7561"},{"taxonomy":"product_tag","embeddable":true,"href":"https:\/\/webknjizara.hr\/en\/wp-json\/wp\/v2\/product_tag?post=7561"}],"curies":[{"name":"wp","href":"https:\/\/api.w.org\/{rel}","templated":true}]}}