{"id":7559,"date":"2012-10-29T18:22:55","date_gmt":"2012-10-29T18:22:55","guid":{"rendered":"https:\/\/webknjizara.hr\/?product=atentat-na-boga-emil-gebejes"},"modified":"2023-02-27T00:15:47","modified_gmt":"2023-02-26T23:15:47","slug":"atentat-na-boga-emil-gebejes","status":"publish","type":"product","link":"https:\/\/webknjizara.hr\/en\/proizvod\/atentat-na-boga-emil-gebejes\/","title":{"rendered":"ATENTAT NA BOGA, Emil Gebeje\u0161"},"content":{"rendered":"<div style=\"text-align: justify;\"><strong>Sa\u017eetak:<\/strong><\/p>\n<p>Knjiga poezije kakva se ne \u010dita u \u0161kolama i ostalim ustanovama. Sve pjesme su napisane po istinitim doga\u0111ajima, te bazirane na sje\u0107anjima, vizijama i deliriumu pjesnika-koliko god to banalno zvu\u010dilo.<\/p>\n<p><strong>Bilje\u0161ka o autoru:<\/strong><\/p>\n<p>Emil Gebeje\u0161 &#8211; ro\u0111en 1991. godine u donjem Me\u0111imurju, ovo je druga knjiga koju je izdao te ujedno prva knjiga poezije. Ostali podaci nisu bitni u ovom trenutku, recimo samo da kao i sva prija\u0161nja djela tako je i ova knjiga posve\u0107ena izgubljenoj djevojci.<\/p>\n<p><strong>Klju\u010dne rije\u010di: <\/strong>ludilo, alkoholizam, poezija, banalnost, nepovezanost<\/p>\n<p><strong>Email:<\/strong> <a href=\"mailto:lordgeby@gmail.com\">Emil Gebeje\u0161<\/a><\/p>\n<p><strong>Naslov:<\/strong> Atentat na Boga<br \/><strong>Autor:<\/strong> Emil Gebeje\u0161<br \/><strong>Broj stranica:<\/strong> 104<br \/><strong>Nakladnik:<\/strong> REDAK<br \/><strong>Godina izdanja:<\/strong> 2012.<br \/><strong>ISBN:<\/strong> 978-953-336-010-2<br \/><strong>Tisak:<\/strong> digitalni tisak knjiga &#8211; print na zahtjev<\/div>\n","protected":false},"excerpt":{"rendered":"<p>Sa\u017eetak: Knjiga poezije kakva se ne \u010dita u \u0161kolama i ostalim ustanovama. Sve pjesme su napisane po istinitim doga\u0111ajima, te bazirane na sje\u0107anjima, vizijama i deliriumu pjesnika-koliko god to banalno zvu\u010dilo. Bilje\u0161ka o autoru: Emil Gebeje\u0161 &#8211; ro\u0111en 1991. godine u donjem Me\u0111imurju, ovo je druga knjiga koju je izdao te ujedno prva knjiga poezije. [&hellip;]<\/p>\n","protected":false},"featured_media":7560,"comment_status":"open","ping_status":"closed","template":"","meta":{"_acf_changed":false},"product_brand":[],"product_cat":[1383,1385,1388],"product_tag":[],"class_list":{"0":"post-7559","1":"product","2":"type-product","3":"status-publish","4":"has-post-thumbnail","6":"product_cat-knjige","7":"product_cat-knjizevnost","8":"product_cat-poezija","9":"pa_autor-emil-gebejes","10":"pa_nakladnik-redak","12":"first","13":"instock","14":"shipping-taxable","15":"purchasable","16":"product-type-simple"},"acf":[],"yoast_head":"<!-- This site is optimized with the Yoast SEO plugin v27.3 - https:\/\/yoast.com\/product\/yoast-seo-wordpress\/ -->\n<title>ATENTAT NA BOGA, Emil Gebeje\u0161 - Web-knji\u017eara<\/title>\n<meta name=\"robots\" content=\"index, follow, max-snippet:-1, max-image-preview:large, max-video-preview:-1\" \/>\n<link rel=\"canonical\" href=\"https:\/\/webknjizara.hr\/proizvod\/atentat-na-boga-emil-gebejes\/\" \/>\n<meta property=\"og:locale\" content=\"en_US\" \/>\n<meta property=\"og:type\" content=\"article\" \/>\n<meta property=\"og:title\" content=\"ATENTAT NA BOGA, Emil Gebeje\u0161 - Web-knji\u017eara\" \/>\n<meta property=\"og:description\" content=\"Sa\u017eetak: Knjiga poezije kakva se ne \u010dita u \u0161kolama i ostalim ustanovama. Sve pjesme su napisane po istinitim doga\u0111ajima, te bazirane na sje\u0107anjima, vizijama i deliriumu pjesnika-koliko god to banalno zvu\u010dilo. Bilje\u0161ka o autoru: Emil Gebeje\u0161 &#8211; ro\u0111en 1991. godine u donjem Me\u0111imurju, ovo je druga knjiga koju je izdao te ujedno prva knjiga poezije. [&hellip;]\" \/>\n<meta property=\"og:url\" content=\"https:\/\/webknjizara.hr\/proizvod\/atentat-na-boga-emil-gebejes\/\" \/>\n<meta property=\"og:site_name\" content=\"Web-knji\u017eara\" \/>\n<meta property=\"article:modified_time\" content=\"2023-02-26T23:15:47+00:00\" \/>\n<meta property=\"og:image\" content=\"https:\/\/webknjizara.hr\/wp-content\/uploads\/nc\/images\/virtuemart\/product\/atentat-na-boga-508ec97f28305.jpg\" \/>\n\t<meta property=\"og:image:width\" content=\"352\" \/>\n\t<meta property=\"og:image:height\" content=\"500\" \/>\n\t<meta property=\"og:image:type\" content=\"image\/jpeg\" \/>\n<meta name=\"twitter:card\" content=\"summary_large_image\" \/>\n<meta name=\"twitter:label1\" content=\"Est. reading time\" \/>\n\t<meta name=\"twitter:data1\" content=\"1 minute\" \/>\n<script type=\"application\/ld+json\" class=\"yoast-schema-graph\">{\"@context\":\"https:\\\/\\\/schema.org\",\"@graph\":[{\"@type\":\"WebPage\",\"@id\":\"https:\\\/\\\/webknjizara.hr\\\/proizvod\\\/atentat-na-boga-emil-gebejes\\\/\",\"url\":\"https:\\\/\\\/webknjizara.hr\\\/proizvod\\\/atentat-na-boga-emil-gebejes\\\/\",\"name\":\"ATENTAT NA BOGA, Emil Gebeje\u0161 - Web-knji\u017eara\",\"isPartOf\":{\"@id\":\"https:\\\/\\\/webknjizara.hr\\\/#website\"},\"primaryImageOfPage\":{\"@id\":\"https:\\\/\\\/webknjizara.hr\\\/proizvod\\\/atentat-na-boga-emil-gebejes\\\/#primaryimage\"},\"image\":{\"@id\":\"https:\\\/\\\/webknjizara.hr\\\/proizvod\\\/atentat-na-boga-emil-gebejes\\\/#primaryimage\"},\"thumbnailUrl\":\"https:\\\/\\\/webknjizara.hr\\\/wp-content\\\/uploads\\\/nc\\\/images\\\/virtuemart\\\/product\\\/atentat-na-boga-508ec97f28305.jpg\",\"datePublished\":\"2012-10-29T18:22:55+00:00\",\"dateModified\":\"2023-02-26T23:15:47+00:00\",\"breadcrumb\":{\"@id\":\"https:\\\/\\\/webknjizara.hr\\\/proizvod\\\/atentat-na-boga-emil-gebejes\\\/#breadcrumb\"},\"inLanguage\":\"en-US\",\"potentialAction\":[{\"@type\":\"ReadAction\",\"target\":[\"https:\\\/\\\/webknjizara.hr\\\/proizvod\\\/atentat-na-boga-emil-gebejes\\\/\"]}]},{\"@type\":\"ImageObject\",\"inLanguage\":\"en-US\",\"@id\":\"https:\\\/\\\/webknjizara.hr\\\/proizvod\\\/atentat-na-boga-emil-gebejes\\\/#primaryimage\",\"url\":\"https:\\\/\\\/webknjizara.hr\\\/wp-content\\\/uploads\\\/nc\\\/images\\\/virtuemart\\\/product\\\/atentat-na-boga-508ec97f28305.jpg\",\"contentUrl\":\"https:\\\/\\\/webknjizara.hr\\\/wp-content\\\/uploads\\\/nc\\\/images\\\/virtuemart\\\/product\\\/atentat-na-boga-508ec97f28305.jpg\",\"width\":352,\"height\":500,\"caption\":\"ATENTAT NA BOGA, Emil Gebeje\u0161\"},{\"@type\":\"BreadcrumbList\",\"@id\":\"https:\\\/\\\/webknjizara.hr\\\/proizvod\\\/atentat-na-boga-emil-gebejes\\\/#breadcrumb\",\"itemListElement\":[{\"@type\":\"ListItem\",\"position\":1,\"name\":\"Po\u010detna stranica\",\"item\":\"https:\\\/\\\/webknjizara.hr\\\/en\\\/\"},{\"@type\":\"ListItem\",\"position\":2,\"name\":\"Shop\",\"item\":\"https:\\\/\\\/webknjizara.hr\\\/shop\\\/\"},{\"@type\":\"ListItem\",\"position\":3,\"name\":\"ATENTAT NA BOGA, Emil Gebeje\u0161\"}]},{\"@type\":\"WebSite\",\"@id\":\"https:\\\/\\\/webknjizara.hr\\\/#website\",\"url\":\"https:\\\/\\\/webknjizara.hr\\\/\",\"name\":\"Web Knji\u017eara\",\"description\":\"\",\"publisher\":{\"@id\":\"https:\\\/\\\/webknjizara.hr\\\/#organization\"},\"potentialAction\":[{\"@type\":\"SearchAction\",\"target\":{\"@type\":\"EntryPoint\",\"urlTemplate\":\"https:\\\/\\\/webknjizara.hr\\\/?s={search_term_string}\"},\"query-input\":{\"@type\":\"PropertyValueSpecification\",\"valueRequired\":true,\"valueName\":\"search_term_string\"}}],\"inLanguage\":\"en-US\"},{\"@type\":\"Organization\",\"@id\":\"https:\\\/\\\/webknjizara.hr\\\/#organization\",\"name\":\"REDAK D.O.O.\",\"url\":\"https:\\\/\\\/webknjizara.hr\\\/\",\"logo\":{\"@type\":\"ImageObject\",\"inLanguage\":\"en-US\",\"@id\":\"https:\\\/\\\/webknjizara.hr\\\/#\\\/schema\\\/logo\\\/image\\\/\",\"url\":\"https:\\\/\\\/webknjizara.hr\\\/wp-content\\\/uploads\\\/2023\\\/01\\\/web-knjizara-logo.webp\",\"contentUrl\":\"https:\\\/\\\/webknjizara.hr\\\/wp-content\\\/uploads\\\/2023\\\/01\\\/web-knjizara-logo.webp\",\"width\":324,\"height\":79,\"caption\":\"REDAK D.O.O.\"},\"image\":{\"@id\":\"https:\\\/\\\/webknjizara.hr\\\/#\\\/schema\\\/logo\\\/image\\\/\"}}]}<\/script>\n<!-- \/ Yoast SEO plugin. -->","yoast_head_json":{"title":"ATENTAT NA BOGA, Emil Gebeje\u0161 - Web-knji\u017eara","robots":{"index":"index","follow":"follow","max-snippet":"max-snippet:-1","max-image-preview":"max-image-preview:large","max-video-preview":"max-video-preview:-1"},"canonical":"https:\/\/webknjizara.hr\/proizvod\/atentat-na-boga-emil-gebejes\/","og_locale":"en_US","og_type":"article","og_title":"ATENTAT NA BOGA, Emil Gebeje\u0161 - Web-knji\u017eara","og_description":"Sa\u017eetak: Knjiga poezije kakva se ne \u010dita u \u0161kolama i ostalim ustanovama. Sve pjesme su napisane po istinitim doga\u0111ajima, te bazirane na sje\u0107anjima, vizijama i deliriumu pjesnika-koliko god to banalno zvu\u010dilo. Bilje\u0161ka o autoru: Emil Gebeje\u0161 &#8211; ro\u0111en 1991. godine u donjem Me\u0111imurju, ovo je druga knjiga koju je izdao te ujedno prva knjiga poezije. [&hellip;]","og_url":"https:\/\/webknjizara.hr\/proizvod\/atentat-na-boga-emil-gebejes\/","og_site_name":"Web-knji\u017eara","article_modified_time":"2023-02-26T23:15:47+00:00","og_image":[{"width":352,"height":500,"url":"https:\/\/webknjizara.hr\/wp-content\/uploads\/nc\/images\/virtuemart\/product\/atentat-na-boga-508ec97f28305.jpg","type":"image\/jpeg"}],"twitter_card":"summary_large_image","twitter_misc":{"Est. reading time":"1 minute"},"schema":{"@context":"https:\/\/schema.org","@graph":[{"@type":"WebPage","@id":"https:\/\/webknjizara.hr\/proizvod\/atentat-na-boga-emil-gebejes\/","url":"https:\/\/webknjizara.hr\/proizvod\/atentat-na-boga-emil-gebejes\/","name":"ATENTAT NA BOGA, Emil Gebeje\u0161 - Web-knji\u017eara","isPartOf":{"@id":"https:\/\/webknjizara.hr\/#website"},"primaryImageOfPage":{"@id":"https:\/\/webknjizara.hr\/proizvod\/atentat-na-boga-emil-gebejes\/#primaryimage"},"image":{"@id":"https:\/\/webknjizara.hr\/proizvod\/atentat-na-boga-emil-gebejes\/#primaryimage"},"thumbnailUrl":"https:\/\/webknjizara.hr\/wp-content\/uploads\/nc\/images\/virtuemart\/product\/atentat-na-boga-508ec97f28305.jpg","datePublished":"2012-10-29T18:22:55+00:00","dateModified":"2023-02-26T23:15:47+00:00","breadcrumb":{"@id":"https:\/\/webknjizara.hr\/proizvod\/atentat-na-boga-emil-gebejes\/#breadcrumb"},"inLanguage":"en-US","potentialAction":[{"@type":"ReadAction","target":["https:\/\/webknjizara.hr\/proizvod\/atentat-na-boga-emil-gebejes\/"]}]},{"@type":"ImageObject","inLanguage":"en-US","@id":"https:\/\/webknjizara.hr\/proizvod\/atentat-na-boga-emil-gebejes\/#primaryimage","url":"https:\/\/webknjizara.hr\/wp-content\/uploads\/nc\/images\/virtuemart\/product\/atentat-na-boga-508ec97f28305.jpg","contentUrl":"https:\/\/webknjizara.hr\/wp-content\/uploads\/nc\/images\/virtuemart\/product\/atentat-na-boga-508ec97f28305.jpg","width":352,"height":500,"caption":"ATENTAT NA BOGA, Emil Gebeje\u0161"},{"@type":"BreadcrumbList","@id":"https:\/\/webknjizara.hr\/proizvod\/atentat-na-boga-emil-gebejes\/#breadcrumb","itemListElement":[{"@type":"ListItem","position":1,"name":"Po\u010detna stranica","item":"https:\/\/webknjizara.hr\/en\/"},{"@type":"ListItem","position":2,"name":"Shop","item":"https:\/\/webknjizara.hr\/shop\/"},{"@type":"ListItem","position":3,"name":"ATENTAT NA BOGA, Emil Gebeje\u0161"}]},{"@type":"WebSite","@id":"https:\/\/webknjizara.hr\/#website","url":"https:\/\/webknjizara.hr\/","name":"Web Knji\u017eara","description":"","publisher":{"@id":"https:\/\/webknjizara.hr\/#organization"},"potentialAction":[{"@type":"SearchAction","target":{"@type":"EntryPoint","urlTemplate":"https:\/\/webknjizara.hr\/?s={search_term_string}"},"query-input":{"@type":"PropertyValueSpecification","valueRequired":true,"valueName":"search_term_string"}}],"inLanguage":"en-US"},{"@type":"Organization","@id":"https:\/\/webknjizara.hr\/#organization","name":"REDAK D.O.O.","url":"https:\/\/webknjizara.hr\/","logo":{"@type":"ImageObject","inLanguage":"en-US","@id":"https:\/\/webknjizara.hr\/#\/schema\/logo\/image\/","url":"https:\/\/webknjizara.hr\/wp-content\/uploads\/2023\/01\/web-knjizara-logo.webp","contentUrl":"https:\/\/webknjizara.hr\/wp-content\/uploads\/2023\/01\/web-knjizara-logo.webp","width":324,"height":79,"caption":"REDAK D.O.O."},"image":{"@id":"https:\/\/webknjizara.hr\/#\/schema\/logo\/image\/"}}]}},"_links":{"self":[{"href":"https:\/\/webknjizara.hr\/en\/wp-json\/wp\/v2\/product\/7559","targetHints":{"allow":["GET"]}}],"collection":[{"href":"https:\/\/webknjizara.hr\/en\/wp-json\/wp\/v2\/product"}],"about":[{"href":"https:\/\/webknjizara.hr\/en\/wp-json\/wp\/v2\/types\/product"}],"replies":[{"embeddable":true,"href":"https:\/\/webknjizara.hr\/en\/wp-json\/wp\/v2\/comments?post=7559"}],"wp:featuredmedia":[{"embeddable":true,"href":"https:\/\/webknjizara.hr\/en\/wp-json\/wp\/v2\/media\/7560"}],"wp:attachment":[{"href":"https:\/\/webknjizara.hr\/en\/wp-json\/wp\/v2\/media?parent=7559"}],"wp:term":[{"taxonomy":"product_brand","embeddable":true,"href":"https:\/\/webknjizara.hr\/en\/wp-json\/wp\/v2\/product_brand?post=7559"},{"taxonomy":"product_cat","embeddable":true,"href":"https:\/\/webknjizara.hr\/en\/wp-json\/wp\/v2\/product_cat?post=7559"},{"taxonomy":"product_tag","embeddable":true,"href":"https:\/\/webknjizara.hr\/en\/wp-json\/wp\/v2\/product_tag?post=7559"}],"curies":[{"name":"wp","href":"https:\/\/api.w.org\/{rel}","templated":true}]}}