{"id":7549,"date":"2012-08-09T18:25:55","date_gmt":"2012-08-09T18:25:55","guid":{"rendered":"https:\/\/webknjizara.hr\/?product=o-jeziku-novih-medija-kvare-li-novi-mediji-suvremeni-jezik"},"modified":"2023-02-27T00:15:46","modified_gmt":"2023-02-26T23:15:46","slug":"o-jeziku-novih-medija-kvare-li-novi-mediji-suvremeni-jezik","status":"publish","type":"product","link":"https:\/\/webknjizara.hr\/en\/proizvod\/o-jeziku-novih-medija-kvare-li-novi-mediji-suvremeni-jezik\/","title":{"rendered":"O JEZIKU NOVIH MEDIJA (KVARE LI NOVI MEDIJI SUVREMENI JEZIK?)"},"content":{"rendered":"<div style=\"text-align: justify;\"><\/div>\n<div style=\"text-align: justify;\"><span style=\"text-decoration: underline;\"><strong>Napomena: Knjiga je dostupna i u color varijanti po 159,00 kn<\/strong><\/span> &#8211; <a target=\"_blank\" href=\"https:\/\/webknjizara.hr\/hr\/kontakt\" rel=\"noopener\">za upit ili narud\u017ebu molimo po\u0161aljite upit<\/a><\/p>\n<p><strong>Sa\u017eetak:<\/strong><\/div>\n<div style=\"text-align: justify;\">Knjiga <em>O jeziku novih medija<\/em> opisuje jezik novih medija, komunikacije na internetu te one putem mobilnoga telefona odnosno njihovih usluga: weba, el. po\u0161te, bloga, pri\u010daonice, Facebooka, Twittera te SMS-a kao i uporabu jezika novih medija u didakti\u010dke svrhe. U knjizi su isprva opisani fenomeni interneta i mobilnoga telefona, njihov razvoj i tehni\u010dke mogu\u0107nosti. Potom se op\u0161irno analiziraju komunikacija na internetu i jezik te komunikacije s naglaskom na nove jezi\u010dne oblike (hipertekst i pozive na interakciju) kao i temeljna obilje\u017eja jezika na internetu poput emotikona, web adresa, skra\u0107enica, aloglotskih elemenata, neologizama te varijeteta (prije svega jezika mladih i dijalekta). Iscrpno se zatim opisuju pojedina\u010dne internetske usluge i analizira njihov jezik (jezik weba, jezik bloga, jezik elektroni\u010dke po\u0161te, jezik pri\u010daonice, jezik Facebooka te jezik Twittera) kao i jezik SMS-a na razli\u010ditim lingvisti\u010dkim razinama. Prikazuju se i mogu\u0107nosti uporabe jezika novih medija u didakti\u010dke svrhe pri \u010demu se navode i neki konkretni primjeri u\u010denja s pomo\u0107u jezika pri\u010daonica, Facebooka ili SMS-a, i to na materinskom (hrvatskom) i na stranom (njema\u010dkom) jeziku. U tim se primjerima ukazuje na razliku izme\u0111u standarda i uporabe jezika u navedenim uslugama te se poti\u010de na ispravljanje pogre\u0161aka iz privatnoga jezika u\u010denika kako bi oni osvijestili tu razliku i jo\u0161 vi\u0161e utvrdili standardni jezik.\u00a0 <br \/>Zaklju\u010duje se da se jezi\u010dno pona\u0161anje u internetskim uslugama te SMS-u ne razlikuje u razli\u010ditim jezicima, ve\u0107 \u0161tovi\u0161e pokazuje nebrojene sli\u010dnosti u hrvatskome, njema\u010dkome i engleskome jeziku. Jednako tako daje se i odgovor na pitanje ho\u0107e li novi na\u010dini pisanja pokvariti jezik. <\/p>\n<p><strong>Bilje\u0161ka o autorici: <\/strong><\/div>\n<div style=\"text-align: justify;\"><\/div>\n<div style=\"text-align: justify;\">Doc. dr. sc. Bla\u017eenka Filipan-\u017digni\u0107 docentica je na Sveu\u010dili\u0161tu u Zagrebu. Radi na Katedri za interkulturalnu germanistiku U\u010diteljskoga fakulteta. Zaposlena je na Odsjeku u \u010cakovcu gdje je pro\u010delnica Odsjeka, a \u017eivi u Vara\u017edinu. Diplomirala je 1989. godine na Filozofskom fakultetu u Zagrebu, a doktorsku disertaciju iz podru\u010dja lingvistike obranila je na Filozofskom fakultetu u Zagrebu 2007. godine, \u010dime je stekla naziv doktora humanisti\u010dkih znanosti iz podru\u010dja filologije. <br \/>Autorica je vi\u0161e od trideset znanstvenih i stru\u010dnih radova iz podru\u010dja jezikoslovlja i primijenjene lingvistike objavljenih mahom u inozemnim \u010dasopisima i zbornicima. Podru\u010dje njezina interesa prije svega jesu jezik novih medija, jezik struke, jezi\u010dni dodiri te interkulturalnost. Sudjelovala je u doma\u0107im i stranim projektima. \u010clanica je vi\u0161e organizacija i udruga i to Matice hrvatske, Dru\u0161tva znanstvenika Me\u0111imurja, HDPL-a, KDV-a i dr.\u00a0 <\/p>\n<p><strong>Klju\u010dne rije\u010di:<\/strong> jezik novih medija, web, elektroni\u010dka po\u0161ta, pri\u010daonica, blog, Twitter, Facebook, SMS, u\u010denje s pomo\u0107u jezika novih medija<\/p>\n<p><strong>Link: <\/strong><a target=\"_blank\" href=\"http:\/\/tkojetko.irb.hr\/znanstvenikDetalji.php?sifznan=20269\" rel=\"noopener\">Bla\u017eenka Filipan \u017digni\u0107<\/a><br \/><strong>E-mail: <\/strong><a href=\"mailto:blazenka.filipan-zignic@ufzg.hr?subject=Upit\">Bla\u017eenka Filipan-\u017digni\u0107<\/a><\/p>\n<p><strong>Naslov:<\/strong> O jeziku novih medija (Kvare li novi mediji suvremeni jezik?)<br \/><strong>Autor:<\/strong> Bla\u017eenka Filipan-\u017digni\u0107<br \/><strong>Broj stranica:<\/strong> 226<br \/><strong>Nakladnik:<\/strong> MATICA HRVATSKA OGRANAK \u010cAKOVEC<br \/><strong>Godina izdanja:<\/strong> 2012.<br \/><strong>ISBN:<\/strong> 978-953-6138-46-3<br \/><strong>Tisak:<\/strong> digitalni tisak knjiga &#8211; print na zahtjev<\/div>\n","protected":false},"excerpt":{"rendered":"<p>Bla\u017eenka Filipan-\u017digni\u0107<\/p>\n","protected":false},"featured_media":7550,"comment_status":"open","ping_status":"closed","template":"","meta":{"_acf_changed":false},"product_brand":[],"product_cat":[1399,1517,1395],"product_tag":[],"class_list":{"0":"post-7549","1":"product","2":"type-product","3":"status-publish","4":"has-post-thumbnail","6":"product_cat-filologija","7":"product_cat-strucna-literatura","8":"product_cat-humanisticke-znanosti","9":"pa_nakladnik-matica-hrvatska-ogranak-cakovec","11":"first","12":"instock","13":"shipping-taxable","14":"purchasable","15":"product-type-simple"},"acf":[],"yoast_head":"<!-- This site is optimized with the Yoast SEO plugin v27.3 - https:\/\/yoast.com\/product\/yoast-seo-wordpress\/ -->\n<title>O JEZIKU NOVIH MEDIJA (KVARE LI NOVI MEDIJI SUVREMENI JEZIK?) - Web-knji\u017eara<\/title>\n<meta name=\"robots\" content=\"index, follow, max-snippet:-1, max-image-preview:large, max-video-preview:-1\" \/>\n<link rel=\"canonical\" href=\"https:\/\/webknjizara.hr\/proizvod\/o-jeziku-novih-medija-kvare-li-novi-mediji-suvremeni-jezik\/\" \/>\n<meta property=\"og:locale\" content=\"en_US\" \/>\n<meta property=\"og:type\" content=\"article\" \/>\n<meta property=\"og:title\" content=\"O JEZIKU NOVIH MEDIJA (KVARE LI NOVI MEDIJI SUVREMENI JEZIK?) - Web-knji\u017eara\" \/>\n<meta property=\"og:description\" content=\"Bla\u017eenka Filipan-\u017digni\u0107\" \/>\n<meta property=\"og:url\" content=\"https:\/\/webknjizara.hr\/proizvod\/o-jeziku-novih-medija-kvare-li-novi-mediji-suvremeni-jezik\/\" \/>\n<meta property=\"og:site_name\" content=\"Web-knji\u017eara\" \/>\n<meta property=\"article:modified_time\" content=\"2023-02-26T23:15:46+00:00\" \/>\n<meta property=\"og:image\" content=\"https:\/\/webknjizara.hr\/wp-content\/uploads\/nc\/images\/virtuemart\/product\/o-jeziku-novih-m-502400b3967aa.jpg\" \/>\n\t<meta property=\"og:image:width\" content=\"420\" \/>\n\t<meta property=\"og:image:height\" content=\"591\" \/>\n\t<meta property=\"og:image:type\" content=\"image\/jpeg\" \/>\n<meta name=\"twitter:card\" content=\"summary_large_image\" \/>\n<meta name=\"twitter:label1\" content=\"Est. reading time\" \/>\n\t<meta name=\"twitter:data1\" content=\"3 minutes\" \/>\n<script type=\"application\/ld+json\" class=\"yoast-schema-graph\">{\"@context\":\"https:\\\/\\\/schema.org\",\"@graph\":[{\"@type\":\"WebPage\",\"@id\":\"https:\\\/\\\/webknjizara.hr\\\/proizvod\\\/o-jeziku-novih-medija-kvare-li-novi-mediji-suvremeni-jezik\\\/\",\"url\":\"https:\\\/\\\/webknjizara.hr\\\/proizvod\\\/o-jeziku-novih-medija-kvare-li-novi-mediji-suvremeni-jezik\\\/\",\"name\":\"O JEZIKU NOVIH MEDIJA (KVARE LI NOVI MEDIJI SUVREMENI JEZIK?) - Web-knji\u017eara\",\"isPartOf\":{\"@id\":\"https:\\\/\\\/webknjizara.hr\\\/#website\"},\"primaryImageOfPage\":{\"@id\":\"https:\\\/\\\/webknjizara.hr\\\/proizvod\\\/o-jeziku-novih-medija-kvare-li-novi-mediji-suvremeni-jezik\\\/#primaryimage\"},\"image\":{\"@id\":\"https:\\\/\\\/webknjizara.hr\\\/proizvod\\\/o-jeziku-novih-medija-kvare-li-novi-mediji-suvremeni-jezik\\\/#primaryimage\"},\"thumbnailUrl\":\"https:\\\/\\\/webknjizara.hr\\\/wp-content\\\/uploads\\\/nc\\\/images\\\/virtuemart\\\/product\\\/o-jeziku-novih-m-502400b3967aa.jpg\",\"datePublished\":\"2012-08-09T18:25:55+00:00\",\"dateModified\":\"2023-02-26T23:15:46+00:00\",\"breadcrumb\":{\"@id\":\"https:\\\/\\\/webknjizara.hr\\\/proizvod\\\/o-jeziku-novih-medija-kvare-li-novi-mediji-suvremeni-jezik\\\/#breadcrumb\"},\"inLanguage\":\"en-US\",\"potentialAction\":[{\"@type\":\"ReadAction\",\"target\":[\"https:\\\/\\\/webknjizara.hr\\\/proizvod\\\/o-jeziku-novih-medija-kvare-li-novi-mediji-suvremeni-jezik\\\/\"]}]},{\"@type\":\"ImageObject\",\"inLanguage\":\"en-US\",\"@id\":\"https:\\\/\\\/webknjizara.hr\\\/proizvod\\\/o-jeziku-novih-medija-kvare-li-novi-mediji-suvremeni-jezik\\\/#primaryimage\",\"url\":\"https:\\\/\\\/webknjizara.hr\\\/wp-content\\\/uploads\\\/nc\\\/images\\\/virtuemart\\\/product\\\/o-jeziku-novih-m-502400b3967aa.jpg\",\"contentUrl\":\"https:\\\/\\\/webknjizara.hr\\\/wp-content\\\/uploads\\\/nc\\\/images\\\/virtuemart\\\/product\\\/o-jeziku-novih-m-502400b3967aa.jpg\",\"width\":420,\"height\":591,\"caption\":\"O JEZIKU NOVIH MEDIJA (KVARE LI NOVI MEDIJI SUVREMENI JEZIK?)\"},{\"@type\":\"BreadcrumbList\",\"@id\":\"https:\\\/\\\/webknjizara.hr\\\/proizvod\\\/o-jeziku-novih-medija-kvare-li-novi-mediji-suvremeni-jezik\\\/#breadcrumb\",\"itemListElement\":[{\"@type\":\"ListItem\",\"position\":1,\"name\":\"Po\u010detna stranica\",\"item\":\"https:\\\/\\\/webknjizara.hr\\\/en\\\/\"},{\"@type\":\"ListItem\",\"position\":2,\"name\":\"Shop\",\"item\":\"https:\\\/\\\/webknjizara.hr\\\/shop\\\/\"},{\"@type\":\"ListItem\",\"position\":3,\"name\":\"O JEZIKU NOVIH MEDIJA (KVARE LI NOVI MEDIJI SUVREMENI JEZIK?)\"}]},{\"@type\":\"WebSite\",\"@id\":\"https:\\\/\\\/webknjizara.hr\\\/#website\",\"url\":\"https:\\\/\\\/webknjizara.hr\\\/\",\"name\":\"Web Knji\u017eara\",\"description\":\"\",\"publisher\":{\"@id\":\"https:\\\/\\\/webknjizara.hr\\\/#organization\"},\"potentialAction\":[{\"@type\":\"SearchAction\",\"target\":{\"@type\":\"EntryPoint\",\"urlTemplate\":\"https:\\\/\\\/webknjizara.hr\\\/?s={search_term_string}\"},\"query-input\":{\"@type\":\"PropertyValueSpecification\",\"valueRequired\":true,\"valueName\":\"search_term_string\"}}],\"inLanguage\":\"en-US\"},{\"@type\":\"Organization\",\"@id\":\"https:\\\/\\\/webknjizara.hr\\\/#organization\",\"name\":\"REDAK D.O.O.\",\"url\":\"https:\\\/\\\/webknjizara.hr\\\/\",\"logo\":{\"@type\":\"ImageObject\",\"inLanguage\":\"en-US\",\"@id\":\"https:\\\/\\\/webknjizara.hr\\\/#\\\/schema\\\/logo\\\/image\\\/\",\"url\":\"https:\\\/\\\/webknjizara.hr\\\/wp-content\\\/uploads\\\/2023\\\/01\\\/web-knjizara-logo.webp\",\"contentUrl\":\"https:\\\/\\\/webknjizara.hr\\\/wp-content\\\/uploads\\\/2023\\\/01\\\/web-knjizara-logo.webp\",\"width\":324,\"height\":79,\"caption\":\"REDAK D.O.O.\"},\"image\":{\"@id\":\"https:\\\/\\\/webknjizara.hr\\\/#\\\/schema\\\/logo\\\/image\\\/\"}}]}<\/script>\n<!-- \/ Yoast SEO plugin. -->","yoast_head_json":{"title":"O JEZIKU NOVIH MEDIJA (KVARE LI NOVI MEDIJI SUVREMENI JEZIK?) - Web-knji\u017eara","robots":{"index":"index","follow":"follow","max-snippet":"max-snippet:-1","max-image-preview":"max-image-preview:large","max-video-preview":"max-video-preview:-1"},"canonical":"https:\/\/webknjizara.hr\/proizvod\/o-jeziku-novih-medija-kvare-li-novi-mediji-suvremeni-jezik\/","og_locale":"en_US","og_type":"article","og_title":"O JEZIKU NOVIH MEDIJA (KVARE LI NOVI MEDIJI SUVREMENI JEZIK?) - Web-knji\u017eara","og_description":"Bla\u017eenka Filipan-\u017digni\u0107","og_url":"https:\/\/webknjizara.hr\/proizvod\/o-jeziku-novih-medija-kvare-li-novi-mediji-suvremeni-jezik\/","og_site_name":"Web-knji\u017eara","article_modified_time":"2023-02-26T23:15:46+00:00","og_image":[{"width":420,"height":591,"url":"https:\/\/webknjizara.hr\/wp-content\/uploads\/nc\/images\/virtuemart\/product\/o-jeziku-novih-m-502400b3967aa.jpg","type":"image\/jpeg"}],"twitter_card":"summary_large_image","twitter_misc":{"Est. reading time":"3 minutes"},"schema":{"@context":"https:\/\/schema.org","@graph":[{"@type":"WebPage","@id":"https:\/\/webknjizara.hr\/proizvod\/o-jeziku-novih-medija-kvare-li-novi-mediji-suvremeni-jezik\/","url":"https:\/\/webknjizara.hr\/proizvod\/o-jeziku-novih-medija-kvare-li-novi-mediji-suvremeni-jezik\/","name":"O JEZIKU NOVIH MEDIJA (KVARE LI NOVI MEDIJI SUVREMENI JEZIK?) - Web-knji\u017eara","isPartOf":{"@id":"https:\/\/webknjizara.hr\/#website"},"primaryImageOfPage":{"@id":"https:\/\/webknjizara.hr\/proizvod\/o-jeziku-novih-medija-kvare-li-novi-mediji-suvremeni-jezik\/#primaryimage"},"image":{"@id":"https:\/\/webknjizara.hr\/proizvod\/o-jeziku-novih-medija-kvare-li-novi-mediji-suvremeni-jezik\/#primaryimage"},"thumbnailUrl":"https:\/\/webknjizara.hr\/wp-content\/uploads\/nc\/images\/virtuemart\/product\/o-jeziku-novih-m-502400b3967aa.jpg","datePublished":"2012-08-09T18:25:55+00:00","dateModified":"2023-02-26T23:15:46+00:00","breadcrumb":{"@id":"https:\/\/webknjizara.hr\/proizvod\/o-jeziku-novih-medija-kvare-li-novi-mediji-suvremeni-jezik\/#breadcrumb"},"inLanguage":"en-US","potentialAction":[{"@type":"ReadAction","target":["https:\/\/webknjizara.hr\/proizvod\/o-jeziku-novih-medija-kvare-li-novi-mediji-suvremeni-jezik\/"]}]},{"@type":"ImageObject","inLanguage":"en-US","@id":"https:\/\/webknjizara.hr\/proizvod\/o-jeziku-novih-medija-kvare-li-novi-mediji-suvremeni-jezik\/#primaryimage","url":"https:\/\/webknjizara.hr\/wp-content\/uploads\/nc\/images\/virtuemart\/product\/o-jeziku-novih-m-502400b3967aa.jpg","contentUrl":"https:\/\/webknjizara.hr\/wp-content\/uploads\/nc\/images\/virtuemart\/product\/o-jeziku-novih-m-502400b3967aa.jpg","width":420,"height":591,"caption":"O JEZIKU NOVIH MEDIJA (KVARE LI NOVI MEDIJI SUVREMENI JEZIK?)"},{"@type":"BreadcrumbList","@id":"https:\/\/webknjizara.hr\/proizvod\/o-jeziku-novih-medija-kvare-li-novi-mediji-suvremeni-jezik\/#breadcrumb","itemListElement":[{"@type":"ListItem","position":1,"name":"Po\u010detna stranica","item":"https:\/\/webknjizara.hr\/en\/"},{"@type":"ListItem","position":2,"name":"Shop","item":"https:\/\/webknjizara.hr\/shop\/"},{"@type":"ListItem","position":3,"name":"O JEZIKU NOVIH MEDIJA (KVARE LI NOVI MEDIJI SUVREMENI JEZIK?)"}]},{"@type":"WebSite","@id":"https:\/\/webknjizara.hr\/#website","url":"https:\/\/webknjizara.hr\/","name":"Web Knji\u017eara","description":"","publisher":{"@id":"https:\/\/webknjizara.hr\/#organization"},"potentialAction":[{"@type":"SearchAction","target":{"@type":"EntryPoint","urlTemplate":"https:\/\/webknjizara.hr\/?s={search_term_string}"},"query-input":{"@type":"PropertyValueSpecification","valueRequired":true,"valueName":"search_term_string"}}],"inLanguage":"en-US"},{"@type":"Organization","@id":"https:\/\/webknjizara.hr\/#organization","name":"REDAK D.O.O.","url":"https:\/\/webknjizara.hr\/","logo":{"@type":"ImageObject","inLanguage":"en-US","@id":"https:\/\/webknjizara.hr\/#\/schema\/logo\/image\/","url":"https:\/\/webknjizara.hr\/wp-content\/uploads\/2023\/01\/web-knjizara-logo.webp","contentUrl":"https:\/\/webknjizara.hr\/wp-content\/uploads\/2023\/01\/web-knjizara-logo.webp","width":324,"height":79,"caption":"REDAK D.O.O."},"image":{"@id":"https:\/\/webknjizara.hr\/#\/schema\/logo\/image\/"}}]}},"_links":{"self":[{"href":"https:\/\/webknjizara.hr\/en\/wp-json\/wp\/v2\/product\/7549","targetHints":{"allow":["GET"]}}],"collection":[{"href":"https:\/\/webknjizara.hr\/en\/wp-json\/wp\/v2\/product"}],"about":[{"href":"https:\/\/webknjizara.hr\/en\/wp-json\/wp\/v2\/types\/product"}],"replies":[{"embeddable":true,"href":"https:\/\/webknjizara.hr\/en\/wp-json\/wp\/v2\/comments?post=7549"}],"wp:featuredmedia":[{"embeddable":true,"href":"https:\/\/webknjizara.hr\/en\/wp-json\/wp\/v2\/media\/7550"}],"wp:attachment":[{"href":"https:\/\/webknjizara.hr\/en\/wp-json\/wp\/v2\/media?parent=7549"}],"wp:term":[{"taxonomy":"product_brand","embeddable":true,"href":"https:\/\/webknjizara.hr\/en\/wp-json\/wp\/v2\/product_brand?post=7549"},{"taxonomy":"product_cat","embeddable":true,"href":"https:\/\/webknjizara.hr\/en\/wp-json\/wp\/v2\/product_cat?post=7549"},{"taxonomy":"product_tag","embeddable":true,"href":"https:\/\/webknjizara.hr\/en\/wp-json\/wp\/v2\/product_tag?post=7549"}],"curies":[{"name":"wp","href":"https:\/\/api.w.org\/{rel}","templated":true}]}}