{"id":7545,"date":"2012-07-23T20:44:00","date_gmt":"2012-07-23T20:44:00","guid":{"rendered":"https:\/\/webknjizara.hr\/?product=koraci-na-odlasku-emil-gebejes"},"modified":"2023-02-27T00:15:46","modified_gmt":"2023-02-26T23:15:46","slug":"koraci-na-odlasku-emil-gebejes","status":"publish","type":"product","link":"https:\/\/webknjizara.hr\/en\/proizvod\/koraci-na-odlasku-emil-gebejes\/","title":{"rendered":"KORACI NA ODLASKU, Emil Gebeje\u0161"},"content":{"rendered":"<div style=\"text-align: justify;\"><\/div>\n<div style=\"text-align: justify;\"><strong>Sa\u017eetak:<\/strong><\/div>\n<div style=\"text-align: justify;\"><\/div>\n<div style=\"text-align: justify;\">&#8220;Koraci na odlasku&#8221; je knjiga kratkih pri\u010da na temu horora s 10 pri\u010da i jednom pjesmom koje obra\u0111uju najtamnije sobe ljudskog uma.U pri\u010dama se susre\u0107emo s ubojstvima, ludilom i nesre\u0107ama raznoraznih likova, tamnim stranama na\u0161eg postojanja i nekoliko bi\u0107a koja \u017eive u mitolo\u0161kim pri\u010dama, a ljudi su ih zaboravili i prestali vjerovati u njih.Knjiga nije za djecu.<br \/><strong><br \/>Bilje\u0161ka o autoru: <\/strong><\/div>\n<div style=\"text-align: justify;\"><\/div>\n<div style=\"text-align: justify;\">Emil Gebeje\u0161 &#8211; ro\u0111en 1991. godine u donjem Me\u0111imurju, napisao nekoliko knjiga poezije i dvije knjige kratkih pri\u010da na temu strave i horora.Ovo je prva knjiga koja je ugledala svjetlo dana.Sve knjige su posve\u0107ene izgubljenoj djevojci koju je ovaj mladi pjesnik izgubio zbog te\u0161kog opijanja i alkoholizma.<\/p>\n<p><strong>Klju\u010dne rije\u010di:<\/strong> Horor,strava,smrt,ludilo,ubojstvo<\/p>\n<p><strong>E-mail:<\/strong><a href=\"mailto:lordgeby@gmail.com\">Emil Gebeje\u0161<\/a><\/p>\n<p><strong>Naslov:<\/strong> Koraci na odlasku<br \/><strong>Autor:<\/strong> Emil Gebeje\u0161<br \/><strong>Broj stranica:<\/strong> 92<br \/><strong>Nakladnik:<\/strong> REDAK<br \/><strong>Godina izdanja:<\/strong> 2012.<br \/><strong>ISBN:<\/strong> 978-953-7595-72-2<br \/><strong>Tisak:<\/strong> digitalni tisak knjiga &#8211; print na zahtjev<\/div>\n","protected":false},"excerpt":{"rendered":"<p>Sa\u017eetak: &#8220;Koraci na odlasku&#8221; je knjiga kratkih pri\u010da na temu horora s 10 pri\u010da i jednom pjesmom koje obra\u0111uju najtamnije sobe ljudskog uma.U pri\u010dama se susre\u0107emo s ubojstvima, ludilom i nesre\u0107ama raznoraznih likova, tamnim stranama na\u0161eg postojanja i nekoliko bi\u0107a koja \u017eive u mitolo\u0161kim pri\u010dama, a ljudi su ih zaboravili i prestali vjerovati u njih.Knjiga [&hellip;]<\/p>\n","protected":false},"featured_media":7546,"comment_status":"open","ping_status":"closed","template":"","meta":{"_acf_changed":false},"product_brand":[],"product_cat":[1383,1385],"product_tag":[],"class_list":{"0":"post-7545","1":"product","2":"type-product","3":"status-publish","4":"has-post-thumbnail","6":"product_cat-knjige","7":"product_cat-knjizevnost","8":"pa_autor-emil-gebejes","9":"pa_nakladnik-redak","11":"first","12":"instock","13":"shipping-taxable","14":"purchasable","15":"product-type-simple"},"acf":[],"yoast_head":"<!-- This site is optimized with the Yoast SEO plugin v27.3 - https:\/\/yoast.com\/product\/yoast-seo-wordpress\/ -->\n<title>KORACI NA ODLASKU, Emil Gebeje\u0161 - Web-knji\u017eara<\/title>\n<meta name=\"robots\" content=\"index, follow, max-snippet:-1, max-image-preview:large, max-video-preview:-1\" \/>\n<link rel=\"canonical\" href=\"https:\/\/webknjizara.hr\/proizvod\/koraci-na-odlasku-emil-gebejes\/\" \/>\n<meta property=\"og:locale\" content=\"en_US\" \/>\n<meta property=\"og:type\" content=\"article\" \/>\n<meta property=\"og:title\" content=\"KORACI NA ODLASKU, Emil Gebeje\u0161 - Web-knji\u017eara\" \/>\n<meta property=\"og:description\" content=\"Sa\u017eetak: &#8220;Koraci na odlasku&#8221; je knjiga kratkih pri\u010da na temu horora s 10 pri\u010da i jednom pjesmom koje obra\u0111uju najtamnije sobe ljudskog uma.U pri\u010dama se susre\u0107emo s ubojstvima, ludilom i nesre\u0107ama raznoraznih likova, tamnim stranama na\u0161eg postojanja i nekoliko bi\u0107a koja \u017eive u mitolo\u0161kim pri\u010dama, a ljudi su ih zaboravili i prestali vjerovati u njih.Knjiga [&hellip;]\" \/>\n<meta property=\"og:url\" content=\"https:\/\/webknjizara.hr\/proizvod\/koraci-na-odlasku-emil-gebejes\/\" \/>\n<meta property=\"og:site_name\" content=\"Web-knji\u017eara\" \/>\n<meta property=\"article:modified_time\" content=\"2023-02-26T23:15:46+00:00\" \/>\n<meta property=\"og:image\" content=\"https:\/\/webknjizara.hr\/wp-content\/uploads\/nc\/images\/virtuemart\/product\/koraci-na-odlask-500db790d0a3c.jpg\" \/>\n\t<meta property=\"og:image:width\" content=\"423\" \/>\n\t<meta property=\"og:image:height\" content=\"600\" \/>\n\t<meta property=\"og:image:type\" content=\"image\/jpeg\" \/>\n<meta name=\"twitter:card\" content=\"summary_large_image\" \/>\n<meta name=\"twitter:label1\" content=\"Est. reading time\" \/>\n\t<meta name=\"twitter:data1\" content=\"1 minute\" \/>\n<script type=\"application\/ld+json\" class=\"yoast-schema-graph\">{\"@context\":\"https:\\\/\\\/schema.org\",\"@graph\":[{\"@type\":\"WebPage\",\"@id\":\"https:\\\/\\\/webknjizara.hr\\\/proizvod\\\/koraci-na-odlasku-emil-gebejes\\\/\",\"url\":\"https:\\\/\\\/webknjizara.hr\\\/proizvod\\\/koraci-na-odlasku-emil-gebejes\\\/\",\"name\":\"KORACI NA ODLASKU, Emil Gebeje\u0161 - Web-knji\u017eara\",\"isPartOf\":{\"@id\":\"https:\\\/\\\/webknjizara.hr\\\/#website\"},\"primaryImageOfPage\":{\"@id\":\"https:\\\/\\\/webknjizara.hr\\\/proizvod\\\/koraci-na-odlasku-emil-gebejes\\\/#primaryimage\"},\"image\":{\"@id\":\"https:\\\/\\\/webknjizara.hr\\\/proizvod\\\/koraci-na-odlasku-emil-gebejes\\\/#primaryimage\"},\"thumbnailUrl\":\"https:\\\/\\\/webknjizara.hr\\\/wp-content\\\/uploads\\\/nc\\\/images\\\/virtuemart\\\/product\\\/koraci-na-odlask-500db790d0a3c.jpg\",\"datePublished\":\"2012-07-23T20:44:00+00:00\",\"dateModified\":\"2023-02-26T23:15:46+00:00\",\"breadcrumb\":{\"@id\":\"https:\\\/\\\/webknjizara.hr\\\/proizvod\\\/koraci-na-odlasku-emil-gebejes\\\/#breadcrumb\"},\"inLanguage\":\"en-US\",\"potentialAction\":[{\"@type\":\"ReadAction\",\"target\":[\"https:\\\/\\\/webknjizara.hr\\\/proizvod\\\/koraci-na-odlasku-emil-gebejes\\\/\"]}]},{\"@type\":\"ImageObject\",\"inLanguage\":\"en-US\",\"@id\":\"https:\\\/\\\/webknjizara.hr\\\/proizvod\\\/koraci-na-odlasku-emil-gebejes\\\/#primaryimage\",\"url\":\"https:\\\/\\\/webknjizara.hr\\\/wp-content\\\/uploads\\\/nc\\\/images\\\/virtuemart\\\/product\\\/koraci-na-odlask-500db790d0a3c.jpg\",\"contentUrl\":\"https:\\\/\\\/webknjizara.hr\\\/wp-content\\\/uploads\\\/nc\\\/images\\\/virtuemart\\\/product\\\/koraci-na-odlask-500db790d0a3c.jpg\",\"width\":423,\"height\":600,\"caption\":\"KORACI NA ODLASKU, Emil Gebeje\u0161\"},{\"@type\":\"BreadcrumbList\",\"@id\":\"https:\\\/\\\/webknjizara.hr\\\/proizvod\\\/koraci-na-odlasku-emil-gebejes\\\/#breadcrumb\",\"itemListElement\":[{\"@type\":\"ListItem\",\"position\":1,\"name\":\"Po\u010detna stranica\",\"item\":\"https:\\\/\\\/webknjizara.hr\\\/en\\\/\"},{\"@type\":\"ListItem\",\"position\":2,\"name\":\"Shop\",\"item\":\"https:\\\/\\\/webknjizara.hr\\\/shop\\\/\"},{\"@type\":\"ListItem\",\"position\":3,\"name\":\"KORACI NA ODLASKU, Emil Gebeje\u0161\"}]},{\"@type\":\"WebSite\",\"@id\":\"https:\\\/\\\/webknjizara.hr\\\/#website\",\"url\":\"https:\\\/\\\/webknjizara.hr\\\/\",\"name\":\"Web Knji\u017eara\",\"description\":\"\",\"publisher\":{\"@id\":\"https:\\\/\\\/webknjizara.hr\\\/#organization\"},\"potentialAction\":[{\"@type\":\"SearchAction\",\"target\":{\"@type\":\"EntryPoint\",\"urlTemplate\":\"https:\\\/\\\/webknjizara.hr\\\/?s={search_term_string}\"},\"query-input\":{\"@type\":\"PropertyValueSpecification\",\"valueRequired\":true,\"valueName\":\"search_term_string\"}}],\"inLanguage\":\"en-US\"},{\"@type\":\"Organization\",\"@id\":\"https:\\\/\\\/webknjizara.hr\\\/#organization\",\"name\":\"REDAK D.O.O.\",\"url\":\"https:\\\/\\\/webknjizara.hr\\\/\",\"logo\":{\"@type\":\"ImageObject\",\"inLanguage\":\"en-US\",\"@id\":\"https:\\\/\\\/webknjizara.hr\\\/#\\\/schema\\\/logo\\\/image\\\/\",\"url\":\"https:\\\/\\\/webknjizara.hr\\\/wp-content\\\/uploads\\\/2023\\\/01\\\/web-knjizara-logo.webp\",\"contentUrl\":\"https:\\\/\\\/webknjizara.hr\\\/wp-content\\\/uploads\\\/2023\\\/01\\\/web-knjizara-logo.webp\",\"width\":324,\"height\":79,\"caption\":\"REDAK D.O.O.\"},\"image\":{\"@id\":\"https:\\\/\\\/webknjizara.hr\\\/#\\\/schema\\\/logo\\\/image\\\/\"}}]}<\/script>\n<!-- \/ Yoast SEO plugin. -->","yoast_head_json":{"title":"KORACI NA ODLASKU, Emil Gebeje\u0161 - Web-knji\u017eara","robots":{"index":"index","follow":"follow","max-snippet":"max-snippet:-1","max-image-preview":"max-image-preview:large","max-video-preview":"max-video-preview:-1"},"canonical":"https:\/\/webknjizara.hr\/proizvod\/koraci-na-odlasku-emil-gebejes\/","og_locale":"en_US","og_type":"article","og_title":"KORACI NA ODLASKU, Emil Gebeje\u0161 - Web-knji\u017eara","og_description":"Sa\u017eetak: &#8220;Koraci na odlasku&#8221; je knjiga kratkih pri\u010da na temu horora s 10 pri\u010da i jednom pjesmom koje obra\u0111uju najtamnije sobe ljudskog uma.U pri\u010dama se susre\u0107emo s ubojstvima, ludilom i nesre\u0107ama raznoraznih likova, tamnim stranama na\u0161eg postojanja i nekoliko bi\u0107a koja \u017eive u mitolo\u0161kim pri\u010dama, a ljudi su ih zaboravili i prestali vjerovati u njih.Knjiga [&hellip;]","og_url":"https:\/\/webknjizara.hr\/proizvod\/koraci-na-odlasku-emil-gebejes\/","og_site_name":"Web-knji\u017eara","article_modified_time":"2023-02-26T23:15:46+00:00","og_image":[{"width":423,"height":600,"url":"https:\/\/webknjizara.hr\/wp-content\/uploads\/nc\/images\/virtuemart\/product\/koraci-na-odlask-500db790d0a3c.jpg","type":"image\/jpeg"}],"twitter_card":"summary_large_image","twitter_misc":{"Est. reading time":"1 minute"},"schema":{"@context":"https:\/\/schema.org","@graph":[{"@type":"WebPage","@id":"https:\/\/webknjizara.hr\/proizvod\/koraci-na-odlasku-emil-gebejes\/","url":"https:\/\/webknjizara.hr\/proizvod\/koraci-na-odlasku-emil-gebejes\/","name":"KORACI NA ODLASKU, Emil Gebeje\u0161 - Web-knji\u017eara","isPartOf":{"@id":"https:\/\/webknjizara.hr\/#website"},"primaryImageOfPage":{"@id":"https:\/\/webknjizara.hr\/proizvod\/koraci-na-odlasku-emil-gebejes\/#primaryimage"},"image":{"@id":"https:\/\/webknjizara.hr\/proizvod\/koraci-na-odlasku-emil-gebejes\/#primaryimage"},"thumbnailUrl":"https:\/\/webknjizara.hr\/wp-content\/uploads\/nc\/images\/virtuemart\/product\/koraci-na-odlask-500db790d0a3c.jpg","datePublished":"2012-07-23T20:44:00+00:00","dateModified":"2023-02-26T23:15:46+00:00","breadcrumb":{"@id":"https:\/\/webknjizara.hr\/proizvod\/koraci-na-odlasku-emil-gebejes\/#breadcrumb"},"inLanguage":"en-US","potentialAction":[{"@type":"ReadAction","target":["https:\/\/webknjizara.hr\/proizvod\/koraci-na-odlasku-emil-gebejes\/"]}]},{"@type":"ImageObject","inLanguage":"en-US","@id":"https:\/\/webknjizara.hr\/proizvod\/koraci-na-odlasku-emil-gebejes\/#primaryimage","url":"https:\/\/webknjizara.hr\/wp-content\/uploads\/nc\/images\/virtuemart\/product\/koraci-na-odlask-500db790d0a3c.jpg","contentUrl":"https:\/\/webknjizara.hr\/wp-content\/uploads\/nc\/images\/virtuemart\/product\/koraci-na-odlask-500db790d0a3c.jpg","width":423,"height":600,"caption":"KORACI NA ODLASKU, Emil Gebeje\u0161"},{"@type":"BreadcrumbList","@id":"https:\/\/webknjizara.hr\/proizvod\/koraci-na-odlasku-emil-gebejes\/#breadcrumb","itemListElement":[{"@type":"ListItem","position":1,"name":"Po\u010detna stranica","item":"https:\/\/webknjizara.hr\/en\/"},{"@type":"ListItem","position":2,"name":"Shop","item":"https:\/\/webknjizara.hr\/shop\/"},{"@type":"ListItem","position":3,"name":"KORACI NA ODLASKU, Emil Gebeje\u0161"}]},{"@type":"WebSite","@id":"https:\/\/webknjizara.hr\/#website","url":"https:\/\/webknjizara.hr\/","name":"Web Knji\u017eara","description":"","publisher":{"@id":"https:\/\/webknjizara.hr\/#organization"},"potentialAction":[{"@type":"SearchAction","target":{"@type":"EntryPoint","urlTemplate":"https:\/\/webknjizara.hr\/?s={search_term_string}"},"query-input":{"@type":"PropertyValueSpecification","valueRequired":true,"valueName":"search_term_string"}}],"inLanguage":"en-US"},{"@type":"Organization","@id":"https:\/\/webknjizara.hr\/#organization","name":"REDAK D.O.O.","url":"https:\/\/webknjizara.hr\/","logo":{"@type":"ImageObject","inLanguage":"en-US","@id":"https:\/\/webknjizara.hr\/#\/schema\/logo\/image\/","url":"https:\/\/webknjizara.hr\/wp-content\/uploads\/2023\/01\/web-knjizara-logo.webp","contentUrl":"https:\/\/webknjizara.hr\/wp-content\/uploads\/2023\/01\/web-knjizara-logo.webp","width":324,"height":79,"caption":"REDAK D.O.O."},"image":{"@id":"https:\/\/webknjizara.hr\/#\/schema\/logo\/image\/"}}]}},"_links":{"self":[{"href":"https:\/\/webknjizara.hr\/en\/wp-json\/wp\/v2\/product\/7545","targetHints":{"allow":["GET"]}}],"collection":[{"href":"https:\/\/webknjizara.hr\/en\/wp-json\/wp\/v2\/product"}],"about":[{"href":"https:\/\/webknjizara.hr\/en\/wp-json\/wp\/v2\/types\/product"}],"replies":[{"embeddable":true,"href":"https:\/\/webknjizara.hr\/en\/wp-json\/wp\/v2\/comments?post=7545"}],"wp:featuredmedia":[{"embeddable":true,"href":"https:\/\/webknjizara.hr\/en\/wp-json\/wp\/v2\/media\/7546"}],"wp:attachment":[{"href":"https:\/\/webknjizara.hr\/en\/wp-json\/wp\/v2\/media?parent=7545"}],"wp:term":[{"taxonomy":"product_brand","embeddable":true,"href":"https:\/\/webknjizara.hr\/en\/wp-json\/wp\/v2\/product_brand?post=7545"},{"taxonomy":"product_cat","embeddable":true,"href":"https:\/\/webknjizara.hr\/en\/wp-json\/wp\/v2\/product_cat?post=7545"},{"taxonomy":"product_tag","embeddable":true,"href":"https:\/\/webknjizara.hr\/en\/wp-json\/wp\/v2\/product_tag?post=7545"}],"curies":[{"name":"wp","href":"https:\/\/api.w.org\/{rel}","templated":true}]}}