{"id":7537,"date":"2012-07-17T12:07:22","date_gmt":"2012-07-17T12:07:22","guid":{"rendered":"https:\/\/webknjizara.hr\/?product=zenski-petko-slaven-sliskovic"},"modified":"2023-02-27T00:15:44","modified_gmt":"2023-02-26T23:15:44","slug":"zenski-petko-slaven-sliskovic","status":"publish","type":"product","link":"https:\/\/webknjizara.hr\/en\/proizvod\/zenski-petko-slaven-sliskovic\/","title":{"rendered":"\u017dENSKI PETKO, Slaven Sli\u0161kovi\u0107"},"content":{"rendered":"<p style=\"text-align: justify;\">\u00a0<\/p>\n<p style=\"text-align: justify;\"><strong>Bilje\u0161ka o autoru: <\/strong><\/p>\n<p style=\"text-align: justify;\">Slaven Sli\u0161kovi\u0107 je ro\u0111en 23. svibnja 1974. godine u Splitu. Zavr\u0161io je srednju \u0161kolu u Splitu. U djetinjstvu se bavio vaterpolom u VK Jadran Split i bio \u010dlan kadetske i juniorske reprezentacije.<\/p>\n<p>Poeziju objavljuje u vi\u0161e listova i \u010dasopisa. Objavio je zbirke stihova \u201e\u0160ibe poznatih ma\u0107eha\u201c (Split, 1997.), \u201eProdavaonica lakog streljiva i opti\u010dkih ciljnika\u201c (Split, 2004.), \u201eTvoja nevinost je popularna u mojoj ulici\u201c (Split, 2006.) i dramu \u201eJelenova suza\u201c (Split, 2005.).<\/p>\n<p>Uglazbljuje svoje stihove i pjeva u grupi Mister No.<\/p>\n<p><strong>Klju\u010dne rije\u010di:<\/strong><\/p>\n<p style=\"text-align: justify;\">slaven, sli\u0161kovi\u0107, slija, \u017eenski, petko, dojava, deminer, bijelo, iva, mister, no, misterno<\/p>\n<p><strong>Link:<\/strong> <a target=\"_blank\" href=\"http:\/\/www.facebook.com\/pages\/Mister-No-Split-official\/156474477753636\" rel=\"noopener\">Mister No. Split<\/a><br \/><strong>E-mail:<\/strong> <a href=\"mailto:slaven.slija@gmail.com\">Slaven Sli\u0161kovi\u0107<\/a><\/p>\n<p><strong>Naslov:<\/strong> \u017denski petko<br \/><strong>Autor:<\/strong> Slaven Sli\u0161kovi\u0107<br \/><strong>Broj stranica:<\/strong> 120<br \/><strong>Nakladnik:<\/strong> REDAK<br \/><strong>Godina izdanja:<\/strong> 2012.<br \/><strong>ISBN:<\/strong> 978-953-336-006-5<br \/><strong>Tisak:<\/strong> digitalni tisak knjiga &#8211; print na zahtjev<\/p>\n","protected":false},"excerpt":{"rendered":"<p>\u00a0 Bilje\u0161ka o autoru: Slaven Sli\u0161kovi\u0107 je ro\u0111en 23. svibnja 1974. godine u Splitu. Zavr\u0161io je srednju \u0161kolu u Splitu. U djetinjstvu se bavio vaterpolom u VK Jadran Split i bio \u010dlan kadetske i juniorske reprezentacije. Poeziju objavljuje u vi\u0161e listova i \u010dasopisa. Objavio je zbirke stihova \u201e\u0160ibe poznatih ma\u0107eha\u201c (Split, 1997.), \u201eProdavaonica lakog streljiva [&hellip;]<\/p>\n","protected":false},"featured_media":7538,"comment_status":"open","ping_status":"closed","template":"","meta":{"_acf_changed":false},"product_brand":[],"product_cat":[1383,1385,1388],"product_tag":[],"class_list":{"0":"post-7537","1":"product","2":"type-product","3":"status-publish","4":"has-post-thumbnail","6":"product_cat-knjige","7":"product_cat-knjizevnost","8":"product_cat-poezija","9":"pa_autor-slaven-sliskovic","10":"pa_nakladnik-redak","12":"first","13":"instock","14":"shipping-taxable","15":"purchasable","16":"product-type-simple"},"acf":[],"yoast_head":"<!-- This site is optimized with the Yoast SEO plugin v27.3 - https:\/\/yoast.com\/product\/yoast-seo-wordpress\/ -->\n<title>\u017dENSKI PETKO, Slaven Sli\u0161kovi\u0107 - Web-knji\u017eara<\/title>\n<meta name=\"robots\" content=\"index, follow, max-snippet:-1, max-image-preview:large, max-video-preview:-1\" \/>\n<link rel=\"canonical\" href=\"https:\/\/webknjizara.hr\/proizvod\/zenski-petko-slaven-sliskovic\/\" \/>\n<meta property=\"og:locale\" content=\"en_US\" \/>\n<meta property=\"og:type\" content=\"article\" \/>\n<meta property=\"og:title\" content=\"\u017dENSKI PETKO, Slaven Sli\u0161kovi\u0107 - Web-knji\u017eara\" \/>\n<meta property=\"og:description\" content=\"\u00a0 Bilje\u0161ka o autoru: Slaven Sli\u0161kovi\u0107 je ro\u0111en 23. svibnja 1974. godine u Splitu. Zavr\u0161io je srednju \u0161kolu u Splitu. U djetinjstvu se bavio vaterpolom u VK Jadran Split i bio \u010dlan kadetske i juniorske reprezentacije. Poeziju objavljuje u vi\u0161e listova i \u010dasopisa. Objavio je zbirke stihova \u201e\u0160ibe poznatih ma\u0107eha\u201c (Split, 1997.), \u201eProdavaonica lakog streljiva [&hellip;]\" \/>\n<meta property=\"og:url\" content=\"https:\/\/webknjizara.hr\/proizvod\/zenski-petko-slaven-sliskovic\/\" \/>\n<meta property=\"og:site_name\" content=\"Web-knji\u017eara\" \/>\n<meta property=\"article:modified_time\" content=\"2023-02-26T23:15:44+00:00\" \/>\n<meta property=\"og:image\" content=\"https:\/\/webknjizara.hr\/wp-content\/uploads\/nc\/images\/virtuemart\/product\/enski-petko-s-5005557aee307.jpg\" \/>\n\t<meta property=\"og:image:width\" content=\"404\" \/>\n\t<meta property=\"og:image:height\" content=\"600\" \/>\n\t<meta property=\"og:image:type\" content=\"image\/jpeg\" \/>\n<meta name=\"twitter:card\" content=\"summary_large_image\" \/>\n<meta name=\"twitter:label1\" content=\"Est. reading time\" \/>\n\t<meta name=\"twitter:data1\" content=\"1 minute\" \/>\n<script type=\"application\/ld+json\" class=\"yoast-schema-graph\">{\"@context\":\"https:\\\/\\\/schema.org\",\"@graph\":[{\"@type\":\"WebPage\",\"@id\":\"https:\\\/\\\/webknjizara.hr\\\/proizvod\\\/zenski-petko-slaven-sliskovic\\\/\",\"url\":\"https:\\\/\\\/webknjizara.hr\\\/proizvod\\\/zenski-petko-slaven-sliskovic\\\/\",\"name\":\"\u017dENSKI PETKO, Slaven Sli\u0161kovi\u0107 - Web-knji\u017eara\",\"isPartOf\":{\"@id\":\"https:\\\/\\\/webknjizara.hr\\\/#website\"},\"primaryImageOfPage\":{\"@id\":\"https:\\\/\\\/webknjizara.hr\\\/proizvod\\\/zenski-petko-slaven-sliskovic\\\/#primaryimage\"},\"image\":{\"@id\":\"https:\\\/\\\/webknjizara.hr\\\/proizvod\\\/zenski-petko-slaven-sliskovic\\\/#primaryimage\"},\"thumbnailUrl\":\"https:\\\/\\\/webknjizara.hr\\\/wp-content\\\/uploads\\\/nc\\\/images\\\/virtuemart\\\/product\\\/enski-petko-s-5005557aee307.jpg\",\"datePublished\":\"2012-07-17T12:07:22+00:00\",\"dateModified\":\"2023-02-26T23:15:44+00:00\",\"breadcrumb\":{\"@id\":\"https:\\\/\\\/webknjizara.hr\\\/proizvod\\\/zenski-petko-slaven-sliskovic\\\/#breadcrumb\"},\"inLanguage\":\"en-US\",\"potentialAction\":[{\"@type\":\"ReadAction\",\"target\":[\"https:\\\/\\\/webknjizara.hr\\\/proizvod\\\/zenski-petko-slaven-sliskovic\\\/\"]}]},{\"@type\":\"ImageObject\",\"inLanguage\":\"en-US\",\"@id\":\"https:\\\/\\\/webknjizara.hr\\\/proizvod\\\/zenski-petko-slaven-sliskovic\\\/#primaryimage\",\"url\":\"https:\\\/\\\/webknjizara.hr\\\/wp-content\\\/uploads\\\/nc\\\/images\\\/virtuemart\\\/product\\\/enski-petko-s-5005557aee307.jpg\",\"contentUrl\":\"https:\\\/\\\/webknjizara.hr\\\/wp-content\\\/uploads\\\/nc\\\/images\\\/virtuemart\\\/product\\\/enski-petko-s-5005557aee307.jpg\",\"width\":404,\"height\":600,\"caption\":\"\u017dENSKI PETKO, Slaven Sli\u0161kovi\u0107\"},{\"@type\":\"BreadcrumbList\",\"@id\":\"https:\\\/\\\/webknjizara.hr\\\/proizvod\\\/zenski-petko-slaven-sliskovic\\\/#breadcrumb\",\"itemListElement\":[{\"@type\":\"ListItem\",\"position\":1,\"name\":\"Po\u010detna stranica\",\"item\":\"https:\\\/\\\/webknjizara.hr\\\/en\\\/\"},{\"@type\":\"ListItem\",\"position\":2,\"name\":\"Shop\",\"item\":\"https:\\\/\\\/webknjizara.hr\\\/shop\\\/\"},{\"@type\":\"ListItem\",\"position\":3,\"name\":\"\u017dENSKI PETKO, Slaven Sli\u0161kovi\u0107\"}]},{\"@type\":\"WebSite\",\"@id\":\"https:\\\/\\\/webknjizara.hr\\\/#website\",\"url\":\"https:\\\/\\\/webknjizara.hr\\\/\",\"name\":\"Web Knji\u017eara\",\"description\":\"\",\"publisher\":{\"@id\":\"https:\\\/\\\/webknjizara.hr\\\/#organization\"},\"potentialAction\":[{\"@type\":\"SearchAction\",\"target\":{\"@type\":\"EntryPoint\",\"urlTemplate\":\"https:\\\/\\\/webknjizara.hr\\\/?s={search_term_string}\"},\"query-input\":{\"@type\":\"PropertyValueSpecification\",\"valueRequired\":true,\"valueName\":\"search_term_string\"}}],\"inLanguage\":\"en-US\"},{\"@type\":\"Organization\",\"@id\":\"https:\\\/\\\/webknjizara.hr\\\/#organization\",\"name\":\"REDAK D.O.O.\",\"url\":\"https:\\\/\\\/webknjizara.hr\\\/\",\"logo\":{\"@type\":\"ImageObject\",\"inLanguage\":\"en-US\",\"@id\":\"https:\\\/\\\/webknjizara.hr\\\/#\\\/schema\\\/logo\\\/image\\\/\",\"url\":\"https:\\\/\\\/webknjizara.hr\\\/wp-content\\\/uploads\\\/2023\\\/01\\\/web-knjizara-logo.webp\",\"contentUrl\":\"https:\\\/\\\/webknjizara.hr\\\/wp-content\\\/uploads\\\/2023\\\/01\\\/web-knjizara-logo.webp\",\"width\":324,\"height\":79,\"caption\":\"REDAK D.O.O.\"},\"image\":{\"@id\":\"https:\\\/\\\/webknjizara.hr\\\/#\\\/schema\\\/logo\\\/image\\\/\"}}]}<\/script>\n<!-- \/ Yoast SEO plugin. -->","yoast_head_json":{"title":"\u017dENSKI PETKO, Slaven Sli\u0161kovi\u0107 - Web-knji\u017eara","robots":{"index":"index","follow":"follow","max-snippet":"max-snippet:-1","max-image-preview":"max-image-preview:large","max-video-preview":"max-video-preview:-1"},"canonical":"https:\/\/webknjizara.hr\/proizvod\/zenski-petko-slaven-sliskovic\/","og_locale":"en_US","og_type":"article","og_title":"\u017dENSKI PETKO, Slaven Sli\u0161kovi\u0107 - Web-knji\u017eara","og_description":"\u00a0 Bilje\u0161ka o autoru: Slaven Sli\u0161kovi\u0107 je ro\u0111en 23. svibnja 1974. godine u Splitu. Zavr\u0161io je srednju \u0161kolu u Splitu. U djetinjstvu se bavio vaterpolom u VK Jadran Split i bio \u010dlan kadetske i juniorske reprezentacije. Poeziju objavljuje u vi\u0161e listova i \u010dasopisa. Objavio je zbirke stihova \u201e\u0160ibe poznatih ma\u0107eha\u201c (Split, 1997.), \u201eProdavaonica lakog streljiva [&hellip;]","og_url":"https:\/\/webknjizara.hr\/proizvod\/zenski-petko-slaven-sliskovic\/","og_site_name":"Web-knji\u017eara","article_modified_time":"2023-02-26T23:15:44+00:00","og_image":[{"width":404,"height":600,"url":"https:\/\/webknjizara.hr\/wp-content\/uploads\/nc\/images\/virtuemart\/product\/enski-petko-s-5005557aee307.jpg","type":"image\/jpeg"}],"twitter_card":"summary_large_image","twitter_misc":{"Est. reading time":"1 minute"},"schema":{"@context":"https:\/\/schema.org","@graph":[{"@type":"WebPage","@id":"https:\/\/webknjizara.hr\/proizvod\/zenski-petko-slaven-sliskovic\/","url":"https:\/\/webknjizara.hr\/proizvod\/zenski-petko-slaven-sliskovic\/","name":"\u017dENSKI PETKO, Slaven Sli\u0161kovi\u0107 - Web-knji\u017eara","isPartOf":{"@id":"https:\/\/webknjizara.hr\/#website"},"primaryImageOfPage":{"@id":"https:\/\/webknjizara.hr\/proizvod\/zenski-petko-slaven-sliskovic\/#primaryimage"},"image":{"@id":"https:\/\/webknjizara.hr\/proizvod\/zenski-petko-slaven-sliskovic\/#primaryimage"},"thumbnailUrl":"https:\/\/webknjizara.hr\/wp-content\/uploads\/nc\/images\/virtuemart\/product\/enski-petko-s-5005557aee307.jpg","datePublished":"2012-07-17T12:07:22+00:00","dateModified":"2023-02-26T23:15:44+00:00","breadcrumb":{"@id":"https:\/\/webknjizara.hr\/proizvod\/zenski-petko-slaven-sliskovic\/#breadcrumb"},"inLanguage":"en-US","potentialAction":[{"@type":"ReadAction","target":["https:\/\/webknjizara.hr\/proizvod\/zenski-petko-slaven-sliskovic\/"]}]},{"@type":"ImageObject","inLanguage":"en-US","@id":"https:\/\/webknjizara.hr\/proizvod\/zenski-petko-slaven-sliskovic\/#primaryimage","url":"https:\/\/webknjizara.hr\/wp-content\/uploads\/nc\/images\/virtuemart\/product\/enski-petko-s-5005557aee307.jpg","contentUrl":"https:\/\/webknjizara.hr\/wp-content\/uploads\/nc\/images\/virtuemart\/product\/enski-petko-s-5005557aee307.jpg","width":404,"height":600,"caption":"\u017dENSKI PETKO, Slaven Sli\u0161kovi\u0107"},{"@type":"BreadcrumbList","@id":"https:\/\/webknjizara.hr\/proizvod\/zenski-petko-slaven-sliskovic\/#breadcrumb","itemListElement":[{"@type":"ListItem","position":1,"name":"Po\u010detna stranica","item":"https:\/\/webknjizara.hr\/en\/"},{"@type":"ListItem","position":2,"name":"Shop","item":"https:\/\/webknjizara.hr\/shop\/"},{"@type":"ListItem","position":3,"name":"\u017dENSKI PETKO, Slaven Sli\u0161kovi\u0107"}]},{"@type":"WebSite","@id":"https:\/\/webknjizara.hr\/#website","url":"https:\/\/webknjizara.hr\/","name":"Web Knji\u017eara","description":"","publisher":{"@id":"https:\/\/webknjizara.hr\/#organization"},"potentialAction":[{"@type":"SearchAction","target":{"@type":"EntryPoint","urlTemplate":"https:\/\/webknjizara.hr\/?s={search_term_string}"},"query-input":{"@type":"PropertyValueSpecification","valueRequired":true,"valueName":"search_term_string"}}],"inLanguage":"en-US"},{"@type":"Organization","@id":"https:\/\/webknjizara.hr\/#organization","name":"REDAK D.O.O.","url":"https:\/\/webknjizara.hr\/","logo":{"@type":"ImageObject","inLanguage":"en-US","@id":"https:\/\/webknjizara.hr\/#\/schema\/logo\/image\/","url":"https:\/\/webknjizara.hr\/wp-content\/uploads\/2023\/01\/web-knjizara-logo.webp","contentUrl":"https:\/\/webknjizara.hr\/wp-content\/uploads\/2023\/01\/web-knjizara-logo.webp","width":324,"height":79,"caption":"REDAK D.O.O."},"image":{"@id":"https:\/\/webknjizara.hr\/#\/schema\/logo\/image\/"}}]}},"_links":{"self":[{"href":"https:\/\/webknjizara.hr\/en\/wp-json\/wp\/v2\/product\/7537","targetHints":{"allow":["GET"]}}],"collection":[{"href":"https:\/\/webknjizara.hr\/en\/wp-json\/wp\/v2\/product"}],"about":[{"href":"https:\/\/webknjizara.hr\/en\/wp-json\/wp\/v2\/types\/product"}],"replies":[{"embeddable":true,"href":"https:\/\/webknjizara.hr\/en\/wp-json\/wp\/v2\/comments?post=7537"}],"wp:featuredmedia":[{"embeddable":true,"href":"https:\/\/webknjizara.hr\/en\/wp-json\/wp\/v2\/media\/7538"}],"wp:attachment":[{"href":"https:\/\/webknjizara.hr\/en\/wp-json\/wp\/v2\/media?parent=7537"}],"wp:term":[{"taxonomy":"product_brand","embeddable":true,"href":"https:\/\/webknjizara.hr\/en\/wp-json\/wp\/v2\/product_brand?post=7537"},{"taxonomy":"product_cat","embeddable":true,"href":"https:\/\/webknjizara.hr\/en\/wp-json\/wp\/v2\/product_cat?post=7537"},{"taxonomy":"product_tag","embeddable":true,"href":"https:\/\/webknjizara.hr\/en\/wp-json\/wp\/v2\/product_tag?post=7537"}],"curies":[{"name":"wp","href":"https:\/\/api.w.org\/{rel}","templated":true}]}}