{"id":7531,"date":"2012-07-13T16:25:12","date_gmt":"2012-07-13T16:25:12","guid":{"rendered":"https:\/\/webknjizara.hr\/?product=gdje-ljubav-stanuje-tu-se-pjesma-cuje-jakov-sosic"},"modified":"2023-02-27T00:15:44","modified_gmt":"2023-02-26T23:15:44","slug":"gdje-ljubav-stanuje-tu-se-pjesma-cuje-jakov-sosic","status":"publish","type":"product","link":"https:\/\/webknjizara.hr\/en\/proizvod\/gdje-ljubav-stanuje-tu-se-pjesma-cuje-jakov-sosic\/","title":{"rendered":"GDJE LJUBAV STANUJE, TU SE PJESMA \u010cUJE, Jakov \u0160o\u0161i\u0107"},"content":{"rendered":"<div style=\"text-align: justify;\"><\/div>\n<div style=\"text-align: justify;\"><strong>Klju\u010dne rije\u010di: <\/strong>Gdje ljubav stanuje, tu se pjesma \u010duje.<\/p>\n<p><strong>Naslov:<\/strong> Gdje ljubav stanuje, tu se pjesma \u010duje<br \/><strong>Autor:<\/strong> Jakov \u0160o\u0161i\u0107<br \/><strong>Broj stranica:<\/strong> 208<br \/><strong>Nakladnik:<\/strong> REDAK<br \/><strong>Godina izdanja:<\/strong> 2012.<br \/><strong>ISBN:<\/strong> 978-953-336-001-0<br \/><strong>Tisak:<\/strong> digitalni tisak knjiga &#8211; print na zahtjev<\/div>\n","protected":false},"excerpt":{"rendered":"<p>Klju\u010dne rije\u010di: Gdje ljubav stanuje, tu se pjesma \u010duje. Naslov: Gdje ljubav stanuje, tu se pjesma \u010dujeAutor: Jakov \u0160o\u0161i\u0107Broj stranica: 208Nakladnik: REDAKGodina izdanja: 2012.ISBN: 978-953-336-001-0Tisak: digitalni tisak knjiga &#8211; print na zahtjev<\/p>\n","protected":false},"featured_media":7532,"comment_status":"open","ping_status":"closed","template":"","meta":{"_acf_changed":false},"product_brand":[],"product_cat":[1383,1385,1388],"product_tag":[],"class_list":{"0":"post-7531","1":"product","2":"type-product","3":"status-publish","4":"has-post-thumbnail","6":"product_cat-knjige","7":"product_cat-knjizevnost","8":"product_cat-poezija","9":"pa_autor-jakov-sosic","10":"pa_nakladnik-redak","12":"first","13":"instock","14":"shipping-taxable","15":"purchasable","16":"product-type-simple"},"acf":[],"yoast_head":"<!-- This site is optimized with the Yoast SEO plugin v27.3 - https:\/\/yoast.com\/product\/yoast-seo-wordpress\/ -->\n<title>GDJE LJUBAV STANUJE, TU SE PJESMA \u010cUJE, Jakov \u0160o\u0161i\u0107 - Web-knji\u017eara<\/title>\n<meta name=\"robots\" content=\"index, follow, max-snippet:-1, max-image-preview:large, max-video-preview:-1\" \/>\n<link rel=\"canonical\" href=\"https:\/\/webknjizara.hr\/proizvod\/gdje-ljubav-stanuje-tu-se-pjesma-cuje-jakov-sosic\/\" \/>\n<meta property=\"og:locale\" content=\"en_US\" \/>\n<meta property=\"og:type\" content=\"article\" \/>\n<meta property=\"og:title\" content=\"GDJE LJUBAV STANUJE, TU SE PJESMA \u010cUJE, Jakov \u0160o\u0161i\u0107 - Web-knji\u017eara\" \/>\n<meta property=\"og:description\" content=\"Klju\u010dne rije\u010di: Gdje ljubav stanuje, tu se pjesma \u010duje. Naslov: Gdje ljubav stanuje, tu se pjesma \u010dujeAutor: Jakov \u0160o\u0161i\u0107Broj stranica: 208Nakladnik: REDAKGodina izdanja: 2012.ISBN: 978-953-336-001-0Tisak: digitalni tisak knjiga &#8211; print na zahtjev\" \/>\n<meta property=\"og:url\" content=\"https:\/\/webknjizara.hr\/proizvod\/gdje-ljubav-stanuje-tu-se-pjesma-cuje-jakov-sosic\/\" \/>\n<meta property=\"og:site_name\" content=\"Web-knji\u017eara\" \/>\n<meta property=\"article:modified_time\" content=\"2023-02-26T23:15:44+00:00\" \/>\n<meta property=\"og:image\" content=\"https:\/\/webknjizara.hr\/wp-content\/uploads\/nc\/images\/virtuemart\/product\/gdje-ljubav-stan-50004be8c3f20.jpg\" \/>\n\t<meta property=\"og:image:width\" content=\"339\" \/>\n\t<meta property=\"og:image:height\" content=\"500\" \/>\n\t<meta property=\"og:image:type\" content=\"image\/jpeg\" \/>\n<meta name=\"twitter:card\" content=\"summary_large_image\" \/>\n<script type=\"application\/ld+json\" class=\"yoast-schema-graph\">{\"@context\":\"https:\\\/\\\/schema.org\",\"@graph\":[{\"@type\":\"WebPage\",\"@id\":\"https:\\\/\\\/webknjizara.hr\\\/proizvod\\\/gdje-ljubav-stanuje-tu-se-pjesma-cuje-jakov-sosic\\\/\",\"url\":\"https:\\\/\\\/webknjizara.hr\\\/proizvod\\\/gdje-ljubav-stanuje-tu-se-pjesma-cuje-jakov-sosic\\\/\",\"name\":\"GDJE LJUBAV STANUJE, TU SE PJESMA \u010cUJE, Jakov \u0160o\u0161i\u0107 - Web-knji\u017eara\",\"isPartOf\":{\"@id\":\"https:\\\/\\\/webknjizara.hr\\\/#website\"},\"primaryImageOfPage\":{\"@id\":\"https:\\\/\\\/webknjizara.hr\\\/proizvod\\\/gdje-ljubav-stanuje-tu-se-pjesma-cuje-jakov-sosic\\\/#primaryimage\"},\"image\":{\"@id\":\"https:\\\/\\\/webknjizara.hr\\\/proizvod\\\/gdje-ljubav-stanuje-tu-se-pjesma-cuje-jakov-sosic\\\/#primaryimage\"},\"thumbnailUrl\":\"https:\\\/\\\/webknjizara.hr\\\/wp-content\\\/uploads\\\/nc\\\/images\\\/virtuemart\\\/product\\\/gdje-ljubav-stan-50004be8c3f20.jpg\",\"datePublished\":\"2012-07-13T16:25:12+00:00\",\"dateModified\":\"2023-02-26T23:15:44+00:00\",\"breadcrumb\":{\"@id\":\"https:\\\/\\\/webknjizara.hr\\\/proizvod\\\/gdje-ljubav-stanuje-tu-se-pjesma-cuje-jakov-sosic\\\/#breadcrumb\"},\"inLanguage\":\"en-US\",\"potentialAction\":[{\"@type\":\"ReadAction\",\"target\":[\"https:\\\/\\\/webknjizara.hr\\\/proizvod\\\/gdje-ljubav-stanuje-tu-se-pjesma-cuje-jakov-sosic\\\/\"]}]},{\"@type\":\"ImageObject\",\"inLanguage\":\"en-US\",\"@id\":\"https:\\\/\\\/webknjizara.hr\\\/proizvod\\\/gdje-ljubav-stanuje-tu-se-pjesma-cuje-jakov-sosic\\\/#primaryimage\",\"url\":\"https:\\\/\\\/webknjizara.hr\\\/wp-content\\\/uploads\\\/nc\\\/images\\\/virtuemart\\\/product\\\/gdje-ljubav-stan-50004be8c3f20.jpg\",\"contentUrl\":\"https:\\\/\\\/webknjizara.hr\\\/wp-content\\\/uploads\\\/nc\\\/images\\\/virtuemart\\\/product\\\/gdje-ljubav-stan-50004be8c3f20.jpg\",\"width\":339,\"height\":500,\"caption\":\"GDJE LJUBAV STANUJE, TU SE PJESMA \u010cUJE, Jakov \u0160o\u0161i\u0107\"},{\"@type\":\"BreadcrumbList\",\"@id\":\"https:\\\/\\\/webknjizara.hr\\\/proizvod\\\/gdje-ljubav-stanuje-tu-se-pjesma-cuje-jakov-sosic\\\/#breadcrumb\",\"itemListElement\":[{\"@type\":\"ListItem\",\"position\":1,\"name\":\"Po\u010detna stranica\",\"item\":\"https:\\\/\\\/webknjizara.hr\\\/en\\\/\"},{\"@type\":\"ListItem\",\"position\":2,\"name\":\"Shop\",\"item\":\"https:\\\/\\\/webknjizara.hr\\\/shop\\\/\"},{\"@type\":\"ListItem\",\"position\":3,\"name\":\"GDJE LJUBAV STANUJE, TU SE PJESMA \u010cUJE, Jakov \u0160o\u0161i\u0107\"}]},{\"@type\":\"WebSite\",\"@id\":\"https:\\\/\\\/webknjizara.hr\\\/#website\",\"url\":\"https:\\\/\\\/webknjizara.hr\\\/\",\"name\":\"Web Knji\u017eara\",\"description\":\"\",\"publisher\":{\"@id\":\"https:\\\/\\\/webknjizara.hr\\\/#organization\"},\"potentialAction\":[{\"@type\":\"SearchAction\",\"target\":{\"@type\":\"EntryPoint\",\"urlTemplate\":\"https:\\\/\\\/webknjizara.hr\\\/?s={search_term_string}\"},\"query-input\":{\"@type\":\"PropertyValueSpecification\",\"valueRequired\":true,\"valueName\":\"search_term_string\"}}],\"inLanguage\":\"en-US\"},{\"@type\":\"Organization\",\"@id\":\"https:\\\/\\\/webknjizara.hr\\\/#organization\",\"name\":\"REDAK D.O.O.\",\"url\":\"https:\\\/\\\/webknjizara.hr\\\/\",\"logo\":{\"@type\":\"ImageObject\",\"inLanguage\":\"en-US\",\"@id\":\"https:\\\/\\\/webknjizara.hr\\\/#\\\/schema\\\/logo\\\/image\\\/\",\"url\":\"https:\\\/\\\/webknjizara.hr\\\/wp-content\\\/uploads\\\/2023\\\/01\\\/web-knjizara-logo.webp\",\"contentUrl\":\"https:\\\/\\\/webknjizara.hr\\\/wp-content\\\/uploads\\\/2023\\\/01\\\/web-knjizara-logo.webp\",\"width\":324,\"height\":79,\"caption\":\"REDAK D.O.O.\"},\"image\":{\"@id\":\"https:\\\/\\\/webknjizara.hr\\\/#\\\/schema\\\/logo\\\/image\\\/\"}}]}<\/script>\n<!-- \/ Yoast SEO plugin. -->","yoast_head_json":{"title":"GDJE LJUBAV STANUJE, TU SE PJESMA \u010cUJE, Jakov \u0160o\u0161i\u0107 - Web-knji\u017eara","robots":{"index":"index","follow":"follow","max-snippet":"max-snippet:-1","max-image-preview":"max-image-preview:large","max-video-preview":"max-video-preview:-1"},"canonical":"https:\/\/webknjizara.hr\/proizvod\/gdje-ljubav-stanuje-tu-se-pjesma-cuje-jakov-sosic\/","og_locale":"en_US","og_type":"article","og_title":"GDJE LJUBAV STANUJE, TU SE PJESMA \u010cUJE, Jakov \u0160o\u0161i\u0107 - Web-knji\u017eara","og_description":"Klju\u010dne rije\u010di: Gdje ljubav stanuje, tu se pjesma \u010duje. Naslov: Gdje ljubav stanuje, tu se pjesma \u010dujeAutor: Jakov \u0160o\u0161i\u0107Broj stranica: 208Nakladnik: REDAKGodina izdanja: 2012.ISBN: 978-953-336-001-0Tisak: digitalni tisak knjiga &#8211; print na zahtjev","og_url":"https:\/\/webknjizara.hr\/proizvod\/gdje-ljubav-stanuje-tu-se-pjesma-cuje-jakov-sosic\/","og_site_name":"Web-knji\u017eara","article_modified_time":"2023-02-26T23:15:44+00:00","og_image":[{"width":339,"height":500,"url":"https:\/\/webknjizara.hr\/wp-content\/uploads\/nc\/images\/virtuemart\/product\/gdje-ljubav-stan-50004be8c3f20.jpg","type":"image\/jpeg"}],"twitter_card":"summary_large_image","schema":{"@context":"https:\/\/schema.org","@graph":[{"@type":"WebPage","@id":"https:\/\/webknjizara.hr\/proizvod\/gdje-ljubav-stanuje-tu-se-pjesma-cuje-jakov-sosic\/","url":"https:\/\/webknjizara.hr\/proizvod\/gdje-ljubav-stanuje-tu-se-pjesma-cuje-jakov-sosic\/","name":"GDJE LJUBAV STANUJE, TU SE PJESMA \u010cUJE, Jakov \u0160o\u0161i\u0107 - Web-knji\u017eara","isPartOf":{"@id":"https:\/\/webknjizara.hr\/#website"},"primaryImageOfPage":{"@id":"https:\/\/webknjizara.hr\/proizvod\/gdje-ljubav-stanuje-tu-se-pjesma-cuje-jakov-sosic\/#primaryimage"},"image":{"@id":"https:\/\/webknjizara.hr\/proizvod\/gdje-ljubav-stanuje-tu-se-pjesma-cuje-jakov-sosic\/#primaryimage"},"thumbnailUrl":"https:\/\/webknjizara.hr\/wp-content\/uploads\/nc\/images\/virtuemart\/product\/gdje-ljubav-stan-50004be8c3f20.jpg","datePublished":"2012-07-13T16:25:12+00:00","dateModified":"2023-02-26T23:15:44+00:00","breadcrumb":{"@id":"https:\/\/webknjizara.hr\/proizvod\/gdje-ljubav-stanuje-tu-se-pjesma-cuje-jakov-sosic\/#breadcrumb"},"inLanguage":"en-US","potentialAction":[{"@type":"ReadAction","target":["https:\/\/webknjizara.hr\/proizvod\/gdje-ljubav-stanuje-tu-se-pjesma-cuje-jakov-sosic\/"]}]},{"@type":"ImageObject","inLanguage":"en-US","@id":"https:\/\/webknjizara.hr\/proizvod\/gdje-ljubav-stanuje-tu-se-pjesma-cuje-jakov-sosic\/#primaryimage","url":"https:\/\/webknjizara.hr\/wp-content\/uploads\/nc\/images\/virtuemart\/product\/gdje-ljubav-stan-50004be8c3f20.jpg","contentUrl":"https:\/\/webknjizara.hr\/wp-content\/uploads\/nc\/images\/virtuemart\/product\/gdje-ljubav-stan-50004be8c3f20.jpg","width":339,"height":500,"caption":"GDJE LJUBAV STANUJE, TU SE PJESMA \u010cUJE, Jakov \u0160o\u0161i\u0107"},{"@type":"BreadcrumbList","@id":"https:\/\/webknjizara.hr\/proizvod\/gdje-ljubav-stanuje-tu-se-pjesma-cuje-jakov-sosic\/#breadcrumb","itemListElement":[{"@type":"ListItem","position":1,"name":"Po\u010detna stranica","item":"https:\/\/webknjizara.hr\/en\/"},{"@type":"ListItem","position":2,"name":"Shop","item":"https:\/\/webknjizara.hr\/shop\/"},{"@type":"ListItem","position":3,"name":"GDJE LJUBAV STANUJE, TU SE PJESMA \u010cUJE, Jakov \u0160o\u0161i\u0107"}]},{"@type":"WebSite","@id":"https:\/\/webknjizara.hr\/#website","url":"https:\/\/webknjizara.hr\/","name":"Web Knji\u017eara","description":"","publisher":{"@id":"https:\/\/webknjizara.hr\/#organization"},"potentialAction":[{"@type":"SearchAction","target":{"@type":"EntryPoint","urlTemplate":"https:\/\/webknjizara.hr\/?s={search_term_string}"},"query-input":{"@type":"PropertyValueSpecification","valueRequired":true,"valueName":"search_term_string"}}],"inLanguage":"en-US"},{"@type":"Organization","@id":"https:\/\/webknjizara.hr\/#organization","name":"REDAK D.O.O.","url":"https:\/\/webknjizara.hr\/","logo":{"@type":"ImageObject","inLanguage":"en-US","@id":"https:\/\/webknjizara.hr\/#\/schema\/logo\/image\/","url":"https:\/\/webknjizara.hr\/wp-content\/uploads\/2023\/01\/web-knjizara-logo.webp","contentUrl":"https:\/\/webknjizara.hr\/wp-content\/uploads\/2023\/01\/web-knjizara-logo.webp","width":324,"height":79,"caption":"REDAK D.O.O."},"image":{"@id":"https:\/\/webknjizara.hr\/#\/schema\/logo\/image\/"}}]}},"_links":{"self":[{"href":"https:\/\/webknjizara.hr\/en\/wp-json\/wp\/v2\/product\/7531","targetHints":{"allow":["GET"]}}],"collection":[{"href":"https:\/\/webknjizara.hr\/en\/wp-json\/wp\/v2\/product"}],"about":[{"href":"https:\/\/webknjizara.hr\/en\/wp-json\/wp\/v2\/types\/product"}],"replies":[{"embeddable":true,"href":"https:\/\/webknjizara.hr\/en\/wp-json\/wp\/v2\/comments?post=7531"}],"wp:featuredmedia":[{"embeddable":true,"href":"https:\/\/webknjizara.hr\/en\/wp-json\/wp\/v2\/media\/7532"}],"wp:attachment":[{"href":"https:\/\/webknjizara.hr\/en\/wp-json\/wp\/v2\/media?parent=7531"}],"wp:term":[{"taxonomy":"product_brand","embeddable":true,"href":"https:\/\/webknjizara.hr\/en\/wp-json\/wp\/v2\/product_brand?post=7531"},{"taxonomy":"product_cat","embeddable":true,"href":"https:\/\/webknjizara.hr\/en\/wp-json\/wp\/v2\/product_cat?post=7531"},{"taxonomy":"product_tag","embeddable":true,"href":"https:\/\/webknjizara.hr\/en\/wp-json\/wp\/v2\/product_tag?post=7531"}],"curies":[{"name":"wp","href":"https:\/\/api.w.org\/{rel}","templated":true}]}}